{"id":23098,"date":"2026-02-20T11:27:41","date_gmt":"2026-02-20T09:27:41","guid":{"rendered":"https:\/\/skaitytaknyga.lt\/?post_type=product&#038;p=23098"},"modified":"2026-02-25T18:58:35","modified_gmt":"2026-02-25T16:58:35","slug":"1984-ieji","status":"publish","type":"product","link":"https:\/\/skaitytaknyga.lt\/en\/produktas\/1984-ieji\/","title":{"rendered":"1984-ieji"},"content":{"rendered":"<p>Pasisl\u0117p\u0119s pakrikos Teisyb\u0117s ministerijos Registr\u0173 skyriuje Vinstonas Smitas sumaniai perra\u0161in\u0117ja praeit\u012f, kad ji atitikt\u0173 Partijos poreikius. Ta\u010diau giliai \u0161irdyje jis prie\u0161inasi totalitariniam pasauliui, kuriame gyvena, pasauliui, reikalaujan\u010diam absoliutaus paklusnumo ir kontroliuojan\u010diam \u017emog\u0173 visk\u0105 regin\u010diais monitoriais bei budria Did\u017eiojo Brolio akimi.<\/p>\n<p>Trok\u0161tantis tiesos ir laisv\u0117s Smitas u\u017emezga meil\u0117s roman\u0105 su savo kolege D\u017eulija, ta\u010diau netrukus supranta, kad \u0161iame ko\u0161mari\u0161kame pasaulyje meil\u0117 yra neapykanta, karas \u2014 taika, o tikroji laisv\u0117s kaina \u2014 i\u0161davyst\u0117.<\/p>\n<p>Erikas Art\u016bras Bleras (D\u017eord\u017eas Orvelas) gim\u0117 1903 m. Indijoje, kur jo t\u0117vas dirbo valstyb\u0117s tarnyboje. 1907 m. \u0161eima persik\u0117l\u0117 \u012f Anglij\u0105, ir 1917 m. Orvelas prad\u0117jo mokytis Itone, kur reguliariai talkino \u012fvairiems koled\u017eo \u017eurnalams. Nuo 1922-\u0173j\u0173 iki 1927-\u0173j\u0173 met\u0173 jis tarnavo Indijos imperin\u0117je policijoje Birmoje, ir \u0161i patirtis \u012fkv\u0117p\u0117 j\u012f pra\u0161yti pirm\u0105j\u012f savo roman\u0105 \u201eBirmos dienos&#8221; (1934). V\u0117liau \u0117jo keleri nepritekliaus metai. Dvejus metus jis gyveno Pary\u017eiuje, paskui gr\u012f\u017eo \u012f Anglij\u0105, kur s\u0117kmingai dirbo repetitoriumi, mokytoju ir knygyno pardav\u0117ju; tuo pat metu Orvelas ra\u0161\u0117 recenzijas ir straipsnius \u012f daugyb\u0119 periodini\u0173 leidini\u0173. 1933 m. i\u0161leistas romanas \u201e\u0160uni\u0161kas gyvenimas Pary\u017eiuje ir Londone&#8221; (Down and Out in Paris and London). 1936 metais Viktoras Golanzas \u012fgaliojo j\u012f aplankyti Lanka\u0161yro bei Jork\u0161yro rajonus, kur vie\u0161patavo masinis nedarbas, ir d\u0117l \u010dia pamatyto skurdo gim\u0117 i\u0161rai\u0161kinga apybrai\u017ea \u201eKelias \u012f Vigano prieplauk\u0105&#8221; (The Road to Wigan Pie, 1957). 1936-\u0173j\u0173 met\u0173 pabaigoje Orvelas i\u0161vyko \u012f Ispanij\u0105 kovoti u\u017e respublikonus, ir ten buvo su\u017eeistas. Romanas \u201ePagarba Katalonijai&#8221; (Homage to Catalonia) \u2014 tai pasakojimas apie pilietin\u012f kar\u0105. 1938-aisiais ji gyd\u0117si sanatorijoje ir nuo to laiko taip visi\u0161kai ir nepasveiko. \u0160e\u0161is m\u0117nesius Orvelas praleido Maroke ir ten para\u0161\u0117 apybrai\u017e\u0105 \u201e\u012ekv\u0117pti&#8221;(Coming Up for Air). Per Antr\u0105j\u012f pasaulin\u012f kar\u0105 jis tarnavo Nam\u0173 sargyboje (Home Guard) ir 1941-1943 m. dirbo BBC korespondentu Tolim\u0173j\u0173 Ryt\u0173 reikalams. B\u016bdamas literat\u016briniu Tribune redaktoriumi jis suk\u016br\u0117 nuolatin\u0119 rubrik\u0105, kur buvo spausdinami politiniai ir literat\u016briniai komentarai, dar ra\u0161\u0117 straipsnius savaitra\u0161\u010diui Observer, o v\u0117liau laikra\u0161\u010diui Manchester Evening News. Jo unikali politin\u0117 alegorija \u201eGyvuli\u0173 \u016bkis&#8221; (Animal Farm) buvo i\u0161leista 1945 m., ir \u0161is romanas drauge su \u201e1984-ieji&#8221; (Nineteen Eighty-Four, 1949) atne\u0161\u0117 jam pasaulin\u0119 \u0161lov\u0119.<\/p>\n<p>D\u017eord\u017eas Orvelas mir\u0117 1950-\u0173j\u0173 saus\u012f Londone. Likus kelioms dienoms iki mirties Desmondas Makartis (Desmond MacCarthy) atsiunt\u0117 jam sveikinimo \u017einut\u0119, kurioje ra\u0161\u0117: \u201eJ\u016bs palikote nei\u0161dildom\u0105 \u017eym\u0119 angl\u0173 literat\u016broje&#8230; esate vienas i\u0161 keli\u0173 nemirting\u0173 savo kartos ra\u0161ytoj\u0173&#8221;.<\/p>\n","protected":false},"excerpt":{"rendered":"<p>Pasisl\u0117p\u0119s pakrikos Teisyb\u0117s ministerijos Registr\u0173 skyriuje Vinstonas Smitas sumaniai perra\u0161in\u0117ja praeit\u012f, kad ji atitikt\u0173 Partijos poreikius. Ta\u010diau giliai \u0161irdyje jis prie\u0161inasi totalitariniam pasauliui, kuriame gyvena, pasauliui, reikalaujan\u010diam absoliutaus paklusnumo ir kontroliuojan\u010diam \u017emog\u0173 visk\u0105 regin\u010diais monitoriais bei budria Did\u017eiojo Brolio akimi. Trok\u0161tantis tiesos ir laisv\u0117s Smitas u\u017emezga meil\u0117s roman\u0105 su savo kolege D\u017eulija, ta\u010diau netrukus supranta, kad \u0161iame ko\u0161mari\u0161kame pasaulyje meil\u0117 yra neapykanta, karas \u2014 taika, o tikroji laisv\u0117s kaina \u2014 i\u0161davyst\u0117. Erikas Art\u016bras Bleras (D\u017eord\u017eas Orvelas) gim\u0117 1903 m. Indijoje, kur jo t\u0117vas dirbo valstyb\u0117s tarnyboje. 1907 m. \u0161eima persik\u0117l\u0117 \u012f Anglij\u0105, ir 1917 m. Orvelas prad\u0117jo mokytis Itone, kur reguliariai talkino \u012fvairiems koled\u017eo \u017eurnalams. Nuo 1922-\u0173j\u0173 iki 1927-\u0173j\u0173 met\u0173 jis tarnavo Indijos imperin\u0117je policijoje Birmoje, ir \u0161i patirtis \u012fkv\u0117p\u0117 j\u012f pra\u0161yti pirm\u0105j\u012f savo roman\u0105 \u201eBirmos dienos&#8221; (1934). V\u0117liau \u0117jo keleri nepritekliaus metai. Dvejus metus jis gyveno Pary\u017eiuje, paskui gr\u012f\u017eo \u012f Anglij\u0105, kur s\u0117kmingai dirbo repetitoriumi, mokytoju ir knygyno pardav\u0117ju; tuo pat metu Orvelas ra\u0161\u0117 recenzijas ir straipsnius \u012f daugyb\u0119 periodini\u0173 leidini\u0173. 1933 m. i\u0161leistas romanas \u201e\u0160uni\u0161kas gyvenimas Pary\u017eiuje ir Londone&#8221; (Down and Out in Paris and London). 1936 metais Viktoras Golanzas \u012fgaliojo j\u012f aplankyti Lanka\u0161yro bei Jork\u0161yro rajonus, kur vie\u0161patavo masinis nedarbas, ir d\u0117l \u010dia pamatyto skurdo gim\u0117 i\u0161rai\u0161kinga apybrai\u017ea \u201eKelias \u012f Vigano prieplauk\u0105&#8221; (The Road to Wigan Pie, 1957). 1936-\u0173j\u0173 met\u0173 pabaigoje Orvelas i\u0161vyko \u012f Ispanij\u0105 kovoti u\u017e respublikonus, ir ten buvo su\u017eeistas. Romanas \u201ePagarba Katalonijai&#8221; (Homage to Catalonia) \u2014 tai pasakojimas apie pilietin\u012f kar\u0105. 1938-aisiais ji gyd\u0117si sanatorijoje ir nuo to laiko taip visi\u0161kai ir nepasveiko. \u0160e\u0161is m\u0117nesius Orvelas praleido Maroke ir ten para\u0161\u0117 apybrai\u017e\u0105 \u201e\u012ekv\u0117pti&#8221;(Coming Up for Air). Per Antr\u0105j\u012f pasaulin\u012f kar\u0105 jis tarnavo Nam\u0173 sargyboje (Home Guard) ir 1941-1943 m. dirbo BBC korespondentu Tolim\u0173j\u0173 Ryt\u0173 reikalams. B\u016bdamas literat\u016briniu Tribune redaktoriumi jis suk\u016br\u0117 nuolatin\u0119 rubrik\u0105, kur buvo spausdinami politiniai ir literat\u016briniai komentarai, dar ra\u0161\u0117 straipsnius savaitra\u0161\u010diui Observer, o v\u0117liau laikra\u0161\u010diui Manchester Evening News. Jo unikali politin\u0117 alegorija \u201eGyvuli\u0173 \u016bkis&#8221; (Animal Farm) buvo i\u0161leista 1945 m., ir \u0161is romanas drauge su \u201e1984-ieji&#8221; (Nineteen Eighty-Four, 1949) atne\u0161\u0117 jam pasaulin\u0119 \u0161lov\u0119. D\u017eord\u017eas Orvelas mir\u0117 1950-\u0173j\u0173 saus\u012f Londone. Likus kelioms dienoms iki mirties Desmondas Makartis (Desmond MacCarthy) atsiunt\u0117 jam sveikinimo \u017einut\u0119, kurioje ra\u0161\u0117: \u201eJ\u016bs palikote nei\u0161dildom\u0105 \u017eym\u0119 angl\u0173 literat\u016broje&#8230; esate vienas i\u0161 keli\u0173 nemirting\u0173 savo kartos ra\u0161ytoj\u0173&#8221;.<\/p>\n","protected":false},"featured_media":23110,"comment_status":"open","ping_status":"closed","template":"","meta":{"_acf_changed":false,"site-sidebar-layout":"default","site-content-layout":"","ast-site-content-layout":"default","site-content-style":"default","site-sidebar-style":"default","ast-global-header-display":"","ast-banner-title-visibility":"","ast-main-header-display":"","ast-hfb-above-header-display":"","ast-hfb-below-header-display":"","ast-hfb-mobile-header-display":"","site-post-title":"","ast-breadcrumbs-content":"","ast-featured-img":"","footer-sml-layout":"","ast-disable-related-posts":"","theme-transparent-header-meta":"","adv-header-id-meta":"","stick-header-meta":"","header-above-stick-meta":"","header-main-stick-meta":"","header-below-stick-meta":"","astra-migrate-meta-layouts":"default","ast-page-background-enabled":"default","ast-page-background-meta":{"desktop":{"background-color":"","background-image":"","background-repeat":"repeat","background-position":"center center","background-size":"auto","background-attachment":"scroll","background-type":"","background-media":"","overlay-type":"","overlay-color":"","overlay-opacity":"","overlay-gradient":""},"tablet":{"background-color":"","background-image":"","background-repeat":"repeat","background-position":"center center","background-size":"auto","background-attachment":"scroll","background-type":"","background-media":"","overlay-type":"","overlay-color":"","overlay-opacity":"","overlay-gradient":""},"mobile":{"background-color":"","background-image":"","background-repeat":"repeat","background-position":"center center","background-size":"auto","background-attachment":"scroll","background-type":"","background-media":"","overlay-type":"","overlay-color":"","overlay-opacity":"","overlay-gradient":""}},"ast-content-background-meta":{"desktop":{"background-color":"var(--ast-global-color-4)","background-image":"","background-repeat":"repeat","background-position":"center center","background-size":"auto","background-attachment":"scroll","background-type":"","background-media":"","overlay-type":"","overlay-color":"","overlay-opacity":"","overlay-gradient":""},"tablet":{"background-color":"var(--ast-global-color-4)","background-image":"","background-repeat":"repeat","background-position":"center center","background-size":"auto","background-attachment":"scroll","background-type":"","background-media":"","overlay-type":"","overlay-color":"","overlay-opacity":"","overlay-gradient":""},"mobile":{"background-color":"var(--ast-global-color-4)","background-image":"","background-repeat":"repeat","background-position":"center center","background-size":"auto","background-attachment":"scroll","background-type":"","background-media":"","overlay-type":"","overlay-color":"","overlay-opacity":"","overlay-gradient":""}}},"product_brand":[],"product_cat":[31],"product_tag":[4130],"class_list":{"0":"post-23098","1":"product","2":"type-product","3":"status-publish","4":"has-post-thumbnail","6":"product_cat-grozine-literatura","7":"product_tag-george-orwell","8":"desktop-align-left","9":"tablet-align-left","10":"mobile-align-left","12":"first","13":"outofstock","14":"shipping-taxable","15":"purchasable","16":"product-type-simple"},"acf":[],"yoast_head":"<!-- This site is optimized with the Yoast SEO plugin v27.0 - https:\/\/yoast.com\/product\/yoast-seo-wordpress\/ -->\n<title>1984-ieji<\/title>\n<meta name=\"description\" content=\"Pasisl\u0117p\u0119s pakrikos Teisyb\u0117s ministerijos Registr\u0173 skyriuje Vinstonas Smitas sumaniai perra\u0161in\u0117ja praeit\u012f, kad ji atitikt\u0173 Partijos poreikius. Ta\u010diau\" \/>\n<meta name=\"robots\" content=\"index, follow, max-snippet:-1, max-image-preview:large, max-video-preview:-1\" \/>\n<link rel=\"canonical\" href=\"https:\/\/skaitytaknyga.lt\/en\/produktas\/1984-ieji\/\" \/>\n<meta property=\"og:locale\" content=\"en_GB\" \/>\n<meta property=\"og:locale:alternate\" content=\"lt_LT\" \/>\n<meta property=\"og:type\" content=\"article\" \/>\n<meta property=\"og:title\" content=\"1984-ieji\" \/>\n<meta property=\"og:description\" content=\"Pasisl\u0117p\u0119s pakrikos Teisyb\u0117s ministerijos Registr\u0173 skyriuje Vinstonas Smitas sumaniai perra\u0161in\u0117ja praeit\u012f, kad ji atitikt\u0173 Partijos poreikius. Ta\u010diau\" \/>\n<meta property=\"og:url\" content=\"https:\/\/skaitytaknyga.lt\/en\/produktas\/1984-ieji\/\" \/>\n<meta property=\"og:site_name\" content=\"Skaitytaknyga\" \/>\n<meta property=\"article:publisher\" content=\"https:\/\/www.facebook.com\/skaitytaknyga\/\" \/>\n<meta property=\"article:modified_time\" content=\"2026-02-25T16:58:35+00:00\" \/>\n<meta property=\"og:image\" content=\"https:\/\/skaitytaknyga.lt\/wp-content\/uploads\/2026\/02\/1984-ieji-1.webp\" \/>\n\t<meta property=\"og:image:width\" content=\"300\" \/>\n\t<meta property=\"og:image:height\" content=\"456\" \/>\n\t<meta property=\"og:image:type\" content=\"image\/webp\" \/>\n<meta name=\"twitter:card\" content=\"summary_large_image\" \/>\n<meta name=\"twitter:label1\" content=\"Estimated reading time\" \/>\n\t<meta name=\"twitter:data1\" content=\"2 minutes\" \/>\n<script type=\"application\/ld+json\" class=\"yoast-schema-graph\">{\"@context\":\"https:\/\/schema.org\",\"@graph\":[{\"@type\":\"WebPage\",\"@id\":\"https:\/\/skaitytaknyga.lt\/produktas\/1984-ieji\/\",\"url\":\"https:\/\/skaitytaknyga.lt\/produktas\/1984-ieji\/\",\"name\":\"1984-ieji\",\"isPartOf\":{\"@id\":\"https:\/\/skaitytaknyga.lt\/#website\"},\"primaryImageOfPage\":{\"@id\":\"https:\/\/skaitytaknyga.lt\/produktas\/1984-ieji\/#primaryimage\"},\"image\":{\"@id\":\"https:\/\/skaitytaknyga.lt\/produktas\/1984-ieji\/#primaryimage\"},\"thumbnailUrl\":\"https:\/\/skaitytaknyga.lt\/wp-content\/uploads\/2026\/02\/1984-ieji-1.webp\",\"datePublished\":\"2026-02-20T09:27:41+00:00\",\"dateModified\":\"2026-02-25T16:58:35+00:00\",\"description\":\"Pasisl\u0117p\u0119s pakrikos Teisyb\u0117s ministerijos Registr\u0173 skyriuje Vinstonas Smitas sumaniai perra\u0161in\u0117ja praeit\u012f, kad ji atitikt\u0173 Partijos poreikius. Ta\u010diau\",\"breadcrumb\":{\"@id\":\"https:\/\/skaitytaknyga.lt\/produktas\/1984-ieji\/#breadcrumb\"},\"inLanguage\":\"en-GB\",\"potentialAction\":[{\"@type\":\"ReadAction\",\"target\":[\"https:\/\/skaitytaknyga.lt\/produktas\/1984-ieji\/\"]}]},{\"@type\":\"ImageObject\",\"inLanguage\":\"en-GB\",\"@id\":\"https:\/\/skaitytaknyga.lt\/produktas\/1984-ieji\/#primaryimage\",\"url\":\"https:\/\/skaitytaknyga.lt\/wp-content\/uploads\/2026\/02\/1984-ieji-1.webp\",\"contentUrl\":\"https:\/\/skaitytaknyga.lt\/wp-content\/uploads\/2026\/02\/1984-ieji-1.webp\",\"width\":300,\"height\":456,\"caption\":\"1984-ieji\"},{\"@type\":\"BreadcrumbList\",\"@id\":\"https:\/\/skaitytaknyga.lt\/produktas\/1984-ieji\/#breadcrumb\",\"itemListElement\":[{\"@type\":\"ListItem\",\"position\":1,\"name\":\"Home\",\"item\":\"https:\/\/skaitytaknyga.lt\/\"},{\"@type\":\"ListItem\",\"position\":2,\"name\":\"Parduotuv\u0117\",\"item\":\"https:\/\/skaitytaknyga.lt\/knygu-parduotuve\/\"},{\"@type\":\"ListItem\",\"position\":3,\"name\":\"1984-ieji\"}]},{\"@type\":\"WebSite\",\"@id\":\"https:\/\/skaitytaknyga.lt\/#website\",\"url\":\"https:\/\/skaitytaknyga.lt\/\",\"name\":\"skaitytaknyga.lt\",\"description\":\"Skaitytaknyga.lt \u2013 tai ma\u017eas \u0161eimos verslas, kuris prasid\u0117jo nuo meil\u0117s knygoms ir siekio i\u0161gelb\u0117ti knygas nuo likimo prie konteinerio. Kas vienam nereikalingas daiktas \u2013 kitam lobis, o mes esame tarpininkai, kurie padeda abiems tapti laimingesniems ???? \u017dinome kaip nelengva i\u0161gyventi ma\u017eiems verslams, tad nuo \u0161iol, \u010dia rasite ir kit\u0173, ma\u017e\u0173 \u0161eim\u0173 versl\u0173, rank\u0173 darbo, dovan\u0173 sau ir artimiesiems.\",\"publisher\":{\"@id\":\"https:\/\/skaitytaknyga.lt\/#organization\"},\"potentialAction\":[{\"@type\":\"SearchAction\",\"target\":{\"@type\":\"EntryPoint\",\"urlTemplate\":\"https:\/\/skaitytaknyga.lt\/?s={search_term_string}\"},\"query-input\":{\"@type\":\"PropertyValueSpecification\",\"valueRequired\":true,\"valueName\":\"search_term_string\"}}],\"inLanguage\":\"en-GB\"},{\"@type\":\"Organization\",\"@id\":\"https:\/\/skaitytaknyga.lt\/#organization\",\"name\":\"skaitytaknyga.lt\",\"url\":\"https:\/\/skaitytaknyga.lt\/\",\"logo\":{\"@type\":\"ImageObject\",\"inLanguage\":\"en-GB\",\"@id\":\"https:\/\/skaitytaknyga.lt\/#\/schema\/logo\/image\/\",\"url\":\"https:\/\/skaitytaknyga.lt\/wp-content\/uploads\/2024\/05\/cropped-cropped-cropped-02_00843_jt3bggkj1j3HLc7SyY6rEUpg.jpeg\",\"contentUrl\":\"https:\/\/skaitytaknyga.lt\/wp-content\/uploads\/2024\/05\/cropped-cropped-cropped-02_00843_jt3bggkj1j3HLc7SyY6rEUpg.jpeg\",\"width\":1600,\"height\":1600,\"caption\":\"skaitytaknyga.lt\"},\"image\":{\"@id\":\"https:\/\/skaitytaknyga.lt\/#\/schema\/logo\/image\/\"},\"sameAs\":[\"https:\/\/www.facebook.com\/skaitytaknyga\/\"]}]}<\/script>\n<!-- \/ Yoast SEO plugin. -->","yoast_head_json":{"title":"1984-ieji","description":"Pasisl\u0117p\u0119s pakrikos Teisyb\u0117s ministerijos Registr\u0173 skyriuje Vinstonas Smitas sumaniai perra\u0161in\u0117ja praeit\u012f, kad ji atitikt\u0173 Partijos poreikius. Ta\u010diau","robots":{"index":"index","follow":"follow","max-snippet":"max-snippet:-1","max-image-preview":"max-image-preview:large","max-video-preview":"max-video-preview:-1"},"canonical":"https:\/\/skaitytaknyga.lt\/en\/produktas\/1984-ieji\/","og_locale":"en_GB","og_type":"article","og_title":"[:lt]1984-ieji[:] - Skaitytaknyga","og_description":"Pasisl\u0117p\u0119s pakrikos Teisyb\u0117s ministerijos Registr\u0173 skyriuje Vinstonas Smitas sumaniai perra\u0161in\u0117ja praeit\u012f, kad ji atitikt\u0173 Partijos poreikius. Ta\u010diau","og_url":"https:\/\/skaitytaknyga.lt\/en\/produktas\/1984-ieji\/","og_site_name":"Skaitytaknyga","article_publisher":"https:\/\/www.facebook.com\/skaitytaknyga\/","article_modified_time":"2026-02-25T16:58:35+00:00","og_image":[{"width":300,"height":456,"url":"https:\/\/skaitytaknyga.lt\/wp-content\/uploads\/2026\/02\/1984-ieji-1.webp","type":"image\/webp"}],"twitter_card":"summary_large_image","twitter_misc":{"Estimated reading time":"2 minutes"},"schema":{"@context":"https:\/\/schema.org","@graph":[{"@type":"WebPage","@id":"https:\/\/skaitytaknyga.lt\/produktas\/1984-ieji\/","url":"https:\/\/skaitytaknyga.lt\/produktas\/1984-ieji\/","name":"1984-ieji","isPartOf":{"@id":"https:\/\/skaitytaknyga.lt\/#website"},"primaryImageOfPage":{"@id":"https:\/\/skaitytaknyga.lt\/produktas\/1984-ieji\/#primaryimage"},"image":{"@id":"https:\/\/skaitytaknyga.lt\/produktas\/1984-ieji\/#primaryimage"},"thumbnailUrl":"https:\/\/skaitytaknyga.lt\/wp-content\/uploads\/2026\/02\/1984-ieji-1.webp","datePublished":"2026-02-20T09:27:41+00:00","dateModified":"2026-02-25T16:58:35+00:00","description":"Pasisl\u0117p\u0119s pakrikos Teisyb\u0117s ministerijos Registr\u0173 skyriuje Vinstonas Smitas sumaniai perra\u0161in\u0117ja praeit\u012f, kad ji atitikt\u0173 Partijos poreikius. Ta\u010diau","breadcrumb":{"@id":"https:\/\/skaitytaknyga.lt\/produktas\/1984-ieji\/#breadcrumb"},"inLanguage":"en-GB","potentialAction":[{"@type":"ReadAction","target":["https:\/\/skaitytaknyga.lt\/produktas\/1984-ieji\/"]}]},{"@type":"ImageObject","inLanguage":"en-GB","@id":"https:\/\/skaitytaknyga.lt\/produktas\/1984-ieji\/#primaryimage","url":"https:\/\/skaitytaknyga.lt\/wp-content\/uploads\/2026\/02\/1984-ieji-1.webp","contentUrl":"https:\/\/skaitytaknyga.lt\/wp-content\/uploads\/2026\/02\/1984-ieji-1.webp","width":300,"height":456,"caption":"1984-ieji"},{"@type":"BreadcrumbList","@id":"https:\/\/skaitytaknyga.lt\/produktas\/1984-ieji\/#breadcrumb","itemListElement":[{"@type":"ListItem","position":1,"name":"Home","item":"https:\/\/skaitytaknyga.lt\/"},{"@type":"ListItem","position":2,"name":"Parduotuv\u0117","item":"https:\/\/skaitytaknyga.lt\/knygu-parduotuve\/"},{"@type":"ListItem","position":3,"name":"1984-ieji"}]},{"@type":"WebSite","@id":"https:\/\/skaitytaknyga.lt\/#website","url":"https:\/\/skaitytaknyga.lt\/","name":"skaitytaknyga.lt","description":"Skaitytaknyga.lt \u2013 tai ma\u017eas \u0161eimos verslas, kuris prasid\u0117jo nuo meil\u0117s knygoms ir siekio i\u0161gelb\u0117ti knygas nuo likimo prie konteinerio. Kas vienam nereikalingas daiktas \u2013 kitam lobis, o mes esame tarpininkai, kurie padeda abiems tapti laimingesniems ???? \u017dinome kaip nelengva i\u0161gyventi ma\u017eiems verslams, tad nuo \u0161iol, \u010dia rasite ir kit\u0173, ma\u017e\u0173 \u0161eim\u0173 versl\u0173, rank\u0173 darbo, dovan\u0173 sau ir artimiesiems.","publisher":{"@id":"https:\/\/skaitytaknyga.lt\/#organization"},"potentialAction":[{"@type":"SearchAction","target":{"@type":"EntryPoint","urlTemplate":"https:\/\/skaitytaknyga.lt\/?s={search_term_string}"},"query-input":{"@type":"PropertyValueSpecification","valueRequired":true,"valueName":"search_term_string"}}],"inLanguage":"en-GB"},{"@type":"Organization","@id":"https:\/\/skaitytaknyga.lt\/#organization","name":"skaitytaknyga.lt","url":"https:\/\/skaitytaknyga.lt\/","logo":{"@type":"ImageObject","inLanguage":"en-GB","@id":"https:\/\/skaitytaknyga.lt\/#\/schema\/logo\/image\/","url":"https:\/\/skaitytaknyga.lt\/wp-content\/uploads\/2024\/05\/cropped-cropped-cropped-02_00843_jt3bggkj1j3HLc7SyY6rEUpg.jpeg","contentUrl":"https:\/\/skaitytaknyga.lt\/wp-content\/uploads\/2024\/05\/cropped-cropped-cropped-02_00843_jt3bggkj1j3HLc7SyY6rEUpg.jpeg","width":1600,"height":1600,"caption":"skaitytaknyga.lt"},"image":{"@id":"https:\/\/skaitytaknyga.lt\/#\/schema\/logo\/image\/"},"sameAs":["https:\/\/www.facebook.com\/skaitytaknyga\/"]}]}},"_links":{"self":[{"href":"https:\/\/skaitytaknyga.lt\/en\/wp-json\/wp\/v2\/product\/23098","targetHints":{"allow":["GET"]}}],"collection":[{"href":"https:\/\/skaitytaknyga.lt\/en\/wp-json\/wp\/v2\/product"}],"about":[{"href":"https:\/\/skaitytaknyga.lt\/en\/wp-json\/wp\/v2\/types\/product"}],"replies":[{"embeddable":true,"href":"https:\/\/skaitytaknyga.lt\/en\/wp-json\/wp\/v2\/comments?post=23098"}],"wp:featuredmedia":[{"embeddable":true,"href":"https:\/\/skaitytaknyga.lt\/en\/wp-json\/wp\/v2\/media\/23110"}],"wp:attachment":[{"href":"https:\/\/skaitytaknyga.lt\/en\/wp-json\/wp\/v2\/media?parent=23098"}],"wp:term":[{"taxonomy":"product_brand","embeddable":true,"href":"https:\/\/skaitytaknyga.lt\/en\/wp-json\/wp\/v2\/product_brand?post=23098"},{"taxonomy":"product_cat","embeddable":true,"href":"https:\/\/skaitytaknyga.lt\/en\/wp-json\/wp\/v2\/product_cat?post=23098"},{"taxonomy":"product_tag","embeddable":true,"href":"https:\/\/skaitytaknyga.lt\/en\/wp-json\/wp\/v2\/product_tag?post=23098"}],"curies":[{"name":"wp","href":"https:\/\/api.w.org\/{rel}","templated":true}]}}