{"id":23097,"date":"2026-02-20T11:27:41","date_gmt":"2026-02-20T09:27:41","guid":{"rendered":"https:\/\/skaitytaknyga.lt\/?post_type=product&#038;p=23097"},"modified":"2026-02-23T12:03:17","modified_gmt":"2026-02-23T10:03:17","slug":"lyderis-be-titulo","status":"publish","type":"product","link":"https:\/\/skaitytaknyga.lt\/en\/produktas\/lyderis-be-titulo\/","title":{"rendered":"Lyderis be titulo"},"content":{"rendered":"<p>\u201ePo dvide\u0161imties met\u0173 jums kels didesn\u012f nusivylim\u0105 tie dalykai, kuri\u0173 nepadar\u0117te, negu tie, kuriuos padar\u0117te. Tad atri\u0161kite laivavirves. I\u0161plaukite i\u0161 saugaus uosto. \u012ekinkykite v\u0117jus \u012f savo bures. Tyrin\u0117kite. Svajokite. Atraskite.\u201c \u2013 Mark Twain<\/p>\n<p>Knygoje \u201eLyderis be titulo\u201c saviugdos mokytojas Robinas \u0160arma (Robin Sharma) \u012ftikinamai parodo, kad jei norime b\u016bti lyderiai, mums nereikia nei titul\u0173, nei auk\u0161t\u0173 post\u0173, nei rang\u0173, nes lyderiavimo savyb\u0117s mums yra \u012fgimtos \u2013 reikia tik jas \u201epa\u017eadinti\u201c.<\/p>\n<p>***<\/p>\n<p>Knyga, kuri\u0105 dabar savo rankose, yra beveik penkiolikos met\u0173 darbo rezultatas. Lyderiavimo klausimais konsultavau tokias garsias kompanijas kaip Microsoft, GE, Nike, FedEx ir IBM. Dirbau drauge su Jeilo universiteto, Amerikos raudonojo kry\u017eiaus ir Jaun\u0173j\u0173 prezident\u0173 organizacijos atstovais.<\/p>\n<p>Pritaik\u0119 mano pateiktus lyderiavimo principus, j\u016bs pasieksite nepaprast\u0173 rezultat\u0173, pad\u0117site savo organizacijoms pakilti \u012f auk\u0161tesn\u012f profesionalumo lyg\u012f, pelnysite klient\u0173 lojalum\u0105. Taip pat pasikeis j\u016bs\u0173 asmeninis gyvenimas ir \u012fvaizdis.<\/p>\n<p>Robin Sharma<\/p>\n","protected":false},"excerpt":{"rendered":"<p>\u201ePo dvide\u0161imties met\u0173 jums kels didesn\u012f nusivylim\u0105 tie dalykai, kuri\u0173 nepadar\u0117te, negu tie, kuriuos padar\u0117te. Tad atri\u0161kite laivavirves. I\u0161plaukite i\u0161 saugaus uosto. \u012ekinkykite v\u0117jus \u012f savo bures. Tyrin\u0117kite. Svajokite. Atraskite.\u201c \u2013 Mark Twain Knygoje \u201eLyderis be titulo\u201c saviugdos mokytojas Robinas \u0160arma (Robin Sharma) \u012ftikinamai parodo, kad jei norime b\u016bti lyderiai, mums nereikia nei titul\u0173, nei auk\u0161t\u0173 post\u0173, nei rang\u0173, nes lyderiavimo savyb\u0117s mums yra \u012fgimtos \u2013 reikia tik jas \u201epa\u017eadinti\u201c. *** Knyga, kuri\u0105 dabar savo rankose, yra beveik penkiolikos met\u0173 darbo rezultatas. Lyderiavimo klausimais konsultavau tokias garsias kompanijas kaip Microsoft, GE, Nike, FedEx ir IBM. Dirbau drauge su Jeilo universiteto, Amerikos raudonojo kry\u017eiaus ir Jaun\u0173j\u0173 prezident\u0173 organizacijos atstovais. Pritaik\u0119 mano pateiktus lyderiavimo principus, j\u016bs pasieksite nepaprast\u0173 rezultat\u0173, pad\u0117site savo organizacijoms pakilti \u012f auk\u0161tesn\u012f profesionalumo lyg\u012f, pelnysite klient\u0173 lojalum\u0105. Taip pat pasikeis j\u016bs\u0173 asmeninis gyvenimas ir \u012fvaizdis. Robin Sharma<\/p>\n","protected":false},"featured_media":23109,"comment_status":"open","ping_status":"closed","template":"","meta":{"_acf_changed":false,"site-sidebar-layout":"default","site-content-layout":"","ast-site-content-layout":"default","site-content-style":"default","site-sidebar-style":"default","ast-global-header-display":"","ast-banner-title-visibility":"","ast-main-header-display":"","ast-hfb-above-header-display":"","ast-hfb-below-header-display":"","ast-hfb-mobile-header-display":"","site-post-title":"","ast-breadcrumbs-content":"","ast-featured-img":"","footer-sml-layout":"","ast-disable-related-posts":"","theme-transparent-header-meta":"","adv-header-id-meta":"","stick-header-meta":"","header-above-stick-meta":"","header-main-stick-meta":"","header-below-stick-meta":"","astra-migrate-meta-layouts":"default","ast-page-background-enabled":"default","ast-page-background-meta":{"desktop":{"background-color":"","background-image":"","background-repeat":"repeat","background-position":"center center","background-size":"auto","background-attachment":"scroll","background-type":"","background-media":"","overlay-type":"","overlay-color":"","overlay-opacity":"","overlay-gradient":""},"tablet":{"background-color":"","background-image":"","background-repeat":"repeat","background-position":"center center","background-size":"auto","background-attachment":"scroll","background-type":"","background-media":"","overlay-type":"","overlay-color":"","overlay-opacity":"","overlay-gradient":""},"mobile":{"background-color":"","background-image":"","background-repeat":"repeat","background-position":"center center","background-size":"auto","background-attachment":"scroll","background-type":"","background-media":"","overlay-type":"","overlay-color":"","overlay-opacity":"","overlay-gradient":""}},"ast-content-background-meta":{"desktop":{"background-color":"var(--ast-global-color-4)","background-image":"","background-repeat":"repeat","background-position":"center center","background-size":"auto","background-attachment":"scroll","background-type":"","background-media":"","overlay-type":"","overlay-color":"","overlay-opacity":"","overlay-gradient":""},"tablet":{"background-color":"var(--ast-global-color-4)","background-image":"","background-repeat":"repeat","background-position":"center center","background-size":"auto","background-attachment":"scroll","background-type":"","background-media":"","overlay-type":"","overlay-color":"","overlay-opacity":"","overlay-gradient":""},"mobile":{"background-color":"var(--ast-global-color-4)","background-image":"","background-repeat":"repeat","background-position":"center center","background-size":"auto","background-attachment":"scroll","background-type":"","background-media":"","overlay-type":"","overlay-color":"","overlay-opacity":"","overlay-gradient":""}}},"product_brand":[],"product_cat":[30],"product_tag":[3112],"class_list":{"0":"post-23097","1":"product","2":"type-product","3":"status-publish","4":"has-post-thumbnail","6":"product_cat-psichologija-ir-saviugda","7":"product_tag-robin-sharma","8":"desktop-align-left","9":"tablet-align-left","10":"mobile-align-left","12":"first","13":"instock","14":"shipping-taxable","15":"purchasable","16":"product-type-simple"},"acf":[],"yoast_head":"<!-- This site is optimized with the Yoast SEO plugin v27.4 - https:\/\/yoast.com\/product\/yoast-seo-wordpress\/ -->\n<title>Lyderis be titulo<\/title>\n<meta name=\"description\" content=\"\u201ePo dvide\u0161imties met\u0173 jums kels didesn\u012f nusivylim\u0105 tie dalykai, kuri\u0173 nepadar\u0117te, negu tie, kuriuos padar\u0117te. Tad atri\u0161kite laivavirves. I\u0161plaukite i\u0161\" \/>\n<meta name=\"robots\" content=\"index, follow, max-snippet:-1, max-image-preview:large, max-video-preview:-1\" \/>\n<link rel=\"canonical\" href=\"https:\/\/skaitytaknyga.lt\/en\/produktas\/lyderis-be-titulo\/\" \/>\n<meta property=\"og:locale\" content=\"en_GB\" \/>\n<meta property=\"og:locale:alternate\" content=\"lt_LT\" \/>\n<meta property=\"og:type\" content=\"article\" \/>\n<meta property=\"og:title\" content=\"Lyderis be titulo\" \/>\n<meta property=\"og:description\" content=\"\u201ePo dvide\u0161imties met\u0173 jums kels didesn\u012f nusivylim\u0105 tie dalykai, kuri\u0173 nepadar\u0117te, negu tie, kuriuos padar\u0117te. Tad atri\u0161kite laivavirves. I\u0161plaukite i\u0161\" \/>\n<meta property=\"og:url\" content=\"https:\/\/skaitytaknyga.lt\/en\/produktas\/lyderis-be-titulo\/\" \/>\n<meta property=\"og:site_name\" content=\"Skaitytaknyga\" \/>\n<meta property=\"article:publisher\" content=\"https:\/\/www.facebook.com\/skaitytaknyga\/\" \/>\n<meta property=\"article:modified_time\" content=\"2026-02-23T10:03:17+00:00\" \/>\n<meta property=\"og:image\" content=\"https:\/\/skaitytaknyga.lt\/wp-content\/uploads\/2026\/02\/Lyderis-be-titulo-1.webp\" \/>\n\t<meta property=\"og:image:width\" content=\"350\" \/>\n\t<meta property=\"og:image:height\" content=\"350\" \/>\n\t<meta property=\"og:image:type\" content=\"image\/webp\" \/>\n<meta name=\"twitter:card\" content=\"summary_large_image\" \/>\n<meta name=\"twitter:label1\" content=\"Estimated reading time\" \/>\n\t<meta name=\"twitter:data1\" content=\"1 minute\" \/>\n<script type=\"application\/ld+json\" class=\"yoast-schema-graph\">{\"@context\":\"https:\\\/\\\/schema.org\",\"@graph\":[{\"@type\":\"WebPage\",\"@id\":\"https:\\\/\\\/skaitytaknyga.lt\\\/produktas\\\/lyderis-be-titulo\\\/\",\"url\":\"https:\\\/\\\/skaitytaknyga.lt\\\/produktas\\\/lyderis-be-titulo\\\/\",\"name\":\"Lyderis be titulo\",\"isPartOf\":{\"@id\":\"https:\\\/\\\/skaitytaknyga.lt\\\/#website\"},\"primaryImageOfPage\":{\"@id\":\"https:\\\/\\\/skaitytaknyga.lt\\\/produktas\\\/lyderis-be-titulo\\\/#primaryimage\"},\"image\":{\"@id\":\"https:\\\/\\\/skaitytaknyga.lt\\\/produktas\\\/lyderis-be-titulo\\\/#primaryimage\"},\"thumbnailUrl\":\"https:\\\/\\\/skaitytaknyga.lt\\\/wp-content\\\/uploads\\\/2026\\\/02\\\/Lyderis-be-titulo-1.webp\",\"datePublished\":\"2026-02-20T09:27:41+00:00\",\"dateModified\":\"2026-02-23T10:03:17+00:00\",\"description\":\"\u201ePo dvide\u0161imties met\u0173 jums kels didesn\u012f nusivylim\u0105 tie dalykai, kuri\u0173 nepadar\u0117te, negu tie, kuriuos padar\u0117te. Tad atri\u0161kite laivavirves. I\u0161plaukite i\u0161\",\"breadcrumb\":{\"@id\":\"https:\\\/\\\/skaitytaknyga.lt\\\/produktas\\\/lyderis-be-titulo\\\/#breadcrumb\"},\"inLanguage\":\"en-GB\",\"potentialAction\":[{\"@type\":\"ReadAction\",\"target\":[\"https:\\\/\\\/skaitytaknyga.lt\\\/produktas\\\/lyderis-be-titulo\\\/\"]}]},{\"@type\":\"ImageObject\",\"inLanguage\":\"en-GB\",\"@id\":\"https:\\\/\\\/skaitytaknyga.lt\\\/produktas\\\/lyderis-be-titulo\\\/#primaryimage\",\"url\":\"https:\\\/\\\/skaitytaknyga.lt\\\/wp-content\\\/uploads\\\/2026\\\/02\\\/Lyderis-be-titulo-1.webp\",\"contentUrl\":\"https:\\\/\\\/skaitytaknyga.lt\\\/wp-content\\\/uploads\\\/2026\\\/02\\\/Lyderis-be-titulo-1.webp\",\"width\":350,\"height\":350,\"caption\":\"Lyderis be titulo\"},{\"@type\":\"BreadcrumbList\",\"@id\":\"https:\\\/\\\/skaitytaknyga.lt\\\/produktas\\\/lyderis-be-titulo\\\/#breadcrumb\",\"itemListElement\":[{\"@type\":\"ListItem\",\"position\":1,\"name\":\"Home\",\"item\":\"https:\\\/\\\/skaitytaknyga.lt\\\/\"},{\"@type\":\"ListItem\",\"position\":2,\"name\":\"Parduotuv\u0117\",\"item\":\"https:\\\/\\\/skaitytaknyga.lt\\\/knygu-parduotuve\\\/\"},{\"@type\":\"ListItem\",\"position\":3,\"name\":\"Lyderis be titulo\"}]},{\"@type\":\"WebSite\",\"@id\":\"https:\\\/\\\/skaitytaknyga.lt\\\/#website\",\"url\":\"https:\\\/\\\/skaitytaknyga.lt\\\/\",\"name\":\"skaitytaknyga.lt\",\"description\":\"Skaitytaknyga.lt \u2013 tai ma\u017eas \u0161eimos verslas, kuris prasid\u0117jo nuo meil\u0117s knygoms ir siekio i\u0161gelb\u0117ti knygas nuo likimo prie konteinerio. Kas vienam nereikalingas daiktas \u2013 kitam lobis, o mes esame tarpininkai, kurie padeda abiems tapti laimingesniems ???? \u017dinome kaip nelengva i\u0161gyventi ma\u017eiems verslams, tad nuo \u0161iol, \u010dia rasite ir kit\u0173, ma\u017e\u0173 \u0161eim\u0173 versl\u0173, rank\u0173 darbo, dovan\u0173 sau ir artimiesiems.\",\"publisher\":{\"@id\":\"https:\\\/\\\/skaitytaknyga.lt\\\/#organization\"},\"potentialAction\":[{\"@type\":\"SearchAction\",\"target\":{\"@type\":\"EntryPoint\",\"urlTemplate\":\"https:\\\/\\\/skaitytaknyga.lt\\\/?s={search_term_string}\"},\"query-input\":{\"@type\":\"PropertyValueSpecification\",\"valueRequired\":true,\"valueName\":\"search_term_string\"}}],\"inLanguage\":\"en-GB\"},{\"@type\":\"Organization\",\"@id\":\"https:\\\/\\\/skaitytaknyga.lt\\\/#organization\",\"name\":\"skaitytaknyga.lt\",\"url\":\"https:\\\/\\\/skaitytaknyga.lt\\\/\",\"logo\":{\"@type\":\"ImageObject\",\"inLanguage\":\"en-GB\",\"@id\":\"https:\\\/\\\/skaitytaknyga.lt\\\/#\\\/schema\\\/logo\\\/image\\\/\",\"url\":\"https:\\\/\\\/skaitytaknyga.lt\\\/wp-content\\\/uploads\\\/2024\\\/05\\\/cropped-cropped-cropped-02_00843_jt3bggkj1j3HLc7SyY6rEUpg.jpeg\",\"contentUrl\":\"https:\\\/\\\/skaitytaknyga.lt\\\/wp-content\\\/uploads\\\/2024\\\/05\\\/cropped-cropped-cropped-02_00843_jt3bggkj1j3HLc7SyY6rEUpg.jpeg\",\"width\":1600,\"height\":1600,\"caption\":\"skaitytaknyga.lt\"},\"image\":{\"@id\":\"https:\\\/\\\/skaitytaknyga.lt\\\/#\\\/schema\\\/logo\\\/image\\\/\"},\"sameAs\":[\"https:\\\/\\\/www.facebook.com\\\/skaitytaknyga\\\/\"]}]}<\/script>\n<!-- \/ Yoast SEO plugin. -->","yoast_head_json":{"title":"Lyderis be titulo","description":"\u201ePo dvide\u0161imties met\u0173 jums kels didesn\u012f nusivylim\u0105 tie dalykai, kuri\u0173 nepadar\u0117te, negu tie, kuriuos padar\u0117te. Tad atri\u0161kite laivavirves. I\u0161plaukite i\u0161","robots":{"index":"index","follow":"follow","max-snippet":"max-snippet:-1","max-image-preview":"max-image-preview:large","max-video-preview":"max-video-preview:-1"},"canonical":"https:\/\/skaitytaknyga.lt\/en\/produktas\/lyderis-be-titulo\/","og_locale":"en_GB","og_type":"article","og_title":"[:lt]Lyderis be titulo[:] - Skaitytaknyga","og_description":"\u201ePo dvide\u0161imties met\u0173 jums kels didesn\u012f nusivylim\u0105 tie dalykai, kuri\u0173 nepadar\u0117te, negu tie, kuriuos padar\u0117te. Tad atri\u0161kite laivavirves. I\u0161plaukite i\u0161","og_url":"https:\/\/skaitytaknyga.lt\/en\/produktas\/lyderis-be-titulo\/","og_site_name":"Skaitytaknyga","article_publisher":"https:\/\/www.facebook.com\/skaitytaknyga\/","article_modified_time":"2026-02-23T10:03:17+00:00","og_image":[{"width":350,"height":350,"url":"https:\/\/skaitytaknyga.lt\/wp-content\/uploads\/2026\/02\/Lyderis-be-titulo-1.webp","type":"image\/webp"}],"twitter_card":"summary_large_image","twitter_misc":{"Estimated reading time":"1 minute"},"schema":{"@context":"https:\/\/schema.org","@graph":[{"@type":"WebPage","@id":"https:\/\/skaitytaknyga.lt\/produktas\/lyderis-be-titulo\/","url":"https:\/\/skaitytaknyga.lt\/produktas\/lyderis-be-titulo\/","name":"Lyderis be titulo","isPartOf":{"@id":"https:\/\/skaitytaknyga.lt\/#website"},"primaryImageOfPage":{"@id":"https:\/\/skaitytaknyga.lt\/produktas\/lyderis-be-titulo\/#primaryimage"},"image":{"@id":"https:\/\/skaitytaknyga.lt\/produktas\/lyderis-be-titulo\/#primaryimage"},"thumbnailUrl":"https:\/\/skaitytaknyga.lt\/wp-content\/uploads\/2026\/02\/Lyderis-be-titulo-1.webp","datePublished":"2026-02-20T09:27:41+00:00","dateModified":"2026-02-23T10:03:17+00:00","description":"\u201ePo dvide\u0161imties met\u0173 jums kels didesn\u012f nusivylim\u0105 tie dalykai, kuri\u0173 nepadar\u0117te, negu tie, kuriuos padar\u0117te. Tad atri\u0161kite laivavirves. I\u0161plaukite i\u0161","breadcrumb":{"@id":"https:\/\/skaitytaknyga.lt\/produktas\/lyderis-be-titulo\/#breadcrumb"},"inLanguage":"en-GB","potentialAction":[{"@type":"ReadAction","target":["https:\/\/skaitytaknyga.lt\/produktas\/lyderis-be-titulo\/"]}]},{"@type":"ImageObject","inLanguage":"en-GB","@id":"https:\/\/skaitytaknyga.lt\/produktas\/lyderis-be-titulo\/#primaryimage","url":"https:\/\/skaitytaknyga.lt\/wp-content\/uploads\/2026\/02\/Lyderis-be-titulo-1.webp","contentUrl":"https:\/\/skaitytaknyga.lt\/wp-content\/uploads\/2026\/02\/Lyderis-be-titulo-1.webp","width":350,"height":350,"caption":"Lyderis be titulo"},{"@type":"BreadcrumbList","@id":"https:\/\/skaitytaknyga.lt\/produktas\/lyderis-be-titulo\/#breadcrumb","itemListElement":[{"@type":"ListItem","position":1,"name":"Home","item":"https:\/\/skaitytaknyga.lt\/"},{"@type":"ListItem","position":2,"name":"Parduotuv\u0117","item":"https:\/\/skaitytaknyga.lt\/knygu-parduotuve\/"},{"@type":"ListItem","position":3,"name":"Lyderis be titulo"}]},{"@type":"WebSite","@id":"https:\/\/skaitytaknyga.lt\/#website","url":"https:\/\/skaitytaknyga.lt\/","name":"skaitytaknyga.lt","description":"Skaitytaknyga.lt \u2013 tai ma\u017eas \u0161eimos verslas, kuris prasid\u0117jo nuo meil\u0117s knygoms ir siekio i\u0161gelb\u0117ti knygas nuo likimo prie konteinerio. Kas vienam nereikalingas daiktas \u2013 kitam lobis, o mes esame tarpininkai, kurie padeda abiems tapti laimingesniems ???? \u017dinome kaip nelengva i\u0161gyventi ma\u017eiems verslams, tad nuo \u0161iol, \u010dia rasite ir kit\u0173, ma\u017e\u0173 \u0161eim\u0173 versl\u0173, rank\u0173 darbo, dovan\u0173 sau ir artimiesiems.","publisher":{"@id":"https:\/\/skaitytaknyga.lt\/#organization"},"potentialAction":[{"@type":"SearchAction","target":{"@type":"EntryPoint","urlTemplate":"https:\/\/skaitytaknyga.lt\/?s={search_term_string}"},"query-input":{"@type":"PropertyValueSpecification","valueRequired":true,"valueName":"search_term_string"}}],"inLanguage":"en-GB"},{"@type":"Organization","@id":"https:\/\/skaitytaknyga.lt\/#organization","name":"skaitytaknyga.lt","url":"https:\/\/skaitytaknyga.lt\/","logo":{"@type":"ImageObject","inLanguage":"en-GB","@id":"https:\/\/skaitytaknyga.lt\/#\/schema\/logo\/image\/","url":"https:\/\/skaitytaknyga.lt\/wp-content\/uploads\/2024\/05\/cropped-cropped-cropped-02_00843_jt3bggkj1j3HLc7SyY6rEUpg.jpeg","contentUrl":"https:\/\/skaitytaknyga.lt\/wp-content\/uploads\/2024\/05\/cropped-cropped-cropped-02_00843_jt3bggkj1j3HLc7SyY6rEUpg.jpeg","width":1600,"height":1600,"caption":"skaitytaknyga.lt"},"image":{"@id":"https:\/\/skaitytaknyga.lt\/#\/schema\/logo\/image\/"},"sameAs":["https:\/\/www.facebook.com\/skaitytaknyga\/"]}]}},"_links":{"self":[{"href":"https:\/\/skaitytaknyga.lt\/en\/wp-json\/wp\/v2\/product\/23097","targetHints":{"allow":["GET"]}}],"collection":[{"href":"https:\/\/skaitytaknyga.lt\/en\/wp-json\/wp\/v2\/product"}],"about":[{"href":"https:\/\/skaitytaknyga.lt\/en\/wp-json\/wp\/v2\/types\/product"}],"replies":[{"embeddable":true,"href":"https:\/\/skaitytaknyga.lt\/en\/wp-json\/wp\/v2\/comments?post=23097"}],"wp:featuredmedia":[{"embeddable":true,"href":"https:\/\/skaitytaknyga.lt\/en\/wp-json\/wp\/v2\/media\/23109"}],"wp:attachment":[{"href":"https:\/\/skaitytaknyga.lt\/en\/wp-json\/wp\/v2\/media?parent=23097"}],"wp:term":[{"taxonomy":"product_brand","embeddable":true,"href":"https:\/\/skaitytaknyga.lt\/en\/wp-json\/wp\/v2\/product_brand?post=23097"},{"taxonomy":"product_cat","embeddable":true,"href":"https:\/\/skaitytaknyga.lt\/en\/wp-json\/wp\/v2\/product_cat?post=23097"},{"taxonomy":"product_tag","embeddable":true,"href":"https:\/\/skaitytaknyga.lt\/en\/wp-json\/wp\/v2\/product_tag?post=23097"}],"curies":[{"name":"wp","href":"https:\/\/api.w.org\/{rel}","templated":true}]}}