{"id":23096,"date":"2026-02-20T11:27:40","date_gmt":"2026-02-20T09:27:40","guid":{"rendered":"https:\/\/skaitytaknyga.lt\/?post_type=product&#038;p=23096"},"modified":"2026-03-18T11:50:36","modified_gmt":"2026-03-18T09:50:36","slug":"meiles-menas-2","status":"publish","type":"product","link":"https:\/\/skaitytaknyga.lt\/en\/produktas\/meiles-menas-2\/","title":{"rendered":"Meil\u0117s menas"},"content":{"rendered":"<p>Viena i\u0161 populiariausi\u0173 E. Frommo knyg\u0173 \u201eMeil\u0117s menas\u201c suprantamai ir patraukliai gilinasi \u012f sud\u0117tingiausias \u017emogaus b\u016bties problemas. Autorius gvildena b\u016bdus, kaip \u0161is neeilinis jausmas gali pakeisti gyvenim\u0105, ir aptaria visus meil\u0117s aspektus: ne tik romanti\u0161k\u0105 vyro ir moters meil\u0119, da\u017enai gaubiam\u0105 neteising\u0173 supratim\u0173, bet ir t\u0117v\u0173 bei vaik\u0173 meil\u0119, ry\u0161\u012f tarp gimini\u0173, visai svetim\u0173 \u017emoni\u0173, \u017emogaus meil\u0119 sau ir Dievui.<\/p>\n<p>Kiekviena eilut\u0117 kupina prasm\u0117s bei gilios \u012f\u017evalgos, kuri i\u0161lieka visam gyvenimui, perskai\u010dius \u0161i\u0105 puiki\u0105 knyg\u0105.<\/p>\n<p>Erichas Frommas (1900 &#8211; 1980) garsus psichologas ir filosofas, 1934 m. emigrav\u0119s \u012f JAV, kur d\u0117st\u0117 Kolumbijos, Jeilio ir Niujorko universitetuose. Pasaulin\u0119 \u0161lov\u0119 jam peln\u0117 knygos \u201eLaisv\u0117s baim\u0117\u201c, \u201e\u017dmogus sau\u201c, \u201e\u017dmogaus \u0161irdis\u201c, \u201ePsichoanaliz\u0117 ir religija\u201c ir kt.<\/p>\n","protected":false},"excerpt":{"rendered":"<p>Viena i\u0161 populiariausi\u0173 E. Frommo knyg\u0173 \u201eMeil\u0117s menas\u201c suprantamai ir patraukliai gilinasi \u012f sud\u0117tingiausias \u017emogaus b\u016bties problemas. Autorius gvildena b\u016bdus, kaip \u0161is neeilinis jausmas gali pakeisti gyvenim\u0105, ir aptaria visus meil\u0117s aspektus: ne tik romanti\u0161k\u0105 vyro ir moters meil\u0119, da\u017enai gaubiam\u0105 neteising\u0173 supratim\u0173, bet ir t\u0117v\u0173 bei vaik\u0173 meil\u0119, ry\u0161\u012f tarp gimini\u0173, visai svetim\u0173 \u017emoni\u0173, \u017emogaus meil\u0119 sau ir Dievui. Kiekviena eilut\u0117 kupina prasm\u0117s bei gilios \u012f\u017evalgos, kuri i\u0161lieka visam gyvenimui, perskai\u010dius \u0161i\u0105 puiki\u0105 knyg\u0105. Erichas Frommas (1900 &#8211; 1980) garsus psichologas ir filosofas, 1934 m. emigrav\u0119s \u012f JAV, kur d\u0117st\u0117 Kolumbijos, Jeilio ir Niujorko universitetuose. Pasaulin\u0119 \u0161lov\u0119 jam peln\u0117 knygos \u201eLaisv\u0117s baim\u0117\u201c, \u201e\u017dmogus sau\u201c, \u201e\u017dmogaus \u0161irdis\u201c, \u201ePsichoanaliz\u0117 ir religija\u201c ir kt.<\/p>\n","protected":false},"featured_media":23108,"comment_status":"open","ping_status":"closed","template":"","meta":{"_acf_changed":false,"site-sidebar-layout":"default","site-content-layout":"","ast-site-content-layout":"default","site-content-style":"default","site-sidebar-style":"default","ast-global-header-display":"","ast-banner-title-visibility":"","ast-main-header-display":"","ast-hfb-above-header-display":"","ast-hfb-below-header-display":"","ast-hfb-mobile-header-display":"","site-post-title":"","ast-breadcrumbs-content":"","ast-featured-img":"","footer-sml-layout":"","ast-disable-related-posts":"","theme-transparent-header-meta":"","adv-header-id-meta":"","stick-header-meta":"","header-above-stick-meta":"","header-main-stick-meta":"","header-below-stick-meta":"","astra-migrate-meta-layouts":"default","ast-page-background-enabled":"default","ast-page-background-meta":{"desktop":{"background-color":"","background-image":"","background-repeat":"repeat","background-position":"center center","background-size":"auto","background-attachment":"scroll","background-type":"","background-media":"","overlay-type":"","overlay-color":"","overlay-opacity":"","overlay-gradient":""},"tablet":{"background-color":"","background-image":"","background-repeat":"repeat","background-position":"center center","background-size":"auto","background-attachment":"scroll","background-type":"","background-media":"","overlay-type":"","overlay-color":"","overlay-opacity":"","overlay-gradient":""},"mobile":{"background-color":"","background-image":"","background-repeat":"repeat","background-position":"center center","background-size":"auto","background-attachment":"scroll","background-type":"","background-media":"","overlay-type":"","overlay-color":"","overlay-opacity":"","overlay-gradient":""}},"ast-content-background-meta":{"desktop":{"background-color":"var(--ast-global-color-4)","background-image":"","background-repeat":"repeat","background-position":"center center","background-size":"auto","background-attachment":"scroll","background-type":"","background-media":"","overlay-type":"","overlay-color":"","overlay-opacity":"","overlay-gradient":""},"tablet":{"background-color":"var(--ast-global-color-4)","background-image":"","background-repeat":"repeat","background-position":"center center","background-size":"auto","background-attachment":"scroll","background-type":"","background-media":"","overlay-type":"","overlay-color":"","overlay-opacity":"","overlay-gradient":""},"mobile":{"background-color":"var(--ast-global-color-4)","background-image":"","background-repeat":"repeat","background-position":"center center","background-size":"auto","background-attachment":"scroll","background-type":"","background-media":"","overlay-type":"","overlay-color":"","overlay-opacity":"","overlay-gradient":""}}},"product_brand":[],"product_cat":[15],"product_tag":[9492],"class_list":{"0":"post-23096","1":"product","2":"type-product","3":"status-publish","4":"has-post-thumbnail","6":"product_cat-uncategorized","7":"product_tag-erich-fromm","8":"desktop-align-left","9":"tablet-align-left","10":"mobile-align-left","12":"first","13":"instock","14":"shipping-taxable","15":"purchasable","16":"product-type-simple"},"acf":[],"yoast_head":"<!-- This site is optimized with the Yoast SEO plugin v27.0 - https:\/\/yoast.com\/product\/yoast-seo-wordpress\/ -->\n<title>Meil\u0117s menas<\/title>\n<meta name=\"description\" content=\"Viena i\u0161 populiariausi\u0173 E. Frommo knyg\u0173 \u201eMeil\u0117s menas\u201c suprantamai ir patraukliai gilinasi \u012f sud\u0117tingiausias \u017emogaus b\u016bties problemas. Autorius gvildena\" \/>\n<meta name=\"robots\" content=\"index, follow, max-snippet:-1, max-image-preview:large, max-video-preview:-1\" \/>\n<link rel=\"canonical\" href=\"https:\/\/skaitytaknyga.lt\/en\/produktas\/meiles-menas-2\/\" \/>\n<meta property=\"og:locale\" content=\"en_GB\" \/>\n<meta property=\"og:locale:alternate\" content=\"lt_LT\" \/>\n<meta property=\"og:type\" content=\"article\" \/>\n<meta property=\"og:title\" content=\"Meil\u0117s menas\" \/>\n<meta property=\"og:description\" content=\"Viena i\u0161 populiariausi\u0173 E. Frommo knyg\u0173 \u201eMeil\u0117s menas\u201c suprantamai ir patraukliai gilinasi \u012f sud\u0117tingiausias \u017emogaus b\u016bties problemas. Autorius gvildena\" \/>\n<meta property=\"og:url\" content=\"https:\/\/skaitytaknyga.lt\/en\/produktas\/meiles-menas-2\/\" \/>\n<meta property=\"og:site_name\" content=\"Skaitytaknyga\" \/>\n<meta property=\"article:publisher\" content=\"https:\/\/www.facebook.com\/skaitytaknyga\/\" \/>\n<meta property=\"article:modified_time\" content=\"2026-03-18T09:50:36+00:00\" \/>\n<meta property=\"og:image\" content=\"https:\/\/skaitytaknyga.lt\/wp-content\/uploads\/2026\/02\/Meiles-menas-1.webp\" \/>\n\t<meta property=\"og:image:width\" content=\"300\" \/>\n\t<meta property=\"og:image:height\" content=\"466\" \/>\n\t<meta property=\"og:image:type\" content=\"image\/webp\" \/>\n<meta name=\"twitter:card\" content=\"summary_large_image\" \/>\n<meta name=\"twitter:label1\" content=\"Estimated reading time\" \/>\n\t<meta name=\"twitter:data1\" content=\"1 minute\" \/>\n<script type=\"application\/ld+json\" class=\"yoast-schema-graph\">{\"@context\":\"https:\/\/schema.org\",\"@graph\":[{\"@type\":\"WebPage\",\"@id\":\"https:\/\/skaitytaknyga.lt\/produktas\/meiles-menas-2\/\",\"url\":\"https:\/\/skaitytaknyga.lt\/produktas\/meiles-menas-2\/\",\"name\":\"Meil\u0117s menas\",\"isPartOf\":{\"@id\":\"https:\/\/skaitytaknyga.lt\/#website\"},\"primaryImageOfPage\":{\"@id\":\"https:\/\/skaitytaknyga.lt\/produktas\/meiles-menas-2\/#primaryimage\"},\"image\":{\"@id\":\"https:\/\/skaitytaknyga.lt\/produktas\/meiles-menas-2\/#primaryimage\"},\"thumbnailUrl\":\"https:\/\/skaitytaknyga.lt\/wp-content\/uploads\/2026\/02\/Meiles-menas-1.webp\",\"datePublished\":\"2026-02-20T09:27:40+00:00\",\"dateModified\":\"2026-03-18T09:50:36+00:00\",\"description\":\"Viena i\u0161 populiariausi\u0173 E. Frommo knyg\u0173 \u201eMeil\u0117s menas\u201c suprantamai ir patraukliai gilinasi \u012f sud\u0117tingiausias \u017emogaus b\u016bties problemas. Autorius gvildena\",\"breadcrumb\":{\"@id\":\"https:\/\/skaitytaknyga.lt\/produktas\/meiles-menas-2\/#breadcrumb\"},\"inLanguage\":\"en-GB\",\"potentialAction\":[{\"@type\":\"ReadAction\",\"target\":[\"https:\/\/skaitytaknyga.lt\/produktas\/meiles-menas-2\/\"]}]},{\"@type\":\"ImageObject\",\"inLanguage\":\"en-GB\",\"@id\":\"https:\/\/skaitytaknyga.lt\/produktas\/meiles-menas-2\/#primaryimage\",\"url\":\"https:\/\/skaitytaknyga.lt\/wp-content\/uploads\/2026\/02\/Meiles-menas-1.webp\",\"contentUrl\":\"https:\/\/skaitytaknyga.lt\/wp-content\/uploads\/2026\/02\/Meiles-menas-1.webp\",\"width\":300,\"height\":466},{\"@type\":\"BreadcrumbList\",\"@id\":\"https:\/\/skaitytaknyga.lt\/produktas\/meiles-menas-2\/#breadcrumb\",\"itemListElement\":[{\"@type\":\"ListItem\",\"position\":1,\"name\":\"Home\",\"item\":\"https:\/\/skaitytaknyga.lt\/\"},{\"@type\":\"ListItem\",\"position\":2,\"name\":\"Parduotuv\u0117\",\"item\":\"https:\/\/skaitytaknyga.lt\/knygu-parduotuve\/\"},{\"@type\":\"ListItem\",\"position\":3,\"name\":\"Meil\u0117s menas\"}]},{\"@type\":\"WebSite\",\"@id\":\"https:\/\/skaitytaknyga.lt\/#website\",\"url\":\"https:\/\/skaitytaknyga.lt\/\",\"name\":\"skaitytaknyga.lt\",\"description\":\"Skaitytaknyga.lt \u2013 tai ma\u017eas \u0161eimos verslas, kuris prasid\u0117jo nuo meil\u0117s knygoms ir siekio i\u0161gelb\u0117ti knygas nuo likimo prie konteinerio. Kas vienam nereikalingas daiktas \u2013 kitam lobis, o mes esame tarpininkai, kurie padeda abiems tapti laimingesniems ???? \u017dinome kaip nelengva i\u0161gyventi ma\u017eiems verslams, tad nuo \u0161iol, \u010dia rasite ir kit\u0173, ma\u017e\u0173 \u0161eim\u0173 versl\u0173, rank\u0173 darbo, dovan\u0173 sau ir artimiesiems.\",\"publisher\":{\"@id\":\"https:\/\/skaitytaknyga.lt\/#organization\"},\"potentialAction\":[{\"@type\":\"SearchAction\",\"target\":{\"@type\":\"EntryPoint\",\"urlTemplate\":\"https:\/\/skaitytaknyga.lt\/?s={search_term_string}\"},\"query-input\":{\"@type\":\"PropertyValueSpecification\",\"valueRequired\":true,\"valueName\":\"search_term_string\"}}],\"inLanguage\":\"en-GB\"},{\"@type\":\"Organization\",\"@id\":\"https:\/\/skaitytaknyga.lt\/#organization\",\"name\":\"skaitytaknyga.lt\",\"url\":\"https:\/\/skaitytaknyga.lt\/\",\"logo\":{\"@type\":\"ImageObject\",\"inLanguage\":\"en-GB\",\"@id\":\"https:\/\/skaitytaknyga.lt\/#\/schema\/logo\/image\/\",\"url\":\"https:\/\/skaitytaknyga.lt\/wp-content\/uploads\/2024\/05\/cropped-cropped-cropped-02_00843_jt3bggkj1j3HLc7SyY6rEUpg.jpeg\",\"contentUrl\":\"https:\/\/skaitytaknyga.lt\/wp-content\/uploads\/2024\/05\/cropped-cropped-cropped-02_00843_jt3bggkj1j3HLc7SyY6rEUpg.jpeg\",\"width\":1600,\"height\":1600,\"caption\":\"skaitytaknyga.lt\"},\"image\":{\"@id\":\"https:\/\/skaitytaknyga.lt\/#\/schema\/logo\/image\/\"},\"sameAs\":[\"https:\/\/www.facebook.com\/skaitytaknyga\/\"]}]}<\/script>\n<!-- \/ Yoast SEO plugin. -->","yoast_head_json":{"title":"Meil\u0117s menas","description":"Viena i\u0161 populiariausi\u0173 E. Frommo knyg\u0173 \u201eMeil\u0117s menas\u201c suprantamai ir patraukliai gilinasi \u012f sud\u0117tingiausias \u017emogaus b\u016bties problemas. Autorius gvildena","robots":{"index":"index","follow":"follow","max-snippet":"max-snippet:-1","max-image-preview":"max-image-preview:large","max-video-preview":"max-video-preview:-1"},"canonical":"https:\/\/skaitytaknyga.lt\/en\/produktas\/meiles-menas-2\/","og_locale":"en_GB","og_type":"article","og_title":"[:lt]Meil\u0117s menas[:] - Skaitytaknyga","og_description":"Viena i\u0161 populiariausi\u0173 E. Frommo knyg\u0173 \u201eMeil\u0117s menas\u201c suprantamai ir patraukliai gilinasi \u012f sud\u0117tingiausias \u017emogaus b\u016bties problemas. Autorius gvildena","og_url":"https:\/\/skaitytaknyga.lt\/en\/produktas\/meiles-menas-2\/","og_site_name":"Skaitytaknyga","article_publisher":"https:\/\/www.facebook.com\/skaitytaknyga\/","article_modified_time":"2026-03-18T09:50:36+00:00","og_image":[{"width":300,"height":466,"url":"https:\/\/skaitytaknyga.lt\/wp-content\/uploads\/2026\/02\/Meiles-menas-1.webp","type":"image\/webp"}],"twitter_card":"summary_large_image","twitter_misc":{"Estimated reading time":"1 minute"},"schema":{"@context":"https:\/\/schema.org","@graph":[{"@type":"WebPage","@id":"https:\/\/skaitytaknyga.lt\/produktas\/meiles-menas-2\/","url":"https:\/\/skaitytaknyga.lt\/produktas\/meiles-menas-2\/","name":"Meil\u0117s menas","isPartOf":{"@id":"https:\/\/skaitytaknyga.lt\/#website"},"primaryImageOfPage":{"@id":"https:\/\/skaitytaknyga.lt\/produktas\/meiles-menas-2\/#primaryimage"},"image":{"@id":"https:\/\/skaitytaknyga.lt\/produktas\/meiles-menas-2\/#primaryimage"},"thumbnailUrl":"https:\/\/skaitytaknyga.lt\/wp-content\/uploads\/2026\/02\/Meiles-menas-1.webp","datePublished":"2026-02-20T09:27:40+00:00","dateModified":"2026-03-18T09:50:36+00:00","description":"Viena i\u0161 populiariausi\u0173 E. Frommo knyg\u0173 \u201eMeil\u0117s menas\u201c suprantamai ir patraukliai gilinasi \u012f sud\u0117tingiausias \u017emogaus b\u016bties problemas. Autorius gvildena","breadcrumb":{"@id":"https:\/\/skaitytaknyga.lt\/produktas\/meiles-menas-2\/#breadcrumb"},"inLanguage":"en-GB","potentialAction":[{"@type":"ReadAction","target":["https:\/\/skaitytaknyga.lt\/produktas\/meiles-menas-2\/"]}]},{"@type":"ImageObject","inLanguage":"en-GB","@id":"https:\/\/skaitytaknyga.lt\/produktas\/meiles-menas-2\/#primaryimage","url":"https:\/\/skaitytaknyga.lt\/wp-content\/uploads\/2026\/02\/Meiles-menas-1.webp","contentUrl":"https:\/\/skaitytaknyga.lt\/wp-content\/uploads\/2026\/02\/Meiles-menas-1.webp","width":300,"height":466},{"@type":"BreadcrumbList","@id":"https:\/\/skaitytaknyga.lt\/produktas\/meiles-menas-2\/#breadcrumb","itemListElement":[{"@type":"ListItem","position":1,"name":"Home","item":"https:\/\/skaitytaknyga.lt\/"},{"@type":"ListItem","position":2,"name":"Parduotuv\u0117","item":"https:\/\/skaitytaknyga.lt\/knygu-parduotuve\/"},{"@type":"ListItem","position":3,"name":"Meil\u0117s menas"}]},{"@type":"WebSite","@id":"https:\/\/skaitytaknyga.lt\/#website","url":"https:\/\/skaitytaknyga.lt\/","name":"skaitytaknyga.lt","description":"Skaitytaknyga.lt \u2013 tai ma\u017eas \u0161eimos verslas, kuris prasid\u0117jo nuo meil\u0117s knygoms ir siekio i\u0161gelb\u0117ti knygas nuo likimo prie konteinerio. Kas vienam nereikalingas daiktas \u2013 kitam lobis, o mes esame tarpininkai, kurie padeda abiems tapti laimingesniems ???? \u017dinome kaip nelengva i\u0161gyventi ma\u017eiems verslams, tad nuo \u0161iol, \u010dia rasite ir kit\u0173, ma\u017e\u0173 \u0161eim\u0173 versl\u0173, rank\u0173 darbo, dovan\u0173 sau ir artimiesiems.","publisher":{"@id":"https:\/\/skaitytaknyga.lt\/#organization"},"potentialAction":[{"@type":"SearchAction","target":{"@type":"EntryPoint","urlTemplate":"https:\/\/skaitytaknyga.lt\/?s={search_term_string}"},"query-input":{"@type":"PropertyValueSpecification","valueRequired":true,"valueName":"search_term_string"}}],"inLanguage":"en-GB"},{"@type":"Organization","@id":"https:\/\/skaitytaknyga.lt\/#organization","name":"skaitytaknyga.lt","url":"https:\/\/skaitytaknyga.lt\/","logo":{"@type":"ImageObject","inLanguage":"en-GB","@id":"https:\/\/skaitytaknyga.lt\/#\/schema\/logo\/image\/","url":"https:\/\/skaitytaknyga.lt\/wp-content\/uploads\/2024\/05\/cropped-cropped-cropped-02_00843_jt3bggkj1j3HLc7SyY6rEUpg.jpeg","contentUrl":"https:\/\/skaitytaknyga.lt\/wp-content\/uploads\/2024\/05\/cropped-cropped-cropped-02_00843_jt3bggkj1j3HLc7SyY6rEUpg.jpeg","width":1600,"height":1600,"caption":"skaitytaknyga.lt"},"image":{"@id":"https:\/\/skaitytaknyga.lt\/#\/schema\/logo\/image\/"},"sameAs":["https:\/\/www.facebook.com\/skaitytaknyga\/"]}]}},"_links":{"self":[{"href":"https:\/\/skaitytaknyga.lt\/en\/wp-json\/wp\/v2\/product\/23096","targetHints":{"allow":["GET"]}}],"collection":[{"href":"https:\/\/skaitytaknyga.lt\/en\/wp-json\/wp\/v2\/product"}],"about":[{"href":"https:\/\/skaitytaknyga.lt\/en\/wp-json\/wp\/v2\/types\/product"}],"replies":[{"embeddable":true,"href":"https:\/\/skaitytaknyga.lt\/en\/wp-json\/wp\/v2\/comments?post=23096"}],"wp:featuredmedia":[{"embeddable":true,"href":"https:\/\/skaitytaknyga.lt\/en\/wp-json\/wp\/v2\/media\/23108"}],"wp:attachment":[{"href":"https:\/\/skaitytaknyga.lt\/en\/wp-json\/wp\/v2\/media?parent=23096"}],"wp:term":[{"taxonomy":"product_brand","embeddable":true,"href":"https:\/\/skaitytaknyga.lt\/en\/wp-json\/wp\/v2\/product_brand?post=23096"},{"taxonomy":"product_cat","embeddable":true,"href":"https:\/\/skaitytaknyga.lt\/en\/wp-json\/wp\/v2\/product_cat?post=23096"},{"taxonomy":"product_tag","embeddable":true,"href":"https:\/\/skaitytaknyga.lt\/en\/wp-json\/wp\/v2\/product_tag?post=23096"}],"curies":[{"name":"wp","href":"https:\/\/api.w.org\/{rel}","templated":true}]}}