{"id":23095,"date":"2026-02-20T11:27:40","date_gmt":"2026-02-20T09:27:40","guid":{"rendered":"https:\/\/skaitytaknyga.lt\/?post_type=product&#038;p=23095"},"modified":"2026-03-11T14:22:50","modified_gmt":"2026-03-11T12:22:50","slug":"tiems-kurie-neskaito","status":"publish","type":"product","link":"https:\/\/skaitytaknyga.lt\/en\/produktas\/tiems-kurie-neskaito\/","title":{"rendered":"Tiems, kurie neskaito"},"content":{"rendered":"<p>Knygos veik\u0117jai Ofisinis, R\u016btel\u0117, Edgaras, Tautvydas ir Arina gyvena tarp auk\u0161t\u0173 didmies\u010dio daugiabu\u010di\u0173. Atsitiktin\u0117s pa\u017eintys, nepasitik\u0117jimas savimi, priklausomyb\u0117s, lengv\u0173 sprendim\u0173 paie\u0161kos \u2013 lo\u0161imas, alkoholis, d\u016bmai, socialini\u0173 tinkl\u0173 li\u016bnas, emigracija \u2013 knygos veik\u0117j\u0173 kasdienyb\u0117. Bet visi jie svajoja apie kitok\u012f gyvenim\u0105.<\/p>\n<p>\u201eTiems, kurie neskaito\u201c \u2013 tai pasakojimas apie \u017emones, kuriuos galime sutikti bare penktadienio vakar\u0105, sporto klube ar laukdami eil\u0117je prie greitojo maisto kiosko. Galb\u016bt tai m\u016bs\u0173 vaikyst\u0117s draugai ar seni klasiokai, o gal netgi mes patys arba m\u016bs\u0173 jauni suaug\u0119 vaikai.<\/p>\n<p>Pirmoji tinklara\u0161tininko Beno Lastausko knyga, para\u0161yta gerai atpa\u017e\u012fstamu \u017eargonu, nevengiant organi\u0161ko ir kartais itin \u0161iurk\u0161taus slengo, traukia autenti\u0161kais dialogais ir netik\u0117tais siu\u017eeto pos\u016bkiais. Vis d\u0117lto i\u0161 pirmo \u017evilgsnio lengvab\u016bdi\u0161kas pasakojimas kelia \u0161iuolaikinio jauno \u017emogaus socialinio, emocinio gyvenimo ir priklausomybi\u0173 klausimus, tampa lyg subjektyviu autoriaus antropologiniu tyrimu.<\/p>\n","protected":false},"excerpt":{"rendered":"<p>Knygos veik\u0117jai Ofisinis, R\u016btel\u0117, Edgaras, Tautvydas ir Arina gyvena tarp auk\u0161t\u0173 didmies\u010dio daugiabu\u010di\u0173. Atsitiktin\u0117s pa\u017eintys, nepasitik\u0117jimas savimi, priklausomyb\u0117s, lengv\u0173 sprendim\u0173 paie\u0161kos \u2013 lo\u0161imas, alkoholis, d\u016bmai, socialini\u0173 tinkl\u0173 li\u016bnas, emigracija \u2013 knygos veik\u0117j\u0173 kasdienyb\u0117. Bet visi jie svajoja apie kitok\u012f gyvenim\u0105. \u201eTiems, kurie neskaito\u201c \u2013 tai pasakojimas apie \u017emones, kuriuos galime sutikti bare penktadienio vakar\u0105, sporto klube ar laukdami eil\u0117je prie greitojo maisto kiosko. Galb\u016bt tai m\u016bs\u0173 vaikyst\u0117s draugai ar seni klasiokai, o gal netgi mes patys arba m\u016bs\u0173 jauni suaug\u0119 vaikai. Pirmoji tinklara\u0161tininko Beno Lastausko knyga, para\u0161yta gerai atpa\u017e\u012fstamu \u017eargonu, nevengiant organi\u0161ko ir kartais itin \u0161iurk\u0161taus slengo, traukia autenti\u0161kais dialogais ir netik\u0117tais siu\u017eeto pos\u016bkiais. Vis d\u0117lto i\u0161 pirmo \u017evilgsnio lengvab\u016bdi\u0161kas pasakojimas kelia \u0161iuolaikinio jauno \u017emogaus socialinio, emocinio gyvenimo ir priklausomybi\u0173 klausimus, tampa lyg subjektyviu autoriaus antropologiniu tyrimu.<\/p>\n","protected":false},"featured_media":23107,"comment_status":"open","ping_status":"closed","template":"","meta":{"_acf_changed":false,"site-sidebar-layout":"default","site-content-layout":"","ast-site-content-layout":"default","site-content-style":"default","site-sidebar-style":"default","ast-global-header-display":"","ast-banner-title-visibility":"","ast-main-header-display":"","ast-hfb-above-header-display":"","ast-hfb-below-header-display":"","ast-hfb-mobile-header-display":"","site-post-title":"","ast-breadcrumbs-content":"","ast-featured-img":"","footer-sml-layout":"","ast-disable-related-posts":"","theme-transparent-header-meta":"","adv-header-id-meta":"","stick-header-meta":"","header-above-stick-meta":"","header-main-stick-meta":"","header-below-stick-meta":"","astra-migrate-meta-layouts":"default","ast-page-background-enabled":"default","ast-page-background-meta":{"desktop":{"background-color":"","background-image":"","background-repeat":"repeat","background-position":"center center","background-size":"auto","background-attachment":"scroll","background-type":"","background-media":"","overlay-type":"","overlay-color":"","overlay-opacity":"","overlay-gradient":""},"tablet":{"background-color":"","background-image":"","background-repeat":"repeat","background-position":"center center","background-size":"auto","background-attachment":"scroll","background-type":"","background-media":"","overlay-type":"","overlay-color":"","overlay-opacity":"","overlay-gradient":""},"mobile":{"background-color":"","background-image":"","background-repeat":"repeat","background-position":"center center","background-size":"auto","background-attachment":"scroll","background-type":"","background-media":"","overlay-type":"","overlay-color":"","overlay-opacity":"","overlay-gradient":""}},"ast-content-background-meta":{"desktop":{"background-color":"var(--ast-global-color-4)","background-image":"","background-repeat":"repeat","background-position":"center center","background-size":"auto","background-attachment":"scroll","background-type":"","background-media":"","overlay-type":"","overlay-color":"","overlay-opacity":"","overlay-gradient":""},"tablet":{"background-color":"var(--ast-global-color-4)","background-image":"","background-repeat":"repeat","background-position":"center center","background-size":"auto","background-attachment":"scroll","background-type":"","background-media":"","overlay-type":"","overlay-color":"","overlay-opacity":"","overlay-gradient":""},"mobile":{"background-color":"var(--ast-global-color-4)","background-image":"","background-repeat":"repeat","background-position":"center center","background-size":"auto","background-attachment":"scroll","background-type":"","background-media":"","overlay-type":"","overlay-color":"","overlay-opacity":"","overlay-gradient":""}}},"product_brand":[],"product_cat":[31],"product_tag":[9490],"class_list":{"0":"post-23095","1":"product","2":"type-product","3":"status-publish","4":"has-post-thumbnail","6":"product_cat-grozine-literatura","7":"product_tag-benas-lastauskas","8":"desktop-align-left","9":"tablet-align-left","10":"mobile-align-left","12":"first","13":"outofstock","14":"shipping-taxable","15":"purchasable","16":"product-type-simple"},"acf":[],"yoast_head":"<!-- This site is optimized with the Yoast SEO plugin v27.0 - https:\/\/yoast.com\/product\/yoast-seo-wordpress\/ -->\n<title>Tiems, kurie neskaito<\/title>\n<meta name=\"description\" content=\"Knygos veik\u0117jai Ofisinis, R\u016btel\u0117, Edgaras, Tautvydas ir Arina gyvena tarp auk\u0161t\u0173 didmies\u010dio daugiabu\u010di\u0173. Atsitiktin\u0117s pa\u017eintys, nepasitik\u0117jimas savimi,\" \/>\n<meta name=\"robots\" content=\"index, follow, max-snippet:-1, max-image-preview:large, max-video-preview:-1\" \/>\n<link rel=\"canonical\" href=\"https:\/\/skaitytaknyga.lt\/en\/produktas\/tiems-kurie-neskaito\/\" \/>\n<meta property=\"og:locale\" content=\"en_GB\" \/>\n<meta property=\"og:locale:alternate\" content=\"lt_LT\" \/>\n<meta property=\"og:type\" content=\"article\" \/>\n<meta property=\"og:title\" content=\"Tiems, kurie neskaito\" \/>\n<meta property=\"og:description\" content=\"Knygos veik\u0117jai Ofisinis, R\u016btel\u0117, Edgaras, Tautvydas ir Arina gyvena tarp auk\u0161t\u0173 didmies\u010dio daugiabu\u010di\u0173. Atsitiktin\u0117s pa\u017eintys, nepasitik\u0117jimas savimi,\" \/>\n<meta property=\"og:url\" content=\"https:\/\/skaitytaknyga.lt\/en\/produktas\/tiems-kurie-neskaito\/\" \/>\n<meta property=\"og:site_name\" content=\"Skaitytaknyga\" \/>\n<meta property=\"article:publisher\" content=\"https:\/\/www.facebook.com\/skaitytaknyga\/\" \/>\n<meta property=\"article:modified_time\" content=\"2026-03-11T12:22:50+00:00\" \/>\n<meta property=\"og:image\" content=\"https:\/\/skaitytaknyga.lt\/wp-content\/uploads\/2026\/02\/Tiems-kurie-neskaito-1.webp\" \/>\n\t<meta property=\"og:image:width\" content=\"300\" \/>\n\t<meta property=\"og:image:height\" content=\"475\" \/>\n\t<meta property=\"og:image:type\" content=\"image\/webp\" \/>\n<meta name=\"twitter:card\" content=\"summary_large_image\" \/>\n<meta name=\"twitter:label1\" content=\"Estimated reading time\" \/>\n\t<meta name=\"twitter:data1\" content=\"1 minute\" \/>\n<script type=\"application\/ld+json\" class=\"yoast-schema-graph\">{\"@context\":\"https:\/\/schema.org\",\"@graph\":[{\"@type\":\"WebPage\",\"@id\":\"https:\/\/skaitytaknyga.lt\/produktas\/tiems-kurie-neskaito\/\",\"url\":\"https:\/\/skaitytaknyga.lt\/produktas\/tiems-kurie-neskaito\/\",\"name\":\"Tiems, kurie neskaito\",\"isPartOf\":{\"@id\":\"https:\/\/skaitytaknyga.lt\/#website\"},\"primaryImageOfPage\":{\"@id\":\"https:\/\/skaitytaknyga.lt\/produktas\/tiems-kurie-neskaito\/#primaryimage\"},\"image\":{\"@id\":\"https:\/\/skaitytaknyga.lt\/produktas\/tiems-kurie-neskaito\/#primaryimage\"},\"thumbnailUrl\":\"https:\/\/skaitytaknyga.lt\/wp-content\/uploads\/2026\/02\/Tiems-kurie-neskaito-1.webp\",\"datePublished\":\"2026-02-20T09:27:40+00:00\",\"dateModified\":\"2026-03-11T12:22:50+00:00\",\"description\":\"Knygos veik\u0117jai Ofisinis, R\u016btel\u0117, Edgaras, Tautvydas ir Arina gyvena tarp auk\u0161t\u0173 didmies\u010dio daugiabu\u010di\u0173. Atsitiktin\u0117s pa\u017eintys, nepasitik\u0117jimas savimi,\",\"breadcrumb\":{\"@id\":\"https:\/\/skaitytaknyga.lt\/produktas\/tiems-kurie-neskaito\/#breadcrumb\"},\"inLanguage\":\"en-GB\",\"potentialAction\":[{\"@type\":\"ReadAction\",\"target\":[\"https:\/\/skaitytaknyga.lt\/produktas\/tiems-kurie-neskaito\/\"]}]},{\"@type\":\"ImageObject\",\"inLanguage\":\"en-GB\",\"@id\":\"https:\/\/skaitytaknyga.lt\/produktas\/tiems-kurie-neskaito\/#primaryimage\",\"url\":\"https:\/\/skaitytaknyga.lt\/wp-content\/uploads\/2026\/02\/Tiems-kurie-neskaito-1.webp\",\"contentUrl\":\"https:\/\/skaitytaknyga.lt\/wp-content\/uploads\/2026\/02\/Tiems-kurie-neskaito-1.webp\",\"width\":300,\"height\":475},{\"@type\":\"BreadcrumbList\",\"@id\":\"https:\/\/skaitytaknyga.lt\/produktas\/tiems-kurie-neskaito\/#breadcrumb\",\"itemListElement\":[{\"@type\":\"ListItem\",\"position\":1,\"name\":\"Home\",\"item\":\"https:\/\/skaitytaknyga.lt\/\"},{\"@type\":\"ListItem\",\"position\":2,\"name\":\"Parduotuv\u0117\",\"item\":\"https:\/\/skaitytaknyga.lt\/knygu-parduotuve\/\"},{\"@type\":\"ListItem\",\"position\":3,\"name\":\"Tiems, kurie neskaito\"}]},{\"@type\":\"WebSite\",\"@id\":\"https:\/\/skaitytaknyga.lt\/#website\",\"url\":\"https:\/\/skaitytaknyga.lt\/\",\"name\":\"skaitytaknyga.lt\",\"description\":\"Skaitytaknyga.lt \u2013 tai ma\u017eas \u0161eimos verslas, kuris prasid\u0117jo nuo meil\u0117s knygoms ir siekio i\u0161gelb\u0117ti knygas nuo likimo prie konteinerio. Kas vienam nereikalingas daiktas \u2013 kitam lobis, o mes esame tarpininkai, kurie padeda abiems tapti laimingesniems ???? \u017dinome kaip nelengva i\u0161gyventi ma\u017eiems verslams, tad nuo \u0161iol, \u010dia rasite ir kit\u0173, ma\u017e\u0173 \u0161eim\u0173 versl\u0173, rank\u0173 darbo, dovan\u0173 sau ir artimiesiems.\",\"publisher\":{\"@id\":\"https:\/\/skaitytaknyga.lt\/#organization\"},\"potentialAction\":[{\"@type\":\"SearchAction\",\"target\":{\"@type\":\"EntryPoint\",\"urlTemplate\":\"https:\/\/skaitytaknyga.lt\/?s={search_term_string}\"},\"query-input\":{\"@type\":\"PropertyValueSpecification\",\"valueRequired\":true,\"valueName\":\"search_term_string\"}}],\"inLanguage\":\"en-GB\"},{\"@type\":\"Organization\",\"@id\":\"https:\/\/skaitytaknyga.lt\/#organization\",\"name\":\"skaitytaknyga.lt\",\"url\":\"https:\/\/skaitytaknyga.lt\/\",\"logo\":{\"@type\":\"ImageObject\",\"inLanguage\":\"en-GB\",\"@id\":\"https:\/\/skaitytaknyga.lt\/#\/schema\/logo\/image\/\",\"url\":\"https:\/\/skaitytaknyga.lt\/wp-content\/uploads\/2024\/05\/cropped-cropped-cropped-02_00843_jt3bggkj1j3HLc7SyY6rEUpg.jpeg\",\"contentUrl\":\"https:\/\/skaitytaknyga.lt\/wp-content\/uploads\/2024\/05\/cropped-cropped-cropped-02_00843_jt3bggkj1j3HLc7SyY6rEUpg.jpeg\",\"width\":1600,\"height\":1600,\"caption\":\"skaitytaknyga.lt\"},\"image\":{\"@id\":\"https:\/\/skaitytaknyga.lt\/#\/schema\/logo\/image\/\"},\"sameAs\":[\"https:\/\/www.facebook.com\/skaitytaknyga\/\"]}]}<\/script>\n<!-- \/ Yoast SEO plugin. -->","yoast_head_json":{"title":"Tiems, kurie neskaito","description":"Knygos veik\u0117jai Ofisinis, R\u016btel\u0117, Edgaras, Tautvydas ir Arina gyvena tarp auk\u0161t\u0173 didmies\u010dio daugiabu\u010di\u0173. Atsitiktin\u0117s pa\u017eintys, nepasitik\u0117jimas savimi,","robots":{"index":"index","follow":"follow","max-snippet":"max-snippet:-1","max-image-preview":"max-image-preview:large","max-video-preview":"max-video-preview:-1"},"canonical":"https:\/\/skaitytaknyga.lt\/en\/produktas\/tiems-kurie-neskaito\/","og_locale":"en_GB","og_type":"article","og_title":"[:lt]Tiems, kurie neskaito[:] - Skaitytaknyga","og_description":"Knygos veik\u0117jai Ofisinis, R\u016btel\u0117, Edgaras, Tautvydas ir Arina gyvena tarp auk\u0161t\u0173 didmies\u010dio daugiabu\u010di\u0173. Atsitiktin\u0117s pa\u017eintys, nepasitik\u0117jimas savimi,","og_url":"https:\/\/skaitytaknyga.lt\/en\/produktas\/tiems-kurie-neskaito\/","og_site_name":"Skaitytaknyga","article_publisher":"https:\/\/www.facebook.com\/skaitytaknyga\/","article_modified_time":"2026-03-11T12:22:50+00:00","og_image":[{"width":300,"height":475,"url":"https:\/\/skaitytaknyga.lt\/wp-content\/uploads\/2026\/02\/Tiems-kurie-neskaito-1.webp","type":"image\/webp"}],"twitter_card":"summary_large_image","twitter_misc":{"Estimated reading time":"1 minute"},"schema":{"@context":"https:\/\/schema.org","@graph":[{"@type":"WebPage","@id":"https:\/\/skaitytaknyga.lt\/produktas\/tiems-kurie-neskaito\/","url":"https:\/\/skaitytaknyga.lt\/produktas\/tiems-kurie-neskaito\/","name":"Tiems, kurie neskaito","isPartOf":{"@id":"https:\/\/skaitytaknyga.lt\/#website"},"primaryImageOfPage":{"@id":"https:\/\/skaitytaknyga.lt\/produktas\/tiems-kurie-neskaito\/#primaryimage"},"image":{"@id":"https:\/\/skaitytaknyga.lt\/produktas\/tiems-kurie-neskaito\/#primaryimage"},"thumbnailUrl":"https:\/\/skaitytaknyga.lt\/wp-content\/uploads\/2026\/02\/Tiems-kurie-neskaito-1.webp","datePublished":"2026-02-20T09:27:40+00:00","dateModified":"2026-03-11T12:22:50+00:00","description":"Knygos veik\u0117jai Ofisinis, R\u016btel\u0117, Edgaras, Tautvydas ir Arina gyvena tarp auk\u0161t\u0173 didmies\u010dio daugiabu\u010di\u0173. Atsitiktin\u0117s pa\u017eintys, nepasitik\u0117jimas savimi,","breadcrumb":{"@id":"https:\/\/skaitytaknyga.lt\/produktas\/tiems-kurie-neskaito\/#breadcrumb"},"inLanguage":"en-GB","potentialAction":[{"@type":"ReadAction","target":["https:\/\/skaitytaknyga.lt\/produktas\/tiems-kurie-neskaito\/"]}]},{"@type":"ImageObject","inLanguage":"en-GB","@id":"https:\/\/skaitytaknyga.lt\/produktas\/tiems-kurie-neskaito\/#primaryimage","url":"https:\/\/skaitytaknyga.lt\/wp-content\/uploads\/2026\/02\/Tiems-kurie-neskaito-1.webp","contentUrl":"https:\/\/skaitytaknyga.lt\/wp-content\/uploads\/2026\/02\/Tiems-kurie-neskaito-1.webp","width":300,"height":475},{"@type":"BreadcrumbList","@id":"https:\/\/skaitytaknyga.lt\/produktas\/tiems-kurie-neskaito\/#breadcrumb","itemListElement":[{"@type":"ListItem","position":1,"name":"Home","item":"https:\/\/skaitytaknyga.lt\/"},{"@type":"ListItem","position":2,"name":"Parduotuv\u0117","item":"https:\/\/skaitytaknyga.lt\/knygu-parduotuve\/"},{"@type":"ListItem","position":3,"name":"Tiems, kurie neskaito"}]},{"@type":"WebSite","@id":"https:\/\/skaitytaknyga.lt\/#website","url":"https:\/\/skaitytaknyga.lt\/","name":"skaitytaknyga.lt","description":"Skaitytaknyga.lt \u2013 tai ma\u017eas \u0161eimos verslas, kuris prasid\u0117jo nuo meil\u0117s knygoms ir siekio i\u0161gelb\u0117ti knygas nuo likimo prie konteinerio. Kas vienam nereikalingas daiktas \u2013 kitam lobis, o mes esame tarpininkai, kurie padeda abiems tapti laimingesniems ???? \u017dinome kaip nelengva i\u0161gyventi ma\u017eiems verslams, tad nuo \u0161iol, \u010dia rasite ir kit\u0173, ma\u017e\u0173 \u0161eim\u0173 versl\u0173, rank\u0173 darbo, dovan\u0173 sau ir artimiesiems.","publisher":{"@id":"https:\/\/skaitytaknyga.lt\/#organization"},"potentialAction":[{"@type":"SearchAction","target":{"@type":"EntryPoint","urlTemplate":"https:\/\/skaitytaknyga.lt\/?s={search_term_string}"},"query-input":{"@type":"PropertyValueSpecification","valueRequired":true,"valueName":"search_term_string"}}],"inLanguage":"en-GB"},{"@type":"Organization","@id":"https:\/\/skaitytaknyga.lt\/#organization","name":"skaitytaknyga.lt","url":"https:\/\/skaitytaknyga.lt\/","logo":{"@type":"ImageObject","inLanguage":"en-GB","@id":"https:\/\/skaitytaknyga.lt\/#\/schema\/logo\/image\/","url":"https:\/\/skaitytaknyga.lt\/wp-content\/uploads\/2024\/05\/cropped-cropped-cropped-02_00843_jt3bggkj1j3HLc7SyY6rEUpg.jpeg","contentUrl":"https:\/\/skaitytaknyga.lt\/wp-content\/uploads\/2024\/05\/cropped-cropped-cropped-02_00843_jt3bggkj1j3HLc7SyY6rEUpg.jpeg","width":1600,"height":1600,"caption":"skaitytaknyga.lt"},"image":{"@id":"https:\/\/skaitytaknyga.lt\/#\/schema\/logo\/image\/"},"sameAs":["https:\/\/www.facebook.com\/skaitytaknyga\/"]}]}},"_links":{"self":[{"href":"https:\/\/skaitytaknyga.lt\/en\/wp-json\/wp\/v2\/product\/23095","targetHints":{"allow":["GET"]}}],"collection":[{"href":"https:\/\/skaitytaknyga.lt\/en\/wp-json\/wp\/v2\/product"}],"about":[{"href":"https:\/\/skaitytaknyga.lt\/en\/wp-json\/wp\/v2\/types\/product"}],"replies":[{"embeddable":true,"href":"https:\/\/skaitytaknyga.lt\/en\/wp-json\/wp\/v2\/comments?post=23095"}],"wp:featuredmedia":[{"embeddable":true,"href":"https:\/\/skaitytaknyga.lt\/en\/wp-json\/wp\/v2\/media\/23107"}],"wp:attachment":[{"href":"https:\/\/skaitytaknyga.lt\/en\/wp-json\/wp\/v2\/media?parent=23095"}],"wp:term":[{"taxonomy":"product_brand","embeddable":true,"href":"https:\/\/skaitytaknyga.lt\/en\/wp-json\/wp\/v2\/product_brand?post=23095"},{"taxonomy":"product_cat","embeddable":true,"href":"https:\/\/skaitytaknyga.lt\/en\/wp-json\/wp\/v2\/product_cat?post=23095"},{"taxonomy":"product_tag","embeddable":true,"href":"https:\/\/skaitytaknyga.lt\/en\/wp-json\/wp\/v2\/product_tag?post=23095"}],"curies":[{"name":"wp","href":"https:\/\/api.w.org\/{rel}","templated":true}]}}