{"id":23094,"date":"2026-02-20T11:27:39","date_gmt":"2026-02-20T09:27:39","guid":{"rendered":"https:\/\/skaitytaknyga.lt\/?post_type=product&#038;p=23094"},"modified":"2026-03-11T14:22:50","modified_gmt":"2026-03-11T12:22:50","slug":"4-vykdymo-disciplinos","status":"publish","type":"product","link":"https:\/\/skaitytaknyga.lt\/en\/produktas\/4-vykdymo-disciplinos\/","title":{"rendered":"4 vykdymo disciplinos"},"content":{"rendered":"<p>\u201eJei norite pasiekti tiksl\u0105, kurio niekada anks\u010diau nebuvote pasiek\u0119s, turite prad\u0117ti daryti tai, ko anks\u010diau niekada nedar\u0117te.\u201c<\/p>\n<p>Taigi, jei norite pasiekti naujai i\u0161keltus tikslus ar vis kaip mira\u017eas nutolstan\u010dius jau anks\u010diau i\u0161sikeltus tikslus, turite pakeisti savo elges\u012f. \u017dinoma, u\u017e savo asmenini\u0173 tiksl\u0173 siekim\u0105 ir \u012fgyvendinim\u0105 bei savo elgesio keitim\u0105 atsakingi esame mes patys, ta\u010diau k\u0105 daryti vadovui, kuris siekdamas \u012fmon\u0117s strategini\u0173 tiksl\u0173 susiduria su komand\u0105 sudaran\u010diais \u017emon\u0117mis ir j\u0173 nenoru keisti savo elges\u012f.<\/p>\n<p>Vadovai da\u017enai svajoja apie puikius darbuotojus, kurie supranta juos i\u0161 pus\u0117s \u017eod\u017eio ir tinkamai vykdo visus j\u0173 nurodymus, ta\u010diau da\u017eniausiai vadovams atrodo, kad j\u0173 komanda, tai \u017emon\u0117s, nenorintys keistis, nenorintys elgtis taip, kaip jiems liepta. Nustebsite, ta\u010diau \u0161ios knygos autoriai teigia, kad pasiekti vadovo u\u017esibr\u0117\u017etus \u012fmon\u0117s strateginius tikslus trukdo ne \u0161ie \u017emon\u0117s (nors konkretus \u017emogus ir gali b\u016bti problema), bet sistema, u\u017e kuri\u0105 atsakingas vadovas.<\/p>\n<p>4 vykdymo disciplinos \u2013 tai sistemingo elgesio modelis, padedantis organizacijai kokybi\u0161kai \u012fgyvendinti strateginius tikslus, \u012ftikinant darbuotojus keisti savo elges\u012f. 4 vykdymo disciplinos i\u0161 pirmo \u017evilgsnio atrodo paprasti ir ai\u0161k\u016bs principai, ta\u010diau j\u0173 \u012fgyvendinimas \u012fmon\u0117je gali tapti tikru i\u0161\u0161\u016bkiu, kur\u012f \u012fgyvendinus \u012fmon\u0117s veiklos rezultatai i\u0161 esm\u0117s pasikeis.<\/p>\n<p>Dar viena prie\u017eastis, kod\u0117l verta su\u017einoti daugiau apie 4 vykdymo disciplinas yra ta, kad \u0161ie principai padeda kokybi\u0161kai \u012fgyvendinti \u012fmon\u0117s strategij\u0105 neatsitraukiant nuo nei\u0161senkan\u010di\u0173 kasdienini\u0173 darb\u0173, kuri\u0173 neatlikus \u012fprasta jos veikla sutrikt\u0173. \u0160i audioknyga kaip tik apie tai, kaip suderinti kasdieninius darbus ir strategini\u0173 tiksl\u0173 siekim\u0105. K\u0105 daryti, kad \u012fmonei strategi\u0161kai svarbios id\u0117jos nei\u0161nykt\u0173 kasdienini\u0173 darb\u0173 rutinoje.<\/p>\n<p>4 vykdymo disciplin\u0173 teorija pagr\u012fsta i\u0161samiais ir gausiais tyrimais, atliktais \u012fvairiose \u012fmon\u0117se. Jos n\u0117ra vien tik teorija, tai \u012fvairi\u0173 \u012fmoni\u0173 ir komand\u0173 darbo praktikoje ilgus metus taikytas strategij\u0173 vykdymo metodas. 4 vykdymo disciplinos \u2013 naujas m\u0105stymo ir darbo metodas, j\u012f taikantiems suteikiantis prana\u0161umo \u0161iuolaikin\u0117je konkurencin\u0117je aplinkoje. Audioknygoje pateikiama ne tik teorija, bet ir patarimai, kaip \u012fgyvendinti \u0161i\u0105 teorij\u0105 praktikoje, konkret\u016bs praktiniai teorijos taikymo pavyzd\u017eiai. Taip pat pateikiama pavyzd\u017ei\u0173, kaip \u0161i teorija gali b\u016bti pritaikoma asmeniniame gyvenime.<\/p>\n","protected":false},"excerpt":{"rendered":"<p>\u201eJei norite pasiekti tiksl\u0105, kurio niekada anks\u010diau nebuvote pasiek\u0119s, turite prad\u0117ti daryti tai, ko anks\u010diau niekada nedar\u0117te.\u201c Taigi, jei norite pasiekti naujai i\u0161keltus tikslus ar vis kaip mira\u017eas nutolstan\u010dius jau anks\u010diau i\u0161sikeltus tikslus, turite pakeisti savo elges\u012f. \u017dinoma, u\u017e savo asmenini\u0173 tiksl\u0173 siekim\u0105 ir \u012fgyvendinim\u0105 bei savo elgesio keitim\u0105 atsakingi esame mes patys, ta\u010diau k\u0105 daryti vadovui, kuris siekdamas \u012fmon\u0117s strategini\u0173 tiksl\u0173 susiduria su komand\u0105 sudaran\u010diais \u017emon\u0117mis ir j\u0173 nenoru keisti savo elges\u012f. Vadovai da\u017enai svajoja apie puikius darbuotojus, kurie supranta juos i\u0161 pus\u0117s \u017eod\u017eio ir tinkamai vykdo visus j\u0173 nurodymus, ta\u010diau da\u017eniausiai vadovams atrodo, kad j\u0173 komanda, tai \u017emon\u0117s, nenorintys keistis, nenorintys elgtis taip, kaip jiems liepta. Nustebsite, ta\u010diau \u0161ios knygos autoriai teigia, kad pasiekti vadovo u\u017esibr\u0117\u017etus \u012fmon\u0117s strateginius tikslus trukdo ne \u0161ie \u017emon\u0117s (nors konkretus \u017emogus ir gali b\u016bti problema), bet sistema, u\u017e kuri\u0105 atsakingas vadovas. 4 vykdymo disciplinos \u2013 tai sistemingo elgesio modelis, padedantis organizacijai kokybi\u0161kai \u012fgyvendinti strateginius tikslus, \u012ftikinant darbuotojus keisti savo elges\u012f. 4 vykdymo disciplinos i\u0161 pirmo \u017evilgsnio atrodo paprasti ir ai\u0161k\u016bs principai, ta\u010diau j\u0173 \u012fgyvendinimas \u012fmon\u0117je gali tapti tikru i\u0161\u0161\u016bkiu, kur\u012f \u012fgyvendinus \u012fmon\u0117s veiklos rezultatai i\u0161 esm\u0117s pasikeis. Dar viena prie\u017eastis, kod\u0117l verta su\u017einoti daugiau apie 4 vykdymo disciplinas yra ta, kad \u0161ie principai padeda kokybi\u0161kai \u012fgyvendinti \u012fmon\u0117s strategij\u0105 neatsitraukiant nuo nei\u0161senkan\u010di\u0173 kasdienini\u0173 darb\u0173, kuri\u0173 neatlikus \u012fprasta jos veikla sutrikt\u0173. \u0160i audioknyga kaip tik apie tai, kaip suderinti kasdieninius darbus ir strategini\u0173 tiksl\u0173 siekim\u0105. K\u0105 daryti, kad \u012fmonei strategi\u0161kai svarbios id\u0117jos nei\u0161nykt\u0173 kasdienini\u0173 darb\u0173 rutinoje. 4 vykdymo disciplin\u0173 teorija pagr\u012fsta i\u0161samiais ir gausiais tyrimais, atliktais \u012fvairiose \u012fmon\u0117se. Jos n\u0117ra vien tik teorija, tai \u012fvairi\u0173 \u012fmoni\u0173 ir komand\u0173 darbo praktikoje ilgus metus taikytas strategij\u0173 vykdymo metodas. 4 vykdymo disciplinos \u2013 naujas m\u0105stymo ir darbo metodas, j\u012f taikantiems suteikiantis prana\u0161umo \u0161iuolaikin\u0117je konkurencin\u0117je aplinkoje. Audioknygoje pateikiama ne tik teorija, bet ir patarimai, kaip \u012fgyvendinti \u0161i\u0105 teorij\u0105 praktikoje, konkret\u016bs praktiniai teorijos taikymo pavyzd\u017eiai. Taip pat pateikiama pavyzd\u017ei\u0173, kaip \u0161i teorija gali b\u016bti pritaikoma asmeniniame gyvenime.<\/p>\n","protected":false},"featured_media":23106,"comment_status":"open","ping_status":"closed","template":"","meta":{"_acf_changed":false,"site-sidebar-layout":"default","site-content-layout":"","ast-site-content-layout":"default","site-content-style":"default","site-sidebar-style":"default","ast-global-header-display":"","ast-banner-title-visibility":"","ast-main-header-display":"","ast-hfb-above-header-display":"","ast-hfb-below-header-display":"","ast-hfb-mobile-header-display":"","site-post-title":"","ast-breadcrumbs-content":"","ast-featured-img":"","footer-sml-layout":"","ast-disable-related-posts":"","theme-transparent-header-meta":"","adv-header-id-meta":"","stick-header-meta":"","header-above-stick-meta":"","header-main-stick-meta":"","header-below-stick-meta":"","astra-migrate-meta-layouts":"default","ast-page-background-enabled":"default","ast-page-background-meta":{"desktop":{"background-color":"","background-image":"","background-repeat":"repeat","background-position":"center center","background-size":"auto","background-attachment":"scroll","background-type":"","background-media":"","overlay-type":"","overlay-color":"","overlay-opacity":"","overlay-gradient":""},"tablet":{"background-color":"","background-image":"","background-repeat":"repeat","background-position":"center center","background-size":"auto","background-attachment":"scroll","background-type":"","background-media":"","overlay-type":"","overlay-color":"","overlay-opacity":"","overlay-gradient":""},"mobile":{"background-color":"","background-image":"","background-repeat":"repeat","background-position":"center center","background-size":"auto","background-attachment":"scroll","background-type":"","background-media":"","overlay-type":"","overlay-color":"","overlay-opacity":"","overlay-gradient":""}},"ast-content-background-meta":{"desktop":{"background-color":"var(--ast-global-color-4)","background-image":"","background-repeat":"repeat","background-position":"center center","background-size":"auto","background-attachment":"scroll","background-type":"","background-media":"","overlay-type":"","overlay-color":"","overlay-opacity":"","overlay-gradient":""},"tablet":{"background-color":"var(--ast-global-color-4)","background-image":"","background-repeat":"repeat","background-position":"center center","background-size":"auto","background-attachment":"scroll","background-type":"","background-media":"","overlay-type":"","overlay-color":"","overlay-opacity":"","overlay-gradient":""},"mobile":{"background-color":"var(--ast-global-color-4)","background-image":"","background-repeat":"repeat","background-position":"center center","background-size":"auto","background-attachment":"scroll","background-type":"","background-media":"","overlay-type":"","overlay-color":"","overlay-opacity":"","overlay-gradient":""}}},"product_brand":[],"product_cat":[26],"product_tag":[9487,9488,6278],"class_list":{"0":"post-23094","1":"product","2":"type-product","3":"status-publish","4":"has-post-thumbnail","6":"product_cat-verslas-vadyba-ir-finansai","7":"product_tag-chris-mcchesney","8":"product_tag-jim-huling","9":"product_tag-sean-covey","10":"desktop-align-left","11":"tablet-align-left","12":"mobile-align-left","14":"first","15":"outofstock","16":"shipping-taxable","17":"purchasable","18":"product-type-simple"},"acf":[],"yoast_head":"<!-- This site is optimized with the Yoast SEO plugin v27.0 - https:\/\/yoast.com\/product\/yoast-seo-wordpress\/ -->\n<title>4 vykdymo disciplinos<\/title>\n<meta name=\"description\" content=\"\u201eJei norite pasiekti tiksl\u0105, kurio niekada anks\u010diau nebuvote pasiek\u0119s, turite prad\u0117ti daryti tai, ko anks\u010diau niekada nedar\u0117te.\u201c Taigi, jei norite\" \/>\n<meta name=\"robots\" content=\"index, follow, max-snippet:-1, max-image-preview:large, max-video-preview:-1\" \/>\n<link rel=\"canonical\" href=\"https:\/\/skaitytaknyga.lt\/en\/produktas\/4-vykdymo-disciplinos\/\" \/>\n<meta property=\"og:locale\" content=\"en_GB\" \/>\n<meta property=\"og:locale:alternate\" content=\"lt_LT\" \/>\n<meta property=\"og:type\" content=\"article\" \/>\n<meta property=\"og:title\" content=\"4 vykdymo disciplinos\" \/>\n<meta property=\"og:description\" content=\"\u201eJei norite pasiekti tiksl\u0105, kurio niekada anks\u010diau nebuvote pasiek\u0119s, turite prad\u0117ti daryti tai, ko anks\u010diau niekada nedar\u0117te.\u201c Taigi, jei norite\" \/>\n<meta property=\"og:url\" content=\"https:\/\/skaitytaknyga.lt\/en\/produktas\/4-vykdymo-disciplinos\/\" \/>\n<meta property=\"og:site_name\" content=\"Skaitytaknyga\" \/>\n<meta property=\"article:publisher\" content=\"https:\/\/www.facebook.com\/skaitytaknyga\/\" \/>\n<meta property=\"article:modified_time\" content=\"2026-03-11T12:22:50+00:00\" \/>\n<meta property=\"og:image\" content=\"https:\/\/skaitytaknyga.lt\/wp-content\/uploads\/2026\/02\/4-vykdymo-disciplinos-2-e1771580088158.webp\" \/>\n\t<meta property=\"og:image:width\" content=\"283\" \/>\n\t<meta property=\"og:image:height\" content=\"408\" \/>\n\t<meta property=\"og:image:type\" content=\"image\/webp\" \/>\n<meta name=\"twitter:card\" content=\"summary_large_image\" \/>\n<meta name=\"twitter:label1\" content=\"Estimated reading time\" \/>\n\t<meta name=\"twitter:data1\" content=\"2 minutes\" \/>\n<script type=\"application\/ld+json\" class=\"yoast-schema-graph\">{\"@context\":\"https:\/\/schema.org\",\"@graph\":[{\"@type\":\"WebPage\",\"@id\":\"https:\/\/skaitytaknyga.lt\/produktas\/4-vykdymo-disciplinos\/\",\"url\":\"https:\/\/skaitytaknyga.lt\/produktas\/4-vykdymo-disciplinos\/\",\"name\":\"4 vykdymo disciplinos\",\"isPartOf\":{\"@id\":\"https:\/\/skaitytaknyga.lt\/#website\"},\"primaryImageOfPage\":{\"@id\":\"https:\/\/skaitytaknyga.lt\/produktas\/4-vykdymo-disciplinos\/#primaryimage\"},\"image\":{\"@id\":\"https:\/\/skaitytaknyga.lt\/produktas\/4-vykdymo-disciplinos\/#primaryimage\"},\"thumbnailUrl\":\"https:\/\/skaitytaknyga.lt\/wp-content\/uploads\/2026\/02\/4-vykdymo-disciplinos-2-e1771580088158.webp\",\"datePublished\":\"2026-02-20T09:27:39+00:00\",\"dateModified\":\"2026-03-11T12:22:50+00:00\",\"description\":\"\u201eJei norite pasiekti tiksl\u0105, kurio niekada anks\u010diau nebuvote pasiek\u0119s, turite prad\u0117ti daryti tai, ko anks\u010diau niekada nedar\u0117te.\u201c Taigi, jei norite\",\"breadcrumb\":{\"@id\":\"https:\/\/skaitytaknyga.lt\/produktas\/4-vykdymo-disciplinos\/#breadcrumb\"},\"inLanguage\":\"en-GB\",\"potentialAction\":[{\"@type\":\"ReadAction\",\"target\":[\"https:\/\/skaitytaknyga.lt\/produktas\/4-vykdymo-disciplinos\/\"]}]},{\"@type\":\"ImageObject\",\"inLanguage\":\"en-GB\",\"@id\":\"https:\/\/skaitytaknyga.lt\/produktas\/4-vykdymo-disciplinos\/#primaryimage\",\"url\":\"https:\/\/skaitytaknyga.lt\/wp-content\/uploads\/2026\/02\/4-vykdymo-disciplinos-2-e1771580088158.webp\",\"contentUrl\":\"https:\/\/skaitytaknyga.lt\/wp-content\/uploads\/2026\/02\/4-vykdymo-disciplinos-2-e1771580088158.webp\",\"width\":283,\"height\":408},{\"@type\":\"BreadcrumbList\",\"@id\":\"https:\/\/skaitytaknyga.lt\/produktas\/4-vykdymo-disciplinos\/#breadcrumb\",\"itemListElement\":[{\"@type\":\"ListItem\",\"position\":1,\"name\":\"Home\",\"item\":\"https:\/\/skaitytaknyga.lt\/\"},{\"@type\":\"ListItem\",\"position\":2,\"name\":\"Parduotuv\u0117\",\"item\":\"https:\/\/skaitytaknyga.lt\/knygu-parduotuve\/\"},{\"@type\":\"ListItem\",\"position\":3,\"name\":\"4 vykdymo disciplinos\"}]},{\"@type\":\"WebSite\",\"@id\":\"https:\/\/skaitytaknyga.lt\/#website\",\"url\":\"https:\/\/skaitytaknyga.lt\/\",\"name\":\"skaitytaknyga.lt\",\"description\":\"Skaitytaknyga.lt \u2013 tai ma\u017eas \u0161eimos verslas, kuris prasid\u0117jo nuo meil\u0117s knygoms ir siekio i\u0161gelb\u0117ti knygas nuo likimo prie konteinerio. Kas vienam nereikalingas daiktas \u2013 kitam lobis, o mes esame tarpininkai, kurie padeda abiems tapti laimingesniems ???? \u017dinome kaip nelengva i\u0161gyventi ma\u017eiems verslams, tad nuo \u0161iol, \u010dia rasite ir kit\u0173, ma\u017e\u0173 \u0161eim\u0173 versl\u0173, rank\u0173 darbo, dovan\u0173 sau ir artimiesiems.\",\"publisher\":{\"@id\":\"https:\/\/skaitytaknyga.lt\/#organization\"},\"potentialAction\":[{\"@type\":\"SearchAction\",\"target\":{\"@type\":\"EntryPoint\",\"urlTemplate\":\"https:\/\/skaitytaknyga.lt\/?s={search_term_string}\"},\"query-input\":{\"@type\":\"PropertyValueSpecification\",\"valueRequired\":true,\"valueName\":\"search_term_string\"}}],\"inLanguage\":\"en-GB\"},{\"@type\":\"Organization\",\"@id\":\"https:\/\/skaitytaknyga.lt\/#organization\",\"name\":\"skaitytaknyga.lt\",\"url\":\"https:\/\/skaitytaknyga.lt\/\",\"logo\":{\"@type\":\"ImageObject\",\"inLanguage\":\"en-GB\",\"@id\":\"https:\/\/skaitytaknyga.lt\/#\/schema\/logo\/image\/\",\"url\":\"https:\/\/skaitytaknyga.lt\/wp-content\/uploads\/2024\/05\/cropped-cropped-cropped-02_00843_jt3bggkj1j3HLc7SyY6rEUpg.jpeg\",\"contentUrl\":\"https:\/\/skaitytaknyga.lt\/wp-content\/uploads\/2024\/05\/cropped-cropped-cropped-02_00843_jt3bggkj1j3HLc7SyY6rEUpg.jpeg\",\"width\":1600,\"height\":1600,\"caption\":\"skaitytaknyga.lt\"},\"image\":{\"@id\":\"https:\/\/skaitytaknyga.lt\/#\/schema\/logo\/image\/\"},\"sameAs\":[\"https:\/\/www.facebook.com\/skaitytaknyga\/\"]}]}<\/script>\n<!-- \/ Yoast SEO plugin. -->","yoast_head_json":{"title":"4 vykdymo disciplinos","description":"\u201eJei norite pasiekti tiksl\u0105, kurio niekada anks\u010diau nebuvote pasiek\u0119s, turite prad\u0117ti daryti tai, ko anks\u010diau niekada nedar\u0117te.\u201c Taigi, jei norite","robots":{"index":"index","follow":"follow","max-snippet":"max-snippet:-1","max-image-preview":"max-image-preview:large","max-video-preview":"max-video-preview:-1"},"canonical":"https:\/\/skaitytaknyga.lt\/en\/produktas\/4-vykdymo-disciplinos\/","og_locale":"en_GB","og_type":"article","og_title":"[:lt]4 vykdymo disciplinos[:] - Skaitytaknyga","og_description":"\u201eJei norite pasiekti tiksl\u0105, kurio niekada anks\u010diau nebuvote pasiek\u0119s, turite prad\u0117ti daryti tai, ko anks\u010diau niekada nedar\u0117te.\u201c Taigi, jei norite","og_url":"https:\/\/skaitytaknyga.lt\/en\/produktas\/4-vykdymo-disciplinos\/","og_site_name":"Skaitytaknyga","article_publisher":"https:\/\/www.facebook.com\/skaitytaknyga\/","article_modified_time":"2026-03-11T12:22:50+00:00","og_image":[{"width":283,"height":408,"url":"https:\/\/skaitytaknyga.lt\/wp-content\/uploads\/2026\/02\/4-vykdymo-disciplinos-2-e1771580088158.webp","type":"image\/webp"}],"twitter_card":"summary_large_image","twitter_misc":{"Estimated reading time":"2 minutes"},"schema":{"@context":"https:\/\/schema.org","@graph":[{"@type":"WebPage","@id":"https:\/\/skaitytaknyga.lt\/produktas\/4-vykdymo-disciplinos\/","url":"https:\/\/skaitytaknyga.lt\/produktas\/4-vykdymo-disciplinos\/","name":"4 vykdymo disciplinos","isPartOf":{"@id":"https:\/\/skaitytaknyga.lt\/#website"},"primaryImageOfPage":{"@id":"https:\/\/skaitytaknyga.lt\/produktas\/4-vykdymo-disciplinos\/#primaryimage"},"image":{"@id":"https:\/\/skaitytaknyga.lt\/produktas\/4-vykdymo-disciplinos\/#primaryimage"},"thumbnailUrl":"https:\/\/skaitytaknyga.lt\/wp-content\/uploads\/2026\/02\/4-vykdymo-disciplinos-2-e1771580088158.webp","datePublished":"2026-02-20T09:27:39+00:00","dateModified":"2026-03-11T12:22:50+00:00","description":"\u201eJei norite pasiekti tiksl\u0105, kurio niekada anks\u010diau nebuvote pasiek\u0119s, turite prad\u0117ti daryti tai, ko anks\u010diau niekada nedar\u0117te.\u201c Taigi, jei norite","breadcrumb":{"@id":"https:\/\/skaitytaknyga.lt\/produktas\/4-vykdymo-disciplinos\/#breadcrumb"},"inLanguage":"en-GB","potentialAction":[{"@type":"ReadAction","target":["https:\/\/skaitytaknyga.lt\/produktas\/4-vykdymo-disciplinos\/"]}]},{"@type":"ImageObject","inLanguage":"en-GB","@id":"https:\/\/skaitytaknyga.lt\/produktas\/4-vykdymo-disciplinos\/#primaryimage","url":"https:\/\/skaitytaknyga.lt\/wp-content\/uploads\/2026\/02\/4-vykdymo-disciplinos-2-e1771580088158.webp","contentUrl":"https:\/\/skaitytaknyga.lt\/wp-content\/uploads\/2026\/02\/4-vykdymo-disciplinos-2-e1771580088158.webp","width":283,"height":408},{"@type":"BreadcrumbList","@id":"https:\/\/skaitytaknyga.lt\/produktas\/4-vykdymo-disciplinos\/#breadcrumb","itemListElement":[{"@type":"ListItem","position":1,"name":"Home","item":"https:\/\/skaitytaknyga.lt\/"},{"@type":"ListItem","position":2,"name":"Parduotuv\u0117","item":"https:\/\/skaitytaknyga.lt\/knygu-parduotuve\/"},{"@type":"ListItem","position":3,"name":"4 vykdymo disciplinos"}]},{"@type":"WebSite","@id":"https:\/\/skaitytaknyga.lt\/#website","url":"https:\/\/skaitytaknyga.lt\/","name":"skaitytaknyga.lt","description":"Skaitytaknyga.lt \u2013 tai ma\u017eas \u0161eimos verslas, kuris prasid\u0117jo nuo meil\u0117s knygoms ir siekio i\u0161gelb\u0117ti knygas nuo likimo prie konteinerio. Kas vienam nereikalingas daiktas \u2013 kitam lobis, o mes esame tarpininkai, kurie padeda abiems tapti laimingesniems ???? \u017dinome kaip nelengva i\u0161gyventi ma\u017eiems verslams, tad nuo \u0161iol, \u010dia rasite ir kit\u0173, ma\u017e\u0173 \u0161eim\u0173 versl\u0173, rank\u0173 darbo, dovan\u0173 sau ir artimiesiems.","publisher":{"@id":"https:\/\/skaitytaknyga.lt\/#organization"},"potentialAction":[{"@type":"SearchAction","target":{"@type":"EntryPoint","urlTemplate":"https:\/\/skaitytaknyga.lt\/?s={search_term_string}"},"query-input":{"@type":"PropertyValueSpecification","valueRequired":true,"valueName":"search_term_string"}}],"inLanguage":"en-GB"},{"@type":"Organization","@id":"https:\/\/skaitytaknyga.lt\/#organization","name":"skaitytaknyga.lt","url":"https:\/\/skaitytaknyga.lt\/","logo":{"@type":"ImageObject","inLanguage":"en-GB","@id":"https:\/\/skaitytaknyga.lt\/#\/schema\/logo\/image\/","url":"https:\/\/skaitytaknyga.lt\/wp-content\/uploads\/2024\/05\/cropped-cropped-cropped-02_00843_jt3bggkj1j3HLc7SyY6rEUpg.jpeg","contentUrl":"https:\/\/skaitytaknyga.lt\/wp-content\/uploads\/2024\/05\/cropped-cropped-cropped-02_00843_jt3bggkj1j3HLc7SyY6rEUpg.jpeg","width":1600,"height":1600,"caption":"skaitytaknyga.lt"},"image":{"@id":"https:\/\/skaitytaknyga.lt\/#\/schema\/logo\/image\/"},"sameAs":["https:\/\/www.facebook.com\/skaitytaknyga\/"]}]}},"_links":{"self":[{"href":"https:\/\/skaitytaknyga.lt\/en\/wp-json\/wp\/v2\/product\/23094","targetHints":{"allow":["GET"]}}],"collection":[{"href":"https:\/\/skaitytaknyga.lt\/en\/wp-json\/wp\/v2\/product"}],"about":[{"href":"https:\/\/skaitytaknyga.lt\/en\/wp-json\/wp\/v2\/types\/product"}],"replies":[{"embeddable":true,"href":"https:\/\/skaitytaknyga.lt\/en\/wp-json\/wp\/v2\/comments?post=23094"}],"wp:featuredmedia":[{"embeddable":true,"href":"https:\/\/skaitytaknyga.lt\/en\/wp-json\/wp\/v2\/media\/23106"}],"wp:attachment":[{"href":"https:\/\/skaitytaknyga.lt\/en\/wp-json\/wp\/v2\/media?parent=23094"}],"wp:term":[{"taxonomy":"product_brand","embeddable":true,"href":"https:\/\/skaitytaknyga.lt\/en\/wp-json\/wp\/v2\/product_brand?post=23094"},{"taxonomy":"product_cat","embeddable":true,"href":"https:\/\/skaitytaknyga.lt\/en\/wp-json\/wp\/v2\/product_cat?post=23094"},{"taxonomy":"product_tag","embeddable":true,"href":"https:\/\/skaitytaknyga.lt\/en\/wp-json\/wp\/v2\/product_tag?post=23094"}],"curies":[{"name":"wp","href":"https:\/\/api.w.org\/{rel}","templated":true}]}}