{"id":23093,"date":"2026-02-20T11:27:39","date_gmt":"2026-02-20T09:27:39","guid":{"rendered":"https:\/\/skaitytaknyga.lt\/?post_type=product&#038;p=23093"},"modified":"2026-02-26T10:05:55","modified_gmt":"2026-02-26T08:05:55","slug":"reklama-kuri-patinka-ismok-maksimaliai-isnaudoti-facebook-galimybes","status":"publish","type":"product","link":"https:\/\/skaitytaknyga.lt\/en\/produktas\/reklama-kuri-patinka-ismok-maksimaliai-isnaudoti-facebook-galimybes\/","title":{"rendered":"Reklama, kuri patinka: i\u0161mok maksimaliai i\u0161naudoti \u201eFacebook\u201c galimybes"},"content":{"rendered":"<p>\u201eReklama, kuri patinka&#8221; i\u0161mokys i\u0161naudoti socialinius tinklus iki maksimumo, pad\u0117s i\u0161sirinkti geriausi\u0105 komunikacijos strategij\u0105, susikurti patraukl\u0173 \u201eFacebook&#8221; puslap\u012f, valdyti \u201eFacebook&#8221; reklam\u0105, i\u0161matuoti jos veiksmingum\u0105, tikslin\u0117s auditorijos pasirinkim\u0105 ir pan.<\/p>\n<p>Aktualu ir pradedan\u010diajam savo versl\u0105, ir socialini\u0173 tinkl\u0173 specialistui.<\/p>\n","protected":false},"excerpt":{"rendered":"<p>\u201eReklama, kuri patinka&#8221; i\u0161mokys i\u0161naudoti socialinius tinklus iki maksimumo, pad\u0117s i\u0161sirinkti geriausi\u0105 komunikacijos strategij\u0105, susikurti patraukl\u0173 \u201eFacebook&#8221; puslap\u012f, valdyti \u201eFacebook&#8221; reklam\u0105, i\u0161matuoti jos veiksmingum\u0105, tikslin\u0117s auditorijos pasirinkim\u0105 ir pan. Aktualu ir pradedan\u010diajam savo versl\u0105, ir socialini\u0173 tinkl\u0173 specialistui.<\/p>\n","protected":false},"featured_media":23105,"comment_status":"open","ping_status":"closed","template":"","meta":{"_acf_changed":false,"site-sidebar-layout":"default","site-content-layout":"","ast-site-content-layout":"default","site-content-style":"default","site-sidebar-style":"default","ast-global-header-display":"","ast-banner-title-visibility":"","ast-main-header-display":"","ast-hfb-above-header-display":"","ast-hfb-below-header-display":"","ast-hfb-mobile-header-display":"","site-post-title":"","ast-breadcrumbs-content":"","ast-featured-img":"","footer-sml-layout":"","ast-disable-related-posts":"","theme-transparent-header-meta":"","adv-header-id-meta":"","stick-header-meta":"","header-above-stick-meta":"","header-main-stick-meta":"","header-below-stick-meta":"","astra-migrate-meta-layouts":"default","ast-page-background-enabled":"default","ast-page-background-meta":{"desktop":{"background-color":"","background-image":"","background-repeat":"repeat","background-position":"center center","background-size":"auto","background-attachment":"scroll","background-type":"","background-media":"","overlay-type":"","overlay-color":"","overlay-opacity":"","overlay-gradient":""},"tablet":{"background-color":"","background-image":"","background-repeat":"repeat","background-position":"center center","background-size":"auto","background-attachment":"scroll","background-type":"","background-media":"","overlay-type":"","overlay-color":"","overlay-opacity":"","overlay-gradient":""},"mobile":{"background-color":"","background-image":"","background-repeat":"repeat","background-position":"center center","background-size":"auto","background-attachment":"scroll","background-type":"","background-media":"","overlay-type":"","overlay-color":"","overlay-opacity":"","overlay-gradient":""}},"ast-content-background-meta":{"desktop":{"background-color":"var(--ast-global-color-4)","background-image":"","background-repeat":"repeat","background-position":"center center","background-size":"auto","background-attachment":"scroll","background-type":"","background-media":"","overlay-type":"","overlay-color":"","overlay-opacity":"","overlay-gradient":""},"tablet":{"background-color":"var(--ast-global-color-4)","background-image":"","background-repeat":"repeat","background-position":"center center","background-size":"auto","background-attachment":"scroll","background-type":"","background-media":"","overlay-type":"","overlay-color":"","overlay-opacity":"","overlay-gradient":""},"mobile":{"background-color":"var(--ast-global-color-4)","background-image":"","background-repeat":"repeat","background-position":"center center","background-size":"auto","background-attachment":"scroll","background-type":"","background-media":"","overlay-type":"","overlay-color":"","overlay-opacity":"","overlay-gradient":""}}},"product_brand":[],"product_cat":[26],"product_tag":[9484],"class_list":{"0":"post-23093","1":"product","2":"type-product","3":"status-publish","4":"has-post-thumbnail","6":"product_cat-verslas-vadyba-ir-finansai","7":"product_tag-aidis-dalikas","8":"desktop-align-left","9":"tablet-align-left","10":"mobile-align-left","12":"first","13":"instock","14":"shipping-taxable","15":"purchasable","16":"product-type-simple"},"acf":[],"yoast_head":"<!-- This site is optimized with the Yoast SEO plugin v27.0 - https:\/\/yoast.com\/product\/yoast-seo-wordpress\/ -->\n<title>Reklama, kuri patinka: i\u0161mok maksimaliai i\u0161naudoti \u201eFacebook\u201c galimybes<\/title>\n<meta name=\"description\" content=\"\u201eReklama, kuri patinka&quot; i\u0161mokys i\u0161naudoti socialinius tinklus iki maksimumo, pad\u0117s i\u0161sirinkti geriausi\u0105 komunikacijos strategij\u0105, susikurti patraukl\u0173\" \/>\n<meta name=\"robots\" content=\"index, follow, max-snippet:-1, max-image-preview:large, max-video-preview:-1\" \/>\n<link rel=\"canonical\" href=\"https:\/\/skaitytaknyga.lt\/en\/produktas\/reklama-kuri-patinka-ismok-maksimaliai-isnaudoti-facebook-galimybes\/\" \/>\n<meta property=\"og:locale\" content=\"en_GB\" \/>\n<meta property=\"og:locale:alternate\" content=\"lt_LT\" \/>\n<meta property=\"og:type\" content=\"article\" \/>\n<meta property=\"og:title\" content=\"Reklama, kuri patinka: i\u0161mok maksimaliai i\u0161naudoti \u201eFacebook\u201c galimybes\" \/>\n<meta property=\"og:description\" content=\"\u201eReklama, kuri patinka&quot; i\u0161mokys i\u0161naudoti socialinius tinklus iki maksimumo, pad\u0117s i\u0161sirinkti geriausi\u0105 komunikacijos strategij\u0105, susikurti patraukl\u0173\" \/>\n<meta property=\"og:url\" content=\"https:\/\/skaitytaknyga.lt\/en\/produktas\/reklama-kuri-patinka-ismok-maksimaliai-isnaudoti-facebook-galimybes\/\" \/>\n<meta property=\"og:site_name\" content=\"Skaitytaknyga\" \/>\n<meta property=\"article:publisher\" content=\"https:\/\/www.facebook.com\/skaitytaknyga\/\" \/>\n<meta property=\"article:modified_time\" content=\"2026-02-26T08:05:55+00:00\" \/>\n<meta property=\"og:image\" content=\"https:\/\/skaitytaknyga.lt\/wp-content\/uploads\/2026\/02\/Reklama-kuri-patinka.-ismok-maksimaliai-isnaudoti-\u201eFacebook-galimybes-1.webp\" \/>\n\t<meta property=\"og:image:width\" content=\"280\" \/>\n\t<meta property=\"og:image:height\" content=\"398\" \/>\n\t<meta property=\"og:image:type\" content=\"image\/webp\" \/>\n<meta name=\"twitter:card\" content=\"summary_large_image\" \/>\n<script type=\"application\/ld+json\" class=\"yoast-schema-graph\">{\"@context\":\"https:\/\/schema.org\",\"@graph\":[{\"@type\":\"WebPage\",\"@id\":\"https:\/\/skaitytaknyga.lt\/produktas\/reklama-kuri-patinka-ismok-maksimaliai-isnaudoti-facebook-galimybes\/\",\"url\":\"https:\/\/skaitytaknyga.lt\/produktas\/reklama-kuri-patinka-ismok-maksimaliai-isnaudoti-facebook-galimybes\/\",\"name\":\"Reklama, kuri patinka: i\u0161mok maksimaliai i\u0161naudoti \u201eFacebook\u201c galimybes\",\"isPartOf\":{\"@id\":\"https:\/\/skaitytaknyga.lt\/#website\"},\"primaryImageOfPage\":{\"@id\":\"https:\/\/skaitytaknyga.lt\/produktas\/reklama-kuri-patinka-ismok-maksimaliai-isnaudoti-facebook-galimybes\/#primaryimage\"},\"image\":{\"@id\":\"https:\/\/skaitytaknyga.lt\/produktas\/reklama-kuri-patinka-ismok-maksimaliai-isnaudoti-facebook-galimybes\/#primaryimage\"},\"thumbnailUrl\":\"https:\/\/skaitytaknyga.lt\/wp-content\/uploads\/2026\/02\/Reklama-kuri-patinka.-ismok-maksimaliai-isnaudoti-\u201eFacebook-galimybes-1.webp\",\"datePublished\":\"2026-02-20T09:27:39+00:00\",\"dateModified\":\"2026-02-26T08:05:55+00:00\",\"description\":\"\u201eReklama, kuri patinka\\\" i\u0161mokys i\u0161naudoti socialinius tinklus iki maksimumo, pad\u0117s i\u0161sirinkti geriausi\u0105 komunikacijos strategij\u0105, susikurti patraukl\u0173\",\"breadcrumb\":{\"@id\":\"https:\/\/skaitytaknyga.lt\/produktas\/reklama-kuri-patinka-ismok-maksimaliai-isnaudoti-facebook-galimybes\/#breadcrumb\"},\"inLanguage\":\"en-GB\",\"potentialAction\":[{\"@type\":\"ReadAction\",\"target\":[\"https:\/\/skaitytaknyga.lt\/produktas\/reklama-kuri-patinka-ismok-maksimaliai-isnaudoti-facebook-galimybes\/\"]}]},{\"@type\":\"ImageObject\",\"inLanguage\":\"en-GB\",\"@id\":\"https:\/\/skaitytaknyga.lt\/produktas\/reklama-kuri-patinka-ismok-maksimaliai-isnaudoti-facebook-galimybes\/#primaryimage\",\"url\":\"https:\/\/skaitytaknyga.lt\/wp-content\/uploads\/2026\/02\/Reklama-kuri-patinka.-ismok-maksimaliai-isnaudoti-\u201eFacebook-galimybes-1.webp\",\"contentUrl\":\"https:\/\/skaitytaknyga.lt\/wp-content\/uploads\/2026\/02\/Reklama-kuri-patinka.-ismok-maksimaliai-isnaudoti-\u201eFacebook-galimybes-1.webp\",\"width\":280,\"height\":398,\"caption\":\"Reklama, kuri patinka: i\u0161mok maksimaliai i\u0161naudoti \u201eFacebook\u201c galimybes\"},{\"@type\":\"BreadcrumbList\",\"@id\":\"https:\/\/skaitytaknyga.lt\/produktas\/reklama-kuri-patinka-ismok-maksimaliai-isnaudoti-facebook-galimybes\/#breadcrumb\",\"itemListElement\":[{\"@type\":\"ListItem\",\"position\":1,\"name\":\"Home\",\"item\":\"https:\/\/skaitytaknyga.lt\/\"},{\"@type\":\"ListItem\",\"position\":2,\"name\":\"Parduotuv\u0117\",\"item\":\"https:\/\/skaitytaknyga.lt\/knygu-parduotuve\/\"},{\"@type\":\"ListItem\",\"position\":3,\"name\":\"Reklama, kuri patinka: i\u0161mok maksimaliai i\u0161naudoti \u201eFacebook\u201c galimybes\"}]},{\"@type\":\"WebSite\",\"@id\":\"https:\/\/skaitytaknyga.lt\/#website\",\"url\":\"https:\/\/skaitytaknyga.lt\/\",\"name\":\"skaitytaknyga.lt\",\"description\":\"Skaitytaknyga.lt \u2013 tai ma\u017eas \u0161eimos verslas, kuris prasid\u0117jo nuo meil\u0117s knygoms ir siekio i\u0161gelb\u0117ti knygas nuo likimo prie konteinerio. Kas vienam nereikalingas daiktas \u2013 kitam lobis, o mes esame tarpininkai, kurie padeda abiems tapti laimingesniems ???? \u017dinome kaip nelengva i\u0161gyventi ma\u017eiems verslams, tad nuo \u0161iol, \u010dia rasite ir kit\u0173, ma\u017e\u0173 \u0161eim\u0173 versl\u0173, rank\u0173 darbo, dovan\u0173 sau ir artimiesiems.\",\"publisher\":{\"@id\":\"https:\/\/skaitytaknyga.lt\/#organization\"},\"potentialAction\":[{\"@type\":\"SearchAction\",\"target\":{\"@type\":\"EntryPoint\",\"urlTemplate\":\"https:\/\/skaitytaknyga.lt\/?s={search_term_string}\"},\"query-input\":{\"@type\":\"PropertyValueSpecification\",\"valueRequired\":true,\"valueName\":\"search_term_string\"}}],\"inLanguage\":\"en-GB\"},{\"@type\":\"Organization\",\"@id\":\"https:\/\/skaitytaknyga.lt\/#organization\",\"name\":\"skaitytaknyga.lt\",\"url\":\"https:\/\/skaitytaknyga.lt\/\",\"logo\":{\"@type\":\"ImageObject\",\"inLanguage\":\"en-GB\",\"@id\":\"https:\/\/skaitytaknyga.lt\/#\/schema\/logo\/image\/\",\"url\":\"https:\/\/skaitytaknyga.lt\/wp-content\/uploads\/2024\/05\/cropped-cropped-cropped-02_00843_jt3bggkj1j3HLc7SyY6rEUpg.jpeg\",\"contentUrl\":\"https:\/\/skaitytaknyga.lt\/wp-content\/uploads\/2024\/05\/cropped-cropped-cropped-02_00843_jt3bggkj1j3HLc7SyY6rEUpg.jpeg\",\"width\":1600,\"height\":1600,\"caption\":\"skaitytaknyga.lt\"},\"image\":{\"@id\":\"https:\/\/skaitytaknyga.lt\/#\/schema\/logo\/image\/\"},\"sameAs\":[\"https:\/\/www.facebook.com\/skaitytaknyga\/\"]}]}<\/script>\n<!-- \/ Yoast SEO plugin. -->","yoast_head_json":{"title":"Reklama, kuri patinka: i\u0161mok maksimaliai i\u0161naudoti \u201eFacebook\u201c galimybes","description":"\u201eReklama, kuri patinka\" i\u0161mokys i\u0161naudoti socialinius tinklus iki maksimumo, pad\u0117s i\u0161sirinkti geriausi\u0105 komunikacijos strategij\u0105, susikurti patraukl\u0173","robots":{"index":"index","follow":"follow","max-snippet":"max-snippet:-1","max-image-preview":"max-image-preview:large","max-video-preview":"max-video-preview:-1"},"canonical":"https:\/\/skaitytaknyga.lt\/en\/produktas\/reklama-kuri-patinka-ismok-maksimaliai-isnaudoti-facebook-galimybes\/","og_locale":"en_GB","og_type":"article","og_title":"[:lt]Reklama, kuri patinka: i\u0161mok maksimaliai i\u0161naudoti \u201eFacebook\u201c galimybes[:] - Skaitytaknyga","og_description":"\u201eReklama, kuri patinka\" i\u0161mokys i\u0161naudoti socialinius tinklus iki maksimumo, pad\u0117s i\u0161sirinkti geriausi\u0105 komunikacijos strategij\u0105, susikurti patraukl\u0173","og_url":"https:\/\/skaitytaknyga.lt\/en\/produktas\/reklama-kuri-patinka-ismok-maksimaliai-isnaudoti-facebook-galimybes\/","og_site_name":"Skaitytaknyga","article_publisher":"https:\/\/www.facebook.com\/skaitytaknyga\/","article_modified_time":"2026-02-26T08:05:55+00:00","og_image":[{"width":280,"height":398,"url":"https:\/\/skaitytaknyga.lt\/wp-content\/uploads\/2026\/02\/Reklama-kuri-patinka.-ismok-maksimaliai-isnaudoti-\u201eFacebook-galimybes-1.webp","type":"image\/webp"}],"twitter_card":"summary_large_image","schema":{"@context":"https:\/\/schema.org","@graph":[{"@type":"WebPage","@id":"https:\/\/skaitytaknyga.lt\/produktas\/reklama-kuri-patinka-ismok-maksimaliai-isnaudoti-facebook-galimybes\/","url":"https:\/\/skaitytaknyga.lt\/produktas\/reklama-kuri-patinka-ismok-maksimaliai-isnaudoti-facebook-galimybes\/","name":"Reklama, kuri patinka: i\u0161mok maksimaliai i\u0161naudoti \u201eFacebook\u201c galimybes","isPartOf":{"@id":"https:\/\/skaitytaknyga.lt\/#website"},"primaryImageOfPage":{"@id":"https:\/\/skaitytaknyga.lt\/produktas\/reklama-kuri-patinka-ismok-maksimaliai-isnaudoti-facebook-galimybes\/#primaryimage"},"image":{"@id":"https:\/\/skaitytaknyga.lt\/produktas\/reklama-kuri-patinka-ismok-maksimaliai-isnaudoti-facebook-galimybes\/#primaryimage"},"thumbnailUrl":"https:\/\/skaitytaknyga.lt\/wp-content\/uploads\/2026\/02\/Reklama-kuri-patinka.-ismok-maksimaliai-isnaudoti-\u201eFacebook-galimybes-1.webp","datePublished":"2026-02-20T09:27:39+00:00","dateModified":"2026-02-26T08:05:55+00:00","description":"\u201eReklama, kuri patinka\" i\u0161mokys i\u0161naudoti socialinius tinklus iki maksimumo, pad\u0117s i\u0161sirinkti geriausi\u0105 komunikacijos strategij\u0105, susikurti patraukl\u0173","breadcrumb":{"@id":"https:\/\/skaitytaknyga.lt\/produktas\/reklama-kuri-patinka-ismok-maksimaliai-isnaudoti-facebook-galimybes\/#breadcrumb"},"inLanguage":"en-GB","potentialAction":[{"@type":"ReadAction","target":["https:\/\/skaitytaknyga.lt\/produktas\/reklama-kuri-patinka-ismok-maksimaliai-isnaudoti-facebook-galimybes\/"]}]},{"@type":"ImageObject","inLanguage":"en-GB","@id":"https:\/\/skaitytaknyga.lt\/produktas\/reklama-kuri-patinka-ismok-maksimaliai-isnaudoti-facebook-galimybes\/#primaryimage","url":"https:\/\/skaitytaknyga.lt\/wp-content\/uploads\/2026\/02\/Reklama-kuri-patinka.-ismok-maksimaliai-isnaudoti-\u201eFacebook-galimybes-1.webp","contentUrl":"https:\/\/skaitytaknyga.lt\/wp-content\/uploads\/2026\/02\/Reklama-kuri-patinka.-ismok-maksimaliai-isnaudoti-\u201eFacebook-galimybes-1.webp","width":280,"height":398,"caption":"Reklama, kuri patinka: i\u0161mok maksimaliai i\u0161naudoti \u201eFacebook\u201c galimybes"},{"@type":"BreadcrumbList","@id":"https:\/\/skaitytaknyga.lt\/produktas\/reklama-kuri-patinka-ismok-maksimaliai-isnaudoti-facebook-galimybes\/#breadcrumb","itemListElement":[{"@type":"ListItem","position":1,"name":"Home","item":"https:\/\/skaitytaknyga.lt\/"},{"@type":"ListItem","position":2,"name":"Parduotuv\u0117","item":"https:\/\/skaitytaknyga.lt\/knygu-parduotuve\/"},{"@type":"ListItem","position":3,"name":"Reklama, kuri patinka: i\u0161mok maksimaliai i\u0161naudoti \u201eFacebook\u201c galimybes"}]},{"@type":"WebSite","@id":"https:\/\/skaitytaknyga.lt\/#website","url":"https:\/\/skaitytaknyga.lt\/","name":"skaitytaknyga.lt","description":"Skaitytaknyga.lt \u2013 tai ma\u017eas \u0161eimos verslas, kuris prasid\u0117jo nuo meil\u0117s knygoms ir siekio i\u0161gelb\u0117ti knygas nuo likimo prie konteinerio. Kas vienam nereikalingas daiktas \u2013 kitam lobis, o mes esame tarpininkai, kurie padeda abiems tapti laimingesniems ???? \u017dinome kaip nelengva i\u0161gyventi ma\u017eiems verslams, tad nuo \u0161iol, \u010dia rasite ir kit\u0173, ma\u017e\u0173 \u0161eim\u0173 versl\u0173, rank\u0173 darbo, dovan\u0173 sau ir artimiesiems.","publisher":{"@id":"https:\/\/skaitytaknyga.lt\/#organization"},"potentialAction":[{"@type":"SearchAction","target":{"@type":"EntryPoint","urlTemplate":"https:\/\/skaitytaknyga.lt\/?s={search_term_string}"},"query-input":{"@type":"PropertyValueSpecification","valueRequired":true,"valueName":"search_term_string"}}],"inLanguage":"en-GB"},{"@type":"Organization","@id":"https:\/\/skaitytaknyga.lt\/#organization","name":"skaitytaknyga.lt","url":"https:\/\/skaitytaknyga.lt\/","logo":{"@type":"ImageObject","inLanguage":"en-GB","@id":"https:\/\/skaitytaknyga.lt\/#\/schema\/logo\/image\/","url":"https:\/\/skaitytaknyga.lt\/wp-content\/uploads\/2024\/05\/cropped-cropped-cropped-02_00843_jt3bggkj1j3HLc7SyY6rEUpg.jpeg","contentUrl":"https:\/\/skaitytaknyga.lt\/wp-content\/uploads\/2024\/05\/cropped-cropped-cropped-02_00843_jt3bggkj1j3HLc7SyY6rEUpg.jpeg","width":1600,"height":1600,"caption":"skaitytaknyga.lt"},"image":{"@id":"https:\/\/skaitytaknyga.lt\/#\/schema\/logo\/image\/"},"sameAs":["https:\/\/www.facebook.com\/skaitytaknyga\/"]}]}},"_links":{"self":[{"href":"https:\/\/skaitytaknyga.lt\/en\/wp-json\/wp\/v2\/product\/23093","targetHints":{"allow":["GET"]}}],"collection":[{"href":"https:\/\/skaitytaknyga.lt\/en\/wp-json\/wp\/v2\/product"}],"about":[{"href":"https:\/\/skaitytaknyga.lt\/en\/wp-json\/wp\/v2\/types\/product"}],"replies":[{"embeddable":true,"href":"https:\/\/skaitytaknyga.lt\/en\/wp-json\/wp\/v2\/comments?post=23093"}],"wp:featuredmedia":[{"embeddable":true,"href":"https:\/\/skaitytaknyga.lt\/en\/wp-json\/wp\/v2\/media\/23105"}],"wp:attachment":[{"href":"https:\/\/skaitytaknyga.lt\/en\/wp-json\/wp\/v2\/media?parent=23093"}],"wp:term":[{"taxonomy":"product_brand","embeddable":true,"href":"https:\/\/skaitytaknyga.lt\/en\/wp-json\/wp\/v2\/product_brand?post=23093"},{"taxonomy":"product_cat","embeddable":true,"href":"https:\/\/skaitytaknyga.lt\/en\/wp-json\/wp\/v2\/product_cat?post=23093"},{"taxonomy":"product_tag","embeddable":true,"href":"https:\/\/skaitytaknyga.lt\/en\/wp-json\/wp\/v2\/product_tag?post=23093"}],"curies":[{"name":"wp","href":"https:\/\/api.w.org\/{rel}","templated":true}]}}