{"id":23092,"date":"2026-02-20T11:27:38","date_gmt":"2026-02-20T09:27:38","guid":{"rendered":"https:\/\/skaitytaknyga.lt\/?post_type=product&#038;p=23092"},"modified":"2026-03-18T11:43:07","modified_gmt":"2026-03-18T09:43:07","slug":"aiskaus-mastymo-menas","status":"publish","type":"product","link":"https:\/\/skaitytaknyga.lt\/en\/produktas\/aiskaus-mastymo-menas\/","title":{"rendered":"Ai\u0161kaus m\u0105stymo menas"},"content":{"rendered":"<p>Rolf Dobelli (Rolfas Dobelis, g. 1966 m.) \u2013 \u0161veicar\u0173 autorius. Sant Galleno universitete jis \u012fgijo ekonomikos moksl\u0173 daktaro laipsn\u012f, buvo \u012fvairi\u0173 Swissair grup\u0117s antrini\u0173 \u012fmoni\u0173 generalinis direktorius, \u0161iuo metu \u2013 verslininkas.<\/p>\n<p>M\u016bs\u0173 smegenys pritaikytos gyventi med\u017eiotoj\u0173 ir rankiotoj\u0173 gyvenim\u0105; ta\u010diau pasaulis, kuriame gyvename \u0161iandien, juk visi\u0161kai kitoks. M\u0117gindami \u012fveikti \u0161i\u0105 prie\u0161prie\u0161\u0105 ir i\u0161gyventi, mes neju\u010dia darome sistemini\u0173 m\u0105stymo klaid\u0173, kurios mums gali kainuoti ir karjer\u0105, ir \u0161eimos laim\u0119, ir finansin\u0119 gerov\u0119. Rolfas Dobelli \u017eino, kaip apsisaugoti nuo klaidingo m\u0105stymo; \u012f rankas jis \u012fduoda ginkl\u0105, pad\u0117siant\u012f \u012fveikti klaidas, kurios jau susisuko lizdus m\u016bs\u0173 smegenyse, ir atremti tas, kurios dar tik taikosi gadinti mums gyvenim\u0105. \u0160is ginklas \u2013 knyga \u201eAi\u0161kaus m\u0105stymo menas\u201c.<\/p>\n<p>Perskait\u0119 knyg\u0105, su\u017einosite, kod\u0117l mes nuolat pervertiname savo pa\u010di\u0173 \u017einojim\u0105, o kitus laikome kvailais, nors jie i\u0161 ties\u0173 tokie n\u0117ra. Kod\u0117l koks nors teiginys netampa tiesa, net jei t\u0105 pat\u012f tvirtina milijonai \u017emoni\u0173. Kod\u0117l mes laikom\u0117s \u012fsikib\u0119 teorij\u0173, nors seniai \u012frodyta, kad jos klaidingos. Ir dar daug kitoki\u0173 dalyk\u0173, pad\u0117sian\u010di\u0173 i\u0161judinti m\u0105stym\u0105 ir \u012f pasaul\u012f pa\u017evelgti kitaip. Ai\u0161kiau, papras\u010diau ir i\u0161mintingiau.<\/p>\n","protected":false},"excerpt":{"rendered":"<p>Rolf Dobelli (Rolfas Dobelis, g. 1966 m.) \u2013 \u0161veicar\u0173 autorius. Sant Galleno universitete jis \u012fgijo ekonomikos moksl\u0173 daktaro laipsn\u012f, buvo \u012fvairi\u0173 Swissair grup\u0117s antrini\u0173 \u012fmoni\u0173 generalinis direktorius, \u0161iuo metu \u2013 verslininkas. M\u016bs\u0173 smegenys pritaikytos gyventi med\u017eiotoj\u0173 ir rankiotoj\u0173 gyvenim\u0105; ta\u010diau pasaulis, kuriame gyvename \u0161iandien, juk visi\u0161kai kitoks. M\u0117gindami \u012fveikti \u0161i\u0105 prie\u0161prie\u0161\u0105 ir i\u0161gyventi, mes neju\u010dia darome sistemini\u0173 m\u0105stymo klaid\u0173, kurios mums gali kainuoti ir karjer\u0105, ir \u0161eimos laim\u0119, ir finansin\u0119 gerov\u0119. Rolfas Dobelli \u017eino, kaip apsisaugoti nuo klaidingo m\u0105stymo; \u012f rankas jis \u012fduoda ginkl\u0105, pad\u0117siant\u012f \u012fveikti klaidas, kurios jau susisuko lizdus m\u016bs\u0173 smegenyse, ir atremti tas, kurios dar tik taikosi gadinti mums gyvenim\u0105. \u0160is ginklas \u2013 knyga \u201eAi\u0161kaus m\u0105stymo menas\u201c. Perskait\u0119 knyg\u0105, su\u017einosite, kod\u0117l mes nuolat pervertiname savo pa\u010di\u0173 \u017einojim\u0105, o kitus laikome kvailais, nors jie i\u0161 ties\u0173 tokie n\u0117ra. Kod\u0117l koks nors teiginys netampa tiesa, net jei t\u0105 pat\u012f tvirtina milijonai \u017emoni\u0173. Kod\u0117l mes laikom\u0117s \u012fsikib\u0119 teorij\u0173, nors seniai \u012frodyta, kad jos klaidingos. Ir dar daug kitoki\u0173 dalyk\u0173, pad\u0117sian\u010di\u0173 i\u0161judinti m\u0105stym\u0105 ir \u012f pasaul\u012f pa\u017evelgti kitaip. Ai\u0161kiau, papras\u010diau ir i\u0161mintingiau.<\/p>\n","protected":false},"featured_media":23104,"comment_status":"open","ping_status":"closed","template":"","meta":{"_acf_changed":false,"site-sidebar-layout":"default","site-content-layout":"","ast-site-content-layout":"default","site-content-style":"default","site-sidebar-style":"default","ast-global-header-display":"","ast-banner-title-visibility":"","ast-main-header-display":"","ast-hfb-above-header-display":"","ast-hfb-below-header-display":"","ast-hfb-mobile-header-display":"","site-post-title":"","ast-breadcrumbs-content":"","ast-featured-img":"","footer-sml-layout":"","ast-disable-related-posts":"","theme-transparent-header-meta":"","adv-header-id-meta":"","stick-header-meta":"","header-above-stick-meta":"","header-main-stick-meta":"","header-below-stick-meta":"","astra-migrate-meta-layouts":"default","ast-page-background-enabled":"default","ast-page-background-meta":{"desktop":{"background-color":"","background-image":"","background-repeat":"repeat","background-position":"center center","background-size":"auto","background-attachment":"scroll","background-type":"","background-media":"","overlay-type":"","overlay-color":"","overlay-opacity":"","overlay-gradient":""},"tablet":{"background-color":"","background-image":"","background-repeat":"repeat","background-position":"center center","background-size":"auto","background-attachment":"scroll","background-type":"","background-media":"","overlay-type":"","overlay-color":"","overlay-opacity":"","overlay-gradient":""},"mobile":{"background-color":"","background-image":"","background-repeat":"repeat","background-position":"center center","background-size":"auto","background-attachment":"scroll","background-type":"","background-media":"","overlay-type":"","overlay-color":"","overlay-opacity":"","overlay-gradient":""}},"ast-content-background-meta":{"desktop":{"background-color":"var(--ast-global-color-4)","background-image":"","background-repeat":"repeat","background-position":"center center","background-size":"auto","background-attachment":"scroll","background-type":"","background-media":"","overlay-type":"","overlay-color":"","overlay-opacity":"","overlay-gradient":""},"tablet":{"background-color":"var(--ast-global-color-4)","background-image":"","background-repeat":"repeat","background-position":"center center","background-size":"auto","background-attachment":"scroll","background-type":"","background-media":"","overlay-type":"","overlay-color":"","overlay-opacity":"","overlay-gradient":""},"mobile":{"background-color":"var(--ast-global-color-4)","background-image":"","background-repeat":"repeat","background-position":"center center","background-size":"auto","background-attachment":"scroll","background-type":"","background-media":"","overlay-type":"","overlay-color":"","overlay-opacity":"","overlay-gradient":""}}},"product_brand":[],"product_cat":[9753],"product_tag":[9482],"class_list":{"0":"post-23092","1":"product","2":"type-product","3":"status-publish","4":"has-post-thumbnail","6":"product_cat-religija","7":"product_tag-rolf-dobelli","8":"desktop-align-left","9":"tablet-align-left","10":"mobile-align-left","12":"first","13":"instock","14":"shipping-taxable","15":"purchasable","16":"product-type-simple"},"acf":[],"yoast_head":"<!-- This site is optimized with the Yoast SEO plugin v27.0 - https:\/\/yoast.com\/product\/yoast-seo-wordpress\/ -->\n<title>Ai\u0161kaus m\u0105stymo menas<\/title>\n<meta name=\"description\" content=\"Rolf Dobelli (Rolfas Dobelis, g. 1966 m.) \u2013 \u0161veicar\u0173 autorius. Sant Galleno universitete jis \u012fgijo ekonomikos moksl\u0173 daktaro laipsn\u012f, buvo \u012fvairi\u0173\" \/>\n<meta name=\"robots\" content=\"index, follow, max-snippet:-1, max-image-preview:large, max-video-preview:-1\" \/>\n<link rel=\"canonical\" href=\"https:\/\/skaitytaknyga.lt\/en\/produktas\/aiskaus-mastymo-menas\/\" \/>\n<meta property=\"og:locale\" content=\"en_GB\" \/>\n<meta property=\"og:locale:alternate\" content=\"lt_LT\" \/>\n<meta property=\"og:type\" content=\"article\" \/>\n<meta property=\"og:title\" content=\"Ai\u0161kaus m\u0105stymo menas\" \/>\n<meta property=\"og:description\" content=\"Rolf Dobelli (Rolfas Dobelis, g. 1966 m.) \u2013 \u0161veicar\u0173 autorius. Sant Galleno universitete jis \u012fgijo ekonomikos moksl\u0173 daktaro laipsn\u012f, buvo \u012fvairi\u0173\" \/>\n<meta property=\"og:url\" content=\"https:\/\/skaitytaknyga.lt\/en\/produktas\/aiskaus-mastymo-menas\/\" \/>\n<meta property=\"og:site_name\" content=\"Skaitytaknyga\" \/>\n<meta property=\"article:publisher\" content=\"https:\/\/www.facebook.com\/skaitytaknyga\/\" \/>\n<meta property=\"article:modified_time\" content=\"2026-03-18T09:43:07+00:00\" \/>\n<meta property=\"og:image\" content=\"https:\/\/skaitytaknyga.lt\/wp-content\/uploads\/2026\/02\/Aiskaus-mastymo-menas-1.webp\" \/>\n\t<meta property=\"og:image:width\" content=\"300\" \/>\n\t<meta property=\"og:image:height\" content=\"474\" \/>\n\t<meta property=\"og:image:type\" content=\"image\/webp\" \/>\n<meta name=\"twitter:card\" content=\"summary_large_image\" \/>\n<meta name=\"twitter:label1\" content=\"Estimated reading time\" \/>\n\t<meta name=\"twitter:data1\" content=\"1 minute\" \/>\n<script type=\"application\/ld+json\" class=\"yoast-schema-graph\">{\"@context\":\"https:\/\/schema.org\",\"@graph\":[{\"@type\":\"WebPage\",\"@id\":\"https:\/\/skaitytaknyga.lt\/produktas\/aiskaus-mastymo-menas\/\",\"url\":\"https:\/\/skaitytaknyga.lt\/produktas\/aiskaus-mastymo-menas\/\",\"name\":\"Ai\u0161kaus m\u0105stymo menas\",\"isPartOf\":{\"@id\":\"https:\/\/skaitytaknyga.lt\/#website\"},\"primaryImageOfPage\":{\"@id\":\"https:\/\/skaitytaknyga.lt\/produktas\/aiskaus-mastymo-menas\/#primaryimage\"},\"image\":{\"@id\":\"https:\/\/skaitytaknyga.lt\/produktas\/aiskaus-mastymo-menas\/#primaryimage\"},\"thumbnailUrl\":\"https:\/\/skaitytaknyga.lt\/wp-content\/uploads\/2026\/02\/Aiskaus-mastymo-menas-1.webp\",\"datePublished\":\"2026-02-20T09:27:38+00:00\",\"dateModified\":\"2026-03-18T09:43:07+00:00\",\"description\":\"Rolf Dobelli (Rolfas Dobelis, g. 1966 m.) \u2013 \u0161veicar\u0173 autorius. Sant Galleno universitete jis \u012fgijo ekonomikos moksl\u0173 daktaro laipsn\u012f, buvo \u012fvairi\u0173\",\"breadcrumb\":{\"@id\":\"https:\/\/skaitytaknyga.lt\/produktas\/aiskaus-mastymo-menas\/#breadcrumb\"},\"inLanguage\":\"en-GB\",\"potentialAction\":[{\"@type\":\"ReadAction\",\"target\":[\"https:\/\/skaitytaknyga.lt\/produktas\/aiskaus-mastymo-menas\/\"]}]},{\"@type\":\"ImageObject\",\"inLanguage\":\"en-GB\",\"@id\":\"https:\/\/skaitytaknyga.lt\/produktas\/aiskaus-mastymo-menas\/#primaryimage\",\"url\":\"https:\/\/skaitytaknyga.lt\/wp-content\/uploads\/2026\/02\/Aiskaus-mastymo-menas-1.webp\",\"contentUrl\":\"https:\/\/skaitytaknyga.lt\/wp-content\/uploads\/2026\/02\/Aiskaus-mastymo-menas-1.webp\",\"width\":300,\"height\":474},{\"@type\":\"BreadcrumbList\",\"@id\":\"https:\/\/skaitytaknyga.lt\/produktas\/aiskaus-mastymo-menas\/#breadcrumb\",\"itemListElement\":[{\"@type\":\"ListItem\",\"position\":1,\"name\":\"Home\",\"item\":\"https:\/\/skaitytaknyga.lt\/\"},{\"@type\":\"ListItem\",\"position\":2,\"name\":\"Parduotuv\u0117\",\"item\":\"https:\/\/skaitytaknyga.lt\/knygu-parduotuve\/\"},{\"@type\":\"ListItem\",\"position\":3,\"name\":\"Ai\u0161kaus m\u0105stymo menas\"}]},{\"@type\":\"WebSite\",\"@id\":\"https:\/\/skaitytaknyga.lt\/#website\",\"url\":\"https:\/\/skaitytaknyga.lt\/\",\"name\":\"skaitytaknyga.lt\",\"description\":\"Skaitytaknyga.lt \u2013 tai ma\u017eas \u0161eimos verslas, kuris prasid\u0117jo nuo meil\u0117s knygoms ir siekio i\u0161gelb\u0117ti knygas nuo likimo prie konteinerio. Kas vienam nereikalingas daiktas \u2013 kitam lobis, o mes esame tarpininkai, kurie padeda abiems tapti laimingesniems ???? \u017dinome kaip nelengva i\u0161gyventi ma\u017eiems verslams, tad nuo \u0161iol, \u010dia rasite ir kit\u0173, ma\u017e\u0173 \u0161eim\u0173 versl\u0173, rank\u0173 darbo, dovan\u0173 sau ir artimiesiems.\",\"publisher\":{\"@id\":\"https:\/\/skaitytaknyga.lt\/#organization\"},\"potentialAction\":[{\"@type\":\"SearchAction\",\"target\":{\"@type\":\"EntryPoint\",\"urlTemplate\":\"https:\/\/skaitytaknyga.lt\/?s={search_term_string}\"},\"query-input\":{\"@type\":\"PropertyValueSpecification\",\"valueRequired\":true,\"valueName\":\"search_term_string\"}}],\"inLanguage\":\"en-GB\"},{\"@type\":\"Organization\",\"@id\":\"https:\/\/skaitytaknyga.lt\/#organization\",\"name\":\"skaitytaknyga.lt\",\"url\":\"https:\/\/skaitytaknyga.lt\/\",\"logo\":{\"@type\":\"ImageObject\",\"inLanguage\":\"en-GB\",\"@id\":\"https:\/\/skaitytaknyga.lt\/#\/schema\/logo\/image\/\",\"url\":\"https:\/\/skaitytaknyga.lt\/wp-content\/uploads\/2024\/05\/cropped-cropped-cropped-02_00843_jt3bggkj1j3HLc7SyY6rEUpg.jpeg\",\"contentUrl\":\"https:\/\/skaitytaknyga.lt\/wp-content\/uploads\/2024\/05\/cropped-cropped-cropped-02_00843_jt3bggkj1j3HLc7SyY6rEUpg.jpeg\",\"width\":1600,\"height\":1600,\"caption\":\"skaitytaknyga.lt\"},\"image\":{\"@id\":\"https:\/\/skaitytaknyga.lt\/#\/schema\/logo\/image\/\"},\"sameAs\":[\"https:\/\/www.facebook.com\/skaitytaknyga\/\"]}]}<\/script>\n<!-- \/ Yoast SEO plugin. -->","yoast_head_json":{"title":"Ai\u0161kaus m\u0105stymo menas","description":"Rolf Dobelli (Rolfas Dobelis, g. 1966 m.) \u2013 \u0161veicar\u0173 autorius. Sant Galleno universitete jis \u012fgijo ekonomikos moksl\u0173 daktaro laipsn\u012f, buvo \u012fvairi\u0173","robots":{"index":"index","follow":"follow","max-snippet":"max-snippet:-1","max-image-preview":"max-image-preview:large","max-video-preview":"max-video-preview:-1"},"canonical":"https:\/\/skaitytaknyga.lt\/en\/produktas\/aiskaus-mastymo-menas\/","og_locale":"en_GB","og_type":"article","og_title":"[:lt]Ai\u0161kaus m\u0105stymo menas[:] - Skaitytaknyga","og_description":"Rolf Dobelli (Rolfas Dobelis, g. 1966 m.) \u2013 \u0161veicar\u0173 autorius. Sant Galleno universitete jis \u012fgijo ekonomikos moksl\u0173 daktaro laipsn\u012f, buvo \u012fvairi\u0173","og_url":"https:\/\/skaitytaknyga.lt\/en\/produktas\/aiskaus-mastymo-menas\/","og_site_name":"Skaitytaknyga","article_publisher":"https:\/\/www.facebook.com\/skaitytaknyga\/","article_modified_time":"2026-03-18T09:43:07+00:00","og_image":[{"width":300,"height":474,"url":"https:\/\/skaitytaknyga.lt\/wp-content\/uploads\/2026\/02\/Aiskaus-mastymo-menas-1.webp","type":"image\/webp"}],"twitter_card":"summary_large_image","twitter_misc":{"Estimated reading time":"1 minute"},"schema":{"@context":"https:\/\/schema.org","@graph":[{"@type":"WebPage","@id":"https:\/\/skaitytaknyga.lt\/produktas\/aiskaus-mastymo-menas\/","url":"https:\/\/skaitytaknyga.lt\/produktas\/aiskaus-mastymo-menas\/","name":"Ai\u0161kaus m\u0105stymo menas","isPartOf":{"@id":"https:\/\/skaitytaknyga.lt\/#website"},"primaryImageOfPage":{"@id":"https:\/\/skaitytaknyga.lt\/produktas\/aiskaus-mastymo-menas\/#primaryimage"},"image":{"@id":"https:\/\/skaitytaknyga.lt\/produktas\/aiskaus-mastymo-menas\/#primaryimage"},"thumbnailUrl":"https:\/\/skaitytaknyga.lt\/wp-content\/uploads\/2026\/02\/Aiskaus-mastymo-menas-1.webp","datePublished":"2026-02-20T09:27:38+00:00","dateModified":"2026-03-18T09:43:07+00:00","description":"Rolf Dobelli (Rolfas Dobelis, g. 1966 m.) \u2013 \u0161veicar\u0173 autorius. Sant Galleno universitete jis \u012fgijo ekonomikos moksl\u0173 daktaro laipsn\u012f, buvo \u012fvairi\u0173","breadcrumb":{"@id":"https:\/\/skaitytaknyga.lt\/produktas\/aiskaus-mastymo-menas\/#breadcrumb"},"inLanguage":"en-GB","potentialAction":[{"@type":"ReadAction","target":["https:\/\/skaitytaknyga.lt\/produktas\/aiskaus-mastymo-menas\/"]}]},{"@type":"ImageObject","inLanguage":"en-GB","@id":"https:\/\/skaitytaknyga.lt\/produktas\/aiskaus-mastymo-menas\/#primaryimage","url":"https:\/\/skaitytaknyga.lt\/wp-content\/uploads\/2026\/02\/Aiskaus-mastymo-menas-1.webp","contentUrl":"https:\/\/skaitytaknyga.lt\/wp-content\/uploads\/2026\/02\/Aiskaus-mastymo-menas-1.webp","width":300,"height":474},{"@type":"BreadcrumbList","@id":"https:\/\/skaitytaknyga.lt\/produktas\/aiskaus-mastymo-menas\/#breadcrumb","itemListElement":[{"@type":"ListItem","position":1,"name":"Home","item":"https:\/\/skaitytaknyga.lt\/"},{"@type":"ListItem","position":2,"name":"Parduotuv\u0117","item":"https:\/\/skaitytaknyga.lt\/knygu-parduotuve\/"},{"@type":"ListItem","position":3,"name":"Ai\u0161kaus m\u0105stymo menas"}]},{"@type":"WebSite","@id":"https:\/\/skaitytaknyga.lt\/#website","url":"https:\/\/skaitytaknyga.lt\/","name":"skaitytaknyga.lt","description":"Skaitytaknyga.lt \u2013 tai ma\u017eas \u0161eimos verslas, kuris prasid\u0117jo nuo meil\u0117s knygoms ir siekio i\u0161gelb\u0117ti knygas nuo likimo prie konteinerio. Kas vienam nereikalingas daiktas \u2013 kitam lobis, o mes esame tarpininkai, kurie padeda abiems tapti laimingesniems ???? \u017dinome kaip nelengva i\u0161gyventi ma\u017eiems verslams, tad nuo \u0161iol, \u010dia rasite ir kit\u0173, ma\u017e\u0173 \u0161eim\u0173 versl\u0173, rank\u0173 darbo, dovan\u0173 sau ir artimiesiems.","publisher":{"@id":"https:\/\/skaitytaknyga.lt\/#organization"},"potentialAction":[{"@type":"SearchAction","target":{"@type":"EntryPoint","urlTemplate":"https:\/\/skaitytaknyga.lt\/?s={search_term_string}"},"query-input":{"@type":"PropertyValueSpecification","valueRequired":true,"valueName":"search_term_string"}}],"inLanguage":"en-GB"},{"@type":"Organization","@id":"https:\/\/skaitytaknyga.lt\/#organization","name":"skaitytaknyga.lt","url":"https:\/\/skaitytaknyga.lt\/","logo":{"@type":"ImageObject","inLanguage":"en-GB","@id":"https:\/\/skaitytaknyga.lt\/#\/schema\/logo\/image\/","url":"https:\/\/skaitytaknyga.lt\/wp-content\/uploads\/2024\/05\/cropped-cropped-cropped-02_00843_jt3bggkj1j3HLc7SyY6rEUpg.jpeg","contentUrl":"https:\/\/skaitytaknyga.lt\/wp-content\/uploads\/2024\/05\/cropped-cropped-cropped-02_00843_jt3bggkj1j3HLc7SyY6rEUpg.jpeg","width":1600,"height":1600,"caption":"skaitytaknyga.lt"},"image":{"@id":"https:\/\/skaitytaknyga.lt\/#\/schema\/logo\/image\/"},"sameAs":["https:\/\/www.facebook.com\/skaitytaknyga\/"]}]}},"_links":{"self":[{"href":"https:\/\/skaitytaknyga.lt\/en\/wp-json\/wp\/v2\/product\/23092","targetHints":{"allow":["GET"]}}],"collection":[{"href":"https:\/\/skaitytaknyga.lt\/en\/wp-json\/wp\/v2\/product"}],"about":[{"href":"https:\/\/skaitytaknyga.lt\/en\/wp-json\/wp\/v2\/types\/product"}],"replies":[{"embeddable":true,"href":"https:\/\/skaitytaknyga.lt\/en\/wp-json\/wp\/v2\/comments?post=23092"}],"wp:featuredmedia":[{"embeddable":true,"href":"https:\/\/skaitytaknyga.lt\/en\/wp-json\/wp\/v2\/media\/23104"}],"wp:attachment":[{"href":"https:\/\/skaitytaknyga.lt\/en\/wp-json\/wp\/v2\/media?parent=23092"}],"wp:term":[{"taxonomy":"product_brand","embeddable":true,"href":"https:\/\/skaitytaknyga.lt\/en\/wp-json\/wp\/v2\/product_brand?post=23092"},{"taxonomy":"product_cat","embeddable":true,"href":"https:\/\/skaitytaknyga.lt\/en\/wp-json\/wp\/v2\/product_cat?post=23092"},{"taxonomy":"product_tag","embeddable":true,"href":"https:\/\/skaitytaknyga.lt\/en\/wp-json\/wp\/v2\/product_tag?post=23092"}],"curies":[{"name":"wp","href":"https:\/\/api.w.org\/{rel}","templated":true}]}}