{"id":23082,"date":"2026-02-18T17:20:58","date_gmt":"2026-02-18T15:20:58","guid":{"rendered":"https:\/\/skaitytaknyga.lt\/?post_type=product&#038;p=23082"},"modified":"2026-02-26T10:10:19","modified_gmt":"2026-02-26T08:10:19","slug":"mazieji-palaiminimai","status":"publish","type":"product","link":"https:\/\/skaitytaknyga.lt\/en\/produktas\/mazieji-palaiminimai\/","title":{"rendered":"Ma\u017eieji palaiminimai"},"content":{"rendered":"<p>\u017dinome \u201edid\u017eiuosius palaiminimus\u201c, kuriuos girdime Vis\u0173 \u0160vent\u0173j\u0173 i\u0161kilm\u0117s Mi\u0161iose. Jie yra didysis J\u0117zaus mokymo \u201eprieangis\u201c.<\/p>\n<p>\u201eMa\u017eieji palaiminimai\u201c yra paprasti. Prasidedantys \u017eod\u017eiais \u201epalaiminti\u201c, \u201elaimingi\u201c jie yra i\u0161barstyti po vis\u0105 \u0160vent\u0105j\u012f Ra\u0161t\u0105. Juos matome ir psalm\u0117s posme, ir J\u0117zaus i\u0161tartame palyginime, ir labai rimtoje, tobuliausio i\u0161min\u010diaus Siracido knygoje ar Aprei\u0161kime Jonui\u2026Ne visi jie komentuoja knygos puslapiuose. Autorius pasirinko tre\u010ddal\u012f reik\u0161mingiausi\u0173. \u0160ie palaiminimai yra konkre\u010dios, paprastos, \u017emogi\u0161kos, da\u017enai linksmos gair\u0117s, vedan\u010dios Dievo link ir padedan\u010dios atrasti d\u017eiaugsm\u0105 b\u016bti broliu ir seserimi. Pasitelkdamas juos, skaitytojas suras \u012fvairiausi\u0173 g\u0117rybi\u0173, Dievo mums trok\u0161tam\u0105 laim\u0119.<\/p>\n<p>Dominikonas t\u0117vas Paulas-Dominique&#8217;as Marcovits&#8217;as yra daugelio rekolekcij\u0173 ved\u0117jas ir televizijos programos &#8220;Vie\u0161paties diena&#8221; transliuojam\u0173 Mi\u0161i\u0173 pamokslininkas.<\/p>\n","protected":false},"excerpt":{"rendered":"<p>\u017dinome \u201edid\u017eiuosius palaiminimus\u201c, kuriuos girdime Vis\u0173 \u0160vent\u0173j\u0173 i\u0161kilm\u0117s Mi\u0161iose. Jie yra didysis J\u0117zaus mokymo \u201eprieangis\u201c. \u201eMa\u017eieji palaiminimai\u201c yra paprasti. Prasidedantys \u017eod\u017eiais \u201epalaiminti\u201c, \u201elaimingi\u201c jie yra i\u0161barstyti po vis\u0105 \u0160vent\u0105j\u012f Ra\u0161t\u0105. Juos matome ir psalm\u0117s posme, ir J\u0117zaus i\u0161tartame palyginime, ir labai rimtoje, tobuliausio i\u0161min\u010diaus Siracido knygoje ar Aprei\u0161kime Jonui\u2026Ne visi jie komentuoja knygos puslapiuose. Autorius pasirinko tre\u010ddal\u012f reik\u0161mingiausi\u0173. \u0160ie palaiminimai yra konkre\u010dios, paprastos, \u017emogi\u0161kos, da\u017enai linksmos gair\u0117s, vedan\u010dios Dievo link ir padedan\u010dios atrasti d\u017eiaugsm\u0105 b\u016bti broliu ir seserimi. Pasitelkdamas juos, skaitytojas suras \u012fvairiausi\u0173 g\u0117rybi\u0173, Dievo mums trok\u0161tam\u0105 laim\u0119. Dominikonas t\u0117vas Paulas-Dominique&#8217;as Marcovits&#8217;as yra daugelio rekolekcij\u0173 ved\u0117jas ir televizijos programos &#8220;Vie\u0161paties diena&#8221; transliuojam\u0173 Mi\u0161i\u0173 pamokslininkas.<\/p>\n","protected":false},"featured_media":23089,"comment_status":"open","ping_status":"closed","template":"","meta":{"_acf_changed":false,"site-sidebar-layout":"default","site-content-layout":"","ast-site-content-layout":"default","site-content-style":"default","site-sidebar-style":"default","ast-global-header-display":"","ast-banner-title-visibility":"","ast-main-header-display":"","ast-hfb-above-header-display":"","ast-hfb-below-header-display":"","ast-hfb-mobile-header-display":"","site-post-title":"","ast-breadcrumbs-content":"","ast-featured-img":"","footer-sml-layout":"","ast-disable-related-posts":"","theme-transparent-header-meta":"","adv-header-id-meta":"","stick-header-meta":"","header-above-stick-meta":"","header-main-stick-meta":"","header-below-stick-meta":"","astra-migrate-meta-layouts":"default","ast-page-background-enabled":"default","ast-page-background-meta":{"desktop":{"background-color":"","background-image":"","background-repeat":"repeat","background-position":"center center","background-size":"auto","background-attachment":"scroll","background-type":"","background-media":"","overlay-type":"","overlay-color":"","overlay-opacity":"","overlay-gradient":""},"tablet":{"background-color":"","background-image":"","background-repeat":"repeat","background-position":"center center","background-size":"auto","background-attachment":"scroll","background-type":"","background-media":"","overlay-type":"","overlay-color":"","overlay-opacity":"","overlay-gradient":""},"mobile":{"background-color":"","background-image":"","background-repeat":"repeat","background-position":"center center","background-size":"auto","background-attachment":"scroll","background-type":"","background-media":"","overlay-type":"","overlay-color":"","overlay-opacity":"","overlay-gradient":""}},"ast-content-background-meta":{"desktop":{"background-color":"var(--ast-global-color-4)","background-image":"","background-repeat":"repeat","background-position":"center center","background-size":"auto","background-attachment":"scroll","background-type":"","background-media":"","overlay-type":"","overlay-color":"","overlay-opacity":"","overlay-gradient":""},"tablet":{"background-color":"var(--ast-global-color-4)","background-image":"","background-repeat":"repeat","background-position":"center center","background-size":"auto","background-attachment":"scroll","background-type":"","background-media":"","overlay-type":"","overlay-color":"","overlay-opacity":"","overlay-gradient":""},"mobile":{"background-color":"var(--ast-global-color-4)","background-image":"","background-repeat":"repeat","background-position":"center center","background-size":"auto","background-attachment":"scroll","background-type":"","background-media":"","overlay-type":"","overlay-color":"","overlay-opacity":"","overlay-gradient":""}}},"product_brand":[],"product_cat":[165],"product_tag":[9478],"class_list":{"0":"post-23082","1":"product","2":"type-product","3":"status-publish","4":"has-post-thumbnail","6":"product_cat-religija-filosofija-ir-ezoterika","7":"product_tag-paul-dominique-marcovits","8":"desktop-align-left","9":"tablet-align-left","10":"mobile-align-left","12":"first","13":"instock","14":"shipping-taxable","15":"purchasable","16":"product-type-simple"},"acf":[],"yoast_head":"<!-- This site is optimized with the Yoast SEO plugin v27.0 - https:\/\/yoast.com\/product\/yoast-seo-wordpress\/ -->\n<title>Ma\u017eieji palaiminimai<\/title>\n<meta name=\"description\" content=\"\u017dinome \u201edid\u017eiuosius palaiminimus\u201c, kuriuos girdime Vis\u0173 \u0160vent\u0173j\u0173 i\u0161kilm\u0117s Mi\u0161iose. Jie yra didysis J\u0117zaus mokymo \u201eprieangis\u201c. \u201eMa\u017eieji palaiminimai\u201c yra\" \/>\n<meta name=\"robots\" content=\"index, follow, max-snippet:-1, max-image-preview:large, max-video-preview:-1\" \/>\n<link rel=\"canonical\" href=\"https:\/\/skaitytaknyga.lt\/en\/produktas\/mazieji-palaiminimai\/\" \/>\n<meta property=\"og:locale\" content=\"en_GB\" \/>\n<meta property=\"og:locale:alternate\" content=\"lt_LT\" \/>\n<meta property=\"og:type\" content=\"article\" \/>\n<meta property=\"og:title\" content=\"Ma\u017eieji palaiminimai\" \/>\n<meta property=\"og:description\" content=\"\u017dinome \u201edid\u017eiuosius palaiminimus\u201c, kuriuos girdime Vis\u0173 \u0160vent\u0173j\u0173 i\u0161kilm\u0117s Mi\u0161iose. Jie yra didysis J\u0117zaus mokymo \u201eprieangis\u201c. \u201eMa\u017eieji palaiminimai\u201c yra\" \/>\n<meta property=\"og:url\" content=\"https:\/\/skaitytaknyga.lt\/en\/produktas\/mazieji-palaiminimai\/\" \/>\n<meta property=\"og:site_name\" content=\"Skaitytaknyga\" \/>\n<meta property=\"article:publisher\" content=\"https:\/\/www.facebook.com\/skaitytaknyga\/\" \/>\n<meta property=\"article:modified_time\" content=\"2026-02-26T08:10:19+00:00\" \/>\n<meta property=\"og:image\" content=\"https:\/\/skaitytaknyga.lt\/wp-content\/uploads\/2026\/02\/Mazieji-palaiminimai.webp\" \/>\n\t<meta property=\"og:image:width\" content=\"300\" \/>\n\t<meta property=\"og:image:height\" content=\"450\" \/>\n\t<meta property=\"og:image:type\" content=\"image\/webp\" \/>\n<meta name=\"twitter:card\" content=\"summary_large_image\" \/>\n<meta name=\"twitter:label1\" content=\"Estimated reading time\" \/>\n\t<meta name=\"twitter:data1\" content=\"1 minute\" \/>\n<script type=\"application\/ld+json\" class=\"yoast-schema-graph\">{\"@context\":\"https:\/\/schema.org\",\"@graph\":[{\"@type\":\"WebPage\",\"@id\":\"https:\/\/skaitytaknyga.lt\/produktas\/mazieji-palaiminimai\/\",\"url\":\"https:\/\/skaitytaknyga.lt\/produktas\/mazieji-palaiminimai\/\",\"name\":\"Ma\u017eieji palaiminimai\",\"isPartOf\":{\"@id\":\"https:\/\/skaitytaknyga.lt\/#website\"},\"primaryImageOfPage\":{\"@id\":\"https:\/\/skaitytaknyga.lt\/produktas\/mazieji-palaiminimai\/#primaryimage\"},\"image\":{\"@id\":\"https:\/\/skaitytaknyga.lt\/produktas\/mazieji-palaiminimai\/#primaryimage\"},\"thumbnailUrl\":\"https:\/\/skaitytaknyga.lt\/wp-content\/uploads\/2026\/02\/Mazieji-palaiminimai.webp\",\"datePublished\":\"2026-02-18T15:20:58+00:00\",\"dateModified\":\"2026-02-26T08:10:19+00:00\",\"description\":\"\u017dinome \u201edid\u017eiuosius palaiminimus\u201c, kuriuos girdime Vis\u0173 \u0160vent\u0173j\u0173 i\u0161kilm\u0117s Mi\u0161iose. Jie yra didysis J\u0117zaus mokymo \u201eprieangis\u201c. \u201eMa\u017eieji palaiminimai\u201c yra\",\"breadcrumb\":{\"@id\":\"https:\/\/skaitytaknyga.lt\/produktas\/mazieji-palaiminimai\/#breadcrumb\"},\"inLanguage\":\"en-GB\",\"potentialAction\":[{\"@type\":\"ReadAction\",\"target\":[\"https:\/\/skaitytaknyga.lt\/produktas\/mazieji-palaiminimai\/\"]}]},{\"@type\":\"ImageObject\",\"inLanguage\":\"en-GB\",\"@id\":\"https:\/\/skaitytaknyga.lt\/produktas\/mazieji-palaiminimai\/#primaryimage\",\"url\":\"https:\/\/skaitytaknyga.lt\/wp-content\/uploads\/2026\/02\/Mazieji-palaiminimai.webp\",\"contentUrl\":\"https:\/\/skaitytaknyga.lt\/wp-content\/uploads\/2026\/02\/Mazieji-palaiminimai.webp\",\"width\":300,\"height\":450,\"caption\":\"Ma\u017eieji palaiminimai\"},{\"@type\":\"BreadcrumbList\",\"@id\":\"https:\/\/skaitytaknyga.lt\/produktas\/mazieji-palaiminimai\/#breadcrumb\",\"itemListElement\":[{\"@type\":\"ListItem\",\"position\":1,\"name\":\"Home\",\"item\":\"https:\/\/skaitytaknyga.lt\/\"},{\"@type\":\"ListItem\",\"position\":2,\"name\":\"Parduotuv\u0117\",\"item\":\"https:\/\/skaitytaknyga.lt\/knygu-parduotuve\/\"},{\"@type\":\"ListItem\",\"position\":3,\"name\":\"Ma\u017eieji palaiminimai\"}]},{\"@type\":\"WebSite\",\"@id\":\"https:\/\/skaitytaknyga.lt\/#website\",\"url\":\"https:\/\/skaitytaknyga.lt\/\",\"name\":\"skaitytaknyga.lt\",\"description\":\"Skaitytaknyga.lt \u2013 tai ma\u017eas \u0161eimos verslas, kuris prasid\u0117jo nuo meil\u0117s knygoms ir siekio i\u0161gelb\u0117ti knygas nuo likimo prie konteinerio. Kas vienam nereikalingas daiktas \u2013 kitam lobis, o mes esame tarpininkai, kurie padeda abiems tapti laimingesniems ???? \u017dinome kaip nelengva i\u0161gyventi ma\u017eiems verslams, tad nuo \u0161iol, \u010dia rasite ir kit\u0173, ma\u017e\u0173 \u0161eim\u0173 versl\u0173, rank\u0173 darbo, dovan\u0173 sau ir artimiesiems.\",\"publisher\":{\"@id\":\"https:\/\/skaitytaknyga.lt\/#organization\"},\"potentialAction\":[{\"@type\":\"SearchAction\",\"target\":{\"@type\":\"EntryPoint\",\"urlTemplate\":\"https:\/\/skaitytaknyga.lt\/?s={search_term_string}\"},\"query-input\":{\"@type\":\"PropertyValueSpecification\",\"valueRequired\":true,\"valueName\":\"search_term_string\"}}],\"inLanguage\":\"en-GB\"},{\"@type\":\"Organization\",\"@id\":\"https:\/\/skaitytaknyga.lt\/#organization\",\"name\":\"skaitytaknyga.lt\",\"url\":\"https:\/\/skaitytaknyga.lt\/\",\"logo\":{\"@type\":\"ImageObject\",\"inLanguage\":\"en-GB\",\"@id\":\"https:\/\/skaitytaknyga.lt\/#\/schema\/logo\/image\/\",\"url\":\"https:\/\/skaitytaknyga.lt\/wp-content\/uploads\/2024\/05\/cropped-cropped-cropped-02_00843_jt3bggkj1j3HLc7SyY6rEUpg.jpeg\",\"contentUrl\":\"https:\/\/skaitytaknyga.lt\/wp-content\/uploads\/2024\/05\/cropped-cropped-cropped-02_00843_jt3bggkj1j3HLc7SyY6rEUpg.jpeg\",\"width\":1600,\"height\":1600,\"caption\":\"skaitytaknyga.lt\"},\"image\":{\"@id\":\"https:\/\/skaitytaknyga.lt\/#\/schema\/logo\/image\/\"},\"sameAs\":[\"https:\/\/www.facebook.com\/skaitytaknyga\/\"]}]}<\/script>\n<!-- \/ Yoast SEO plugin. -->","yoast_head_json":{"title":"Ma\u017eieji palaiminimai","description":"\u017dinome \u201edid\u017eiuosius palaiminimus\u201c, kuriuos girdime Vis\u0173 \u0160vent\u0173j\u0173 i\u0161kilm\u0117s Mi\u0161iose. Jie yra didysis J\u0117zaus mokymo \u201eprieangis\u201c. \u201eMa\u017eieji palaiminimai\u201c yra","robots":{"index":"index","follow":"follow","max-snippet":"max-snippet:-1","max-image-preview":"max-image-preview:large","max-video-preview":"max-video-preview:-1"},"canonical":"https:\/\/skaitytaknyga.lt\/en\/produktas\/mazieji-palaiminimai\/","og_locale":"en_GB","og_type":"article","og_title":"[:lt]Ma\u017eieji palaiminimai[:] - Skaitytaknyga","og_description":"\u017dinome \u201edid\u017eiuosius palaiminimus\u201c, kuriuos girdime Vis\u0173 \u0160vent\u0173j\u0173 i\u0161kilm\u0117s Mi\u0161iose. Jie yra didysis J\u0117zaus mokymo \u201eprieangis\u201c. \u201eMa\u017eieji palaiminimai\u201c yra","og_url":"https:\/\/skaitytaknyga.lt\/en\/produktas\/mazieji-palaiminimai\/","og_site_name":"Skaitytaknyga","article_publisher":"https:\/\/www.facebook.com\/skaitytaknyga\/","article_modified_time":"2026-02-26T08:10:19+00:00","og_image":[{"width":300,"height":450,"url":"https:\/\/skaitytaknyga.lt\/wp-content\/uploads\/2026\/02\/Mazieji-palaiminimai.webp","type":"image\/webp"}],"twitter_card":"summary_large_image","twitter_misc":{"Estimated reading time":"1 minute"},"schema":{"@context":"https:\/\/schema.org","@graph":[{"@type":"WebPage","@id":"https:\/\/skaitytaknyga.lt\/produktas\/mazieji-palaiminimai\/","url":"https:\/\/skaitytaknyga.lt\/produktas\/mazieji-palaiminimai\/","name":"Ma\u017eieji palaiminimai","isPartOf":{"@id":"https:\/\/skaitytaknyga.lt\/#website"},"primaryImageOfPage":{"@id":"https:\/\/skaitytaknyga.lt\/produktas\/mazieji-palaiminimai\/#primaryimage"},"image":{"@id":"https:\/\/skaitytaknyga.lt\/produktas\/mazieji-palaiminimai\/#primaryimage"},"thumbnailUrl":"https:\/\/skaitytaknyga.lt\/wp-content\/uploads\/2026\/02\/Mazieji-palaiminimai.webp","datePublished":"2026-02-18T15:20:58+00:00","dateModified":"2026-02-26T08:10:19+00:00","description":"\u017dinome \u201edid\u017eiuosius palaiminimus\u201c, kuriuos girdime Vis\u0173 \u0160vent\u0173j\u0173 i\u0161kilm\u0117s Mi\u0161iose. Jie yra didysis J\u0117zaus mokymo \u201eprieangis\u201c. \u201eMa\u017eieji palaiminimai\u201c yra","breadcrumb":{"@id":"https:\/\/skaitytaknyga.lt\/produktas\/mazieji-palaiminimai\/#breadcrumb"},"inLanguage":"en-GB","potentialAction":[{"@type":"ReadAction","target":["https:\/\/skaitytaknyga.lt\/produktas\/mazieji-palaiminimai\/"]}]},{"@type":"ImageObject","inLanguage":"en-GB","@id":"https:\/\/skaitytaknyga.lt\/produktas\/mazieji-palaiminimai\/#primaryimage","url":"https:\/\/skaitytaknyga.lt\/wp-content\/uploads\/2026\/02\/Mazieji-palaiminimai.webp","contentUrl":"https:\/\/skaitytaknyga.lt\/wp-content\/uploads\/2026\/02\/Mazieji-palaiminimai.webp","width":300,"height":450,"caption":"Ma\u017eieji palaiminimai"},{"@type":"BreadcrumbList","@id":"https:\/\/skaitytaknyga.lt\/produktas\/mazieji-palaiminimai\/#breadcrumb","itemListElement":[{"@type":"ListItem","position":1,"name":"Home","item":"https:\/\/skaitytaknyga.lt\/"},{"@type":"ListItem","position":2,"name":"Parduotuv\u0117","item":"https:\/\/skaitytaknyga.lt\/knygu-parduotuve\/"},{"@type":"ListItem","position":3,"name":"Ma\u017eieji palaiminimai"}]},{"@type":"WebSite","@id":"https:\/\/skaitytaknyga.lt\/#website","url":"https:\/\/skaitytaknyga.lt\/","name":"skaitytaknyga.lt","description":"Skaitytaknyga.lt \u2013 tai ma\u017eas \u0161eimos verslas, kuris prasid\u0117jo nuo meil\u0117s knygoms ir siekio i\u0161gelb\u0117ti knygas nuo likimo prie konteinerio. Kas vienam nereikalingas daiktas \u2013 kitam lobis, o mes esame tarpininkai, kurie padeda abiems tapti laimingesniems ???? \u017dinome kaip nelengva i\u0161gyventi ma\u017eiems verslams, tad nuo \u0161iol, \u010dia rasite ir kit\u0173, ma\u017e\u0173 \u0161eim\u0173 versl\u0173, rank\u0173 darbo, dovan\u0173 sau ir artimiesiems.","publisher":{"@id":"https:\/\/skaitytaknyga.lt\/#organization"},"potentialAction":[{"@type":"SearchAction","target":{"@type":"EntryPoint","urlTemplate":"https:\/\/skaitytaknyga.lt\/?s={search_term_string}"},"query-input":{"@type":"PropertyValueSpecification","valueRequired":true,"valueName":"search_term_string"}}],"inLanguage":"en-GB"},{"@type":"Organization","@id":"https:\/\/skaitytaknyga.lt\/#organization","name":"skaitytaknyga.lt","url":"https:\/\/skaitytaknyga.lt\/","logo":{"@type":"ImageObject","inLanguage":"en-GB","@id":"https:\/\/skaitytaknyga.lt\/#\/schema\/logo\/image\/","url":"https:\/\/skaitytaknyga.lt\/wp-content\/uploads\/2024\/05\/cropped-cropped-cropped-02_00843_jt3bggkj1j3HLc7SyY6rEUpg.jpeg","contentUrl":"https:\/\/skaitytaknyga.lt\/wp-content\/uploads\/2024\/05\/cropped-cropped-cropped-02_00843_jt3bggkj1j3HLc7SyY6rEUpg.jpeg","width":1600,"height":1600,"caption":"skaitytaknyga.lt"},"image":{"@id":"https:\/\/skaitytaknyga.lt\/#\/schema\/logo\/image\/"},"sameAs":["https:\/\/www.facebook.com\/skaitytaknyga\/"]}]}},"_links":{"self":[{"href":"https:\/\/skaitytaknyga.lt\/en\/wp-json\/wp\/v2\/product\/23082","targetHints":{"allow":["GET"]}}],"collection":[{"href":"https:\/\/skaitytaknyga.lt\/en\/wp-json\/wp\/v2\/product"}],"about":[{"href":"https:\/\/skaitytaknyga.lt\/en\/wp-json\/wp\/v2\/types\/product"}],"replies":[{"embeddable":true,"href":"https:\/\/skaitytaknyga.lt\/en\/wp-json\/wp\/v2\/comments?post=23082"}],"wp:featuredmedia":[{"embeddable":true,"href":"https:\/\/skaitytaknyga.lt\/en\/wp-json\/wp\/v2\/media\/23089"}],"wp:attachment":[{"href":"https:\/\/skaitytaknyga.lt\/en\/wp-json\/wp\/v2\/media?parent=23082"}],"wp:term":[{"taxonomy":"product_brand","embeddable":true,"href":"https:\/\/skaitytaknyga.lt\/en\/wp-json\/wp\/v2\/product_brand?post=23082"},{"taxonomy":"product_cat","embeddable":true,"href":"https:\/\/skaitytaknyga.lt\/en\/wp-json\/wp\/v2\/product_cat?post=23082"},{"taxonomy":"product_tag","embeddable":true,"href":"https:\/\/skaitytaknyga.lt\/en\/wp-json\/wp\/v2\/product_tag?post=23082"}],"curies":[{"name":"wp","href":"https:\/\/api.w.org\/{rel}","templated":true}]}}