{"id":23072,"date":"2026-02-18T15:11:36","date_gmt":"2026-02-18T13:11:36","guid":{"rendered":"https:\/\/skaitytaknyga.lt\/?post_type=product&#038;p=23072"},"modified":"2026-03-05T21:39:54","modified_gmt":"2026-03-05T19:39:54","slug":"tada-ir-mes-laiskai-is-australijos-virselio-defektas","status":"publish","type":"product","link":"https:\/\/skaitytaknyga.lt\/en\/produktas\/tada-ir-mes-laiskai-is-australijos-virselio-defektas\/","title":{"rendered":"Tada ir mes. Lai\u0161kai i\u0161 Australijos (vir\u0161elio defektas)"},"content":{"rendered":"<p>Novel\u0117s. Australijoje gyvenan\u010dio lietuvi\u0173 poeto, prozininko ir dailininko knyga &#8211; tai impresionistin\u0117s miniati\u016bros, paremtos prisiminimais, atsitiktiniais, bet tik i\u0161 pirmo \u017evilgsnio nesvarbiais kasdienyb\u0117s blyksniais.<\/p>\n","protected":false},"excerpt":{"rendered":"<p>Novel\u0117s. Australijoje gyvenan\u010dio lietuvi\u0173 poeto, prozininko ir dailininko knyga &#8211; tai impresionistin\u0117s miniati\u016bros, paremtos prisiminimais, atsitiktiniais, bet tik i\u0161 pirmo \u017evilgsnio nesvarbiais kasdienyb\u0117s blyksniais.<\/p>\n","protected":false},"featured_media":23078,"comment_status":"open","ping_status":"closed","template":"","meta":{"_acf_changed":false,"site-sidebar-layout":"default","site-content-layout":"","ast-site-content-layout":"default","site-content-style":"default","site-sidebar-style":"default","ast-global-header-display":"","ast-banner-title-visibility":"","ast-main-header-display":"","ast-hfb-above-header-display":"","ast-hfb-below-header-display":"","ast-hfb-mobile-header-display":"","site-post-title":"","ast-breadcrumbs-content":"","ast-featured-img":"","footer-sml-layout":"","ast-disable-related-posts":"","theme-transparent-header-meta":"","adv-header-id-meta":"","stick-header-meta":"","header-above-stick-meta":"","header-main-stick-meta":"","header-below-stick-meta":"","astra-migrate-meta-layouts":"default","ast-page-background-enabled":"default","ast-page-background-meta":{"desktop":{"background-color":"","background-image":"","background-repeat":"repeat","background-position":"center center","background-size":"auto","background-attachment":"scroll","background-type":"","background-media":"","overlay-type":"","overlay-color":"","overlay-opacity":"","overlay-gradient":""},"tablet":{"background-color":"","background-image":"","background-repeat":"repeat","background-position":"center center","background-size":"auto","background-attachment":"scroll","background-type":"","background-media":"","overlay-type":"","overlay-color":"","overlay-opacity":"","overlay-gradient":""},"mobile":{"background-color":"","background-image":"","background-repeat":"repeat","background-position":"center center","background-size":"auto","background-attachment":"scroll","background-type":"","background-media":"","overlay-type":"","overlay-color":"","overlay-opacity":"","overlay-gradient":""}},"ast-content-background-meta":{"desktop":{"background-color":"var(--ast-global-color-4)","background-image":"","background-repeat":"repeat","background-position":"center center","background-size":"auto","background-attachment":"scroll","background-type":"","background-media":"","overlay-type":"","overlay-color":"","overlay-opacity":"","overlay-gradient":""},"tablet":{"background-color":"var(--ast-global-color-4)","background-image":"","background-repeat":"repeat","background-position":"center center","background-size":"auto","background-attachment":"scroll","background-type":"","background-media":"","overlay-type":"","overlay-color":"","overlay-opacity":"","overlay-gradient":""},"mobile":{"background-color":"var(--ast-global-color-4)","background-image":"","background-repeat":"repeat","background-position":"center center","background-size":"auto","background-attachment":"scroll","background-type":"","background-media":"","overlay-type":"","overlay-color":"","overlay-opacity":"","overlay-gradient":""}}},"product_brand":[],"product_cat":[31],"product_tag":[9472],"class_list":{"0":"post-23072","1":"product","2":"type-product","3":"status-publish","4":"has-post-thumbnail","6":"product_cat-grozine-literatura","7":"product_tag-jurgis-janavicius","8":"desktop-align-left","9":"tablet-align-left","10":"mobile-align-left","12":"first","13":"outofstock","14":"shipping-taxable","15":"purchasable","16":"product-type-simple"},"acf":[],"yoast_head":"<!-- This site is optimized with the Yoast SEO plugin v27.0 - https:\/\/yoast.com\/product\/yoast-seo-wordpress\/ -->\n<title>Tada ir mes. Lai\u0161kai i\u0161 Australijos (vir\u0161elio defektas)<\/title>\n<meta name=\"description\" content=\"Novel\u0117s. Australijoje gyvenan\u010dio lietuvi\u0173 poeto, prozininko ir dailininko knyga - tai impresionistin\u0117s miniati\u016bros, paremtos prisiminimais,\" \/>\n<meta name=\"robots\" content=\"index, follow, max-snippet:-1, max-image-preview:large, max-video-preview:-1\" \/>\n<link rel=\"canonical\" href=\"https:\/\/skaitytaknyga.lt\/en\/produktas\/tada-ir-mes-laiskai-is-australijos-virselio-defektas\/\" \/>\n<meta property=\"og:locale\" content=\"en_GB\" \/>\n<meta property=\"og:locale:alternate\" content=\"lt_LT\" \/>\n<meta property=\"og:type\" content=\"article\" \/>\n<meta property=\"og:title\" content=\"Tada ir mes. Lai\u0161kai i\u0161 Australijos (vir\u0161elio defektas)\" \/>\n<meta property=\"og:description\" content=\"Novel\u0117s. Australijoje gyvenan\u010dio lietuvi\u0173 poeto, prozininko ir dailininko knyga - tai impresionistin\u0117s miniati\u016bros, paremtos prisiminimais,\" \/>\n<meta property=\"og:url\" content=\"https:\/\/skaitytaknyga.lt\/en\/produktas\/tada-ir-mes-laiskai-is-australijos-virselio-defektas\/\" \/>\n<meta property=\"og:site_name\" content=\"Skaitytaknyga\" \/>\n<meta property=\"article:publisher\" content=\"https:\/\/www.facebook.com\/skaitytaknyga\/\" \/>\n<meta property=\"article:modified_time\" content=\"2026-03-05T19:39:54+00:00\" \/>\n<meta property=\"og:image\" content=\"https:\/\/skaitytaknyga.lt\/wp-content\/uploads\/2026\/02\/Tada-ir-mes.-Laiskai-is-Australijos-e1771421836740.jpg\" \/>\n\t<meta property=\"og:image:width\" content=\"354\" \/>\n\t<meta property=\"og:image:height\" content=\"385\" \/>\n\t<meta property=\"og:image:type\" content=\"image\/jpeg\" \/>\n<meta name=\"twitter:card\" content=\"summary_large_image\" \/>\n<script type=\"application\/ld+json\" class=\"yoast-schema-graph\">{\"@context\":\"https:\/\/schema.org\",\"@graph\":[{\"@type\":\"WebPage\",\"@id\":\"https:\/\/skaitytaknyga.lt\/produktas\/tada-ir-mes-laiskai-is-australijos-virselio-defektas\/\",\"url\":\"https:\/\/skaitytaknyga.lt\/produktas\/tada-ir-mes-laiskai-is-australijos-virselio-defektas\/\",\"name\":\"Tada ir mes. Lai\u0161kai i\u0161 Australijos (vir\u0161elio defektas)\",\"isPartOf\":{\"@id\":\"https:\/\/skaitytaknyga.lt\/#website\"},\"primaryImageOfPage\":{\"@id\":\"https:\/\/skaitytaknyga.lt\/produktas\/tada-ir-mes-laiskai-is-australijos-virselio-defektas\/#primaryimage\"},\"image\":{\"@id\":\"https:\/\/skaitytaknyga.lt\/produktas\/tada-ir-mes-laiskai-is-australijos-virselio-defektas\/#primaryimage\"},\"thumbnailUrl\":\"https:\/\/skaitytaknyga.lt\/wp-content\/uploads\/2026\/02\/Tada-ir-mes.-Laiskai-is-Australijos-e1771421836740.jpg\",\"datePublished\":\"2026-02-18T13:11:36+00:00\",\"dateModified\":\"2026-03-05T19:39:54+00:00\",\"description\":\"Novel\u0117s. Australijoje gyvenan\u010dio lietuvi\u0173 poeto, prozininko ir dailininko knyga - tai impresionistin\u0117s miniati\u016bros, paremtos prisiminimais,\",\"breadcrumb\":{\"@id\":\"https:\/\/skaitytaknyga.lt\/produktas\/tada-ir-mes-laiskai-is-australijos-virselio-defektas\/#breadcrumb\"},\"inLanguage\":\"en-GB\",\"potentialAction\":[{\"@type\":\"ReadAction\",\"target\":[\"https:\/\/skaitytaknyga.lt\/produktas\/tada-ir-mes-laiskai-is-australijos-virselio-defektas\/\"]}]},{\"@type\":\"ImageObject\",\"inLanguage\":\"en-GB\",\"@id\":\"https:\/\/skaitytaknyga.lt\/produktas\/tada-ir-mes-laiskai-is-australijos-virselio-defektas\/#primaryimage\",\"url\":\"https:\/\/skaitytaknyga.lt\/wp-content\/uploads\/2026\/02\/Tada-ir-mes.-Laiskai-is-Australijos-e1771421836740.jpg\",\"contentUrl\":\"https:\/\/skaitytaknyga.lt\/wp-content\/uploads\/2026\/02\/Tada-ir-mes.-Laiskai-is-Australijos-e1771421836740.jpg\",\"width\":354,\"height\":385,\"caption\":\"Tada ir mes. Lai\u0161kai i\u0161 Australijos\"},{\"@type\":\"BreadcrumbList\",\"@id\":\"https:\/\/skaitytaknyga.lt\/produktas\/tada-ir-mes-laiskai-is-australijos-virselio-defektas\/#breadcrumb\",\"itemListElement\":[{\"@type\":\"ListItem\",\"position\":1,\"name\":\"Home\",\"item\":\"https:\/\/skaitytaknyga.lt\/\"},{\"@type\":\"ListItem\",\"position\":2,\"name\":\"Parduotuv\u0117\",\"item\":\"https:\/\/skaitytaknyga.lt\/knygu-parduotuve\/\"},{\"@type\":\"ListItem\",\"position\":3,\"name\":\"Tada ir mes. Lai\u0161kai i\u0161 Australijos (vir\u0161elio defektas)\"}]},{\"@type\":\"WebSite\",\"@id\":\"https:\/\/skaitytaknyga.lt\/#website\",\"url\":\"https:\/\/skaitytaknyga.lt\/\",\"name\":\"skaitytaknyga.lt\",\"description\":\"Skaitytaknyga.lt \u2013 tai ma\u017eas \u0161eimos verslas, kuris prasid\u0117jo nuo meil\u0117s knygoms ir siekio i\u0161gelb\u0117ti knygas nuo likimo prie konteinerio. Kas vienam nereikalingas daiktas \u2013 kitam lobis, o mes esame tarpininkai, kurie padeda abiems tapti laimingesniems ???? \u017dinome kaip nelengva i\u0161gyventi ma\u017eiems verslams, tad nuo \u0161iol, \u010dia rasite ir kit\u0173, ma\u017e\u0173 \u0161eim\u0173 versl\u0173, rank\u0173 darbo, dovan\u0173 sau ir artimiesiems.\",\"publisher\":{\"@id\":\"https:\/\/skaitytaknyga.lt\/#organization\"},\"potentialAction\":[{\"@type\":\"SearchAction\",\"target\":{\"@type\":\"EntryPoint\",\"urlTemplate\":\"https:\/\/skaitytaknyga.lt\/?s={search_term_string}\"},\"query-input\":{\"@type\":\"PropertyValueSpecification\",\"valueRequired\":true,\"valueName\":\"search_term_string\"}}],\"inLanguage\":\"en-GB\"},{\"@type\":\"Organization\",\"@id\":\"https:\/\/skaitytaknyga.lt\/#organization\",\"name\":\"skaitytaknyga.lt\",\"url\":\"https:\/\/skaitytaknyga.lt\/\",\"logo\":{\"@type\":\"ImageObject\",\"inLanguage\":\"en-GB\",\"@id\":\"https:\/\/skaitytaknyga.lt\/#\/schema\/logo\/image\/\",\"url\":\"https:\/\/skaitytaknyga.lt\/wp-content\/uploads\/2024\/05\/cropped-cropped-cropped-02_00843_jt3bggkj1j3HLc7SyY6rEUpg.jpeg\",\"contentUrl\":\"https:\/\/skaitytaknyga.lt\/wp-content\/uploads\/2024\/05\/cropped-cropped-cropped-02_00843_jt3bggkj1j3HLc7SyY6rEUpg.jpeg\",\"width\":1600,\"height\":1600,\"caption\":\"skaitytaknyga.lt\"},\"image\":{\"@id\":\"https:\/\/skaitytaknyga.lt\/#\/schema\/logo\/image\/\"},\"sameAs\":[\"https:\/\/www.facebook.com\/skaitytaknyga\/\"]}]}<\/script>\n<!-- \/ Yoast SEO plugin. -->","yoast_head_json":{"title":"Tada ir mes. Lai\u0161kai i\u0161 Australijos (vir\u0161elio defektas)","description":"Novel\u0117s. Australijoje gyvenan\u010dio lietuvi\u0173 poeto, prozininko ir dailininko knyga - tai impresionistin\u0117s miniati\u016bros, paremtos prisiminimais,","robots":{"index":"index","follow":"follow","max-snippet":"max-snippet:-1","max-image-preview":"max-image-preview:large","max-video-preview":"max-video-preview:-1"},"canonical":"https:\/\/skaitytaknyga.lt\/en\/produktas\/tada-ir-mes-laiskai-is-australijos-virselio-defektas\/","og_locale":"en_GB","og_type":"article","og_title":"[:lt]Tada ir mes. Lai\u0161kai i\u0161 Australijos (vir\u0161elio defektas)[:] - Skaitytaknyga","og_description":"Novel\u0117s. Australijoje gyvenan\u010dio lietuvi\u0173 poeto, prozininko ir dailininko knyga - tai impresionistin\u0117s miniati\u016bros, paremtos prisiminimais,","og_url":"https:\/\/skaitytaknyga.lt\/en\/produktas\/tada-ir-mes-laiskai-is-australijos-virselio-defektas\/","og_site_name":"Skaitytaknyga","article_publisher":"https:\/\/www.facebook.com\/skaitytaknyga\/","article_modified_time":"2026-03-05T19:39:54+00:00","og_image":[{"width":354,"height":385,"url":"https:\/\/skaitytaknyga.lt\/wp-content\/uploads\/2026\/02\/Tada-ir-mes.-Laiskai-is-Australijos-e1771421836740.jpg","type":"image\/jpeg"}],"twitter_card":"summary_large_image","schema":{"@context":"https:\/\/schema.org","@graph":[{"@type":"WebPage","@id":"https:\/\/skaitytaknyga.lt\/produktas\/tada-ir-mes-laiskai-is-australijos-virselio-defektas\/","url":"https:\/\/skaitytaknyga.lt\/produktas\/tada-ir-mes-laiskai-is-australijos-virselio-defektas\/","name":"Tada ir mes. Lai\u0161kai i\u0161 Australijos (vir\u0161elio defektas)","isPartOf":{"@id":"https:\/\/skaitytaknyga.lt\/#website"},"primaryImageOfPage":{"@id":"https:\/\/skaitytaknyga.lt\/produktas\/tada-ir-mes-laiskai-is-australijos-virselio-defektas\/#primaryimage"},"image":{"@id":"https:\/\/skaitytaknyga.lt\/produktas\/tada-ir-mes-laiskai-is-australijos-virselio-defektas\/#primaryimage"},"thumbnailUrl":"https:\/\/skaitytaknyga.lt\/wp-content\/uploads\/2026\/02\/Tada-ir-mes.-Laiskai-is-Australijos-e1771421836740.jpg","datePublished":"2026-02-18T13:11:36+00:00","dateModified":"2026-03-05T19:39:54+00:00","description":"Novel\u0117s. Australijoje gyvenan\u010dio lietuvi\u0173 poeto, prozininko ir dailininko knyga - tai impresionistin\u0117s miniati\u016bros, paremtos prisiminimais,","breadcrumb":{"@id":"https:\/\/skaitytaknyga.lt\/produktas\/tada-ir-mes-laiskai-is-australijos-virselio-defektas\/#breadcrumb"},"inLanguage":"en-GB","potentialAction":[{"@type":"ReadAction","target":["https:\/\/skaitytaknyga.lt\/produktas\/tada-ir-mes-laiskai-is-australijos-virselio-defektas\/"]}]},{"@type":"ImageObject","inLanguage":"en-GB","@id":"https:\/\/skaitytaknyga.lt\/produktas\/tada-ir-mes-laiskai-is-australijos-virselio-defektas\/#primaryimage","url":"https:\/\/skaitytaknyga.lt\/wp-content\/uploads\/2026\/02\/Tada-ir-mes.-Laiskai-is-Australijos-e1771421836740.jpg","contentUrl":"https:\/\/skaitytaknyga.lt\/wp-content\/uploads\/2026\/02\/Tada-ir-mes.-Laiskai-is-Australijos-e1771421836740.jpg","width":354,"height":385,"caption":"Tada ir mes. Lai\u0161kai i\u0161 Australijos"},{"@type":"BreadcrumbList","@id":"https:\/\/skaitytaknyga.lt\/produktas\/tada-ir-mes-laiskai-is-australijos-virselio-defektas\/#breadcrumb","itemListElement":[{"@type":"ListItem","position":1,"name":"Home","item":"https:\/\/skaitytaknyga.lt\/"},{"@type":"ListItem","position":2,"name":"Parduotuv\u0117","item":"https:\/\/skaitytaknyga.lt\/knygu-parduotuve\/"},{"@type":"ListItem","position":3,"name":"Tada ir mes. Lai\u0161kai i\u0161 Australijos (vir\u0161elio defektas)"}]},{"@type":"WebSite","@id":"https:\/\/skaitytaknyga.lt\/#website","url":"https:\/\/skaitytaknyga.lt\/","name":"skaitytaknyga.lt","description":"Skaitytaknyga.lt \u2013 tai ma\u017eas \u0161eimos verslas, kuris prasid\u0117jo nuo meil\u0117s knygoms ir siekio i\u0161gelb\u0117ti knygas nuo likimo prie konteinerio. Kas vienam nereikalingas daiktas \u2013 kitam lobis, o mes esame tarpininkai, kurie padeda abiems tapti laimingesniems ???? \u017dinome kaip nelengva i\u0161gyventi ma\u017eiems verslams, tad nuo \u0161iol, \u010dia rasite ir kit\u0173, ma\u017e\u0173 \u0161eim\u0173 versl\u0173, rank\u0173 darbo, dovan\u0173 sau ir artimiesiems.","publisher":{"@id":"https:\/\/skaitytaknyga.lt\/#organization"},"potentialAction":[{"@type":"SearchAction","target":{"@type":"EntryPoint","urlTemplate":"https:\/\/skaitytaknyga.lt\/?s={search_term_string}"},"query-input":{"@type":"PropertyValueSpecification","valueRequired":true,"valueName":"search_term_string"}}],"inLanguage":"en-GB"},{"@type":"Organization","@id":"https:\/\/skaitytaknyga.lt\/#organization","name":"skaitytaknyga.lt","url":"https:\/\/skaitytaknyga.lt\/","logo":{"@type":"ImageObject","inLanguage":"en-GB","@id":"https:\/\/skaitytaknyga.lt\/#\/schema\/logo\/image\/","url":"https:\/\/skaitytaknyga.lt\/wp-content\/uploads\/2024\/05\/cropped-cropped-cropped-02_00843_jt3bggkj1j3HLc7SyY6rEUpg.jpeg","contentUrl":"https:\/\/skaitytaknyga.lt\/wp-content\/uploads\/2024\/05\/cropped-cropped-cropped-02_00843_jt3bggkj1j3HLc7SyY6rEUpg.jpeg","width":1600,"height":1600,"caption":"skaitytaknyga.lt"},"image":{"@id":"https:\/\/skaitytaknyga.lt\/#\/schema\/logo\/image\/"},"sameAs":["https:\/\/www.facebook.com\/skaitytaknyga\/"]}]}},"_links":{"self":[{"href":"https:\/\/skaitytaknyga.lt\/en\/wp-json\/wp\/v2\/product\/23072","targetHints":{"allow":["GET"]}}],"collection":[{"href":"https:\/\/skaitytaknyga.lt\/en\/wp-json\/wp\/v2\/product"}],"about":[{"href":"https:\/\/skaitytaknyga.lt\/en\/wp-json\/wp\/v2\/types\/product"}],"replies":[{"embeddable":true,"href":"https:\/\/skaitytaknyga.lt\/en\/wp-json\/wp\/v2\/comments?post=23072"}],"wp:featuredmedia":[{"embeddable":true,"href":"https:\/\/skaitytaknyga.lt\/en\/wp-json\/wp\/v2\/media\/23078"}],"wp:attachment":[{"href":"https:\/\/skaitytaknyga.lt\/en\/wp-json\/wp\/v2\/media?parent=23072"}],"wp:term":[{"taxonomy":"product_brand","embeddable":true,"href":"https:\/\/skaitytaknyga.lt\/en\/wp-json\/wp\/v2\/product_brand?post=23072"},{"taxonomy":"product_cat","embeddable":true,"href":"https:\/\/skaitytaknyga.lt\/en\/wp-json\/wp\/v2\/product_cat?post=23072"},{"taxonomy":"product_tag","embeddable":true,"href":"https:\/\/skaitytaknyga.lt\/en\/wp-json\/wp\/v2\/product_tag?post=23072"}],"curies":[{"name":"wp","href":"https:\/\/api.w.org\/{rel}","templated":true}]}}