{"id":23056,"date":"2026-02-18T14:36:55","date_gmt":"2026-02-18T12:36:55","guid":{"rendered":"https:\/\/skaitytaknyga.lt\/?post_type=product&#038;p=23056"},"modified":"2026-02-18T14:55:17","modified_gmt":"2026-02-18T12:55:17","slug":"psichologinis-tvirtumas-2","status":"publish","type":"product","link":"https:\/\/skaitytaknyga.lt\/en\/produktas\/psichologinis-tvirtumas-2\/","title":{"rendered":"Psichologinis tvirtumas (yra kelios d\u0117mel\u0117s)"},"content":{"rendered":"<p>Deimonas Zahariadesas pateikia \u017eingsnis po \u017eingsnio mokym\u0173 program\u0105, kaip atsispirti sunkumams. \u012egysite \u017eini\u0173, kaip i\u0161likti atkakliems, kai gyvenimas tampa sud\u0117tingas, o aplinkyb\u0117s krypsta neplanuota linkme. Su\u017einosite, kaip valdyti \u012ftamp\u0105, kontroliuoti savo impulsus bei atlaikyti nes\u0117kmes lydint\u012f emocin\u012f ir psichologin\u012f distres\u0105.<\/p>\n<p>O svarbiausia \u2013 su\u017einosite, kaip vien ry\u017etu ir atkaklumu pasiekti daugiau nei man\u0117te esant \u012fmanoma.<\/p>\n<p>PSICHOLOGINIO TVIRTUMO UGDYMO VADOVAS atskleis:<\/p>\n<p>kuo psichologinis tvirtumas skiriasi nuo i\u0161tverm\u0117s (dauguma \u017emoni\u0173 klaidingai mano, kad tai yra tas pats);<br \/>\n7 svarbiausius psichologi\u0161kai stipri\u0173 \u017emoni\u0173 i\u0161siugdytus bruo\u017eus, leisian\u010dius \u012fveikti bet kokias problemas;<br \/>\nkaip glaud\u017eiai psichologinis tvirtumas susij\u0119s su geb\u0117jimu valdyti emocijas (taip pat kuo svarbios savimon\u0117 bei empatija);<br \/>\n5 kasdienius \u012fpro\u010dius, kuriuos privalote i\u0161siugdyti tam, kad sustiprintum\u0117te dvasi\u0105 ir ry\u017et\u0105;<br \/>\nkod\u0117l stipri valia ir motyvacija n\u0117ra patikimos s\u0105junginink\u0117s (ir kuo psichologinis tvirtumas jas abi pranoksta!);<br \/>\n5 paprastus patarimus, kaip valdyti savo impulsus ir atid\u0117ti atlyg\u012f;<br \/>\nkaip psichologin\u012f tvirtum\u0105 ugdo \u201eNavy SEALs&#8221; speciali\u0173j\u0173 paj\u0117g\u0173 kariai (ir 5 netik\u0117tas taktikas, kurias jie naudoja).<\/p>\n","protected":false},"excerpt":{"rendered":"<p>Deimonas Zahariadesas pateikia \u017eingsnis po \u017eingsnio mokym\u0173 program\u0105, kaip atsispirti sunkumams. \u012egysite \u017eini\u0173, kaip i\u0161likti atkakliems, kai gyvenimas tampa sud\u0117tingas, o aplinkyb\u0117s krypsta neplanuota linkme. Su\u017einosite, kaip valdyti \u012ftamp\u0105, kontroliuoti savo impulsus bei atlaikyti nes\u0117kmes lydint\u012f emocin\u012f ir psichologin\u012f distres\u0105. O svarbiausia \u2013 su\u017einosite, kaip vien ry\u017etu ir atkaklumu pasiekti daugiau nei man\u0117te esant \u012fmanoma. PSICHOLOGINIO TVIRTUMO UGDYMO VADOVAS atskleis: kuo psichologinis tvirtumas skiriasi nuo i\u0161tverm\u0117s (dauguma \u017emoni\u0173 klaidingai mano, kad tai yra tas pats); 7 svarbiausius psichologi\u0161kai stipri\u0173 \u017emoni\u0173 i\u0161siugdytus bruo\u017eus, leisian\u010dius \u012fveikti bet kokias problemas; kaip glaud\u017eiai psichologinis tvirtumas susij\u0119s su geb\u0117jimu valdyti emocijas (taip pat kuo svarbios savimon\u0117 bei empatija); 5 kasdienius \u012fpro\u010dius, kuriuos privalote i\u0161siugdyti tam, kad sustiprintum\u0117te dvasi\u0105 ir ry\u017et\u0105; kod\u0117l stipri valia ir motyvacija n\u0117ra patikimos s\u0105junginink\u0117s (ir kuo psichologinis tvirtumas jas abi pranoksta!); 5 paprastus patarimus, kaip valdyti savo impulsus ir atid\u0117ti atlyg\u012f; kaip psichologin\u012f tvirtum\u0105 ugdo \u201eNavy SEALs&#8221; speciali\u0173j\u0173 paj\u0117g\u0173 kariai (ir 5 netik\u0117tas taktikas, kurias jie naudoja).<\/p>\n","protected":false},"featured_media":23061,"comment_status":"open","ping_status":"closed","template":"","meta":{"_acf_changed":false,"site-sidebar-layout":"default","site-content-layout":"","ast-site-content-layout":"default","site-content-style":"default","site-sidebar-style":"default","ast-global-header-display":"","ast-banner-title-visibility":"","ast-main-header-display":"","ast-hfb-above-header-display":"","ast-hfb-below-header-display":"","ast-hfb-mobile-header-display":"","site-post-title":"","ast-breadcrumbs-content":"","ast-featured-img":"","footer-sml-layout":"","ast-disable-related-posts":"","theme-transparent-header-meta":"","adv-header-id-meta":"","stick-header-meta":"","header-above-stick-meta":"","header-main-stick-meta":"","header-below-stick-meta":"","astra-migrate-meta-layouts":"default","ast-page-background-enabled":"default","ast-page-background-meta":{"desktop":{"background-color":"","background-image":"","background-repeat":"repeat","background-position":"center center","background-size":"auto","background-attachment":"scroll","background-type":"","background-media":"","overlay-type":"","overlay-color":"","overlay-opacity":"","overlay-gradient":""},"tablet":{"background-color":"","background-image":"","background-repeat":"repeat","background-position":"center center","background-size":"auto","background-attachment":"scroll","background-type":"","background-media":"","overlay-type":"","overlay-color":"","overlay-opacity":"","overlay-gradient":""},"mobile":{"background-color":"","background-image":"","background-repeat":"repeat","background-position":"center center","background-size":"auto","background-attachment":"scroll","background-type":"","background-media":"","overlay-type":"","overlay-color":"","overlay-opacity":"","overlay-gradient":""}},"ast-content-background-meta":{"desktop":{"background-color":"var(--ast-global-color-4)","background-image":"","background-repeat":"repeat","background-position":"center center","background-size":"auto","background-attachment":"scroll","background-type":"","background-media":"","overlay-type":"","overlay-color":"","overlay-opacity":"","overlay-gradient":""},"tablet":{"background-color":"var(--ast-global-color-4)","background-image":"","background-repeat":"repeat","background-position":"center center","background-size":"auto","background-attachment":"scroll","background-type":"","background-media":"","overlay-type":"","overlay-color":"","overlay-opacity":"","overlay-gradient":""},"mobile":{"background-color":"var(--ast-global-color-4)","background-image":"","background-repeat":"repeat","background-position":"center center","background-size":"auto","background-attachment":"scroll","background-type":"","background-media":"","overlay-type":"","overlay-color":"","overlay-opacity":"","overlay-gradient":""}}},"product_brand":[],"product_cat":[30],"product_tag":[7646],"class_list":{"0":"post-23056","1":"product","2":"type-product","3":"status-publish","4":"has-post-thumbnail","6":"product_cat-psichologija-ir-saviugda","7":"product_tag-damon-zahariades","8":"desktop-align-left","9":"tablet-align-left","10":"mobile-align-left","12":"first","13":"instock","14":"shipping-taxable","15":"purchasable","16":"product-type-simple"},"acf":[],"yoast_head":"<!-- This site is optimized with the Yoast SEO plugin v27.0 - https:\/\/yoast.com\/product\/yoast-seo-wordpress\/ -->\n<title>Psichologinis tvirtumas (yra kelios d\u0117mel\u0117s)<\/title>\n<meta name=\"description\" content=\"Deimonas Zahariadesas pateikia \u017eingsnis po \u017eingsnio mokym\u0173 program\u0105, kaip atsispirti sunkumams. \u012egysite \u017eini\u0173, kaip i\u0161likti atkakliems, kai gyvenimas\" \/>\n<meta name=\"robots\" content=\"index, follow, max-snippet:-1, max-image-preview:large, max-video-preview:-1\" \/>\n<link rel=\"canonical\" href=\"https:\/\/skaitytaknyga.lt\/en\/produktas\/psichologinis-tvirtumas-2\/\" \/>\n<meta property=\"og:locale\" content=\"en_GB\" \/>\n<meta property=\"og:locale:alternate\" content=\"lt_LT\" \/>\n<meta property=\"og:type\" content=\"article\" \/>\n<meta property=\"og:title\" content=\"Psichologinis tvirtumas (yra kelios d\u0117mel\u0117s)\" \/>\n<meta property=\"og:description\" content=\"Deimonas Zahariadesas pateikia \u017eingsnis po \u017eingsnio mokym\u0173 program\u0105, kaip atsispirti sunkumams. \u012egysite \u017eini\u0173, kaip i\u0161likti atkakliems, kai gyvenimas\" \/>\n<meta property=\"og:url\" content=\"https:\/\/skaitytaknyga.lt\/en\/produktas\/psichologinis-tvirtumas-2\/\" \/>\n<meta property=\"og:site_name\" content=\"Skaitytaknyga\" \/>\n<meta property=\"article:publisher\" content=\"https:\/\/www.facebook.com\/skaitytaknyga\/\" \/>\n<meta property=\"article:modified_time\" content=\"2026-02-18T12:55:17+00:00\" \/>\n<meta property=\"og:image\" content=\"https:\/\/skaitytaknyga.lt\/wp-content\/uploads\/2026\/02\/Psichologinis-tvirtumas-1.webp\" \/>\n\t<meta property=\"og:image:width\" content=\"300\" \/>\n\t<meta property=\"og:image:height\" content=\"483\" \/>\n\t<meta property=\"og:image:type\" content=\"image\/webp\" \/>\n<meta name=\"twitter:card\" content=\"summary_large_image\" \/>\n<meta name=\"twitter:label1\" content=\"Estimated reading time\" \/>\n\t<meta name=\"twitter:data1\" content=\"1 minute\" \/>\n<script type=\"application\/ld+json\" class=\"yoast-schema-graph\">{\"@context\":\"https:\/\/schema.org\",\"@graph\":[{\"@type\":\"WebPage\",\"@id\":\"https:\/\/skaitytaknyga.lt\/produktas\/psichologinis-tvirtumas-2\/\",\"url\":\"https:\/\/skaitytaknyga.lt\/produktas\/psichologinis-tvirtumas-2\/\",\"name\":\"Psichologinis tvirtumas (yra kelios d\u0117mel\u0117s)\",\"isPartOf\":{\"@id\":\"https:\/\/skaitytaknyga.lt\/#website\"},\"primaryImageOfPage\":{\"@id\":\"https:\/\/skaitytaknyga.lt\/produktas\/psichologinis-tvirtumas-2\/#primaryimage\"},\"image\":{\"@id\":\"https:\/\/skaitytaknyga.lt\/produktas\/psichologinis-tvirtumas-2\/#primaryimage\"},\"thumbnailUrl\":\"https:\/\/skaitytaknyga.lt\/wp-content\/uploads\/2026\/02\/Psichologinis-tvirtumas-1.webp\",\"datePublished\":\"2026-02-18T12:36:55+00:00\",\"dateModified\":\"2026-02-18T12:55:17+00:00\",\"description\":\"Deimonas Zahariadesas pateikia \u017eingsnis po \u017eingsnio mokym\u0173 program\u0105, kaip atsispirti sunkumams. \u012egysite \u017eini\u0173, kaip i\u0161likti atkakliems, kai gyvenimas\",\"breadcrumb\":{\"@id\":\"https:\/\/skaitytaknyga.lt\/produktas\/psichologinis-tvirtumas-2\/#breadcrumb\"},\"inLanguage\":\"en-GB\",\"potentialAction\":[{\"@type\":\"ReadAction\",\"target\":[\"https:\/\/skaitytaknyga.lt\/produktas\/psichologinis-tvirtumas-2\/\"]}]},{\"@type\":\"ImageObject\",\"inLanguage\":\"en-GB\",\"@id\":\"https:\/\/skaitytaknyga.lt\/produktas\/psichologinis-tvirtumas-2\/#primaryimage\",\"url\":\"https:\/\/skaitytaknyga.lt\/wp-content\/uploads\/2026\/02\/Psichologinis-tvirtumas-1.webp\",\"contentUrl\":\"https:\/\/skaitytaknyga.lt\/wp-content\/uploads\/2026\/02\/Psichologinis-tvirtumas-1.webp\",\"width\":300,\"height\":483,\"caption\":\"Psichologinis tvirtumas\"},{\"@type\":\"BreadcrumbList\",\"@id\":\"https:\/\/skaitytaknyga.lt\/produktas\/psichologinis-tvirtumas-2\/#breadcrumb\",\"itemListElement\":[{\"@type\":\"ListItem\",\"position\":1,\"name\":\"Home\",\"item\":\"https:\/\/skaitytaknyga.lt\/\"},{\"@type\":\"ListItem\",\"position\":2,\"name\":\"Parduotuv\u0117\",\"item\":\"https:\/\/skaitytaknyga.lt\/knygu-parduotuve\/\"},{\"@type\":\"ListItem\",\"position\":3,\"name\":\"Psichologinis tvirtumas (yra kelios d\u0117mel\u0117s)\"}]},{\"@type\":\"WebSite\",\"@id\":\"https:\/\/skaitytaknyga.lt\/#website\",\"url\":\"https:\/\/skaitytaknyga.lt\/\",\"name\":\"skaitytaknyga.lt\",\"description\":\"Skaitytaknyga.lt \u2013 tai ma\u017eas \u0161eimos verslas, kuris prasid\u0117jo nuo meil\u0117s knygoms ir siekio i\u0161gelb\u0117ti knygas nuo likimo prie konteinerio. Kas vienam nereikalingas daiktas \u2013 kitam lobis, o mes esame tarpininkai, kurie padeda abiems tapti laimingesniems ???? \u017dinome kaip nelengva i\u0161gyventi ma\u017eiems verslams, tad nuo \u0161iol, \u010dia rasite ir kit\u0173, ma\u017e\u0173 \u0161eim\u0173 versl\u0173, rank\u0173 darbo, dovan\u0173 sau ir artimiesiems.\",\"publisher\":{\"@id\":\"https:\/\/skaitytaknyga.lt\/#organization\"},\"potentialAction\":[{\"@type\":\"SearchAction\",\"target\":{\"@type\":\"EntryPoint\",\"urlTemplate\":\"https:\/\/skaitytaknyga.lt\/?s={search_term_string}\"},\"query-input\":{\"@type\":\"PropertyValueSpecification\",\"valueRequired\":true,\"valueName\":\"search_term_string\"}}],\"inLanguage\":\"en-GB\"},{\"@type\":\"Organization\",\"@id\":\"https:\/\/skaitytaknyga.lt\/#organization\",\"name\":\"skaitytaknyga.lt\",\"url\":\"https:\/\/skaitytaknyga.lt\/\",\"logo\":{\"@type\":\"ImageObject\",\"inLanguage\":\"en-GB\",\"@id\":\"https:\/\/skaitytaknyga.lt\/#\/schema\/logo\/image\/\",\"url\":\"https:\/\/skaitytaknyga.lt\/wp-content\/uploads\/2024\/05\/cropped-cropped-cropped-02_00843_jt3bggkj1j3HLc7SyY6rEUpg.jpeg\",\"contentUrl\":\"https:\/\/skaitytaknyga.lt\/wp-content\/uploads\/2024\/05\/cropped-cropped-cropped-02_00843_jt3bggkj1j3HLc7SyY6rEUpg.jpeg\",\"width\":1600,\"height\":1600,\"caption\":\"skaitytaknyga.lt\"},\"image\":{\"@id\":\"https:\/\/skaitytaknyga.lt\/#\/schema\/logo\/image\/\"},\"sameAs\":[\"https:\/\/www.facebook.com\/skaitytaknyga\/\"]}]}<\/script>\n<!-- \/ Yoast SEO plugin. -->","yoast_head_json":{"title":"Psichologinis tvirtumas (yra kelios d\u0117mel\u0117s)","description":"Deimonas Zahariadesas pateikia \u017eingsnis po \u017eingsnio mokym\u0173 program\u0105, kaip atsispirti sunkumams. \u012egysite \u017eini\u0173, kaip i\u0161likti atkakliems, kai gyvenimas","robots":{"index":"index","follow":"follow","max-snippet":"max-snippet:-1","max-image-preview":"max-image-preview:large","max-video-preview":"max-video-preview:-1"},"canonical":"https:\/\/skaitytaknyga.lt\/en\/produktas\/psichologinis-tvirtumas-2\/","og_locale":"en_GB","og_type":"article","og_title":"[:lt]Psichologinis tvirtumas (yra kelios d\u0117mel\u0117s)[:] - Skaitytaknyga","og_description":"Deimonas Zahariadesas pateikia \u017eingsnis po \u017eingsnio mokym\u0173 program\u0105, kaip atsispirti sunkumams. \u012egysite \u017eini\u0173, kaip i\u0161likti atkakliems, kai gyvenimas","og_url":"https:\/\/skaitytaknyga.lt\/en\/produktas\/psichologinis-tvirtumas-2\/","og_site_name":"Skaitytaknyga","article_publisher":"https:\/\/www.facebook.com\/skaitytaknyga\/","article_modified_time":"2026-02-18T12:55:17+00:00","og_image":[{"width":300,"height":483,"url":"https:\/\/skaitytaknyga.lt\/wp-content\/uploads\/2026\/02\/Psichologinis-tvirtumas-1.webp","type":"image\/webp"}],"twitter_card":"summary_large_image","twitter_misc":{"Estimated reading time":"1 minute"},"schema":{"@context":"https:\/\/schema.org","@graph":[{"@type":"WebPage","@id":"https:\/\/skaitytaknyga.lt\/produktas\/psichologinis-tvirtumas-2\/","url":"https:\/\/skaitytaknyga.lt\/produktas\/psichologinis-tvirtumas-2\/","name":"Psichologinis tvirtumas (yra kelios d\u0117mel\u0117s)","isPartOf":{"@id":"https:\/\/skaitytaknyga.lt\/#website"},"primaryImageOfPage":{"@id":"https:\/\/skaitytaknyga.lt\/produktas\/psichologinis-tvirtumas-2\/#primaryimage"},"image":{"@id":"https:\/\/skaitytaknyga.lt\/produktas\/psichologinis-tvirtumas-2\/#primaryimage"},"thumbnailUrl":"https:\/\/skaitytaknyga.lt\/wp-content\/uploads\/2026\/02\/Psichologinis-tvirtumas-1.webp","datePublished":"2026-02-18T12:36:55+00:00","dateModified":"2026-02-18T12:55:17+00:00","description":"Deimonas Zahariadesas pateikia \u017eingsnis po \u017eingsnio mokym\u0173 program\u0105, kaip atsispirti sunkumams. \u012egysite \u017eini\u0173, kaip i\u0161likti atkakliems, kai gyvenimas","breadcrumb":{"@id":"https:\/\/skaitytaknyga.lt\/produktas\/psichologinis-tvirtumas-2\/#breadcrumb"},"inLanguage":"en-GB","potentialAction":[{"@type":"ReadAction","target":["https:\/\/skaitytaknyga.lt\/produktas\/psichologinis-tvirtumas-2\/"]}]},{"@type":"ImageObject","inLanguage":"en-GB","@id":"https:\/\/skaitytaknyga.lt\/produktas\/psichologinis-tvirtumas-2\/#primaryimage","url":"https:\/\/skaitytaknyga.lt\/wp-content\/uploads\/2026\/02\/Psichologinis-tvirtumas-1.webp","contentUrl":"https:\/\/skaitytaknyga.lt\/wp-content\/uploads\/2026\/02\/Psichologinis-tvirtumas-1.webp","width":300,"height":483,"caption":"Psichologinis tvirtumas"},{"@type":"BreadcrumbList","@id":"https:\/\/skaitytaknyga.lt\/produktas\/psichologinis-tvirtumas-2\/#breadcrumb","itemListElement":[{"@type":"ListItem","position":1,"name":"Home","item":"https:\/\/skaitytaknyga.lt\/"},{"@type":"ListItem","position":2,"name":"Parduotuv\u0117","item":"https:\/\/skaitytaknyga.lt\/knygu-parduotuve\/"},{"@type":"ListItem","position":3,"name":"Psichologinis tvirtumas (yra kelios d\u0117mel\u0117s)"}]},{"@type":"WebSite","@id":"https:\/\/skaitytaknyga.lt\/#website","url":"https:\/\/skaitytaknyga.lt\/","name":"skaitytaknyga.lt","description":"Skaitytaknyga.lt \u2013 tai ma\u017eas \u0161eimos verslas, kuris prasid\u0117jo nuo meil\u0117s knygoms ir siekio i\u0161gelb\u0117ti knygas nuo likimo prie konteinerio. Kas vienam nereikalingas daiktas \u2013 kitam lobis, o mes esame tarpininkai, kurie padeda abiems tapti laimingesniems ???? \u017dinome kaip nelengva i\u0161gyventi ma\u017eiems verslams, tad nuo \u0161iol, \u010dia rasite ir kit\u0173, ma\u017e\u0173 \u0161eim\u0173 versl\u0173, rank\u0173 darbo, dovan\u0173 sau ir artimiesiems.","publisher":{"@id":"https:\/\/skaitytaknyga.lt\/#organization"},"potentialAction":[{"@type":"SearchAction","target":{"@type":"EntryPoint","urlTemplate":"https:\/\/skaitytaknyga.lt\/?s={search_term_string}"},"query-input":{"@type":"PropertyValueSpecification","valueRequired":true,"valueName":"search_term_string"}}],"inLanguage":"en-GB"},{"@type":"Organization","@id":"https:\/\/skaitytaknyga.lt\/#organization","name":"skaitytaknyga.lt","url":"https:\/\/skaitytaknyga.lt\/","logo":{"@type":"ImageObject","inLanguage":"en-GB","@id":"https:\/\/skaitytaknyga.lt\/#\/schema\/logo\/image\/","url":"https:\/\/skaitytaknyga.lt\/wp-content\/uploads\/2024\/05\/cropped-cropped-cropped-02_00843_jt3bggkj1j3HLc7SyY6rEUpg.jpeg","contentUrl":"https:\/\/skaitytaknyga.lt\/wp-content\/uploads\/2024\/05\/cropped-cropped-cropped-02_00843_jt3bggkj1j3HLc7SyY6rEUpg.jpeg","width":1600,"height":1600,"caption":"skaitytaknyga.lt"},"image":{"@id":"https:\/\/skaitytaknyga.lt\/#\/schema\/logo\/image\/"},"sameAs":["https:\/\/www.facebook.com\/skaitytaknyga\/"]}]}},"_links":{"self":[{"href":"https:\/\/skaitytaknyga.lt\/en\/wp-json\/wp\/v2\/product\/23056","targetHints":{"allow":["GET"]}}],"collection":[{"href":"https:\/\/skaitytaknyga.lt\/en\/wp-json\/wp\/v2\/product"}],"about":[{"href":"https:\/\/skaitytaknyga.lt\/en\/wp-json\/wp\/v2\/types\/product"}],"replies":[{"embeddable":true,"href":"https:\/\/skaitytaknyga.lt\/en\/wp-json\/wp\/v2\/comments?post=23056"}],"wp:featuredmedia":[{"embeddable":true,"href":"https:\/\/skaitytaknyga.lt\/en\/wp-json\/wp\/v2\/media\/23061"}],"wp:attachment":[{"href":"https:\/\/skaitytaknyga.lt\/en\/wp-json\/wp\/v2\/media?parent=23056"}],"wp:term":[{"taxonomy":"product_brand","embeddable":true,"href":"https:\/\/skaitytaknyga.lt\/en\/wp-json\/wp\/v2\/product_brand?post=23056"},{"taxonomy":"product_cat","embeddable":true,"href":"https:\/\/skaitytaknyga.lt\/en\/wp-json\/wp\/v2\/product_cat?post=23056"},{"taxonomy":"product_tag","embeddable":true,"href":"https:\/\/skaitytaknyga.lt\/en\/wp-json\/wp\/v2\/product_tag?post=23056"}],"curies":[{"name":"wp","href":"https:\/\/api.w.org\/{rel}","templated":true}]}}