{"id":23054,"date":"2026-02-18T14:36:54","date_gmt":"2026-02-18T12:36:54","guid":{"rendered":"https:\/\/skaitytaknyga.lt\/?post_type=product&#038;p=23054"},"modified":"2026-02-18T14:42:43","modified_gmt":"2026-02-18T12:42:43","slug":"vidurnakcio-vaikai-pagelte-lapai","status":"publish","type":"product","link":"https:\/\/skaitytaknyga.lt\/en\/produktas\/vidurnakcio-vaikai-pagelte-lapai\/","title":{"rendered":"Vidurnak\u010dio vaikai"},"content":{"rendered":"<p>\u201eVidurnak\u010dio vaikai\u201c, antrasis Salman Rushdie romanas, susilauk\u0117 mil\u017eini\u0161ko pasisekimo pasaulyje ir i\u0161verstas ma\u017edaug \u012f 30 kalb\u0173, bet nuo Indiros Gandi laik\u0173 iki \u0161iol teb\u0117ra u\u017edraustas Indijoje.<\/p>\n<p>\u201eVidurnak\u010dio vaikai\u201c \u2013  istorin\u0117 filosofin\u0117 alegorija, kuriama siurrealistiniais veik\u0117j\u0173 paveikslais, ni\u016bria ironija ir baroki\u0161kai puo\u0161niu stiliumi.<\/p>\n<p>Vien\u0105 vidurnakt\u012f, t\u0105nakt, kai skelbiama Indijos nepriklausomyb\u0117, gimsta t\u016bkstantis ir vienas vaikas. Tai vidurnak\u010dio vaikai, nepaprasti, paslaptingi, d\u0117l savo gimimo aplinkybi\u0173 \u012fgij\u0119 stebukling\u0173 gali\u0173 \u2013 vieni j\u0173 skraido, kiti kei\u010dia pavidal\u0105, vaik\u0161to vandeniu, savo gro\u017eiu keri aplinkinius, keliauja laiku. \u0160i knyga apie juos ir ypa\u010d apie vien\u0105 j\u0173 \u2013 Salym\u0105 Sinaj\u012f, vaik\u0105 did\u017eiule nosimi, galin\u010dia u\u017euosti \u017emoni\u0173 jausmus ir ateities \u012fvykius.<\/p>\n<p>Per Salymo istorij\u0105 autorius atskleid\u017eia dviej\u0173 naujai u\u017egimusi\u0173 nepriklausom\u0173 valstybi\u0173, Indijos ir Pakistano, pirm\u0173j\u0173 de\u0161imtme\u010di\u0173 istorij\u0105. Joje daug magijos, stebukl\u0173 ir ne\u012fprast\u0173 \u012fvyki\u0173. Deja, stebukling\u0173j\u0173 vidurnak\u010dio vaik\u0173 lemtis \u2013 b\u016bti sunaikintiems, nes jie trukdo kurti \u0161alies ateit\u012f, ir Salymas paskutinis i\u0161 j\u0173.<\/p>\n<p>1981 m. \u0161is romanas gavo Bookeri\u0173 Bookerio apdovanojim\u0105, taigi k\u016brinys buvo \u012fvertintas kaip geriausia i\u0161 vis\u0173 knyg\u0173, per 25-erius metus gavusi\u0173 Bookerio premij\u0105. K\u016brinys lietuvi\u0161kai pirm\u0105 kart\u0105 buvo i\u0161leistas 1999 m.<\/p>\n<p>Salmanas Rushdie (Salmanas Ru\u0161di) \u2013 ind\u0173 kilm\u0117s angl\u0173 novelistas, eseistas, kritikas. Gim\u0117 Bomb\u0117juje 1947 m., dabar gyvena Niujorke. Vienas garsiausi\u0173 XX a. k\u016br\u0117j\u0173, Karali\u0161kosios literat\u016bros draugijos narys, daugelio roman\u0173 autorius. Rushdie yra apdovanotas a\u0161tuoniais garb\u0117s daktaro laipsniais, 2002 m. buvo i\u0161rinktas \u012f Amerikos PEN organizacijos taryb\u0105.<\/p>\n","protected":false},"excerpt":{"rendered":"<p>\u201eVidurnak\u010dio vaikai\u201c, antrasis Salman Rushdie romanas, susilauk\u0117 mil\u017eini\u0161ko pasisekimo pasaulyje ir i\u0161verstas ma\u017edaug \u012f 30 kalb\u0173, bet nuo Indiros Gandi laik\u0173 iki \u0161iol teb\u0117ra u\u017edraustas Indijoje. \u201eVidurnak\u010dio vaikai\u201c \u2013 istorin\u0117 filosofin\u0117 alegorija, kuriama siurrealistiniais veik\u0117j\u0173 paveikslais, ni\u016bria ironija ir baroki\u0161kai puo\u0161niu stiliumi. Vien\u0105 vidurnakt\u012f, t\u0105nakt, kai skelbiama Indijos nepriklausomyb\u0117, gimsta t\u016bkstantis ir vienas vaikas. Tai vidurnak\u010dio vaikai, nepaprasti, paslaptingi, d\u0117l savo gimimo aplinkybi\u0173 \u012fgij\u0119 stebukling\u0173 gali\u0173 \u2013 vieni j\u0173 skraido, kiti kei\u010dia pavidal\u0105, vaik\u0161to vandeniu, savo gro\u017eiu keri aplinkinius, keliauja laiku. \u0160i knyga apie juos ir ypa\u010d apie vien\u0105 j\u0173 \u2013 Salym\u0105 Sinaj\u012f, vaik\u0105 did\u017eiule nosimi, galin\u010dia u\u017euosti \u017emoni\u0173 jausmus ir ateities \u012fvykius. Per Salymo istorij\u0105 autorius atskleid\u017eia dviej\u0173 naujai u\u017egimusi\u0173 nepriklausom\u0173 valstybi\u0173, Indijos ir Pakistano, pirm\u0173j\u0173 de\u0161imtme\u010di\u0173 istorij\u0105. Joje daug magijos, stebukl\u0173 ir ne\u012fprast\u0173 \u012fvyki\u0173. Deja, stebukling\u0173j\u0173 vidurnak\u010dio vaik\u0173 lemtis \u2013 b\u016bti sunaikintiems, nes jie trukdo kurti \u0161alies ateit\u012f, ir Salymas paskutinis i\u0161 j\u0173. 1981 m. \u0161is romanas gavo Bookeri\u0173 Bookerio apdovanojim\u0105, taigi k\u016brinys buvo \u012fvertintas kaip geriausia i\u0161 vis\u0173 knyg\u0173, per 25-erius metus gavusi\u0173 Bookerio premij\u0105. K\u016brinys lietuvi\u0161kai pirm\u0105 kart\u0105 buvo i\u0161leistas 1999 m. Salmanas Rushdie (Salmanas Ru\u0161di) \u2013 ind\u0173 kilm\u0117s angl\u0173 novelistas, eseistas, kritikas. Gim\u0117 Bomb\u0117juje 1947 m., dabar gyvena Niujorke. Vienas garsiausi\u0173 XX a. k\u016br\u0117j\u0173, Karali\u0161kosios literat\u016bros draugijos narys, daugelio roman\u0173 autorius. Rushdie yra apdovanotas a\u0161tuoniais garb\u0117s daktaro laipsniais, 2002 m. buvo i\u0161rinktas \u012f Amerikos PEN organizacijos taryb\u0105.<\/p>\n","protected":false},"featured_media":23059,"comment_status":"open","ping_status":"closed","template":"","meta":{"_acf_changed":false,"site-sidebar-layout":"default","site-content-layout":"","ast-site-content-layout":"default","site-content-style":"default","site-sidebar-style":"default","ast-global-header-display":"","ast-banner-title-visibility":"","ast-main-header-display":"","ast-hfb-above-header-display":"","ast-hfb-below-header-display":"","ast-hfb-mobile-header-display":"","site-post-title":"","ast-breadcrumbs-content":"","ast-featured-img":"","footer-sml-layout":"","ast-disable-related-posts":"","theme-transparent-header-meta":"","adv-header-id-meta":"","stick-header-meta":"","header-above-stick-meta":"","header-main-stick-meta":"","header-below-stick-meta":"","astra-migrate-meta-layouts":"default","ast-page-background-enabled":"default","ast-page-background-meta":{"desktop":{"background-color":"","background-image":"","background-repeat":"repeat","background-position":"center center","background-size":"auto","background-attachment":"scroll","background-type":"","background-media":"","overlay-type":"","overlay-color":"","overlay-opacity":"","overlay-gradient":""},"tablet":{"background-color":"","background-image":"","background-repeat":"repeat","background-position":"center center","background-size":"auto","background-attachment":"scroll","background-type":"","background-media":"","overlay-type":"","overlay-color":"","overlay-opacity":"","overlay-gradient":""},"mobile":{"background-color":"","background-image":"","background-repeat":"repeat","background-position":"center center","background-size":"auto","background-attachment":"scroll","background-type":"","background-media":"","overlay-type":"","overlay-color":"","overlay-opacity":"","overlay-gradient":""}},"ast-content-background-meta":{"desktop":{"background-color":"var(--ast-global-color-4)","background-image":"","background-repeat":"repeat","background-position":"center center","background-size":"auto","background-attachment":"scroll","background-type":"","background-media":"","overlay-type":"","overlay-color":"","overlay-opacity":"","overlay-gradient":""},"tablet":{"background-color":"var(--ast-global-color-4)","background-image":"","background-repeat":"repeat","background-position":"center center","background-size":"auto","background-attachment":"scroll","background-type":"","background-media":"","overlay-type":"","overlay-color":"","overlay-opacity":"","overlay-gradient":""},"mobile":{"background-color":"var(--ast-global-color-4)","background-image":"","background-repeat":"repeat","background-position":"center center","background-size":"auto","background-attachment":"scroll","background-type":"","background-media":"","overlay-type":"","overlay-color":"","overlay-opacity":"","overlay-gradient":""}}},"product_brand":[],"product_cat":[31],"product_tag":[7099],"class_list":{"0":"post-23054","1":"product","2":"type-product","3":"status-publish","4":"has-post-thumbnail","6":"product_cat-grozine-literatura","7":"product_tag-salman-rushdie","8":"desktop-align-left","9":"tablet-align-left","10":"mobile-align-left","12":"first","13":"outofstock","14":"shipping-taxable","15":"purchasable","16":"product-type-simple"},"acf":[],"yoast_head":"<!-- This site is optimized with the Yoast SEO plugin v27.0 - https:\/\/yoast.com\/product\/yoast-seo-wordpress\/ -->\n<title>Vidurnak\u010dio vaikai<\/title>\n<meta name=\"description\" content=\"\u201eVidurnak\u010dio vaikai\u201c, antrasis Salman Rushdie romanas, susilauk\u0117 mil\u017eini\u0161ko pasisekimo pasaulyje ir i\u0161verstas ma\u017edaug \u012f 30 kalb\u0173, bet nuo Indiros Gandi\" \/>\n<meta name=\"robots\" content=\"index, follow, max-snippet:-1, max-image-preview:large, max-video-preview:-1\" \/>\n<link rel=\"canonical\" href=\"https:\/\/skaitytaknyga.lt\/en\/produktas\/vidurnakcio-vaikai-pagelte-lapai\/\" \/>\n<meta property=\"og:locale\" content=\"en_GB\" \/>\n<meta property=\"og:locale:alternate\" content=\"lt_LT\" \/>\n<meta property=\"og:type\" content=\"article\" \/>\n<meta property=\"og:title\" content=\"Vidurnak\u010dio vaikai\" \/>\n<meta property=\"og:description\" content=\"\u201eVidurnak\u010dio vaikai\u201c, antrasis Salman Rushdie romanas, susilauk\u0117 mil\u017eini\u0161ko pasisekimo pasaulyje ir i\u0161verstas ma\u017edaug \u012f 30 kalb\u0173, bet nuo Indiros Gandi\" \/>\n<meta property=\"og:url\" content=\"https:\/\/skaitytaknyga.lt\/en\/produktas\/vidurnakcio-vaikai-pagelte-lapai\/\" \/>\n<meta property=\"og:site_name\" content=\"Skaitytaknyga\" \/>\n<meta property=\"article:publisher\" content=\"https:\/\/www.facebook.com\/skaitytaknyga\/\" \/>\n<meta property=\"article:modified_time\" content=\"2026-02-18T12:42:43+00:00\" \/>\n<meta property=\"og:image\" content=\"https:\/\/skaitytaknyga.lt\/wp-content\/uploads\/2026\/02\/Vidurnakcio-vaikai.webp\" \/>\n\t<meta property=\"og:image:width\" content=\"300\" \/>\n\t<meta property=\"og:image:height\" content=\"491\" \/>\n\t<meta property=\"og:image:type\" content=\"image\/webp\" \/>\n<meta name=\"twitter:card\" content=\"summary_large_image\" \/>\n<meta name=\"twitter:label1\" content=\"Estimated reading time\" \/>\n\t<meta name=\"twitter:data1\" content=\"1 minute\" \/>\n<script type=\"application\/ld+json\" class=\"yoast-schema-graph\">{\"@context\":\"https:\/\/schema.org\",\"@graph\":[{\"@type\":\"WebPage\",\"@id\":\"https:\/\/skaitytaknyga.lt\/produktas\/vidurnakcio-vaikai-pagelte-lapai\/\",\"url\":\"https:\/\/skaitytaknyga.lt\/produktas\/vidurnakcio-vaikai-pagelte-lapai\/\",\"name\":\"Vidurnak\u010dio vaikai\",\"isPartOf\":{\"@id\":\"https:\/\/skaitytaknyga.lt\/#website\"},\"primaryImageOfPage\":{\"@id\":\"https:\/\/skaitytaknyga.lt\/produktas\/vidurnakcio-vaikai-pagelte-lapai\/#primaryimage\"},\"image\":{\"@id\":\"https:\/\/skaitytaknyga.lt\/produktas\/vidurnakcio-vaikai-pagelte-lapai\/#primaryimage\"},\"thumbnailUrl\":\"https:\/\/skaitytaknyga.lt\/wp-content\/uploads\/2026\/02\/Vidurnakcio-vaikai.webp\",\"datePublished\":\"2026-02-18T12:36:54+00:00\",\"dateModified\":\"2026-02-18T12:42:43+00:00\",\"description\":\"\u201eVidurnak\u010dio vaikai\u201c, antrasis Salman Rushdie romanas, susilauk\u0117 mil\u017eini\u0161ko pasisekimo pasaulyje ir i\u0161verstas ma\u017edaug \u012f 30 kalb\u0173, bet nuo Indiros Gandi\",\"breadcrumb\":{\"@id\":\"https:\/\/skaitytaknyga.lt\/produktas\/vidurnakcio-vaikai-pagelte-lapai\/#breadcrumb\"},\"inLanguage\":\"en-GB\",\"potentialAction\":[{\"@type\":\"ReadAction\",\"target\":[\"https:\/\/skaitytaknyga.lt\/produktas\/vidurnakcio-vaikai-pagelte-lapai\/\"]}]},{\"@type\":\"ImageObject\",\"inLanguage\":\"en-GB\",\"@id\":\"https:\/\/skaitytaknyga.lt\/produktas\/vidurnakcio-vaikai-pagelte-lapai\/#primaryimage\",\"url\":\"https:\/\/skaitytaknyga.lt\/wp-content\/uploads\/2026\/02\/Vidurnakcio-vaikai.webp\",\"contentUrl\":\"https:\/\/skaitytaknyga.lt\/wp-content\/uploads\/2026\/02\/Vidurnakcio-vaikai.webp\",\"width\":300,\"height\":491,\"caption\":\"Vidurnak\u010dio vaikai\"},{\"@type\":\"BreadcrumbList\",\"@id\":\"https:\/\/skaitytaknyga.lt\/produktas\/vidurnakcio-vaikai-pagelte-lapai\/#breadcrumb\",\"itemListElement\":[{\"@type\":\"ListItem\",\"position\":1,\"name\":\"Home\",\"item\":\"https:\/\/skaitytaknyga.lt\/\"},{\"@type\":\"ListItem\",\"position\":2,\"name\":\"Parduotuv\u0117\",\"item\":\"https:\/\/skaitytaknyga.lt\/knygu-parduotuve\/\"},{\"@type\":\"ListItem\",\"position\":3,\"name\":\"Vidurnak\u010dio vaikai\"}]},{\"@type\":\"WebSite\",\"@id\":\"https:\/\/skaitytaknyga.lt\/#website\",\"url\":\"https:\/\/skaitytaknyga.lt\/\",\"name\":\"skaitytaknyga.lt\",\"description\":\"Skaitytaknyga.lt \u2013 tai ma\u017eas \u0161eimos verslas, kuris prasid\u0117jo nuo meil\u0117s knygoms ir siekio i\u0161gelb\u0117ti knygas nuo likimo prie konteinerio. Kas vienam nereikalingas daiktas \u2013 kitam lobis, o mes esame tarpininkai, kurie padeda abiems tapti laimingesniems ???? \u017dinome kaip nelengva i\u0161gyventi ma\u017eiems verslams, tad nuo \u0161iol, \u010dia rasite ir kit\u0173, ma\u017e\u0173 \u0161eim\u0173 versl\u0173, rank\u0173 darbo, dovan\u0173 sau ir artimiesiems.\",\"publisher\":{\"@id\":\"https:\/\/skaitytaknyga.lt\/#organization\"},\"potentialAction\":[{\"@type\":\"SearchAction\",\"target\":{\"@type\":\"EntryPoint\",\"urlTemplate\":\"https:\/\/skaitytaknyga.lt\/?s={search_term_string}\"},\"query-input\":{\"@type\":\"PropertyValueSpecification\",\"valueRequired\":true,\"valueName\":\"search_term_string\"}}],\"inLanguage\":\"en-GB\"},{\"@type\":\"Organization\",\"@id\":\"https:\/\/skaitytaknyga.lt\/#organization\",\"name\":\"skaitytaknyga.lt\",\"url\":\"https:\/\/skaitytaknyga.lt\/\",\"logo\":{\"@type\":\"ImageObject\",\"inLanguage\":\"en-GB\",\"@id\":\"https:\/\/skaitytaknyga.lt\/#\/schema\/logo\/image\/\",\"url\":\"https:\/\/skaitytaknyga.lt\/wp-content\/uploads\/2024\/05\/cropped-cropped-cropped-02_00843_jt3bggkj1j3HLc7SyY6rEUpg.jpeg\",\"contentUrl\":\"https:\/\/skaitytaknyga.lt\/wp-content\/uploads\/2024\/05\/cropped-cropped-cropped-02_00843_jt3bggkj1j3HLc7SyY6rEUpg.jpeg\",\"width\":1600,\"height\":1600,\"caption\":\"skaitytaknyga.lt\"},\"image\":{\"@id\":\"https:\/\/skaitytaknyga.lt\/#\/schema\/logo\/image\/\"},\"sameAs\":[\"https:\/\/www.facebook.com\/skaitytaknyga\/\"]}]}<\/script>\n<!-- \/ Yoast SEO plugin. -->","yoast_head_json":{"title":"Vidurnak\u010dio vaikai","description":"\u201eVidurnak\u010dio vaikai\u201c, antrasis Salman Rushdie romanas, susilauk\u0117 mil\u017eini\u0161ko pasisekimo pasaulyje ir i\u0161verstas ma\u017edaug \u012f 30 kalb\u0173, bet nuo Indiros Gandi","robots":{"index":"index","follow":"follow","max-snippet":"max-snippet:-1","max-image-preview":"max-image-preview:large","max-video-preview":"max-video-preview:-1"},"canonical":"https:\/\/skaitytaknyga.lt\/en\/produktas\/vidurnakcio-vaikai-pagelte-lapai\/","og_locale":"en_GB","og_type":"article","og_title":"[:lt]Vidurnak\u010dio vaikai[:] - Skaitytaknyga","og_description":"\u201eVidurnak\u010dio vaikai\u201c, antrasis Salman Rushdie romanas, susilauk\u0117 mil\u017eini\u0161ko pasisekimo pasaulyje ir i\u0161verstas ma\u017edaug \u012f 30 kalb\u0173, bet nuo Indiros Gandi","og_url":"https:\/\/skaitytaknyga.lt\/en\/produktas\/vidurnakcio-vaikai-pagelte-lapai\/","og_site_name":"Skaitytaknyga","article_publisher":"https:\/\/www.facebook.com\/skaitytaknyga\/","article_modified_time":"2026-02-18T12:42:43+00:00","og_image":[{"width":300,"height":491,"url":"https:\/\/skaitytaknyga.lt\/wp-content\/uploads\/2026\/02\/Vidurnakcio-vaikai.webp","type":"image\/webp"}],"twitter_card":"summary_large_image","twitter_misc":{"Estimated reading time":"1 minute"},"schema":{"@context":"https:\/\/schema.org","@graph":[{"@type":"WebPage","@id":"https:\/\/skaitytaknyga.lt\/produktas\/vidurnakcio-vaikai-pagelte-lapai\/","url":"https:\/\/skaitytaknyga.lt\/produktas\/vidurnakcio-vaikai-pagelte-lapai\/","name":"Vidurnak\u010dio vaikai","isPartOf":{"@id":"https:\/\/skaitytaknyga.lt\/#website"},"primaryImageOfPage":{"@id":"https:\/\/skaitytaknyga.lt\/produktas\/vidurnakcio-vaikai-pagelte-lapai\/#primaryimage"},"image":{"@id":"https:\/\/skaitytaknyga.lt\/produktas\/vidurnakcio-vaikai-pagelte-lapai\/#primaryimage"},"thumbnailUrl":"https:\/\/skaitytaknyga.lt\/wp-content\/uploads\/2026\/02\/Vidurnakcio-vaikai.webp","datePublished":"2026-02-18T12:36:54+00:00","dateModified":"2026-02-18T12:42:43+00:00","description":"\u201eVidurnak\u010dio vaikai\u201c, antrasis Salman Rushdie romanas, susilauk\u0117 mil\u017eini\u0161ko pasisekimo pasaulyje ir i\u0161verstas ma\u017edaug \u012f 30 kalb\u0173, bet nuo Indiros Gandi","breadcrumb":{"@id":"https:\/\/skaitytaknyga.lt\/produktas\/vidurnakcio-vaikai-pagelte-lapai\/#breadcrumb"},"inLanguage":"en-GB","potentialAction":[{"@type":"ReadAction","target":["https:\/\/skaitytaknyga.lt\/produktas\/vidurnakcio-vaikai-pagelte-lapai\/"]}]},{"@type":"ImageObject","inLanguage":"en-GB","@id":"https:\/\/skaitytaknyga.lt\/produktas\/vidurnakcio-vaikai-pagelte-lapai\/#primaryimage","url":"https:\/\/skaitytaknyga.lt\/wp-content\/uploads\/2026\/02\/Vidurnakcio-vaikai.webp","contentUrl":"https:\/\/skaitytaknyga.lt\/wp-content\/uploads\/2026\/02\/Vidurnakcio-vaikai.webp","width":300,"height":491,"caption":"Vidurnak\u010dio vaikai"},{"@type":"BreadcrumbList","@id":"https:\/\/skaitytaknyga.lt\/produktas\/vidurnakcio-vaikai-pagelte-lapai\/#breadcrumb","itemListElement":[{"@type":"ListItem","position":1,"name":"Home","item":"https:\/\/skaitytaknyga.lt\/"},{"@type":"ListItem","position":2,"name":"Parduotuv\u0117","item":"https:\/\/skaitytaknyga.lt\/knygu-parduotuve\/"},{"@type":"ListItem","position":3,"name":"Vidurnak\u010dio vaikai"}]},{"@type":"WebSite","@id":"https:\/\/skaitytaknyga.lt\/#website","url":"https:\/\/skaitytaknyga.lt\/","name":"skaitytaknyga.lt","description":"Skaitytaknyga.lt \u2013 tai ma\u017eas \u0161eimos verslas, kuris prasid\u0117jo nuo meil\u0117s knygoms ir siekio i\u0161gelb\u0117ti knygas nuo likimo prie konteinerio. Kas vienam nereikalingas daiktas \u2013 kitam lobis, o mes esame tarpininkai, kurie padeda abiems tapti laimingesniems ???? \u017dinome kaip nelengva i\u0161gyventi ma\u017eiems verslams, tad nuo \u0161iol, \u010dia rasite ir kit\u0173, ma\u017e\u0173 \u0161eim\u0173 versl\u0173, rank\u0173 darbo, dovan\u0173 sau ir artimiesiems.","publisher":{"@id":"https:\/\/skaitytaknyga.lt\/#organization"},"potentialAction":[{"@type":"SearchAction","target":{"@type":"EntryPoint","urlTemplate":"https:\/\/skaitytaknyga.lt\/?s={search_term_string}"},"query-input":{"@type":"PropertyValueSpecification","valueRequired":true,"valueName":"search_term_string"}}],"inLanguage":"en-GB"},{"@type":"Organization","@id":"https:\/\/skaitytaknyga.lt\/#organization","name":"skaitytaknyga.lt","url":"https:\/\/skaitytaknyga.lt\/","logo":{"@type":"ImageObject","inLanguage":"en-GB","@id":"https:\/\/skaitytaknyga.lt\/#\/schema\/logo\/image\/","url":"https:\/\/skaitytaknyga.lt\/wp-content\/uploads\/2024\/05\/cropped-cropped-cropped-02_00843_jt3bggkj1j3HLc7SyY6rEUpg.jpeg","contentUrl":"https:\/\/skaitytaknyga.lt\/wp-content\/uploads\/2024\/05\/cropped-cropped-cropped-02_00843_jt3bggkj1j3HLc7SyY6rEUpg.jpeg","width":1600,"height":1600,"caption":"skaitytaknyga.lt"},"image":{"@id":"https:\/\/skaitytaknyga.lt\/#\/schema\/logo\/image\/"},"sameAs":["https:\/\/www.facebook.com\/skaitytaknyga\/"]}]}},"_links":{"self":[{"href":"https:\/\/skaitytaknyga.lt\/en\/wp-json\/wp\/v2\/product\/23054","targetHints":{"allow":["GET"]}}],"collection":[{"href":"https:\/\/skaitytaknyga.lt\/en\/wp-json\/wp\/v2\/product"}],"about":[{"href":"https:\/\/skaitytaknyga.lt\/en\/wp-json\/wp\/v2\/types\/product"}],"replies":[{"embeddable":true,"href":"https:\/\/skaitytaknyga.lt\/en\/wp-json\/wp\/v2\/comments?post=23054"}],"wp:featuredmedia":[{"embeddable":true,"href":"https:\/\/skaitytaknyga.lt\/en\/wp-json\/wp\/v2\/media\/23059"}],"wp:attachment":[{"href":"https:\/\/skaitytaknyga.lt\/en\/wp-json\/wp\/v2\/media?parent=23054"}],"wp:term":[{"taxonomy":"product_brand","embeddable":true,"href":"https:\/\/skaitytaknyga.lt\/en\/wp-json\/wp\/v2\/product_brand?post=23054"},{"taxonomy":"product_cat","embeddable":true,"href":"https:\/\/skaitytaknyga.lt\/en\/wp-json\/wp\/v2\/product_cat?post=23054"},{"taxonomy":"product_tag","embeddable":true,"href":"https:\/\/skaitytaknyga.lt\/en\/wp-json\/wp\/v2\/product_tag?post=23054"}],"curies":[{"name":"wp","href":"https:\/\/api.w.org\/{rel}","templated":true}]}}