{"id":23045,"date":"2026-02-18T13:00:25","date_gmt":"2026-02-18T11:00:25","guid":{"rendered":"https:\/\/skaitytaknyga.lt\/?post_type=product&#038;p=23045"},"modified":"2026-03-18T19:35:14","modified_gmt":"2026-03-18T17:35:14","slug":"nevykelio-dienorastis-18-netiketos-permainos","status":"publish","type":"product","link":"https:\/\/skaitytaknyga.lt\/en\/produktas\/nevykelio-dienorastis-18-netiketos-permainos\/","title":{"rendered":"Nevyk\u0117lio dienora\u0161tis 18. Netik\u0117tos permainos"},"content":{"rendered":"<p>Mokykla Gregui Hefliui niekada nebuvo d\u017eiaugsmo \u0161altinis, bet, kai i\u0161kilo gr\u0117sm\u0117 j\u0105 u\u017edaryti, jo po\u017ei\u016bris staiga pasikeit\u0117. Juk su \u0161ia mokykla susij\u0119 tiek daug nuostabi\u0173 prisiminim\u0173! Negana to, kad reik\u0117s eiti \u012f kit\u0105 mokykl\u0105, teks i\u0161siskirti ir su geriausiu draugu Rauliu!<\/p>\n<p>Ar pavyks Gregui su klas\u0117s draugais i\u0161gelb\u0117ti mokykl\u0105, kur praleista tiek daug ne\u012fkainojam\u0173 gyvenimo valand\u0173? O gal tai naujo ir daug \u017eadan\u010dio gyvenimo etapo prad\u017eia?<\/p>\n","protected":false},"excerpt":{"rendered":"<p>Mokykla Gregui Hefliui niekada nebuvo d\u017eiaugsmo \u0161altinis, bet, kai i\u0161kilo gr\u0117sm\u0117 j\u0105 u\u017edaryti, jo po\u017ei\u016bris staiga pasikeit\u0117. Juk su \u0161ia mokykla susij\u0119 tiek daug nuostabi\u0173 prisiminim\u0173! Negana to, kad reik\u0117s eiti \u012f kit\u0105 mokykl\u0105, teks i\u0161siskirti ir su geriausiu draugu Rauliu! Ar pavyks Gregui su klas\u0117s draugais i\u0161gelb\u0117ti mokykl\u0105, kur praleista tiek daug ne\u012fkainojam\u0173 gyvenimo valand\u0173? O gal tai naujo ir daug \u017eadan\u010dio gyvenimo etapo prad\u017eia?<\/p>\n","protected":false},"featured_media":23052,"comment_status":"open","ping_status":"closed","template":"","meta":{"_acf_changed":false,"site-sidebar-layout":"default","site-content-layout":"","ast-site-content-layout":"default","site-content-style":"default","site-sidebar-style":"default","ast-global-header-display":"","ast-banner-title-visibility":"","ast-main-header-display":"","ast-hfb-above-header-display":"","ast-hfb-below-header-display":"","ast-hfb-mobile-header-display":"","site-post-title":"","ast-breadcrumbs-content":"","ast-featured-img":"","footer-sml-layout":"","ast-disable-related-posts":"","theme-transparent-header-meta":"","adv-header-id-meta":"","stick-header-meta":"","header-above-stick-meta":"","header-main-stick-meta":"","header-below-stick-meta":"","astra-migrate-meta-layouts":"default","ast-page-background-enabled":"default","ast-page-background-meta":{"desktop":{"background-color":"","background-image":"","background-repeat":"repeat","background-position":"center center","background-size":"auto","background-attachment":"scroll","background-type":"","background-media":"","overlay-type":"","overlay-color":"","overlay-opacity":"","overlay-gradient":""},"tablet":{"background-color":"","background-image":"","background-repeat":"repeat","background-position":"center center","background-size":"auto","background-attachment":"scroll","background-type":"","background-media":"","overlay-type":"","overlay-color":"","overlay-opacity":"","overlay-gradient":""},"mobile":{"background-color":"","background-image":"","background-repeat":"repeat","background-position":"center center","background-size":"auto","background-attachment":"scroll","background-type":"","background-media":"","overlay-type":"","overlay-color":"","overlay-opacity":"","overlay-gradient":""}},"ast-content-background-meta":{"desktop":{"background-color":"var(--ast-global-color-4)","background-image":"","background-repeat":"repeat","background-position":"center center","background-size":"auto","background-attachment":"scroll","background-type":"","background-media":"","overlay-type":"","overlay-color":"","overlay-opacity":"","overlay-gradient":""},"tablet":{"background-color":"var(--ast-global-color-4)","background-image":"","background-repeat":"repeat","background-position":"center center","background-size":"auto","background-attachment":"scroll","background-type":"","background-media":"","overlay-type":"","overlay-color":"","overlay-opacity":"","overlay-gradient":""},"mobile":{"background-color":"var(--ast-global-color-4)","background-image":"","background-repeat":"repeat","background-position":"center center","background-size":"auto","background-attachment":"scroll","background-type":"","background-media":"","overlay-type":"","overlay-color":"","overlay-opacity":"","overlay-gradient":""}}},"product_brand":[],"product_cat":[9674],"product_tag":[9456],"class_list":{"0":"post-23045","1":"product","2":"type-product","3":"status-publish","4":"has-post-thumbnail","6":"product_cat-pradinukams","7":"product_tag-jeff-kinney","8":"desktop-align-left","9":"tablet-align-left","10":"mobile-align-left","12":"first","13":"outofstock","14":"shipping-taxable","15":"purchasable","16":"product-type-simple"},"acf":[],"yoast_head":"<!-- This site is optimized with the Yoast SEO plugin v27.0 - https:\/\/yoast.com\/product\/yoast-seo-wordpress\/ -->\n<title>Nevyk\u0117lio dienora\u0161tis 18. Netik\u0117tos permainos<\/title>\n<meta name=\"description\" content=\"Mokykla Gregui Hefliui niekada nebuvo d\u017eiaugsmo \u0161altinis, bet, kai i\u0161kilo gr\u0117sm\u0117 j\u0105 u\u017edaryti, jo po\u017ei\u016bris staiga pasikeit\u0117. Juk su \u0161ia mokykla susij\u0119 tiek\" \/>\n<meta name=\"robots\" content=\"index, follow, max-snippet:-1, max-image-preview:large, max-video-preview:-1\" \/>\n<link rel=\"canonical\" href=\"https:\/\/skaitytaknyga.lt\/en\/produktas\/nevykelio-dienorastis-18-netiketos-permainos\/\" \/>\n<meta property=\"og:locale\" content=\"en_GB\" \/>\n<meta property=\"og:locale:alternate\" content=\"lt_LT\" \/>\n<meta property=\"og:type\" content=\"article\" \/>\n<meta property=\"og:title\" content=\"Nevyk\u0117lio dienora\u0161tis 18. Netik\u0117tos permainos\" \/>\n<meta property=\"og:description\" content=\"Mokykla Gregui Hefliui niekada nebuvo d\u017eiaugsmo \u0161altinis, bet, kai i\u0161kilo gr\u0117sm\u0117 j\u0105 u\u017edaryti, jo po\u017ei\u016bris staiga pasikeit\u0117. Juk su \u0161ia mokykla susij\u0119 tiek\" \/>\n<meta property=\"og:url\" content=\"https:\/\/skaitytaknyga.lt\/en\/produktas\/nevykelio-dienorastis-18-netiketos-permainos\/\" \/>\n<meta property=\"og:site_name\" content=\"Skaitytaknyga\" \/>\n<meta property=\"article:publisher\" content=\"https:\/\/www.facebook.com\/skaitytaknyga\/\" \/>\n<meta property=\"article:modified_time\" content=\"2026-03-18T17:35:14+00:00\" \/>\n<meta property=\"og:image\" content=\"https:\/\/skaitytaknyga.lt\/wp-content\/uploads\/2026\/02\/Nevykelio-dienorastis-18.-Netiketos-permainos-1.webp\" \/>\n\t<meta property=\"og:image:width\" content=\"300\" \/>\n\t<meta property=\"og:image:height\" content=\"430\" \/>\n\t<meta property=\"og:image:type\" content=\"image\/webp\" \/>\n<meta name=\"twitter:card\" content=\"summary_large_image\" \/>\n<script type=\"application\/ld+json\" class=\"yoast-schema-graph\">{\"@context\":\"https:\/\/schema.org\",\"@graph\":[{\"@type\":\"WebPage\",\"@id\":\"https:\/\/skaitytaknyga.lt\/produktas\/nevykelio-dienorastis-18-netiketos-permainos\/\",\"url\":\"https:\/\/skaitytaknyga.lt\/produktas\/nevykelio-dienorastis-18-netiketos-permainos\/\",\"name\":\"Nevyk\u0117lio dienora\u0161tis 18. Netik\u0117tos permainos\",\"isPartOf\":{\"@id\":\"https:\/\/skaitytaknyga.lt\/#website\"},\"primaryImageOfPage\":{\"@id\":\"https:\/\/skaitytaknyga.lt\/produktas\/nevykelio-dienorastis-18-netiketos-permainos\/#primaryimage\"},\"image\":{\"@id\":\"https:\/\/skaitytaknyga.lt\/produktas\/nevykelio-dienorastis-18-netiketos-permainos\/#primaryimage\"},\"thumbnailUrl\":\"https:\/\/skaitytaknyga.lt\/wp-content\/uploads\/2026\/02\/Nevykelio-dienorastis-18.-Netiketos-permainos-1.webp\",\"datePublished\":\"2026-02-18T11:00:25+00:00\",\"dateModified\":\"2026-03-18T17:35:14+00:00\",\"description\":\"Mokykla Gregui Hefliui niekada nebuvo d\u017eiaugsmo \u0161altinis, bet, kai i\u0161kilo gr\u0117sm\u0117 j\u0105 u\u017edaryti, jo po\u017ei\u016bris staiga pasikeit\u0117. Juk su \u0161ia mokykla susij\u0119 tiek\",\"breadcrumb\":{\"@id\":\"https:\/\/skaitytaknyga.lt\/produktas\/nevykelio-dienorastis-18-netiketos-permainos\/#breadcrumb\"},\"inLanguage\":\"en-GB\",\"potentialAction\":[{\"@type\":\"ReadAction\",\"target\":[\"https:\/\/skaitytaknyga.lt\/produktas\/nevykelio-dienorastis-18-netiketos-permainos\/\"]}]},{\"@type\":\"ImageObject\",\"inLanguage\":\"en-GB\",\"@id\":\"https:\/\/skaitytaknyga.lt\/produktas\/nevykelio-dienorastis-18-netiketos-permainos\/#primaryimage\",\"url\":\"https:\/\/skaitytaknyga.lt\/wp-content\/uploads\/2026\/02\/Nevykelio-dienorastis-18.-Netiketos-permainos-1.webp\",\"contentUrl\":\"https:\/\/skaitytaknyga.lt\/wp-content\/uploads\/2026\/02\/Nevykelio-dienorastis-18.-Netiketos-permainos-1.webp\",\"width\":300,\"height\":430,\"caption\":\"Nevyk\u0117lio dienora\u0161tis 18. Netik\u0117tos permainos\"},{\"@type\":\"BreadcrumbList\",\"@id\":\"https:\/\/skaitytaknyga.lt\/produktas\/nevykelio-dienorastis-18-netiketos-permainos\/#breadcrumb\",\"itemListElement\":[{\"@type\":\"ListItem\",\"position\":1,\"name\":\"Home\",\"item\":\"https:\/\/skaitytaknyga.lt\/\"},{\"@type\":\"ListItem\",\"position\":2,\"name\":\"Parduotuv\u0117\",\"item\":\"https:\/\/skaitytaknyga.lt\/knygu-parduotuve\/\"},{\"@type\":\"ListItem\",\"position\":3,\"name\":\"Nevyk\u0117lio dienora\u0161tis 18. Netik\u0117tos permainos\"}]},{\"@type\":\"WebSite\",\"@id\":\"https:\/\/skaitytaknyga.lt\/#website\",\"url\":\"https:\/\/skaitytaknyga.lt\/\",\"name\":\"skaitytaknyga.lt\",\"description\":\"Skaitytaknyga.lt \u2013 tai ma\u017eas \u0161eimos verslas, kuris prasid\u0117jo nuo meil\u0117s knygoms ir siekio i\u0161gelb\u0117ti knygas nuo likimo prie konteinerio. Kas vienam nereikalingas daiktas \u2013 kitam lobis, o mes esame tarpininkai, kurie padeda abiems tapti laimingesniems ???? \u017dinome kaip nelengva i\u0161gyventi ma\u017eiems verslams, tad nuo \u0161iol, \u010dia rasite ir kit\u0173, ma\u017e\u0173 \u0161eim\u0173 versl\u0173, rank\u0173 darbo, dovan\u0173 sau ir artimiesiems.\",\"publisher\":{\"@id\":\"https:\/\/skaitytaknyga.lt\/#organization\"},\"potentialAction\":[{\"@type\":\"SearchAction\",\"target\":{\"@type\":\"EntryPoint\",\"urlTemplate\":\"https:\/\/skaitytaknyga.lt\/?s={search_term_string}\"},\"query-input\":{\"@type\":\"PropertyValueSpecification\",\"valueRequired\":true,\"valueName\":\"search_term_string\"}}],\"inLanguage\":\"en-GB\"},{\"@type\":\"Organization\",\"@id\":\"https:\/\/skaitytaknyga.lt\/#organization\",\"name\":\"skaitytaknyga.lt\",\"url\":\"https:\/\/skaitytaknyga.lt\/\",\"logo\":{\"@type\":\"ImageObject\",\"inLanguage\":\"en-GB\",\"@id\":\"https:\/\/skaitytaknyga.lt\/#\/schema\/logo\/image\/\",\"url\":\"https:\/\/skaitytaknyga.lt\/wp-content\/uploads\/2024\/05\/cropped-cropped-cropped-02_00843_jt3bggkj1j3HLc7SyY6rEUpg.jpeg\",\"contentUrl\":\"https:\/\/skaitytaknyga.lt\/wp-content\/uploads\/2024\/05\/cropped-cropped-cropped-02_00843_jt3bggkj1j3HLc7SyY6rEUpg.jpeg\",\"width\":1600,\"height\":1600,\"caption\":\"skaitytaknyga.lt\"},\"image\":{\"@id\":\"https:\/\/skaitytaknyga.lt\/#\/schema\/logo\/image\/\"},\"sameAs\":[\"https:\/\/www.facebook.com\/skaitytaknyga\/\"]}]}<\/script>\n<!-- \/ Yoast SEO plugin. -->","yoast_head_json":{"title":"Nevyk\u0117lio dienora\u0161tis 18. Netik\u0117tos permainos","description":"Mokykla Gregui Hefliui niekada nebuvo d\u017eiaugsmo \u0161altinis, bet, kai i\u0161kilo gr\u0117sm\u0117 j\u0105 u\u017edaryti, jo po\u017ei\u016bris staiga pasikeit\u0117. Juk su \u0161ia mokykla susij\u0119 tiek","robots":{"index":"index","follow":"follow","max-snippet":"max-snippet:-1","max-image-preview":"max-image-preview:large","max-video-preview":"max-video-preview:-1"},"canonical":"https:\/\/skaitytaknyga.lt\/en\/produktas\/nevykelio-dienorastis-18-netiketos-permainos\/","og_locale":"en_GB","og_type":"article","og_title":"[:lt]Nevyk\u0117lio dienora\u0161tis 18. Netik\u0117tos permainos[:] - Skaitytaknyga","og_description":"Mokykla Gregui Hefliui niekada nebuvo d\u017eiaugsmo \u0161altinis, bet, kai i\u0161kilo gr\u0117sm\u0117 j\u0105 u\u017edaryti, jo po\u017ei\u016bris staiga pasikeit\u0117. Juk su \u0161ia mokykla susij\u0119 tiek","og_url":"https:\/\/skaitytaknyga.lt\/en\/produktas\/nevykelio-dienorastis-18-netiketos-permainos\/","og_site_name":"Skaitytaknyga","article_publisher":"https:\/\/www.facebook.com\/skaitytaknyga\/","article_modified_time":"2026-03-18T17:35:14+00:00","og_image":[{"width":300,"height":430,"url":"https:\/\/skaitytaknyga.lt\/wp-content\/uploads\/2026\/02\/Nevykelio-dienorastis-18.-Netiketos-permainos-1.webp","type":"image\/webp"}],"twitter_card":"summary_large_image","schema":{"@context":"https:\/\/schema.org","@graph":[{"@type":"WebPage","@id":"https:\/\/skaitytaknyga.lt\/produktas\/nevykelio-dienorastis-18-netiketos-permainos\/","url":"https:\/\/skaitytaknyga.lt\/produktas\/nevykelio-dienorastis-18-netiketos-permainos\/","name":"Nevyk\u0117lio dienora\u0161tis 18. Netik\u0117tos permainos","isPartOf":{"@id":"https:\/\/skaitytaknyga.lt\/#website"},"primaryImageOfPage":{"@id":"https:\/\/skaitytaknyga.lt\/produktas\/nevykelio-dienorastis-18-netiketos-permainos\/#primaryimage"},"image":{"@id":"https:\/\/skaitytaknyga.lt\/produktas\/nevykelio-dienorastis-18-netiketos-permainos\/#primaryimage"},"thumbnailUrl":"https:\/\/skaitytaknyga.lt\/wp-content\/uploads\/2026\/02\/Nevykelio-dienorastis-18.-Netiketos-permainos-1.webp","datePublished":"2026-02-18T11:00:25+00:00","dateModified":"2026-03-18T17:35:14+00:00","description":"Mokykla Gregui Hefliui niekada nebuvo d\u017eiaugsmo \u0161altinis, bet, kai i\u0161kilo gr\u0117sm\u0117 j\u0105 u\u017edaryti, jo po\u017ei\u016bris staiga pasikeit\u0117. Juk su \u0161ia mokykla susij\u0119 tiek","breadcrumb":{"@id":"https:\/\/skaitytaknyga.lt\/produktas\/nevykelio-dienorastis-18-netiketos-permainos\/#breadcrumb"},"inLanguage":"en-GB","potentialAction":[{"@type":"ReadAction","target":["https:\/\/skaitytaknyga.lt\/produktas\/nevykelio-dienorastis-18-netiketos-permainos\/"]}]},{"@type":"ImageObject","inLanguage":"en-GB","@id":"https:\/\/skaitytaknyga.lt\/produktas\/nevykelio-dienorastis-18-netiketos-permainos\/#primaryimage","url":"https:\/\/skaitytaknyga.lt\/wp-content\/uploads\/2026\/02\/Nevykelio-dienorastis-18.-Netiketos-permainos-1.webp","contentUrl":"https:\/\/skaitytaknyga.lt\/wp-content\/uploads\/2026\/02\/Nevykelio-dienorastis-18.-Netiketos-permainos-1.webp","width":300,"height":430,"caption":"Nevyk\u0117lio dienora\u0161tis 18. Netik\u0117tos permainos"},{"@type":"BreadcrumbList","@id":"https:\/\/skaitytaknyga.lt\/produktas\/nevykelio-dienorastis-18-netiketos-permainos\/#breadcrumb","itemListElement":[{"@type":"ListItem","position":1,"name":"Home","item":"https:\/\/skaitytaknyga.lt\/"},{"@type":"ListItem","position":2,"name":"Parduotuv\u0117","item":"https:\/\/skaitytaknyga.lt\/knygu-parduotuve\/"},{"@type":"ListItem","position":3,"name":"Nevyk\u0117lio dienora\u0161tis 18. Netik\u0117tos permainos"}]},{"@type":"WebSite","@id":"https:\/\/skaitytaknyga.lt\/#website","url":"https:\/\/skaitytaknyga.lt\/","name":"skaitytaknyga.lt","description":"Skaitytaknyga.lt \u2013 tai ma\u017eas \u0161eimos verslas, kuris prasid\u0117jo nuo meil\u0117s knygoms ir siekio i\u0161gelb\u0117ti knygas nuo likimo prie konteinerio. Kas vienam nereikalingas daiktas \u2013 kitam lobis, o mes esame tarpininkai, kurie padeda abiems tapti laimingesniems ???? \u017dinome kaip nelengva i\u0161gyventi ma\u017eiems verslams, tad nuo \u0161iol, \u010dia rasite ir kit\u0173, ma\u017e\u0173 \u0161eim\u0173 versl\u0173, rank\u0173 darbo, dovan\u0173 sau ir artimiesiems.","publisher":{"@id":"https:\/\/skaitytaknyga.lt\/#organization"},"potentialAction":[{"@type":"SearchAction","target":{"@type":"EntryPoint","urlTemplate":"https:\/\/skaitytaknyga.lt\/?s={search_term_string}"},"query-input":{"@type":"PropertyValueSpecification","valueRequired":true,"valueName":"search_term_string"}}],"inLanguage":"en-GB"},{"@type":"Organization","@id":"https:\/\/skaitytaknyga.lt\/#organization","name":"skaitytaknyga.lt","url":"https:\/\/skaitytaknyga.lt\/","logo":{"@type":"ImageObject","inLanguage":"en-GB","@id":"https:\/\/skaitytaknyga.lt\/#\/schema\/logo\/image\/","url":"https:\/\/skaitytaknyga.lt\/wp-content\/uploads\/2024\/05\/cropped-cropped-cropped-02_00843_jt3bggkj1j3HLc7SyY6rEUpg.jpeg","contentUrl":"https:\/\/skaitytaknyga.lt\/wp-content\/uploads\/2024\/05\/cropped-cropped-cropped-02_00843_jt3bggkj1j3HLc7SyY6rEUpg.jpeg","width":1600,"height":1600,"caption":"skaitytaknyga.lt"},"image":{"@id":"https:\/\/skaitytaknyga.lt\/#\/schema\/logo\/image\/"},"sameAs":["https:\/\/www.facebook.com\/skaitytaknyga\/"]}]}},"_links":{"self":[{"href":"https:\/\/skaitytaknyga.lt\/en\/wp-json\/wp\/v2\/product\/23045","targetHints":{"allow":["GET"]}}],"collection":[{"href":"https:\/\/skaitytaknyga.lt\/en\/wp-json\/wp\/v2\/product"}],"about":[{"href":"https:\/\/skaitytaknyga.lt\/en\/wp-json\/wp\/v2\/types\/product"}],"replies":[{"embeddable":true,"href":"https:\/\/skaitytaknyga.lt\/en\/wp-json\/wp\/v2\/comments?post=23045"}],"wp:featuredmedia":[{"embeddable":true,"href":"https:\/\/skaitytaknyga.lt\/en\/wp-json\/wp\/v2\/media\/23052"}],"wp:attachment":[{"href":"https:\/\/skaitytaknyga.lt\/en\/wp-json\/wp\/v2\/media?parent=23045"}],"wp:term":[{"taxonomy":"product_brand","embeddable":true,"href":"https:\/\/skaitytaknyga.lt\/en\/wp-json\/wp\/v2\/product_brand?post=23045"},{"taxonomy":"product_cat","embeddable":true,"href":"https:\/\/skaitytaknyga.lt\/en\/wp-json\/wp\/v2\/product_cat?post=23045"},{"taxonomy":"product_tag","embeddable":true,"href":"https:\/\/skaitytaknyga.lt\/en\/wp-json\/wp\/v2\/product_tag?post=23045"}],"curies":[{"name":"wp","href":"https:\/\/api.w.org\/{rel}","templated":true}]}}