{"id":23043,"date":"2026-02-18T13:00:20","date_gmt":"2026-02-18T11:00:20","guid":{"rendered":"https:\/\/skaitytaknyga.lt\/?post_type=product&#038;p=23043"},"modified":"2026-02-18T14:22:20","modified_gmt":"2026-02-18T12:22:20","slug":"grazinos-rucytes-pianissimo-branda-ir-sklaida-antiformalistinio-rojuko-metais","status":"publish","type":"product","link":"https:\/\/skaitytaknyga.lt\/en\/produktas\/grazinos-rucytes-pianissimo-branda-ir-sklaida-antiformalistinio-rojuko-metais\/","title":{"rendered":"Gra\u017einos Ru\u010dyt\u0117s pianissimo: branda ir sklaida antiformalistinio rojuko metais"},"content":{"rendered":"<p>Monografija apr\u0117pia pianist\u0117s Gra\u017einos Ru\u010dyt\u0117s-Landsbergien\u0117s gyvenimo patirtis 1949\u20131989 metais \u2013 nuo tremtin\u0117s-\u017evej\u0117s laisvalaikio koncert\u0173 Baikalo saloje, mokymosi Irkutsko muzikos mokykloje, Sverdlovsko konservatorijoje iki bendro darbo su profesionaliais menininkais Lietuvoje bei u\u017esienyje. Tai \u2013 pasakojimas apie moter\u012f kintan\u010diuose politiniuose, socialiniuose ir kult\u016briniuose kontekstuose, parodant jos dvasin\u0117s stipryb\u0117s ir profesin\u0117s auk\u0161tumos ry\u0161\u012f, geb\u0117jim\u0105 ne tik i\u0161tverti, bet ir i\u0161laikyti tautin\u012f, kult\u016brin\u012f, pasaul\u0117\u017ei\u016brin\u012f tapatum\u0105, pasiekti svajon\u0119. Tai \u2013 ir istorija apie pianist\u0117s sutiktas moteris ir vyrus, kurie min\u0117tuose kontekstuose pad\u0117jo \u201etur\u0117ti ir b\u016bti&#8221;. Autorius r\u0117m\u0117si pokalbiais su heroje, archyv\u0173 dokumentais, publikacijomis, liudinink\u0173 prisiminimais ir filosofiniu asmens pa\u017einimo principu: \u017emog\u0173 kaip k\u016brin\u012f atskleid\u017eia ry\u0161io i\u0161gyvenimas.<\/p>\n","protected":false},"excerpt":{"rendered":"<p>Monografija apr\u0117pia pianist\u0117s Gra\u017einos Ru\u010dyt\u0117s-Landsbergien\u0117s gyvenimo patirtis 1949\u20131989 metais \u2013 nuo tremtin\u0117s-\u017evej\u0117s laisvalaikio koncert\u0173 Baikalo saloje, mokymosi Irkutsko muzikos mokykloje, Sverdlovsko konservatorijoje iki bendro darbo su profesionaliais menininkais Lietuvoje bei u\u017esienyje. Tai \u2013 pasakojimas apie moter\u012f kintan\u010diuose politiniuose, socialiniuose ir kult\u016briniuose kontekstuose, parodant jos dvasin\u0117s stipryb\u0117s ir profesin\u0117s auk\u0161tumos ry\u0161\u012f, geb\u0117jim\u0105 ne tik i\u0161tverti, bet ir i\u0161laikyti tautin\u012f, kult\u016brin\u012f, pasaul\u0117\u017ei\u016brin\u012f tapatum\u0105, pasiekti svajon\u0119. Tai \u2013 ir istorija apie pianist\u0117s sutiktas moteris ir vyrus, kurie min\u0117tuose kontekstuose pad\u0117jo \u201etur\u0117ti ir b\u016bti&#8221;. Autorius r\u0117m\u0117si pokalbiais su heroje, archyv\u0173 dokumentais, publikacijomis, liudinink\u0173 prisiminimais ir filosofiniu asmens pa\u017einimo principu: \u017emog\u0173 kaip k\u016brin\u012f atskleid\u017eia ry\u0161io i\u0161gyvenimas.<\/p>\n","protected":false},"featured_media":23048,"comment_status":"open","ping_status":"closed","template":"","meta":{"_acf_changed":false,"site-sidebar-layout":"default","site-content-layout":"","ast-site-content-layout":"default","site-content-style":"default","site-sidebar-style":"default","ast-global-header-display":"","ast-banner-title-visibility":"","ast-main-header-display":"","ast-hfb-above-header-display":"","ast-hfb-below-header-display":"","ast-hfb-mobile-header-display":"","site-post-title":"","ast-breadcrumbs-content":"","ast-featured-img":"","footer-sml-layout":"","ast-disable-related-posts":"","theme-transparent-header-meta":"","adv-header-id-meta":"","stick-header-meta":"","header-above-stick-meta":"","header-main-stick-meta":"","header-below-stick-meta":"","astra-migrate-meta-layouts":"default","ast-page-background-enabled":"default","ast-page-background-meta":{"desktop":{"background-color":"","background-image":"","background-repeat":"repeat","background-position":"center center","background-size":"auto","background-attachment":"scroll","background-type":"","background-media":"","overlay-type":"","overlay-color":"","overlay-opacity":"","overlay-gradient":""},"tablet":{"background-color":"","background-image":"","background-repeat":"repeat","background-position":"center center","background-size":"auto","background-attachment":"scroll","background-type":"","background-media":"","overlay-type":"","overlay-color":"","overlay-opacity":"","overlay-gradient":""},"mobile":{"background-color":"","background-image":"","background-repeat":"repeat","background-position":"center center","background-size":"auto","background-attachment":"scroll","background-type":"","background-media":"","overlay-type":"","overlay-color":"","overlay-opacity":"","overlay-gradient":""}},"ast-content-background-meta":{"desktop":{"background-color":"var(--ast-global-color-4)","background-image":"","background-repeat":"repeat","background-position":"center center","background-size":"auto","background-attachment":"scroll","background-type":"","background-media":"","overlay-type":"","overlay-color":"","overlay-opacity":"","overlay-gradient":""},"tablet":{"background-color":"var(--ast-global-color-4)","background-image":"","background-repeat":"repeat","background-position":"center center","background-size":"auto","background-attachment":"scroll","background-type":"","background-media":"","overlay-type":"","overlay-color":"","overlay-opacity":"","overlay-gradient":""},"mobile":{"background-color":"var(--ast-global-color-4)","background-image":"","background-repeat":"repeat","background-position":"center center","background-size":"auto","background-attachment":"scroll","background-type":"","background-media":"","overlay-type":"","overlay-color":"","overlay-opacity":"","overlay-gradient":""}}},"product_brand":[],"product_cat":[33],"product_tag":[9453],"class_list":{"0":"post-23043","1":"product","2":"type-product","3":"status-publish","4":"has-post-thumbnail","6":"product_cat-biografijos","7":"product_tag-andrius-vaisnys","8":"desktop-align-left","9":"tablet-align-left","10":"mobile-align-left","12":"first","13":"instock","14":"shipping-taxable","15":"purchasable","16":"product-type-simple"},"acf":[],"yoast_head":"<!-- This site is optimized with the Yoast SEO plugin v27.0 - https:\/\/yoast.com\/product\/yoast-seo-wordpress\/ -->\n<title>Gra\u017einos Ru\u010dyt\u0117s pianissimo: branda ir sklaida antiformalistinio rojuko metais<\/title>\n<meta name=\"description\" content=\"Monografija apr\u0117pia pianist\u0117s Gra\u017einos Ru\u010dyt\u0117s-Landsbergien\u0117s gyvenimo patirtis 1949\u20131989 metais \u2013 nuo tremtin\u0117s-\u017evej\u0117s laisvalaikio koncert\u0173 Baikalo\" \/>\n<meta name=\"robots\" content=\"index, follow, max-snippet:-1, max-image-preview:large, max-video-preview:-1\" \/>\n<link rel=\"canonical\" href=\"https:\/\/skaitytaknyga.lt\/en\/produktas\/grazinos-rucytes-pianissimo-branda-ir-sklaida-antiformalistinio-rojuko-metais\/\" \/>\n<meta property=\"og:locale\" content=\"en_GB\" \/>\n<meta property=\"og:locale:alternate\" content=\"lt_LT\" \/>\n<meta property=\"og:type\" content=\"article\" \/>\n<meta property=\"og:title\" content=\"Gra\u017einos Ru\u010dyt\u0117s pianissimo: branda ir sklaida antiformalistinio rojuko metais\" \/>\n<meta property=\"og:description\" content=\"Monografija apr\u0117pia pianist\u0117s Gra\u017einos Ru\u010dyt\u0117s-Landsbergien\u0117s gyvenimo patirtis 1949\u20131989 metais \u2013 nuo tremtin\u0117s-\u017evej\u0117s laisvalaikio koncert\u0173 Baikalo\" \/>\n<meta property=\"og:url\" content=\"https:\/\/skaitytaknyga.lt\/en\/produktas\/grazinos-rucytes-pianissimo-branda-ir-sklaida-antiformalistinio-rojuko-metais\/\" \/>\n<meta property=\"og:site_name\" content=\"Skaitytaknyga\" \/>\n<meta property=\"article:publisher\" content=\"https:\/\/www.facebook.com\/skaitytaknyga\/\" \/>\n<meta property=\"article:modified_time\" content=\"2026-02-18T12:22:20+00:00\" \/>\n<meta property=\"og:image\" content=\"https:\/\/skaitytaknyga.lt\/wp-content\/uploads\/2026\/02\/Grazinos-Rucytes-pianissimo-branda-ir-sklaida-antiformalistinio-rojuko-metais-1.webp\" \/>\n\t<meta property=\"og:image:width\" content=\"300\" \/>\n\t<meta property=\"og:image:height\" content=\"447\" \/>\n\t<meta property=\"og:image:type\" content=\"image\/webp\" \/>\n<meta name=\"twitter:card\" content=\"summary_large_image\" \/>\n<meta name=\"twitter:label1\" content=\"Estimated reading time\" \/>\n\t<meta name=\"twitter:data1\" content=\"1 minute\" \/>\n<script type=\"application\/ld+json\" class=\"yoast-schema-graph\">{\"@context\":\"https:\/\/schema.org\",\"@graph\":[{\"@type\":\"WebPage\",\"@id\":\"https:\/\/skaitytaknyga.lt\/produktas\/grazinos-rucytes-pianissimo-branda-ir-sklaida-antiformalistinio-rojuko-metais\/\",\"url\":\"https:\/\/skaitytaknyga.lt\/produktas\/grazinos-rucytes-pianissimo-branda-ir-sklaida-antiformalistinio-rojuko-metais\/\",\"name\":\"Gra\u017einos Ru\u010dyt\u0117s pianissimo: branda ir sklaida antiformalistinio rojuko metais\",\"isPartOf\":{\"@id\":\"https:\/\/skaitytaknyga.lt\/#website\"},\"primaryImageOfPage\":{\"@id\":\"https:\/\/skaitytaknyga.lt\/produktas\/grazinos-rucytes-pianissimo-branda-ir-sklaida-antiformalistinio-rojuko-metais\/#primaryimage\"},\"image\":{\"@id\":\"https:\/\/skaitytaknyga.lt\/produktas\/grazinos-rucytes-pianissimo-branda-ir-sklaida-antiformalistinio-rojuko-metais\/#primaryimage\"},\"thumbnailUrl\":\"https:\/\/skaitytaknyga.lt\/wp-content\/uploads\/2026\/02\/Grazinos-Rucytes-pianissimo-branda-ir-sklaida-antiformalistinio-rojuko-metais-1.webp\",\"datePublished\":\"2026-02-18T11:00:20+00:00\",\"dateModified\":\"2026-02-18T12:22:20+00:00\",\"description\":\"Monografija apr\u0117pia pianist\u0117s Gra\u017einos Ru\u010dyt\u0117s-Landsbergien\u0117s gyvenimo patirtis 1949\u20131989 metais \u2013 nuo tremtin\u0117s-\u017evej\u0117s laisvalaikio koncert\u0173 Baikalo\",\"breadcrumb\":{\"@id\":\"https:\/\/skaitytaknyga.lt\/produktas\/grazinos-rucytes-pianissimo-branda-ir-sklaida-antiformalistinio-rojuko-metais\/#breadcrumb\"},\"inLanguage\":\"en-GB\",\"potentialAction\":[{\"@type\":\"ReadAction\",\"target\":[\"https:\/\/skaitytaknyga.lt\/produktas\/grazinos-rucytes-pianissimo-branda-ir-sklaida-antiformalistinio-rojuko-metais\/\"]}]},{\"@type\":\"ImageObject\",\"inLanguage\":\"en-GB\",\"@id\":\"https:\/\/skaitytaknyga.lt\/produktas\/grazinos-rucytes-pianissimo-branda-ir-sklaida-antiformalistinio-rojuko-metais\/#primaryimage\",\"url\":\"https:\/\/skaitytaknyga.lt\/wp-content\/uploads\/2026\/02\/Grazinos-Rucytes-pianissimo-branda-ir-sklaida-antiformalistinio-rojuko-metais-1.webp\",\"contentUrl\":\"https:\/\/skaitytaknyga.lt\/wp-content\/uploads\/2026\/02\/Grazinos-Rucytes-pianissimo-branda-ir-sklaida-antiformalistinio-rojuko-metais-1.webp\",\"width\":300,\"height\":447},{\"@type\":\"BreadcrumbList\",\"@id\":\"https:\/\/skaitytaknyga.lt\/produktas\/grazinos-rucytes-pianissimo-branda-ir-sklaida-antiformalistinio-rojuko-metais\/#breadcrumb\",\"itemListElement\":[{\"@type\":\"ListItem\",\"position\":1,\"name\":\"Home\",\"item\":\"https:\/\/skaitytaknyga.lt\/\"},{\"@type\":\"ListItem\",\"position\":2,\"name\":\"Parduotuv\u0117\",\"item\":\"https:\/\/skaitytaknyga.lt\/knygu-parduotuve\/\"},{\"@type\":\"ListItem\",\"position\":3,\"name\":\"Gra\u017einos Ru\u010dyt\u0117s pianissimo: branda ir sklaida antiformalistinio rojuko metais\"}]},{\"@type\":\"WebSite\",\"@id\":\"https:\/\/skaitytaknyga.lt\/#website\",\"url\":\"https:\/\/skaitytaknyga.lt\/\",\"name\":\"skaitytaknyga.lt\",\"description\":\"Skaitytaknyga.lt \u2013 tai ma\u017eas \u0161eimos verslas, kuris prasid\u0117jo nuo meil\u0117s knygoms ir siekio i\u0161gelb\u0117ti knygas nuo likimo prie konteinerio. Kas vienam nereikalingas daiktas \u2013 kitam lobis, o mes esame tarpininkai, kurie padeda abiems tapti laimingesniems ???? \u017dinome kaip nelengva i\u0161gyventi ma\u017eiems verslams, tad nuo \u0161iol, \u010dia rasite ir kit\u0173, ma\u017e\u0173 \u0161eim\u0173 versl\u0173, rank\u0173 darbo, dovan\u0173 sau ir artimiesiems.\",\"publisher\":{\"@id\":\"https:\/\/skaitytaknyga.lt\/#organization\"},\"potentialAction\":[{\"@type\":\"SearchAction\",\"target\":{\"@type\":\"EntryPoint\",\"urlTemplate\":\"https:\/\/skaitytaknyga.lt\/?s={search_term_string}\"},\"query-input\":{\"@type\":\"PropertyValueSpecification\",\"valueRequired\":true,\"valueName\":\"search_term_string\"}}],\"inLanguage\":\"en-GB\"},{\"@type\":\"Organization\",\"@id\":\"https:\/\/skaitytaknyga.lt\/#organization\",\"name\":\"skaitytaknyga.lt\",\"url\":\"https:\/\/skaitytaknyga.lt\/\",\"logo\":{\"@type\":\"ImageObject\",\"inLanguage\":\"en-GB\",\"@id\":\"https:\/\/skaitytaknyga.lt\/#\/schema\/logo\/image\/\",\"url\":\"https:\/\/skaitytaknyga.lt\/wp-content\/uploads\/2024\/05\/cropped-cropped-cropped-02_00843_jt3bggkj1j3HLc7SyY6rEUpg.jpeg\",\"contentUrl\":\"https:\/\/skaitytaknyga.lt\/wp-content\/uploads\/2024\/05\/cropped-cropped-cropped-02_00843_jt3bggkj1j3HLc7SyY6rEUpg.jpeg\",\"width\":1600,\"height\":1600,\"caption\":\"skaitytaknyga.lt\"},\"image\":{\"@id\":\"https:\/\/skaitytaknyga.lt\/#\/schema\/logo\/image\/\"},\"sameAs\":[\"https:\/\/www.facebook.com\/skaitytaknyga\/\"]}]}<\/script>\n<!-- \/ Yoast SEO plugin. -->","yoast_head_json":{"title":"Gra\u017einos Ru\u010dyt\u0117s pianissimo: branda ir sklaida antiformalistinio rojuko metais","description":"Monografija apr\u0117pia pianist\u0117s Gra\u017einos Ru\u010dyt\u0117s-Landsbergien\u0117s gyvenimo patirtis 1949\u20131989 metais \u2013 nuo tremtin\u0117s-\u017evej\u0117s laisvalaikio koncert\u0173 Baikalo","robots":{"index":"index","follow":"follow","max-snippet":"max-snippet:-1","max-image-preview":"max-image-preview:large","max-video-preview":"max-video-preview:-1"},"canonical":"https:\/\/skaitytaknyga.lt\/en\/produktas\/grazinos-rucytes-pianissimo-branda-ir-sklaida-antiformalistinio-rojuko-metais\/","og_locale":"en_GB","og_type":"article","og_title":"[:lt]Gra\u017einos Ru\u010dyt\u0117s pianissimo: branda ir sklaida antiformalistinio rojuko metais[:] - Skaitytaknyga","og_description":"Monografija apr\u0117pia pianist\u0117s Gra\u017einos Ru\u010dyt\u0117s-Landsbergien\u0117s gyvenimo patirtis 1949\u20131989 metais \u2013 nuo tremtin\u0117s-\u017evej\u0117s laisvalaikio koncert\u0173 Baikalo","og_url":"https:\/\/skaitytaknyga.lt\/en\/produktas\/grazinos-rucytes-pianissimo-branda-ir-sklaida-antiformalistinio-rojuko-metais\/","og_site_name":"Skaitytaknyga","article_publisher":"https:\/\/www.facebook.com\/skaitytaknyga\/","article_modified_time":"2026-02-18T12:22:20+00:00","og_image":[{"width":300,"height":447,"url":"https:\/\/skaitytaknyga.lt\/wp-content\/uploads\/2026\/02\/Grazinos-Rucytes-pianissimo-branda-ir-sklaida-antiformalistinio-rojuko-metais-1.webp","type":"image\/webp"}],"twitter_card":"summary_large_image","twitter_misc":{"Estimated reading time":"1 minute"},"schema":{"@context":"https:\/\/schema.org","@graph":[{"@type":"WebPage","@id":"https:\/\/skaitytaknyga.lt\/produktas\/grazinos-rucytes-pianissimo-branda-ir-sklaida-antiformalistinio-rojuko-metais\/","url":"https:\/\/skaitytaknyga.lt\/produktas\/grazinos-rucytes-pianissimo-branda-ir-sklaida-antiformalistinio-rojuko-metais\/","name":"Gra\u017einos Ru\u010dyt\u0117s pianissimo: branda ir sklaida antiformalistinio rojuko metais","isPartOf":{"@id":"https:\/\/skaitytaknyga.lt\/#website"},"primaryImageOfPage":{"@id":"https:\/\/skaitytaknyga.lt\/produktas\/grazinos-rucytes-pianissimo-branda-ir-sklaida-antiformalistinio-rojuko-metais\/#primaryimage"},"image":{"@id":"https:\/\/skaitytaknyga.lt\/produktas\/grazinos-rucytes-pianissimo-branda-ir-sklaida-antiformalistinio-rojuko-metais\/#primaryimage"},"thumbnailUrl":"https:\/\/skaitytaknyga.lt\/wp-content\/uploads\/2026\/02\/Grazinos-Rucytes-pianissimo-branda-ir-sklaida-antiformalistinio-rojuko-metais-1.webp","datePublished":"2026-02-18T11:00:20+00:00","dateModified":"2026-02-18T12:22:20+00:00","description":"Monografija apr\u0117pia pianist\u0117s Gra\u017einos Ru\u010dyt\u0117s-Landsbergien\u0117s gyvenimo patirtis 1949\u20131989 metais \u2013 nuo tremtin\u0117s-\u017evej\u0117s laisvalaikio koncert\u0173 Baikalo","breadcrumb":{"@id":"https:\/\/skaitytaknyga.lt\/produktas\/grazinos-rucytes-pianissimo-branda-ir-sklaida-antiformalistinio-rojuko-metais\/#breadcrumb"},"inLanguage":"en-GB","potentialAction":[{"@type":"ReadAction","target":["https:\/\/skaitytaknyga.lt\/produktas\/grazinos-rucytes-pianissimo-branda-ir-sklaida-antiformalistinio-rojuko-metais\/"]}]},{"@type":"ImageObject","inLanguage":"en-GB","@id":"https:\/\/skaitytaknyga.lt\/produktas\/grazinos-rucytes-pianissimo-branda-ir-sklaida-antiformalistinio-rojuko-metais\/#primaryimage","url":"https:\/\/skaitytaknyga.lt\/wp-content\/uploads\/2026\/02\/Grazinos-Rucytes-pianissimo-branda-ir-sklaida-antiformalistinio-rojuko-metais-1.webp","contentUrl":"https:\/\/skaitytaknyga.lt\/wp-content\/uploads\/2026\/02\/Grazinos-Rucytes-pianissimo-branda-ir-sklaida-antiformalistinio-rojuko-metais-1.webp","width":300,"height":447},{"@type":"BreadcrumbList","@id":"https:\/\/skaitytaknyga.lt\/produktas\/grazinos-rucytes-pianissimo-branda-ir-sklaida-antiformalistinio-rojuko-metais\/#breadcrumb","itemListElement":[{"@type":"ListItem","position":1,"name":"Home","item":"https:\/\/skaitytaknyga.lt\/"},{"@type":"ListItem","position":2,"name":"Parduotuv\u0117","item":"https:\/\/skaitytaknyga.lt\/knygu-parduotuve\/"},{"@type":"ListItem","position":3,"name":"Gra\u017einos Ru\u010dyt\u0117s pianissimo: branda ir sklaida antiformalistinio rojuko metais"}]},{"@type":"WebSite","@id":"https:\/\/skaitytaknyga.lt\/#website","url":"https:\/\/skaitytaknyga.lt\/","name":"skaitytaknyga.lt","description":"Skaitytaknyga.lt \u2013 tai ma\u017eas \u0161eimos verslas, kuris prasid\u0117jo nuo meil\u0117s knygoms ir siekio i\u0161gelb\u0117ti knygas nuo likimo prie konteinerio. Kas vienam nereikalingas daiktas \u2013 kitam lobis, o mes esame tarpininkai, kurie padeda abiems tapti laimingesniems ???? \u017dinome kaip nelengva i\u0161gyventi ma\u017eiems verslams, tad nuo \u0161iol, \u010dia rasite ir kit\u0173, ma\u017e\u0173 \u0161eim\u0173 versl\u0173, rank\u0173 darbo, dovan\u0173 sau ir artimiesiems.","publisher":{"@id":"https:\/\/skaitytaknyga.lt\/#organization"},"potentialAction":[{"@type":"SearchAction","target":{"@type":"EntryPoint","urlTemplate":"https:\/\/skaitytaknyga.lt\/?s={search_term_string}"},"query-input":{"@type":"PropertyValueSpecification","valueRequired":true,"valueName":"search_term_string"}}],"inLanguage":"en-GB"},{"@type":"Organization","@id":"https:\/\/skaitytaknyga.lt\/#organization","name":"skaitytaknyga.lt","url":"https:\/\/skaitytaknyga.lt\/","logo":{"@type":"ImageObject","inLanguage":"en-GB","@id":"https:\/\/skaitytaknyga.lt\/#\/schema\/logo\/image\/","url":"https:\/\/skaitytaknyga.lt\/wp-content\/uploads\/2024\/05\/cropped-cropped-cropped-02_00843_jt3bggkj1j3HLc7SyY6rEUpg.jpeg","contentUrl":"https:\/\/skaitytaknyga.lt\/wp-content\/uploads\/2024\/05\/cropped-cropped-cropped-02_00843_jt3bggkj1j3HLc7SyY6rEUpg.jpeg","width":1600,"height":1600,"caption":"skaitytaknyga.lt"},"image":{"@id":"https:\/\/skaitytaknyga.lt\/#\/schema\/logo\/image\/"},"sameAs":["https:\/\/www.facebook.com\/skaitytaknyga\/"]}]}},"_links":{"self":[{"href":"https:\/\/skaitytaknyga.lt\/en\/wp-json\/wp\/v2\/product\/23043","targetHints":{"allow":["GET"]}}],"collection":[{"href":"https:\/\/skaitytaknyga.lt\/en\/wp-json\/wp\/v2\/product"}],"about":[{"href":"https:\/\/skaitytaknyga.lt\/en\/wp-json\/wp\/v2\/types\/product"}],"replies":[{"embeddable":true,"href":"https:\/\/skaitytaknyga.lt\/en\/wp-json\/wp\/v2\/comments?post=23043"}],"wp:featuredmedia":[{"embeddable":true,"href":"https:\/\/skaitytaknyga.lt\/en\/wp-json\/wp\/v2\/media\/23048"}],"wp:attachment":[{"href":"https:\/\/skaitytaknyga.lt\/en\/wp-json\/wp\/v2\/media?parent=23043"}],"wp:term":[{"taxonomy":"product_brand","embeddable":true,"href":"https:\/\/skaitytaknyga.lt\/en\/wp-json\/wp\/v2\/product_brand?post=23043"},{"taxonomy":"product_cat","embeddable":true,"href":"https:\/\/skaitytaknyga.lt\/en\/wp-json\/wp\/v2\/product_cat?post=23043"},{"taxonomy":"product_tag","embeddable":true,"href":"https:\/\/skaitytaknyga.lt\/en\/wp-json\/wp\/v2\/product_tag?post=23043"}],"curies":[{"name":"wp","href":"https:\/\/api.w.org\/{rel}","templated":true}]}}