{"id":23025,"date":"2026-02-12T11:19:55","date_gmt":"2026-02-12T09:19:55","guid":{"rendered":"https:\/\/skaitytaknyga.lt\/?post_type=product&#038;p=23025"},"modified":"2026-02-18T12:48:33","modified_gmt":"2026-02-18T10:48:33","slug":"ziniuone","status":"publish","type":"product","link":"https:\/\/skaitytaknyga.lt\/en\/produktas\/ziniuone\/","title":{"rendered":"\u017diniuon\u0117"},"content":{"rendered":"<p>Kiekviena moteris &#8211; ragana \u0161irdyje<\/p>\n<p>Nakt\u012f vienuol\u0117 Alisa pabunda nuo d\u016bm\u0173 kvapo \u2013 kareiviai padeg\u0117 j\u0105 priglaudus\u012f vienuolyn\u0105. Jauna gra\u017euol\u0117 parb\u0117ga \u012f namus, kur u\u017eaugo, \u012f apgail\u0117tin\u0105 \u017einiuon\u0117s Morakos trobel\u0119. Bijodama juodosios magijos, kuria glob\u0117ja naudojasi, neapk\u0119sdama slegian\u010dio skurdo, Alisa ie\u0161ko b\u016bdo v\u0117l i\u0161tr\u016bkti&#8230; ir gauna kvietim\u0105 atvykti \u012f pil\u012f gydyti sergant\u012f sen\u0105j\u012f lord\u0105 Hjug\u0105.<\/p>\n<p>Sugundyta dvaro prabangos Alisa nutolsta nuo skaistyb\u0117s \u012f\u017ead\u0173, nepaj\u0117gia u\u017egniau\u017eti smarkios ir netik\u0117tos aistros gra\u017euoliui lordo s\u016bnui Hjugui, nors tai jis sudegino vienuolyn\u0105 su visomis vienuol\u0117mis&#8230; Bet Hjugas turi \u017emon\u0105, ga\u0161li\u0105, nevaising\u0105 Katerin\u0105, kur\u012f \u012ftariai stebi gra\u017ei\u0105j\u0105 \u017eolinink\u0119, pasiruo\u0161usi apkaltinti j\u0105 raganavimu. Paleisdama nuo saito pikt\u0105sias galias, griebdamasi sekso ir magijos, kad \u012fviliot\u0173 mylim\u0105j\u012f \u012f ne\u012fsivaizduojam\u0105 ekstaz\u0119, Alisa siekia i\u0161pl\u0117\u0161ti i\u0161 likimo tai, ko negavo \u2013 kilmingos pad\u0117ties, turto, vald\u017eios ir saugumo&#8230;<\/p>\n","protected":false},"excerpt":{"rendered":"<p>Kiekviena moteris &#8211; ragana \u0161irdyje Nakt\u012f vienuol\u0117 Alisa pabunda nuo d\u016bm\u0173 kvapo \u2013 kareiviai padeg\u0117 j\u0105 priglaudus\u012f vienuolyn\u0105. Jauna gra\u017euol\u0117 parb\u0117ga \u012f namus, kur u\u017eaugo, \u012f apgail\u0117tin\u0105 \u017einiuon\u0117s Morakos trobel\u0119. Bijodama juodosios magijos, kuria glob\u0117ja naudojasi, neapk\u0119sdama slegian\u010dio skurdo, Alisa ie\u0161ko b\u016bdo v\u0117l i\u0161tr\u016bkti&#8230; ir gauna kvietim\u0105 atvykti \u012f pil\u012f gydyti sergant\u012f sen\u0105j\u012f lord\u0105 Hjug\u0105. Sugundyta dvaro prabangos Alisa nutolsta nuo skaistyb\u0117s \u012f\u017ead\u0173, nepaj\u0117gia u\u017egniau\u017eti smarkios ir netik\u0117tos aistros gra\u017euoliui lordo s\u016bnui Hjugui, nors tai jis sudegino vienuolyn\u0105 su visomis vienuol\u0117mis&#8230; Bet Hjugas turi \u017emon\u0105, ga\u0161li\u0105, nevaising\u0105 Katerin\u0105, kur\u012f \u012ftariai stebi gra\u017ei\u0105j\u0105 \u017eolinink\u0119, pasiruo\u0161usi apkaltinti j\u0105 raganavimu. Paleisdama nuo saito pikt\u0105sias galias, griebdamasi sekso ir magijos, kad \u012fviliot\u0173 mylim\u0105j\u012f \u012f ne\u012fsivaizduojam\u0105 ekstaz\u0119, Alisa siekia i\u0161pl\u0117\u0161ti i\u0161 likimo tai, ko negavo \u2013 kilmingos pad\u0117ties, turto, vald\u017eios ir saugumo&#8230;<\/p>\n","protected":false},"featured_media":23040,"comment_status":"open","ping_status":"closed","template":"","meta":{"_acf_changed":false,"site-sidebar-layout":"default","site-content-layout":"","ast-site-content-layout":"default","site-content-style":"default","site-sidebar-style":"default","ast-global-header-display":"","ast-banner-title-visibility":"","ast-main-header-display":"","ast-hfb-above-header-display":"","ast-hfb-below-header-display":"","ast-hfb-mobile-header-display":"","site-post-title":"","ast-breadcrumbs-content":"","ast-featured-img":"","footer-sml-layout":"","ast-disable-related-posts":"","theme-transparent-header-meta":"","adv-header-id-meta":"","stick-header-meta":"","header-above-stick-meta":"","header-main-stick-meta":"","header-below-stick-meta":"","astra-migrate-meta-layouts":"default","ast-page-background-enabled":"default","ast-page-background-meta":{"desktop":{"background-color":"","background-image":"","background-repeat":"repeat","background-position":"center center","background-size":"auto","background-attachment":"scroll","background-type":"","background-media":"","overlay-type":"","overlay-color":"","overlay-opacity":"","overlay-gradient":""},"tablet":{"background-color":"","background-image":"","background-repeat":"repeat","background-position":"center center","background-size":"auto","background-attachment":"scroll","background-type":"","background-media":"","overlay-type":"","overlay-color":"","overlay-opacity":"","overlay-gradient":""},"mobile":{"background-color":"","background-image":"","background-repeat":"repeat","background-position":"center center","background-size":"auto","background-attachment":"scroll","background-type":"","background-media":"","overlay-type":"","overlay-color":"","overlay-opacity":"","overlay-gradient":""}},"ast-content-background-meta":{"desktop":{"background-color":"var(--ast-global-color-4)","background-image":"","background-repeat":"repeat","background-position":"center center","background-size":"auto","background-attachment":"scroll","background-type":"","background-media":"","overlay-type":"","overlay-color":"","overlay-opacity":"","overlay-gradient":""},"tablet":{"background-color":"var(--ast-global-color-4)","background-image":"","background-repeat":"repeat","background-position":"center center","background-size":"auto","background-attachment":"scroll","background-type":"","background-media":"","overlay-type":"","overlay-color":"","overlay-opacity":"","overlay-gradient":""},"mobile":{"background-color":"var(--ast-global-color-4)","background-image":"","background-repeat":"repeat","background-position":"center center","background-size":"auto","background-attachment":"scroll","background-type":"","background-media":"","overlay-type":"","overlay-color":"","overlay-opacity":"","overlay-gradient":""}}},"product_brand":[],"product_cat":[31],"product_tag":[1253],"class_list":{"0":"post-23025","1":"product","2":"type-product","3":"status-publish","4":"has-post-thumbnail","6":"product_cat-grozine-literatura","7":"product_tag-philippa-gregory","8":"desktop-align-left","9":"tablet-align-left","10":"mobile-align-left","12":"first","13":"instock","14":"shipping-taxable","15":"purchasable","16":"product-type-simple"},"acf":[],"yoast_head":"<!-- This site is optimized with the Yoast SEO plugin v27.0 - https:\/\/yoast.com\/product\/yoast-seo-wordpress\/ -->\n<title>\u017diniuon\u0117<\/title>\n<meta name=\"description\" content=\"Kiekviena moteris - ragana \u0161irdyje Nakt\u012f vienuol\u0117 Alisa pabunda nuo d\u016bm\u0173 kvapo \u2013 kareiviai padeg\u0117 j\u0105 priglaudus\u012f vienuolyn\u0105. Jauna gra\u017euol\u0117 parb\u0117ga \u012f\" \/>\n<meta name=\"robots\" content=\"index, follow, max-snippet:-1, max-image-preview:large, max-video-preview:-1\" \/>\n<link rel=\"canonical\" href=\"https:\/\/skaitytaknyga.lt\/en\/produktas\/ziniuone\/\" \/>\n<meta property=\"og:locale\" content=\"en_GB\" \/>\n<meta property=\"og:locale:alternate\" content=\"lt_LT\" \/>\n<meta property=\"og:type\" content=\"article\" \/>\n<meta property=\"og:title\" content=\"\u017diniuon\u0117\" \/>\n<meta property=\"og:description\" content=\"Kiekviena moteris - ragana \u0161irdyje Nakt\u012f vienuol\u0117 Alisa pabunda nuo d\u016bm\u0173 kvapo \u2013 kareiviai padeg\u0117 j\u0105 priglaudus\u012f vienuolyn\u0105. Jauna gra\u017euol\u0117 parb\u0117ga \u012f\" \/>\n<meta property=\"og:url\" content=\"https:\/\/skaitytaknyga.lt\/en\/produktas\/ziniuone\/\" \/>\n<meta property=\"og:site_name\" content=\"Skaitytaknyga\" \/>\n<meta property=\"article:publisher\" content=\"https:\/\/www.facebook.com\/skaitytaknyga\/\" \/>\n<meta property=\"article:modified_time\" content=\"2026-02-18T10:48:33+00:00\" \/>\n<meta property=\"og:image\" content=\"https:\/\/skaitytaknyga.lt\/wp-content\/uploads\/2026\/02\/Ziniuone-1.webp\" \/>\n\t<meta property=\"og:image:width\" content=\"300\" \/>\n\t<meta property=\"og:image:height\" content=\"451\" \/>\n\t<meta property=\"og:image:type\" content=\"image\/webp\" \/>\n<meta name=\"twitter:card\" content=\"summary_large_image\" \/>\n<meta name=\"twitter:label1\" content=\"Estimated reading time\" \/>\n\t<meta name=\"twitter:data1\" content=\"1 minute\" \/>\n<script type=\"application\/ld+json\" class=\"yoast-schema-graph\">{\"@context\":\"https:\/\/schema.org\",\"@graph\":[{\"@type\":\"WebPage\",\"@id\":\"https:\/\/skaitytaknyga.lt\/produktas\/ziniuone\/\",\"url\":\"https:\/\/skaitytaknyga.lt\/produktas\/ziniuone\/\",\"name\":\"\u017diniuon\u0117\",\"isPartOf\":{\"@id\":\"https:\/\/skaitytaknyga.lt\/#website\"},\"primaryImageOfPage\":{\"@id\":\"https:\/\/skaitytaknyga.lt\/produktas\/ziniuone\/#primaryimage\"},\"image\":{\"@id\":\"https:\/\/skaitytaknyga.lt\/produktas\/ziniuone\/#primaryimage\"},\"thumbnailUrl\":\"https:\/\/skaitytaknyga.lt\/wp-content\/uploads\/2026\/02\/Ziniuone-1.webp\",\"datePublished\":\"2026-02-12T09:19:55+00:00\",\"dateModified\":\"2026-02-18T10:48:33+00:00\",\"description\":\"Kiekviena moteris - ragana \u0161irdyje Nakt\u012f vienuol\u0117 Alisa pabunda nuo d\u016bm\u0173 kvapo \u2013 kareiviai padeg\u0117 j\u0105 priglaudus\u012f vienuolyn\u0105. Jauna gra\u017euol\u0117 parb\u0117ga \u012f\",\"breadcrumb\":{\"@id\":\"https:\/\/skaitytaknyga.lt\/produktas\/ziniuone\/#breadcrumb\"},\"inLanguage\":\"en-GB\",\"potentialAction\":[{\"@type\":\"ReadAction\",\"target\":[\"https:\/\/skaitytaknyga.lt\/produktas\/ziniuone\/\"]}]},{\"@type\":\"ImageObject\",\"inLanguage\":\"en-GB\",\"@id\":\"https:\/\/skaitytaknyga.lt\/produktas\/ziniuone\/#primaryimage\",\"url\":\"https:\/\/skaitytaknyga.lt\/wp-content\/uploads\/2026\/02\/Ziniuone-1.webp\",\"contentUrl\":\"https:\/\/skaitytaknyga.lt\/wp-content\/uploads\/2026\/02\/Ziniuone-1.webp\",\"width\":300,\"height\":451},{\"@type\":\"BreadcrumbList\",\"@id\":\"https:\/\/skaitytaknyga.lt\/produktas\/ziniuone\/#breadcrumb\",\"itemListElement\":[{\"@type\":\"ListItem\",\"position\":1,\"name\":\"Home\",\"item\":\"https:\/\/skaitytaknyga.lt\/\"},{\"@type\":\"ListItem\",\"position\":2,\"name\":\"Parduotuv\u0117\",\"item\":\"https:\/\/skaitytaknyga.lt\/knygu-parduotuve\/\"},{\"@type\":\"ListItem\",\"position\":3,\"name\":\"\u017diniuon\u0117\"}]},{\"@type\":\"WebSite\",\"@id\":\"https:\/\/skaitytaknyga.lt\/#website\",\"url\":\"https:\/\/skaitytaknyga.lt\/\",\"name\":\"skaitytaknyga.lt\",\"description\":\"Skaitytaknyga.lt \u2013 tai ma\u017eas \u0161eimos verslas, kuris prasid\u0117jo nuo meil\u0117s knygoms ir siekio i\u0161gelb\u0117ti knygas nuo likimo prie konteinerio. Kas vienam nereikalingas daiktas \u2013 kitam lobis, o mes esame tarpininkai, kurie padeda abiems tapti laimingesniems ???? \u017dinome kaip nelengva i\u0161gyventi ma\u017eiems verslams, tad nuo \u0161iol, \u010dia rasite ir kit\u0173, ma\u017e\u0173 \u0161eim\u0173 versl\u0173, rank\u0173 darbo, dovan\u0173 sau ir artimiesiems.\",\"publisher\":{\"@id\":\"https:\/\/skaitytaknyga.lt\/#organization\"},\"potentialAction\":[{\"@type\":\"SearchAction\",\"target\":{\"@type\":\"EntryPoint\",\"urlTemplate\":\"https:\/\/skaitytaknyga.lt\/?s={search_term_string}\"},\"query-input\":{\"@type\":\"PropertyValueSpecification\",\"valueRequired\":true,\"valueName\":\"search_term_string\"}}],\"inLanguage\":\"en-GB\"},{\"@type\":\"Organization\",\"@id\":\"https:\/\/skaitytaknyga.lt\/#organization\",\"name\":\"skaitytaknyga.lt\",\"url\":\"https:\/\/skaitytaknyga.lt\/\",\"logo\":{\"@type\":\"ImageObject\",\"inLanguage\":\"en-GB\",\"@id\":\"https:\/\/skaitytaknyga.lt\/#\/schema\/logo\/image\/\",\"url\":\"https:\/\/skaitytaknyga.lt\/wp-content\/uploads\/2024\/05\/cropped-cropped-cropped-02_00843_jt3bggkj1j3HLc7SyY6rEUpg.jpeg\",\"contentUrl\":\"https:\/\/skaitytaknyga.lt\/wp-content\/uploads\/2024\/05\/cropped-cropped-cropped-02_00843_jt3bggkj1j3HLc7SyY6rEUpg.jpeg\",\"width\":1600,\"height\":1600,\"caption\":\"skaitytaknyga.lt\"},\"image\":{\"@id\":\"https:\/\/skaitytaknyga.lt\/#\/schema\/logo\/image\/\"},\"sameAs\":[\"https:\/\/www.facebook.com\/skaitytaknyga\/\"]}]}<\/script>\n<!-- \/ Yoast SEO plugin. -->","yoast_head_json":{"title":"\u017diniuon\u0117","description":"Kiekviena moteris - ragana \u0161irdyje Nakt\u012f vienuol\u0117 Alisa pabunda nuo d\u016bm\u0173 kvapo \u2013 kareiviai padeg\u0117 j\u0105 priglaudus\u012f vienuolyn\u0105. Jauna gra\u017euol\u0117 parb\u0117ga \u012f","robots":{"index":"index","follow":"follow","max-snippet":"max-snippet:-1","max-image-preview":"max-image-preview:large","max-video-preview":"max-video-preview:-1"},"canonical":"https:\/\/skaitytaknyga.lt\/en\/produktas\/ziniuone\/","og_locale":"en_GB","og_type":"article","og_title":"[:lt]\u017diniuon\u0117[:] - Skaitytaknyga","og_description":"Kiekviena moteris - ragana \u0161irdyje Nakt\u012f vienuol\u0117 Alisa pabunda nuo d\u016bm\u0173 kvapo \u2013 kareiviai padeg\u0117 j\u0105 priglaudus\u012f vienuolyn\u0105. Jauna gra\u017euol\u0117 parb\u0117ga \u012f","og_url":"https:\/\/skaitytaknyga.lt\/en\/produktas\/ziniuone\/","og_site_name":"Skaitytaknyga","article_publisher":"https:\/\/www.facebook.com\/skaitytaknyga\/","article_modified_time":"2026-02-18T10:48:33+00:00","og_image":[{"width":300,"height":451,"url":"https:\/\/skaitytaknyga.lt\/wp-content\/uploads\/2026\/02\/Ziniuone-1.webp","type":"image\/webp"}],"twitter_card":"summary_large_image","twitter_misc":{"Estimated reading time":"1 minute"},"schema":{"@context":"https:\/\/schema.org","@graph":[{"@type":"WebPage","@id":"https:\/\/skaitytaknyga.lt\/produktas\/ziniuone\/","url":"https:\/\/skaitytaknyga.lt\/produktas\/ziniuone\/","name":"\u017diniuon\u0117","isPartOf":{"@id":"https:\/\/skaitytaknyga.lt\/#website"},"primaryImageOfPage":{"@id":"https:\/\/skaitytaknyga.lt\/produktas\/ziniuone\/#primaryimage"},"image":{"@id":"https:\/\/skaitytaknyga.lt\/produktas\/ziniuone\/#primaryimage"},"thumbnailUrl":"https:\/\/skaitytaknyga.lt\/wp-content\/uploads\/2026\/02\/Ziniuone-1.webp","datePublished":"2026-02-12T09:19:55+00:00","dateModified":"2026-02-18T10:48:33+00:00","description":"Kiekviena moteris - ragana \u0161irdyje Nakt\u012f vienuol\u0117 Alisa pabunda nuo d\u016bm\u0173 kvapo \u2013 kareiviai padeg\u0117 j\u0105 priglaudus\u012f vienuolyn\u0105. Jauna gra\u017euol\u0117 parb\u0117ga \u012f","breadcrumb":{"@id":"https:\/\/skaitytaknyga.lt\/produktas\/ziniuone\/#breadcrumb"},"inLanguage":"en-GB","potentialAction":[{"@type":"ReadAction","target":["https:\/\/skaitytaknyga.lt\/produktas\/ziniuone\/"]}]},{"@type":"ImageObject","inLanguage":"en-GB","@id":"https:\/\/skaitytaknyga.lt\/produktas\/ziniuone\/#primaryimage","url":"https:\/\/skaitytaknyga.lt\/wp-content\/uploads\/2026\/02\/Ziniuone-1.webp","contentUrl":"https:\/\/skaitytaknyga.lt\/wp-content\/uploads\/2026\/02\/Ziniuone-1.webp","width":300,"height":451},{"@type":"BreadcrumbList","@id":"https:\/\/skaitytaknyga.lt\/produktas\/ziniuone\/#breadcrumb","itemListElement":[{"@type":"ListItem","position":1,"name":"Home","item":"https:\/\/skaitytaknyga.lt\/"},{"@type":"ListItem","position":2,"name":"Parduotuv\u0117","item":"https:\/\/skaitytaknyga.lt\/knygu-parduotuve\/"},{"@type":"ListItem","position":3,"name":"\u017diniuon\u0117"}]},{"@type":"WebSite","@id":"https:\/\/skaitytaknyga.lt\/#website","url":"https:\/\/skaitytaknyga.lt\/","name":"skaitytaknyga.lt","description":"Skaitytaknyga.lt \u2013 tai ma\u017eas \u0161eimos verslas, kuris prasid\u0117jo nuo meil\u0117s knygoms ir siekio i\u0161gelb\u0117ti knygas nuo likimo prie konteinerio. Kas vienam nereikalingas daiktas \u2013 kitam lobis, o mes esame tarpininkai, kurie padeda abiems tapti laimingesniems ???? \u017dinome kaip nelengva i\u0161gyventi ma\u017eiems verslams, tad nuo \u0161iol, \u010dia rasite ir kit\u0173, ma\u017e\u0173 \u0161eim\u0173 versl\u0173, rank\u0173 darbo, dovan\u0173 sau ir artimiesiems.","publisher":{"@id":"https:\/\/skaitytaknyga.lt\/#organization"},"potentialAction":[{"@type":"SearchAction","target":{"@type":"EntryPoint","urlTemplate":"https:\/\/skaitytaknyga.lt\/?s={search_term_string}"},"query-input":{"@type":"PropertyValueSpecification","valueRequired":true,"valueName":"search_term_string"}}],"inLanguage":"en-GB"},{"@type":"Organization","@id":"https:\/\/skaitytaknyga.lt\/#organization","name":"skaitytaknyga.lt","url":"https:\/\/skaitytaknyga.lt\/","logo":{"@type":"ImageObject","inLanguage":"en-GB","@id":"https:\/\/skaitytaknyga.lt\/#\/schema\/logo\/image\/","url":"https:\/\/skaitytaknyga.lt\/wp-content\/uploads\/2024\/05\/cropped-cropped-cropped-02_00843_jt3bggkj1j3HLc7SyY6rEUpg.jpeg","contentUrl":"https:\/\/skaitytaknyga.lt\/wp-content\/uploads\/2024\/05\/cropped-cropped-cropped-02_00843_jt3bggkj1j3HLc7SyY6rEUpg.jpeg","width":1600,"height":1600,"caption":"skaitytaknyga.lt"},"image":{"@id":"https:\/\/skaitytaknyga.lt\/#\/schema\/logo\/image\/"},"sameAs":["https:\/\/www.facebook.com\/skaitytaknyga\/"]}]}},"_links":{"self":[{"href":"https:\/\/skaitytaknyga.lt\/en\/wp-json\/wp\/v2\/product\/23025","targetHints":{"allow":["GET"]}}],"collection":[{"href":"https:\/\/skaitytaknyga.lt\/en\/wp-json\/wp\/v2\/product"}],"about":[{"href":"https:\/\/skaitytaknyga.lt\/en\/wp-json\/wp\/v2\/types\/product"}],"replies":[{"embeddable":true,"href":"https:\/\/skaitytaknyga.lt\/en\/wp-json\/wp\/v2\/comments?post=23025"}],"wp:featuredmedia":[{"embeddable":true,"href":"https:\/\/skaitytaknyga.lt\/en\/wp-json\/wp\/v2\/media\/23040"}],"wp:attachment":[{"href":"https:\/\/skaitytaknyga.lt\/en\/wp-json\/wp\/v2\/media?parent=23025"}],"wp:term":[{"taxonomy":"product_brand","embeddable":true,"href":"https:\/\/skaitytaknyga.lt\/en\/wp-json\/wp\/v2\/product_brand?post=23025"},{"taxonomy":"product_cat","embeddable":true,"href":"https:\/\/skaitytaknyga.lt\/en\/wp-json\/wp\/v2\/product_cat?post=23025"},{"taxonomy":"product_tag","embeddable":true,"href":"https:\/\/skaitytaknyga.lt\/en\/wp-json\/wp\/v2\/product_tag?post=23025"}],"curies":[{"name":"wp","href":"https:\/\/api.w.org\/{rel}","templated":true}]}}