{"id":23024,"date":"2026-02-12T11:19:54","date_gmt":"2026-02-12T09:19:54","guid":{"rendered":"https:\/\/skaitytaknyga.lt\/?post_type=product&#038;p=23024"},"modified":"2026-03-05T16:47:50","modified_gmt":"2026-03-05T14:47:50","slug":"pomelas-myli","status":"publish","type":"product","link":"https:\/\/skaitytaknyga.lt\/en\/produktas\/pomelas-myli\/","title":{"rendered":"Pomelas myli"},"content":{"rendered":"<p>Sud\u0117tis: 5 proc. cukinij\u0173,<br \/>\n10 proc. mork\u0173,<br \/>\n30 proc. meil\u0117s,<br \/>\n32 proc. salot\u0173,<br \/>\n2 proc. klasikin\u0117s muzikos,<br \/>\n17 proc. ridik\u0117li\u0173,<br \/>\n1 proc. m\u0117lyn\u0173 g\u0117li\u0173,<br \/>\n3 proc. virpuliuk\u0173.<br \/>\n\u0160imtaprocentinis POMELAS.<\/p>\n<p>Tiek daug jausm\u0173 u\u017epl\u016bdo drambliuk\u0105 Pomel\u0105! Kur juos d\u0117ti? Myl\u0117ti visus ir visk\u0105! Vienuolikt\u0105 tre\u010dios vagos ridik\u0117l\u012f, vakaro liet\u0173 ir net pilk\u0105 akmen\u0117l\u012f (nes niekas kitas jo nemyli). O k\u0105 veikti, kai dar\u017ee at\u0161\u0105la ir nebelieka nei draug\u0117s cukinijos, nei raudon\u0173j\u0173 bra\u0161ki\u0173 ir net mylimiausia pien\u0117 ka\u017ekur susiruo\u0161ia?<\/p>\n<p>Juk \u0161alia jos imi ir pamir\u0161ti, kad esi tik ma\u017eas dar\u017eo drambliukas ir tampi&#8230; superinuku!<\/p>\n","protected":false},"excerpt":{"rendered":"<p>Sud\u0117tis: 5 proc. cukinij\u0173, 10 proc. mork\u0173, 30 proc. meil\u0117s, 32 proc. salot\u0173, 2 proc. klasikin\u0117s muzikos, 17 proc. ridik\u0117li\u0173, 1 proc. m\u0117lyn\u0173 g\u0117li\u0173, 3 proc. virpuliuk\u0173. \u0160imtaprocentinis POMELAS. Tiek daug jausm\u0173 u\u017epl\u016bdo drambliuk\u0105 Pomel\u0105! Kur juos d\u0117ti? Myl\u0117ti visus ir visk\u0105! Vienuolikt\u0105 tre\u010dios vagos ridik\u0117l\u012f, vakaro liet\u0173 ir net pilk\u0105 akmen\u0117l\u012f (nes niekas kitas jo nemyli). O k\u0105 veikti, kai dar\u017ee at\u0161\u0105la ir nebelieka nei draug\u0117s cukinijos, nei raudon\u0173j\u0173 bra\u0161ki\u0173 ir net mylimiausia pien\u0117 ka\u017ekur susiruo\u0161ia? Juk \u0161alia jos imi ir pamir\u0161ti, kad esi tik ma\u017eas dar\u017eo drambliukas ir tampi&#8230; superinuku!<\/p>\n","protected":false},"featured_media":23039,"comment_status":"open","ping_status":"closed","template":"","meta":{"_acf_changed":false,"site-sidebar-layout":"default","site-content-layout":"","ast-site-content-layout":"default","site-content-style":"default","site-sidebar-style":"default","ast-global-header-display":"","ast-banner-title-visibility":"","ast-main-header-display":"","ast-hfb-above-header-display":"","ast-hfb-below-header-display":"","ast-hfb-mobile-header-display":"","site-post-title":"","ast-breadcrumbs-content":"","ast-featured-img":"","footer-sml-layout":"","ast-disable-related-posts":"","theme-transparent-header-meta":"","adv-header-id-meta":"","stick-header-meta":"","header-above-stick-meta":"","header-main-stick-meta":"","header-below-stick-meta":"","astra-migrate-meta-layouts":"default","ast-page-background-enabled":"default","ast-page-background-meta":{"desktop":{"background-color":"","background-image":"","background-repeat":"repeat","background-position":"center center","background-size":"auto","background-attachment":"scroll","background-type":"","background-media":"","overlay-type":"","overlay-color":"","overlay-opacity":"","overlay-gradient":""},"tablet":{"background-color":"","background-image":"","background-repeat":"repeat","background-position":"center center","background-size":"auto","background-attachment":"scroll","background-type":"","background-media":"","overlay-type":"","overlay-color":"","overlay-opacity":"","overlay-gradient":""},"mobile":{"background-color":"","background-image":"","background-repeat":"repeat","background-position":"center center","background-size":"auto","background-attachment":"scroll","background-type":"","background-media":"","overlay-type":"","overlay-color":"","overlay-opacity":"","overlay-gradient":""}},"ast-content-background-meta":{"desktop":{"background-color":"var(--ast-global-color-4)","background-image":"","background-repeat":"repeat","background-position":"center center","background-size":"auto","background-attachment":"scroll","background-type":"","background-media":"","overlay-type":"","overlay-color":"","overlay-opacity":"","overlay-gradient":""},"tablet":{"background-color":"var(--ast-global-color-4)","background-image":"","background-repeat":"repeat","background-position":"center center","background-size":"auto","background-attachment":"scroll","background-type":"","background-media":"","overlay-type":"","overlay-color":"","overlay-opacity":"","overlay-gradient":""},"mobile":{"background-color":"var(--ast-global-color-4)","background-image":"","background-repeat":"repeat","background-position":"center center","background-size":"auto","background-attachment":"scroll","background-type":"","background-media":"","overlay-type":"","overlay-color":"","overlay-opacity":"","overlay-gradient":""}}},"product_brand":[],"product_cat":[9677],"product_tag":[9445],"class_list":{"0":"post-23024","1":"product","2":"type-product","3":"status-publish","4":"has-post-thumbnail","6":"product_cat-ikimokyklinukams","7":"product_tag-ramona-badescu","8":"desktop-align-left","9":"tablet-align-left","10":"mobile-align-left","12":"first","13":"instock","14":"shipping-taxable","15":"purchasable","16":"product-type-simple"},"acf":[],"yoast_head":"<!-- This site is optimized with the Yoast SEO plugin v27.0 - https:\/\/yoast.com\/product\/yoast-seo-wordpress\/ -->\n<title>Pomelas myli<\/title>\n<meta name=\"description\" content=\"Sud\u0117tis: 5 proc. cukinij\u0173, 10 proc. mork\u0173, 30 proc. meil\u0117s, 32 proc. salot\u0173, 2 proc. klasikin\u0117s muzikos, 17 proc. ridik\u0117li\u0173, 1 proc. m\u0117lyn\u0173 g\u0117li\u0173, 3 proc.\" \/>\n<meta name=\"robots\" content=\"index, follow, max-snippet:-1, max-image-preview:large, max-video-preview:-1\" \/>\n<link rel=\"canonical\" href=\"https:\/\/skaitytaknyga.lt\/en\/produktas\/pomelas-myli\/\" \/>\n<meta property=\"og:locale\" content=\"en_GB\" \/>\n<meta property=\"og:locale:alternate\" content=\"lt_LT\" \/>\n<meta property=\"og:type\" content=\"article\" \/>\n<meta property=\"og:title\" content=\"Pomelas myli\" \/>\n<meta property=\"og:description\" content=\"Sud\u0117tis: 5 proc. cukinij\u0173, 10 proc. mork\u0173, 30 proc. meil\u0117s, 32 proc. salot\u0173, 2 proc. klasikin\u0117s muzikos, 17 proc. ridik\u0117li\u0173, 1 proc. m\u0117lyn\u0173 g\u0117li\u0173, 3 proc.\" \/>\n<meta property=\"og:url\" content=\"https:\/\/skaitytaknyga.lt\/en\/produktas\/pomelas-myli\/\" \/>\n<meta property=\"og:site_name\" content=\"Skaitytaknyga\" \/>\n<meta property=\"article:publisher\" content=\"https:\/\/www.facebook.com\/skaitytaknyga\/\" \/>\n<meta property=\"article:modified_time\" content=\"2026-03-05T14:47:50+00:00\" \/>\n<meta property=\"og:image\" content=\"https:\/\/skaitytaknyga.lt\/wp-content\/uploads\/2026\/02\/Pomelas-myli-1.webp\" \/>\n\t<meta property=\"og:image:width\" content=\"301\" \/>\n\t<meta property=\"og:image:height\" content=\"415\" \/>\n\t<meta property=\"og:image:type\" content=\"image\/webp\" \/>\n<meta name=\"twitter:card\" content=\"summary_large_image\" \/>\n<meta name=\"twitter:label1\" content=\"Estimated reading time\" \/>\n\t<meta name=\"twitter:data1\" content=\"1 minute\" \/>\n<script type=\"application\/ld+json\" class=\"yoast-schema-graph\">{\"@context\":\"https:\/\/schema.org\",\"@graph\":[{\"@type\":\"WebPage\",\"@id\":\"https:\/\/skaitytaknyga.lt\/produktas\/pomelas-myli\/\",\"url\":\"https:\/\/skaitytaknyga.lt\/produktas\/pomelas-myli\/\",\"name\":\"Pomelas myli\",\"isPartOf\":{\"@id\":\"https:\/\/skaitytaknyga.lt\/#website\"},\"primaryImageOfPage\":{\"@id\":\"https:\/\/skaitytaknyga.lt\/produktas\/pomelas-myli\/#primaryimage\"},\"image\":{\"@id\":\"https:\/\/skaitytaknyga.lt\/produktas\/pomelas-myli\/#primaryimage\"},\"thumbnailUrl\":\"https:\/\/skaitytaknyga.lt\/wp-content\/uploads\/2026\/02\/Pomelas-myli-1.webp\",\"datePublished\":\"2026-02-12T09:19:54+00:00\",\"dateModified\":\"2026-03-05T14:47:50+00:00\",\"description\":\"Sud\u0117tis: 5 proc. cukinij\u0173, 10 proc. mork\u0173, 30 proc. meil\u0117s, 32 proc. salot\u0173, 2 proc. klasikin\u0117s muzikos, 17 proc. ridik\u0117li\u0173, 1 proc. m\u0117lyn\u0173 g\u0117li\u0173, 3 proc.\",\"breadcrumb\":{\"@id\":\"https:\/\/skaitytaknyga.lt\/produktas\/pomelas-myli\/#breadcrumb\"},\"inLanguage\":\"en-GB\",\"potentialAction\":[{\"@type\":\"ReadAction\",\"target\":[\"https:\/\/skaitytaknyga.lt\/produktas\/pomelas-myli\/\"]}]},{\"@type\":\"ImageObject\",\"inLanguage\":\"en-GB\",\"@id\":\"https:\/\/skaitytaknyga.lt\/produktas\/pomelas-myli\/#primaryimage\",\"url\":\"https:\/\/skaitytaknyga.lt\/wp-content\/uploads\/2026\/02\/Pomelas-myli-1.webp\",\"contentUrl\":\"https:\/\/skaitytaknyga.lt\/wp-content\/uploads\/2026\/02\/Pomelas-myli-1.webp\",\"width\":301,\"height\":415},{\"@type\":\"BreadcrumbList\",\"@id\":\"https:\/\/skaitytaknyga.lt\/produktas\/pomelas-myli\/#breadcrumb\",\"itemListElement\":[{\"@type\":\"ListItem\",\"position\":1,\"name\":\"Home\",\"item\":\"https:\/\/skaitytaknyga.lt\/\"},{\"@type\":\"ListItem\",\"position\":2,\"name\":\"Parduotuv\u0117\",\"item\":\"https:\/\/skaitytaknyga.lt\/knygu-parduotuve\/\"},{\"@type\":\"ListItem\",\"position\":3,\"name\":\"Pomelas myli\"}]},{\"@type\":\"WebSite\",\"@id\":\"https:\/\/skaitytaknyga.lt\/#website\",\"url\":\"https:\/\/skaitytaknyga.lt\/\",\"name\":\"skaitytaknyga.lt\",\"description\":\"Skaitytaknyga.lt \u2013 tai ma\u017eas \u0161eimos verslas, kuris prasid\u0117jo nuo meil\u0117s knygoms ir siekio i\u0161gelb\u0117ti knygas nuo likimo prie konteinerio. Kas vienam nereikalingas daiktas \u2013 kitam lobis, o mes esame tarpininkai, kurie padeda abiems tapti laimingesniems ???? \u017dinome kaip nelengva i\u0161gyventi ma\u017eiems verslams, tad nuo \u0161iol, \u010dia rasite ir kit\u0173, ma\u017e\u0173 \u0161eim\u0173 versl\u0173, rank\u0173 darbo, dovan\u0173 sau ir artimiesiems.\",\"publisher\":{\"@id\":\"https:\/\/skaitytaknyga.lt\/#organization\"},\"potentialAction\":[{\"@type\":\"SearchAction\",\"target\":{\"@type\":\"EntryPoint\",\"urlTemplate\":\"https:\/\/skaitytaknyga.lt\/?s={search_term_string}\"},\"query-input\":{\"@type\":\"PropertyValueSpecification\",\"valueRequired\":true,\"valueName\":\"search_term_string\"}}],\"inLanguage\":\"en-GB\"},{\"@type\":\"Organization\",\"@id\":\"https:\/\/skaitytaknyga.lt\/#organization\",\"name\":\"skaitytaknyga.lt\",\"url\":\"https:\/\/skaitytaknyga.lt\/\",\"logo\":{\"@type\":\"ImageObject\",\"inLanguage\":\"en-GB\",\"@id\":\"https:\/\/skaitytaknyga.lt\/#\/schema\/logo\/image\/\",\"url\":\"https:\/\/skaitytaknyga.lt\/wp-content\/uploads\/2024\/05\/cropped-cropped-cropped-02_00843_jt3bggkj1j3HLc7SyY6rEUpg.jpeg\",\"contentUrl\":\"https:\/\/skaitytaknyga.lt\/wp-content\/uploads\/2024\/05\/cropped-cropped-cropped-02_00843_jt3bggkj1j3HLc7SyY6rEUpg.jpeg\",\"width\":1600,\"height\":1600,\"caption\":\"skaitytaknyga.lt\"},\"image\":{\"@id\":\"https:\/\/skaitytaknyga.lt\/#\/schema\/logo\/image\/\"},\"sameAs\":[\"https:\/\/www.facebook.com\/skaitytaknyga\/\"]}]}<\/script>\n<!-- \/ Yoast SEO plugin. -->","yoast_head_json":{"title":"Pomelas myli","description":"Sud\u0117tis: 5 proc. cukinij\u0173, 10 proc. mork\u0173, 30 proc. meil\u0117s, 32 proc. salot\u0173, 2 proc. klasikin\u0117s muzikos, 17 proc. ridik\u0117li\u0173, 1 proc. m\u0117lyn\u0173 g\u0117li\u0173, 3 proc.","robots":{"index":"index","follow":"follow","max-snippet":"max-snippet:-1","max-image-preview":"max-image-preview:large","max-video-preview":"max-video-preview:-1"},"canonical":"https:\/\/skaitytaknyga.lt\/en\/produktas\/pomelas-myli\/","og_locale":"en_GB","og_type":"article","og_title":"[:lt]Pomelas myli[:] - Skaitytaknyga","og_description":"Sud\u0117tis: 5 proc. cukinij\u0173, 10 proc. mork\u0173, 30 proc. meil\u0117s, 32 proc. salot\u0173, 2 proc. klasikin\u0117s muzikos, 17 proc. ridik\u0117li\u0173, 1 proc. m\u0117lyn\u0173 g\u0117li\u0173, 3 proc.","og_url":"https:\/\/skaitytaknyga.lt\/en\/produktas\/pomelas-myli\/","og_site_name":"Skaitytaknyga","article_publisher":"https:\/\/www.facebook.com\/skaitytaknyga\/","article_modified_time":"2026-03-05T14:47:50+00:00","og_image":[{"width":301,"height":415,"url":"https:\/\/skaitytaknyga.lt\/wp-content\/uploads\/2026\/02\/Pomelas-myli-1.webp","type":"image\/webp"}],"twitter_card":"summary_large_image","twitter_misc":{"Estimated reading time":"1 minute"},"schema":{"@context":"https:\/\/schema.org","@graph":[{"@type":"WebPage","@id":"https:\/\/skaitytaknyga.lt\/produktas\/pomelas-myli\/","url":"https:\/\/skaitytaknyga.lt\/produktas\/pomelas-myli\/","name":"Pomelas myli","isPartOf":{"@id":"https:\/\/skaitytaknyga.lt\/#website"},"primaryImageOfPage":{"@id":"https:\/\/skaitytaknyga.lt\/produktas\/pomelas-myli\/#primaryimage"},"image":{"@id":"https:\/\/skaitytaknyga.lt\/produktas\/pomelas-myli\/#primaryimage"},"thumbnailUrl":"https:\/\/skaitytaknyga.lt\/wp-content\/uploads\/2026\/02\/Pomelas-myli-1.webp","datePublished":"2026-02-12T09:19:54+00:00","dateModified":"2026-03-05T14:47:50+00:00","description":"Sud\u0117tis: 5 proc. cukinij\u0173, 10 proc. mork\u0173, 30 proc. meil\u0117s, 32 proc. salot\u0173, 2 proc. klasikin\u0117s muzikos, 17 proc. ridik\u0117li\u0173, 1 proc. m\u0117lyn\u0173 g\u0117li\u0173, 3 proc.","breadcrumb":{"@id":"https:\/\/skaitytaknyga.lt\/produktas\/pomelas-myli\/#breadcrumb"},"inLanguage":"en-GB","potentialAction":[{"@type":"ReadAction","target":["https:\/\/skaitytaknyga.lt\/produktas\/pomelas-myli\/"]}]},{"@type":"ImageObject","inLanguage":"en-GB","@id":"https:\/\/skaitytaknyga.lt\/produktas\/pomelas-myli\/#primaryimage","url":"https:\/\/skaitytaknyga.lt\/wp-content\/uploads\/2026\/02\/Pomelas-myli-1.webp","contentUrl":"https:\/\/skaitytaknyga.lt\/wp-content\/uploads\/2026\/02\/Pomelas-myli-1.webp","width":301,"height":415},{"@type":"BreadcrumbList","@id":"https:\/\/skaitytaknyga.lt\/produktas\/pomelas-myli\/#breadcrumb","itemListElement":[{"@type":"ListItem","position":1,"name":"Home","item":"https:\/\/skaitytaknyga.lt\/"},{"@type":"ListItem","position":2,"name":"Parduotuv\u0117","item":"https:\/\/skaitytaknyga.lt\/knygu-parduotuve\/"},{"@type":"ListItem","position":3,"name":"Pomelas myli"}]},{"@type":"WebSite","@id":"https:\/\/skaitytaknyga.lt\/#website","url":"https:\/\/skaitytaknyga.lt\/","name":"skaitytaknyga.lt","description":"Skaitytaknyga.lt \u2013 tai ma\u017eas \u0161eimos verslas, kuris prasid\u0117jo nuo meil\u0117s knygoms ir siekio i\u0161gelb\u0117ti knygas nuo likimo prie konteinerio. Kas vienam nereikalingas daiktas \u2013 kitam lobis, o mes esame tarpininkai, kurie padeda abiems tapti laimingesniems ???? \u017dinome kaip nelengva i\u0161gyventi ma\u017eiems verslams, tad nuo \u0161iol, \u010dia rasite ir kit\u0173, ma\u017e\u0173 \u0161eim\u0173 versl\u0173, rank\u0173 darbo, dovan\u0173 sau ir artimiesiems.","publisher":{"@id":"https:\/\/skaitytaknyga.lt\/#organization"},"potentialAction":[{"@type":"SearchAction","target":{"@type":"EntryPoint","urlTemplate":"https:\/\/skaitytaknyga.lt\/?s={search_term_string}"},"query-input":{"@type":"PropertyValueSpecification","valueRequired":true,"valueName":"search_term_string"}}],"inLanguage":"en-GB"},{"@type":"Organization","@id":"https:\/\/skaitytaknyga.lt\/#organization","name":"skaitytaknyga.lt","url":"https:\/\/skaitytaknyga.lt\/","logo":{"@type":"ImageObject","inLanguage":"en-GB","@id":"https:\/\/skaitytaknyga.lt\/#\/schema\/logo\/image\/","url":"https:\/\/skaitytaknyga.lt\/wp-content\/uploads\/2024\/05\/cropped-cropped-cropped-02_00843_jt3bggkj1j3HLc7SyY6rEUpg.jpeg","contentUrl":"https:\/\/skaitytaknyga.lt\/wp-content\/uploads\/2024\/05\/cropped-cropped-cropped-02_00843_jt3bggkj1j3HLc7SyY6rEUpg.jpeg","width":1600,"height":1600,"caption":"skaitytaknyga.lt"},"image":{"@id":"https:\/\/skaitytaknyga.lt\/#\/schema\/logo\/image\/"},"sameAs":["https:\/\/www.facebook.com\/skaitytaknyga\/"]}]}},"_links":{"self":[{"href":"https:\/\/skaitytaknyga.lt\/en\/wp-json\/wp\/v2\/product\/23024","targetHints":{"allow":["GET"]}}],"collection":[{"href":"https:\/\/skaitytaknyga.lt\/en\/wp-json\/wp\/v2\/product"}],"about":[{"href":"https:\/\/skaitytaknyga.lt\/en\/wp-json\/wp\/v2\/types\/product"}],"replies":[{"embeddable":true,"href":"https:\/\/skaitytaknyga.lt\/en\/wp-json\/wp\/v2\/comments?post=23024"}],"wp:featuredmedia":[{"embeddable":true,"href":"https:\/\/skaitytaknyga.lt\/en\/wp-json\/wp\/v2\/media\/23039"}],"wp:attachment":[{"href":"https:\/\/skaitytaknyga.lt\/en\/wp-json\/wp\/v2\/media?parent=23024"}],"wp:term":[{"taxonomy":"product_brand","embeddable":true,"href":"https:\/\/skaitytaknyga.lt\/en\/wp-json\/wp\/v2\/product_brand?post=23024"},{"taxonomy":"product_cat","embeddable":true,"href":"https:\/\/skaitytaknyga.lt\/en\/wp-json\/wp\/v2\/product_cat?post=23024"},{"taxonomy":"product_tag","embeddable":true,"href":"https:\/\/skaitytaknyga.lt\/en\/wp-json\/wp\/v2\/product_tag?post=23024"}],"curies":[{"name":"wp","href":"https:\/\/api.w.org\/{rel}","templated":true}]}}