{"id":23021,"date":"2026-02-12T11:19:53","date_gmt":"2026-02-12T09:19:53","guid":{"rendered":"https:\/\/skaitytaknyga.lt\/?post_type=product&#038;p=23021"},"modified":"2026-02-12T11:22:28","modified_gmt":"2026-02-12T09:22:28","slug":"varyk-savo-arkla-per-mirusiuju-kaulus","status":"publish","type":"product","link":"https:\/\/skaitytaknyga.lt\/en\/produktas\/varyk-savo-arkla-per-mirusiuju-kaulus\/","title":{"rendered":"Varyk savo arkla\u0328 per mirusiu\u0328ju\u0328 kaulus"},"content":{"rendered":"<p>Atokiame Lenkijos kaime keistuol\u0117 Janina Du\u0161ejko tamsiais \u017eiemos vakarais studijuoja astrologij\u0105, kartu su buvusiu mokiniu ver\u010dia Williamo Blake&#8217;o poezij\u0105 ir pri\u017ei\u016bri Var\u0161uvos gyventoj\u0173 sodo namelius. Ji mieliau renkasi gyv\u016bn\u0173 nei \u017emoni\u0173 draugij\u0105. Ie\u0161ko ry\u0161i\u0173 tarp planet\u0173 i\u0161sid\u0117stymo ir to, k\u0105 rodo televizija. Jos manymu, \u017emoni\u0173 vardai da\u017enai neatitinka konkre\u010di\u0173 asmenybi\u0173, tod\u0117l \u017emones verta pervardyti.<\/p>\n<p>Netik\u0117tai kaimelio ramyb\u0119 sudrums\u010dia paslaptinga Janinos kaimyno, praminto Did\u017ei\u0105ja P\u0117da, mirtis. O tuomet pasipila i\u0161tisa keist\u0173 mir\u010di\u0173 virtin\u0117. Energingoji moteris ima versti nusistov\u0117jus\u012f \u2013 ir u\u017esistov\u0117jus\u012f \u2013 tradicin\u012f vietin\u0117s bendruomen\u0117s gyvenim\u0105 auk\u0161tyn kojom&#8230;<\/p>\n<p>Intriguojantis detektyvinis \u0161io romano siu\u017eetas labai i\u0161radingai panaudojamas skaitytoj\u0173 d\u0117mesiui prikaustyti. Ta\u010diau knygoje kartu keliama daugyb\u0117 svarbi\u0173 id\u0117j\u0173 \u2013 nuo hipsteri\u0161kos laisvamanyb\u0117s iki ekofeminizmo.<\/p>\n","protected":false},"excerpt":{"rendered":"<p>Atokiame Lenkijos kaime keistuol\u0117 Janina Du\u0161ejko tamsiais \u017eiemos vakarais studijuoja astrologij\u0105, kartu su buvusiu mokiniu ver\u010dia Williamo Blake&#8217;o poezij\u0105 ir pri\u017ei\u016bri Var\u0161uvos gyventoj\u0173 sodo namelius. Ji mieliau renkasi gyv\u016bn\u0173 nei \u017emoni\u0173 draugij\u0105. Ie\u0161ko ry\u0161i\u0173 tarp planet\u0173 i\u0161sid\u0117stymo ir to, k\u0105 rodo televizija. Jos manymu, \u017emoni\u0173 vardai da\u017enai neatitinka konkre\u010di\u0173 asmenybi\u0173, tod\u0117l \u017emones verta pervardyti. Netik\u0117tai kaimelio ramyb\u0119 sudrums\u010dia paslaptinga Janinos kaimyno, praminto Did\u017ei\u0105ja P\u0117da, mirtis. O tuomet pasipila i\u0161tisa keist\u0173 mir\u010di\u0173 virtin\u0117. Energingoji moteris ima versti nusistov\u0117jus\u012f \u2013 ir u\u017esistov\u0117jus\u012f \u2013 tradicin\u012f vietin\u0117s bendruomen\u0117s gyvenim\u0105 auk\u0161tyn kojom&#8230; Intriguojantis detektyvinis \u0161io romano siu\u017eetas labai i\u0161radingai panaudojamas skaitytoj\u0173 d\u0117mesiui prikaustyti. Ta\u010diau knygoje kartu keliama daugyb\u0117 svarbi\u0173 id\u0117j\u0173 \u2013 nuo hipsteri\u0161kos laisvamanyb\u0117s iki ekofeminizmo.<\/p>\n","protected":false},"featured_media":23026,"comment_status":"open","ping_status":"closed","template":"","meta":{"_acf_changed":false,"site-sidebar-layout":"default","site-content-layout":"","ast-site-content-layout":"default","site-content-style":"default","site-sidebar-style":"default","ast-global-header-display":"","ast-banner-title-visibility":"","ast-main-header-display":"","ast-hfb-above-header-display":"","ast-hfb-below-header-display":"","ast-hfb-mobile-header-display":"","site-post-title":"","ast-breadcrumbs-content":"","ast-featured-img":"","footer-sml-layout":"","ast-disable-related-posts":"","theme-transparent-header-meta":"","adv-header-id-meta":"","stick-header-meta":"","header-above-stick-meta":"","header-main-stick-meta":"","header-below-stick-meta":"","astra-migrate-meta-layouts":"default","ast-page-background-enabled":"default","ast-page-background-meta":{"desktop":{"background-color":"","background-image":"","background-repeat":"repeat","background-position":"center center","background-size":"auto","background-attachment":"scroll","background-type":"","background-media":"","overlay-type":"","overlay-color":"","overlay-opacity":"","overlay-gradient":""},"tablet":{"background-color":"","background-image":"","background-repeat":"repeat","background-position":"center center","background-size":"auto","background-attachment":"scroll","background-type":"","background-media":"","overlay-type":"","overlay-color":"","overlay-opacity":"","overlay-gradient":""},"mobile":{"background-color":"","background-image":"","background-repeat":"repeat","background-position":"center center","background-size":"auto","background-attachment":"scroll","background-type":"","background-media":"","overlay-type":"","overlay-color":"","overlay-opacity":"","overlay-gradient":""}},"ast-content-background-meta":{"desktop":{"background-color":"var(--ast-global-color-4)","background-image":"","background-repeat":"repeat","background-position":"center center","background-size":"auto","background-attachment":"scroll","background-type":"","background-media":"","overlay-type":"","overlay-color":"","overlay-opacity":"","overlay-gradient":""},"tablet":{"background-color":"var(--ast-global-color-4)","background-image":"","background-repeat":"repeat","background-position":"center center","background-size":"auto","background-attachment":"scroll","background-type":"","background-media":"","overlay-type":"","overlay-color":"","overlay-opacity":"","overlay-gradient":""},"mobile":{"background-color":"var(--ast-global-color-4)","background-image":"","background-repeat":"repeat","background-position":"center center","background-size":"auto","background-attachment":"scroll","background-type":"","background-media":"","overlay-type":"","overlay-color":"","overlay-opacity":"","overlay-gradient":""}}},"product_brand":[],"product_cat":[31],"product_tag":[9439],"class_list":{"0":"post-23021","1":"product","2":"type-product","3":"status-publish","4":"has-post-thumbnail","6":"product_cat-grozine-literatura","7":"product_tag-olga-tokarczuk","8":"desktop-align-left","9":"tablet-align-left","10":"mobile-align-left","12":"first","13":"instock","14":"shipping-taxable","15":"purchasable","16":"product-type-simple"},"acf":[],"yoast_head":"<!-- This site is optimized with the Yoast SEO plugin v27.0 - https:\/\/yoast.com\/product\/yoast-seo-wordpress\/ -->\n<title>Varyk savo arkla\u0328 per mirusiu\u0328ju\u0328 kaulus<\/title>\n<meta name=\"description\" content=\"Atokiame Lenkijos kaime keistuol\u0117 Janina Du\u0161ejko tamsiais \u017eiemos vakarais studijuoja astrologij\u0105, kartu su buvusiu mokiniu ver\u010dia Williamo Blake&#039;o poezij\u0105\" \/>\n<meta name=\"robots\" content=\"index, follow, max-snippet:-1, max-image-preview:large, max-video-preview:-1\" \/>\n<link rel=\"canonical\" href=\"https:\/\/skaitytaknyga.lt\/en\/produktas\/varyk-savo-arkla-per-mirusiuju-kaulus\/\" \/>\n<meta property=\"og:locale\" content=\"en_GB\" \/>\n<meta property=\"og:locale:alternate\" content=\"lt_LT\" \/>\n<meta property=\"og:type\" content=\"article\" \/>\n<meta property=\"og:title\" content=\"Varyk savo arkla\u0328 per mirusiu\u0328ju\u0328 kaulus\" \/>\n<meta property=\"og:description\" content=\"Atokiame Lenkijos kaime keistuol\u0117 Janina Du\u0161ejko tamsiais \u017eiemos vakarais studijuoja astrologij\u0105, kartu su buvusiu mokiniu ver\u010dia Williamo Blake&#039;o poezij\u0105\" \/>\n<meta property=\"og:url\" content=\"https:\/\/skaitytaknyga.lt\/en\/produktas\/varyk-savo-arkla-per-mirusiuju-kaulus\/\" \/>\n<meta property=\"og:site_name\" content=\"Skaitytaknyga\" \/>\n<meta property=\"article:publisher\" content=\"https:\/\/www.facebook.com\/skaitytaknyga\/\" \/>\n<meta property=\"article:modified_time\" content=\"2026-02-12T09:22:28+00:00\" \/>\n<meta property=\"og:image\" content=\"https:\/\/skaitytaknyga.lt\/wp-content\/uploads\/2026\/02\/Varyk-savo-arkla-per-mirusiuju-kaulus-1.webp\" \/>\n\t<meta property=\"og:image:width\" content=\"300\" \/>\n\t<meta property=\"og:image:height\" content=\"447\" \/>\n\t<meta property=\"og:image:type\" content=\"image\/webp\" \/>\n<meta name=\"twitter:card\" content=\"summary_large_image\" \/>\n<meta name=\"twitter:label1\" content=\"Estimated reading time\" \/>\n\t<meta name=\"twitter:data1\" content=\"1 minute\" \/>\n<script type=\"application\/ld+json\" class=\"yoast-schema-graph\">{\"@context\":\"https:\/\/schema.org\",\"@graph\":[{\"@type\":\"WebPage\",\"@id\":\"https:\/\/skaitytaknyga.lt\/produktas\/varyk-savo-arkla-per-mirusiuju-kaulus\/\",\"url\":\"https:\/\/skaitytaknyga.lt\/produktas\/varyk-savo-arkla-per-mirusiuju-kaulus\/\",\"name\":\"Varyk savo arkla\u0328 per mirusiu\u0328ju\u0328 kaulus\",\"isPartOf\":{\"@id\":\"https:\/\/skaitytaknyga.lt\/#website\"},\"primaryImageOfPage\":{\"@id\":\"https:\/\/skaitytaknyga.lt\/produktas\/varyk-savo-arkla-per-mirusiuju-kaulus\/#primaryimage\"},\"image\":{\"@id\":\"https:\/\/skaitytaknyga.lt\/produktas\/varyk-savo-arkla-per-mirusiuju-kaulus\/#primaryimage\"},\"thumbnailUrl\":\"https:\/\/skaitytaknyga.lt\/wp-content\/uploads\/2026\/02\/Varyk-savo-arkla-per-mirusiuju-kaulus-1.webp\",\"datePublished\":\"2026-02-12T09:19:53+00:00\",\"dateModified\":\"2026-02-12T09:22:28+00:00\",\"description\":\"Atokiame Lenkijos kaime keistuol\u0117 Janina Du\u0161ejko tamsiais \u017eiemos vakarais studijuoja astrologij\u0105, kartu su buvusiu mokiniu ver\u010dia Williamo Blake'o poezij\u0105\",\"breadcrumb\":{\"@id\":\"https:\/\/skaitytaknyga.lt\/produktas\/varyk-savo-arkla-per-mirusiuju-kaulus\/#breadcrumb\"},\"inLanguage\":\"en-GB\",\"potentialAction\":[{\"@type\":\"ReadAction\",\"target\":[\"https:\/\/skaitytaknyga.lt\/produktas\/varyk-savo-arkla-per-mirusiuju-kaulus\/\"]}]},{\"@type\":\"ImageObject\",\"inLanguage\":\"en-GB\",\"@id\":\"https:\/\/skaitytaknyga.lt\/produktas\/varyk-savo-arkla-per-mirusiuju-kaulus\/#primaryimage\",\"url\":\"https:\/\/skaitytaknyga.lt\/wp-content\/uploads\/2026\/02\/Varyk-savo-arkla-per-mirusiuju-kaulus-1.webp\",\"contentUrl\":\"https:\/\/skaitytaknyga.lt\/wp-content\/uploads\/2026\/02\/Varyk-savo-arkla-per-mirusiuju-kaulus-1.webp\",\"width\":300,\"height\":447},{\"@type\":\"BreadcrumbList\",\"@id\":\"https:\/\/skaitytaknyga.lt\/produktas\/varyk-savo-arkla-per-mirusiuju-kaulus\/#breadcrumb\",\"itemListElement\":[{\"@type\":\"ListItem\",\"position\":1,\"name\":\"Home\",\"item\":\"https:\/\/skaitytaknyga.lt\/\"},{\"@type\":\"ListItem\",\"position\":2,\"name\":\"Parduotuv\u0117\",\"item\":\"https:\/\/skaitytaknyga.lt\/knygu-parduotuve\/\"},{\"@type\":\"ListItem\",\"position\":3,\"name\":\"Varyk savo arkla\u0328 per mirusiu\u0328ju\u0328 kaulus\"}]},{\"@type\":\"WebSite\",\"@id\":\"https:\/\/skaitytaknyga.lt\/#website\",\"url\":\"https:\/\/skaitytaknyga.lt\/\",\"name\":\"skaitytaknyga.lt\",\"description\":\"Skaitytaknyga.lt \u2013 tai ma\u017eas \u0161eimos verslas, kuris prasid\u0117jo nuo meil\u0117s knygoms ir siekio i\u0161gelb\u0117ti knygas nuo likimo prie konteinerio. Kas vienam nereikalingas daiktas \u2013 kitam lobis, o mes esame tarpininkai, kurie padeda abiems tapti laimingesniems ???? \u017dinome kaip nelengva i\u0161gyventi ma\u017eiems verslams, tad nuo \u0161iol, \u010dia rasite ir kit\u0173, ma\u017e\u0173 \u0161eim\u0173 versl\u0173, rank\u0173 darbo, dovan\u0173 sau ir artimiesiems.\",\"publisher\":{\"@id\":\"https:\/\/skaitytaknyga.lt\/#organization\"},\"potentialAction\":[{\"@type\":\"SearchAction\",\"target\":{\"@type\":\"EntryPoint\",\"urlTemplate\":\"https:\/\/skaitytaknyga.lt\/?s={search_term_string}\"},\"query-input\":{\"@type\":\"PropertyValueSpecification\",\"valueRequired\":true,\"valueName\":\"search_term_string\"}}],\"inLanguage\":\"en-GB\"},{\"@type\":\"Organization\",\"@id\":\"https:\/\/skaitytaknyga.lt\/#organization\",\"name\":\"skaitytaknyga.lt\",\"url\":\"https:\/\/skaitytaknyga.lt\/\",\"logo\":{\"@type\":\"ImageObject\",\"inLanguage\":\"en-GB\",\"@id\":\"https:\/\/skaitytaknyga.lt\/#\/schema\/logo\/image\/\",\"url\":\"https:\/\/skaitytaknyga.lt\/wp-content\/uploads\/2024\/05\/cropped-cropped-cropped-02_00843_jt3bggkj1j3HLc7SyY6rEUpg.jpeg\",\"contentUrl\":\"https:\/\/skaitytaknyga.lt\/wp-content\/uploads\/2024\/05\/cropped-cropped-cropped-02_00843_jt3bggkj1j3HLc7SyY6rEUpg.jpeg\",\"width\":1600,\"height\":1600,\"caption\":\"skaitytaknyga.lt\"},\"image\":{\"@id\":\"https:\/\/skaitytaknyga.lt\/#\/schema\/logo\/image\/\"},\"sameAs\":[\"https:\/\/www.facebook.com\/skaitytaknyga\/\"]}]}<\/script>\n<!-- \/ Yoast SEO plugin. -->","yoast_head_json":{"title":"Varyk savo arkla\u0328 per mirusiu\u0328ju\u0328 kaulus","description":"Atokiame Lenkijos kaime keistuol\u0117 Janina Du\u0161ejko tamsiais \u017eiemos vakarais studijuoja astrologij\u0105, kartu su buvusiu mokiniu ver\u010dia Williamo Blake'o poezij\u0105","robots":{"index":"index","follow":"follow","max-snippet":"max-snippet:-1","max-image-preview":"max-image-preview:large","max-video-preview":"max-video-preview:-1"},"canonical":"https:\/\/skaitytaknyga.lt\/en\/produktas\/varyk-savo-arkla-per-mirusiuju-kaulus\/","og_locale":"en_GB","og_type":"article","og_title":"[:lt]Varyk savo arkla\u0328 per mirusiu\u0328ju\u0328 kaulus[:] - Skaitytaknyga","og_description":"Atokiame Lenkijos kaime keistuol\u0117 Janina Du\u0161ejko tamsiais \u017eiemos vakarais studijuoja astrologij\u0105, kartu su buvusiu mokiniu ver\u010dia Williamo Blake'o poezij\u0105","og_url":"https:\/\/skaitytaknyga.lt\/en\/produktas\/varyk-savo-arkla-per-mirusiuju-kaulus\/","og_site_name":"Skaitytaknyga","article_publisher":"https:\/\/www.facebook.com\/skaitytaknyga\/","article_modified_time":"2026-02-12T09:22:28+00:00","og_image":[{"width":300,"height":447,"url":"https:\/\/skaitytaknyga.lt\/wp-content\/uploads\/2026\/02\/Varyk-savo-arkla-per-mirusiuju-kaulus-1.webp","type":"image\/webp"}],"twitter_card":"summary_large_image","twitter_misc":{"Estimated reading time":"1 minute"},"schema":{"@context":"https:\/\/schema.org","@graph":[{"@type":"WebPage","@id":"https:\/\/skaitytaknyga.lt\/produktas\/varyk-savo-arkla-per-mirusiuju-kaulus\/","url":"https:\/\/skaitytaknyga.lt\/produktas\/varyk-savo-arkla-per-mirusiuju-kaulus\/","name":"Varyk savo arkla\u0328 per mirusiu\u0328ju\u0328 kaulus","isPartOf":{"@id":"https:\/\/skaitytaknyga.lt\/#website"},"primaryImageOfPage":{"@id":"https:\/\/skaitytaknyga.lt\/produktas\/varyk-savo-arkla-per-mirusiuju-kaulus\/#primaryimage"},"image":{"@id":"https:\/\/skaitytaknyga.lt\/produktas\/varyk-savo-arkla-per-mirusiuju-kaulus\/#primaryimage"},"thumbnailUrl":"https:\/\/skaitytaknyga.lt\/wp-content\/uploads\/2026\/02\/Varyk-savo-arkla-per-mirusiuju-kaulus-1.webp","datePublished":"2026-02-12T09:19:53+00:00","dateModified":"2026-02-12T09:22:28+00:00","description":"Atokiame Lenkijos kaime keistuol\u0117 Janina Du\u0161ejko tamsiais \u017eiemos vakarais studijuoja astrologij\u0105, kartu su buvusiu mokiniu ver\u010dia Williamo Blake'o poezij\u0105","breadcrumb":{"@id":"https:\/\/skaitytaknyga.lt\/produktas\/varyk-savo-arkla-per-mirusiuju-kaulus\/#breadcrumb"},"inLanguage":"en-GB","potentialAction":[{"@type":"ReadAction","target":["https:\/\/skaitytaknyga.lt\/produktas\/varyk-savo-arkla-per-mirusiuju-kaulus\/"]}]},{"@type":"ImageObject","inLanguage":"en-GB","@id":"https:\/\/skaitytaknyga.lt\/produktas\/varyk-savo-arkla-per-mirusiuju-kaulus\/#primaryimage","url":"https:\/\/skaitytaknyga.lt\/wp-content\/uploads\/2026\/02\/Varyk-savo-arkla-per-mirusiuju-kaulus-1.webp","contentUrl":"https:\/\/skaitytaknyga.lt\/wp-content\/uploads\/2026\/02\/Varyk-savo-arkla-per-mirusiuju-kaulus-1.webp","width":300,"height":447},{"@type":"BreadcrumbList","@id":"https:\/\/skaitytaknyga.lt\/produktas\/varyk-savo-arkla-per-mirusiuju-kaulus\/#breadcrumb","itemListElement":[{"@type":"ListItem","position":1,"name":"Home","item":"https:\/\/skaitytaknyga.lt\/"},{"@type":"ListItem","position":2,"name":"Parduotuv\u0117","item":"https:\/\/skaitytaknyga.lt\/knygu-parduotuve\/"},{"@type":"ListItem","position":3,"name":"Varyk savo arkla\u0328 per mirusiu\u0328ju\u0328 kaulus"}]},{"@type":"WebSite","@id":"https:\/\/skaitytaknyga.lt\/#website","url":"https:\/\/skaitytaknyga.lt\/","name":"skaitytaknyga.lt","description":"Skaitytaknyga.lt \u2013 tai ma\u017eas \u0161eimos verslas, kuris prasid\u0117jo nuo meil\u0117s knygoms ir siekio i\u0161gelb\u0117ti knygas nuo likimo prie konteinerio. Kas vienam nereikalingas daiktas \u2013 kitam lobis, o mes esame tarpininkai, kurie padeda abiems tapti laimingesniems ???? \u017dinome kaip nelengva i\u0161gyventi ma\u017eiems verslams, tad nuo \u0161iol, \u010dia rasite ir kit\u0173, ma\u017e\u0173 \u0161eim\u0173 versl\u0173, rank\u0173 darbo, dovan\u0173 sau ir artimiesiems.","publisher":{"@id":"https:\/\/skaitytaknyga.lt\/#organization"},"potentialAction":[{"@type":"SearchAction","target":{"@type":"EntryPoint","urlTemplate":"https:\/\/skaitytaknyga.lt\/?s={search_term_string}"},"query-input":{"@type":"PropertyValueSpecification","valueRequired":true,"valueName":"search_term_string"}}],"inLanguage":"en-GB"},{"@type":"Organization","@id":"https:\/\/skaitytaknyga.lt\/#organization","name":"skaitytaknyga.lt","url":"https:\/\/skaitytaknyga.lt\/","logo":{"@type":"ImageObject","inLanguage":"en-GB","@id":"https:\/\/skaitytaknyga.lt\/#\/schema\/logo\/image\/","url":"https:\/\/skaitytaknyga.lt\/wp-content\/uploads\/2024\/05\/cropped-cropped-cropped-02_00843_jt3bggkj1j3HLc7SyY6rEUpg.jpeg","contentUrl":"https:\/\/skaitytaknyga.lt\/wp-content\/uploads\/2024\/05\/cropped-cropped-cropped-02_00843_jt3bggkj1j3HLc7SyY6rEUpg.jpeg","width":1600,"height":1600,"caption":"skaitytaknyga.lt"},"image":{"@id":"https:\/\/skaitytaknyga.lt\/#\/schema\/logo\/image\/"},"sameAs":["https:\/\/www.facebook.com\/skaitytaknyga\/"]}]}},"_links":{"self":[{"href":"https:\/\/skaitytaknyga.lt\/en\/wp-json\/wp\/v2\/product\/23021","targetHints":{"allow":["GET"]}}],"collection":[{"href":"https:\/\/skaitytaknyga.lt\/en\/wp-json\/wp\/v2\/product"}],"about":[{"href":"https:\/\/skaitytaknyga.lt\/en\/wp-json\/wp\/v2\/types\/product"}],"replies":[{"embeddable":true,"href":"https:\/\/skaitytaknyga.lt\/en\/wp-json\/wp\/v2\/comments?post=23021"}],"wp:featuredmedia":[{"embeddable":true,"href":"https:\/\/skaitytaknyga.lt\/en\/wp-json\/wp\/v2\/media\/23026"}],"wp:attachment":[{"href":"https:\/\/skaitytaknyga.lt\/en\/wp-json\/wp\/v2\/media?parent=23021"}],"wp:term":[{"taxonomy":"product_brand","embeddable":true,"href":"https:\/\/skaitytaknyga.lt\/en\/wp-json\/wp\/v2\/product_brand?post=23021"},{"taxonomy":"product_cat","embeddable":true,"href":"https:\/\/skaitytaknyga.lt\/en\/wp-json\/wp\/v2\/product_cat?post=23021"},{"taxonomy":"product_tag","embeddable":true,"href":"https:\/\/skaitytaknyga.lt\/en\/wp-json\/wp\/v2\/product_tag?post=23021"}],"curies":[{"name":"wp","href":"https:\/\/api.w.org\/{rel}","templated":true}]}}