{"id":23014,"date":"2026-02-11T13:26:42","date_gmt":"2026-02-11T11:26:42","guid":{"rendered":"https:\/\/skaitytaknyga.lt\/?post_type=product&#038;p=23014"},"modified":"2026-02-12T11:20:47","modified_gmt":"2026-02-12T09:20:47","slug":"bespalvis-cukuru-tadzakis-ir-jo-klajoniu-metai","status":"publish","type":"product","link":"https:\/\/skaitytaknyga.lt\/en\/produktas\/bespalvis-cukuru-tadzakis-ir-jo-klajoniu-metai\/","title":{"rendered":"Bespalvis Cukuru Tadzakis ir jo klajoni\u0173 metai"},"content":{"rendered":"<p>K\u0105 rei\u0161kia tur\u0117ti spalv\u0105 arba b\u016bti bespalviam? Ar Cukuru Tadzakis \u012fgis spalv\u0105, o gal kaip tik i\u0161moks priimti \u017emones be j\u0173 spalv\u0173?<\/p>\n<p>Cukuru Tadzakiui \u2013 trisde\u0161imt \u0161e\u0161eri. Mokyklos laikais jis ir dar keturi jaunuoliai buvo susib\u016br\u0119 \u012f harmoning\u0105, jauki\u0105 draugij\u0105. Ta\u010diau kad gal\u0117t\u0173 studijuoti gele\u017einkelio sto\u010di\u0173 architekt\u016br\u0105, Cukuru i\u0161vyksta \u012f Tokij\u0105. Vien\u0105 vasaros dien\u0105 nepaai\u0161kin\u0119 prie\u017eas\u010di\u0173 keturi mokyklos laik\u0173 draugai staiga nutraukia su juo ry\u0161ius, ir Cukuru, patyr\u0119s \u0161ok\u0105, iki pat kit\u0173 met\u0173 klaid\u017eioja savi\u017eudyb\u0117s paribiuose. Vaikinas \u012ftiki es\u0105s bespalv\u0117, nevisavert\u0117 asmenyb\u0117. Jis nes\u0105moningai pradeda tolti net ir nuo pa\u010di\u0173 artimiausi\u0173 \u017emoni\u0173. Po \u0161e\u0161iolikos met\u0173 mylimai moteriai u\u017esiminus apie m\u012fsling\u0105 atstum\u0105 tarp j\u0173dviej\u0173 ir paraginus pa\u017evelgti praei\u010diai \u012f akis, jis nusprend\u017eia aplankyti buvusius draugus ir i\u0161siai\u0161kinti, kas gi vis d\u0117lto anuomet \u012fvyko. Taip prasideda did\u017eiosios Cukuru klajon\u0117s, nusidriekusios net iki Suomijos.<\/p>\n<p>\u0160is Haruki Murakami romanas \u2013 tarsi daugiasluoksnis pyragas. Pagal tai, kuris sluoksnis skanaujamas, pasakojimas palieka vis kitok\u012f \u012fsp\u016bd\u012f. Atsiras toki\u0173 skaitytoj\u0173, kurie sapn\u0173 ir misti\u0161k\u0173 istorij\u0173 intarpuose \u012f\u017evelgs \u017emogaus sielos tamsyb\u0119. Bus ir toki\u0173, kurie kaip karoliukus ant vieno si\u016blo suvers visus i\u0161 romano veik\u0117j\u0173 l\u016bp\u0173 nuskamb\u0117jusius filosofinius apm\u0105stymus bei aforizmus.<\/p>\n<p>\u201eVien\u0105 dien\u0105 staiga \u0161ov\u0117 mintis, atsis\u0117dau prie stalo ir para\u0161iau pirm\u0105sias \u0161io romano eilutes, ne\u017einodamas, nei kaip veiksmas rutuliosis toliau, nei kokie veik\u0117jai pasirodys, nei kokio ilgumo \u0161is tekstas bus, ir taip nieko ne\u017einodamas vis ra\u0161iau ir ra\u0161iau daugiau nei pus\u0119 met\u0173. I\u0161 pat prad\u017ei\u0173 reg\u0117jau tik jaunuolio, vardu Cukuru Tadzakis, akyse atsispindin\u010dio riboto pasaulio vaizd\u0105. Ta\u010diau matyti, kaip tas vaizdas su kiekviena diena pama\u017eu kei\u010diasi ir kaip tampa vis gilesnis bei platesnis, man buvo be galo \u012fdomu, tam tikra prasme netgi jaudrino siel\u0105.\u201c<\/p>\n","protected":false},"excerpt":{"rendered":"<p>K\u0105 rei\u0161kia tur\u0117ti spalv\u0105 arba b\u016bti bespalviam? Ar Cukuru Tadzakis \u012fgis spalv\u0105, o gal kaip tik i\u0161moks priimti \u017emones be j\u0173 spalv\u0173? Cukuru Tadzakiui \u2013 trisde\u0161imt \u0161e\u0161eri. Mokyklos laikais jis ir dar keturi jaunuoliai buvo susib\u016br\u0119 \u012f harmoning\u0105, jauki\u0105 draugij\u0105. Ta\u010diau kad gal\u0117t\u0173 studijuoti gele\u017einkelio sto\u010di\u0173 architekt\u016br\u0105, Cukuru i\u0161vyksta \u012f Tokij\u0105. Vien\u0105 vasaros dien\u0105 nepaai\u0161kin\u0119 prie\u017eas\u010di\u0173 keturi mokyklos laik\u0173 draugai staiga nutraukia su juo ry\u0161ius, ir Cukuru, patyr\u0119s \u0161ok\u0105, iki pat kit\u0173 met\u0173 klaid\u017eioja savi\u017eudyb\u0117s paribiuose. Vaikinas \u012ftiki es\u0105s bespalv\u0117, nevisavert\u0117 asmenyb\u0117. Jis nes\u0105moningai pradeda tolti net ir nuo pa\u010di\u0173 artimiausi\u0173 \u017emoni\u0173. Po \u0161e\u0161iolikos met\u0173 mylimai moteriai u\u017esiminus apie m\u012fsling\u0105 atstum\u0105 tarp j\u0173dviej\u0173 ir paraginus pa\u017evelgti praei\u010diai \u012f akis, jis nusprend\u017eia aplankyti buvusius draugus ir i\u0161siai\u0161kinti, kas gi vis d\u0117lto anuomet \u012fvyko. Taip prasideda did\u017eiosios Cukuru klajon\u0117s, nusidriekusios net iki Suomijos. \u0160is Haruki Murakami romanas \u2013 tarsi daugiasluoksnis pyragas. Pagal tai, kuris sluoksnis skanaujamas, pasakojimas palieka vis kitok\u012f \u012fsp\u016bd\u012f. Atsiras toki\u0173 skaitytoj\u0173, kurie sapn\u0173 ir misti\u0161k\u0173 istorij\u0173 intarpuose \u012f\u017evelgs \u017emogaus sielos tamsyb\u0119. Bus ir toki\u0173, kurie kaip karoliukus ant vieno si\u016blo suvers visus i\u0161 romano veik\u0117j\u0173 l\u016bp\u0173 nuskamb\u0117jusius filosofinius apm\u0105stymus bei aforizmus. \u201eVien\u0105 dien\u0105 staiga \u0161ov\u0117 mintis, atsis\u0117dau prie stalo ir para\u0161iau pirm\u0105sias \u0161io romano eilutes, ne\u017einodamas, nei kaip veiksmas rutuliosis toliau, nei kokie veik\u0117jai pasirodys, nei kokio ilgumo \u0161is tekstas bus, ir taip nieko ne\u017einodamas vis ra\u0161iau ir ra\u0161iau daugiau nei pus\u0119 met\u0173. I\u0161 pat prad\u017ei\u0173 reg\u0117jau tik jaunuolio, vardu Cukuru Tadzakis, akyse atsispindin\u010dio riboto pasaulio vaizd\u0105. Ta\u010diau matyti, kaip tas vaizdas su kiekviena diena pama\u017eu kei\u010diasi ir kaip tampa vis gilesnis bei platesnis, man buvo be galo \u012fdomu, tam tikra prasme netgi jaudrino siel\u0105.\u201c<\/p>\n","protected":false},"featured_media":23020,"comment_status":"open","ping_status":"closed","template":"","meta":{"_acf_changed":false,"site-sidebar-layout":"default","site-content-layout":"","ast-site-content-layout":"default","site-content-style":"default","site-sidebar-style":"default","ast-global-header-display":"","ast-banner-title-visibility":"","ast-main-header-display":"","ast-hfb-above-header-display":"","ast-hfb-below-header-display":"","ast-hfb-mobile-header-display":"","site-post-title":"","ast-breadcrumbs-content":"","ast-featured-img":"","footer-sml-layout":"","ast-disable-related-posts":"","theme-transparent-header-meta":"","adv-header-id-meta":"","stick-header-meta":"","header-above-stick-meta":"","header-main-stick-meta":"","header-below-stick-meta":"","astra-migrate-meta-layouts":"default","ast-page-background-enabled":"default","ast-page-background-meta":{"desktop":{"background-color":"","background-image":"","background-repeat":"repeat","background-position":"center center","background-size":"auto","background-attachment":"scroll","background-type":"","background-media":"","overlay-type":"","overlay-color":"","overlay-opacity":"","overlay-gradient":""},"tablet":{"background-color":"","background-image":"","background-repeat":"repeat","background-position":"center center","background-size":"auto","background-attachment":"scroll","background-type":"","background-media":"","overlay-type":"","overlay-color":"","overlay-opacity":"","overlay-gradient":""},"mobile":{"background-color":"","background-image":"","background-repeat":"repeat","background-position":"center center","background-size":"auto","background-attachment":"scroll","background-type":"","background-media":"","overlay-type":"","overlay-color":"","overlay-opacity":"","overlay-gradient":""}},"ast-content-background-meta":{"desktop":{"background-color":"var(--ast-global-color-4)","background-image":"","background-repeat":"repeat","background-position":"center center","background-size":"auto","background-attachment":"scroll","background-type":"","background-media":"","overlay-type":"","overlay-color":"","overlay-opacity":"","overlay-gradient":""},"tablet":{"background-color":"var(--ast-global-color-4)","background-image":"","background-repeat":"repeat","background-position":"center center","background-size":"auto","background-attachment":"scroll","background-type":"","background-media":"","overlay-type":"","overlay-color":"","overlay-opacity":"","overlay-gradient":""},"mobile":{"background-color":"var(--ast-global-color-4)","background-image":"","background-repeat":"repeat","background-position":"center center","background-size":"auto","background-attachment":"scroll","background-type":"","background-media":"","overlay-type":"","overlay-color":"","overlay-opacity":"","overlay-gradient":""}}},"product_brand":[],"product_cat":[31],"product_tag":[5897],"class_list":{"0":"post-23014","1":"product","2":"type-product","3":"status-publish","4":"has-post-thumbnail","6":"product_cat-grozine-literatura","7":"product_tag-haruki-murakami","8":"desktop-align-left","9":"tablet-align-left","10":"mobile-align-left","12":"first","13":"instock","14":"shipping-taxable","15":"purchasable","16":"product-type-simple"},"acf":[],"yoast_head":"<!-- This site is optimized with the Yoast SEO plugin v27.0 - https:\/\/yoast.com\/product\/yoast-seo-wordpress\/ -->\n<title>Bespalvis Cukuru Tadzakis ir jo klajoni\u0173 metai<\/title>\n<meta name=\"description\" content=\"K\u0105 rei\u0161kia tur\u0117ti spalv\u0105 arba b\u016bti bespalviam? Ar Cukuru Tadzakis \u012fgis spalv\u0105, o gal kaip tik i\u0161moks priimti \u017emones be j\u0173 spalv\u0173? Cukuru Tadzakiui \u2013\" \/>\n<meta name=\"robots\" content=\"index, follow, max-snippet:-1, max-image-preview:large, max-video-preview:-1\" \/>\n<link rel=\"canonical\" href=\"https:\/\/skaitytaknyga.lt\/en\/produktas\/bespalvis-cukuru-tadzakis-ir-jo-klajoniu-metai\/\" \/>\n<meta property=\"og:locale\" content=\"en_GB\" \/>\n<meta property=\"og:locale:alternate\" content=\"lt_LT\" \/>\n<meta property=\"og:type\" content=\"article\" \/>\n<meta property=\"og:title\" content=\"Bespalvis Cukuru Tadzakis ir jo klajoni\u0173 metai\" \/>\n<meta property=\"og:description\" content=\"K\u0105 rei\u0161kia tur\u0117ti spalv\u0105 arba b\u016bti bespalviam? Ar Cukuru Tadzakis \u012fgis spalv\u0105, o gal kaip tik i\u0161moks priimti \u017emones be j\u0173 spalv\u0173? Cukuru Tadzakiui \u2013\" \/>\n<meta property=\"og:url\" content=\"https:\/\/skaitytaknyga.lt\/en\/produktas\/bespalvis-cukuru-tadzakis-ir-jo-klajoniu-metai\/\" \/>\n<meta property=\"og:site_name\" content=\"Skaitytaknyga\" \/>\n<meta property=\"article:publisher\" content=\"https:\/\/www.facebook.com\/skaitytaknyga\/\" \/>\n<meta property=\"article:modified_time\" content=\"2026-02-12T09:20:47+00:00\" \/>\n<meta property=\"og:image\" content=\"https:\/\/skaitytaknyga.lt\/wp-content\/uploads\/2026\/02\/Bespalvis-Cukuru-Tadzakis-ir-jo-klajoniu-metai-1.webp\" \/>\n\t<meta property=\"og:image:width\" content=\"300\" \/>\n\t<meta property=\"og:image:height\" content=\"429\" \/>\n\t<meta property=\"og:image:type\" content=\"image\/webp\" \/>\n<meta name=\"twitter:card\" content=\"summary_large_image\" \/>\n<meta name=\"twitter:label1\" content=\"Estimated reading time\" \/>\n\t<meta name=\"twitter:data1\" content=\"2 minutes\" \/>\n<script type=\"application\/ld+json\" class=\"yoast-schema-graph\">{\"@context\":\"https:\/\/schema.org\",\"@graph\":[{\"@type\":\"WebPage\",\"@id\":\"https:\/\/skaitytaknyga.lt\/produktas\/bespalvis-cukuru-tadzakis-ir-jo-klajoniu-metai\/\",\"url\":\"https:\/\/skaitytaknyga.lt\/produktas\/bespalvis-cukuru-tadzakis-ir-jo-klajoniu-metai\/\",\"name\":\"Bespalvis Cukuru Tadzakis ir jo klajoni\u0173 metai\",\"isPartOf\":{\"@id\":\"https:\/\/skaitytaknyga.lt\/#website\"},\"primaryImageOfPage\":{\"@id\":\"https:\/\/skaitytaknyga.lt\/produktas\/bespalvis-cukuru-tadzakis-ir-jo-klajoniu-metai\/#primaryimage\"},\"image\":{\"@id\":\"https:\/\/skaitytaknyga.lt\/produktas\/bespalvis-cukuru-tadzakis-ir-jo-klajoniu-metai\/#primaryimage\"},\"thumbnailUrl\":\"https:\/\/skaitytaknyga.lt\/wp-content\/uploads\/2026\/02\/Bespalvis-Cukuru-Tadzakis-ir-jo-klajoniu-metai-1.webp\",\"datePublished\":\"2026-02-11T11:26:42+00:00\",\"dateModified\":\"2026-02-12T09:20:47+00:00\",\"description\":\"K\u0105 rei\u0161kia tur\u0117ti spalv\u0105 arba b\u016bti bespalviam? Ar Cukuru Tadzakis \u012fgis spalv\u0105, o gal kaip tik i\u0161moks priimti \u017emones be j\u0173 spalv\u0173? Cukuru Tadzakiui \u2013\",\"breadcrumb\":{\"@id\":\"https:\/\/skaitytaknyga.lt\/produktas\/bespalvis-cukuru-tadzakis-ir-jo-klajoniu-metai\/#breadcrumb\"},\"inLanguage\":\"en-GB\",\"potentialAction\":[{\"@type\":\"ReadAction\",\"target\":[\"https:\/\/skaitytaknyga.lt\/produktas\/bespalvis-cukuru-tadzakis-ir-jo-klajoniu-metai\/\"]}]},{\"@type\":\"ImageObject\",\"inLanguage\":\"en-GB\",\"@id\":\"https:\/\/skaitytaknyga.lt\/produktas\/bespalvis-cukuru-tadzakis-ir-jo-klajoniu-metai\/#primaryimage\",\"url\":\"https:\/\/skaitytaknyga.lt\/wp-content\/uploads\/2026\/02\/Bespalvis-Cukuru-Tadzakis-ir-jo-klajoniu-metai-1.webp\",\"contentUrl\":\"https:\/\/skaitytaknyga.lt\/wp-content\/uploads\/2026\/02\/Bespalvis-Cukuru-Tadzakis-ir-jo-klajoniu-metai-1.webp\",\"width\":300,\"height\":429,\"caption\":\"Bespalvis Cukuru Tadzakis ir jo klajoni\u0173 metai\"},{\"@type\":\"BreadcrumbList\",\"@id\":\"https:\/\/skaitytaknyga.lt\/produktas\/bespalvis-cukuru-tadzakis-ir-jo-klajoniu-metai\/#breadcrumb\",\"itemListElement\":[{\"@type\":\"ListItem\",\"position\":1,\"name\":\"Home\",\"item\":\"https:\/\/skaitytaknyga.lt\/\"},{\"@type\":\"ListItem\",\"position\":2,\"name\":\"Parduotuv\u0117\",\"item\":\"https:\/\/skaitytaknyga.lt\/knygu-parduotuve\/\"},{\"@type\":\"ListItem\",\"position\":3,\"name\":\"Bespalvis Cukuru Tadzakis ir jo klajoni\u0173 metai\"}]},{\"@type\":\"WebSite\",\"@id\":\"https:\/\/skaitytaknyga.lt\/#website\",\"url\":\"https:\/\/skaitytaknyga.lt\/\",\"name\":\"skaitytaknyga.lt\",\"description\":\"Skaitytaknyga.lt \u2013 tai ma\u017eas \u0161eimos verslas, kuris prasid\u0117jo nuo meil\u0117s knygoms ir siekio i\u0161gelb\u0117ti knygas nuo likimo prie konteinerio. Kas vienam nereikalingas daiktas \u2013 kitam lobis, o mes esame tarpininkai, kurie padeda abiems tapti laimingesniems ???? \u017dinome kaip nelengva i\u0161gyventi ma\u017eiems verslams, tad nuo \u0161iol, \u010dia rasite ir kit\u0173, ma\u017e\u0173 \u0161eim\u0173 versl\u0173, rank\u0173 darbo, dovan\u0173 sau ir artimiesiems.\",\"publisher\":{\"@id\":\"https:\/\/skaitytaknyga.lt\/#organization\"},\"potentialAction\":[{\"@type\":\"SearchAction\",\"target\":{\"@type\":\"EntryPoint\",\"urlTemplate\":\"https:\/\/skaitytaknyga.lt\/?s={search_term_string}\"},\"query-input\":{\"@type\":\"PropertyValueSpecification\",\"valueRequired\":true,\"valueName\":\"search_term_string\"}}],\"inLanguage\":\"en-GB\"},{\"@type\":\"Organization\",\"@id\":\"https:\/\/skaitytaknyga.lt\/#organization\",\"name\":\"skaitytaknyga.lt\",\"url\":\"https:\/\/skaitytaknyga.lt\/\",\"logo\":{\"@type\":\"ImageObject\",\"inLanguage\":\"en-GB\",\"@id\":\"https:\/\/skaitytaknyga.lt\/#\/schema\/logo\/image\/\",\"url\":\"https:\/\/skaitytaknyga.lt\/wp-content\/uploads\/2024\/05\/cropped-cropped-cropped-02_00843_jt3bggkj1j3HLc7SyY6rEUpg.jpeg\",\"contentUrl\":\"https:\/\/skaitytaknyga.lt\/wp-content\/uploads\/2024\/05\/cropped-cropped-cropped-02_00843_jt3bggkj1j3HLc7SyY6rEUpg.jpeg\",\"width\":1600,\"height\":1600,\"caption\":\"skaitytaknyga.lt\"},\"image\":{\"@id\":\"https:\/\/skaitytaknyga.lt\/#\/schema\/logo\/image\/\"},\"sameAs\":[\"https:\/\/www.facebook.com\/skaitytaknyga\/\"]}]}<\/script>\n<!-- \/ Yoast SEO plugin. -->","yoast_head_json":{"title":"Bespalvis Cukuru Tadzakis ir jo klajoni\u0173 metai","description":"K\u0105 rei\u0161kia tur\u0117ti spalv\u0105 arba b\u016bti bespalviam? Ar Cukuru Tadzakis \u012fgis spalv\u0105, o gal kaip tik i\u0161moks priimti \u017emones be j\u0173 spalv\u0173? Cukuru Tadzakiui \u2013","robots":{"index":"index","follow":"follow","max-snippet":"max-snippet:-1","max-image-preview":"max-image-preview:large","max-video-preview":"max-video-preview:-1"},"canonical":"https:\/\/skaitytaknyga.lt\/en\/produktas\/bespalvis-cukuru-tadzakis-ir-jo-klajoniu-metai\/","og_locale":"en_GB","og_type":"article","og_title":"[:lt]Bespalvis Cukuru Tadzakis ir jo klajoni\u0173 metai[:] - Skaitytaknyga","og_description":"K\u0105 rei\u0161kia tur\u0117ti spalv\u0105 arba b\u016bti bespalviam? Ar Cukuru Tadzakis \u012fgis spalv\u0105, o gal kaip tik i\u0161moks priimti \u017emones be j\u0173 spalv\u0173? Cukuru Tadzakiui \u2013","og_url":"https:\/\/skaitytaknyga.lt\/en\/produktas\/bespalvis-cukuru-tadzakis-ir-jo-klajoniu-metai\/","og_site_name":"Skaitytaknyga","article_publisher":"https:\/\/www.facebook.com\/skaitytaknyga\/","article_modified_time":"2026-02-12T09:20:47+00:00","og_image":[{"width":300,"height":429,"url":"https:\/\/skaitytaknyga.lt\/wp-content\/uploads\/2026\/02\/Bespalvis-Cukuru-Tadzakis-ir-jo-klajoniu-metai-1.webp","type":"image\/webp"}],"twitter_card":"summary_large_image","twitter_misc":{"Estimated reading time":"2 minutes"},"schema":{"@context":"https:\/\/schema.org","@graph":[{"@type":"WebPage","@id":"https:\/\/skaitytaknyga.lt\/produktas\/bespalvis-cukuru-tadzakis-ir-jo-klajoniu-metai\/","url":"https:\/\/skaitytaknyga.lt\/produktas\/bespalvis-cukuru-tadzakis-ir-jo-klajoniu-metai\/","name":"Bespalvis Cukuru Tadzakis ir jo klajoni\u0173 metai","isPartOf":{"@id":"https:\/\/skaitytaknyga.lt\/#website"},"primaryImageOfPage":{"@id":"https:\/\/skaitytaknyga.lt\/produktas\/bespalvis-cukuru-tadzakis-ir-jo-klajoniu-metai\/#primaryimage"},"image":{"@id":"https:\/\/skaitytaknyga.lt\/produktas\/bespalvis-cukuru-tadzakis-ir-jo-klajoniu-metai\/#primaryimage"},"thumbnailUrl":"https:\/\/skaitytaknyga.lt\/wp-content\/uploads\/2026\/02\/Bespalvis-Cukuru-Tadzakis-ir-jo-klajoniu-metai-1.webp","datePublished":"2026-02-11T11:26:42+00:00","dateModified":"2026-02-12T09:20:47+00:00","description":"K\u0105 rei\u0161kia tur\u0117ti spalv\u0105 arba b\u016bti bespalviam? Ar Cukuru Tadzakis \u012fgis spalv\u0105, o gal kaip tik i\u0161moks priimti \u017emones be j\u0173 spalv\u0173? Cukuru Tadzakiui \u2013","breadcrumb":{"@id":"https:\/\/skaitytaknyga.lt\/produktas\/bespalvis-cukuru-tadzakis-ir-jo-klajoniu-metai\/#breadcrumb"},"inLanguage":"en-GB","potentialAction":[{"@type":"ReadAction","target":["https:\/\/skaitytaknyga.lt\/produktas\/bespalvis-cukuru-tadzakis-ir-jo-klajoniu-metai\/"]}]},{"@type":"ImageObject","inLanguage":"en-GB","@id":"https:\/\/skaitytaknyga.lt\/produktas\/bespalvis-cukuru-tadzakis-ir-jo-klajoniu-metai\/#primaryimage","url":"https:\/\/skaitytaknyga.lt\/wp-content\/uploads\/2026\/02\/Bespalvis-Cukuru-Tadzakis-ir-jo-klajoniu-metai-1.webp","contentUrl":"https:\/\/skaitytaknyga.lt\/wp-content\/uploads\/2026\/02\/Bespalvis-Cukuru-Tadzakis-ir-jo-klajoniu-metai-1.webp","width":300,"height":429,"caption":"Bespalvis Cukuru Tadzakis ir jo klajoni\u0173 metai"},{"@type":"BreadcrumbList","@id":"https:\/\/skaitytaknyga.lt\/produktas\/bespalvis-cukuru-tadzakis-ir-jo-klajoniu-metai\/#breadcrumb","itemListElement":[{"@type":"ListItem","position":1,"name":"Home","item":"https:\/\/skaitytaknyga.lt\/"},{"@type":"ListItem","position":2,"name":"Parduotuv\u0117","item":"https:\/\/skaitytaknyga.lt\/knygu-parduotuve\/"},{"@type":"ListItem","position":3,"name":"Bespalvis Cukuru Tadzakis ir jo klajoni\u0173 metai"}]},{"@type":"WebSite","@id":"https:\/\/skaitytaknyga.lt\/#website","url":"https:\/\/skaitytaknyga.lt\/","name":"skaitytaknyga.lt","description":"Skaitytaknyga.lt \u2013 tai ma\u017eas \u0161eimos verslas, kuris prasid\u0117jo nuo meil\u0117s knygoms ir siekio i\u0161gelb\u0117ti knygas nuo likimo prie konteinerio. Kas vienam nereikalingas daiktas \u2013 kitam lobis, o mes esame tarpininkai, kurie padeda abiems tapti laimingesniems ???? \u017dinome kaip nelengva i\u0161gyventi ma\u017eiems verslams, tad nuo \u0161iol, \u010dia rasite ir kit\u0173, ma\u017e\u0173 \u0161eim\u0173 versl\u0173, rank\u0173 darbo, dovan\u0173 sau ir artimiesiems.","publisher":{"@id":"https:\/\/skaitytaknyga.lt\/#organization"},"potentialAction":[{"@type":"SearchAction","target":{"@type":"EntryPoint","urlTemplate":"https:\/\/skaitytaknyga.lt\/?s={search_term_string}"},"query-input":{"@type":"PropertyValueSpecification","valueRequired":true,"valueName":"search_term_string"}}],"inLanguage":"en-GB"},{"@type":"Organization","@id":"https:\/\/skaitytaknyga.lt\/#organization","name":"skaitytaknyga.lt","url":"https:\/\/skaitytaknyga.lt\/","logo":{"@type":"ImageObject","inLanguage":"en-GB","@id":"https:\/\/skaitytaknyga.lt\/#\/schema\/logo\/image\/","url":"https:\/\/skaitytaknyga.lt\/wp-content\/uploads\/2024\/05\/cropped-cropped-cropped-02_00843_jt3bggkj1j3HLc7SyY6rEUpg.jpeg","contentUrl":"https:\/\/skaitytaknyga.lt\/wp-content\/uploads\/2024\/05\/cropped-cropped-cropped-02_00843_jt3bggkj1j3HLc7SyY6rEUpg.jpeg","width":1600,"height":1600,"caption":"skaitytaknyga.lt"},"image":{"@id":"https:\/\/skaitytaknyga.lt\/#\/schema\/logo\/image\/"},"sameAs":["https:\/\/www.facebook.com\/skaitytaknyga\/"]}]}},"_links":{"self":[{"href":"https:\/\/skaitytaknyga.lt\/en\/wp-json\/wp\/v2\/product\/23014","targetHints":{"allow":["GET"]}}],"collection":[{"href":"https:\/\/skaitytaknyga.lt\/en\/wp-json\/wp\/v2\/product"}],"about":[{"href":"https:\/\/skaitytaknyga.lt\/en\/wp-json\/wp\/v2\/types\/product"}],"replies":[{"embeddable":true,"href":"https:\/\/skaitytaknyga.lt\/en\/wp-json\/wp\/v2\/comments?post=23014"}],"wp:featuredmedia":[{"embeddable":true,"href":"https:\/\/skaitytaknyga.lt\/en\/wp-json\/wp\/v2\/media\/23020"}],"wp:attachment":[{"href":"https:\/\/skaitytaknyga.lt\/en\/wp-json\/wp\/v2\/media?parent=23014"}],"wp:term":[{"taxonomy":"product_brand","embeddable":true,"href":"https:\/\/skaitytaknyga.lt\/en\/wp-json\/wp\/v2\/product_brand?post=23014"},{"taxonomy":"product_cat","embeddable":true,"href":"https:\/\/skaitytaknyga.lt\/en\/wp-json\/wp\/v2\/product_cat?post=23014"},{"taxonomy":"product_tag","embeddable":true,"href":"https:\/\/skaitytaknyga.lt\/en\/wp-json\/wp\/v2\/product_tag?post=23014"}],"curies":[{"name":"wp","href":"https:\/\/api.w.org\/{rel}","templated":true}]}}