{"id":23012,"date":"2026-02-11T13:26:41","date_gmt":"2026-02-11T11:26:41","guid":{"rendered":"https:\/\/skaitytaknyga.lt\/?post_type=product&#038;p=23012"},"modified":"2026-02-12T11:10:32","modified_gmt":"2026-02-12T09:10:32","slug":"liucija-apie-gyvenimo-stalciukus-geresnes-musu-versijas-ir-vienuolika-pasaulio-stebuklu-yra-skaitymo-zymiu","status":"publish","type":"product","link":"https:\/\/skaitytaknyga.lt\/en\/produktas\/liucija-apie-gyvenimo-stalciukus-geresnes-musu-versijas-ir-vienuolika-pasaulio-stebuklu-yra-skaitymo-zymiu\/","title":{"rendered":"Liucija: apie gyvenimo stal\u010diukus, geresnes m\u016bs\u0173 versijas ir vienuolik\u0105 pasaulio stebukl\u0173 (yra skaitymo \u017eymi\u0173)"},"content":{"rendered":"<p>Esu Jurga Lago \u2013 dizainer\u0117 ir grafik\u0117, pirmojo juvelyrikos prek\u0117s \u017eenklo YURGA \u012fk\u016br\u0117ja nepriklausomoje Lietuvoje.<\/p>\n<p>Vizualiosios k\u016brybos simbolis \u2013 ma\u017eas pauk\u0161telis \u2013 laisv\u0117s, skryd\u017eio ir gyvenimo d\u017eiaugsmo \u0161auklys. Ne gra\u017euol\u0117 gulb\u0117 ir ne stiprus erelis, o grei\u010diau ma\u017eas linksmas vytur\u0117lis, liudijantis, kad gyvenimo gro\u017eis slypi paprastume ir kasdienyb\u0117je.<\/p>\n<p>Knygos \u201eLietaus \u017eem\u0117&#8221; autor\u0117.<\/p>\n<p>Liucija yra mano ramstis, gyvas pavyzdys, gyvas nervas, geriausia draug\u0117, nuo\u017emiausia kritik\u0117, mano gyvenimo atradimas, neprilygstamai rami ir nepaken\u010diamai neu\u017esi\u010diaupianti, ir&#8230; niekada NIEKO NEBIJANTI moteris, \u201enutikusi&#8221; man, kaip nutinka visi svarbiausi dalykai gyvenime \u2013 per lemting\u0105 atsitiktinum\u0105. I\u0161gyvenusi soviet\u0173 imperijos gri\u016bt\u012f, stoi\u0161kai, su lietuviams b\u016bdingu kiek cini\u0161ku humoru prav\u0117rusi naujas duris \u012f nauj\u0105 laikmet\u012f: \u201eNesistumdysiu tarpduryje, nes laikams kei\u010diantis pral\u012fsti gali stipresnieji ir visokie vikr\u016bs, o silpni gali d\u017eiaugtis b\u016bdami kilim\u0117liai prie t\u0173 dur\u0173. Gali ir nesid\u017eiaugti. \u017dmogus visada turi pasirinkim\u0105&#8230;&#8221; Liucija yra mano kaimyn\u0117.<\/p>\n<p>Susipa\u017einus su ja gyvenimas atrodys kitoks \u2013 paprastesnis, \u017eavus ir ilgas. Kai lengva prisipa\u017einti klydus, kai nesureik\u0161minama tai, ko nereikia, ir i\u0161keliama tai, ko, rodos, n\u0117 nepasteb\u0117tum, kai ma\u017eose kasdienyb\u0117s detal\u0117se gyvena laim\u0117! Bus lengva nusispjauti suklupus, atsitiesti sunkumams slegiant pe\u010dius ir su viltimi \u017ei\u016br\u0117ti tolyn, kai, rodos, reik\u0117t\u0173 spoksoti \u012f \u017eem\u0119 sau po kojomis.<\/p>\n","protected":false},"excerpt":{"rendered":"<p>Esu Jurga Lago \u2013 dizainer\u0117 ir grafik\u0117, pirmojo juvelyrikos prek\u0117s \u017eenklo YURGA \u012fk\u016br\u0117ja nepriklausomoje Lietuvoje. Vizualiosios k\u016brybos simbolis \u2013 ma\u017eas pauk\u0161telis \u2013 laisv\u0117s, skryd\u017eio ir gyvenimo d\u017eiaugsmo \u0161auklys. Ne gra\u017euol\u0117 gulb\u0117 ir ne stiprus erelis, o grei\u010diau ma\u017eas linksmas vytur\u0117lis, liudijantis, kad gyvenimo gro\u017eis slypi paprastume ir kasdienyb\u0117je. Knygos \u201eLietaus \u017eem\u0117&#8221; autor\u0117. Liucija yra mano ramstis, gyvas pavyzdys, gyvas nervas, geriausia draug\u0117, nuo\u017emiausia kritik\u0117, mano gyvenimo atradimas, neprilygstamai rami ir nepaken\u010diamai neu\u017esi\u010diaupianti, ir&#8230; niekada NIEKO NEBIJANTI moteris, \u201enutikusi&#8221; man, kaip nutinka visi svarbiausi dalykai gyvenime \u2013 per lemting\u0105 atsitiktinum\u0105. I\u0161gyvenusi soviet\u0173 imperijos gri\u016bt\u012f, stoi\u0161kai, su lietuviams b\u016bdingu kiek cini\u0161ku humoru prav\u0117rusi naujas duris \u012f nauj\u0105 laikmet\u012f: \u201eNesistumdysiu tarpduryje, nes laikams kei\u010diantis pral\u012fsti gali stipresnieji ir visokie vikr\u016bs, o silpni gali d\u017eiaugtis b\u016bdami kilim\u0117liai prie t\u0173 dur\u0173. Gali ir nesid\u017eiaugti. \u017dmogus visada turi pasirinkim\u0105&#8230;&#8221; Liucija yra mano kaimyn\u0117. Susipa\u017einus su ja gyvenimas atrodys kitoks \u2013 paprastesnis, \u017eavus ir ilgas. Kai lengva prisipa\u017einti klydus, kai nesureik\u0161minama tai, ko nereikia, ir i\u0161keliama tai, ko, rodos, n\u0117 nepasteb\u0117tum, kai ma\u017eose kasdienyb\u0117s detal\u0117se gyvena laim\u0117! Bus lengva nusispjauti suklupus, atsitiesti sunkumams slegiant pe\u010dius ir su viltimi \u017ei\u016br\u0117ti tolyn, kai, rodos, reik\u0117t\u0173 spoksoti \u012f \u017eem\u0119 sau po kojomis.<\/p>\n","protected":false},"featured_media":23018,"comment_status":"open","ping_status":"closed","template":"","meta":{"_acf_changed":false,"site-sidebar-layout":"default","site-content-layout":"","ast-site-content-layout":"default","site-content-style":"default","site-sidebar-style":"default","ast-global-header-display":"","ast-banner-title-visibility":"","ast-main-header-display":"","ast-hfb-above-header-display":"","ast-hfb-below-header-display":"","ast-hfb-mobile-header-display":"","site-post-title":"","ast-breadcrumbs-content":"","ast-featured-img":"","footer-sml-layout":"","ast-disable-related-posts":"","theme-transparent-header-meta":"","adv-header-id-meta":"","stick-header-meta":"","header-above-stick-meta":"","header-main-stick-meta":"","header-below-stick-meta":"","astra-migrate-meta-layouts":"default","ast-page-background-enabled":"default","ast-page-background-meta":{"desktop":{"background-color":"","background-image":"","background-repeat":"repeat","background-position":"center center","background-size":"auto","background-attachment":"scroll","background-type":"","background-media":"","overlay-type":"","overlay-color":"","overlay-opacity":"","overlay-gradient":""},"tablet":{"background-color":"","background-image":"","background-repeat":"repeat","background-position":"center center","background-size":"auto","background-attachment":"scroll","background-type":"","background-media":"","overlay-type":"","overlay-color":"","overlay-opacity":"","overlay-gradient":""},"mobile":{"background-color":"","background-image":"","background-repeat":"repeat","background-position":"center center","background-size":"auto","background-attachment":"scroll","background-type":"","background-media":"","overlay-type":"","overlay-color":"","overlay-opacity":"","overlay-gradient":""}},"ast-content-background-meta":{"desktop":{"background-color":"var(--ast-global-color-4)","background-image":"","background-repeat":"repeat","background-position":"center center","background-size":"auto","background-attachment":"scroll","background-type":"","background-media":"","overlay-type":"","overlay-color":"","overlay-opacity":"","overlay-gradient":""},"tablet":{"background-color":"var(--ast-global-color-4)","background-image":"","background-repeat":"repeat","background-position":"center center","background-size":"auto","background-attachment":"scroll","background-type":"","background-media":"","overlay-type":"","overlay-color":"","overlay-opacity":"","overlay-gradient":""},"mobile":{"background-color":"var(--ast-global-color-4)","background-image":"","background-repeat":"repeat","background-position":"center center","background-size":"auto","background-attachment":"scroll","background-type":"","background-media":"","overlay-type":"","overlay-color":"","overlay-opacity":"","overlay-gradient":""}}},"product_brand":[],"product_cat":[31],"product_tag":[9437],"class_list":{"0":"post-23012","1":"product","2":"type-product","3":"status-publish","4":"has-post-thumbnail","6":"product_cat-grozine-literatura","7":"product_tag-ltjurga-lago","8":"desktop-align-left","9":"tablet-align-left","10":"mobile-align-left","12":"first","13":"instock","14":"shipping-taxable","15":"purchasable","16":"product-type-simple"},"acf":[],"yoast_head":"<!-- This site is optimized with the Yoast SEO plugin v27.0 - https:\/\/yoast.com\/product\/yoast-seo-wordpress\/ -->\n<title>Liucija: apie gyvenimo stal\u010diukus, geresnes m\u016bs\u0173 versijas ir vienuolik\u0105 pasaulio stebukl\u0173 (yra skaitymo \u017eymi\u0173)<\/title>\n<meta name=\"description\" content=\"Esu Jurga Lago \u2013 dizainer\u0117 ir grafik\u0117, pirmojo juvelyrikos prek\u0117s \u017eenklo YURGA \u012fk\u016br\u0117ja nepriklausomoje Lietuvoje. Vizualiosios k\u016brybos simbolis \u2013 ma\u017eas\" \/>\n<meta name=\"robots\" content=\"index, follow, max-snippet:-1, max-image-preview:large, max-video-preview:-1\" \/>\n<link rel=\"canonical\" href=\"https:\/\/skaitytaknyga.lt\/en\/produktas\/liucija-apie-gyvenimo-stalciukus-geresnes-musu-versijas-ir-vienuolika-pasaulio-stebuklu-yra-skaitymo-zymiu\/\" \/>\n<meta property=\"og:locale\" content=\"en_GB\" \/>\n<meta property=\"og:locale:alternate\" content=\"lt_LT\" \/>\n<meta property=\"og:type\" content=\"article\" \/>\n<meta property=\"og:title\" content=\"Liucija: apie gyvenimo stal\u010diukus, geresnes m\u016bs\u0173 versijas ir vienuolik\u0105 pasaulio stebukl\u0173 (yra skaitymo \u017eymi\u0173)\" \/>\n<meta property=\"og:description\" content=\"Esu Jurga Lago \u2013 dizainer\u0117 ir grafik\u0117, pirmojo juvelyrikos prek\u0117s \u017eenklo YURGA \u012fk\u016br\u0117ja nepriklausomoje Lietuvoje. Vizualiosios k\u016brybos simbolis \u2013 ma\u017eas\" \/>\n<meta property=\"og:url\" content=\"https:\/\/skaitytaknyga.lt\/en\/produktas\/liucija-apie-gyvenimo-stalciukus-geresnes-musu-versijas-ir-vienuolika-pasaulio-stebuklu-yra-skaitymo-zymiu\/\" \/>\n<meta property=\"og:site_name\" content=\"Skaitytaknyga\" \/>\n<meta property=\"article:publisher\" content=\"https:\/\/www.facebook.com\/skaitytaknyga\/\" \/>\n<meta property=\"article:modified_time\" content=\"2026-02-12T09:10:32+00:00\" \/>\n<meta property=\"og:image\" content=\"https:\/\/skaitytaknyga.lt\/wp-content\/uploads\/2026\/02\/Liucija-apie-gyvenimo-stalciukus-geresnes-musu-versijas-ir-vienuolika-pasaulio-stebuklu.webp\" \/>\n\t<meta property=\"og:image:width\" content=\"460\" \/>\n\t<meta property=\"og:image:height\" content=\"600\" \/>\n\t<meta property=\"og:image:type\" content=\"image\/webp\" \/>\n<meta name=\"twitter:card\" content=\"summary_large_image\" \/>\n<meta name=\"twitter:label1\" content=\"Estimated reading time\" \/>\n\t<meta name=\"twitter:data1\" content=\"1 minute\" \/>\n<script type=\"application\/ld+json\" class=\"yoast-schema-graph\">{\"@context\":\"https:\/\/schema.org\",\"@graph\":[{\"@type\":\"WebPage\",\"@id\":\"https:\/\/skaitytaknyga.lt\/produktas\/liucija-apie-gyvenimo-stalciukus-geresnes-musu-versijas-ir-vienuolika-pasaulio-stebuklu-yra-skaitymo-zymiu\/\",\"url\":\"https:\/\/skaitytaknyga.lt\/produktas\/liucija-apie-gyvenimo-stalciukus-geresnes-musu-versijas-ir-vienuolika-pasaulio-stebuklu-yra-skaitymo-zymiu\/\",\"name\":\"Liucija: apie gyvenimo stal\u010diukus, geresnes m\u016bs\u0173 versijas ir vienuolik\u0105 pasaulio stebukl\u0173 (yra skaitymo \u017eymi\u0173)\",\"isPartOf\":{\"@id\":\"https:\/\/skaitytaknyga.lt\/#website\"},\"primaryImageOfPage\":{\"@id\":\"https:\/\/skaitytaknyga.lt\/produktas\/liucija-apie-gyvenimo-stalciukus-geresnes-musu-versijas-ir-vienuolika-pasaulio-stebuklu-yra-skaitymo-zymiu\/#primaryimage\"},\"image\":{\"@id\":\"https:\/\/skaitytaknyga.lt\/produktas\/liucija-apie-gyvenimo-stalciukus-geresnes-musu-versijas-ir-vienuolika-pasaulio-stebuklu-yra-skaitymo-zymiu\/#primaryimage\"},\"thumbnailUrl\":\"https:\/\/skaitytaknyga.lt\/wp-content\/uploads\/2026\/02\/Liucija-apie-gyvenimo-stalciukus-geresnes-musu-versijas-ir-vienuolika-pasaulio-stebuklu.webp\",\"datePublished\":\"2026-02-11T11:26:41+00:00\",\"dateModified\":\"2026-02-12T09:10:32+00:00\",\"description\":\"Esu Jurga Lago \u2013 dizainer\u0117 ir grafik\u0117, pirmojo juvelyrikos prek\u0117s \u017eenklo YURGA \u012fk\u016br\u0117ja nepriklausomoje Lietuvoje. Vizualiosios k\u016brybos simbolis \u2013 ma\u017eas\",\"breadcrumb\":{\"@id\":\"https:\/\/skaitytaknyga.lt\/produktas\/liucija-apie-gyvenimo-stalciukus-geresnes-musu-versijas-ir-vienuolika-pasaulio-stebuklu-yra-skaitymo-zymiu\/#breadcrumb\"},\"inLanguage\":\"en-GB\",\"potentialAction\":[{\"@type\":\"ReadAction\",\"target\":[\"https:\/\/skaitytaknyga.lt\/produktas\/liucija-apie-gyvenimo-stalciukus-geresnes-musu-versijas-ir-vienuolika-pasaulio-stebuklu-yra-skaitymo-zymiu\/\"]}]},{\"@type\":\"ImageObject\",\"inLanguage\":\"en-GB\",\"@id\":\"https:\/\/skaitytaknyga.lt\/produktas\/liucija-apie-gyvenimo-stalciukus-geresnes-musu-versijas-ir-vienuolika-pasaulio-stebuklu-yra-skaitymo-zymiu\/#primaryimage\",\"url\":\"https:\/\/skaitytaknyga.lt\/wp-content\/uploads\/2026\/02\/Liucija-apie-gyvenimo-stalciukus-geresnes-musu-versijas-ir-vienuolika-pasaulio-stebuklu.webp\",\"contentUrl\":\"https:\/\/skaitytaknyga.lt\/wp-content\/uploads\/2026\/02\/Liucija-apie-gyvenimo-stalciukus-geresnes-musu-versijas-ir-vienuolika-pasaulio-stebuklu.webp\",\"width\":460,\"height\":600,\"caption\":\"Liucija: apie gyvenimo stal\u010diukus, geresnes m\u016bs\u0173 versijas ir vienuolik\u0105 pasaulio stebukl\u0173\"},{\"@type\":\"BreadcrumbList\",\"@id\":\"https:\/\/skaitytaknyga.lt\/produktas\/liucija-apie-gyvenimo-stalciukus-geresnes-musu-versijas-ir-vienuolika-pasaulio-stebuklu-yra-skaitymo-zymiu\/#breadcrumb\",\"itemListElement\":[{\"@type\":\"ListItem\",\"position\":1,\"name\":\"Home\",\"item\":\"https:\/\/skaitytaknyga.lt\/\"},{\"@type\":\"ListItem\",\"position\":2,\"name\":\"Parduotuv\u0117\",\"item\":\"https:\/\/skaitytaknyga.lt\/knygu-parduotuve\/\"},{\"@type\":\"ListItem\",\"position\":3,\"name\":\"Liucija: apie gyvenimo stal\u010diukus, geresnes m\u016bs\u0173 versijas ir vienuolik\u0105 pasaulio stebukl\u0173 (yra skaitymo \u017eymi\u0173)\"}]},{\"@type\":\"WebSite\",\"@id\":\"https:\/\/skaitytaknyga.lt\/#website\",\"url\":\"https:\/\/skaitytaknyga.lt\/\",\"name\":\"skaitytaknyga.lt\",\"description\":\"Skaitytaknyga.lt \u2013 tai ma\u017eas \u0161eimos verslas, kuris prasid\u0117jo nuo meil\u0117s knygoms ir siekio i\u0161gelb\u0117ti knygas nuo likimo prie konteinerio. Kas vienam nereikalingas daiktas \u2013 kitam lobis, o mes esame tarpininkai, kurie padeda abiems tapti laimingesniems ???? \u017dinome kaip nelengva i\u0161gyventi ma\u017eiems verslams, tad nuo \u0161iol, \u010dia rasite ir kit\u0173, ma\u017e\u0173 \u0161eim\u0173 versl\u0173, rank\u0173 darbo, dovan\u0173 sau ir artimiesiems.\",\"publisher\":{\"@id\":\"https:\/\/skaitytaknyga.lt\/#organization\"},\"potentialAction\":[{\"@type\":\"SearchAction\",\"target\":{\"@type\":\"EntryPoint\",\"urlTemplate\":\"https:\/\/skaitytaknyga.lt\/?s={search_term_string}\"},\"query-input\":{\"@type\":\"PropertyValueSpecification\",\"valueRequired\":true,\"valueName\":\"search_term_string\"}}],\"inLanguage\":\"en-GB\"},{\"@type\":\"Organization\",\"@id\":\"https:\/\/skaitytaknyga.lt\/#organization\",\"name\":\"skaitytaknyga.lt\",\"url\":\"https:\/\/skaitytaknyga.lt\/\",\"logo\":{\"@type\":\"ImageObject\",\"inLanguage\":\"en-GB\",\"@id\":\"https:\/\/skaitytaknyga.lt\/#\/schema\/logo\/image\/\",\"url\":\"https:\/\/skaitytaknyga.lt\/wp-content\/uploads\/2024\/05\/cropped-cropped-cropped-02_00843_jt3bggkj1j3HLc7SyY6rEUpg.jpeg\",\"contentUrl\":\"https:\/\/skaitytaknyga.lt\/wp-content\/uploads\/2024\/05\/cropped-cropped-cropped-02_00843_jt3bggkj1j3HLc7SyY6rEUpg.jpeg\",\"width\":1600,\"height\":1600,\"caption\":\"skaitytaknyga.lt\"},\"image\":{\"@id\":\"https:\/\/skaitytaknyga.lt\/#\/schema\/logo\/image\/\"},\"sameAs\":[\"https:\/\/www.facebook.com\/skaitytaknyga\/\"]}]}<\/script>\n<!-- \/ Yoast SEO plugin. -->","yoast_head_json":{"title":"Liucija: apie gyvenimo stal\u010diukus, geresnes m\u016bs\u0173 versijas ir vienuolik\u0105 pasaulio stebukl\u0173 (yra skaitymo \u017eymi\u0173)","description":"Esu Jurga Lago \u2013 dizainer\u0117 ir grafik\u0117, pirmojo juvelyrikos prek\u0117s \u017eenklo YURGA \u012fk\u016br\u0117ja nepriklausomoje Lietuvoje. Vizualiosios k\u016brybos simbolis \u2013 ma\u017eas","robots":{"index":"index","follow":"follow","max-snippet":"max-snippet:-1","max-image-preview":"max-image-preview:large","max-video-preview":"max-video-preview:-1"},"canonical":"https:\/\/skaitytaknyga.lt\/en\/produktas\/liucija-apie-gyvenimo-stalciukus-geresnes-musu-versijas-ir-vienuolika-pasaulio-stebuklu-yra-skaitymo-zymiu\/","og_locale":"en_GB","og_type":"article","og_title":"[:lt]Liucija: apie gyvenimo stal\u010diukus, geresnes m\u016bs\u0173 versijas ir vienuolik\u0105 pasaulio stebukl\u0173 (yra skaitymo \u017eymi\u0173)[:] - Skaitytaknyga","og_description":"Esu Jurga Lago \u2013 dizainer\u0117 ir grafik\u0117, pirmojo juvelyrikos prek\u0117s \u017eenklo YURGA \u012fk\u016br\u0117ja nepriklausomoje Lietuvoje. Vizualiosios k\u016brybos simbolis \u2013 ma\u017eas","og_url":"https:\/\/skaitytaknyga.lt\/en\/produktas\/liucija-apie-gyvenimo-stalciukus-geresnes-musu-versijas-ir-vienuolika-pasaulio-stebuklu-yra-skaitymo-zymiu\/","og_site_name":"Skaitytaknyga","article_publisher":"https:\/\/www.facebook.com\/skaitytaknyga\/","article_modified_time":"2026-02-12T09:10:32+00:00","og_image":[{"width":460,"height":600,"url":"https:\/\/skaitytaknyga.lt\/wp-content\/uploads\/2026\/02\/Liucija-apie-gyvenimo-stalciukus-geresnes-musu-versijas-ir-vienuolika-pasaulio-stebuklu.webp","type":"image\/webp"}],"twitter_card":"summary_large_image","twitter_misc":{"Estimated reading time":"1 minute"},"schema":{"@context":"https:\/\/schema.org","@graph":[{"@type":"WebPage","@id":"https:\/\/skaitytaknyga.lt\/produktas\/liucija-apie-gyvenimo-stalciukus-geresnes-musu-versijas-ir-vienuolika-pasaulio-stebuklu-yra-skaitymo-zymiu\/","url":"https:\/\/skaitytaknyga.lt\/produktas\/liucija-apie-gyvenimo-stalciukus-geresnes-musu-versijas-ir-vienuolika-pasaulio-stebuklu-yra-skaitymo-zymiu\/","name":"Liucija: apie gyvenimo stal\u010diukus, geresnes m\u016bs\u0173 versijas ir vienuolik\u0105 pasaulio stebukl\u0173 (yra skaitymo \u017eymi\u0173)","isPartOf":{"@id":"https:\/\/skaitytaknyga.lt\/#website"},"primaryImageOfPage":{"@id":"https:\/\/skaitytaknyga.lt\/produktas\/liucija-apie-gyvenimo-stalciukus-geresnes-musu-versijas-ir-vienuolika-pasaulio-stebuklu-yra-skaitymo-zymiu\/#primaryimage"},"image":{"@id":"https:\/\/skaitytaknyga.lt\/produktas\/liucija-apie-gyvenimo-stalciukus-geresnes-musu-versijas-ir-vienuolika-pasaulio-stebuklu-yra-skaitymo-zymiu\/#primaryimage"},"thumbnailUrl":"https:\/\/skaitytaknyga.lt\/wp-content\/uploads\/2026\/02\/Liucija-apie-gyvenimo-stalciukus-geresnes-musu-versijas-ir-vienuolika-pasaulio-stebuklu.webp","datePublished":"2026-02-11T11:26:41+00:00","dateModified":"2026-02-12T09:10:32+00:00","description":"Esu Jurga Lago \u2013 dizainer\u0117 ir grafik\u0117, pirmojo juvelyrikos prek\u0117s \u017eenklo YURGA \u012fk\u016br\u0117ja nepriklausomoje Lietuvoje. Vizualiosios k\u016brybos simbolis \u2013 ma\u017eas","breadcrumb":{"@id":"https:\/\/skaitytaknyga.lt\/produktas\/liucija-apie-gyvenimo-stalciukus-geresnes-musu-versijas-ir-vienuolika-pasaulio-stebuklu-yra-skaitymo-zymiu\/#breadcrumb"},"inLanguage":"en-GB","potentialAction":[{"@type":"ReadAction","target":["https:\/\/skaitytaknyga.lt\/produktas\/liucija-apie-gyvenimo-stalciukus-geresnes-musu-versijas-ir-vienuolika-pasaulio-stebuklu-yra-skaitymo-zymiu\/"]}]},{"@type":"ImageObject","inLanguage":"en-GB","@id":"https:\/\/skaitytaknyga.lt\/produktas\/liucija-apie-gyvenimo-stalciukus-geresnes-musu-versijas-ir-vienuolika-pasaulio-stebuklu-yra-skaitymo-zymiu\/#primaryimage","url":"https:\/\/skaitytaknyga.lt\/wp-content\/uploads\/2026\/02\/Liucija-apie-gyvenimo-stalciukus-geresnes-musu-versijas-ir-vienuolika-pasaulio-stebuklu.webp","contentUrl":"https:\/\/skaitytaknyga.lt\/wp-content\/uploads\/2026\/02\/Liucija-apie-gyvenimo-stalciukus-geresnes-musu-versijas-ir-vienuolika-pasaulio-stebuklu.webp","width":460,"height":600,"caption":"Liucija: apie gyvenimo stal\u010diukus, geresnes m\u016bs\u0173 versijas ir vienuolik\u0105 pasaulio stebukl\u0173"},{"@type":"BreadcrumbList","@id":"https:\/\/skaitytaknyga.lt\/produktas\/liucija-apie-gyvenimo-stalciukus-geresnes-musu-versijas-ir-vienuolika-pasaulio-stebuklu-yra-skaitymo-zymiu\/#breadcrumb","itemListElement":[{"@type":"ListItem","position":1,"name":"Home","item":"https:\/\/skaitytaknyga.lt\/"},{"@type":"ListItem","position":2,"name":"Parduotuv\u0117","item":"https:\/\/skaitytaknyga.lt\/knygu-parduotuve\/"},{"@type":"ListItem","position":3,"name":"Liucija: apie gyvenimo stal\u010diukus, geresnes m\u016bs\u0173 versijas ir vienuolik\u0105 pasaulio stebukl\u0173 (yra skaitymo \u017eymi\u0173)"}]},{"@type":"WebSite","@id":"https:\/\/skaitytaknyga.lt\/#website","url":"https:\/\/skaitytaknyga.lt\/","name":"skaitytaknyga.lt","description":"Skaitytaknyga.lt \u2013 tai ma\u017eas \u0161eimos verslas, kuris prasid\u0117jo nuo meil\u0117s knygoms ir siekio i\u0161gelb\u0117ti knygas nuo likimo prie konteinerio. Kas vienam nereikalingas daiktas \u2013 kitam lobis, o mes esame tarpininkai, kurie padeda abiems tapti laimingesniems ???? \u017dinome kaip nelengva i\u0161gyventi ma\u017eiems verslams, tad nuo \u0161iol, \u010dia rasite ir kit\u0173, ma\u017e\u0173 \u0161eim\u0173 versl\u0173, rank\u0173 darbo, dovan\u0173 sau ir artimiesiems.","publisher":{"@id":"https:\/\/skaitytaknyga.lt\/#organization"},"potentialAction":[{"@type":"SearchAction","target":{"@type":"EntryPoint","urlTemplate":"https:\/\/skaitytaknyga.lt\/?s={search_term_string}"},"query-input":{"@type":"PropertyValueSpecification","valueRequired":true,"valueName":"search_term_string"}}],"inLanguage":"en-GB"},{"@type":"Organization","@id":"https:\/\/skaitytaknyga.lt\/#organization","name":"skaitytaknyga.lt","url":"https:\/\/skaitytaknyga.lt\/","logo":{"@type":"ImageObject","inLanguage":"en-GB","@id":"https:\/\/skaitytaknyga.lt\/#\/schema\/logo\/image\/","url":"https:\/\/skaitytaknyga.lt\/wp-content\/uploads\/2024\/05\/cropped-cropped-cropped-02_00843_jt3bggkj1j3HLc7SyY6rEUpg.jpeg","contentUrl":"https:\/\/skaitytaknyga.lt\/wp-content\/uploads\/2024\/05\/cropped-cropped-cropped-02_00843_jt3bggkj1j3HLc7SyY6rEUpg.jpeg","width":1600,"height":1600,"caption":"skaitytaknyga.lt"},"image":{"@id":"https:\/\/skaitytaknyga.lt\/#\/schema\/logo\/image\/"},"sameAs":["https:\/\/www.facebook.com\/skaitytaknyga\/"]}]}},"_links":{"self":[{"href":"https:\/\/skaitytaknyga.lt\/en\/wp-json\/wp\/v2\/product\/23012","targetHints":{"allow":["GET"]}}],"collection":[{"href":"https:\/\/skaitytaknyga.lt\/en\/wp-json\/wp\/v2\/product"}],"about":[{"href":"https:\/\/skaitytaknyga.lt\/en\/wp-json\/wp\/v2\/types\/product"}],"replies":[{"embeddable":true,"href":"https:\/\/skaitytaknyga.lt\/en\/wp-json\/wp\/v2\/comments?post=23012"}],"wp:featuredmedia":[{"embeddable":true,"href":"https:\/\/skaitytaknyga.lt\/en\/wp-json\/wp\/v2\/media\/23018"}],"wp:attachment":[{"href":"https:\/\/skaitytaknyga.lt\/en\/wp-json\/wp\/v2\/media?parent=23012"}],"wp:term":[{"taxonomy":"product_brand","embeddable":true,"href":"https:\/\/skaitytaknyga.lt\/en\/wp-json\/wp\/v2\/product_brand?post=23012"},{"taxonomy":"product_cat","embeddable":true,"href":"https:\/\/skaitytaknyga.lt\/en\/wp-json\/wp\/v2\/product_cat?post=23012"},{"taxonomy":"product_tag","embeddable":true,"href":"https:\/\/skaitytaknyga.lt\/en\/wp-json\/wp\/v2\/product_tag?post=23012"}],"curies":[{"name":"wp","href":"https:\/\/api.w.org\/{rel}","templated":true}]}}