{"id":23010,"date":"2026-02-11T13:26:41","date_gmt":"2026-02-11T11:26:41","guid":{"rendered":"https:\/\/skaitytaknyga.lt\/?post_type=product&#038;p=23010"},"modified":"2026-02-11T13:27:31","modified_gmt":"2026-02-11T11:27:31","slug":"mano-fantaziju-sarasas-pagelte-lapai","status":"publish","type":"product","link":"https:\/\/skaitytaknyga.lt\/en\/produktas\/mano-fantaziju-sarasas-pagelte-lapai\/","title":{"rendered":"Mano fantazij\u0173 s\u0105ra\u0161as (pagelt\u0119 lapai)"},"content":{"rendered":"<p>\u201eMano fantazij\u0173 s\u0105ra\u0161as\u201c \u2013 \u012f\u017e\u016bliai gundantis kaip \u201eSekso ir miesto\u201c heroj\u0117s, \u0161elmi\u0161kai patrak\u0119s kaip Brid\u017eita D\u017eouns!<\/p>\n<p>Feb\u0119 Henderson  prie\u0161 metus paliko pasip\u016bt\u0119s gra\u017euolis Aleksas. Jis buvo u\u017ekluptas lovoje su kita, ta\u010diau Febei vis tiek sunku j\u012f pamir\u0161ti. Ne kart\u0105 \u0161irdg\u0117l\u0105 liejusi draugei ant peties ir skandinusi taur\u0117je vyno, ji galop nusprend\u017eia \u2013 laikas atsisveikinti su praeitimi.<\/p>\n<p>Tad Feb\u0117 sudaro kar\u0161\u010diausi\u0173 fantazij\u0173 s\u0105ra\u0161\u0105.<\/p>\n<p>Visi metai malonum\u0173 be joki\u0173 suvar\u017eym\u0173.<\/p>\n<p>Paprasta, tiesa?<\/p>\n<p>Dabar belieka nuspr\u0119sti, su kuo jai \u012fgyvendinti \u0161\u012f gundant\u012f sumanym\u0105.  <\/p>\n<p>Knygos autor\u0117 Joanna Bolouri (D\u017eoana Bolori) ra\u0161o scenarijus komedijoms. Savo meistri\u0161kum\u0105 ji puikiai atskleid\u017eia knygoje \u201eMano fantazij\u0173 s\u0105ra\u0161as\u201c. \u0160maik\u0161t\u016bs ir \u017eav\u016bs knygos herojai privers nekart nusikvatoti, o nuo pikanti\u0161k\u0173 detali\u0173 skaitytoj\u0173 galvose ims \u0161okin\u0117ti neklau\u017eados velniukai.<\/p>\n","protected":false},"excerpt":{"rendered":"<p>\u201eMano fantazij\u0173 s\u0105ra\u0161as\u201c \u2013 \u012f\u017e\u016bliai gundantis kaip \u201eSekso ir miesto\u201c heroj\u0117s, \u0161elmi\u0161kai patrak\u0119s kaip Brid\u017eita D\u017eouns! Feb\u0119 Henderson prie\u0161 metus paliko pasip\u016bt\u0119s gra\u017euolis Aleksas. Jis buvo u\u017ekluptas lovoje su kita, ta\u010diau Febei vis tiek sunku j\u012f pamir\u0161ti. Ne kart\u0105 \u0161irdg\u0117l\u0105 liejusi draugei ant peties ir skandinusi taur\u0117je vyno, ji galop nusprend\u017eia \u2013 laikas atsisveikinti su praeitimi. Tad Feb\u0117 sudaro kar\u0161\u010diausi\u0173 fantazij\u0173 s\u0105ra\u0161\u0105. Visi metai malonum\u0173 be joki\u0173 suvar\u017eym\u0173. Paprasta, tiesa? Dabar belieka nuspr\u0119sti, su kuo jai \u012fgyvendinti \u0161\u012f gundant\u012f sumanym\u0105. Knygos autor\u0117 Joanna Bolouri (D\u017eoana Bolori) ra\u0161o scenarijus komedijoms. Savo meistri\u0161kum\u0105 ji puikiai atskleid\u017eia knygoje \u201eMano fantazij\u0173 s\u0105ra\u0161as\u201c. \u0160maik\u0161t\u016bs ir \u017eav\u016bs knygos herojai privers nekart nusikvatoti, o nuo pikanti\u0161k\u0173 detali\u0173 skaitytoj\u0173 galvose ims \u0161okin\u0117ti neklau\u017eados velniukai.<\/p>\n","protected":false},"featured_media":23015,"comment_status":"open","ping_status":"closed","template":"","meta":{"_acf_changed":false,"site-sidebar-layout":"default","site-content-layout":"","ast-site-content-layout":"default","site-content-style":"default","site-sidebar-style":"default","ast-global-header-display":"","ast-banner-title-visibility":"","ast-main-header-display":"","ast-hfb-above-header-display":"","ast-hfb-below-header-display":"","ast-hfb-mobile-header-display":"","site-post-title":"","ast-breadcrumbs-content":"","ast-featured-img":"","footer-sml-layout":"","ast-disable-related-posts":"","theme-transparent-header-meta":"","adv-header-id-meta":"","stick-header-meta":"","header-above-stick-meta":"","header-main-stick-meta":"","header-below-stick-meta":"","astra-migrate-meta-layouts":"default","ast-page-background-enabled":"default","ast-page-background-meta":{"desktop":{"background-color":"","background-image":"","background-repeat":"repeat","background-position":"center center","background-size":"auto","background-attachment":"scroll","background-type":"","background-media":"","overlay-type":"","overlay-color":"","overlay-opacity":"","overlay-gradient":""},"tablet":{"background-color":"","background-image":"","background-repeat":"repeat","background-position":"center center","background-size":"auto","background-attachment":"scroll","background-type":"","background-media":"","overlay-type":"","overlay-color":"","overlay-opacity":"","overlay-gradient":""},"mobile":{"background-color":"","background-image":"","background-repeat":"repeat","background-position":"center center","background-size":"auto","background-attachment":"scroll","background-type":"","background-media":"","overlay-type":"","overlay-color":"","overlay-opacity":"","overlay-gradient":""}},"ast-content-background-meta":{"desktop":{"background-color":"var(--ast-global-color-4)","background-image":"","background-repeat":"repeat","background-position":"center center","background-size":"auto","background-attachment":"scroll","background-type":"","background-media":"","overlay-type":"","overlay-color":"","overlay-opacity":"","overlay-gradient":""},"tablet":{"background-color":"var(--ast-global-color-4)","background-image":"","background-repeat":"repeat","background-position":"center center","background-size":"auto","background-attachment":"scroll","background-type":"","background-media":"","overlay-type":"","overlay-color":"","overlay-opacity":"","overlay-gradient":""},"mobile":{"background-color":"var(--ast-global-color-4)","background-image":"","background-repeat":"repeat","background-position":"center center","background-size":"auto","background-attachment":"scroll","background-type":"","background-media":"","overlay-type":"","overlay-color":"","overlay-opacity":"","overlay-gradient":""}}},"product_brand":[],"product_cat":[31],"product_tag":[],"class_list":{"0":"post-23010","1":"product","2":"type-product","3":"status-publish","4":"has-post-thumbnail","6":"product_cat-grozine-literatura","7":"desktop-align-left","8":"tablet-align-left","9":"mobile-align-left","11":"first","12":"instock","13":"shipping-taxable","14":"purchasable","15":"product-type-simple"},"acf":[],"yoast_head":"<!-- This site is optimized with the Yoast SEO plugin v27.0 - https:\/\/yoast.com\/product\/yoast-seo-wordpress\/ -->\n<title>Mano fantazij\u0173 s\u0105ra\u0161as (pagelt\u0119 lapai)<\/title>\n<meta name=\"description\" content=\"\u201eMano fantazij\u0173 s\u0105ra\u0161as\u201c \u2013 \u012f\u017e\u016bliai gundantis kaip \u201eSekso ir miesto\u201c heroj\u0117s, \u0161elmi\u0161kai patrak\u0119s kaip Brid\u017eita D\u017eouns! Feb\u0119 Henderson prie\u0161 metus paliko\" \/>\n<meta name=\"robots\" content=\"index, follow, max-snippet:-1, max-image-preview:large, max-video-preview:-1\" \/>\n<link rel=\"canonical\" href=\"https:\/\/skaitytaknyga.lt\/en\/produktas\/mano-fantaziju-sarasas-pagelte-lapai\/\" \/>\n<meta property=\"og:locale\" content=\"en_GB\" \/>\n<meta property=\"og:locale:alternate\" content=\"lt_LT\" \/>\n<meta property=\"og:type\" content=\"article\" \/>\n<meta property=\"og:title\" content=\"Mano fantazij\u0173 s\u0105ra\u0161as (pagelt\u0119 lapai)\" \/>\n<meta property=\"og:description\" content=\"\u201eMano fantazij\u0173 s\u0105ra\u0161as\u201c \u2013 \u012f\u017e\u016bliai gundantis kaip \u201eSekso ir miesto\u201c heroj\u0117s, \u0161elmi\u0161kai patrak\u0119s kaip Brid\u017eita D\u017eouns! Feb\u0119 Henderson prie\u0161 metus paliko\" \/>\n<meta property=\"og:url\" content=\"https:\/\/skaitytaknyga.lt\/en\/produktas\/mano-fantaziju-sarasas-pagelte-lapai\/\" \/>\n<meta property=\"og:site_name\" content=\"Skaitytaknyga\" \/>\n<meta property=\"article:publisher\" content=\"https:\/\/www.facebook.com\/skaitytaknyga\/\" \/>\n<meta property=\"article:modified_time\" content=\"2026-02-11T11:27:31+00:00\" \/>\n<meta property=\"og:image\" content=\"https:\/\/skaitytaknyga.lt\/wp-content\/uploads\/2026\/02\/Mano-fantaziju-sarasas-1.webp\" \/>\n\t<meta property=\"og:image:width\" content=\"300\" \/>\n\t<meta property=\"og:image:height\" content=\"491\" \/>\n\t<meta property=\"og:image:type\" content=\"image\/webp\" \/>\n<meta name=\"twitter:card\" content=\"summary_large_image\" \/>\n<meta name=\"twitter:label1\" content=\"Estimated reading time\" \/>\n\t<meta name=\"twitter:data1\" content=\"1 minute\" \/>\n<script type=\"application\/ld+json\" class=\"yoast-schema-graph\">{\"@context\":\"https:\/\/schema.org\",\"@graph\":[{\"@type\":\"WebPage\",\"@id\":\"https:\/\/skaitytaknyga.lt\/produktas\/mano-fantaziju-sarasas-pagelte-lapai\/\",\"url\":\"https:\/\/skaitytaknyga.lt\/produktas\/mano-fantaziju-sarasas-pagelte-lapai\/\",\"name\":\"Mano fantazij\u0173 s\u0105ra\u0161as (pagelt\u0119 lapai)\",\"isPartOf\":{\"@id\":\"https:\/\/skaitytaknyga.lt\/#website\"},\"primaryImageOfPage\":{\"@id\":\"https:\/\/skaitytaknyga.lt\/produktas\/mano-fantaziju-sarasas-pagelte-lapai\/#primaryimage\"},\"image\":{\"@id\":\"https:\/\/skaitytaknyga.lt\/produktas\/mano-fantaziju-sarasas-pagelte-lapai\/#primaryimage\"},\"thumbnailUrl\":\"https:\/\/skaitytaknyga.lt\/wp-content\/uploads\/2026\/02\/Mano-fantaziju-sarasas-1.webp\",\"datePublished\":\"2026-02-11T11:26:41+00:00\",\"dateModified\":\"2026-02-11T11:27:31+00:00\",\"description\":\"\u201eMano fantazij\u0173 s\u0105ra\u0161as\u201c \u2013 \u012f\u017e\u016bliai gundantis kaip \u201eSekso ir miesto\u201c heroj\u0117s, \u0161elmi\u0161kai patrak\u0119s kaip Brid\u017eita D\u017eouns! Feb\u0119 Henderson prie\u0161 metus paliko\",\"breadcrumb\":{\"@id\":\"https:\/\/skaitytaknyga.lt\/produktas\/mano-fantaziju-sarasas-pagelte-lapai\/#breadcrumb\"},\"inLanguage\":\"en-GB\",\"potentialAction\":[{\"@type\":\"ReadAction\",\"target\":[\"https:\/\/skaitytaknyga.lt\/produktas\/mano-fantaziju-sarasas-pagelte-lapai\/\"]}]},{\"@type\":\"ImageObject\",\"inLanguage\":\"en-GB\",\"@id\":\"https:\/\/skaitytaknyga.lt\/produktas\/mano-fantaziju-sarasas-pagelte-lapai\/#primaryimage\",\"url\":\"https:\/\/skaitytaknyga.lt\/wp-content\/uploads\/2026\/02\/Mano-fantaziju-sarasas-1.webp\",\"contentUrl\":\"https:\/\/skaitytaknyga.lt\/wp-content\/uploads\/2026\/02\/Mano-fantaziju-sarasas-1.webp\",\"width\":300,\"height\":491,\"caption\":\"Mano fantazij\u0173 s\u0105ra\u0161as\"},{\"@type\":\"BreadcrumbList\",\"@id\":\"https:\/\/skaitytaknyga.lt\/produktas\/mano-fantaziju-sarasas-pagelte-lapai\/#breadcrumb\",\"itemListElement\":[{\"@type\":\"ListItem\",\"position\":1,\"name\":\"Home\",\"item\":\"https:\/\/skaitytaknyga.lt\/\"},{\"@type\":\"ListItem\",\"position\":2,\"name\":\"Parduotuv\u0117\",\"item\":\"https:\/\/skaitytaknyga.lt\/knygu-parduotuve\/\"},{\"@type\":\"ListItem\",\"position\":3,\"name\":\"Mano fantazij\u0173 s\u0105ra\u0161as (pagelt\u0119 lapai)\"}]},{\"@type\":\"WebSite\",\"@id\":\"https:\/\/skaitytaknyga.lt\/#website\",\"url\":\"https:\/\/skaitytaknyga.lt\/\",\"name\":\"skaitytaknyga.lt\",\"description\":\"Skaitytaknyga.lt \u2013 tai ma\u017eas \u0161eimos verslas, kuris prasid\u0117jo nuo meil\u0117s knygoms ir siekio i\u0161gelb\u0117ti knygas nuo likimo prie konteinerio. Kas vienam nereikalingas daiktas \u2013 kitam lobis, o mes esame tarpininkai, kurie padeda abiems tapti laimingesniems ???? \u017dinome kaip nelengva i\u0161gyventi ma\u017eiems verslams, tad nuo \u0161iol, \u010dia rasite ir kit\u0173, ma\u017e\u0173 \u0161eim\u0173 versl\u0173, rank\u0173 darbo, dovan\u0173 sau ir artimiesiems.\",\"publisher\":{\"@id\":\"https:\/\/skaitytaknyga.lt\/#organization\"},\"potentialAction\":[{\"@type\":\"SearchAction\",\"target\":{\"@type\":\"EntryPoint\",\"urlTemplate\":\"https:\/\/skaitytaknyga.lt\/?s={search_term_string}\"},\"query-input\":{\"@type\":\"PropertyValueSpecification\",\"valueRequired\":true,\"valueName\":\"search_term_string\"}}],\"inLanguage\":\"en-GB\"},{\"@type\":\"Organization\",\"@id\":\"https:\/\/skaitytaknyga.lt\/#organization\",\"name\":\"skaitytaknyga.lt\",\"url\":\"https:\/\/skaitytaknyga.lt\/\",\"logo\":{\"@type\":\"ImageObject\",\"inLanguage\":\"en-GB\",\"@id\":\"https:\/\/skaitytaknyga.lt\/#\/schema\/logo\/image\/\",\"url\":\"https:\/\/skaitytaknyga.lt\/wp-content\/uploads\/2024\/05\/cropped-cropped-cropped-02_00843_jt3bggkj1j3HLc7SyY6rEUpg.jpeg\",\"contentUrl\":\"https:\/\/skaitytaknyga.lt\/wp-content\/uploads\/2024\/05\/cropped-cropped-cropped-02_00843_jt3bggkj1j3HLc7SyY6rEUpg.jpeg\",\"width\":1600,\"height\":1600,\"caption\":\"skaitytaknyga.lt\"},\"image\":{\"@id\":\"https:\/\/skaitytaknyga.lt\/#\/schema\/logo\/image\/\"},\"sameAs\":[\"https:\/\/www.facebook.com\/skaitytaknyga\/\"]}]}<\/script>\n<!-- \/ Yoast SEO plugin. -->","yoast_head_json":{"title":"Mano fantazij\u0173 s\u0105ra\u0161as (pagelt\u0119 lapai)","description":"\u201eMano fantazij\u0173 s\u0105ra\u0161as\u201c \u2013 \u012f\u017e\u016bliai gundantis kaip \u201eSekso ir miesto\u201c heroj\u0117s, \u0161elmi\u0161kai patrak\u0119s kaip Brid\u017eita D\u017eouns! Feb\u0119 Henderson prie\u0161 metus paliko","robots":{"index":"index","follow":"follow","max-snippet":"max-snippet:-1","max-image-preview":"max-image-preview:large","max-video-preview":"max-video-preview:-1"},"canonical":"https:\/\/skaitytaknyga.lt\/en\/produktas\/mano-fantaziju-sarasas-pagelte-lapai\/","og_locale":"en_GB","og_type":"article","og_title":"[:lt]Mano fantazij\u0173 s\u0105ra\u0161as (pagelt\u0119 lapai)[:] - Skaitytaknyga","og_description":"\u201eMano fantazij\u0173 s\u0105ra\u0161as\u201c \u2013 \u012f\u017e\u016bliai gundantis kaip \u201eSekso ir miesto\u201c heroj\u0117s, \u0161elmi\u0161kai patrak\u0119s kaip Brid\u017eita D\u017eouns! Feb\u0119 Henderson prie\u0161 metus paliko","og_url":"https:\/\/skaitytaknyga.lt\/en\/produktas\/mano-fantaziju-sarasas-pagelte-lapai\/","og_site_name":"Skaitytaknyga","article_publisher":"https:\/\/www.facebook.com\/skaitytaknyga\/","article_modified_time":"2026-02-11T11:27:31+00:00","og_image":[{"width":300,"height":491,"url":"https:\/\/skaitytaknyga.lt\/wp-content\/uploads\/2026\/02\/Mano-fantaziju-sarasas-1.webp","type":"image\/webp"}],"twitter_card":"summary_large_image","twitter_misc":{"Estimated reading time":"1 minute"},"schema":{"@context":"https:\/\/schema.org","@graph":[{"@type":"WebPage","@id":"https:\/\/skaitytaknyga.lt\/produktas\/mano-fantaziju-sarasas-pagelte-lapai\/","url":"https:\/\/skaitytaknyga.lt\/produktas\/mano-fantaziju-sarasas-pagelte-lapai\/","name":"Mano fantazij\u0173 s\u0105ra\u0161as (pagelt\u0119 lapai)","isPartOf":{"@id":"https:\/\/skaitytaknyga.lt\/#website"},"primaryImageOfPage":{"@id":"https:\/\/skaitytaknyga.lt\/produktas\/mano-fantaziju-sarasas-pagelte-lapai\/#primaryimage"},"image":{"@id":"https:\/\/skaitytaknyga.lt\/produktas\/mano-fantaziju-sarasas-pagelte-lapai\/#primaryimage"},"thumbnailUrl":"https:\/\/skaitytaknyga.lt\/wp-content\/uploads\/2026\/02\/Mano-fantaziju-sarasas-1.webp","datePublished":"2026-02-11T11:26:41+00:00","dateModified":"2026-02-11T11:27:31+00:00","description":"\u201eMano fantazij\u0173 s\u0105ra\u0161as\u201c \u2013 \u012f\u017e\u016bliai gundantis kaip \u201eSekso ir miesto\u201c heroj\u0117s, \u0161elmi\u0161kai patrak\u0119s kaip Brid\u017eita D\u017eouns! Feb\u0119 Henderson prie\u0161 metus paliko","breadcrumb":{"@id":"https:\/\/skaitytaknyga.lt\/produktas\/mano-fantaziju-sarasas-pagelte-lapai\/#breadcrumb"},"inLanguage":"en-GB","potentialAction":[{"@type":"ReadAction","target":["https:\/\/skaitytaknyga.lt\/produktas\/mano-fantaziju-sarasas-pagelte-lapai\/"]}]},{"@type":"ImageObject","inLanguage":"en-GB","@id":"https:\/\/skaitytaknyga.lt\/produktas\/mano-fantaziju-sarasas-pagelte-lapai\/#primaryimage","url":"https:\/\/skaitytaknyga.lt\/wp-content\/uploads\/2026\/02\/Mano-fantaziju-sarasas-1.webp","contentUrl":"https:\/\/skaitytaknyga.lt\/wp-content\/uploads\/2026\/02\/Mano-fantaziju-sarasas-1.webp","width":300,"height":491,"caption":"Mano fantazij\u0173 s\u0105ra\u0161as"},{"@type":"BreadcrumbList","@id":"https:\/\/skaitytaknyga.lt\/produktas\/mano-fantaziju-sarasas-pagelte-lapai\/#breadcrumb","itemListElement":[{"@type":"ListItem","position":1,"name":"Home","item":"https:\/\/skaitytaknyga.lt\/"},{"@type":"ListItem","position":2,"name":"Parduotuv\u0117","item":"https:\/\/skaitytaknyga.lt\/knygu-parduotuve\/"},{"@type":"ListItem","position":3,"name":"Mano fantazij\u0173 s\u0105ra\u0161as (pagelt\u0119 lapai)"}]},{"@type":"WebSite","@id":"https:\/\/skaitytaknyga.lt\/#website","url":"https:\/\/skaitytaknyga.lt\/","name":"skaitytaknyga.lt","description":"Skaitytaknyga.lt \u2013 tai ma\u017eas \u0161eimos verslas, kuris prasid\u0117jo nuo meil\u0117s knygoms ir siekio i\u0161gelb\u0117ti knygas nuo likimo prie konteinerio. Kas vienam nereikalingas daiktas \u2013 kitam lobis, o mes esame tarpininkai, kurie padeda abiems tapti laimingesniems ???? \u017dinome kaip nelengva i\u0161gyventi ma\u017eiems verslams, tad nuo \u0161iol, \u010dia rasite ir kit\u0173, ma\u017e\u0173 \u0161eim\u0173 versl\u0173, rank\u0173 darbo, dovan\u0173 sau ir artimiesiems.","publisher":{"@id":"https:\/\/skaitytaknyga.lt\/#organization"},"potentialAction":[{"@type":"SearchAction","target":{"@type":"EntryPoint","urlTemplate":"https:\/\/skaitytaknyga.lt\/?s={search_term_string}"},"query-input":{"@type":"PropertyValueSpecification","valueRequired":true,"valueName":"search_term_string"}}],"inLanguage":"en-GB"},{"@type":"Organization","@id":"https:\/\/skaitytaknyga.lt\/#organization","name":"skaitytaknyga.lt","url":"https:\/\/skaitytaknyga.lt\/","logo":{"@type":"ImageObject","inLanguage":"en-GB","@id":"https:\/\/skaitytaknyga.lt\/#\/schema\/logo\/image\/","url":"https:\/\/skaitytaknyga.lt\/wp-content\/uploads\/2024\/05\/cropped-cropped-cropped-02_00843_jt3bggkj1j3HLc7SyY6rEUpg.jpeg","contentUrl":"https:\/\/skaitytaknyga.lt\/wp-content\/uploads\/2024\/05\/cropped-cropped-cropped-02_00843_jt3bggkj1j3HLc7SyY6rEUpg.jpeg","width":1600,"height":1600,"caption":"skaitytaknyga.lt"},"image":{"@id":"https:\/\/skaitytaknyga.lt\/#\/schema\/logo\/image\/"},"sameAs":["https:\/\/www.facebook.com\/skaitytaknyga\/"]}]}},"_links":{"self":[{"href":"https:\/\/skaitytaknyga.lt\/en\/wp-json\/wp\/v2\/product\/23010","targetHints":{"allow":["GET"]}}],"collection":[{"href":"https:\/\/skaitytaknyga.lt\/en\/wp-json\/wp\/v2\/product"}],"about":[{"href":"https:\/\/skaitytaknyga.lt\/en\/wp-json\/wp\/v2\/types\/product"}],"replies":[{"embeddable":true,"href":"https:\/\/skaitytaknyga.lt\/en\/wp-json\/wp\/v2\/comments?post=23010"}],"wp:featuredmedia":[{"embeddable":true,"href":"https:\/\/skaitytaknyga.lt\/en\/wp-json\/wp\/v2\/media\/23015"}],"wp:attachment":[{"href":"https:\/\/skaitytaknyga.lt\/en\/wp-json\/wp\/v2\/media?parent=23010"}],"wp:term":[{"taxonomy":"product_brand","embeddable":true,"href":"https:\/\/skaitytaknyga.lt\/en\/wp-json\/wp\/v2\/product_brand?post=23010"},{"taxonomy":"product_cat","embeddable":true,"href":"https:\/\/skaitytaknyga.lt\/en\/wp-json\/wp\/v2\/product_cat?post=23010"},{"taxonomy":"product_tag","embeddable":true,"href":"https:\/\/skaitytaknyga.lt\/en\/wp-json\/wp\/v2\/product_tag?post=23010"}],"curies":[{"name":"wp","href":"https:\/\/api.w.org\/{rel}","templated":true}]}}