{"id":23004,"date":"2026-02-11T13:03:03","date_gmt":"2026-02-11T11:03:03","guid":{"rendered":"https:\/\/skaitytaknyga.lt\/?post_type=product&#038;p=23004"},"modified":"2026-02-12T11:10:11","modified_gmt":"2026-02-12T09:10:11","slug":"malibu-ant-bangos-pagelte-lapai","status":"publish","type":"product","link":"https:\/\/skaitytaknyga.lt\/en\/produktas\/malibu-ant-bangos-pagelte-lapai\/","title":{"rendered":"Malibu ant bangos (pagelt\u0119 lapai)"},"content":{"rendered":"<p>\u201eNew York Times&#8221; bestseleri\u0173 \u201eSeptyni Evelinos Hugo vyrai&#8221;, \u201eVienintel\u0117 tikra meil\u0117&#8221; ir \u201eDaisy Jones &#038; The Six&#8221; autor\u0117 pristato&#8230;<\/p>\n<p>Garsus ketvertas rengia legendin\u012f vasaros u\u017ebaigimo vakar\u0117l\u012f. Bet per dvide\u0161imt keturias valandas kiekvieno j\u0173 gyvenimas negr\u012f\u017etamai pasikeis.<\/p>\n<p>Malibu, 1983 met\u0173 rugpj\u016btis. Ore tvyro laukimas, nes \u0161iandien vyks kasmetinis Ninos Rivos vasaros u\u017ebaigimo vakar\u0117lis. Kiekvienas nori atsidurti \u0161alia \u017eymi\u0173j\u0173 Riv\u0173: talentingos banglentinink\u0117s ir supermodelio Ninos, \u010dempionatuose apdovanojimus skinan\u010dio banglentininko D\u017e\u0117jaus, garsaus fotografo Hado ir vis\u0173 dievinamos jaun\u0117l\u0117s Kit\u0117s. \u0160i \u0161eima keli\u0105 susi\u017eav\u0117jim\u0105 ne tik Malibu, bet ir visame pasaulyje, ypa\u010d tod\u0117l, kad jie \u2013 legendinio dainininko Miko Rivos at\u017ealos.<\/p>\n<p>Vienintel\u0117 Nina \u0161iemet nelaukia vakar\u0117lio \u2013 ji niekada nenor\u0117jo atsidurti d\u0117mesio centre, be to, visai neseniai buvo palikta savo vyro, profesionalaus tenisininko. Galb\u016bt prie jos prisid\u0117s ir Hadas \u2013 jam at\u0117jo laikas kai k\u0105 prisipa\u017einti broliui, su kuriuo nesiskyr\u0117 nuo pat gimimo. D\u017e\u0117jus skai\u010diuoja minutes iki sutem\u0173, nes \u012f vakar\u0117l\u012f pa\u017ead\u0117jo atvykti mergina, kurios negali i\u0161mesti i\u0161 galvos. Kit\u0117 taip pat turi kelet\u0105 paslap\u010di\u0173, o viena i\u0161 j\u0173 \u2013 niekieno neatsiklausus pakviestas netik\u0117tas sve\u010dias.<\/p>\n<p>I\u0161mu\u0161us vidurnak\u010diui, vakar\u0117lis taps nebevaldomas. Ryte Ninos Rivos namas skend\u0117s liepsnose. Ta\u010diau, prie\u0161 ankstyv\u0105 prie\u0161au\u0161r\u012f \u012fsi\u017eiebiant pirmajai kibirk\u0161\u010diai, liesis alkoholis, gros muzika ir \u012f pavir\u0161i\u0173 i\u0161l\u012fs per ilgai laikytos.<\/p>\n<p>\u201eMalibu ant bangos&#8221; \u2013 tai pasakojimas apie vien\u0105 nepamir\u0161tam\u0105 vakar\u0105 \u0161eimos gyvenime: vakar\u0105, kai kiekvienas i\u0161 \u0161eimos nari\u0173 tur\u0117s pasirinkti, k\u0105 i\u0161 juos u\u017eauginusi\u0173 \u017emoni\u0173 palikimo verta i\u0161saugoti&#8230; o k\u0105 geriau palikti praeityje.<\/p>\n","protected":false},"excerpt":{"rendered":"<p>\u201eNew York Times&#8221; bestseleri\u0173 \u201eSeptyni Evelinos Hugo vyrai&#8221;, \u201eVienintel\u0117 tikra meil\u0117&#8221; ir \u201eDaisy Jones &#038; The Six&#8221; autor\u0117 pristato&#8230; Garsus ketvertas rengia legendin\u012f vasaros u\u017ebaigimo vakar\u0117l\u012f. Bet per dvide\u0161imt keturias valandas kiekvieno j\u0173 gyvenimas negr\u012f\u017etamai pasikeis. Malibu, 1983 met\u0173 rugpj\u016btis. Ore tvyro laukimas, nes \u0161iandien vyks kasmetinis Ninos Rivos vasaros u\u017ebaigimo vakar\u0117lis. Kiekvienas nori atsidurti \u0161alia \u017eymi\u0173j\u0173 Riv\u0173: talentingos banglentinink\u0117s ir supermodelio Ninos, \u010dempionatuose apdovanojimus skinan\u010dio banglentininko D\u017e\u0117jaus, garsaus fotografo Hado ir vis\u0173 dievinamos jaun\u0117l\u0117s Kit\u0117s. \u0160i \u0161eima keli\u0105 susi\u017eav\u0117jim\u0105 ne tik Malibu, bet ir visame pasaulyje, ypa\u010d tod\u0117l, kad jie \u2013 legendinio dainininko Miko Rivos at\u017ealos. Vienintel\u0117 Nina \u0161iemet nelaukia vakar\u0117lio \u2013 ji niekada nenor\u0117jo atsidurti d\u0117mesio centre, be to, visai neseniai buvo palikta savo vyro, profesionalaus tenisininko. Galb\u016bt prie jos prisid\u0117s ir Hadas \u2013 jam at\u0117jo laikas kai k\u0105 prisipa\u017einti broliui, su kuriuo nesiskyr\u0117 nuo pat gimimo. D\u017e\u0117jus skai\u010diuoja minutes iki sutem\u0173, nes \u012f vakar\u0117l\u012f pa\u017ead\u0117jo atvykti mergina, kurios negali i\u0161mesti i\u0161 galvos. Kit\u0117 taip pat turi kelet\u0105 paslap\u010di\u0173, o viena i\u0161 j\u0173 \u2013 niekieno neatsiklausus pakviestas netik\u0117tas sve\u010dias. I\u0161mu\u0161us vidurnak\u010diui, vakar\u0117lis taps nebevaldomas. Ryte Ninos Rivos namas skend\u0117s liepsnose. Ta\u010diau, prie\u0161 ankstyv\u0105 prie\u0161au\u0161r\u012f \u012fsi\u017eiebiant pirmajai kibirk\u0161\u010diai, liesis alkoholis, gros muzika ir \u012f pavir\u0161i\u0173 i\u0161l\u012fs per ilgai laikytos. \u201eMalibu ant bangos&#8221; \u2013 tai pasakojimas apie vien\u0105 nepamir\u0161tam\u0105 vakar\u0105 \u0161eimos gyvenime: vakar\u0105, kai kiekvienas i\u0161 \u0161eimos nari\u0173 tur\u0117s pasirinkti, k\u0105 i\u0161 juos u\u017eauginusi\u0173 \u017emoni\u0173 palikimo verta i\u0161saugoti&#8230; o k\u0105 geriau palikti praeityje.<\/p>\n","protected":false},"featured_media":23009,"comment_status":"open","ping_status":"closed","template":"","meta":{"_acf_changed":false,"site-sidebar-layout":"default","site-content-layout":"","ast-site-content-layout":"default","site-content-style":"default","site-sidebar-style":"default","ast-global-header-display":"","ast-banner-title-visibility":"","ast-main-header-display":"","ast-hfb-above-header-display":"","ast-hfb-below-header-display":"","ast-hfb-mobile-header-display":"","site-post-title":"","ast-breadcrumbs-content":"","ast-featured-img":"","footer-sml-layout":"","ast-disable-related-posts":"","theme-transparent-header-meta":"","adv-header-id-meta":"","stick-header-meta":"","header-above-stick-meta":"","header-main-stick-meta":"","header-below-stick-meta":"","astra-migrate-meta-layouts":"default","ast-page-background-enabled":"default","ast-page-background-meta":{"desktop":{"background-color":"","background-image":"","background-repeat":"repeat","background-position":"center center","background-size":"auto","background-attachment":"scroll","background-type":"","background-media":"","overlay-type":"","overlay-color":"","overlay-opacity":"","overlay-gradient":""},"tablet":{"background-color":"","background-image":"","background-repeat":"repeat","background-position":"center center","background-size":"auto","background-attachment":"scroll","background-type":"","background-media":"","overlay-type":"","overlay-color":"","overlay-opacity":"","overlay-gradient":""},"mobile":{"background-color":"","background-image":"","background-repeat":"repeat","background-position":"center center","background-size":"auto","background-attachment":"scroll","background-type":"","background-media":"","overlay-type":"","overlay-color":"","overlay-opacity":"","overlay-gradient":""}},"ast-content-background-meta":{"desktop":{"background-color":"var(--ast-global-color-4)","background-image":"","background-repeat":"repeat","background-position":"center center","background-size":"auto","background-attachment":"scroll","background-type":"","background-media":"","overlay-type":"","overlay-color":"","overlay-opacity":"","overlay-gradient":""},"tablet":{"background-color":"var(--ast-global-color-4)","background-image":"","background-repeat":"repeat","background-position":"center center","background-size":"auto","background-attachment":"scroll","background-type":"","background-media":"","overlay-type":"","overlay-color":"","overlay-opacity":"","overlay-gradient":""},"mobile":{"background-color":"var(--ast-global-color-4)","background-image":"","background-repeat":"repeat","background-position":"center center","background-size":"auto","background-attachment":"scroll","background-type":"","background-media":"","overlay-type":"","overlay-color":"","overlay-opacity":"","overlay-gradient":""}}},"product_brand":[],"product_cat":[31],"product_tag":[9436],"class_list":{"0":"post-23004","1":"product","2":"type-product","3":"status-publish","4":"has-post-thumbnail","6":"product_cat-grozine-literatura","7":"product_tag-lttaylor-jenkins-reid","8":"desktop-align-left","9":"tablet-align-left","10":"mobile-align-left","12":"first","13":"instock","14":"shipping-taxable","15":"purchasable","16":"product-type-simple"},"acf":[],"yoast_head":"<!-- This site is optimized with the Yoast SEO plugin v27.0 - https:\/\/yoast.com\/product\/yoast-seo-wordpress\/ -->\n<title>Malibu ant bangos (pagelt\u0119 lapai)<\/title>\n<meta name=\"description\" content=\"\u201eNew York Times&quot; bestseleri\u0173 \u201eSeptyni Evelinos Hugo vyrai&quot;, \u201eVienintel\u0117 tikra meil\u0117&quot; ir \u201eDaisy Jones &amp; The Six&quot; autor\u0117 pristato... Garsus ketvertas rengia\" \/>\n<meta name=\"robots\" content=\"index, follow, max-snippet:-1, max-image-preview:large, max-video-preview:-1\" \/>\n<link rel=\"canonical\" href=\"https:\/\/skaitytaknyga.lt\/en\/produktas\/malibu-ant-bangos-pagelte-lapai\/\" \/>\n<meta property=\"og:locale\" content=\"en_GB\" \/>\n<meta property=\"og:locale:alternate\" content=\"lt_LT\" \/>\n<meta property=\"og:type\" content=\"article\" \/>\n<meta property=\"og:title\" content=\"Malibu ant bangos (pagelt\u0119 lapai)\" \/>\n<meta property=\"og:description\" content=\"\u201eNew York Times&quot; bestseleri\u0173 \u201eSeptyni Evelinos Hugo vyrai&quot;, \u201eVienintel\u0117 tikra meil\u0117&quot; ir \u201eDaisy Jones &amp; The Six&quot; autor\u0117 pristato... Garsus ketvertas rengia\" \/>\n<meta property=\"og:url\" content=\"https:\/\/skaitytaknyga.lt\/en\/produktas\/malibu-ant-bangos-pagelte-lapai\/\" \/>\n<meta property=\"og:site_name\" content=\"Skaitytaknyga\" \/>\n<meta property=\"article:publisher\" content=\"https:\/\/www.facebook.com\/skaitytaknyga\/\" \/>\n<meta property=\"article:modified_time\" content=\"2026-02-12T09:10:11+00:00\" \/>\n<meta property=\"og:image\" content=\"https:\/\/skaitytaknyga.lt\/wp-content\/uploads\/2026\/02\/Malibu-ant-bangos.webp\" \/>\n\t<meta property=\"og:image:width\" content=\"300\" \/>\n\t<meta property=\"og:image:height\" content=\"436\" \/>\n\t<meta property=\"og:image:type\" content=\"image\/webp\" \/>\n<meta name=\"twitter:card\" content=\"summary_large_image\" \/>\n<meta name=\"twitter:label1\" content=\"Estimated reading time\" \/>\n\t<meta name=\"twitter:data1\" content=\"1 minute\" \/>\n<script type=\"application\/ld+json\" class=\"yoast-schema-graph\">{\"@context\":\"https:\/\/schema.org\",\"@graph\":[{\"@type\":\"WebPage\",\"@id\":\"https:\/\/skaitytaknyga.lt\/produktas\/malibu-ant-bangos-pagelte-lapai\/\",\"url\":\"https:\/\/skaitytaknyga.lt\/produktas\/malibu-ant-bangos-pagelte-lapai\/\",\"name\":\"Malibu ant bangos (pagelt\u0119 lapai)\",\"isPartOf\":{\"@id\":\"https:\/\/skaitytaknyga.lt\/#website\"},\"primaryImageOfPage\":{\"@id\":\"https:\/\/skaitytaknyga.lt\/produktas\/malibu-ant-bangos-pagelte-lapai\/#primaryimage\"},\"image\":{\"@id\":\"https:\/\/skaitytaknyga.lt\/produktas\/malibu-ant-bangos-pagelte-lapai\/#primaryimage\"},\"thumbnailUrl\":\"https:\/\/skaitytaknyga.lt\/wp-content\/uploads\/2026\/02\/Malibu-ant-bangos.webp\",\"datePublished\":\"2026-02-11T11:03:03+00:00\",\"dateModified\":\"2026-02-12T09:10:11+00:00\",\"description\":\"\u201eNew York Times\\\" bestseleri\u0173 \u201eSeptyni Evelinos Hugo vyrai\\\", \u201eVienintel\u0117 tikra meil\u0117\\\" ir \u201eDaisy Jones & The Six\\\" autor\u0117 pristato... Garsus ketvertas rengia\",\"breadcrumb\":{\"@id\":\"https:\/\/skaitytaknyga.lt\/produktas\/malibu-ant-bangos-pagelte-lapai\/#breadcrumb\"},\"inLanguage\":\"en-GB\",\"potentialAction\":[{\"@type\":\"ReadAction\",\"target\":[\"https:\/\/skaitytaknyga.lt\/produktas\/malibu-ant-bangos-pagelte-lapai\/\"]}]},{\"@type\":\"ImageObject\",\"inLanguage\":\"en-GB\",\"@id\":\"https:\/\/skaitytaknyga.lt\/produktas\/malibu-ant-bangos-pagelte-lapai\/#primaryimage\",\"url\":\"https:\/\/skaitytaknyga.lt\/wp-content\/uploads\/2026\/02\/Malibu-ant-bangos.webp\",\"contentUrl\":\"https:\/\/skaitytaknyga.lt\/wp-content\/uploads\/2026\/02\/Malibu-ant-bangos.webp\",\"width\":300,\"height\":436},{\"@type\":\"BreadcrumbList\",\"@id\":\"https:\/\/skaitytaknyga.lt\/produktas\/malibu-ant-bangos-pagelte-lapai\/#breadcrumb\",\"itemListElement\":[{\"@type\":\"ListItem\",\"position\":1,\"name\":\"Home\",\"item\":\"https:\/\/skaitytaknyga.lt\/\"},{\"@type\":\"ListItem\",\"position\":2,\"name\":\"Parduotuv\u0117\",\"item\":\"https:\/\/skaitytaknyga.lt\/knygu-parduotuve\/\"},{\"@type\":\"ListItem\",\"position\":3,\"name\":\"Malibu ant bangos (pagelt\u0119 lapai)\"}]},{\"@type\":\"WebSite\",\"@id\":\"https:\/\/skaitytaknyga.lt\/#website\",\"url\":\"https:\/\/skaitytaknyga.lt\/\",\"name\":\"skaitytaknyga.lt\",\"description\":\"Skaitytaknyga.lt \u2013 tai ma\u017eas \u0161eimos verslas, kuris prasid\u0117jo nuo meil\u0117s knygoms ir siekio i\u0161gelb\u0117ti knygas nuo likimo prie konteinerio. Kas vienam nereikalingas daiktas \u2013 kitam lobis, o mes esame tarpininkai, kurie padeda abiems tapti laimingesniems ???? \u017dinome kaip nelengva i\u0161gyventi ma\u017eiems verslams, tad nuo \u0161iol, \u010dia rasite ir kit\u0173, ma\u017e\u0173 \u0161eim\u0173 versl\u0173, rank\u0173 darbo, dovan\u0173 sau ir artimiesiems.\",\"publisher\":{\"@id\":\"https:\/\/skaitytaknyga.lt\/#organization\"},\"potentialAction\":[{\"@type\":\"SearchAction\",\"target\":{\"@type\":\"EntryPoint\",\"urlTemplate\":\"https:\/\/skaitytaknyga.lt\/?s={search_term_string}\"},\"query-input\":{\"@type\":\"PropertyValueSpecification\",\"valueRequired\":true,\"valueName\":\"search_term_string\"}}],\"inLanguage\":\"en-GB\"},{\"@type\":\"Organization\",\"@id\":\"https:\/\/skaitytaknyga.lt\/#organization\",\"name\":\"skaitytaknyga.lt\",\"url\":\"https:\/\/skaitytaknyga.lt\/\",\"logo\":{\"@type\":\"ImageObject\",\"inLanguage\":\"en-GB\",\"@id\":\"https:\/\/skaitytaknyga.lt\/#\/schema\/logo\/image\/\",\"url\":\"https:\/\/skaitytaknyga.lt\/wp-content\/uploads\/2024\/05\/cropped-cropped-cropped-02_00843_jt3bggkj1j3HLc7SyY6rEUpg.jpeg\",\"contentUrl\":\"https:\/\/skaitytaknyga.lt\/wp-content\/uploads\/2024\/05\/cropped-cropped-cropped-02_00843_jt3bggkj1j3HLc7SyY6rEUpg.jpeg\",\"width\":1600,\"height\":1600,\"caption\":\"skaitytaknyga.lt\"},\"image\":{\"@id\":\"https:\/\/skaitytaknyga.lt\/#\/schema\/logo\/image\/\"},\"sameAs\":[\"https:\/\/www.facebook.com\/skaitytaknyga\/\"]}]}<\/script>\n<!-- \/ Yoast SEO plugin. -->","yoast_head_json":{"title":"Malibu ant bangos (pagelt\u0119 lapai)","description":"\u201eNew York Times\" bestseleri\u0173 \u201eSeptyni Evelinos Hugo vyrai\", \u201eVienintel\u0117 tikra meil\u0117\" ir \u201eDaisy Jones & The Six\" autor\u0117 pristato... Garsus ketvertas rengia","robots":{"index":"index","follow":"follow","max-snippet":"max-snippet:-1","max-image-preview":"max-image-preview:large","max-video-preview":"max-video-preview:-1"},"canonical":"https:\/\/skaitytaknyga.lt\/en\/produktas\/malibu-ant-bangos-pagelte-lapai\/","og_locale":"en_GB","og_type":"article","og_title":"[:lt]Malibu ant bangos (pagelt\u0119 lapai)[:] - Skaitytaknyga","og_description":"\u201eNew York Times\" bestseleri\u0173 \u201eSeptyni Evelinos Hugo vyrai\", \u201eVienintel\u0117 tikra meil\u0117\" ir \u201eDaisy Jones & The Six\" autor\u0117 pristato... Garsus ketvertas rengia","og_url":"https:\/\/skaitytaknyga.lt\/en\/produktas\/malibu-ant-bangos-pagelte-lapai\/","og_site_name":"Skaitytaknyga","article_publisher":"https:\/\/www.facebook.com\/skaitytaknyga\/","article_modified_time":"2026-02-12T09:10:11+00:00","og_image":[{"width":300,"height":436,"url":"https:\/\/skaitytaknyga.lt\/wp-content\/uploads\/2026\/02\/Malibu-ant-bangos.webp","type":"image\/webp"}],"twitter_card":"summary_large_image","twitter_misc":{"Estimated reading time":"1 minute"},"schema":{"@context":"https:\/\/schema.org","@graph":[{"@type":"WebPage","@id":"https:\/\/skaitytaknyga.lt\/produktas\/malibu-ant-bangos-pagelte-lapai\/","url":"https:\/\/skaitytaknyga.lt\/produktas\/malibu-ant-bangos-pagelte-lapai\/","name":"Malibu ant bangos (pagelt\u0119 lapai)","isPartOf":{"@id":"https:\/\/skaitytaknyga.lt\/#website"},"primaryImageOfPage":{"@id":"https:\/\/skaitytaknyga.lt\/produktas\/malibu-ant-bangos-pagelte-lapai\/#primaryimage"},"image":{"@id":"https:\/\/skaitytaknyga.lt\/produktas\/malibu-ant-bangos-pagelte-lapai\/#primaryimage"},"thumbnailUrl":"https:\/\/skaitytaknyga.lt\/wp-content\/uploads\/2026\/02\/Malibu-ant-bangos.webp","datePublished":"2026-02-11T11:03:03+00:00","dateModified":"2026-02-12T09:10:11+00:00","description":"\u201eNew York Times\" bestseleri\u0173 \u201eSeptyni Evelinos Hugo vyrai\", \u201eVienintel\u0117 tikra meil\u0117\" ir \u201eDaisy Jones & The Six\" autor\u0117 pristato... Garsus ketvertas rengia","breadcrumb":{"@id":"https:\/\/skaitytaknyga.lt\/produktas\/malibu-ant-bangos-pagelte-lapai\/#breadcrumb"},"inLanguage":"en-GB","potentialAction":[{"@type":"ReadAction","target":["https:\/\/skaitytaknyga.lt\/produktas\/malibu-ant-bangos-pagelte-lapai\/"]}]},{"@type":"ImageObject","inLanguage":"en-GB","@id":"https:\/\/skaitytaknyga.lt\/produktas\/malibu-ant-bangos-pagelte-lapai\/#primaryimage","url":"https:\/\/skaitytaknyga.lt\/wp-content\/uploads\/2026\/02\/Malibu-ant-bangos.webp","contentUrl":"https:\/\/skaitytaknyga.lt\/wp-content\/uploads\/2026\/02\/Malibu-ant-bangos.webp","width":300,"height":436},{"@type":"BreadcrumbList","@id":"https:\/\/skaitytaknyga.lt\/produktas\/malibu-ant-bangos-pagelte-lapai\/#breadcrumb","itemListElement":[{"@type":"ListItem","position":1,"name":"Home","item":"https:\/\/skaitytaknyga.lt\/"},{"@type":"ListItem","position":2,"name":"Parduotuv\u0117","item":"https:\/\/skaitytaknyga.lt\/knygu-parduotuve\/"},{"@type":"ListItem","position":3,"name":"Malibu ant bangos (pagelt\u0119 lapai)"}]},{"@type":"WebSite","@id":"https:\/\/skaitytaknyga.lt\/#website","url":"https:\/\/skaitytaknyga.lt\/","name":"skaitytaknyga.lt","description":"Skaitytaknyga.lt \u2013 tai ma\u017eas \u0161eimos verslas, kuris prasid\u0117jo nuo meil\u0117s knygoms ir siekio i\u0161gelb\u0117ti knygas nuo likimo prie konteinerio. Kas vienam nereikalingas daiktas \u2013 kitam lobis, o mes esame tarpininkai, kurie padeda abiems tapti laimingesniems ???? \u017dinome kaip nelengva i\u0161gyventi ma\u017eiems verslams, tad nuo \u0161iol, \u010dia rasite ir kit\u0173, ma\u017e\u0173 \u0161eim\u0173 versl\u0173, rank\u0173 darbo, dovan\u0173 sau ir artimiesiems.","publisher":{"@id":"https:\/\/skaitytaknyga.lt\/#organization"},"potentialAction":[{"@type":"SearchAction","target":{"@type":"EntryPoint","urlTemplate":"https:\/\/skaitytaknyga.lt\/?s={search_term_string}"},"query-input":{"@type":"PropertyValueSpecification","valueRequired":true,"valueName":"search_term_string"}}],"inLanguage":"en-GB"},{"@type":"Organization","@id":"https:\/\/skaitytaknyga.lt\/#organization","name":"skaitytaknyga.lt","url":"https:\/\/skaitytaknyga.lt\/","logo":{"@type":"ImageObject","inLanguage":"en-GB","@id":"https:\/\/skaitytaknyga.lt\/#\/schema\/logo\/image\/","url":"https:\/\/skaitytaknyga.lt\/wp-content\/uploads\/2024\/05\/cropped-cropped-cropped-02_00843_jt3bggkj1j3HLc7SyY6rEUpg.jpeg","contentUrl":"https:\/\/skaitytaknyga.lt\/wp-content\/uploads\/2024\/05\/cropped-cropped-cropped-02_00843_jt3bggkj1j3HLc7SyY6rEUpg.jpeg","width":1600,"height":1600,"caption":"skaitytaknyga.lt"},"image":{"@id":"https:\/\/skaitytaknyga.lt\/#\/schema\/logo\/image\/"},"sameAs":["https:\/\/www.facebook.com\/skaitytaknyga\/"]}]}},"_links":{"self":[{"href":"https:\/\/skaitytaknyga.lt\/en\/wp-json\/wp\/v2\/product\/23004","targetHints":{"allow":["GET"]}}],"collection":[{"href":"https:\/\/skaitytaknyga.lt\/en\/wp-json\/wp\/v2\/product"}],"about":[{"href":"https:\/\/skaitytaknyga.lt\/en\/wp-json\/wp\/v2\/types\/product"}],"replies":[{"embeddable":true,"href":"https:\/\/skaitytaknyga.lt\/en\/wp-json\/wp\/v2\/comments?post=23004"}],"wp:featuredmedia":[{"embeddable":true,"href":"https:\/\/skaitytaknyga.lt\/en\/wp-json\/wp\/v2\/media\/23009"}],"wp:attachment":[{"href":"https:\/\/skaitytaknyga.lt\/en\/wp-json\/wp\/v2\/media?parent=23004"}],"wp:term":[{"taxonomy":"product_brand","embeddable":true,"href":"https:\/\/skaitytaknyga.lt\/en\/wp-json\/wp\/v2\/product_brand?post=23004"},{"taxonomy":"product_cat","embeddable":true,"href":"https:\/\/skaitytaknyga.lt\/en\/wp-json\/wp\/v2\/product_cat?post=23004"},{"taxonomy":"product_tag","embeddable":true,"href":"https:\/\/skaitytaknyga.lt\/en\/wp-json\/wp\/v2\/product_tag?post=23004"}],"curies":[{"name":"wp","href":"https:\/\/api.w.org\/{rel}","templated":true}]}}