{"id":23003,"date":"2026-02-11T13:03:03","date_gmt":"2026-02-11T11:03:03","guid":{"rendered":"https:\/\/skaitytaknyga.lt\/?post_type=product&#038;p=23003"},"modified":"2026-02-11T13:27:31","modified_gmt":"2026-02-11T11:27:31","slug":"vernonas-subutexas-1-pagelte-lapai","status":"publish","type":"product","link":"https:\/\/skaitytaknyga.lt\/en\/produktas\/vernonas-subutexas-1-pagelte-lapai\/","title":{"rendered":"VERNONAS SUBUTEXAS 1 (pagelt\u0119 lapai)"},"content":{"rendered":"<p>Kas yra Vernonas Subutexas?<br \/>\nMiesto legenda. Puol\u0119s \u017emogus. Visuomen\u0117s veidrodis.<\/p>\n<p>Vernonas Subutexas ne taip jau seniai tur\u0117jo kultin\u0119 muzikos \u012fra\u0161\u0173 parduotuv\u0119 \u201eRevolveris&#8221;. De\u0161imtajame de\u0161imtmetyje legendos apie j\u012f skland\u0117 po vis\u0105 Pary\u017ei\u0173. \u017davus, laisvas, pa\u0161\u0117l\u0119s rokeris, \u0161ird\u017ei\u0173 \u0117dikas. Ta\u010diau 2006-aisiais, at\u0117jus interneto am\u017eiui ir vinil\u0173 nuosmukiui, \u012fra\u0161\u0173 parduotuv\u0117 bankrutuoja, o Vernono reputacija \u017elunga. Pasibaigus santaupoms, kaupiantis skoloms ir mirus turtingam draugui, kuris mok\u0117davo u\u017e jo buto nuom\u0105, Vernonas Subutexas atsiduria Pary\u017eiaus gatv\u0117se \u2013 visuomen\u0117s paribiuose.<\/p>\n<p>Vienintel\u0117 Vernono Subutexo korta \u2013 trys kaset\u0117s, kuriose u\u017efiksuota paskutin\u0117 Alekso Bli\u010do, k\u0105 tik nuo perdozavimo mirusio garsaus muzikanto ir Vernono \u0161elp\u0117jo, i\u0161pa\u017eintis. Ie\u0161kodamas naudos, Vernonas neapdairiai paskleid\u017eia \u017eini\u0105 apie kasetes, ir netrukus minia \u017emoni\u0173 \u2013 nuo kino prodiuseri\u0173 iki detektyv\u0173 ir garsenybi\u0173, \u2013 Vernonui n\u0117 ne\u012ftariant, jau lipa jam ant kuln\u0173.<\/p>\n<p>Virginie Despentes (Vir\u017eini Depant, g. 1969) \u2013 pranc\u016bz\u0173 ra\u0161ytoja ir kino re\u017eisier\u0117. Pirmasis V. Despentes filmas, 2000 m. pastatytas Pranc\u016bzijoje pagal roman\u0105 \u201eBaise-moi\u201c (1993), d\u0117l kontroversi\u0161ko turinio buvo u\u017edraustas rodyti, \u2013 tokia k\u016brinio cenz\u016bra suk\u0117l\u0117 daugelio meninink\u0173 pasipiktinim\u0105. Jos es\u0117 knyga \u201eKing Kong Th\u00e9orie\u201c (2006) tapo vienu svarbiausi\u0173 \u0161i\u0173 dien\u0173 feminizmo manifest\u0173. V. Despentes para\u0161\u0117 daugiau kaip 15 gro\u017eini\u0173 k\u016brini\u0173 ir yra apdovanota daugeliu pranc\u016bz\u0173 literat\u016bros premij\u0173. Did\u017eiausios s\u0117km\u0117s tarptautiniu mastu sulauk\u0117 jos trilogija \u201eVernonas Subutexas\u201c. Ji i\u0161versta \u012f 24 kalbas, o vien Pranc\u016bzijoje parduota per milijon\u0105 jos egzempliori\u0173. Pirmoji trilogijos knyga \u201eVernonas Subutexas 1\u201c pateko \u012f trump\u0105j\u012f \u201eMan Booker International\u201c 2018 s\u0105ra\u0161\u0105.<\/p>\n","protected":false},"excerpt":{"rendered":"<p>Kas yra Vernonas Subutexas? Miesto legenda. Puol\u0119s \u017emogus. Visuomen\u0117s veidrodis. Vernonas Subutexas ne taip jau seniai tur\u0117jo kultin\u0119 muzikos \u012fra\u0161\u0173 parduotuv\u0119 \u201eRevolveris&#8221;. De\u0161imtajame de\u0161imtmetyje legendos apie j\u012f skland\u0117 po vis\u0105 Pary\u017ei\u0173. \u017davus, laisvas, pa\u0161\u0117l\u0119s rokeris, \u0161ird\u017ei\u0173 \u0117dikas. Ta\u010diau 2006-aisiais, at\u0117jus interneto am\u017eiui ir vinil\u0173 nuosmukiui, \u012fra\u0161\u0173 parduotuv\u0117 bankrutuoja, o Vernono reputacija \u017elunga. Pasibaigus santaupoms, kaupiantis skoloms ir mirus turtingam draugui, kuris mok\u0117davo u\u017e jo buto nuom\u0105, Vernonas Subutexas atsiduria Pary\u017eiaus gatv\u0117se \u2013 visuomen\u0117s paribiuose. Vienintel\u0117 Vernono Subutexo korta \u2013 trys kaset\u0117s, kuriose u\u017efiksuota paskutin\u0117 Alekso Bli\u010do, k\u0105 tik nuo perdozavimo mirusio garsaus muzikanto ir Vernono \u0161elp\u0117jo, i\u0161pa\u017eintis. Ie\u0161kodamas naudos, Vernonas neapdairiai paskleid\u017eia \u017eini\u0105 apie kasetes, ir netrukus minia \u017emoni\u0173 \u2013 nuo kino prodiuseri\u0173 iki detektyv\u0173 ir garsenybi\u0173, \u2013 Vernonui n\u0117 ne\u012ftariant, jau lipa jam ant kuln\u0173. Virginie Despentes (Vir\u017eini Depant, g. 1969) \u2013 pranc\u016bz\u0173 ra\u0161ytoja ir kino re\u017eisier\u0117. Pirmasis V. Despentes filmas, 2000 m. pastatytas Pranc\u016bzijoje pagal roman\u0105 \u201eBaise-moi\u201c (1993), d\u0117l kontroversi\u0161ko turinio buvo u\u017edraustas rodyti, \u2013 tokia k\u016brinio cenz\u016bra suk\u0117l\u0117 daugelio meninink\u0173 pasipiktinim\u0105. Jos es\u0117 knyga \u201eKing Kong Th\u00e9orie\u201c (2006) tapo vienu svarbiausi\u0173 \u0161i\u0173 dien\u0173 feminizmo manifest\u0173. V. Despentes para\u0161\u0117 daugiau kaip 15 gro\u017eini\u0173 k\u016brini\u0173 ir yra apdovanota daugeliu pranc\u016bz\u0173 literat\u016bros premij\u0173. Did\u017eiausios s\u0117km\u0117s tarptautiniu mastu sulauk\u0117 jos trilogija \u201eVernonas Subutexas\u201c. Ji i\u0161versta \u012f 24 kalbas, o vien Pranc\u016bzijoje parduota per milijon\u0105 jos egzempliori\u0173. Pirmoji trilogijos knyga \u201eVernonas Subutexas 1\u201c pateko \u012f trump\u0105j\u012f \u201eMan Booker International\u201c 2018 s\u0105ra\u0161\u0105.<\/p>\n","protected":false},"featured_media":23008,"comment_status":"open","ping_status":"closed","template":"","meta":{"_acf_changed":false,"site-sidebar-layout":"default","site-content-layout":"","ast-site-content-layout":"default","site-content-style":"default","site-sidebar-style":"default","ast-global-header-display":"","ast-banner-title-visibility":"","ast-main-header-display":"","ast-hfb-above-header-display":"","ast-hfb-below-header-display":"","ast-hfb-mobile-header-display":"","site-post-title":"","ast-breadcrumbs-content":"","ast-featured-img":"","footer-sml-layout":"","ast-disable-related-posts":"","theme-transparent-header-meta":"","adv-header-id-meta":"","stick-header-meta":"","header-above-stick-meta":"","header-main-stick-meta":"","header-below-stick-meta":"","astra-migrate-meta-layouts":"default","ast-page-background-enabled":"default","ast-page-background-meta":{"desktop":{"background-color":"","background-image":"","background-repeat":"repeat","background-position":"center center","background-size":"auto","background-attachment":"scroll","background-type":"","background-media":"","overlay-type":"","overlay-color":"","overlay-opacity":"","overlay-gradient":""},"tablet":{"background-color":"","background-image":"","background-repeat":"repeat","background-position":"center center","background-size":"auto","background-attachment":"scroll","background-type":"","background-media":"","overlay-type":"","overlay-color":"","overlay-opacity":"","overlay-gradient":""},"mobile":{"background-color":"","background-image":"","background-repeat":"repeat","background-position":"center center","background-size":"auto","background-attachment":"scroll","background-type":"","background-media":"","overlay-type":"","overlay-color":"","overlay-opacity":"","overlay-gradient":""}},"ast-content-background-meta":{"desktop":{"background-color":"var(--ast-global-color-4)","background-image":"","background-repeat":"repeat","background-position":"center center","background-size":"auto","background-attachment":"scroll","background-type":"","background-media":"","overlay-type":"","overlay-color":"","overlay-opacity":"","overlay-gradient":""},"tablet":{"background-color":"var(--ast-global-color-4)","background-image":"","background-repeat":"repeat","background-position":"center center","background-size":"auto","background-attachment":"scroll","background-type":"","background-media":"","overlay-type":"","overlay-color":"","overlay-opacity":"","overlay-gradient":""},"mobile":{"background-color":"var(--ast-global-color-4)","background-image":"","background-repeat":"repeat","background-position":"center center","background-size":"auto","background-attachment":"scroll","background-type":"","background-media":"","overlay-type":"","overlay-color":"","overlay-opacity":"","overlay-gradient":""}}},"product_brand":[],"product_cat":[31],"product_tag":[],"class_list":{"0":"post-23003","1":"product","2":"type-product","3":"status-publish","4":"has-post-thumbnail","6":"product_cat-grozine-literatura","7":"desktop-align-left","8":"tablet-align-left","9":"mobile-align-left","11":"first","12":"instock","13":"shipping-taxable","14":"purchasable","15":"product-type-simple"},"acf":[],"yoast_head":"<!-- This site is optimized with the Yoast SEO plugin v27.0 - https:\/\/yoast.com\/product\/yoast-seo-wordpress\/ -->\n<title>VERNONAS SUBUTEXAS 1 (pagelt\u0119 lapai)<\/title>\n<meta name=\"description\" content=\"Kas yra Vernonas Subutexas? Miesto legenda. Puol\u0119s \u017emogus. Visuomen\u0117s veidrodis. Vernonas Subutexas ne taip jau seniai tur\u0117jo kultin\u0119 muzikos \u012fra\u0161\u0173\" \/>\n<meta name=\"robots\" content=\"index, follow, max-snippet:-1, max-image-preview:large, max-video-preview:-1\" \/>\n<link rel=\"canonical\" href=\"https:\/\/skaitytaknyga.lt\/en\/produktas\/vernonas-subutexas-1-pagelte-lapai\/\" \/>\n<meta property=\"og:locale\" content=\"en_GB\" \/>\n<meta property=\"og:locale:alternate\" content=\"lt_LT\" \/>\n<meta property=\"og:type\" content=\"article\" \/>\n<meta property=\"og:title\" content=\"VERNONAS SUBUTEXAS 1 (pagelt\u0119 lapai)\" \/>\n<meta property=\"og:description\" content=\"Kas yra Vernonas Subutexas? Miesto legenda. Puol\u0119s \u017emogus. Visuomen\u0117s veidrodis. Vernonas Subutexas ne taip jau seniai tur\u0117jo kultin\u0119 muzikos \u012fra\u0161\u0173\" \/>\n<meta property=\"og:url\" content=\"https:\/\/skaitytaknyga.lt\/en\/produktas\/vernonas-subutexas-1-pagelte-lapai\/\" \/>\n<meta property=\"og:site_name\" content=\"Skaitytaknyga\" \/>\n<meta property=\"article:publisher\" content=\"https:\/\/www.facebook.com\/skaitytaknyga\/\" \/>\n<meta property=\"article:modified_time\" content=\"2026-02-11T11:27:31+00:00\" \/>\n<meta property=\"og:image\" content=\"https:\/\/skaitytaknyga.lt\/wp-content\/uploads\/2026\/02\/VERNONAS-SUBUTEXAS-1.-1.webp\" \/>\n\t<meta property=\"og:image:width\" content=\"300\" \/>\n\t<meta property=\"og:image:height\" content=\"434\" \/>\n\t<meta property=\"og:image:type\" content=\"image\/webp\" \/>\n<meta name=\"twitter:card\" content=\"summary_large_image\" \/>\n<meta name=\"twitter:label1\" content=\"Estimated reading time\" \/>\n\t<meta name=\"twitter:data1\" content=\"1 minute\" \/>\n<script type=\"application\/ld+json\" class=\"yoast-schema-graph\">{\"@context\":\"https:\/\/schema.org\",\"@graph\":[{\"@type\":\"WebPage\",\"@id\":\"https:\/\/skaitytaknyga.lt\/produktas\/vernonas-subutexas-1-pagelte-lapai\/\",\"url\":\"https:\/\/skaitytaknyga.lt\/produktas\/vernonas-subutexas-1-pagelte-lapai\/\",\"name\":\"VERNONAS SUBUTEXAS 1 (pagelt\u0119 lapai)\",\"isPartOf\":{\"@id\":\"https:\/\/skaitytaknyga.lt\/#website\"},\"primaryImageOfPage\":{\"@id\":\"https:\/\/skaitytaknyga.lt\/produktas\/vernonas-subutexas-1-pagelte-lapai\/#primaryimage\"},\"image\":{\"@id\":\"https:\/\/skaitytaknyga.lt\/produktas\/vernonas-subutexas-1-pagelte-lapai\/#primaryimage\"},\"thumbnailUrl\":\"https:\/\/skaitytaknyga.lt\/wp-content\/uploads\/2026\/02\/VERNONAS-SUBUTEXAS-1.-1.webp\",\"datePublished\":\"2026-02-11T11:03:03+00:00\",\"dateModified\":\"2026-02-11T11:27:31+00:00\",\"description\":\"Kas yra Vernonas Subutexas? Miesto legenda. Puol\u0119s \u017emogus. Visuomen\u0117s veidrodis. Vernonas Subutexas ne taip jau seniai tur\u0117jo kultin\u0119 muzikos \u012fra\u0161\u0173\",\"breadcrumb\":{\"@id\":\"https:\/\/skaitytaknyga.lt\/produktas\/vernonas-subutexas-1-pagelte-lapai\/#breadcrumb\"},\"inLanguage\":\"en-GB\",\"potentialAction\":[{\"@type\":\"ReadAction\",\"target\":[\"https:\/\/skaitytaknyga.lt\/produktas\/vernonas-subutexas-1-pagelte-lapai\/\"]}]},{\"@type\":\"ImageObject\",\"inLanguage\":\"en-GB\",\"@id\":\"https:\/\/skaitytaknyga.lt\/produktas\/vernonas-subutexas-1-pagelte-lapai\/#primaryimage\",\"url\":\"https:\/\/skaitytaknyga.lt\/wp-content\/uploads\/2026\/02\/VERNONAS-SUBUTEXAS-1.-1.webp\",\"contentUrl\":\"https:\/\/skaitytaknyga.lt\/wp-content\/uploads\/2026\/02\/VERNONAS-SUBUTEXAS-1.-1.webp\",\"width\":300,\"height\":434,\"caption\":\"VERNONAS SUBUTEXAS 1.\"},{\"@type\":\"BreadcrumbList\",\"@id\":\"https:\/\/skaitytaknyga.lt\/produktas\/vernonas-subutexas-1-pagelte-lapai\/#breadcrumb\",\"itemListElement\":[{\"@type\":\"ListItem\",\"position\":1,\"name\":\"Home\",\"item\":\"https:\/\/skaitytaknyga.lt\/\"},{\"@type\":\"ListItem\",\"position\":2,\"name\":\"Parduotuv\u0117\",\"item\":\"https:\/\/skaitytaknyga.lt\/knygu-parduotuve\/\"},{\"@type\":\"ListItem\",\"position\":3,\"name\":\"VERNONAS SUBUTEXAS 1 (pagelt\u0119 lapai)\"}]},{\"@type\":\"WebSite\",\"@id\":\"https:\/\/skaitytaknyga.lt\/#website\",\"url\":\"https:\/\/skaitytaknyga.lt\/\",\"name\":\"skaitytaknyga.lt\",\"description\":\"Skaitytaknyga.lt \u2013 tai ma\u017eas \u0161eimos verslas, kuris prasid\u0117jo nuo meil\u0117s knygoms ir siekio i\u0161gelb\u0117ti knygas nuo likimo prie konteinerio. Kas vienam nereikalingas daiktas \u2013 kitam lobis, o mes esame tarpininkai, kurie padeda abiems tapti laimingesniems ???? \u017dinome kaip nelengva i\u0161gyventi ma\u017eiems verslams, tad nuo \u0161iol, \u010dia rasite ir kit\u0173, ma\u017e\u0173 \u0161eim\u0173 versl\u0173, rank\u0173 darbo, dovan\u0173 sau ir artimiesiems.\",\"publisher\":{\"@id\":\"https:\/\/skaitytaknyga.lt\/#organization\"},\"potentialAction\":[{\"@type\":\"SearchAction\",\"target\":{\"@type\":\"EntryPoint\",\"urlTemplate\":\"https:\/\/skaitytaknyga.lt\/?s={search_term_string}\"},\"query-input\":{\"@type\":\"PropertyValueSpecification\",\"valueRequired\":true,\"valueName\":\"search_term_string\"}}],\"inLanguage\":\"en-GB\"},{\"@type\":\"Organization\",\"@id\":\"https:\/\/skaitytaknyga.lt\/#organization\",\"name\":\"skaitytaknyga.lt\",\"url\":\"https:\/\/skaitytaknyga.lt\/\",\"logo\":{\"@type\":\"ImageObject\",\"inLanguage\":\"en-GB\",\"@id\":\"https:\/\/skaitytaknyga.lt\/#\/schema\/logo\/image\/\",\"url\":\"https:\/\/skaitytaknyga.lt\/wp-content\/uploads\/2024\/05\/cropped-cropped-cropped-02_00843_jt3bggkj1j3HLc7SyY6rEUpg.jpeg\",\"contentUrl\":\"https:\/\/skaitytaknyga.lt\/wp-content\/uploads\/2024\/05\/cropped-cropped-cropped-02_00843_jt3bggkj1j3HLc7SyY6rEUpg.jpeg\",\"width\":1600,\"height\":1600,\"caption\":\"skaitytaknyga.lt\"},\"image\":{\"@id\":\"https:\/\/skaitytaknyga.lt\/#\/schema\/logo\/image\/\"},\"sameAs\":[\"https:\/\/www.facebook.com\/skaitytaknyga\/\"]}]}<\/script>\n<!-- \/ Yoast SEO plugin. -->","yoast_head_json":{"title":"VERNONAS SUBUTEXAS 1 (pagelt\u0119 lapai)","description":"Kas yra Vernonas Subutexas? Miesto legenda. Puol\u0119s \u017emogus. Visuomen\u0117s veidrodis. Vernonas Subutexas ne taip jau seniai tur\u0117jo kultin\u0119 muzikos \u012fra\u0161\u0173","robots":{"index":"index","follow":"follow","max-snippet":"max-snippet:-1","max-image-preview":"max-image-preview:large","max-video-preview":"max-video-preview:-1"},"canonical":"https:\/\/skaitytaknyga.lt\/en\/produktas\/vernonas-subutexas-1-pagelte-lapai\/","og_locale":"en_GB","og_type":"article","og_title":"[:lt]VERNONAS SUBUTEXAS 1 (pagelt\u0119 lapai)[:] - Skaitytaknyga","og_description":"Kas yra Vernonas Subutexas? Miesto legenda. Puol\u0119s \u017emogus. Visuomen\u0117s veidrodis. Vernonas Subutexas ne taip jau seniai tur\u0117jo kultin\u0119 muzikos \u012fra\u0161\u0173","og_url":"https:\/\/skaitytaknyga.lt\/en\/produktas\/vernonas-subutexas-1-pagelte-lapai\/","og_site_name":"Skaitytaknyga","article_publisher":"https:\/\/www.facebook.com\/skaitytaknyga\/","article_modified_time":"2026-02-11T11:27:31+00:00","og_image":[{"width":300,"height":434,"url":"https:\/\/skaitytaknyga.lt\/wp-content\/uploads\/2026\/02\/VERNONAS-SUBUTEXAS-1.-1.webp","type":"image\/webp"}],"twitter_card":"summary_large_image","twitter_misc":{"Estimated reading time":"1 minute"},"schema":{"@context":"https:\/\/schema.org","@graph":[{"@type":"WebPage","@id":"https:\/\/skaitytaknyga.lt\/produktas\/vernonas-subutexas-1-pagelte-lapai\/","url":"https:\/\/skaitytaknyga.lt\/produktas\/vernonas-subutexas-1-pagelte-lapai\/","name":"VERNONAS SUBUTEXAS 1 (pagelt\u0119 lapai)","isPartOf":{"@id":"https:\/\/skaitytaknyga.lt\/#website"},"primaryImageOfPage":{"@id":"https:\/\/skaitytaknyga.lt\/produktas\/vernonas-subutexas-1-pagelte-lapai\/#primaryimage"},"image":{"@id":"https:\/\/skaitytaknyga.lt\/produktas\/vernonas-subutexas-1-pagelte-lapai\/#primaryimage"},"thumbnailUrl":"https:\/\/skaitytaknyga.lt\/wp-content\/uploads\/2026\/02\/VERNONAS-SUBUTEXAS-1.-1.webp","datePublished":"2026-02-11T11:03:03+00:00","dateModified":"2026-02-11T11:27:31+00:00","description":"Kas yra Vernonas Subutexas? Miesto legenda. Puol\u0119s \u017emogus. Visuomen\u0117s veidrodis. Vernonas Subutexas ne taip jau seniai tur\u0117jo kultin\u0119 muzikos \u012fra\u0161\u0173","breadcrumb":{"@id":"https:\/\/skaitytaknyga.lt\/produktas\/vernonas-subutexas-1-pagelte-lapai\/#breadcrumb"},"inLanguage":"en-GB","potentialAction":[{"@type":"ReadAction","target":["https:\/\/skaitytaknyga.lt\/produktas\/vernonas-subutexas-1-pagelte-lapai\/"]}]},{"@type":"ImageObject","inLanguage":"en-GB","@id":"https:\/\/skaitytaknyga.lt\/produktas\/vernonas-subutexas-1-pagelte-lapai\/#primaryimage","url":"https:\/\/skaitytaknyga.lt\/wp-content\/uploads\/2026\/02\/VERNONAS-SUBUTEXAS-1.-1.webp","contentUrl":"https:\/\/skaitytaknyga.lt\/wp-content\/uploads\/2026\/02\/VERNONAS-SUBUTEXAS-1.-1.webp","width":300,"height":434,"caption":"VERNONAS SUBUTEXAS 1."},{"@type":"BreadcrumbList","@id":"https:\/\/skaitytaknyga.lt\/produktas\/vernonas-subutexas-1-pagelte-lapai\/#breadcrumb","itemListElement":[{"@type":"ListItem","position":1,"name":"Home","item":"https:\/\/skaitytaknyga.lt\/"},{"@type":"ListItem","position":2,"name":"Parduotuv\u0117","item":"https:\/\/skaitytaknyga.lt\/knygu-parduotuve\/"},{"@type":"ListItem","position":3,"name":"VERNONAS SUBUTEXAS 1 (pagelt\u0119 lapai)"}]},{"@type":"WebSite","@id":"https:\/\/skaitytaknyga.lt\/#website","url":"https:\/\/skaitytaknyga.lt\/","name":"skaitytaknyga.lt","description":"Skaitytaknyga.lt \u2013 tai ma\u017eas \u0161eimos verslas, kuris prasid\u0117jo nuo meil\u0117s knygoms ir siekio i\u0161gelb\u0117ti knygas nuo likimo prie konteinerio. Kas vienam nereikalingas daiktas \u2013 kitam lobis, o mes esame tarpininkai, kurie padeda abiems tapti laimingesniems ???? \u017dinome kaip nelengva i\u0161gyventi ma\u017eiems verslams, tad nuo \u0161iol, \u010dia rasite ir kit\u0173, ma\u017e\u0173 \u0161eim\u0173 versl\u0173, rank\u0173 darbo, dovan\u0173 sau ir artimiesiems.","publisher":{"@id":"https:\/\/skaitytaknyga.lt\/#organization"},"potentialAction":[{"@type":"SearchAction","target":{"@type":"EntryPoint","urlTemplate":"https:\/\/skaitytaknyga.lt\/?s={search_term_string}"},"query-input":{"@type":"PropertyValueSpecification","valueRequired":true,"valueName":"search_term_string"}}],"inLanguage":"en-GB"},{"@type":"Organization","@id":"https:\/\/skaitytaknyga.lt\/#organization","name":"skaitytaknyga.lt","url":"https:\/\/skaitytaknyga.lt\/","logo":{"@type":"ImageObject","inLanguage":"en-GB","@id":"https:\/\/skaitytaknyga.lt\/#\/schema\/logo\/image\/","url":"https:\/\/skaitytaknyga.lt\/wp-content\/uploads\/2024\/05\/cropped-cropped-cropped-02_00843_jt3bggkj1j3HLc7SyY6rEUpg.jpeg","contentUrl":"https:\/\/skaitytaknyga.lt\/wp-content\/uploads\/2024\/05\/cropped-cropped-cropped-02_00843_jt3bggkj1j3HLc7SyY6rEUpg.jpeg","width":1600,"height":1600,"caption":"skaitytaknyga.lt"},"image":{"@id":"https:\/\/skaitytaknyga.lt\/#\/schema\/logo\/image\/"},"sameAs":["https:\/\/www.facebook.com\/skaitytaknyga\/"]}]}},"_links":{"self":[{"href":"https:\/\/skaitytaknyga.lt\/en\/wp-json\/wp\/v2\/product\/23003","targetHints":{"allow":["GET"]}}],"collection":[{"href":"https:\/\/skaitytaknyga.lt\/en\/wp-json\/wp\/v2\/product"}],"about":[{"href":"https:\/\/skaitytaknyga.lt\/en\/wp-json\/wp\/v2\/types\/product"}],"replies":[{"embeddable":true,"href":"https:\/\/skaitytaknyga.lt\/en\/wp-json\/wp\/v2\/comments?post=23003"}],"wp:featuredmedia":[{"embeddable":true,"href":"https:\/\/skaitytaknyga.lt\/en\/wp-json\/wp\/v2\/media\/23008"}],"wp:attachment":[{"href":"https:\/\/skaitytaknyga.lt\/en\/wp-json\/wp\/v2\/media?parent=23003"}],"wp:term":[{"taxonomy":"product_brand","embeddable":true,"href":"https:\/\/skaitytaknyga.lt\/en\/wp-json\/wp\/v2\/product_brand?post=23003"},{"taxonomy":"product_cat","embeddable":true,"href":"https:\/\/skaitytaknyga.lt\/en\/wp-json\/wp\/v2\/product_cat?post=23003"},{"taxonomy":"product_tag","embeddable":true,"href":"https:\/\/skaitytaknyga.lt\/en\/wp-json\/wp\/v2\/product_tag?post=23003"}],"curies":[{"name":"wp","href":"https:\/\/api.w.org\/{rel}","templated":true}]}}