{"id":23002,"date":"2026-02-11T13:03:02","date_gmt":"2026-02-11T11:03:02","guid":{"rendered":"https:\/\/skaitytaknyga.lt\/?post_type=product&#038;p=23002"},"modified":"2026-02-12T11:10:11","modified_gmt":"2026-02-12T09:10:11","slug":"moteru-sodas-pagelte-lapai","status":"publish","type":"product","link":"https:\/\/skaitytaknyga.lt\/en\/produktas\/moteru-sodas-pagelte-lapai\/","title":{"rendered":"Moter\u0173 sodas (pagelt\u0119 lapai)"},"content":{"rendered":"<p>Jolita Herlyn \u2013 Vokietijoje gyvenanti lietuvi\u0173 ra\u0161ytoja. Baigusi filosofijos studijas Maskvoje, d\u0117st\u0117 Klaip\u0117dos universitete, dirbo vietos spaudoje ir televizijoje. V\u0117liau persik\u0117l\u0117 \u012f Kopenhag\u0105, dirbo banke. I\u0161 \u010dia su \u0161eima persikraust\u0117 \u012f gimt\u0105j\u012f vyro miest\u0105 \u2013 Hamburg\u0105, ten gyvena jau de\u0161imt met\u0173.<\/p>\n<p>Kart\u0105 autor\u0117 sav\u0119s paklaus\u0117: kaip gal\u0117\u010diau pamilti \u0161\u012f miest\u0105? Ie\u0161kodama atsakymo, atrado \u012fsp\u016bding\u0105 Hamburgo istorij\u0105, jo \u017emones, parkus ir muziejus. Ir Salm\u0119, Afrikos saul\u0119 d\u0117l mylimo vyro i\u0161keitusi\u0105 \u012f \u0161iaurieti\u0161kus pav\u0117sius ir tapusi\u0105 pirm\u0105ja arabe, para\u0161iusia savo biografij\u0105. Visa tai \u012fkv\u0117p\u0117 autor\u0119 sukurti \u0161\u012f, jau de\u0161imt\u0105j\u012f, roman\u0105.<\/p>\n<p>Mieloji mano Monika, d\u0117koju tau u\u017e visk\u0105 ir pra\u0161au tik vieno: nebijok gyventi.<\/p>\n<p>Frederik\u0117<\/p>\n<p>Ant Elb\u0117s pakrant\u0117s stovi balta vila. Jos sode vaik\u0161tin\u0117ja povai. \u0160io namo \u0161eiminink\u0117, a\u0161tuoniasde\u0161imtmet\u012f perkopusi Frederik\u0117, kaip did\u017eiausi\u0105 vertyb\u0119 ant svetain\u0117s sienos pasikabinusi did\u017eiul\u012f Zanzibaro princes\u0117s Salm\u0117s portret\u0105. Su guvia senole gyvena Monika \u2013 lietuv\u0117 vert\u0117ja, po skyryb\u0173 atram\u0105 atradusi spalvinguose Frederik\u0117s pasakojimuose.<\/p>\n<p>Rami\u0105 Monikos gyvenimo t\u0117km\u0119 sutrikdo netik\u0117tai oro uoste nugirstas pokalbis. O kur dar protu sunkiai suvokiamas Frederik\u0117s pra\u0161ymas? Monikai tenka apsispr\u0119sti: per\u017eengti asmenines nuostatas ir pa\u017einti tikr\u0105j\u0105 meil\u0117s prigimt\u012f ar ginti savo \u012fsitikinimus, bet \u012fskaudinti mylimus \u017emones?<\/p>\n<p>Trys moterys ir trys j\u0173 gyvenimai, pa\u017eenklinti aistros ir sud\u0117ting\u0173 pasirinkim\u0173 na\u0161tos.<\/p>\n<p>13,50 \u20ac<br \/>\n15,00 \u20ac<br \/>\n Turime sand\u0117lyje<br \/>\nAkcija baigiasi u\u017e 5d.18:48:42<\/p>\n<p>Nuolaidos kodas galioja perkant nuo 5 \u20ac. Nuolaidos nesumuojamos.<\/p>\n<p>Prisijunkite ir u\u017e \u0161i\u0105 prek\u0119<br \/>\ngausite 0,15 Knyg\u0173 Eur\u0173!?<\/p>\n","protected":false},"excerpt":{"rendered":"<p>Jolita Herlyn \u2013 Vokietijoje gyvenanti lietuvi\u0173 ra\u0161ytoja. Baigusi filosofijos studijas Maskvoje, d\u0117st\u0117 Klaip\u0117dos universitete, dirbo vietos spaudoje ir televizijoje. V\u0117liau persik\u0117l\u0117 \u012f Kopenhag\u0105, dirbo banke. I\u0161 \u010dia su \u0161eima persikraust\u0117 \u012f gimt\u0105j\u012f vyro miest\u0105 \u2013 Hamburg\u0105, ten gyvena jau de\u0161imt met\u0173. Kart\u0105 autor\u0117 sav\u0119s paklaus\u0117: kaip gal\u0117\u010diau pamilti \u0161\u012f miest\u0105? Ie\u0161kodama atsakymo, atrado \u012fsp\u016bding\u0105 Hamburgo istorij\u0105, jo \u017emones, parkus ir muziejus. Ir Salm\u0119, Afrikos saul\u0119 d\u0117l mylimo vyro i\u0161keitusi\u0105 \u012f \u0161iaurieti\u0161kus pav\u0117sius ir tapusi\u0105 pirm\u0105ja arabe, para\u0161iusia savo biografij\u0105. Visa tai \u012fkv\u0117p\u0117 autor\u0119 sukurti \u0161\u012f, jau de\u0161imt\u0105j\u012f, roman\u0105. Mieloji mano Monika, d\u0117koju tau u\u017e visk\u0105 ir pra\u0161au tik vieno: nebijok gyventi. Frederik\u0117 Ant Elb\u0117s pakrant\u0117s stovi balta vila. Jos sode vaik\u0161tin\u0117ja povai. \u0160io namo \u0161eiminink\u0117, a\u0161tuoniasde\u0161imtmet\u012f perkopusi Frederik\u0117, kaip did\u017eiausi\u0105 vertyb\u0119 ant svetain\u0117s sienos pasikabinusi did\u017eiul\u012f Zanzibaro princes\u0117s Salm\u0117s portret\u0105. Su guvia senole gyvena Monika \u2013 lietuv\u0117 vert\u0117ja, po skyryb\u0173 atram\u0105 atradusi spalvinguose Frederik\u0117s pasakojimuose. Rami\u0105 Monikos gyvenimo t\u0117km\u0119 sutrikdo netik\u0117tai oro uoste nugirstas pokalbis. O kur dar protu sunkiai suvokiamas Frederik\u0117s pra\u0161ymas? Monikai tenka apsispr\u0119sti: per\u017eengti asmenines nuostatas ir pa\u017einti tikr\u0105j\u0105 meil\u0117s prigimt\u012f ar ginti savo \u012fsitikinimus, bet \u012fskaudinti mylimus \u017emones? Trys moterys ir trys j\u0173 gyvenimai, pa\u017eenklinti aistros ir sud\u0117ting\u0173 pasirinkim\u0173 na\u0161tos. 13,50 \u20ac 15,00 \u20ac Turime sand\u0117lyje Akcija baigiasi u\u017e 5d.18:48:42 Nuolaidos kodas galioja perkant nuo 5 \u20ac. Nuolaidos nesumuojamos. Prisijunkite ir u\u017e \u0161i\u0105 prek\u0119 gausite 0,15 Knyg\u0173 Eur\u0173!?<\/p>\n","protected":false},"featured_media":23007,"comment_status":"open","ping_status":"closed","template":"","meta":{"_acf_changed":false,"site-sidebar-layout":"default","site-content-layout":"","ast-site-content-layout":"default","site-content-style":"default","site-sidebar-style":"default","ast-global-header-display":"","ast-banner-title-visibility":"","ast-main-header-display":"","ast-hfb-above-header-display":"","ast-hfb-below-header-display":"","ast-hfb-mobile-header-display":"","site-post-title":"","ast-breadcrumbs-content":"","ast-featured-img":"","footer-sml-layout":"","ast-disable-related-posts":"","theme-transparent-header-meta":"","adv-header-id-meta":"","stick-header-meta":"","header-above-stick-meta":"","header-main-stick-meta":"","header-below-stick-meta":"","astra-migrate-meta-layouts":"default","ast-page-background-enabled":"default","ast-page-background-meta":{"desktop":{"background-color":"","background-image":"","background-repeat":"repeat","background-position":"center center","background-size":"auto","background-attachment":"scroll","background-type":"","background-media":"","overlay-type":"","overlay-color":"","overlay-opacity":"","overlay-gradient":""},"tablet":{"background-color":"","background-image":"","background-repeat":"repeat","background-position":"center center","background-size":"auto","background-attachment":"scroll","background-type":"","background-media":"","overlay-type":"","overlay-color":"","overlay-opacity":"","overlay-gradient":""},"mobile":{"background-color":"","background-image":"","background-repeat":"repeat","background-position":"center center","background-size":"auto","background-attachment":"scroll","background-type":"","background-media":"","overlay-type":"","overlay-color":"","overlay-opacity":"","overlay-gradient":""}},"ast-content-background-meta":{"desktop":{"background-color":"var(--ast-global-color-4)","background-image":"","background-repeat":"repeat","background-position":"center center","background-size":"auto","background-attachment":"scroll","background-type":"","background-media":"","overlay-type":"","overlay-color":"","overlay-opacity":"","overlay-gradient":""},"tablet":{"background-color":"var(--ast-global-color-4)","background-image":"","background-repeat":"repeat","background-position":"center center","background-size":"auto","background-attachment":"scroll","background-type":"","background-media":"","overlay-type":"","overlay-color":"","overlay-opacity":"","overlay-gradient":""},"mobile":{"background-color":"var(--ast-global-color-4)","background-image":"","background-repeat":"repeat","background-position":"center center","background-size":"auto","background-attachment":"scroll","background-type":"","background-media":"","overlay-type":"","overlay-color":"","overlay-opacity":"","overlay-gradient":""}}},"product_brand":[],"product_cat":[31],"product_tag":[],"class_list":{"0":"post-23002","1":"product","2":"type-product","3":"status-publish","4":"has-post-thumbnail","6":"product_cat-grozine-literatura","7":"desktop-align-left","8":"tablet-align-left","9":"mobile-align-left","11":"first","12":"instock","13":"shipping-taxable","14":"purchasable","15":"product-type-simple"},"acf":[],"yoast_head":"<!-- This site is optimized with the Yoast SEO plugin v27.0 - https:\/\/yoast.com\/product\/yoast-seo-wordpress\/ -->\n<title>Moter\u0173 sodas (pagelt\u0119 lapai)<\/title>\n<meta name=\"description\" content=\"Jolita Herlyn \u2013 Vokietijoje gyvenanti lietuvi\u0173 ra\u0161ytoja. Baigusi filosofijos studijas Maskvoje, d\u0117st\u0117 Klaip\u0117dos universitete, dirbo vietos spaudoje ir\" \/>\n<meta name=\"robots\" content=\"index, follow, max-snippet:-1, max-image-preview:large, max-video-preview:-1\" \/>\n<link rel=\"canonical\" href=\"https:\/\/skaitytaknyga.lt\/en\/produktas\/moteru-sodas-pagelte-lapai\/\" \/>\n<meta property=\"og:locale\" content=\"en_GB\" \/>\n<meta property=\"og:locale:alternate\" content=\"lt_LT\" \/>\n<meta property=\"og:type\" content=\"article\" \/>\n<meta property=\"og:title\" content=\"Moter\u0173 sodas (pagelt\u0119 lapai)\" \/>\n<meta property=\"og:description\" content=\"Jolita Herlyn \u2013 Vokietijoje gyvenanti lietuvi\u0173 ra\u0161ytoja. Baigusi filosofijos studijas Maskvoje, d\u0117st\u0117 Klaip\u0117dos universitete, dirbo vietos spaudoje ir\" \/>\n<meta property=\"og:url\" content=\"https:\/\/skaitytaknyga.lt\/en\/produktas\/moteru-sodas-pagelte-lapai\/\" \/>\n<meta property=\"og:site_name\" content=\"Skaitytaknyga\" \/>\n<meta property=\"article:publisher\" content=\"https:\/\/www.facebook.com\/skaitytaknyga\/\" \/>\n<meta property=\"article:modified_time\" content=\"2026-02-12T09:10:11+00:00\" \/>\n<meta property=\"og:image\" content=\"https:\/\/skaitytaknyga.lt\/wp-content\/uploads\/2026\/02\/Moteru-sodas-1.webp\" \/>\n\t<meta property=\"og:image:width\" content=\"300\" \/>\n\t<meta property=\"og:image:height\" content=\"448\" \/>\n\t<meta property=\"og:image:type\" content=\"image\/webp\" \/>\n<meta name=\"twitter:card\" content=\"summary_large_image\" \/>\n<meta name=\"twitter:label1\" content=\"Estimated reading time\" \/>\n\t<meta name=\"twitter:data1\" content=\"1 minute\" \/>\n<script type=\"application\/ld+json\" class=\"yoast-schema-graph\">{\"@context\":\"https:\/\/schema.org\",\"@graph\":[{\"@type\":\"WebPage\",\"@id\":\"https:\/\/skaitytaknyga.lt\/produktas\/moteru-sodas-pagelte-lapai\/\",\"url\":\"https:\/\/skaitytaknyga.lt\/produktas\/moteru-sodas-pagelte-lapai\/\",\"name\":\"Moter\u0173 sodas (pagelt\u0119 lapai)\",\"isPartOf\":{\"@id\":\"https:\/\/skaitytaknyga.lt\/#website\"},\"primaryImageOfPage\":{\"@id\":\"https:\/\/skaitytaknyga.lt\/produktas\/moteru-sodas-pagelte-lapai\/#primaryimage\"},\"image\":{\"@id\":\"https:\/\/skaitytaknyga.lt\/produktas\/moteru-sodas-pagelte-lapai\/#primaryimage\"},\"thumbnailUrl\":\"https:\/\/skaitytaknyga.lt\/wp-content\/uploads\/2026\/02\/Moteru-sodas-1.webp\",\"datePublished\":\"2026-02-11T11:03:02+00:00\",\"dateModified\":\"2026-02-12T09:10:11+00:00\",\"description\":\"Jolita Herlyn \u2013 Vokietijoje gyvenanti lietuvi\u0173 ra\u0161ytoja. Baigusi filosofijos studijas Maskvoje, d\u0117st\u0117 Klaip\u0117dos universitete, dirbo vietos spaudoje ir\",\"breadcrumb\":{\"@id\":\"https:\/\/skaitytaknyga.lt\/produktas\/moteru-sodas-pagelte-lapai\/#breadcrumb\"},\"inLanguage\":\"en-GB\",\"potentialAction\":[{\"@type\":\"ReadAction\",\"target\":[\"https:\/\/skaitytaknyga.lt\/produktas\/moteru-sodas-pagelte-lapai\/\"]}]},{\"@type\":\"ImageObject\",\"inLanguage\":\"en-GB\",\"@id\":\"https:\/\/skaitytaknyga.lt\/produktas\/moteru-sodas-pagelte-lapai\/#primaryimage\",\"url\":\"https:\/\/skaitytaknyga.lt\/wp-content\/uploads\/2026\/02\/Moteru-sodas-1.webp\",\"contentUrl\":\"https:\/\/skaitytaknyga.lt\/wp-content\/uploads\/2026\/02\/Moteru-sodas-1.webp\",\"width\":300,\"height\":448,\"caption\":\"Moter\u0173 sodas\"},{\"@type\":\"BreadcrumbList\",\"@id\":\"https:\/\/skaitytaknyga.lt\/produktas\/moteru-sodas-pagelte-lapai\/#breadcrumb\",\"itemListElement\":[{\"@type\":\"ListItem\",\"position\":1,\"name\":\"Home\",\"item\":\"https:\/\/skaitytaknyga.lt\/\"},{\"@type\":\"ListItem\",\"position\":2,\"name\":\"Parduotuv\u0117\",\"item\":\"https:\/\/skaitytaknyga.lt\/knygu-parduotuve\/\"},{\"@type\":\"ListItem\",\"position\":3,\"name\":\"Moter\u0173 sodas (pagelt\u0119 lapai)\"}]},{\"@type\":\"WebSite\",\"@id\":\"https:\/\/skaitytaknyga.lt\/#website\",\"url\":\"https:\/\/skaitytaknyga.lt\/\",\"name\":\"skaitytaknyga.lt\",\"description\":\"Skaitytaknyga.lt \u2013 tai ma\u017eas \u0161eimos verslas, kuris prasid\u0117jo nuo meil\u0117s knygoms ir siekio i\u0161gelb\u0117ti knygas nuo likimo prie konteinerio. Kas vienam nereikalingas daiktas \u2013 kitam lobis, o mes esame tarpininkai, kurie padeda abiems tapti laimingesniems ???? \u017dinome kaip nelengva i\u0161gyventi ma\u017eiems verslams, tad nuo \u0161iol, \u010dia rasite ir kit\u0173, ma\u017e\u0173 \u0161eim\u0173 versl\u0173, rank\u0173 darbo, dovan\u0173 sau ir artimiesiems.\",\"publisher\":{\"@id\":\"https:\/\/skaitytaknyga.lt\/#organization\"},\"potentialAction\":[{\"@type\":\"SearchAction\",\"target\":{\"@type\":\"EntryPoint\",\"urlTemplate\":\"https:\/\/skaitytaknyga.lt\/?s={search_term_string}\"},\"query-input\":{\"@type\":\"PropertyValueSpecification\",\"valueRequired\":true,\"valueName\":\"search_term_string\"}}],\"inLanguage\":\"en-GB\"},{\"@type\":\"Organization\",\"@id\":\"https:\/\/skaitytaknyga.lt\/#organization\",\"name\":\"skaitytaknyga.lt\",\"url\":\"https:\/\/skaitytaknyga.lt\/\",\"logo\":{\"@type\":\"ImageObject\",\"inLanguage\":\"en-GB\",\"@id\":\"https:\/\/skaitytaknyga.lt\/#\/schema\/logo\/image\/\",\"url\":\"https:\/\/skaitytaknyga.lt\/wp-content\/uploads\/2024\/05\/cropped-cropped-cropped-02_00843_jt3bggkj1j3HLc7SyY6rEUpg.jpeg\",\"contentUrl\":\"https:\/\/skaitytaknyga.lt\/wp-content\/uploads\/2024\/05\/cropped-cropped-cropped-02_00843_jt3bggkj1j3HLc7SyY6rEUpg.jpeg\",\"width\":1600,\"height\":1600,\"caption\":\"skaitytaknyga.lt\"},\"image\":{\"@id\":\"https:\/\/skaitytaknyga.lt\/#\/schema\/logo\/image\/\"},\"sameAs\":[\"https:\/\/www.facebook.com\/skaitytaknyga\/\"]}]}<\/script>\n<!-- \/ Yoast SEO plugin. -->","yoast_head_json":{"title":"Moter\u0173 sodas (pagelt\u0119 lapai)","description":"Jolita Herlyn \u2013 Vokietijoje gyvenanti lietuvi\u0173 ra\u0161ytoja. Baigusi filosofijos studijas Maskvoje, d\u0117st\u0117 Klaip\u0117dos universitete, dirbo vietos spaudoje ir","robots":{"index":"index","follow":"follow","max-snippet":"max-snippet:-1","max-image-preview":"max-image-preview:large","max-video-preview":"max-video-preview:-1"},"canonical":"https:\/\/skaitytaknyga.lt\/en\/produktas\/moteru-sodas-pagelte-lapai\/","og_locale":"en_GB","og_type":"article","og_title":"[:lt]Moter\u0173 sodas (pagelt\u0119 lapai)[:] - Skaitytaknyga","og_description":"Jolita Herlyn \u2013 Vokietijoje gyvenanti lietuvi\u0173 ra\u0161ytoja. Baigusi filosofijos studijas Maskvoje, d\u0117st\u0117 Klaip\u0117dos universitete, dirbo vietos spaudoje ir","og_url":"https:\/\/skaitytaknyga.lt\/en\/produktas\/moteru-sodas-pagelte-lapai\/","og_site_name":"Skaitytaknyga","article_publisher":"https:\/\/www.facebook.com\/skaitytaknyga\/","article_modified_time":"2026-02-12T09:10:11+00:00","og_image":[{"width":300,"height":448,"url":"https:\/\/skaitytaknyga.lt\/wp-content\/uploads\/2026\/02\/Moteru-sodas-1.webp","type":"image\/webp"}],"twitter_card":"summary_large_image","twitter_misc":{"Estimated reading time":"1 minute"},"schema":{"@context":"https:\/\/schema.org","@graph":[{"@type":"WebPage","@id":"https:\/\/skaitytaknyga.lt\/produktas\/moteru-sodas-pagelte-lapai\/","url":"https:\/\/skaitytaknyga.lt\/produktas\/moteru-sodas-pagelte-lapai\/","name":"Moter\u0173 sodas (pagelt\u0119 lapai)","isPartOf":{"@id":"https:\/\/skaitytaknyga.lt\/#website"},"primaryImageOfPage":{"@id":"https:\/\/skaitytaknyga.lt\/produktas\/moteru-sodas-pagelte-lapai\/#primaryimage"},"image":{"@id":"https:\/\/skaitytaknyga.lt\/produktas\/moteru-sodas-pagelte-lapai\/#primaryimage"},"thumbnailUrl":"https:\/\/skaitytaknyga.lt\/wp-content\/uploads\/2026\/02\/Moteru-sodas-1.webp","datePublished":"2026-02-11T11:03:02+00:00","dateModified":"2026-02-12T09:10:11+00:00","description":"Jolita Herlyn \u2013 Vokietijoje gyvenanti lietuvi\u0173 ra\u0161ytoja. Baigusi filosofijos studijas Maskvoje, d\u0117st\u0117 Klaip\u0117dos universitete, dirbo vietos spaudoje ir","breadcrumb":{"@id":"https:\/\/skaitytaknyga.lt\/produktas\/moteru-sodas-pagelte-lapai\/#breadcrumb"},"inLanguage":"en-GB","potentialAction":[{"@type":"ReadAction","target":["https:\/\/skaitytaknyga.lt\/produktas\/moteru-sodas-pagelte-lapai\/"]}]},{"@type":"ImageObject","inLanguage":"en-GB","@id":"https:\/\/skaitytaknyga.lt\/produktas\/moteru-sodas-pagelte-lapai\/#primaryimage","url":"https:\/\/skaitytaknyga.lt\/wp-content\/uploads\/2026\/02\/Moteru-sodas-1.webp","contentUrl":"https:\/\/skaitytaknyga.lt\/wp-content\/uploads\/2026\/02\/Moteru-sodas-1.webp","width":300,"height":448,"caption":"Moter\u0173 sodas"},{"@type":"BreadcrumbList","@id":"https:\/\/skaitytaknyga.lt\/produktas\/moteru-sodas-pagelte-lapai\/#breadcrumb","itemListElement":[{"@type":"ListItem","position":1,"name":"Home","item":"https:\/\/skaitytaknyga.lt\/"},{"@type":"ListItem","position":2,"name":"Parduotuv\u0117","item":"https:\/\/skaitytaknyga.lt\/knygu-parduotuve\/"},{"@type":"ListItem","position":3,"name":"Moter\u0173 sodas (pagelt\u0119 lapai)"}]},{"@type":"WebSite","@id":"https:\/\/skaitytaknyga.lt\/#website","url":"https:\/\/skaitytaknyga.lt\/","name":"skaitytaknyga.lt","description":"Skaitytaknyga.lt \u2013 tai ma\u017eas \u0161eimos verslas, kuris prasid\u0117jo nuo meil\u0117s knygoms ir siekio i\u0161gelb\u0117ti knygas nuo likimo prie konteinerio. Kas vienam nereikalingas daiktas \u2013 kitam lobis, o mes esame tarpininkai, kurie padeda abiems tapti laimingesniems ???? \u017dinome kaip nelengva i\u0161gyventi ma\u017eiems verslams, tad nuo \u0161iol, \u010dia rasite ir kit\u0173, ma\u017e\u0173 \u0161eim\u0173 versl\u0173, rank\u0173 darbo, dovan\u0173 sau ir artimiesiems.","publisher":{"@id":"https:\/\/skaitytaknyga.lt\/#organization"},"potentialAction":[{"@type":"SearchAction","target":{"@type":"EntryPoint","urlTemplate":"https:\/\/skaitytaknyga.lt\/?s={search_term_string}"},"query-input":{"@type":"PropertyValueSpecification","valueRequired":true,"valueName":"search_term_string"}}],"inLanguage":"en-GB"},{"@type":"Organization","@id":"https:\/\/skaitytaknyga.lt\/#organization","name":"skaitytaknyga.lt","url":"https:\/\/skaitytaknyga.lt\/","logo":{"@type":"ImageObject","inLanguage":"en-GB","@id":"https:\/\/skaitytaknyga.lt\/#\/schema\/logo\/image\/","url":"https:\/\/skaitytaknyga.lt\/wp-content\/uploads\/2024\/05\/cropped-cropped-cropped-02_00843_jt3bggkj1j3HLc7SyY6rEUpg.jpeg","contentUrl":"https:\/\/skaitytaknyga.lt\/wp-content\/uploads\/2024\/05\/cropped-cropped-cropped-02_00843_jt3bggkj1j3HLc7SyY6rEUpg.jpeg","width":1600,"height":1600,"caption":"skaitytaknyga.lt"},"image":{"@id":"https:\/\/skaitytaknyga.lt\/#\/schema\/logo\/image\/"},"sameAs":["https:\/\/www.facebook.com\/skaitytaknyga\/"]}]}},"_links":{"self":[{"href":"https:\/\/skaitytaknyga.lt\/en\/wp-json\/wp\/v2\/product\/23002","targetHints":{"allow":["GET"]}}],"collection":[{"href":"https:\/\/skaitytaknyga.lt\/en\/wp-json\/wp\/v2\/product"}],"about":[{"href":"https:\/\/skaitytaknyga.lt\/en\/wp-json\/wp\/v2\/types\/product"}],"replies":[{"embeddable":true,"href":"https:\/\/skaitytaknyga.lt\/en\/wp-json\/wp\/v2\/comments?post=23002"}],"wp:featuredmedia":[{"embeddable":true,"href":"https:\/\/skaitytaknyga.lt\/en\/wp-json\/wp\/v2\/media\/23007"}],"wp:attachment":[{"href":"https:\/\/skaitytaknyga.lt\/en\/wp-json\/wp\/v2\/media?parent=23002"}],"wp:term":[{"taxonomy":"product_brand","embeddable":true,"href":"https:\/\/skaitytaknyga.lt\/en\/wp-json\/wp\/v2\/product_brand?post=23002"},{"taxonomy":"product_cat","embeddable":true,"href":"https:\/\/skaitytaknyga.lt\/en\/wp-json\/wp\/v2\/product_cat?post=23002"},{"taxonomy":"product_tag","embeddable":true,"href":"https:\/\/skaitytaknyga.lt\/en\/wp-json\/wp\/v2\/product_tag?post=23002"}],"curies":[{"name":"wp","href":"https:\/\/api.w.org\/{rel}","templated":true}]}}