{"id":23000,"date":"2026-02-11T13:03:01","date_gmt":"2026-02-11T11:03:01","guid":{"rendered":"https:\/\/skaitytaknyga.lt\/?post_type=product&#038;p=23000"},"modified":"2026-02-11T13:27:31","modified_gmt":"2026-02-11T11:27:31","slug":"broliai-juskos-lietuviu-liaudies-dainu-rinkejai-ir-leidejai","status":"publish","type":"product","link":"https:\/\/skaitytaknyga.lt\/en\/produktas\/broliai-juskos-lietuviu-liaudies-dainu-rinkejai-ir-leidejai\/","title":{"rendered":"Broliai Ju\u0161kos. Lietuvi\u0173 liaudies dain\u0173 rink\u0117jai ir leid\u0117jai"},"content":{"rendered":"<p>Tautosakininkas ir pedagogas A. Mockus (1918-1995) vis\u0105 gyvenim\u0105 paskyr\u0117 lietuvi\u0173 liaudies dain\u0173 rink\u0117j\u0173 ir leid\u0117j\u0173 broli\u0173 Antano ir Jono Ju\u0161k\u0173 gyvenimui ir palikimui tyrin\u0117ti. \u0160ioje studijoje atspindima Antano ir Jono Ju\u0161k\u0173 veikla, tur\u0117jusi did\u017eiul\u0119 reik\u0161m\u0119 ne tik XIX a. antrosios pus\u0117s lietuvi\u0173 tautosakos mokslui, bet ir visai lietuvi\u0173 liaudies dain\u0173 rinkimo istorijai. Ju\u0161k\u0173 rinkiniai apimtimi yra did\u017eiausi visoje lietuvi\u0173 laiudies dain\u0173 literat\u016broje, be j\u0173 nei\u0161siver\u010dia n\u0117 vienas tautosakos tyrin\u0117tojas.<\/p>\n","protected":false},"excerpt":{"rendered":"<p>Tautosakininkas ir pedagogas A. Mockus (1918-1995) vis\u0105 gyvenim\u0105 paskyr\u0117 lietuvi\u0173 liaudies dain\u0173 rink\u0117j\u0173 ir leid\u0117j\u0173 broli\u0173 Antano ir Jono Ju\u0161k\u0173 gyvenimui ir palikimui tyrin\u0117ti. \u0160ioje studijoje atspindima Antano ir Jono Ju\u0161k\u0173 veikla, tur\u0117jusi did\u017eiul\u0119 reik\u0161m\u0119 ne tik XIX a. antrosios pus\u0117s lietuvi\u0173 tautosakos mokslui, bet ir visai lietuvi\u0173 liaudies dain\u0173 rinkimo istorijai. Ju\u0161k\u0173 rinkiniai apimtimi yra did\u017eiausi visoje lietuvi\u0173 laiudies dain\u0173 literat\u016broje, be j\u0173 nei\u0161siver\u010dia n\u0117 vienas tautosakos tyrin\u0117tojas.<\/p>\n","protected":false},"featured_media":23005,"comment_status":"open","ping_status":"closed","template":"","meta":{"_acf_changed":false,"site-sidebar-layout":"default","site-content-layout":"","ast-site-content-layout":"default","site-content-style":"default","site-sidebar-style":"default","ast-global-header-display":"","ast-banner-title-visibility":"","ast-main-header-display":"","ast-hfb-above-header-display":"","ast-hfb-below-header-display":"","ast-hfb-mobile-header-display":"","site-post-title":"","ast-breadcrumbs-content":"","ast-featured-img":"","footer-sml-layout":"","ast-disable-related-posts":"","theme-transparent-header-meta":"","adv-header-id-meta":"","stick-header-meta":"","header-above-stick-meta":"","header-main-stick-meta":"","header-below-stick-meta":"","astra-migrate-meta-layouts":"default","ast-page-background-enabled":"default","ast-page-background-meta":{"desktop":{"background-color":"","background-image":"","background-repeat":"repeat","background-position":"center center","background-size":"auto","background-attachment":"scroll","background-type":"","background-media":"","overlay-type":"","overlay-color":"","overlay-opacity":"","overlay-gradient":""},"tablet":{"background-color":"","background-image":"","background-repeat":"repeat","background-position":"center center","background-size":"auto","background-attachment":"scroll","background-type":"","background-media":"","overlay-type":"","overlay-color":"","overlay-opacity":"","overlay-gradient":""},"mobile":{"background-color":"","background-image":"","background-repeat":"repeat","background-position":"center center","background-size":"auto","background-attachment":"scroll","background-type":"","background-media":"","overlay-type":"","overlay-color":"","overlay-opacity":"","overlay-gradient":""}},"ast-content-background-meta":{"desktop":{"background-color":"var(--ast-global-color-4)","background-image":"","background-repeat":"repeat","background-position":"center center","background-size":"auto","background-attachment":"scroll","background-type":"","background-media":"","overlay-type":"","overlay-color":"","overlay-opacity":"","overlay-gradient":""},"tablet":{"background-color":"var(--ast-global-color-4)","background-image":"","background-repeat":"repeat","background-position":"center center","background-size":"auto","background-attachment":"scroll","background-type":"","background-media":"","overlay-type":"","overlay-color":"","overlay-opacity":"","overlay-gradient":""},"mobile":{"background-color":"var(--ast-global-color-4)","background-image":"","background-repeat":"repeat","background-position":"center center","background-size":"auto","background-attachment":"scroll","background-type":"","background-media":"","overlay-type":"","overlay-color":"","overlay-opacity":"","overlay-gradient":""}}},"product_brand":[],"product_cat":[33],"product_tag":[],"class_list":{"0":"post-23000","1":"product","2":"type-product","3":"status-publish","4":"has-post-thumbnail","6":"product_cat-biografijos","7":"desktop-align-left","8":"tablet-align-left","9":"mobile-align-left","11":"first","12":"instock","13":"shipping-taxable","14":"purchasable","15":"product-type-simple"},"acf":[],"yoast_head":"<!-- This site is optimized with the Yoast SEO plugin v27.0 - https:\/\/yoast.com\/product\/yoast-seo-wordpress\/ -->\n<title>Broliai Ju\u0161kos. Lietuvi\u0173 liaudies dain\u0173 rink\u0117jai ir leid\u0117jai<\/title>\n<meta name=\"description\" content=\"Tautosakininkas ir pedagogas A. Mockus (1918-1995) vis\u0105 gyvenim\u0105 paskyr\u0117 lietuvi\u0173 liaudies dain\u0173 rink\u0117j\u0173 ir leid\u0117j\u0173 broli\u0173 Antano ir Jono Ju\u0161k\u0173 gyvenimui\" \/>\n<meta name=\"robots\" content=\"index, follow, max-snippet:-1, max-image-preview:large, max-video-preview:-1\" \/>\n<link rel=\"canonical\" href=\"https:\/\/skaitytaknyga.lt\/en\/produktas\/broliai-juskos-lietuviu-liaudies-dainu-rinkejai-ir-leidejai\/\" \/>\n<meta property=\"og:locale\" content=\"en_GB\" \/>\n<meta property=\"og:locale:alternate\" content=\"lt_LT\" \/>\n<meta property=\"og:type\" content=\"article\" \/>\n<meta property=\"og:title\" content=\"Broliai Ju\u0161kos. Lietuvi\u0173 liaudies dain\u0173 rink\u0117jai ir leid\u0117jai\" \/>\n<meta property=\"og:description\" content=\"Tautosakininkas ir pedagogas A. Mockus (1918-1995) vis\u0105 gyvenim\u0105 paskyr\u0117 lietuvi\u0173 liaudies dain\u0173 rink\u0117j\u0173 ir leid\u0117j\u0173 broli\u0173 Antano ir Jono Ju\u0161k\u0173 gyvenimui\" \/>\n<meta property=\"og:url\" content=\"https:\/\/skaitytaknyga.lt\/en\/produktas\/broliai-juskos-lietuviu-liaudies-dainu-rinkejai-ir-leidejai\/\" \/>\n<meta property=\"og:site_name\" content=\"Skaitytaknyga\" \/>\n<meta property=\"article:publisher\" content=\"https:\/\/www.facebook.com\/skaitytaknyga\/\" \/>\n<meta property=\"article:modified_time\" content=\"2026-02-11T11:27:31+00:00\" \/>\n<meta property=\"og:image\" content=\"https:\/\/skaitytaknyga.lt\/wp-content\/uploads\/2026\/02\/Broliai-Juskos.-Lietuviu-liaudies-dainu-rinkejai-ir-leidejai-1.webp\" \/>\n\t<meta property=\"og:image:width\" content=\"300\" \/>\n\t<meta property=\"og:image:height\" content=\"444\" \/>\n\t<meta property=\"og:image:type\" content=\"image\/webp\" \/>\n<meta name=\"twitter:card\" content=\"summary_large_image\" \/>\n<script type=\"application\/ld+json\" class=\"yoast-schema-graph\">{\"@context\":\"https:\/\/schema.org\",\"@graph\":[{\"@type\":\"WebPage\",\"@id\":\"https:\/\/skaitytaknyga.lt\/produktas\/broliai-juskos-lietuviu-liaudies-dainu-rinkejai-ir-leidejai\/\",\"url\":\"https:\/\/skaitytaknyga.lt\/produktas\/broliai-juskos-lietuviu-liaudies-dainu-rinkejai-ir-leidejai\/\",\"name\":\"Broliai Ju\u0161kos. Lietuvi\u0173 liaudies dain\u0173 rink\u0117jai ir leid\u0117jai\",\"isPartOf\":{\"@id\":\"https:\/\/skaitytaknyga.lt\/#website\"},\"primaryImageOfPage\":{\"@id\":\"https:\/\/skaitytaknyga.lt\/produktas\/broliai-juskos-lietuviu-liaudies-dainu-rinkejai-ir-leidejai\/#primaryimage\"},\"image\":{\"@id\":\"https:\/\/skaitytaknyga.lt\/produktas\/broliai-juskos-lietuviu-liaudies-dainu-rinkejai-ir-leidejai\/#primaryimage\"},\"thumbnailUrl\":\"https:\/\/skaitytaknyga.lt\/wp-content\/uploads\/2026\/02\/Broliai-Juskos.-Lietuviu-liaudies-dainu-rinkejai-ir-leidejai-1.webp\",\"datePublished\":\"2026-02-11T11:03:01+00:00\",\"dateModified\":\"2026-02-11T11:27:31+00:00\",\"description\":\"Tautosakininkas ir pedagogas A. Mockus (1918-1995) vis\u0105 gyvenim\u0105 paskyr\u0117 lietuvi\u0173 liaudies dain\u0173 rink\u0117j\u0173 ir leid\u0117j\u0173 broli\u0173 Antano ir Jono Ju\u0161k\u0173 gyvenimui\",\"breadcrumb\":{\"@id\":\"https:\/\/skaitytaknyga.lt\/produktas\/broliai-juskos-lietuviu-liaudies-dainu-rinkejai-ir-leidejai\/#breadcrumb\"},\"inLanguage\":\"en-GB\",\"potentialAction\":[{\"@type\":\"ReadAction\",\"target\":[\"https:\/\/skaitytaknyga.lt\/produktas\/broliai-juskos-lietuviu-liaudies-dainu-rinkejai-ir-leidejai\/\"]}]},{\"@type\":\"ImageObject\",\"inLanguage\":\"en-GB\",\"@id\":\"https:\/\/skaitytaknyga.lt\/produktas\/broliai-juskos-lietuviu-liaudies-dainu-rinkejai-ir-leidejai\/#primaryimage\",\"url\":\"https:\/\/skaitytaknyga.lt\/wp-content\/uploads\/2026\/02\/Broliai-Juskos.-Lietuviu-liaudies-dainu-rinkejai-ir-leidejai-1.webp\",\"contentUrl\":\"https:\/\/skaitytaknyga.lt\/wp-content\/uploads\/2026\/02\/Broliai-Juskos.-Lietuviu-liaudies-dainu-rinkejai-ir-leidejai-1.webp\",\"width\":300,\"height\":444,\"caption\":\"Broliai Ju\u0161kos. Lietuvi\u0173 liaudies dain\u0173 rink\u0117jai ir leid\u0117jai\"},{\"@type\":\"BreadcrumbList\",\"@id\":\"https:\/\/skaitytaknyga.lt\/produktas\/broliai-juskos-lietuviu-liaudies-dainu-rinkejai-ir-leidejai\/#breadcrumb\",\"itemListElement\":[{\"@type\":\"ListItem\",\"position\":1,\"name\":\"Home\",\"item\":\"https:\/\/skaitytaknyga.lt\/\"},{\"@type\":\"ListItem\",\"position\":2,\"name\":\"Parduotuv\u0117\",\"item\":\"https:\/\/skaitytaknyga.lt\/knygu-parduotuve\/\"},{\"@type\":\"ListItem\",\"position\":3,\"name\":\"Broliai Ju\u0161kos. Lietuvi\u0173 liaudies dain\u0173 rink\u0117jai ir leid\u0117jai\"}]},{\"@type\":\"WebSite\",\"@id\":\"https:\/\/skaitytaknyga.lt\/#website\",\"url\":\"https:\/\/skaitytaknyga.lt\/\",\"name\":\"skaitytaknyga.lt\",\"description\":\"Skaitytaknyga.lt \u2013 tai ma\u017eas \u0161eimos verslas, kuris prasid\u0117jo nuo meil\u0117s knygoms ir siekio i\u0161gelb\u0117ti knygas nuo likimo prie konteinerio. Kas vienam nereikalingas daiktas \u2013 kitam lobis, o mes esame tarpininkai, kurie padeda abiems tapti laimingesniems ???? \u017dinome kaip nelengva i\u0161gyventi ma\u017eiems verslams, tad nuo \u0161iol, \u010dia rasite ir kit\u0173, ma\u017e\u0173 \u0161eim\u0173 versl\u0173, rank\u0173 darbo, dovan\u0173 sau ir artimiesiems.\",\"publisher\":{\"@id\":\"https:\/\/skaitytaknyga.lt\/#organization\"},\"potentialAction\":[{\"@type\":\"SearchAction\",\"target\":{\"@type\":\"EntryPoint\",\"urlTemplate\":\"https:\/\/skaitytaknyga.lt\/?s={search_term_string}\"},\"query-input\":{\"@type\":\"PropertyValueSpecification\",\"valueRequired\":true,\"valueName\":\"search_term_string\"}}],\"inLanguage\":\"en-GB\"},{\"@type\":\"Organization\",\"@id\":\"https:\/\/skaitytaknyga.lt\/#organization\",\"name\":\"skaitytaknyga.lt\",\"url\":\"https:\/\/skaitytaknyga.lt\/\",\"logo\":{\"@type\":\"ImageObject\",\"inLanguage\":\"en-GB\",\"@id\":\"https:\/\/skaitytaknyga.lt\/#\/schema\/logo\/image\/\",\"url\":\"https:\/\/skaitytaknyga.lt\/wp-content\/uploads\/2024\/05\/cropped-cropped-cropped-02_00843_jt3bggkj1j3HLc7SyY6rEUpg.jpeg\",\"contentUrl\":\"https:\/\/skaitytaknyga.lt\/wp-content\/uploads\/2024\/05\/cropped-cropped-cropped-02_00843_jt3bggkj1j3HLc7SyY6rEUpg.jpeg\",\"width\":1600,\"height\":1600,\"caption\":\"skaitytaknyga.lt\"},\"image\":{\"@id\":\"https:\/\/skaitytaknyga.lt\/#\/schema\/logo\/image\/\"},\"sameAs\":[\"https:\/\/www.facebook.com\/skaitytaknyga\/\"]}]}<\/script>\n<!-- \/ Yoast SEO plugin. -->","yoast_head_json":{"title":"Broliai Ju\u0161kos. Lietuvi\u0173 liaudies dain\u0173 rink\u0117jai ir leid\u0117jai","description":"Tautosakininkas ir pedagogas A. Mockus (1918-1995) vis\u0105 gyvenim\u0105 paskyr\u0117 lietuvi\u0173 liaudies dain\u0173 rink\u0117j\u0173 ir leid\u0117j\u0173 broli\u0173 Antano ir Jono Ju\u0161k\u0173 gyvenimui","robots":{"index":"index","follow":"follow","max-snippet":"max-snippet:-1","max-image-preview":"max-image-preview:large","max-video-preview":"max-video-preview:-1"},"canonical":"https:\/\/skaitytaknyga.lt\/en\/produktas\/broliai-juskos-lietuviu-liaudies-dainu-rinkejai-ir-leidejai\/","og_locale":"en_GB","og_type":"article","og_title":"[:lt]Broliai Ju\u0161kos. Lietuvi\u0173 liaudies dain\u0173 rink\u0117jai ir leid\u0117jai[:] - Skaitytaknyga","og_description":"Tautosakininkas ir pedagogas A. Mockus (1918-1995) vis\u0105 gyvenim\u0105 paskyr\u0117 lietuvi\u0173 liaudies dain\u0173 rink\u0117j\u0173 ir leid\u0117j\u0173 broli\u0173 Antano ir Jono Ju\u0161k\u0173 gyvenimui","og_url":"https:\/\/skaitytaknyga.lt\/en\/produktas\/broliai-juskos-lietuviu-liaudies-dainu-rinkejai-ir-leidejai\/","og_site_name":"Skaitytaknyga","article_publisher":"https:\/\/www.facebook.com\/skaitytaknyga\/","article_modified_time":"2026-02-11T11:27:31+00:00","og_image":[{"width":300,"height":444,"url":"https:\/\/skaitytaknyga.lt\/wp-content\/uploads\/2026\/02\/Broliai-Juskos.-Lietuviu-liaudies-dainu-rinkejai-ir-leidejai-1.webp","type":"image\/webp"}],"twitter_card":"summary_large_image","schema":{"@context":"https:\/\/schema.org","@graph":[{"@type":"WebPage","@id":"https:\/\/skaitytaknyga.lt\/produktas\/broliai-juskos-lietuviu-liaudies-dainu-rinkejai-ir-leidejai\/","url":"https:\/\/skaitytaknyga.lt\/produktas\/broliai-juskos-lietuviu-liaudies-dainu-rinkejai-ir-leidejai\/","name":"Broliai Ju\u0161kos. Lietuvi\u0173 liaudies dain\u0173 rink\u0117jai ir leid\u0117jai","isPartOf":{"@id":"https:\/\/skaitytaknyga.lt\/#website"},"primaryImageOfPage":{"@id":"https:\/\/skaitytaknyga.lt\/produktas\/broliai-juskos-lietuviu-liaudies-dainu-rinkejai-ir-leidejai\/#primaryimage"},"image":{"@id":"https:\/\/skaitytaknyga.lt\/produktas\/broliai-juskos-lietuviu-liaudies-dainu-rinkejai-ir-leidejai\/#primaryimage"},"thumbnailUrl":"https:\/\/skaitytaknyga.lt\/wp-content\/uploads\/2026\/02\/Broliai-Juskos.-Lietuviu-liaudies-dainu-rinkejai-ir-leidejai-1.webp","datePublished":"2026-02-11T11:03:01+00:00","dateModified":"2026-02-11T11:27:31+00:00","description":"Tautosakininkas ir pedagogas A. Mockus (1918-1995) vis\u0105 gyvenim\u0105 paskyr\u0117 lietuvi\u0173 liaudies dain\u0173 rink\u0117j\u0173 ir leid\u0117j\u0173 broli\u0173 Antano ir Jono Ju\u0161k\u0173 gyvenimui","breadcrumb":{"@id":"https:\/\/skaitytaknyga.lt\/produktas\/broliai-juskos-lietuviu-liaudies-dainu-rinkejai-ir-leidejai\/#breadcrumb"},"inLanguage":"en-GB","potentialAction":[{"@type":"ReadAction","target":["https:\/\/skaitytaknyga.lt\/produktas\/broliai-juskos-lietuviu-liaudies-dainu-rinkejai-ir-leidejai\/"]}]},{"@type":"ImageObject","inLanguage":"en-GB","@id":"https:\/\/skaitytaknyga.lt\/produktas\/broliai-juskos-lietuviu-liaudies-dainu-rinkejai-ir-leidejai\/#primaryimage","url":"https:\/\/skaitytaknyga.lt\/wp-content\/uploads\/2026\/02\/Broliai-Juskos.-Lietuviu-liaudies-dainu-rinkejai-ir-leidejai-1.webp","contentUrl":"https:\/\/skaitytaknyga.lt\/wp-content\/uploads\/2026\/02\/Broliai-Juskos.-Lietuviu-liaudies-dainu-rinkejai-ir-leidejai-1.webp","width":300,"height":444,"caption":"Broliai Ju\u0161kos. Lietuvi\u0173 liaudies dain\u0173 rink\u0117jai ir leid\u0117jai"},{"@type":"BreadcrumbList","@id":"https:\/\/skaitytaknyga.lt\/produktas\/broliai-juskos-lietuviu-liaudies-dainu-rinkejai-ir-leidejai\/#breadcrumb","itemListElement":[{"@type":"ListItem","position":1,"name":"Home","item":"https:\/\/skaitytaknyga.lt\/"},{"@type":"ListItem","position":2,"name":"Parduotuv\u0117","item":"https:\/\/skaitytaknyga.lt\/knygu-parduotuve\/"},{"@type":"ListItem","position":3,"name":"Broliai Ju\u0161kos. Lietuvi\u0173 liaudies dain\u0173 rink\u0117jai ir leid\u0117jai"}]},{"@type":"WebSite","@id":"https:\/\/skaitytaknyga.lt\/#website","url":"https:\/\/skaitytaknyga.lt\/","name":"skaitytaknyga.lt","description":"Skaitytaknyga.lt \u2013 tai ma\u017eas \u0161eimos verslas, kuris prasid\u0117jo nuo meil\u0117s knygoms ir siekio i\u0161gelb\u0117ti knygas nuo likimo prie konteinerio. Kas vienam nereikalingas daiktas \u2013 kitam lobis, o mes esame tarpininkai, kurie padeda abiems tapti laimingesniems ???? \u017dinome kaip nelengva i\u0161gyventi ma\u017eiems verslams, tad nuo \u0161iol, \u010dia rasite ir kit\u0173, ma\u017e\u0173 \u0161eim\u0173 versl\u0173, rank\u0173 darbo, dovan\u0173 sau ir artimiesiems.","publisher":{"@id":"https:\/\/skaitytaknyga.lt\/#organization"},"potentialAction":[{"@type":"SearchAction","target":{"@type":"EntryPoint","urlTemplate":"https:\/\/skaitytaknyga.lt\/?s={search_term_string}"},"query-input":{"@type":"PropertyValueSpecification","valueRequired":true,"valueName":"search_term_string"}}],"inLanguage":"en-GB"},{"@type":"Organization","@id":"https:\/\/skaitytaknyga.lt\/#organization","name":"skaitytaknyga.lt","url":"https:\/\/skaitytaknyga.lt\/","logo":{"@type":"ImageObject","inLanguage":"en-GB","@id":"https:\/\/skaitytaknyga.lt\/#\/schema\/logo\/image\/","url":"https:\/\/skaitytaknyga.lt\/wp-content\/uploads\/2024\/05\/cropped-cropped-cropped-02_00843_jt3bggkj1j3HLc7SyY6rEUpg.jpeg","contentUrl":"https:\/\/skaitytaknyga.lt\/wp-content\/uploads\/2024\/05\/cropped-cropped-cropped-02_00843_jt3bggkj1j3HLc7SyY6rEUpg.jpeg","width":1600,"height":1600,"caption":"skaitytaknyga.lt"},"image":{"@id":"https:\/\/skaitytaknyga.lt\/#\/schema\/logo\/image\/"},"sameAs":["https:\/\/www.facebook.com\/skaitytaknyga\/"]}]}},"_links":{"self":[{"href":"https:\/\/skaitytaknyga.lt\/en\/wp-json\/wp\/v2\/product\/23000","targetHints":{"allow":["GET"]}}],"collection":[{"href":"https:\/\/skaitytaknyga.lt\/en\/wp-json\/wp\/v2\/product"}],"about":[{"href":"https:\/\/skaitytaknyga.lt\/en\/wp-json\/wp\/v2\/types\/product"}],"replies":[{"embeddable":true,"href":"https:\/\/skaitytaknyga.lt\/en\/wp-json\/wp\/v2\/comments?post=23000"}],"wp:featuredmedia":[{"embeddable":true,"href":"https:\/\/skaitytaknyga.lt\/en\/wp-json\/wp\/v2\/media\/23005"}],"wp:attachment":[{"href":"https:\/\/skaitytaknyga.lt\/en\/wp-json\/wp\/v2\/media?parent=23000"}],"wp:term":[{"taxonomy":"product_brand","embeddable":true,"href":"https:\/\/skaitytaknyga.lt\/en\/wp-json\/wp\/v2\/product_brand?post=23000"},{"taxonomy":"product_cat","embeddable":true,"href":"https:\/\/skaitytaknyga.lt\/en\/wp-json\/wp\/v2\/product_cat?post=23000"},{"taxonomy":"product_tag","embeddable":true,"href":"https:\/\/skaitytaknyga.lt\/en\/wp-json\/wp\/v2\/product_tag?post=23000"}],"curies":[{"name":"wp","href":"https:\/\/api.w.org\/{rel}","templated":true}]}}