{"id":2300,"date":"2024-04-17T13:07:15","date_gmt":"2024-04-17T13:07:15","guid":{"rendered":"https:\/\/skaitytaknyga.lt\/?post_type=product&#038;p=2300"},"modified":"2024-05-03T07:14:24","modified_gmt":"2024-05-03T07:14:24","slug":"s-townsend-vidutinio-amziaus-moters-viesi-prisipazinimai","status":"publish","type":"product","link":"https:\/\/skaitytaknyga.lt\/en\/produktas\/s-townsend-vidutinio-amziaus-moters-viesi-prisipazinimai\/","title":{"rendered":"S. Townsend \u201eVidutinio am\u017eiaus moters vie\u0161i prisipa\u017einimai\u201c"},"content":{"rendered":"<p>PAGELT\u0118 LAPAI<\/p>\n<p>Garsios brit\u0173 ra\u0161ytojos Sju Taunsend, lietuvi\u0173 skaitytojams \u017einomos kaip knyg\u0173 apie Adrian\u0105 Moul\u0105 autor\u0117s, nauja knyga. Tai linksma ir juokinga knyga apie gyvenim\u0105. Tai vidutinio am\u017eiaus moters pasteb\u0117jimai ir poj\u016b\u010diai, pateikti su humoru. Sju Taunsend pra\u0117jus\u012f de\u0161imtmet\u012f kas m\u0117nes\u012f ra\u0161\u0117 po skilt\u012f \u012f Seinsberio &#8220;The Magazine&#8221;; ra\u0161\u0117 apie visk\u0105: draudim\u0105 laistyti vejas, ispani\u0161kus restoranus, ra\u0161ytoj\u0173 k\u016brybin\u0119 kriz\u0119, snobi\u0161k\u0105 nebejaun\u0105 moter\u012f, kuri nebuvo gird\u0117jusi apie Mik\u0119 P\u016bkuotuk\u0105, ra\u0161\u0117 apie atostogas, vaikus, kates ir \u0161unis ir t.t. \u017dod\u017eiu, apie gyvenim\u0105. Tie ra\u0161iniai pirm\u0105 kart\u0105 surinkti \u012f vien\u0105 knyg\u0105; jie juokingi, gil\u016bs, linksmi ir graud\u016bs, kaip ir kitos \u0161ios garsios ir m\u0117gstamos brit\u0173 ra\u0161ytojos knygos &#8211; Adriano Moulo dienora\u0161\u010diai.<\/p>\n","protected":false},"excerpt":{"rendered":"<p>PAGELT\u0118 LAPAI Garsios brit\u0173 ra\u0161ytojos Sju Taunsend, lietuvi\u0173 skaitytojams \u017einomos kaip knyg\u0173 apie Adrian\u0105 Moul\u0105 autor\u0117s, nauja knyga. Tai linksma ir juokinga knyga apie gyvenim\u0105. Tai vidutinio am\u017eiaus moters pasteb\u0117jimai ir poj\u016b\u010diai, pateikti su humoru. Sju Taunsend pra\u0117jus\u012f de\u0161imtmet\u012f kas m\u0117nes\u012f ra\u0161\u0117 po skilt\u012f \u012f Seinsberio &#8220;The Magazine&#8221;; ra\u0161\u0117 apie visk\u0105: draudim\u0105 laistyti vejas, ispani\u0161kus restoranus, ra\u0161ytoj\u0173 k\u016brybin\u0119 kriz\u0119, snobi\u0161k\u0105 nebejaun\u0105 moter\u012f, kuri nebuvo gird\u0117jusi apie Mik\u0119 P\u016bkuotuk\u0105, ra\u0161\u0117 apie atostogas, vaikus, kates ir \u0161unis ir t.t. \u017dod\u017eiu, apie gyvenim\u0105. Tie ra\u0161iniai pirm\u0105 kart\u0105 surinkti \u012f vien\u0105 knyg\u0105; jie juokingi, gil\u016bs, linksmi ir graud\u016bs, kaip ir kitos \u0161ios garsios ir m\u0117gstamos brit\u0173 ra\u0161ytojos knygos &#8211; Adriano Moulo dienora\u0161\u010diai.<\/p>\n","protected":false},"featured_media":2355,"comment_status":"closed","ping_status":"closed","template":"","meta":{"_acf_changed":false,"site-sidebar-layout":"default","site-content-layout":"","ast-site-content-layout":"default","site-content-style":"default","site-sidebar-style":"default","ast-global-header-display":"","ast-banner-title-visibility":"","ast-main-header-display":"","ast-hfb-above-header-display":"","ast-hfb-below-header-display":"","ast-hfb-mobile-header-display":"","site-post-title":"","ast-breadcrumbs-content":"","ast-featured-img":"","footer-sml-layout":"","ast-disable-related-posts":"","theme-transparent-header-meta":"","adv-header-id-meta":"","stick-header-meta":"","header-above-stick-meta":"","header-main-stick-meta":"","header-below-stick-meta":"","astra-migrate-meta-layouts":"default","ast-page-background-enabled":"default","ast-page-background-meta":{"desktop":{"background-color":"","background-image":"","background-repeat":"repeat","background-position":"center center","background-size":"auto","background-attachment":"scroll","background-type":"","background-media":"","overlay-type":"","overlay-color":"","overlay-opacity":"","overlay-gradient":""},"tablet":{"background-color":"","background-image":"","background-repeat":"repeat","background-position":"center center","background-size":"auto","background-attachment":"scroll","background-type":"","background-media":"","overlay-type":"","overlay-color":"","overlay-opacity":"","overlay-gradient":""},"mobile":{"background-color":"","background-image":"","background-repeat":"repeat","background-position":"center center","background-size":"auto","background-attachment":"scroll","background-type":"","background-media":"","overlay-type":"","overlay-color":"","overlay-opacity":"","overlay-gradient":""}},"ast-content-background-meta":{"desktop":{"background-color":"var(--ast-global-color-4)","background-image":"","background-repeat":"repeat","background-position":"center center","background-size":"auto","background-attachment":"scroll","background-type":"","background-media":"","overlay-type":"","overlay-color":"","overlay-opacity":"","overlay-gradient":""},"tablet":{"background-color":"var(--ast-global-color-4)","background-image":"","background-repeat":"repeat","background-position":"center center","background-size":"auto","background-attachment":"scroll","background-type":"","background-media":"","overlay-type":"","overlay-color":"","overlay-opacity":"","overlay-gradient":""},"mobile":{"background-color":"var(--ast-global-color-4)","background-image":"","background-repeat":"repeat","background-position":"center center","background-size":"auto","background-attachment":"scroll","background-type":"","background-media":"","overlay-type":"","overlay-color":"","overlay-opacity":"","overlay-gradient":""}}},"product_brand":[],"product_cat":[31],"product_tag":[],"class_list":{"0":"post-2300","1":"product","2":"type-product","3":"status-publish","4":"has-post-thumbnail","6":"product_cat-grozine-literatura","7":"desktop-align-left","8":"tablet-align-left","9":"mobile-align-left","11":"first","12":"instock","13":"shipping-taxable","14":"purchasable","15":"product-type-simple"},"acf":[],"yoast_head":"<!-- This site is optimized with the Yoast SEO plugin v27.0 - https:\/\/yoast.com\/product\/yoast-seo-wordpress\/ -->\n<title>S. Townsend \u201eVidutinio am\u017eiaus moters vie\u0161i prisipa\u017einimai\u201c - Skaitytaknyga<\/title>\n<meta name=\"description\" content=\"PAGELT\u0118 LAPAI Garsios brit\u0173 ra\u0161ytojos Sju Taunsend, lietuvi\u0173 skaitytojams \u017einomos kaip knyg\u0173 apie Adrian\u0105 Moul\u0105 autor\u0117s, nauja knyga. Tai linksma ir\" \/>\n<meta name=\"robots\" content=\"index, follow, max-snippet:-1, max-image-preview:large, max-video-preview:-1\" \/>\n<link rel=\"canonical\" href=\"https:\/\/skaitytaknyga.lt\/en\/produktas\/s-townsend-vidutinio-amziaus-moters-viesi-prisipazinimai\/\" \/>\n<meta property=\"og:locale\" content=\"en_GB\" \/>\n<meta property=\"og:locale:alternate\" content=\"lt_LT\" \/>\n<meta property=\"og:type\" content=\"article\" \/>\n<meta property=\"og:title\" content=\"S. Townsend \u201eVidutinio am\u017eiaus moters vie\u0161i prisipa\u017einimai\u201c - Skaitytaknyga\" \/>\n<meta property=\"og:description\" content=\"PAGELT\u0118 LAPAI Garsios brit\u0173 ra\u0161ytojos Sju Taunsend, lietuvi\u0173 skaitytojams \u017einomos kaip knyg\u0173 apie Adrian\u0105 Moul\u0105 autor\u0117s, nauja knyga. Tai linksma ir\" \/>\n<meta property=\"og:url\" content=\"https:\/\/skaitytaknyga.lt\/en\/produktas\/s-townsend-vidutinio-amziaus-moters-viesi-prisipazinimai\/\" \/>\n<meta property=\"og:site_name\" content=\"Skaitytaknyga\" \/>\n<meta property=\"article:publisher\" content=\"https:\/\/www.facebook.com\/skaitytaknyga\/\" \/>\n<meta property=\"article:modified_time\" content=\"2024-05-03T07:14:24+00:00\" \/>\n<meta property=\"og:image\" content=\"https:\/\/skaitytaknyga.lt\/wp-content\/uploads\/2024\/04\/20200818_154926_edited.jpg\" \/>\n\t<meta property=\"og:image:width\" content=\"1526\" \/>\n\t<meta property=\"og:image:height\" content=\"2553\" \/>\n\t<meta property=\"og:image:type\" content=\"image\/jpeg\" \/>\n<meta name=\"twitter:card\" content=\"summary_large_image\" \/>\n<meta name=\"twitter:label1\" content=\"Estimated reading time\" \/>\n\t<meta name=\"twitter:data1\" content=\"1 minute\" \/>\n<script type=\"application\/ld+json\" class=\"yoast-schema-graph\">{\"@context\":\"https:\/\/schema.org\",\"@graph\":[{\"@type\":\"WebPage\",\"@id\":\"https:\/\/skaitytaknyga.lt\/produktas\/s-townsend-vidutinio-amziaus-moters-viesi-prisipazinimai\/\",\"url\":\"https:\/\/skaitytaknyga.lt\/produktas\/s-townsend-vidutinio-amziaus-moters-viesi-prisipazinimai\/\",\"name\":\"S. Townsend \u201eVidutinio am\u017eiaus moters vie\u0161i prisipa\u017einimai\u201c - Skaitytaknyga\",\"isPartOf\":{\"@id\":\"https:\/\/skaitytaknyga.lt\/#website\"},\"primaryImageOfPage\":{\"@id\":\"https:\/\/skaitytaknyga.lt\/produktas\/s-townsend-vidutinio-amziaus-moters-viesi-prisipazinimai\/#primaryimage\"},\"image\":{\"@id\":\"https:\/\/skaitytaknyga.lt\/produktas\/s-townsend-vidutinio-amziaus-moters-viesi-prisipazinimai\/#primaryimage\"},\"thumbnailUrl\":\"https:\/\/skaitytaknyga.lt\/wp-content\/uploads\/2024\/04\/20200818_154926_edited.jpg\",\"datePublished\":\"2024-04-17T13:07:15+00:00\",\"dateModified\":\"2024-05-03T07:14:24+00:00\",\"description\":\"PAGELT\u0118 LAPAI Garsios brit\u0173 ra\u0161ytojos Sju Taunsend, lietuvi\u0173 skaitytojams \u017einomos kaip knyg\u0173 apie Adrian\u0105 Moul\u0105 autor\u0117s, nauja knyga. Tai linksma ir\",\"breadcrumb\":{\"@id\":\"https:\/\/skaitytaknyga.lt\/produktas\/s-townsend-vidutinio-amziaus-moters-viesi-prisipazinimai\/#breadcrumb\"},\"inLanguage\":\"en-GB\",\"potentialAction\":[{\"@type\":\"ReadAction\",\"target\":[\"https:\/\/skaitytaknyga.lt\/produktas\/s-townsend-vidutinio-amziaus-moters-viesi-prisipazinimai\/\"]}]},{\"@type\":\"ImageObject\",\"inLanguage\":\"en-GB\",\"@id\":\"https:\/\/skaitytaknyga.lt\/produktas\/s-townsend-vidutinio-amziaus-moters-viesi-prisipazinimai\/#primaryimage\",\"url\":\"https:\/\/skaitytaknyga.lt\/wp-content\/uploads\/2024\/04\/20200818_154926_edited.jpg\",\"contentUrl\":\"https:\/\/skaitytaknyga.lt\/wp-content\/uploads\/2024\/04\/20200818_154926_edited.jpg\",\"width\":1526,\"height\":2553,\"caption\":\"20200818 154926 edited\"},{\"@type\":\"BreadcrumbList\",\"@id\":\"https:\/\/skaitytaknyga.lt\/produktas\/s-townsend-vidutinio-amziaus-moters-viesi-prisipazinimai\/#breadcrumb\",\"itemListElement\":[{\"@type\":\"ListItem\",\"position\":1,\"name\":\"Home\",\"item\":\"https:\/\/skaitytaknyga.lt\/\"},{\"@type\":\"ListItem\",\"position\":2,\"name\":\"Parduotuv\u0117\",\"item\":\"https:\/\/skaitytaknyga.lt\/knygu-parduotuve\/\"},{\"@type\":\"ListItem\",\"position\":3,\"name\":\"S. Townsend \u201eVidutinio am\u017eiaus moters vie\u0161i prisipa\u017einimai\u201c\"}]},{\"@type\":\"WebSite\",\"@id\":\"https:\/\/skaitytaknyga.lt\/#website\",\"url\":\"https:\/\/skaitytaknyga.lt\/\",\"name\":\"skaitytaknyga.lt\",\"description\":\"Skaitytaknyga.lt \u2013 tai ma\u017eas \u0161eimos verslas, kuris prasid\u0117jo nuo meil\u0117s knygoms ir siekio i\u0161gelb\u0117ti knygas nuo likimo prie konteinerio. Kas vienam nereikalingas daiktas \u2013 kitam lobis, o mes esame tarpininkai, kurie padeda abiems tapti laimingesniems ???? \u017dinome kaip nelengva i\u0161gyventi ma\u017eiems verslams, tad nuo \u0161iol, \u010dia rasite ir kit\u0173, ma\u017e\u0173 \u0161eim\u0173 versl\u0173, rank\u0173 darbo, dovan\u0173 sau ir artimiesiems.\",\"publisher\":{\"@id\":\"https:\/\/skaitytaknyga.lt\/#organization\"},\"potentialAction\":[{\"@type\":\"SearchAction\",\"target\":{\"@type\":\"EntryPoint\",\"urlTemplate\":\"https:\/\/skaitytaknyga.lt\/?s={search_term_string}\"},\"query-input\":{\"@type\":\"PropertyValueSpecification\",\"valueRequired\":true,\"valueName\":\"search_term_string\"}}],\"inLanguage\":\"en-GB\"},{\"@type\":\"Organization\",\"@id\":\"https:\/\/skaitytaknyga.lt\/#organization\",\"name\":\"skaitytaknyga.lt\",\"url\":\"https:\/\/skaitytaknyga.lt\/\",\"logo\":{\"@type\":\"ImageObject\",\"inLanguage\":\"en-GB\",\"@id\":\"https:\/\/skaitytaknyga.lt\/#\/schema\/logo\/image\/\",\"url\":\"https:\/\/skaitytaknyga.lt\/wp-content\/uploads\/2024\/05\/cropped-cropped-cropped-02_00843_jt3bggkj1j3HLc7SyY6rEUpg.jpeg\",\"contentUrl\":\"https:\/\/skaitytaknyga.lt\/wp-content\/uploads\/2024\/05\/cropped-cropped-cropped-02_00843_jt3bggkj1j3HLc7SyY6rEUpg.jpeg\",\"width\":1600,\"height\":1600,\"caption\":\"skaitytaknyga.lt\"},\"image\":{\"@id\":\"https:\/\/skaitytaknyga.lt\/#\/schema\/logo\/image\/\"},\"sameAs\":[\"https:\/\/www.facebook.com\/skaitytaknyga\/\"]}]}<\/script>\n<!-- \/ Yoast SEO plugin. -->","yoast_head_json":{"title":"S. Townsend \u201eVidutinio am\u017eiaus moters vie\u0161i prisipa\u017einimai\u201c - Skaitytaknyga","description":"PAGELT\u0118 LAPAI Garsios brit\u0173 ra\u0161ytojos Sju Taunsend, lietuvi\u0173 skaitytojams \u017einomos kaip knyg\u0173 apie Adrian\u0105 Moul\u0105 autor\u0117s, nauja knyga. Tai linksma ir","robots":{"index":"index","follow":"follow","max-snippet":"max-snippet:-1","max-image-preview":"max-image-preview:large","max-video-preview":"max-video-preview:-1"},"canonical":"https:\/\/skaitytaknyga.lt\/en\/produktas\/s-townsend-vidutinio-amziaus-moters-viesi-prisipazinimai\/","og_locale":"en_GB","og_type":"article","og_title":"S. Townsend \u201eVidutinio am\u017eiaus moters vie\u0161i prisipa\u017einimai\u201c - Skaitytaknyga","og_description":"PAGELT\u0118 LAPAI Garsios brit\u0173 ra\u0161ytojos Sju Taunsend, lietuvi\u0173 skaitytojams \u017einomos kaip knyg\u0173 apie Adrian\u0105 Moul\u0105 autor\u0117s, nauja knyga. Tai linksma ir","og_url":"https:\/\/skaitytaknyga.lt\/en\/produktas\/s-townsend-vidutinio-amziaus-moters-viesi-prisipazinimai\/","og_site_name":"Skaitytaknyga","article_publisher":"https:\/\/www.facebook.com\/skaitytaknyga\/","article_modified_time":"2024-05-03T07:14:24+00:00","og_image":[{"width":1526,"height":2553,"url":"https:\/\/skaitytaknyga.lt\/wp-content\/uploads\/2024\/04\/20200818_154926_edited.jpg","type":"image\/jpeg"}],"twitter_card":"summary_large_image","twitter_misc":{"Estimated reading time":"1 minute"},"schema":{"@context":"https:\/\/schema.org","@graph":[{"@type":"WebPage","@id":"https:\/\/skaitytaknyga.lt\/produktas\/s-townsend-vidutinio-amziaus-moters-viesi-prisipazinimai\/","url":"https:\/\/skaitytaknyga.lt\/produktas\/s-townsend-vidutinio-amziaus-moters-viesi-prisipazinimai\/","name":"S. Townsend \u201eVidutinio am\u017eiaus moters vie\u0161i prisipa\u017einimai\u201c - Skaitytaknyga","isPartOf":{"@id":"https:\/\/skaitytaknyga.lt\/#website"},"primaryImageOfPage":{"@id":"https:\/\/skaitytaknyga.lt\/produktas\/s-townsend-vidutinio-amziaus-moters-viesi-prisipazinimai\/#primaryimage"},"image":{"@id":"https:\/\/skaitytaknyga.lt\/produktas\/s-townsend-vidutinio-amziaus-moters-viesi-prisipazinimai\/#primaryimage"},"thumbnailUrl":"https:\/\/skaitytaknyga.lt\/wp-content\/uploads\/2024\/04\/20200818_154926_edited.jpg","datePublished":"2024-04-17T13:07:15+00:00","dateModified":"2024-05-03T07:14:24+00:00","description":"PAGELT\u0118 LAPAI Garsios brit\u0173 ra\u0161ytojos Sju Taunsend, lietuvi\u0173 skaitytojams \u017einomos kaip knyg\u0173 apie Adrian\u0105 Moul\u0105 autor\u0117s, nauja knyga. Tai linksma ir","breadcrumb":{"@id":"https:\/\/skaitytaknyga.lt\/produktas\/s-townsend-vidutinio-amziaus-moters-viesi-prisipazinimai\/#breadcrumb"},"inLanguage":"en-GB","potentialAction":[{"@type":"ReadAction","target":["https:\/\/skaitytaknyga.lt\/produktas\/s-townsend-vidutinio-amziaus-moters-viesi-prisipazinimai\/"]}]},{"@type":"ImageObject","inLanguage":"en-GB","@id":"https:\/\/skaitytaknyga.lt\/produktas\/s-townsend-vidutinio-amziaus-moters-viesi-prisipazinimai\/#primaryimage","url":"https:\/\/skaitytaknyga.lt\/wp-content\/uploads\/2024\/04\/20200818_154926_edited.jpg","contentUrl":"https:\/\/skaitytaknyga.lt\/wp-content\/uploads\/2024\/04\/20200818_154926_edited.jpg","width":1526,"height":2553,"caption":"20200818 154926 edited"},{"@type":"BreadcrumbList","@id":"https:\/\/skaitytaknyga.lt\/produktas\/s-townsend-vidutinio-amziaus-moters-viesi-prisipazinimai\/#breadcrumb","itemListElement":[{"@type":"ListItem","position":1,"name":"Home","item":"https:\/\/skaitytaknyga.lt\/"},{"@type":"ListItem","position":2,"name":"Parduotuv\u0117","item":"https:\/\/skaitytaknyga.lt\/knygu-parduotuve\/"},{"@type":"ListItem","position":3,"name":"S. Townsend \u201eVidutinio am\u017eiaus moters vie\u0161i prisipa\u017einimai\u201c"}]},{"@type":"WebSite","@id":"https:\/\/skaitytaknyga.lt\/#website","url":"https:\/\/skaitytaknyga.lt\/","name":"skaitytaknyga.lt","description":"Skaitytaknyga.lt \u2013 tai ma\u017eas \u0161eimos verslas, kuris prasid\u0117jo nuo meil\u0117s knygoms ir siekio i\u0161gelb\u0117ti knygas nuo likimo prie konteinerio. Kas vienam nereikalingas daiktas \u2013 kitam lobis, o mes esame tarpininkai, kurie padeda abiems tapti laimingesniems ???? \u017dinome kaip nelengva i\u0161gyventi ma\u017eiems verslams, tad nuo \u0161iol, \u010dia rasite ir kit\u0173, ma\u017e\u0173 \u0161eim\u0173 versl\u0173, rank\u0173 darbo, dovan\u0173 sau ir artimiesiems.","publisher":{"@id":"https:\/\/skaitytaknyga.lt\/#organization"},"potentialAction":[{"@type":"SearchAction","target":{"@type":"EntryPoint","urlTemplate":"https:\/\/skaitytaknyga.lt\/?s={search_term_string}"},"query-input":{"@type":"PropertyValueSpecification","valueRequired":true,"valueName":"search_term_string"}}],"inLanguage":"en-GB"},{"@type":"Organization","@id":"https:\/\/skaitytaknyga.lt\/#organization","name":"skaitytaknyga.lt","url":"https:\/\/skaitytaknyga.lt\/","logo":{"@type":"ImageObject","inLanguage":"en-GB","@id":"https:\/\/skaitytaknyga.lt\/#\/schema\/logo\/image\/","url":"https:\/\/skaitytaknyga.lt\/wp-content\/uploads\/2024\/05\/cropped-cropped-cropped-02_00843_jt3bggkj1j3HLc7SyY6rEUpg.jpeg","contentUrl":"https:\/\/skaitytaknyga.lt\/wp-content\/uploads\/2024\/05\/cropped-cropped-cropped-02_00843_jt3bggkj1j3HLc7SyY6rEUpg.jpeg","width":1600,"height":1600,"caption":"skaitytaknyga.lt"},"image":{"@id":"https:\/\/skaitytaknyga.lt\/#\/schema\/logo\/image\/"},"sameAs":["https:\/\/www.facebook.com\/skaitytaknyga\/"]}]}},"_links":{"self":[{"href":"https:\/\/skaitytaknyga.lt\/en\/wp-json\/wp\/v2\/product\/2300","targetHints":{"allow":["GET"]}}],"collection":[{"href":"https:\/\/skaitytaknyga.lt\/en\/wp-json\/wp\/v2\/product"}],"about":[{"href":"https:\/\/skaitytaknyga.lt\/en\/wp-json\/wp\/v2\/types\/product"}],"replies":[{"embeddable":true,"href":"https:\/\/skaitytaknyga.lt\/en\/wp-json\/wp\/v2\/comments?post=2300"}],"wp:featuredmedia":[{"embeddable":true,"href":"https:\/\/skaitytaknyga.lt\/en\/wp-json\/wp\/v2\/media\/2355"}],"wp:attachment":[{"href":"https:\/\/skaitytaknyga.lt\/en\/wp-json\/wp\/v2\/media?parent=2300"}],"wp:term":[{"taxonomy":"product_brand","embeddable":true,"href":"https:\/\/skaitytaknyga.lt\/en\/wp-json\/wp\/v2\/product_brand?post=2300"},{"taxonomy":"product_cat","embeddable":true,"href":"https:\/\/skaitytaknyga.lt\/en\/wp-json\/wp\/v2\/product_cat?post=2300"},{"taxonomy":"product_tag","embeddable":true,"href":"https:\/\/skaitytaknyga.lt\/en\/wp-json\/wp\/v2\/product_tag?post=2300"}],"curies":[{"name":"wp","href":"https:\/\/api.w.org\/{rel}","templated":true}]}}