{"id":2298,"date":"2024-04-17T13:07:15","date_gmt":"2024-04-17T13:07:15","guid":{"rendered":"https:\/\/skaitytaknyga.lt\/?post_type=product&#038;p=2298"},"modified":"2024-06-18T07:56:01","modified_gmt":"2024-06-18T07:56:01","slug":"salar-abdoh-teheranas-temstant","status":"publish","type":"product","link":"https:\/\/skaitytaknyga.lt\/en\/produktas\/salar-abdoh-teheranas-temstant\/","title":{"rendered":"Salar Abdoh \u201eTeheranas temstant&#8221;"},"content":{"rendered":"<p>\u201eTeheranas temstant\u201c \u2013\u00a0intriguojantis pasakojimas apie Maleko, universiteto d\u0117stytojo, gr\u012f\u017eim\u0105 \u012f Teheran\u0105, i\u0161 kurio dar vaikyst\u0117je su t\u0117vu pab\u0117go \u012f Amerik\u0105.<\/p>\n<p>Nepaprasti \u012fvykiai Irane, i\u0161davyst\u0117s, korupcija, represijos, nuolatiniai persekiojimai, motinos paie\u0161kos ir baim\u0117 d\u0117l geriausio draugo, \u012fsiv\u0117lusio \u012f militarizuot\u0105 grupuot\u0119, sudaro siu\u017eeto pagrind\u0105, kuris prikausto d\u0117mes\u012f i\u0161skirtiniais veik\u0117jais, atsid\u016brusiais sunkiai nusp\u0117jamoje egzoti\u0161ko kra\u0161to aplinkoje.<\/p>\n<p>Romane\u00a0\u201eTeheranas temstant\u201c\u00a0retrospekcij\u0173 b\u016bdu skaitytojas nukeliamas ir \u012f Antrojo pasaulinio karo laikotarp\u012f, jungiant paralelinio pasakojimo grandis apie netolimos praeities neramum\u0173 draskom\u0105 Iran\u0105. Atsiskleid\u017eia sud\u0117tingi \u017emoni\u0173 likimai atsid\u016brus istorini\u0173 \u012fvyki\u0173 m\u0117smal\u0117je, kai reikia perkainoti nusistov\u0117jusias draugyst\u0117s, meil\u0117s, s\u0105\u017ein\u0117s, t\u0117v\u0173 ir vaik\u0173 santyki\u0173 moralines kategorijas, prisitaikyti prie netvaraus pasaulio diktuojam\u0173 s\u0105lyg\u0173 ir nustatyt\u0173 \u017emoni\u0173 bendravimo norm\u0173 arba \u017e\u016bti.<\/p>\n","protected":false},"excerpt":{"rendered":"<p>\u201eTeheranas temstant\u201c \u2013\u00a0intriguojantis pasakojimas apie Maleko, universiteto d\u0117stytojo, gr\u012f\u017eim\u0105 \u012f Teheran\u0105, i\u0161 kurio dar vaikyst\u0117je su t\u0117vu pab\u0117go \u012f Amerik\u0105. Nepaprasti \u012fvykiai Irane, i\u0161davyst\u0117s, korupcija, represijos, nuolatiniai persekiojimai, motinos paie\u0161kos ir baim\u0117 d\u0117l geriausio draugo, \u012fsiv\u0117lusio \u012f militarizuot\u0105 grupuot\u0119, sudaro siu\u017eeto pagrind\u0105, kuris prikausto d\u0117mes\u012f i\u0161skirtiniais veik\u0117jais, atsid\u016brusiais sunkiai nusp\u0117jamoje egzoti\u0161ko kra\u0161to aplinkoje. Romane\u00a0\u201eTeheranas temstant\u201c\u00a0retrospekcij\u0173 b\u016bdu skaitytojas nukeliamas ir \u012f Antrojo pasaulinio karo laikotarp\u012f, jungiant paralelinio pasakojimo grandis apie netolimos praeities neramum\u0173 draskom\u0105 Iran\u0105. Atsiskleid\u017eia sud\u0117tingi \u017emoni\u0173 likimai atsid\u016brus istorini\u0173 \u012fvyki\u0173 m\u0117smal\u0117je, kai reikia perkainoti nusistov\u0117jusias draugyst\u0117s, meil\u0117s, s\u0105\u017ein\u0117s, t\u0117v\u0173 ir vaik\u0173 santyki\u0173 moralines kategorijas, prisitaikyti prie netvaraus pasaulio diktuojam\u0173 s\u0105lyg\u0173 ir nustatyt\u0173 \u017emoni\u0173 bendravimo norm\u0173 arba \u017e\u016bti.<\/p>\n","protected":false},"featured_media":2352,"comment_status":"closed","ping_status":"closed","template":"","meta":{"_acf_changed":false,"site-sidebar-layout":"default","site-content-layout":"","ast-site-content-layout":"default","site-content-style":"default","site-sidebar-style":"default","ast-global-header-display":"","ast-banner-title-visibility":"","ast-main-header-display":"","ast-hfb-above-header-display":"","ast-hfb-below-header-display":"","ast-hfb-mobile-header-display":"","site-post-title":"","ast-breadcrumbs-content":"","ast-featured-img":"","footer-sml-layout":"","ast-disable-related-posts":"","theme-transparent-header-meta":"","adv-header-id-meta":"","stick-header-meta":"","header-above-stick-meta":"","header-main-stick-meta":"","header-below-stick-meta":"","astra-migrate-meta-layouts":"default","ast-page-background-enabled":"default","ast-page-background-meta":{"desktop":{"background-color":"","background-image":"","background-repeat":"repeat","background-position":"center center","background-size":"auto","background-attachment":"scroll","background-type":"","background-media":"","overlay-type":"","overlay-color":"","overlay-opacity":"","overlay-gradient":""},"tablet":{"background-color":"","background-image":"","background-repeat":"repeat","background-position":"center center","background-size":"auto","background-attachment":"scroll","background-type":"","background-media":"","overlay-type":"","overlay-color":"","overlay-opacity":"","overlay-gradient":""},"mobile":{"background-color":"","background-image":"","background-repeat":"repeat","background-position":"center center","background-size":"auto","background-attachment":"scroll","background-type":"","background-media":"","overlay-type":"","overlay-color":"","overlay-opacity":"","overlay-gradient":""}},"ast-content-background-meta":{"desktop":{"background-color":"var(--ast-global-color-4)","background-image":"","background-repeat":"repeat","background-position":"center center","background-size":"auto","background-attachment":"scroll","background-type":"","background-media":"","overlay-type":"","overlay-color":"","overlay-opacity":"","overlay-gradient":""},"tablet":{"background-color":"var(--ast-global-color-4)","background-image":"","background-repeat":"repeat","background-position":"center center","background-size":"auto","background-attachment":"scroll","background-type":"","background-media":"","overlay-type":"","overlay-color":"","overlay-opacity":"","overlay-gradient":""},"mobile":{"background-color":"var(--ast-global-color-4)","background-image":"","background-repeat":"repeat","background-position":"center center","background-size":"auto","background-attachment":"scroll","background-type":"","background-media":"","overlay-type":"","overlay-color":"","overlay-opacity":"","overlay-gradient":""}}},"product_brand":[],"product_cat":[31],"product_tag":[],"class_list":{"0":"post-2298","1":"product","2":"type-product","3":"status-publish","4":"has-post-thumbnail","6":"product_cat-grozine-literatura","7":"desktop-align-left","8":"tablet-align-left","9":"mobile-align-left","11":"first","12":"outofstock","13":"shipping-taxable","14":"purchasable","15":"product-type-simple"},"acf":[],"yoast_head":"<!-- This site is optimized with the Yoast SEO plugin v27.0 - https:\/\/yoast.com\/product\/yoast-seo-wordpress\/ -->\n<title>Salar Abdoh \u201eTeheranas temstant&quot; - Skaitytaknyga<\/title>\n<meta name=\"description\" content=\"\u201eTeheranas temstant\u201c \u2013\u00a0intriguojantis pasakojimas apie Maleko, universiteto d\u0117stytojo, gr\u012f\u017eim\u0105 \u012f Teheran\u0105, i\u0161 kurio dar vaikyst\u0117je su t\u0117vu pab\u0117go \u012f\" \/>\n<meta name=\"robots\" content=\"index, follow, max-snippet:-1, max-image-preview:large, max-video-preview:-1\" \/>\n<link rel=\"canonical\" href=\"https:\/\/skaitytaknyga.lt\/en\/produktas\/salar-abdoh-teheranas-temstant\/\" \/>\n<meta property=\"og:locale\" content=\"en_GB\" \/>\n<meta property=\"og:locale:alternate\" content=\"lt_LT\" \/>\n<meta property=\"og:type\" content=\"article\" \/>\n<meta property=\"og:title\" content=\"Salar Abdoh \u201eTeheranas temstant&quot; - Skaitytaknyga\" \/>\n<meta property=\"og:description\" content=\"\u201eTeheranas temstant\u201c \u2013\u00a0intriguojantis pasakojimas apie Maleko, universiteto d\u0117stytojo, gr\u012f\u017eim\u0105 \u012f Teheran\u0105, i\u0161 kurio dar vaikyst\u0117je su t\u0117vu pab\u0117go \u012f\" \/>\n<meta property=\"og:url\" content=\"https:\/\/skaitytaknyga.lt\/en\/produktas\/salar-abdoh-teheranas-temstant\/\" \/>\n<meta property=\"og:site_name\" content=\"Skaitytaknyga\" \/>\n<meta property=\"article:publisher\" content=\"https:\/\/www.facebook.com\/skaitytaknyga\/\" \/>\n<meta property=\"article:modified_time\" content=\"2024-06-18T07:56:01+00:00\" \/>\n<meta property=\"og:image\" content=\"https:\/\/skaitytaknyga.lt\/wp-content\/uploads\/2024\/04\/000000000002160707-59de83c99d461-asset-knyguklubas-cdb_9789955345169_teheranas-temstant_p1.jpg\" \/>\n\t<meta property=\"og:image:width\" content=\"285\" \/>\n\t<meta property=\"og:image:height\" content=\"426\" \/>\n\t<meta property=\"og:image:type\" content=\"image\/jpeg\" \/>\n<meta name=\"twitter:card\" content=\"summary_large_image\" \/>\n<meta name=\"twitter:label1\" content=\"Estimated reading time\" \/>\n\t<meta name=\"twitter:data1\" content=\"1 minute\" \/>\n<script type=\"application\/ld+json\" class=\"yoast-schema-graph\">{\"@context\":\"https:\/\/schema.org\",\"@graph\":[{\"@type\":\"WebPage\",\"@id\":\"https:\/\/skaitytaknyga.lt\/en\/produktas\/salar-abdoh-teheranas-temstant\/\",\"url\":\"https:\/\/skaitytaknyga.lt\/en\/produktas\/salar-abdoh-teheranas-temstant\/\",\"name\":\"Salar Abdoh \u201eTeheranas temstant\\\" - Skaitytaknyga\",\"isPartOf\":{\"@id\":\"https:\/\/skaitytaknyga.lt\/#website\"},\"primaryImageOfPage\":{\"@id\":\"https:\/\/skaitytaknyga.lt\/en\/produktas\/salar-abdoh-teheranas-temstant\/#primaryimage\"},\"image\":{\"@id\":\"https:\/\/skaitytaknyga.lt\/en\/produktas\/salar-abdoh-teheranas-temstant\/#primaryimage\"},\"thumbnailUrl\":\"https:\/\/skaitytaknyga.lt\/wp-content\/uploads\/2024\/04\/000000000002160707-59de83c99d461-asset-knyguklubas-cdb_9789955345169_teheranas-temstant_p1.jpg\",\"datePublished\":\"2024-04-17T13:07:15+00:00\",\"dateModified\":\"2024-06-18T07:56:01+00:00\",\"description\":\"\u201eTeheranas temstant\u201c \u2013\u00a0intriguojantis pasakojimas apie Maleko, universiteto d\u0117stytojo, gr\u012f\u017eim\u0105 \u012f Teheran\u0105, i\u0161 kurio dar vaikyst\u0117je su t\u0117vu pab\u0117go \u012f\",\"breadcrumb\":{\"@id\":\"https:\/\/skaitytaknyga.lt\/en\/produktas\/salar-abdoh-teheranas-temstant\/#breadcrumb\"},\"inLanguage\":\"en-GB\",\"potentialAction\":[{\"@type\":\"ReadAction\",\"target\":[\"https:\/\/skaitytaknyga.lt\/en\/produktas\/salar-abdoh-teheranas-temstant\/\"]}]},{\"@type\":\"ImageObject\",\"inLanguage\":\"en-GB\",\"@id\":\"https:\/\/skaitytaknyga.lt\/en\/produktas\/salar-abdoh-teheranas-temstant\/#primaryimage\",\"url\":\"https:\/\/skaitytaknyga.lt\/wp-content\/uploads\/2024\/04\/000000000002160707-59de83c99d461-asset-knyguklubas-cdb_9789955345169_teheranas-temstant_p1.jpg\",\"contentUrl\":\"https:\/\/skaitytaknyga.lt\/wp-content\/uploads\/2024\/04\/000000000002160707-59de83c99d461-asset-knyguklubas-cdb_9789955345169_teheranas-temstant_p1.jpg\",\"width\":285,\"height\":426},{\"@type\":\"BreadcrumbList\",\"@id\":\"https:\/\/skaitytaknyga.lt\/en\/produktas\/salar-abdoh-teheranas-temstant\/#breadcrumb\",\"itemListElement\":[{\"@type\":\"ListItem\",\"position\":1,\"name\":\"Home\",\"item\":\"https:\/\/skaitytaknyga.lt\/\"},{\"@type\":\"ListItem\",\"position\":2,\"name\":\"Parduotuv\u0117\",\"item\":\"https:\/\/skaitytaknyga.lt\/knygu-parduotuve\/\"},{\"@type\":\"ListItem\",\"position\":3,\"name\":\"Salar Abdoh \u201eTeheranas temstant&#8221;\"}]},{\"@type\":\"WebSite\",\"@id\":\"https:\/\/skaitytaknyga.lt\/#website\",\"url\":\"https:\/\/skaitytaknyga.lt\/\",\"name\":\"skaitytaknyga.lt\",\"description\":\"Skaitytaknyga.lt \u2013 tai ma\u017eas \u0161eimos verslas, kuris prasid\u0117jo nuo meil\u0117s knygoms ir siekio i\u0161gelb\u0117ti knygas nuo likimo prie konteinerio. Kas vienam nereikalingas daiktas \u2013 kitam lobis, o mes esame tarpininkai, kurie padeda abiems tapti laimingesniems ???? \u017dinome kaip nelengva i\u0161gyventi ma\u017eiems verslams, tad nuo \u0161iol, \u010dia rasite ir kit\u0173, ma\u017e\u0173 \u0161eim\u0173 versl\u0173, rank\u0173 darbo, dovan\u0173 sau ir artimiesiems.\",\"publisher\":{\"@id\":\"https:\/\/skaitytaknyga.lt\/#organization\"},\"potentialAction\":[{\"@type\":\"SearchAction\",\"target\":{\"@type\":\"EntryPoint\",\"urlTemplate\":\"https:\/\/skaitytaknyga.lt\/?s={search_term_string}\"},\"query-input\":{\"@type\":\"PropertyValueSpecification\",\"valueRequired\":true,\"valueName\":\"search_term_string\"}}],\"inLanguage\":\"en-GB\"},{\"@type\":\"Organization\",\"@id\":\"https:\/\/skaitytaknyga.lt\/#organization\",\"name\":\"skaitytaknyga.lt\",\"url\":\"https:\/\/skaitytaknyga.lt\/\",\"logo\":{\"@type\":\"ImageObject\",\"inLanguage\":\"en-GB\",\"@id\":\"https:\/\/skaitytaknyga.lt\/#\/schema\/logo\/image\/\",\"url\":\"https:\/\/skaitytaknyga.lt\/wp-content\/uploads\/2024\/05\/cropped-cropped-cropped-02_00843_jt3bggkj1j3HLc7SyY6rEUpg.jpeg\",\"contentUrl\":\"https:\/\/skaitytaknyga.lt\/wp-content\/uploads\/2024\/05\/cropped-cropped-cropped-02_00843_jt3bggkj1j3HLc7SyY6rEUpg.jpeg\",\"width\":1600,\"height\":1600,\"caption\":\"skaitytaknyga.lt\"},\"image\":{\"@id\":\"https:\/\/skaitytaknyga.lt\/#\/schema\/logo\/image\/\"},\"sameAs\":[\"https:\/\/www.facebook.com\/skaitytaknyga\/\"]}]}<\/script>\n<!-- \/ Yoast SEO plugin. -->","yoast_head_json":{"title":"Salar Abdoh \u201eTeheranas temstant\" - Skaitytaknyga","description":"\u201eTeheranas temstant\u201c \u2013\u00a0intriguojantis pasakojimas apie Maleko, universiteto d\u0117stytojo, gr\u012f\u017eim\u0105 \u012f Teheran\u0105, i\u0161 kurio dar vaikyst\u0117je su t\u0117vu pab\u0117go \u012f","robots":{"index":"index","follow":"follow","max-snippet":"max-snippet:-1","max-image-preview":"max-image-preview:large","max-video-preview":"max-video-preview:-1"},"canonical":"https:\/\/skaitytaknyga.lt\/en\/produktas\/salar-abdoh-teheranas-temstant\/","og_locale":"en_GB","og_type":"article","og_title":"Salar Abdoh \u201eTeheranas temstant\" - Skaitytaknyga","og_description":"\u201eTeheranas temstant\u201c \u2013\u00a0intriguojantis pasakojimas apie Maleko, universiteto d\u0117stytojo, gr\u012f\u017eim\u0105 \u012f Teheran\u0105, i\u0161 kurio dar vaikyst\u0117je su t\u0117vu pab\u0117go \u012f","og_url":"https:\/\/skaitytaknyga.lt\/en\/produktas\/salar-abdoh-teheranas-temstant\/","og_site_name":"Skaitytaknyga","article_publisher":"https:\/\/www.facebook.com\/skaitytaknyga\/","article_modified_time":"2024-06-18T07:56:01+00:00","og_image":[{"width":285,"height":426,"url":"https:\/\/skaitytaknyga.lt\/wp-content\/uploads\/2024\/04\/000000000002160707-59de83c99d461-asset-knyguklubas-cdb_9789955345169_teheranas-temstant_p1.jpg","type":"image\/jpeg"}],"twitter_card":"summary_large_image","twitter_misc":{"Estimated reading time":"1 minute"},"schema":{"@context":"https:\/\/schema.org","@graph":[{"@type":"WebPage","@id":"https:\/\/skaitytaknyga.lt\/en\/produktas\/salar-abdoh-teheranas-temstant\/","url":"https:\/\/skaitytaknyga.lt\/en\/produktas\/salar-abdoh-teheranas-temstant\/","name":"Salar Abdoh \u201eTeheranas temstant\" - Skaitytaknyga","isPartOf":{"@id":"https:\/\/skaitytaknyga.lt\/#website"},"primaryImageOfPage":{"@id":"https:\/\/skaitytaknyga.lt\/en\/produktas\/salar-abdoh-teheranas-temstant\/#primaryimage"},"image":{"@id":"https:\/\/skaitytaknyga.lt\/en\/produktas\/salar-abdoh-teheranas-temstant\/#primaryimage"},"thumbnailUrl":"https:\/\/skaitytaknyga.lt\/wp-content\/uploads\/2024\/04\/000000000002160707-59de83c99d461-asset-knyguklubas-cdb_9789955345169_teheranas-temstant_p1.jpg","datePublished":"2024-04-17T13:07:15+00:00","dateModified":"2024-06-18T07:56:01+00:00","description":"\u201eTeheranas temstant\u201c \u2013\u00a0intriguojantis pasakojimas apie Maleko, universiteto d\u0117stytojo, gr\u012f\u017eim\u0105 \u012f Teheran\u0105, i\u0161 kurio dar vaikyst\u0117je su t\u0117vu pab\u0117go \u012f","breadcrumb":{"@id":"https:\/\/skaitytaknyga.lt\/en\/produktas\/salar-abdoh-teheranas-temstant\/#breadcrumb"},"inLanguage":"en-GB","potentialAction":[{"@type":"ReadAction","target":["https:\/\/skaitytaknyga.lt\/en\/produktas\/salar-abdoh-teheranas-temstant\/"]}]},{"@type":"ImageObject","inLanguage":"en-GB","@id":"https:\/\/skaitytaknyga.lt\/en\/produktas\/salar-abdoh-teheranas-temstant\/#primaryimage","url":"https:\/\/skaitytaknyga.lt\/wp-content\/uploads\/2024\/04\/000000000002160707-59de83c99d461-asset-knyguklubas-cdb_9789955345169_teheranas-temstant_p1.jpg","contentUrl":"https:\/\/skaitytaknyga.lt\/wp-content\/uploads\/2024\/04\/000000000002160707-59de83c99d461-asset-knyguklubas-cdb_9789955345169_teheranas-temstant_p1.jpg","width":285,"height":426},{"@type":"BreadcrumbList","@id":"https:\/\/skaitytaknyga.lt\/en\/produktas\/salar-abdoh-teheranas-temstant\/#breadcrumb","itemListElement":[{"@type":"ListItem","position":1,"name":"Home","item":"https:\/\/skaitytaknyga.lt\/"},{"@type":"ListItem","position":2,"name":"Parduotuv\u0117","item":"https:\/\/skaitytaknyga.lt\/knygu-parduotuve\/"},{"@type":"ListItem","position":3,"name":"Salar Abdoh \u201eTeheranas temstant&#8221;"}]},{"@type":"WebSite","@id":"https:\/\/skaitytaknyga.lt\/#website","url":"https:\/\/skaitytaknyga.lt\/","name":"skaitytaknyga.lt","description":"Skaitytaknyga.lt \u2013 tai ma\u017eas \u0161eimos verslas, kuris prasid\u0117jo nuo meil\u0117s knygoms ir siekio i\u0161gelb\u0117ti knygas nuo likimo prie konteinerio. Kas vienam nereikalingas daiktas \u2013 kitam lobis, o mes esame tarpininkai, kurie padeda abiems tapti laimingesniems ???? \u017dinome kaip nelengva i\u0161gyventi ma\u017eiems verslams, tad nuo \u0161iol, \u010dia rasite ir kit\u0173, ma\u017e\u0173 \u0161eim\u0173 versl\u0173, rank\u0173 darbo, dovan\u0173 sau ir artimiesiems.","publisher":{"@id":"https:\/\/skaitytaknyga.lt\/#organization"},"potentialAction":[{"@type":"SearchAction","target":{"@type":"EntryPoint","urlTemplate":"https:\/\/skaitytaknyga.lt\/?s={search_term_string}"},"query-input":{"@type":"PropertyValueSpecification","valueRequired":true,"valueName":"search_term_string"}}],"inLanguage":"en-GB"},{"@type":"Organization","@id":"https:\/\/skaitytaknyga.lt\/#organization","name":"skaitytaknyga.lt","url":"https:\/\/skaitytaknyga.lt\/","logo":{"@type":"ImageObject","inLanguage":"en-GB","@id":"https:\/\/skaitytaknyga.lt\/#\/schema\/logo\/image\/","url":"https:\/\/skaitytaknyga.lt\/wp-content\/uploads\/2024\/05\/cropped-cropped-cropped-02_00843_jt3bggkj1j3HLc7SyY6rEUpg.jpeg","contentUrl":"https:\/\/skaitytaknyga.lt\/wp-content\/uploads\/2024\/05\/cropped-cropped-cropped-02_00843_jt3bggkj1j3HLc7SyY6rEUpg.jpeg","width":1600,"height":1600,"caption":"skaitytaknyga.lt"},"image":{"@id":"https:\/\/skaitytaknyga.lt\/#\/schema\/logo\/image\/"},"sameAs":["https:\/\/www.facebook.com\/skaitytaknyga\/"]}]}},"_links":{"self":[{"href":"https:\/\/skaitytaknyga.lt\/en\/wp-json\/wp\/v2\/product\/2298","targetHints":{"allow":["GET"]}}],"collection":[{"href":"https:\/\/skaitytaknyga.lt\/en\/wp-json\/wp\/v2\/product"}],"about":[{"href":"https:\/\/skaitytaknyga.lt\/en\/wp-json\/wp\/v2\/types\/product"}],"replies":[{"embeddable":true,"href":"https:\/\/skaitytaknyga.lt\/en\/wp-json\/wp\/v2\/comments?post=2298"}],"wp:featuredmedia":[{"embeddable":true,"href":"https:\/\/skaitytaknyga.lt\/en\/wp-json\/wp\/v2\/media\/2352"}],"wp:attachment":[{"href":"https:\/\/skaitytaknyga.lt\/en\/wp-json\/wp\/v2\/media?parent=2298"}],"wp:term":[{"taxonomy":"product_brand","embeddable":true,"href":"https:\/\/skaitytaknyga.lt\/en\/wp-json\/wp\/v2\/product_brand?post=2298"},{"taxonomy":"product_cat","embeddable":true,"href":"https:\/\/skaitytaknyga.lt\/en\/wp-json\/wp\/v2\/product_cat?post=2298"},{"taxonomy":"product_tag","embeddable":true,"href":"https:\/\/skaitytaknyga.lt\/en\/wp-json\/wp\/v2\/product_tag?post=2298"}],"curies":[{"name":"wp","href":"https:\/\/api.w.org\/{rel}","templated":true}]}}