{"id":22970,"date":"2026-02-04T15:35:16","date_gmt":"2026-02-04T13:35:16","guid":{"rendered":"https:\/\/skaitytaknyga.lt\/?post_type=product&#038;p=22970"},"modified":"2026-03-18T11:36:11","modified_gmt":"2026-03-18T09:36:11","slug":"septyni-simtmeciai-vokieciu-ir-lietuviu-santykiu","status":"publish","type":"product","link":"https:\/\/skaitytaknyga.lt\/en\/produktas\/septyni-simtmeciai-vokieciu-ir-lietuviu-santykiu\/","title":{"rendered":"Septyni \u0161imtme\u010diai vokie\u010di\u0173 ir lietuvi\u0173 santyki\u0173 (yra skaitymo \u017eymi\u0173)"},"content":{"rendered":"<p>\u0160iame veikale (pirma leidimas vokie\u010di\u0173 kalba &#8211; 1932m.) Vyd\u016bnas atskleid\u017eia Kry\u017eiuo\u010di\u0173 ordino ekspansijos \u012f pr\u016bs\u0173 ir lietuvi\u0173 \u017eemes prie\u017eastis, eig\u0105 ir pasekmes. Paneigdamas kry\u017eiuo\u010di\u0173 kov\u0173 tikslus (jie ne\u0161\u0119 baltams krik\u0161\u010dioni\u0173 religij\u0105 ir tariamai tobulesn\u0119 kult\u016br\u0105), Vyd\u016bnas auk\u0161tina senaj\u012f balt\u0173 tik\u0117jim\u0105 ir savit\u0105 kult\u016br\u0105.<\/p>\n","protected":false},"excerpt":{"rendered":"<p>\u0160iame veikale (pirma leidimas vokie\u010di\u0173 kalba &#8211; 1932m.) Vyd\u016bnas atskleid\u017eia Kry\u017eiuo\u010di\u0173 ordino ekspansijos \u012f pr\u016bs\u0173 ir lietuvi\u0173 \u017eemes prie\u017eastis, eig\u0105 ir pasekmes. Paneigdamas kry\u017eiuo\u010di\u0173 kov\u0173 tikslus (jie ne\u0161\u0119 baltams krik\u0161\u010dioni\u0173 religij\u0105 ir tariamai tobulesn\u0119 kult\u016br\u0105), Vyd\u016bnas auk\u0161tina senaj\u012f balt\u0173 tik\u0117jim\u0105 ir savit\u0105 kult\u016br\u0105.<\/p>\n","protected":false},"featured_media":22981,"comment_status":"open","ping_status":"closed","template":"","meta":{"_acf_changed":false,"site-sidebar-layout":"default","site-content-layout":"","ast-site-content-layout":"default","site-content-style":"default","site-sidebar-style":"default","ast-global-header-display":"","ast-banner-title-visibility":"","ast-main-header-display":"","ast-hfb-above-header-display":"","ast-hfb-below-header-display":"","ast-hfb-mobile-header-display":"","site-post-title":"","ast-breadcrumbs-content":"","ast-featured-img":"","footer-sml-layout":"","ast-disable-related-posts":"","theme-transparent-header-meta":"","adv-header-id-meta":"","stick-header-meta":"","header-above-stick-meta":"","header-main-stick-meta":"","header-below-stick-meta":"","astra-migrate-meta-layouts":"default","ast-page-background-enabled":"default","ast-page-background-meta":{"desktop":{"background-color":"","background-image":"","background-repeat":"repeat","background-position":"center center","background-size":"auto","background-attachment":"scroll","background-type":"","background-media":"","overlay-type":"","overlay-color":"","overlay-opacity":"","overlay-gradient":""},"tablet":{"background-color":"","background-image":"","background-repeat":"repeat","background-position":"center center","background-size":"auto","background-attachment":"scroll","background-type":"","background-media":"","overlay-type":"","overlay-color":"","overlay-opacity":"","overlay-gradient":""},"mobile":{"background-color":"","background-image":"","background-repeat":"repeat","background-position":"center center","background-size":"auto","background-attachment":"scroll","background-type":"","background-media":"","overlay-type":"","overlay-color":"","overlay-opacity":"","overlay-gradient":""}},"ast-content-background-meta":{"desktop":{"background-color":"var(--ast-global-color-4)","background-image":"","background-repeat":"repeat","background-position":"center center","background-size":"auto","background-attachment":"scroll","background-type":"","background-media":"","overlay-type":"","overlay-color":"","overlay-opacity":"","overlay-gradient":""},"tablet":{"background-color":"var(--ast-global-color-4)","background-image":"","background-repeat":"repeat","background-position":"center center","background-size":"auto","background-attachment":"scroll","background-type":"","background-media":"","overlay-type":"","overlay-color":"","overlay-opacity":"","overlay-gradient":""},"mobile":{"background-color":"var(--ast-global-color-4)","background-image":"","background-repeat":"repeat","background-position":"center center","background-size":"auto","background-attachment":"scroll","background-type":"","background-media":"","overlay-type":"","overlay-color":"","overlay-opacity":"","overlay-gradient":""}}},"product_brand":[],"product_cat":[165],"product_tag":[6413],"class_list":{"0":"post-22970","1":"product","2":"type-product","3":"status-publish","4":"has-post-thumbnail","6":"product_cat-religija-filosofija-ir-ezoterika","7":"product_tag-vydunas","8":"desktop-align-left","9":"tablet-align-left","10":"mobile-align-left","12":"first","13":"instock","14":"shipping-taxable","15":"purchasable","16":"product-type-simple"},"acf":[],"yoast_head":"<!-- This site is optimized with the Yoast SEO plugin v27.4 - https:\/\/yoast.com\/product\/yoast-seo-wordpress\/ -->\n<title>Septyni \u0161imtme\u010diai vokie\u010di\u0173 ir lietuvi\u0173 santyki\u0173 (yra skaitymo \u017eymi\u0173)<\/title>\n<meta name=\"description\" content=\"\u0160iame veikale (pirma leidimas vokie\u010di\u0173 kalba - 1932m.) Vyd\u016bnas atskleid\u017eia Kry\u017eiuo\u010di\u0173 ordino ekspansijos \u012f pr\u016bs\u0173 ir lietuvi\u0173 \u017eemes prie\u017eastis, eig\u0105 ir\" \/>\n<meta name=\"robots\" content=\"index, follow, max-snippet:-1, max-image-preview:large, max-video-preview:-1\" \/>\n<link rel=\"canonical\" href=\"https:\/\/skaitytaknyga.lt\/en\/produktas\/septyni-simtmeciai-vokieciu-ir-lietuviu-santykiu\/\" \/>\n<meta property=\"og:locale\" content=\"en_GB\" \/>\n<meta property=\"og:locale:alternate\" content=\"lt_LT\" \/>\n<meta property=\"og:type\" content=\"article\" \/>\n<meta property=\"og:title\" content=\"Septyni \u0161imtme\u010diai vokie\u010di\u0173 ir lietuvi\u0173 santyki\u0173 (yra skaitymo \u017eymi\u0173)\" \/>\n<meta property=\"og:description\" content=\"\u0160iame veikale (pirma leidimas vokie\u010di\u0173 kalba - 1932m.) Vyd\u016bnas atskleid\u017eia Kry\u017eiuo\u010di\u0173 ordino ekspansijos \u012f pr\u016bs\u0173 ir lietuvi\u0173 \u017eemes prie\u017eastis, eig\u0105 ir\" \/>\n<meta property=\"og:url\" content=\"https:\/\/skaitytaknyga.lt\/en\/produktas\/septyni-simtmeciai-vokieciu-ir-lietuviu-santykiu\/\" \/>\n<meta property=\"og:site_name\" content=\"Skaitytaknyga\" \/>\n<meta property=\"article:publisher\" content=\"https:\/\/www.facebook.com\/skaitytaknyga\/\" \/>\n<meta property=\"article:modified_time\" content=\"2026-03-18T09:36:11+00:00\" \/>\n<meta property=\"og:image\" content=\"https:\/\/skaitytaknyga.lt\/wp-content\/uploads\/2026\/02\/Septyni-simtmeciai-vokieciu-ir-lietuviu-santykiu.webp\" \/>\n\t<meta property=\"og:image:width\" content=\"300\" \/>\n\t<meta property=\"og:image:height\" content=\"475\" \/>\n\t<meta property=\"og:image:type\" content=\"image\/webp\" \/>\n<meta name=\"twitter:card\" content=\"summary_large_image\" \/>\n<script type=\"application\/ld+json\" class=\"yoast-schema-graph\">{\"@context\":\"https:\\\/\\\/schema.org\",\"@graph\":[{\"@type\":\"WebPage\",\"@id\":\"https:\\\/\\\/skaitytaknyga.lt\\\/produktas\\\/septyni-simtmeciai-vokieciu-ir-lietuviu-santykiu\\\/\",\"url\":\"https:\\\/\\\/skaitytaknyga.lt\\\/produktas\\\/septyni-simtmeciai-vokieciu-ir-lietuviu-santykiu\\\/\",\"name\":\"Septyni \u0161imtme\u010diai vokie\u010di\u0173 ir lietuvi\u0173 santyki\u0173 (yra skaitymo \u017eymi\u0173)\",\"isPartOf\":{\"@id\":\"https:\\\/\\\/skaitytaknyga.lt\\\/#website\"},\"primaryImageOfPage\":{\"@id\":\"https:\\\/\\\/skaitytaknyga.lt\\\/produktas\\\/septyni-simtmeciai-vokieciu-ir-lietuviu-santykiu\\\/#primaryimage\"},\"image\":{\"@id\":\"https:\\\/\\\/skaitytaknyga.lt\\\/produktas\\\/septyni-simtmeciai-vokieciu-ir-lietuviu-santykiu\\\/#primaryimage\"},\"thumbnailUrl\":\"https:\\\/\\\/skaitytaknyga.lt\\\/wp-content\\\/uploads\\\/2026\\\/02\\\/Septyni-simtmeciai-vokieciu-ir-lietuviu-santykiu.webp\",\"datePublished\":\"2026-02-04T13:35:16+00:00\",\"dateModified\":\"2026-03-18T09:36:11+00:00\",\"description\":\"\u0160iame veikale (pirma leidimas vokie\u010di\u0173 kalba - 1932m.) Vyd\u016bnas atskleid\u017eia Kry\u017eiuo\u010di\u0173 ordino ekspansijos \u012f pr\u016bs\u0173 ir lietuvi\u0173 \u017eemes prie\u017eastis, eig\u0105 ir\",\"breadcrumb\":{\"@id\":\"https:\\\/\\\/skaitytaknyga.lt\\\/produktas\\\/septyni-simtmeciai-vokieciu-ir-lietuviu-santykiu\\\/#breadcrumb\"},\"inLanguage\":\"en-GB\",\"potentialAction\":[{\"@type\":\"ReadAction\",\"target\":[\"https:\\\/\\\/skaitytaknyga.lt\\\/produktas\\\/septyni-simtmeciai-vokieciu-ir-lietuviu-santykiu\\\/\"]}]},{\"@type\":\"ImageObject\",\"inLanguage\":\"en-GB\",\"@id\":\"https:\\\/\\\/skaitytaknyga.lt\\\/produktas\\\/septyni-simtmeciai-vokieciu-ir-lietuviu-santykiu\\\/#primaryimage\",\"url\":\"https:\\\/\\\/skaitytaknyga.lt\\\/wp-content\\\/uploads\\\/2026\\\/02\\\/Septyni-simtmeciai-vokieciu-ir-lietuviu-santykiu.webp\",\"contentUrl\":\"https:\\\/\\\/skaitytaknyga.lt\\\/wp-content\\\/uploads\\\/2026\\\/02\\\/Septyni-simtmeciai-vokieciu-ir-lietuviu-santykiu.webp\",\"width\":300,\"height\":475,\"caption\":\"Septyni \u0161imtme\u010diai vokie\u010di\u0173 ir lietuvi\u0173 santyki\u0173\"},{\"@type\":\"BreadcrumbList\",\"@id\":\"https:\\\/\\\/skaitytaknyga.lt\\\/produktas\\\/septyni-simtmeciai-vokieciu-ir-lietuviu-santykiu\\\/#breadcrumb\",\"itemListElement\":[{\"@type\":\"ListItem\",\"position\":1,\"name\":\"Home\",\"item\":\"https:\\\/\\\/skaitytaknyga.lt\\\/\"},{\"@type\":\"ListItem\",\"position\":2,\"name\":\"Parduotuv\u0117\",\"item\":\"https:\\\/\\\/skaitytaknyga.lt\\\/knygu-parduotuve\\\/\"},{\"@type\":\"ListItem\",\"position\":3,\"name\":\"Septyni \u0161imtme\u010diai vokie\u010di\u0173 ir lietuvi\u0173 santyki\u0173 (yra skaitymo \u017eymi\u0173)\"}]},{\"@type\":\"WebSite\",\"@id\":\"https:\\\/\\\/skaitytaknyga.lt\\\/#website\",\"url\":\"https:\\\/\\\/skaitytaknyga.lt\\\/\",\"name\":\"skaitytaknyga.lt\",\"description\":\"Skaitytaknyga.lt \u2013 tai ma\u017eas \u0161eimos verslas, kuris prasid\u0117jo nuo meil\u0117s knygoms ir siekio i\u0161gelb\u0117ti knygas nuo likimo prie konteinerio. Kas vienam nereikalingas daiktas \u2013 kitam lobis, o mes esame tarpininkai, kurie padeda abiems tapti laimingesniems ???? \u017dinome kaip nelengva i\u0161gyventi ma\u017eiems verslams, tad nuo \u0161iol, \u010dia rasite ir kit\u0173, ma\u017e\u0173 \u0161eim\u0173 versl\u0173, rank\u0173 darbo, dovan\u0173 sau ir artimiesiems.\",\"publisher\":{\"@id\":\"https:\\\/\\\/skaitytaknyga.lt\\\/#organization\"},\"potentialAction\":[{\"@type\":\"SearchAction\",\"target\":{\"@type\":\"EntryPoint\",\"urlTemplate\":\"https:\\\/\\\/skaitytaknyga.lt\\\/?s={search_term_string}\"},\"query-input\":{\"@type\":\"PropertyValueSpecification\",\"valueRequired\":true,\"valueName\":\"search_term_string\"}}],\"inLanguage\":\"en-GB\"},{\"@type\":\"Organization\",\"@id\":\"https:\\\/\\\/skaitytaknyga.lt\\\/#organization\",\"name\":\"skaitytaknyga.lt\",\"url\":\"https:\\\/\\\/skaitytaknyga.lt\\\/\",\"logo\":{\"@type\":\"ImageObject\",\"inLanguage\":\"en-GB\",\"@id\":\"https:\\\/\\\/skaitytaknyga.lt\\\/#\\\/schema\\\/logo\\\/image\\\/\",\"url\":\"https:\\\/\\\/skaitytaknyga.lt\\\/wp-content\\\/uploads\\\/2024\\\/05\\\/cropped-cropped-cropped-02_00843_jt3bggkj1j3HLc7SyY6rEUpg.jpeg\",\"contentUrl\":\"https:\\\/\\\/skaitytaknyga.lt\\\/wp-content\\\/uploads\\\/2024\\\/05\\\/cropped-cropped-cropped-02_00843_jt3bggkj1j3HLc7SyY6rEUpg.jpeg\",\"width\":1600,\"height\":1600,\"caption\":\"skaitytaknyga.lt\"},\"image\":{\"@id\":\"https:\\\/\\\/skaitytaknyga.lt\\\/#\\\/schema\\\/logo\\\/image\\\/\"},\"sameAs\":[\"https:\\\/\\\/www.facebook.com\\\/skaitytaknyga\\\/\"]}]}<\/script>\n<!-- \/ Yoast SEO plugin. -->","yoast_head_json":{"title":"Septyni \u0161imtme\u010diai vokie\u010di\u0173 ir lietuvi\u0173 santyki\u0173 (yra skaitymo \u017eymi\u0173)","description":"\u0160iame veikale (pirma leidimas vokie\u010di\u0173 kalba - 1932m.) Vyd\u016bnas atskleid\u017eia Kry\u017eiuo\u010di\u0173 ordino ekspansijos \u012f pr\u016bs\u0173 ir lietuvi\u0173 \u017eemes prie\u017eastis, eig\u0105 ir","robots":{"index":"index","follow":"follow","max-snippet":"max-snippet:-1","max-image-preview":"max-image-preview:large","max-video-preview":"max-video-preview:-1"},"canonical":"https:\/\/skaitytaknyga.lt\/en\/produktas\/septyni-simtmeciai-vokieciu-ir-lietuviu-santykiu\/","og_locale":"en_GB","og_type":"article","og_title":"[:lt]Septyni \u0161imtme\u010diai vokie\u010di\u0173 ir lietuvi\u0173 santyki\u0173 (yra skaitymo \u017eymi\u0173)[:] - Skaitytaknyga","og_description":"\u0160iame veikale (pirma leidimas vokie\u010di\u0173 kalba - 1932m.) Vyd\u016bnas atskleid\u017eia Kry\u017eiuo\u010di\u0173 ordino ekspansijos \u012f pr\u016bs\u0173 ir lietuvi\u0173 \u017eemes prie\u017eastis, eig\u0105 ir","og_url":"https:\/\/skaitytaknyga.lt\/en\/produktas\/septyni-simtmeciai-vokieciu-ir-lietuviu-santykiu\/","og_site_name":"Skaitytaknyga","article_publisher":"https:\/\/www.facebook.com\/skaitytaknyga\/","article_modified_time":"2026-03-18T09:36:11+00:00","og_image":[{"width":300,"height":475,"url":"https:\/\/skaitytaknyga.lt\/wp-content\/uploads\/2026\/02\/Septyni-simtmeciai-vokieciu-ir-lietuviu-santykiu.webp","type":"image\/webp"}],"twitter_card":"summary_large_image","schema":{"@context":"https:\/\/schema.org","@graph":[{"@type":"WebPage","@id":"https:\/\/skaitytaknyga.lt\/produktas\/septyni-simtmeciai-vokieciu-ir-lietuviu-santykiu\/","url":"https:\/\/skaitytaknyga.lt\/produktas\/septyni-simtmeciai-vokieciu-ir-lietuviu-santykiu\/","name":"Septyni \u0161imtme\u010diai vokie\u010di\u0173 ir lietuvi\u0173 santyki\u0173 (yra skaitymo \u017eymi\u0173)","isPartOf":{"@id":"https:\/\/skaitytaknyga.lt\/#website"},"primaryImageOfPage":{"@id":"https:\/\/skaitytaknyga.lt\/produktas\/septyni-simtmeciai-vokieciu-ir-lietuviu-santykiu\/#primaryimage"},"image":{"@id":"https:\/\/skaitytaknyga.lt\/produktas\/septyni-simtmeciai-vokieciu-ir-lietuviu-santykiu\/#primaryimage"},"thumbnailUrl":"https:\/\/skaitytaknyga.lt\/wp-content\/uploads\/2026\/02\/Septyni-simtmeciai-vokieciu-ir-lietuviu-santykiu.webp","datePublished":"2026-02-04T13:35:16+00:00","dateModified":"2026-03-18T09:36:11+00:00","description":"\u0160iame veikale (pirma leidimas vokie\u010di\u0173 kalba - 1932m.) Vyd\u016bnas atskleid\u017eia Kry\u017eiuo\u010di\u0173 ordino ekspansijos \u012f pr\u016bs\u0173 ir lietuvi\u0173 \u017eemes prie\u017eastis, eig\u0105 ir","breadcrumb":{"@id":"https:\/\/skaitytaknyga.lt\/produktas\/septyni-simtmeciai-vokieciu-ir-lietuviu-santykiu\/#breadcrumb"},"inLanguage":"en-GB","potentialAction":[{"@type":"ReadAction","target":["https:\/\/skaitytaknyga.lt\/produktas\/septyni-simtmeciai-vokieciu-ir-lietuviu-santykiu\/"]}]},{"@type":"ImageObject","inLanguage":"en-GB","@id":"https:\/\/skaitytaknyga.lt\/produktas\/septyni-simtmeciai-vokieciu-ir-lietuviu-santykiu\/#primaryimage","url":"https:\/\/skaitytaknyga.lt\/wp-content\/uploads\/2026\/02\/Septyni-simtmeciai-vokieciu-ir-lietuviu-santykiu.webp","contentUrl":"https:\/\/skaitytaknyga.lt\/wp-content\/uploads\/2026\/02\/Septyni-simtmeciai-vokieciu-ir-lietuviu-santykiu.webp","width":300,"height":475,"caption":"Septyni \u0161imtme\u010diai vokie\u010di\u0173 ir lietuvi\u0173 santyki\u0173"},{"@type":"BreadcrumbList","@id":"https:\/\/skaitytaknyga.lt\/produktas\/septyni-simtmeciai-vokieciu-ir-lietuviu-santykiu\/#breadcrumb","itemListElement":[{"@type":"ListItem","position":1,"name":"Home","item":"https:\/\/skaitytaknyga.lt\/"},{"@type":"ListItem","position":2,"name":"Parduotuv\u0117","item":"https:\/\/skaitytaknyga.lt\/knygu-parduotuve\/"},{"@type":"ListItem","position":3,"name":"Septyni \u0161imtme\u010diai vokie\u010di\u0173 ir lietuvi\u0173 santyki\u0173 (yra skaitymo \u017eymi\u0173)"}]},{"@type":"WebSite","@id":"https:\/\/skaitytaknyga.lt\/#website","url":"https:\/\/skaitytaknyga.lt\/","name":"skaitytaknyga.lt","description":"Skaitytaknyga.lt \u2013 tai ma\u017eas \u0161eimos verslas, kuris prasid\u0117jo nuo meil\u0117s knygoms ir siekio i\u0161gelb\u0117ti knygas nuo likimo prie konteinerio. Kas vienam nereikalingas daiktas \u2013 kitam lobis, o mes esame tarpininkai, kurie padeda abiems tapti laimingesniems ???? \u017dinome kaip nelengva i\u0161gyventi ma\u017eiems verslams, tad nuo \u0161iol, \u010dia rasite ir kit\u0173, ma\u017e\u0173 \u0161eim\u0173 versl\u0173, rank\u0173 darbo, dovan\u0173 sau ir artimiesiems.","publisher":{"@id":"https:\/\/skaitytaknyga.lt\/#organization"},"potentialAction":[{"@type":"SearchAction","target":{"@type":"EntryPoint","urlTemplate":"https:\/\/skaitytaknyga.lt\/?s={search_term_string}"},"query-input":{"@type":"PropertyValueSpecification","valueRequired":true,"valueName":"search_term_string"}}],"inLanguage":"en-GB"},{"@type":"Organization","@id":"https:\/\/skaitytaknyga.lt\/#organization","name":"skaitytaknyga.lt","url":"https:\/\/skaitytaknyga.lt\/","logo":{"@type":"ImageObject","inLanguage":"en-GB","@id":"https:\/\/skaitytaknyga.lt\/#\/schema\/logo\/image\/","url":"https:\/\/skaitytaknyga.lt\/wp-content\/uploads\/2024\/05\/cropped-cropped-cropped-02_00843_jt3bggkj1j3HLc7SyY6rEUpg.jpeg","contentUrl":"https:\/\/skaitytaknyga.lt\/wp-content\/uploads\/2024\/05\/cropped-cropped-cropped-02_00843_jt3bggkj1j3HLc7SyY6rEUpg.jpeg","width":1600,"height":1600,"caption":"skaitytaknyga.lt"},"image":{"@id":"https:\/\/skaitytaknyga.lt\/#\/schema\/logo\/image\/"},"sameAs":["https:\/\/www.facebook.com\/skaitytaknyga\/"]}]}},"_links":{"self":[{"href":"https:\/\/skaitytaknyga.lt\/en\/wp-json\/wp\/v2\/product\/22970","targetHints":{"allow":["GET"]}}],"collection":[{"href":"https:\/\/skaitytaknyga.lt\/en\/wp-json\/wp\/v2\/product"}],"about":[{"href":"https:\/\/skaitytaknyga.lt\/en\/wp-json\/wp\/v2\/types\/product"}],"replies":[{"embeddable":true,"href":"https:\/\/skaitytaknyga.lt\/en\/wp-json\/wp\/v2\/comments?post=22970"}],"wp:featuredmedia":[{"embeddable":true,"href":"https:\/\/skaitytaknyga.lt\/en\/wp-json\/wp\/v2\/media\/22981"}],"wp:attachment":[{"href":"https:\/\/skaitytaknyga.lt\/en\/wp-json\/wp\/v2\/media?parent=22970"}],"wp:term":[{"taxonomy":"product_brand","embeddable":true,"href":"https:\/\/skaitytaknyga.lt\/en\/wp-json\/wp\/v2\/product_brand?post=22970"},{"taxonomy":"product_cat","embeddable":true,"href":"https:\/\/skaitytaknyga.lt\/en\/wp-json\/wp\/v2\/product_cat?post=22970"},{"taxonomy":"product_tag","embeddable":true,"href":"https:\/\/skaitytaknyga.lt\/en\/wp-json\/wp\/v2\/product_tag?post=22970"}],"curies":[{"name":"wp","href":"https:\/\/api.w.org\/{rel}","templated":true}]}}