{"id":2297,"date":"2024-04-17T13:07:14","date_gmt":"2024-04-17T13:07:14","guid":{"rendered":"https:\/\/skaitytaknyga.lt\/?post_type=product&#038;p=2297"},"modified":"2026-03-05T16:00:56","modified_gmt":"2026-03-05T14:00:56","slug":"james-m-cain-laiskanesys-skambina-du-kartus","status":"publish","type":"product","link":"https:\/\/skaitytaknyga.lt\/en\/produktas\/james-m-cain-laiskanesys-skambina-du-kartus\/","title":{"rendered":"Lai\u0161kane\u0161ys skambina du kartus"},"content":{"rendered":"<p>Jaunas, vos dvide\u0161imt ketveri\u0173 met\u0173 bedarbis Frenkas \u010cambersas keliauja ie\u0161kodamas darbo. U\u017esuk\u0119s \u012f pakel\u0117s u\u017eeig\u0105, susipa\u017e\u012fsta su jos savininku Niku Papadakiu, tas pasi\u016blo jam darbo. Nikas Papadakis u\u017eeigoje darbuojasi ne vienas \u2013 jam talkina jauna \u017eavi \u017emona Kora. Susi\u017eav\u0117j\u0119s Kora, Frenkas lieka dirbti u\u017eeigoje ir tampa jos meilu\u017eiu. Neilgai trukus jie nutaria atsikratyti Niko&#8230;<\/p>\n<p>Lai\u0161kane\u0161ys skambina du kartus, pasirod\u0119s 1934 m., i\u0161kart sulauk\u0117 kritikos liaupsi\u0173. Romanas buvo naujovi\u0161kas ne tik stiliumi, bet ir siu\u017eetu: banali dviej\u0173 paprast\u0173, niekuo neypating\u0173 \u017emoni\u0173 aistra baigiasi nusikaltimu, kurio motyvai \u2013 pinigai ir seksas.<br \/>\nPasirink\u0119s neutralaus steb\u0117tojo pozicij\u0105 ir nereik\u0161damas joki\u0173 moralini\u0173 vertinim\u0173, Jamesas M. Cainas stebi savo persona\u017eus ir tiksliai preparuoja j\u0173 poelgio prie\u017eastis.<\/p>\n<p>Tai pirmasis ir, ko gero, stipriausias Caino romanas, susilauk\u0119s ne tik kritik\u0173 pripa\u017einimo, bet ir puritoni\u0161k\u0173 moral\u0117s serg\u0117toj\u0173 cenz\u016bros \u2013 d\u0117l sekso ir prievartos scen\u0173 jis buvo net u\u017edraustas.<\/p>\n<p>Kelis kartus ekranizuotas. Filmus pagal j\u012f stat\u0117 tokie kino grandai kaip Luchino Visconti, Tay Garnettas, Bobas Rafelsonas.<\/p>\n","protected":false},"excerpt":{"rendered":"<p>Jaunas, vos dvide\u0161imt ketveri\u0173 met\u0173 bedarbis Frenkas \u010cambersas keliauja ie\u0161kodamas darbo. U\u017esuk\u0119s \u012f pakel\u0117s u\u017eeig\u0105, susipa\u017e\u012fsta su jos savininku Niku Papadakiu, tas pasi\u016blo jam darbo. Nikas Papadakis u\u017eeigoje darbuojasi ne vienas \u2013 jam talkina jauna \u017eavi \u017emona Kora. Susi\u017eav\u0117j\u0119s Kora, Frenkas lieka dirbti u\u017eeigoje ir tampa jos meilu\u017eiu. Neilgai trukus jie nutaria atsikratyti Niko&#8230; Lai\u0161kane\u0161ys skambina du kartus, pasirod\u0119s 1934 m., i\u0161kart sulauk\u0117 kritikos liaupsi\u0173. Romanas buvo naujovi\u0161kas ne tik stiliumi, bet ir siu\u017eetu: banali dviej\u0173 paprast\u0173, niekuo neypating\u0173 \u017emoni\u0173 aistra baigiasi nusikaltimu, kurio motyvai \u2013 pinigai ir seksas. Pasirink\u0119s neutralaus steb\u0117tojo pozicij\u0105 ir nereik\u0161damas joki\u0173 moralini\u0173 vertinim\u0173, Jamesas M. Cainas stebi savo persona\u017eus ir tiksliai preparuoja j\u0173 poelgio prie\u017eastis. Tai pirmasis ir, ko gero, stipriausias Caino romanas, susilauk\u0119s ne tik kritik\u0173 pripa\u017einimo, bet ir puritoni\u0161k\u0173 moral\u0117s serg\u0117toj\u0173 cenz\u016bros \u2013 d\u0117l sekso ir prievartos scen\u0173 jis buvo net u\u017edraustas. Kelis kartus ekranizuotas. Filmus pagal j\u012f stat\u0117 tokie kino grandai kaip Luchino Visconti, Tay Garnettas, Bobas Rafelsonas.<\/p>\n","protected":false},"featured_media":2351,"comment_status":"closed","ping_status":"closed","template":"","meta":{"_acf_changed":false,"site-sidebar-layout":"default","site-content-layout":"","ast-site-content-layout":"default","site-content-style":"default","site-sidebar-style":"default","ast-global-header-display":"","ast-banner-title-visibility":"","ast-main-header-display":"","ast-hfb-above-header-display":"","ast-hfb-below-header-display":"","ast-hfb-mobile-header-display":"","site-post-title":"","ast-breadcrumbs-content":"","ast-featured-img":"","footer-sml-layout":"","ast-disable-related-posts":"","theme-transparent-header-meta":"","adv-header-id-meta":"","stick-header-meta":"","header-above-stick-meta":"","header-main-stick-meta":"","header-below-stick-meta":"","astra-migrate-meta-layouts":"default","ast-page-background-enabled":"default","ast-page-background-meta":{"desktop":{"background-color":"","background-image":"","background-repeat":"repeat","background-position":"center center","background-size":"auto","background-attachment":"scroll","background-type":"","background-media":"","overlay-type":"","overlay-color":"","overlay-opacity":"","overlay-gradient":""},"tablet":{"background-color":"","background-image":"","background-repeat":"repeat","background-position":"center center","background-size":"auto","background-attachment":"scroll","background-type":"","background-media":"","overlay-type":"","overlay-color":"","overlay-opacity":"","overlay-gradient":""},"mobile":{"background-color":"","background-image":"","background-repeat":"repeat","background-position":"center center","background-size":"auto","background-attachment":"scroll","background-type":"","background-media":"","overlay-type":"","overlay-color":"","overlay-opacity":"","overlay-gradient":""}},"ast-content-background-meta":{"desktop":{"background-color":"var(--ast-global-color-4)","background-image":"","background-repeat":"repeat","background-position":"center center","background-size":"auto","background-attachment":"scroll","background-type":"","background-media":"","overlay-type":"","overlay-color":"","overlay-opacity":"","overlay-gradient":""},"tablet":{"background-color":"var(--ast-global-color-4)","background-image":"","background-repeat":"repeat","background-position":"center center","background-size":"auto","background-attachment":"scroll","background-type":"","background-media":"","overlay-type":"","overlay-color":"","overlay-opacity":"","overlay-gradient":""},"mobile":{"background-color":"var(--ast-global-color-4)","background-image":"","background-repeat":"repeat","background-position":"center center","background-size":"auto","background-attachment":"scroll","background-type":"","background-media":"","overlay-type":"","overlay-color":"","overlay-opacity":"","overlay-gradient":""}}},"product_brand":[],"product_cat":[9581],"product_tag":[],"class_list":{"0":"post-2297","1":"product","2":"type-product","3":"status-publish","4":"has-post-thumbnail","6":"product_cat-kriminaliniai-romanai","7":"desktop-align-left","8":"tablet-align-left","9":"mobile-align-left","11":"first","12":"instock","13":"shipping-taxable","14":"purchasable","15":"product-type-simple"},"acf":[],"yoast_head":"<!-- This site is optimized with the Yoast SEO plugin v27.0 - https:\/\/yoast.com\/product\/yoast-seo-wordpress\/ -->\n<title>Lai\u0161kane\u0161ys skambina du kartus<\/title>\n<meta name=\"description\" content=\"Jaunas, vos dvide\u0161imt ketveri\u0173 met\u0173 bedarbis Frenkas \u010cambersas keliauja ie\u0161kodamas darbo. U\u017esuk\u0119s \u012f pakel\u0117s u\u017eeig\u0105, susipa\u017e\u012fsta su jos savininku Niku\" \/>\n<meta name=\"robots\" content=\"index, follow, max-snippet:-1, max-image-preview:large, max-video-preview:-1\" \/>\n<link rel=\"canonical\" href=\"https:\/\/skaitytaknyga.lt\/en\/produktas\/james-m-cain-laiskanesys-skambina-du-kartus\/\" \/>\n<meta property=\"og:locale\" content=\"en_GB\" \/>\n<meta property=\"og:locale:alternate\" content=\"lt_LT\" \/>\n<meta property=\"og:type\" content=\"article\" \/>\n<meta property=\"og:title\" content=\"Lai\u0161kane\u0161ys skambina du kartus\" \/>\n<meta property=\"og:description\" content=\"Jaunas, vos dvide\u0161imt ketveri\u0173 met\u0173 bedarbis Frenkas \u010cambersas keliauja ie\u0161kodamas darbo. U\u017esuk\u0119s \u012f pakel\u0117s u\u017eeig\u0105, susipa\u017e\u012fsta su jos savininku Niku\" \/>\n<meta property=\"og:url\" content=\"https:\/\/skaitytaknyga.lt\/en\/produktas\/james-m-cain-laiskanesys-skambina-du-kartus\/\" \/>\n<meta property=\"og:site_name\" content=\"Skaitytaknyga\" \/>\n<meta property=\"article:publisher\" content=\"https:\/\/www.facebook.com\/skaitytaknyga\/\" \/>\n<meta property=\"article:modified_time\" content=\"2026-03-05T14:00:56+00:00\" \/>\n<meta property=\"og:image\" content=\"https:\/\/skaitytaknyga.lt\/wp-content\/uploads\/2024\/04\/000000000001101827-59de835a593b7-asset-knyguklubas-cdb_sviesa_72de359e4a0de7b8f09d3b4f0114ed2d_p1.jpg\" \/>\n\t<meta property=\"og:image:width\" content=\"285\" \/>\n\t<meta property=\"og:image:height\" content=\"453\" \/>\n\t<meta property=\"og:image:type\" content=\"image\/jpeg\" \/>\n<meta name=\"twitter:card\" content=\"summary_large_image\" \/>\n<meta name=\"twitter:label1\" content=\"Estimated reading time\" \/>\n\t<meta name=\"twitter:data1\" content=\"1 minute\" \/>\n<script type=\"application\/ld+json\" class=\"yoast-schema-graph\">{\"@context\":\"https:\/\/schema.org\",\"@graph\":[{\"@type\":\"WebPage\",\"@id\":\"https:\/\/skaitytaknyga.lt\/produktas\/james-m-cain-laiskanesys-skambina-du-kartus\/\",\"url\":\"https:\/\/skaitytaknyga.lt\/produktas\/james-m-cain-laiskanesys-skambina-du-kartus\/\",\"name\":\"Lai\u0161kane\u0161ys skambina du kartus\",\"isPartOf\":{\"@id\":\"https:\/\/skaitytaknyga.lt\/#website\"},\"primaryImageOfPage\":{\"@id\":\"https:\/\/skaitytaknyga.lt\/produktas\/james-m-cain-laiskanesys-skambina-du-kartus\/#primaryimage\"},\"image\":{\"@id\":\"https:\/\/skaitytaknyga.lt\/produktas\/james-m-cain-laiskanesys-skambina-du-kartus\/#primaryimage\"},\"thumbnailUrl\":\"https:\/\/skaitytaknyga.lt\/wp-content\/uploads\/2024\/04\/000000000001101827-59de835a593b7-asset-knyguklubas-cdb_sviesa_72de359e4a0de7b8f09d3b4f0114ed2d_p1.jpg\",\"datePublished\":\"2024-04-17T13:07:14+00:00\",\"dateModified\":\"2026-03-05T14:00:56+00:00\",\"description\":\"Jaunas, vos dvide\u0161imt ketveri\u0173 met\u0173 bedarbis Frenkas \u010cambersas keliauja ie\u0161kodamas darbo. U\u017esuk\u0119s \u012f pakel\u0117s u\u017eeig\u0105, susipa\u017e\u012fsta su jos savininku Niku\",\"breadcrumb\":{\"@id\":\"https:\/\/skaitytaknyga.lt\/produktas\/james-m-cain-laiskanesys-skambina-du-kartus\/#breadcrumb\"},\"inLanguage\":\"en-GB\",\"potentialAction\":[{\"@type\":\"ReadAction\",\"target\":[\"https:\/\/skaitytaknyga.lt\/produktas\/james-m-cain-laiskanesys-skambina-du-kartus\/\"]}]},{\"@type\":\"ImageObject\",\"inLanguage\":\"en-GB\",\"@id\":\"https:\/\/skaitytaknyga.lt\/produktas\/james-m-cain-laiskanesys-skambina-du-kartus\/#primaryimage\",\"url\":\"https:\/\/skaitytaknyga.lt\/wp-content\/uploads\/2024\/04\/000000000001101827-59de835a593b7-asset-knyguklubas-cdb_sviesa_72de359e4a0de7b8f09d3b4f0114ed2d_p1.jpg\",\"contentUrl\":\"https:\/\/skaitytaknyga.lt\/wp-content\/uploads\/2024\/04\/000000000001101827-59de835a593b7-asset-knyguklubas-cdb_sviesa_72de359e4a0de7b8f09d3b4f0114ed2d_p1.jpg\",\"width\":285,\"height\":453,\"caption\":\"000000000001101827 59de835a593b7 asset knyguklubas cdb sviesa 72de359e4a0de7b8f09d3b4f0114ed2d p1\"},{\"@type\":\"BreadcrumbList\",\"@id\":\"https:\/\/skaitytaknyga.lt\/produktas\/james-m-cain-laiskanesys-skambina-du-kartus\/#breadcrumb\",\"itemListElement\":[{\"@type\":\"ListItem\",\"position\":1,\"name\":\"Home\",\"item\":\"https:\/\/skaitytaknyga.lt\/\"},{\"@type\":\"ListItem\",\"position\":2,\"name\":\"Parduotuv\u0117\",\"item\":\"https:\/\/skaitytaknyga.lt\/knygu-parduotuve\/\"},{\"@type\":\"ListItem\",\"position\":3,\"name\":\"Lai\u0161kane\u0161ys skambina du kartus\"}]},{\"@type\":\"WebSite\",\"@id\":\"https:\/\/skaitytaknyga.lt\/#website\",\"url\":\"https:\/\/skaitytaknyga.lt\/\",\"name\":\"skaitytaknyga.lt\",\"description\":\"Skaitytaknyga.lt \u2013 tai ma\u017eas \u0161eimos verslas, kuris prasid\u0117jo nuo meil\u0117s knygoms ir siekio i\u0161gelb\u0117ti knygas nuo likimo prie konteinerio. Kas vienam nereikalingas daiktas \u2013 kitam lobis, o mes esame tarpininkai, kurie padeda abiems tapti laimingesniems ???? \u017dinome kaip nelengva i\u0161gyventi ma\u017eiems verslams, tad nuo \u0161iol, \u010dia rasite ir kit\u0173, ma\u017e\u0173 \u0161eim\u0173 versl\u0173, rank\u0173 darbo, dovan\u0173 sau ir artimiesiems.\",\"publisher\":{\"@id\":\"https:\/\/skaitytaknyga.lt\/#organization\"},\"potentialAction\":[{\"@type\":\"SearchAction\",\"target\":{\"@type\":\"EntryPoint\",\"urlTemplate\":\"https:\/\/skaitytaknyga.lt\/?s={search_term_string}\"},\"query-input\":{\"@type\":\"PropertyValueSpecification\",\"valueRequired\":true,\"valueName\":\"search_term_string\"}}],\"inLanguage\":\"en-GB\"},{\"@type\":\"Organization\",\"@id\":\"https:\/\/skaitytaknyga.lt\/#organization\",\"name\":\"skaitytaknyga.lt\",\"url\":\"https:\/\/skaitytaknyga.lt\/\",\"logo\":{\"@type\":\"ImageObject\",\"inLanguage\":\"en-GB\",\"@id\":\"https:\/\/skaitytaknyga.lt\/#\/schema\/logo\/image\/\",\"url\":\"https:\/\/skaitytaknyga.lt\/wp-content\/uploads\/2024\/05\/cropped-cropped-cropped-02_00843_jt3bggkj1j3HLc7SyY6rEUpg.jpeg\",\"contentUrl\":\"https:\/\/skaitytaknyga.lt\/wp-content\/uploads\/2024\/05\/cropped-cropped-cropped-02_00843_jt3bggkj1j3HLc7SyY6rEUpg.jpeg\",\"width\":1600,\"height\":1600,\"caption\":\"skaitytaknyga.lt\"},\"image\":{\"@id\":\"https:\/\/skaitytaknyga.lt\/#\/schema\/logo\/image\/\"},\"sameAs\":[\"https:\/\/www.facebook.com\/skaitytaknyga\/\"]}]}<\/script>\n<!-- \/ Yoast SEO plugin. -->","yoast_head_json":{"title":"Lai\u0161kane\u0161ys skambina du kartus","description":"Jaunas, vos dvide\u0161imt ketveri\u0173 met\u0173 bedarbis Frenkas \u010cambersas keliauja ie\u0161kodamas darbo. U\u017esuk\u0119s \u012f pakel\u0117s u\u017eeig\u0105, susipa\u017e\u012fsta su jos savininku Niku","robots":{"index":"index","follow":"follow","max-snippet":"max-snippet:-1","max-image-preview":"max-image-preview:large","max-video-preview":"max-video-preview:-1"},"canonical":"https:\/\/skaitytaknyga.lt\/en\/produktas\/james-m-cain-laiskanesys-skambina-du-kartus\/","og_locale":"en_GB","og_type":"article","og_title":"[:lt]Lai\u0161kane\u0161ys skambina du kartus[:] - Skaitytaknyga","og_description":"Jaunas, vos dvide\u0161imt ketveri\u0173 met\u0173 bedarbis Frenkas \u010cambersas keliauja ie\u0161kodamas darbo. U\u017esuk\u0119s \u012f pakel\u0117s u\u017eeig\u0105, susipa\u017e\u012fsta su jos savininku Niku","og_url":"https:\/\/skaitytaknyga.lt\/en\/produktas\/james-m-cain-laiskanesys-skambina-du-kartus\/","og_site_name":"Skaitytaknyga","article_publisher":"https:\/\/www.facebook.com\/skaitytaknyga\/","article_modified_time":"2026-03-05T14:00:56+00:00","og_image":[{"width":285,"height":453,"url":"https:\/\/skaitytaknyga.lt\/wp-content\/uploads\/2024\/04\/000000000001101827-59de835a593b7-asset-knyguklubas-cdb_sviesa_72de359e4a0de7b8f09d3b4f0114ed2d_p1.jpg","type":"image\/jpeg"}],"twitter_card":"summary_large_image","twitter_misc":{"Estimated reading time":"1 minute"},"schema":{"@context":"https:\/\/schema.org","@graph":[{"@type":"WebPage","@id":"https:\/\/skaitytaknyga.lt\/produktas\/james-m-cain-laiskanesys-skambina-du-kartus\/","url":"https:\/\/skaitytaknyga.lt\/produktas\/james-m-cain-laiskanesys-skambina-du-kartus\/","name":"Lai\u0161kane\u0161ys skambina du kartus","isPartOf":{"@id":"https:\/\/skaitytaknyga.lt\/#website"},"primaryImageOfPage":{"@id":"https:\/\/skaitytaknyga.lt\/produktas\/james-m-cain-laiskanesys-skambina-du-kartus\/#primaryimage"},"image":{"@id":"https:\/\/skaitytaknyga.lt\/produktas\/james-m-cain-laiskanesys-skambina-du-kartus\/#primaryimage"},"thumbnailUrl":"https:\/\/skaitytaknyga.lt\/wp-content\/uploads\/2024\/04\/000000000001101827-59de835a593b7-asset-knyguklubas-cdb_sviesa_72de359e4a0de7b8f09d3b4f0114ed2d_p1.jpg","datePublished":"2024-04-17T13:07:14+00:00","dateModified":"2026-03-05T14:00:56+00:00","description":"Jaunas, vos dvide\u0161imt ketveri\u0173 met\u0173 bedarbis Frenkas \u010cambersas keliauja ie\u0161kodamas darbo. U\u017esuk\u0119s \u012f pakel\u0117s u\u017eeig\u0105, susipa\u017e\u012fsta su jos savininku Niku","breadcrumb":{"@id":"https:\/\/skaitytaknyga.lt\/produktas\/james-m-cain-laiskanesys-skambina-du-kartus\/#breadcrumb"},"inLanguage":"en-GB","potentialAction":[{"@type":"ReadAction","target":["https:\/\/skaitytaknyga.lt\/produktas\/james-m-cain-laiskanesys-skambina-du-kartus\/"]}]},{"@type":"ImageObject","inLanguage":"en-GB","@id":"https:\/\/skaitytaknyga.lt\/produktas\/james-m-cain-laiskanesys-skambina-du-kartus\/#primaryimage","url":"https:\/\/skaitytaknyga.lt\/wp-content\/uploads\/2024\/04\/000000000001101827-59de835a593b7-asset-knyguklubas-cdb_sviesa_72de359e4a0de7b8f09d3b4f0114ed2d_p1.jpg","contentUrl":"https:\/\/skaitytaknyga.lt\/wp-content\/uploads\/2024\/04\/000000000001101827-59de835a593b7-asset-knyguklubas-cdb_sviesa_72de359e4a0de7b8f09d3b4f0114ed2d_p1.jpg","width":285,"height":453,"caption":"000000000001101827 59de835a593b7 asset knyguklubas cdb sviesa 72de359e4a0de7b8f09d3b4f0114ed2d p1"},{"@type":"BreadcrumbList","@id":"https:\/\/skaitytaknyga.lt\/produktas\/james-m-cain-laiskanesys-skambina-du-kartus\/#breadcrumb","itemListElement":[{"@type":"ListItem","position":1,"name":"Home","item":"https:\/\/skaitytaknyga.lt\/"},{"@type":"ListItem","position":2,"name":"Parduotuv\u0117","item":"https:\/\/skaitytaknyga.lt\/knygu-parduotuve\/"},{"@type":"ListItem","position":3,"name":"Lai\u0161kane\u0161ys skambina du kartus"}]},{"@type":"WebSite","@id":"https:\/\/skaitytaknyga.lt\/#website","url":"https:\/\/skaitytaknyga.lt\/","name":"skaitytaknyga.lt","description":"Skaitytaknyga.lt \u2013 tai ma\u017eas \u0161eimos verslas, kuris prasid\u0117jo nuo meil\u0117s knygoms ir siekio i\u0161gelb\u0117ti knygas nuo likimo prie konteinerio. Kas vienam nereikalingas daiktas \u2013 kitam lobis, o mes esame tarpininkai, kurie padeda abiems tapti laimingesniems ???? \u017dinome kaip nelengva i\u0161gyventi ma\u017eiems verslams, tad nuo \u0161iol, \u010dia rasite ir kit\u0173, ma\u017e\u0173 \u0161eim\u0173 versl\u0173, rank\u0173 darbo, dovan\u0173 sau ir artimiesiems.","publisher":{"@id":"https:\/\/skaitytaknyga.lt\/#organization"},"potentialAction":[{"@type":"SearchAction","target":{"@type":"EntryPoint","urlTemplate":"https:\/\/skaitytaknyga.lt\/?s={search_term_string}"},"query-input":{"@type":"PropertyValueSpecification","valueRequired":true,"valueName":"search_term_string"}}],"inLanguage":"en-GB"},{"@type":"Organization","@id":"https:\/\/skaitytaknyga.lt\/#organization","name":"skaitytaknyga.lt","url":"https:\/\/skaitytaknyga.lt\/","logo":{"@type":"ImageObject","inLanguage":"en-GB","@id":"https:\/\/skaitytaknyga.lt\/#\/schema\/logo\/image\/","url":"https:\/\/skaitytaknyga.lt\/wp-content\/uploads\/2024\/05\/cropped-cropped-cropped-02_00843_jt3bggkj1j3HLc7SyY6rEUpg.jpeg","contentUrl":"https:\/\/skaitytaknyga.lt\/wp-content\/uploads\/2024\/05\/cropped-cropped-cropped-02_00843_jt3bggkj1j3HLc7SyY6rEUpg.jpeg","width":1600,"height":1600,"caption":"skaitytaknyga.lt"},"image":{"@id":"https:\/\/skaitytaknyga.lt\/#\/schema\/logo\/image\/"},"sameAs":["https:\/\/www.facebook.com\/skaitytaknyga\/"]}]}},"_links":{"self":[{"href":"https:\/\/skaitytaknyga.lt\/en\/wp-json\/wp\/v2\/product\/2297","targetHints":{"allow":["GET"]}}],"collection":[{"href":"https:\/\/skaitytaknyga.lt\/en\/wp-json\/wp\/v2\/product"}],"about":[{"href":"https:\/\/skaitytaknyga.lt\/en\/wp-json\/wp\/v2\/types\/product"}],"replies":[{"embeddable":true,"href":"https:\/\/skaitytaknyga.lt\/en\/wp-json\/wp\/v2\/comments?post=2297"}],"wp:featuredmedia":[{"embeddable":true,"href":"https:\/\/skaitytaknyga.lt\/en\/wp-json\/wp\/v2\/media\/2351"}],"wp:attachment":[{"href":"https:\/\/skaitytaknyga.lt\/en\/wp-json\/wp\/v2\/media?parent=2297"}],"wp:term":[{"taxonomy":"product_brand","embeddable":true,"href":"https:\/\/skaitytaknyga.lt\/en\/wp-json\/wp\/v2\/product_brand?post=2297"},{"taxonomy":"product_cat","embeddable":true,"href":"https:\/\/skaitytaknyga.lt\/en\/wp-json\/wp\/v2\/product_cat?post=2297"},{"taxonomy":"product_tag","embeddable":true,"href":"https:\/\/skaitytaknyga.lt\/en\/wp-json\/wp\/v2\/product_tag?post=2297"}],"curies":[{"name":"wp","href":"https:\/\/api.w.org\/{rel}","templated":true}]}}