{"id":22962,"date":"2026-02-04T14:58:20","date_gmt":"2026-02-04T12:58:20","guid":{"rendered":"https:\/\/skaitytaknyga.lt\/?post_type=product&#038;p=22962"},"modified":"2026-03-18T14:59:37","modified_gmt":"2026-03-18T12:59:37","slug":"lietuva-dvieju-okupaciju-replese-1940-1944","status":"publish","type":"product","link":"https:\/\/skaitytaknyga.lt\/en\/produktas\/lietuva-dvieju-okupaciju-replese-1940-1944\/","title":{"rendered":"Lietuva dviej\u0173 okupacij\u0173 repl\u0117se, 1940\u20131944"},"content":{"rendered":"<p>I\u0161eivijoje pokariu gyven\u0119s ir ten mir\u0119s lietuvi\u0173 \u017eurnalistas ir sociologas, remdamasis okupant\u0173 \u0161altiniais, karo meto ir pokario okupuotos Lietuvos bei i\u0161eivijos spauda, pogrind\u017eio leidiniais ir dokument\u0173 vertimais bei \u012fvykius pergyvenusi\u0173 liudijimais, nu\u0161vie\u010dia pirm\u0105j\u0105 soviet\u0173 ir vokie\u010di\u0173 okupacijas, lietuvi\u0173 prie\u0161inim\u0105si at\u0117j\u016bnams, 1941 m. Bir\u017eelio sukilimo parengt\u012f ir jo vyksm\u0105, antinacin\u012f pogrind\u012f.<\/p>\n<p>Leid\u0117jai knyg\u0105 papild\u0117 Lietuvos archyvuose rastomis nuotraukomis, kuriose atsispindi \u0161iurpi okupacij\u0173 kasdienyb\u0117.<\/p>\n<p>Knyga skirta pla\u010diajai visuomenei ir tiems, kurie imsis narplioti at\u0117j\u016bn\u0173 taip inirtingai supainiot\u0105 ir priespaudos u\u017eskl\u0119st\u0105 Lietuvos istorijos tarpsn\u012f.<\/p>\n","protected":false},"excerpt":{"rendered":"<p>I\u0161eivijoje pokariu gyven\u0119s ir ten mir\u0119s lietuvi\u0173 \u017eurnalistas ir sociologas, remdamasis okupant\u0173 \u0161altiniais, karo meto ir pokario okupuotos Lietuvos bei i\u0161eivijos spauda, pogrind\u017eio leidiniais ir dokument\u0173 vertimais bei \u012fvykius pergyvenusi\u0173 liudijimais, nu\u0161vie\u010dia pirm\u0105j\u0105 soviet\u0173 ir vokie\u010di\u0173 okupacijas, lietuvi\u0173 prie\u0161inim\u0105si at\u0117j\u016bnams, 1941 m. Bir\u017eelio sukilimo parengt\u012f ir jo vyksm\u0105, antinacin\u012f pogrind\u012f. Leid\u0117jai knyg\u0105 papild\u0117 Lietuvos archyvuose rastomis nuotraukomis, kuriose atsispindi \u0161iurpi okupacij\u0173 kasdienyb\u0117. Knyga skirta pla\u010diajai visuomenei ir tiems, kurie imsis narplioti at\u0117j\u016bn\u0173 taip inirtingai supainiot\u0105 ir priespaudos u\u017eskl\u0119st\u0105 Lietuvos istorijos tarpsn\u012f.<\/p>\n","protected":false},"featured_media":22977,"comment_status":"open","ping_status":"closed","template":"","meta":{"_acf_changed":false,"site-sidebar-layout":"default","site-content-layout":"","ast-site-content-layout":"default","site-content-style":"default","site-sidebar-style":"default","ast-global-header-display":"","ast-banner-title-visibility":"","ast-main-header-display":"","ast-hfb-above-header-display":"","ast-hfb-below-header-display":"","ast-hfb-mobile-header-display":"","site-post-title":"","ast-breadcrumbs-content":"","ast-featured-img":"","footer-sml-layout":"","ast-disable-related-posts":"","theme-transparent-header-meta":"","adv-header-id-meta":"","stick-header-meta":"","header-above-stick-meta":"","header-main-stick-meta":"","header-below-stick-meta":"","astra-migrate-meta-layouts":"default","ast-page-background-enabled":"default","ast-page-background-meta":{"desktop":{"background-color":"","background-image":"","background-repeat":"repeat","background-position":"center center","background-size":"auto","background-attachment":"scroll","background-type":"","background-media":"","overlay-type":"","overlay-color":"","overlay-opacity":"","overlay-gradient":""},"tablet":{"background-color":"","background-image":"","background-repeat":"repeat","background-position":"center center","background-size":"auto","background-attachment":"scroll","background-type":"","background-media":"","overlay-type":"","overlay-color":"","overlay-opacity":"","overlay-gradient":""},"mobile":{"background-color":"","background-image":"","background-repeat":"repeat","background-position":"center center","background-size":"auto","background-attachment":"scroll","background-type":"","background-media":"","overlay-type":"","overlay-color":"","overlay-opacity":"","overlay-gradient":""}},"ast-content-background-meta":{"desktop":{"background-color":"var(--ast-global-color-4)","background-image":"","background-repeat":"repeat","background-position":"center center","background-size":"auto","background-attachment":"scroll","background-type":"","background-media":"","overlay-type":"","overlay-color":"","overlay-opacity":"","overlay-gradient":""},"tablet":{"background-color":"var(--ast-global-color-4)","background-image":"","background-repeat":"repeat","background-position":"center center","background-size":"auto","background-attachment":"scroll","background-type":"","background-media":"","overlay-type":"","overlay-color":"","overlay-opacity":"","overlay-gradient":""},"mobile":{"background-color":"var(--ast-global-color-4)","background-image":"","background-repeat":"repeat","background-position":"center center","background-size":"auto","background-attachment":"scroll","background-type":"","background-media":"","overlay-type":"","overlay-color":"","overlay-opacity":"","overlay-gradient":""}}},"product_brand":[],"product_cat":[9862,174],"product_tag":[9428],"class_list":{"0":"post-22962","1":"product","2":"type-product","3":"status-publish","4":"has-post-thumbnail","6":"product_cat-lietuvos-istorija","7":"product_cat-istorija-ir-politologija","8":"product_tag-albinas-graziunas","9":"desktop-align-left","10":"tablet-align-left","11":"mobile-align-left","13":"first","14":"instock","15":"shipping-taxable","16":"purchasable","17":"product-type-simple"},"acf":[],"yoast_head":"<!-- This site is optimized with the Yoast SEO plugin v27.0 - https:\/\/yoast.com\/product\/yoast-seo-wordpress\/ -->\n<title>Lietuva dviej\u0173 okupacij\u0173 repl\u0117se, 1940\u20131944<\/title>\n<meta name=\"description\" content=\"I\u0161eivijoje pokariu gyven\u0119s ir ten mir\u0119s lietuvi\u0173 \u017eurnalistas ir sociologas, remdamasis okupant\u0173 \u0161altiniais, karo meto ir pokario okupuotos Lietuvos bei\" \/>\n<meta name=\"robots\" content=\"index, follow, max-snippet:-1, max-image-preview:large, max-video-preview:-1\" \/>\n<link rel=\"canonical\" href=\"https:\/\/skaitytaknyga.lt\/en\/produktas\/lietuva-dvieju-okupaciju-replese-1940-1944\/\" \/>\n<meta property=\"og:locale\" content=\"en_GB\" \/>\n<meta property=\"og:locale:alternate\" content=\"lt_LT\" \/>\n<meta property=\"og:type\" content=\"article\" \/>\n<meta property=\"og:title\" content=\"Lietuva dviej\u0173 okupacij\u0173 repl\u0117se, 1940\u20131944\" \/>\n<meta property=\"og:description\" content=\"I\u0161eivijoje pokariu gyven\u0119s ir ten mir\u0119s lietuvi\u0173 \u017eurnalistas ir sociologas, remdamasis okupant\u0173 \u0161altiniais, karo meto ir pokario okupuotos Lietuvos bei\" \/>\n<meta property=\"og:url\" content=\"https:\/\/skaitytaknyga.lt\/en\/produktas\/lietuva-dvieju-okupaciju-replese-1940-1944\/\" \/>\n<meta property=\"og:site_name\" content=\"Skaitytaknyga\" \/>\n<meta property=\"article:publisher\" content=\"https:\/\/www.facebook.com\/skaitytaknyga\/\" \/>\n<meta property=\"article:modified_time\" content=\"2026-03-18T12:59:37+00:00\" \/>\n<meta property=\"og:image\" content=\"https:\/\/skaitytaknyga.lt\/wp-content\/uploads\/2026\/02\/Lietuva-dvieju-okupaciju-replese-1940\u20131944-1.webp\" \/>\n\t<meta property=\"og:image:width\" content=\"300\" \/>\n\t<meta property=\"og:image:height\" content=\"434\" \/>\n\t<meta property=\"og:image:type\" content=\"image\/webp\" \/>\n<meta name=\"twitter:card\" content=\"summary_large_image\" \/>\n<meta name=\"twitter:label1\" content=\"Estimated reading time\" \/>\n\t<meta name=\"twitter:data1\" content=\"1 minute\" \/>\n<script type=\"application\/ld+json\" class=\"yoast-schema-graph\">{\"@context\":\"https:\/\/schema.org\",\"@graph\":[{\"@type\":\"WebPage\",\"@id\":\"https:\/\/skaitytaknyga.lt\/produktas\/lietuva-dvieju-okupaciju-replese-1940-1944\/\",\"url\":\"https:\/\/skaitytaknyga.lt\/produktas\/lietuva-dvieju-okupaciju-replese-1940-1944\/\",\"name\":\"Lietuva dviej\u0173 okupacij\u0173 repl\u0117se, 1940\u20131944\",\"isPartOf\":{\"@id\":\"https:\/\/skaitytaknyga.lt\/#website\"},\"primaryImageOfPage\":{\"@id\":\"https:\/\/skaitytaknyga.lt\/produktas\/lietuva-dvieju-okupaciju-replese-1940-1944\/#primaryimage\"},\"image\":{\"@id\":\"https:\/\/skaitytaknyga.lt\/produktas\/lietuva-dvieju-okupaciju-replese-1940-1944\/#primaryimage\"},\"thumbnailUrl\":\"https:\/\/skaitytaknyga.lt\/wp-content\/uploads\/2026\/02\/Lietuva-dvieju-okupaciju-replese-1940\u20131944-1.webp\",\"datePublished\":\"2026-02-04T12:58:20+00:00\",\"dateModified\":\"2026-03-18T12:59:37+00:00\",\"description\":\"I\u0161eivijoje pokariu gyven\u0119s ir ten mir\u0119s lietuvi\u0173 \u017eurnalistas ir sociologas, remdamasis okupant\u0173 \u0161altiniais, karo meto ir pokario okupuotos Lietuvos bei\",\"breadcrumb\":{\"@id\":\"https:\/\/skaitytaknyga.lt\/produktas\/lietuva-dvieju-okupaciju-replese-1940-1944\/#breadcrumb\"},\"inLanguage\":\"en-GB\",\"potentialAction\":[{\"@type\":\"ReadAction\",\"target\":[\"https:\/\/skaitytaknyga.lt\/produktas\/lietuva-dvieju-okupaciju-replese-1940-1944\/\"]}]},{\"@type\":\"ImageObject\",\"inLanguage\":\"en-GB\",\"@id\":\"https:\/\/skaitytaknyga.lt\/produktas\/lietuva-dvieju-okupaciju-replese-1940-1944\/#primaryimage\",\"url\":\"https:\/\/skaitytaknyga.lt\/wp-content\/uploads\/2026\/02\/Lietuva-dvieju-okupaciju-replese-1940\u20131944-1.webp\",\"contentUrl\":\"https:\/\/skaitytaknyga.lt\/wp-content\/uploads\/2026\/02\/Lietuva-dvieju-okupaciju-replese-1940\u20131944-1.webp\",\"width\":300,\"height\":434,\"caption\":\"Lietuva dviej\u0173 okupacij\u0173 repl\u0117se, 1940\u20131944\"},{\"@type\":\"BreadcrumbList\",\"@id\":\"https:\/\/skaitytaknyga.lt\/produktas\/lietuva-dvieju-okupaciju-replese-1940-1944\/#breadcrumb\",\"itemListElement\":[{\"@type\":\"ListItem\",\"position\":1,\"name\":\"Home\",\"item\":\"https:\/\/skaitytaknyga.lt\/\"},{\"@type\":\"ListItem\",\"position\":2,\"name\":\"Parduotuv\u0117\",\"item\":\"https:\/\/skaitytaknyga.lt\/knygu-parduotuve\/\"},{\"@type\":\"ListItem\",\"position\":3,\"name\":\"Lietuva dviej\u0173 okupacij\u0173 repl\u0117se, 1940\u20131944\"}]},{\"@type\":\"WebSite\",\"@id\":\"https:\/\/skaitytaknyga.lt\/#website\",\"url\":\"https:\/\/skaitytaknyga.lt\/\",\"name\":\"skaitytaknyga.lt\",\"description\":\"Skaitytaknyga.lt \u2013 tai ma\u017eas \u0161eimos verslas, kuris prasid\u0117jo nuo meil\u0117s knygoms ir siekio i\u0161gelb\u0117ti knygas nuo likimo prie konteinerio. Kas vienam nereikalingas daiktas \u2013 kitam lobis, o mes esame tarpininkai, kurie padeda abiems tapti laimingesniems ???? \u017dinome kaip nelengva i\u0161gyventi ma\u017eiems verslams, tad nuo \u0161iol, \u010dia rasite ir kit\u0173, ma\u017e\u0173 \u0161eim\u0173 versl\u0173, rank\u0173 darbo, dovan\u0173 sau ir artimiesiems.\",\"publisher\":{\"@id\":\"https:\/\/skaitytaknyga.lt\/#organization\"},\"potentialAction\":[{\"@type\":\"SearchAction\",\"target\":{\"@type\":\"EntryPoint\",\"urlTemplate\":\"https:\/\/skaitytaknyga.lt\/?s={search_term_string}\"},\"query-input\":{\"@type\":\"PropertyValueSpecification\",\"valueRequired\":true,\"valueName\":\"search_term_string\"}}],\"inLanguage\":\"en-GB\"},{\"@type\":\"Organization\",\"@id\":\"https:\/\/skaitytaknyga.lt\/#organization\",\"name\":\"skaitytaknyga.lt\",\"url\":\"https:\/\/skaitytaknyga.lt\/\",\"logo\":{\"@type\":\"ImageObject\",\"inLanguage\":\"en-GB\",\"@id\":\"https:\/\/skaitytaknyga.lt\/#\/schema\/logo\/image\/\",\"url\":\"https:\/\/skaitytaknyga.lt\/wp-content\/uploads\/2024\/05\/cropped-cropped-cropped-02_00843_jt3bggkj1j3HLc7SyY6rEUpg.jpeg\",\"contentUrl\":\"https:\/\/skaitytaknyga.lt\/wp-content\/uploads\/2024\/05\/cropped-cropped-cropped-02_00843_jt3bggkj1j3HLc7SyY6rEUpg.jpeg\",\"width\":1600,\"height\":1600,\"caption\":\"skaitytaknyga.lt\"},\"image\":{\"@id\":\"https:\/\/skaitytaknyga.lt\/#\/schema\/logo\/image\/\"},\"sameAs\":[\"https:\/\/www.facebook.com\/skaitytaknyga\/\"]}]}<\/script>\n<!-- \/ Yoast SEO plugin. -->","yoast_head_json":{"title":"Lietuva dviej\u0173 okupacij\u0173 repl\u0117se, 1940\u20131944","description":"I\u0161eivijoje pokariu gyven\u0119s ir ten mir\u0119s lietuvi\u0173 \u017eurnalistas ir sociologas, remdamasis okupant\u0173 \u0161altiniais, karo meto ir pokario okupuotos Lietuvos bei","robots":{"index":"index","follow":"follow","max-snippet":"max-snippet:-1","max-image-preview":"max-image-preview:large","max-video-preview":"max-video-preview:-1"},"canonical":"https:\/\/skaitytaknyga.lt\/en\/produktas\/lietuva-dvieju-okupaciju-replese-1940-1944\/","og_locale":"en_GB","og_type":"article","og_title":"[:lt]Lietuva dviej\u0173 okupacij\u0173 repl\u0117se, 1940\u20131944[:] - Skaitytaknyga","og_description":"I\u0161eivijoje pokariu gyven\u0119s ir ten mir\u0119s lietuvi\u0173 \u017eurnalistas ir sociologas, remdamasis okupant\u0173 \u0161altiniais, karo meto ir pokario okupuotos Lietuvos bei","og_url":"https:\/\/skaitytaknyga.lt\/en\/produktas\/lietuva-dvieju-okupaciju-replese-1940-1944\/","og_site_name":"Skaitytaknyga","article_publisher":"https:\/\/www.facebook.com\/skaitytaknyga\/","article_modified_time":"2026-03-18T12:59:37+00:00","og_image":[{"width":300,"height":434,"url":"https:\/\/skaitytaknyga.lt\/wp-content\/uploads\/2026\/02\/Lietuva-dvieju-okupaciju-replese-1940\u20131944-1.webp","type":"image\/webp"}],"twitter_card":"summary_large_image","twitter_misc":{"Estimated reading time":"1 minute"},"schema":{"@context":"https:\/\/schema.org","@graph":[{"@type":"WebPage","@id":"https:\/\/skaitytaknyga.lt\/produktas\/lietuva-dvieju-okupaciju-replese-1940-1944\/","url":"https:\/\/skaitytaknyga.lt\/produktas\/lietuva-dvieju-okupaciju-replese-1940-1944\/","name":"Lietuva dviej\u0173 okupacij\u0173 repl\u0117se, 1940\u20131944","isPartOf":{"@id":"https:\/\/skaitytaknyga.lt\/#website"},"primaryImageOfPage":{"@id":"https:\/\/skaitytaknyga.lt\/produktas\/lietuva-dvieju-okupaciju-replese-1940-1944\/#primaryimage"},"image":{"@id":"https:\/\/skaitytaknyga.lt\/produktas\/lietuva-dvieju-okupaciju-replese-1940-1944\/#primaryimage"},"thumbnailUrl":"https:\/\/skaitytaknyga.lt\/wp-content\/uploads\/2026\/02\/Lietuva-dvieju-okupaciju-replese-1940\u20131944-1.webp","datePublished":"2026-02-04T12:58:20+00:00","dateModified":"2026-03-18T12:59:37+00:00","description":"I\u0161eivijoje pokariu gyven\u0119s ir ten mir\u0119s lietuvi\u0173 \u017eurnalistas ir sociologas, remdamasis okupant\u0173 \u0161altiniais, karo meto ir pokario okupuotos Lietuvos bei","breadcrumb":{"@id":"https:\/\/skaitytaknyga.lt\/produktas\/lietuva-dvieju-okupaciju-replese-1940-1944\/#breadcrumb"},"inLanguage":"en-GB","potentialAction":[{"@type":"ReadAction","target":["https:\/\/skaitytaknyga.lt\/produktas\/lietuva-dvieju-okupaciju-replese-1940-1944\/"]}]},{"@type":"ImageObject","inLanguage":"en-GB","@id":"https:\/\/skaitytaknyga.lt\/produktas\/lietuva-dvieju-okupaciju-replese-1940-1944\/#primaryimage","url":"https:\/\/skaitytaknyga.lt\/wp-content\/uploads\/2026\/02\/Lietuva-dvieju-okupaciju-replese-1940\u20131944-1.webp","contentUrl":"https:\/\/skaitytaknyga.lt\/wp-content\/uploads\/2026\/02\/Lietuva-dvieju-okupaciju-replese-1940\u20131944-1.webp","width":300,"height":434,"caption":"Lietuva dviej\u0173 okupacij\u0173 repl\u0117se, 1940\u20131944"},{"@type":"BreadcrumbList","@id":"https:\/\/skaitytaknyga.lt\/produktas\/lietuva-dvieju-okupaciju-replese-1940-1944\/#breadcrumb","itemListElement":[{"@type":"ListItem","position":1,"name":"Home","item":"https:\/\/skaitytaknyga.lt\/"},{"@type":"ListItem","position":2,"name":"Parduotuv\u0117","item":"https:\/\/skaitytaknyga.lt\/knygu-parduotuve\/"},{"@type":"ListItem","position":3,"name":"Lietuva dviej\u0173 okupacij\u0173 repl\u0117se, 1940\u20131944"}]},{"@type":"WebSite","@id":"https:\/\/skaitytaknyga.lt\/#website","url":"https:\/\/skaitytaknyga.lt\/","name":"skaitytaknyga.lt","description":"Skaitytaknyga.lt \u2013 tai ma\u017eas \u0161eimos verslas, kuris prasid\u0117jo nuo meil\u0117s knygoms ir siekio i\u0161gelb\u0117ti knygas nuo likimo prie konteinerio. Kas vienam nereikalingas daiktas \u2013 kitam lobis, o mes esame tarpininkai, kurie padeda abiems tapti laimingesniems ???? \u017dinome kaip nelengva i\u0161gyventi ma\u017eiems verslams, tad nuo \u0161iol, \u010dia rasite ir kit\u0173, ma\u017e\u0173 \u0161eim\u0173 versl\u0173, rank\u0173 darbo, dovan\u0173 sau ir artimiesiems.","publisher":{"@id":"https:\/\/skaitytaknyga.lt\/#organization"},"potentialAction":[{"@type":"SearchAction","target":{"@type":"EntryPoint","urlTemplate":"https:\/\/skaitytaknyga.lt\/?s={search_term_string}"},"query-input":{"@type":"PropertyValueSpecification","valueRequired":true,"valueName":"search_term_string"}}],"inLanguage":"en-GB"},{"@type":"Organization","@id":"https:\/\/skaitytaknyga.lt\/#organization","name":"skaitytaknyga.lt","url":"https:\/\/skaitytaknyga.lt\/","logo":{"@type":"ImageObject","inLanguage":"en-GB","@id":"https:\/\/skaitytaknyga.lt\/#\/schema\/logo\/image\/","url":"https:\/\/skaitytaknyga.lt\/wp-content\/uploads\/2024\/05\/cropped-cropped-cropped-02_00843_jt3bggkj1j3HLc7SyY6rEUpg.jpeg","contentUrl":"https:\/\/skaitytaknyga.lt\/wp-content\/uploads\/2024\/05\/cropped-cropped-cropped-02_00843_jt3bggkj1j3HLc7SyY6rEUpg.jpeg","width":1600,"height":1600,"caption":"skaitytaknyga.lt"},"image":{"@id":"https:\/\/skaitytaknyga.lt\/#\/schema\/logo\/image\/"},"sameAs":["https:\/\/www.facebook.com\/skaitytaknyga\/"]}]}},"_links":{"self":[{"href":"https:\/\/skaitytaknyga.lt\/en\/wp-json\/wp\/v2\/product\/22962","targetHints":{"allow":["GET"]}}],"collection":[{"href":"https:\/\/skaitytaknyga.lt\/en\/wp-json\/wp\/v2\/product"}],"about":[{"href":"https:\/\/skaitytaknyga.lt\/en\/wp-json\/wp\/v2\/types\/product"}],"replies":[{"embeddable":true,"href":"https:\/\/skaitytaknyga.lt\/en\/wp-json\/wp\/v2\/comments?post=22962"}],"wp:featuredmedia":[{"embeddable":true,"href":"https:\/\/skaitytaknyga.lt\/en\/wp-json\/wp\/v2\/media\/22977"}],"wp:attachment":[{"href":"https:\/\/skaitytaknyga.lt\/en\/wp-json\/wp\/v2\/media?parent=22962"}],"wp:term":[{"taxonomy":"product_brand","embeddable":true,"href":"https:\/\/skaitytaknyga.lt\/en\/wp-json\/wp\/v2\/product_brand?post=22962"},{"taxonomy":"product_cat","embeddable":true,"href":"https:\/\/skaitytaknyga.lt\/en\/wp-json\/wp\/v2\/product_cat?post=22962"},{"taxonomy":"product_tag","embeddable":true,"href":"https:\/\/skaitytaknyga.lt\/en\/wp-json\/wp\/v2\/product_tag?post=22962"}],"curies":[{"name":"wp","href":"https:\/\/api.w.org\/{rel}","templated":true}]}}