{"id":22960,"date":"2026-02-04T14:58:19","date_gmt":"2026-02-04T12:58:19","guid":{"rendered":"https:\/\/skaitytaknyga.lt\/?post_type=product&#038;p=22960"},"modified":"2026-02-05T12:17:57","modified_gmt":"2026-02-05T10:17:57","slug":"puikiuju-stirninu-mirtis-kaip-as-sutikau-zuvis","status":"publish","type":"product","link":"https:\/\/skaitytaknyga.lt\/en\/produktas\/puikiuju-stirninu-mirtis-kaip-as-sutikau-zuvis\/","title":{"rendered":"Puiki\u0173j\u0173 stirnin\u0173 mirtis. Kaip a\u0161 sutikau \u017euvis"},"content":{"rendered":"<p>Ota Pavel &#8211; lietuvi\u0173 skaitytojui dar nepa\u017e\u012fstamas \u010dek\u0173 ra\u0161ytojas, kurio likim\u0105 ir k\u016bryb\u0105 b\u016bt\u0173 galima lyginti su vieno garsiausi\u0173 jo kra\u0161tie\u010di\u0173 &#8211; Jaroslavo Ha\u0161eko. Gim\u0119s \u010cekijos \u017eyd\u0173 \u0161eimoje, jis tapo vienu m\u0117gstamiausi\u0173 ir \u017eymiausi\u0173 \u010dek\u0173 sporto \u017eurnalist\u0173. \u201ePuiki\u0173j\u0173 stirn\u0173 mirtis\u201c ir \u201eKaip a\u0161 sutikau \u017euvis\u201c &#8211; rinkinio pasakojimai, paremti ra\u0161ytojo asmenine patirtimi. Tai vienos originaliausi\u0173 kada nors para\u0161yt\u0173 knyg\u0173, kuri\u0173 veik\u0117jai humoro ir tragizmo samplaika nenusileid\u017eia \u0161auniajam kareiviui \u0160veikui. Ota Pavelas pasakoja apie savo t\u0117v\u0105, prekiaujant\u012f dulki\u0173 siurbliais, mokant\u012f parduoti juos netgi ten, kur n\u0117ra elektros; apie mamos aistr\u0105 Italijai, kurioje ji niekuomet nebuvo; apie girt\u0105 karp\u012f ir t\u0117vo meil\u0119 poniai Irmai. Knyga pilna humoro, nors kartu persmelkta art\u0117jan\u010dio Antrojo pasaulinio karo gr\u0117sm\u0117s nuojautos.<\/p>\n","protected":false},"excerpt":{"rendered":"<p>Ota Pavel &#8211; lietuvi\u0173 skaitytojui dar nepa\u017e\u012fstamas \u010dek\u0173 ra\u0161ytojas, kurio likim\u0105 ir k\u016bryb\u0105 b\u016bt\u0173 galima lyginti su vieno garsiausi\u0173 jo kra\u0161tie\u010di\u0173 &#8211; Jaroslavo Ha\u0161eko. Gim\u0119s \u010cekijos \u017eyd\u0173 \u0161eimoje, jis tapo vienu m\u0117gstamiausi\u0173 ir \u017eymiausi\u0173 \u010dek\u0173 sporto \u017eurnalist\u0173. \u201ePuiki\u0173j\u0173 stirn\u0173 mirtis\u201c ir \u201eKaip a\u0161 sutikau \u017euvis\u201c &#8211; rinkinio pasakojimai, paremti ra\u0161ytojo asmenine patirtimi. Tai vienos originaliausi\u0173 kada nors para\u0161yt\u0173 knyg\u0173, kuri\u0173 veik\u0117jai humoro ir tragizmo samplaika nenusileid\u017eia \u0161auniajam kareiviui \u0160veikui. Ota Pavelas pasakoja apie savo t\u0117v\u0105, prekiaujant\u012f dulki\u0173 siurbliais, mokant\u012f parduoti juos netgi ten, kur n\u0117ra elektros; apie mamos aistr\u0105 Italijai, kurioje ji niekuomet nebuvo; apie girt\u0105 karp\u012f ir t\u0117vo meil\u0119 poniai Irmai. Knyga pilna humoro, nors kartu persmelkta art\u0117jan\u010dio Antrojo pasaulinio karo gr\u0117sm\u0117s nuojautos.<\/p>\n","protected":false},"featured_media":22975,"comment_status":"open","ping_status":"closed","template":"","meta":{"_acf_changed":false,"site-sidebar-layout":"default","site-content-layout":"","ast-site-content-layout":"default","site-content-style":"default","site-sidebar-style":"default","ast-global-header-display":"","ast-banner-title-visibility":"","ast-main-header-display":"","ast-hfb-above-header-display":"","ast-hfb-below-header-display":"","ast-hfb-mobile-header-display":"","site-post-title":"","ast-breadcrumbs-content":"","ast-featured-img":"","footer-sml-layout":"","ast-disable-related-posts":"","theme-transparent-header-meta":"","adv-header-id-meta":"","stick-header-meta":"","header-above-stick-meta":"","header-main-stick-meta":"","header-below-stick-meta":"","astra-migrate-meta-layouts":"default","ast-page-background-enabled":"default","ast-page-background-meta":{"desktop":{"background-color":"","background-image":"","background-repeat":"repeat","background-position":"center center","background-size":"auto","background-attachment":"scroll","background-type":"","background-media":"","overlay-type":"","overlay-color":"","overlay-opacity":"","overlay-gradient":""},"tablet":{"background-color":"","background-image":"","background-repeat":"repeat","background-position":"center center","background-size":"auto","background-attachment":"scroll","background-type":"","background-media":"","overlay-type":"","overlay-color":"","overlay-opacity":"","overlay-gradient":""},"mobile":{"background-color":"","background-image":"","background-repeat":"repeat","background-position":"center center","background-size":"auto","background-attachment":"scroll","background-type":"","background-media":"","overlay-type":"","overlay-color":"","overlay-opacity":"","overlay-gradient":""}},"ast-content-background-meta":{"desktop":{"background-color":"var(--ast-global-color-4)","background-image":"","background-repeat":"repeat","background-position":"center center","background-size":"auto","background-attachment":"scroll","background-type":"","background-media":"","overlay-type":"","overlay-color":"","overlay-opacity":"","overlay-gradient":""},"tablet":{"background-color":"var(--ast-global-color-4)","background-image":"","background-repeat":"repeat","background-position":"center center","background-size":"auto","background-attachment":"scroll","background-type":"","background-media":"","overlay-type":"","overlay-color":"","overlay-opacity":"","overlay-gradient":""},"mobile":{"background-color":"var(--ast-global-color-4)","background-image":"","background-repeat":"repeat","background-position":"center center","background-size":"auto","background-attachment":"scroll","background-type":"","background-media":"","overlay-type":"","overlay-color":"","overlay-opacity":"","overlay-gradient":""}}},"product_brand":[],"product_cat":[31],"product_tag":[9423],"class_list":{"0":"post-22960","1":"product","2":"type-product","3":"status-publish","4":"has-post-thumbnail","6":"product_cat-grozine-literatura","7":"product_tag-ota-pavel","8":"desktop-align-left","9":"tablet-align-left","10":"mobile-align-left","12":"first","13":"instock","14":"shipping-taxable","15":"purchasable","16":"product-type-simple"},"acf":[],"yoast_head":"<!-- This site is optimized with the Yoast SEO plugin v27.0 - https:\/\/yoast.com\/product\/yoast-seo-wordpress\/ -->\n<title>Puiki\u0173j\u0173 stirnin\u0173 mirtis. Kaip a\u0161 sutikau \u017euvis<\/title>\n<meta name=\"description\" content=\"Ota Pavel - lietuvi\u0173 skaitytojui dar nepa\u017e\u012fstamas \u010dek\u0173 ra\u0161ytojas, kurio likim\u0105 ir k\u016bryb\u0105 b\u016bt\u0173 galima lyginti su vieno garsiausi\u0173 jo kra\u0161tie\u010di\u0173 - Jaroslavo\" \/>\n<meta name=\"robots\" content=\"index, follow, max-snippet:-1, max-image-preview:large, max-video-preview:-1\" \/>\n<link rel=\"canonical\" href=\"https:\/\/skaitytaknyga.lt\/en\/produktas\/puikiuju-stirninu-mirtis-kaip-as-sutikau-zuvis\/\" \/>\n<meta property=\"og:locale\" content=\"en_GB\" \/>\n<meta property=\"og:locale:alternate\" content=\"lt_LT\" \/>\n<meta property=\"og:type\" content=\"article\" \/>\n<meta property=\"og:title\" content=\"Puiki\u0173j\u0173 stirnin\u0173 mirtis. Kaip a\u0161 sutikau \u017euvis\" \/>\n<meta property=\"og:description\" content=\"Ota Pavel - lietuvi\u0173 skaitytojui dar nepa\u017e\u012fstamas \u010dek\u0173 ra\u0161ytojas, kurio likim\u0105 ir k\u016bryb\u0105 b\u016bt\u0173 galima lyginti su vieno garsiausi\u0173 jo kra\u0161tie\u010di\u0173 - Jaroslavo\" \/>\n<meta property=\"og:url\" content=\"https:\/\/skaitytaknyga.lt\/en\/produktas\/puikiuju-stirninu-mirtis-kaip-as-sutikau-zuvis\/\" \/>\n<meta property=\"og:site_name\" content=\"Skaitytaknyga\" \/>\n<meta property=\"article:publisher\" content=\"https:\/\/www.facebook.com\/skaitytaknyga\/\" \/>\n<meta property=\"article:modified_time\" content=\"2026-02-05T10:17:57+00:00\" \/>\n<meta property=\"og:image\" content=\"https:\/\/skaitytaknyga.lt\/wp-content\/uploads\/2026\/02\/Puikiuju-stirninu-mirtis.-Kaip-as-sutikau-zuvis-1.webp\" \/>\n\t<meta property=\"og:image:width\" content=\"300\" \/>\n\t<meta property=\"og:image:height\" content=\"460\" \/>\n\t<meta property=\"og:image:type\" content=\"image\/webp\" \/>\n<meta name=\"twitter:card\" content=\"summary_large_image\" \/>\n<meta name=\"twitter:label1\" content=\"Estimated reading time\" \/>\n\t<meta name=\"twitter:data1\" content=\"1 minute\" \/>\n<script type=\"application\/ld+json\" class=\"yoast-schema-graph\">{\"@context\":\"https:\/\/schema.org\",\"@graph\":[{\"@type\":\"WebPage\",\"@id\":\"https:\/\/skaitytaknyga.lt\/produktas\/puikiuju-stirninu-mirtis-kaip-as-sutikau-zuvis\/\",\"url\":\"https:\/\/skaitytaknyga.lt\/produktas\/puikiuju-stirninu-mirtis-kaip-as-sutikau-zuvis\/\",\"name\":\"Puiki\u0173j\u0173 stirnin\u0173 mirtis. Kaip a\u0161 sutikau \u017euvis\",\"isPartOf\":{\"@id\":\"https:\/\/skaitytaknyga.lt\/#website\"},\"primaryImageOfPage\":{\"@id\":\"https:\/\/skaitytaknyga.lt\/produktas\/puikiuju-stirninu-mirtis-kaip-as-sutikau-zuvis\/#primaryimage\"},\"image\":{\"@id\":\"https:\/\/skaitytaknyga.lt\/produktas\/puikiuju-stirninu-mirtis-kaip-as-sutikau-zuvis\/#primaryimage\"},\"thumbnailUrl\":\"https:\/\/skaitytaknyga.lt\/wp-content\/uploads\/2026\/02\/Puikiuju-stirninu-mirtis.-Kaip-as-sutikau-zuvis-1.webp\",\"datePublished\":\"2026-02-04T12:58:19+00:00\",\"dateModified\":\"2026-02-05T10:17:57+00:00\",\"description\":\"Ota Pavel - lietuvi\u0173 skaitytojui dar nepa\u017e\u012fstamas \u010dek\u0173 ra\u0161ytojas, kurio likim\u0105 ir k\u016bryb\u0105 b\u016bt\u0173 galima lyginti su vieno garsiausi\u0173 jo kra\u0161tie\u010di\u0173 - Jaroslavo\",\"breadcrumb\":{\"@id\":\"https:\/\/skaitytaknyga.lt\/produktas\/puikiuju-stirninu-mirtis-kaip-as-sutikau-zuvis\/#breadcrumb\"},\"inLanguage\":\"en-GB\",\"potentialAction\":[{\"@type\":\"ReadAction\",\"target\":[\"https:\/\/skaitytaknyga.lt\/produktas\/puikiuju-stirninu-mirtis-kaip-as-sutikau-zuvis\/\"]}]},{\"@type\":\"ImageObject\",\"inLanguage\":\"en-GB\",\"@id\":\"https:\/\/skaitytaknyga.lt\/produktas\/puikiuju-stirninu-mirtis-kaip-as-sutikau-zuvis\/#primaryimage\",\"url\":\"https:\/\/skaitytaknyga.lt\/wp-content\/uploads\/2026\/02\/Puikiuju-stirninu-mirtis.-Kaip-as-sutikau-zuvis-1.webp\",\"contentUrl\":\"https:\/\/skaitytaknyga.lt\/wp-content\/uploads\/2026\/02\/Puikiuju-stirninu-mirtis.-Kaip-as-sutikau-zuvis-1.webp\",\"width\":300,\"height\":460,\"caption\":\"Puiki\u0173j\u0173 stirnin\u0173 mirtis. Kaip a\u0161 sutikau \u017euvis\"},{\"@type\":\"BreadcrumbList\",\"@id\":\"https:\/\/skaitytaknyga.lt\/produktas\/puikiuju-stirninu-mirtis-kaip-as-sutikau-zuvis\/#breadcrumb\",\"itemListElement\":[{\"@type\":\"ListItem\",\"position\":1,\"name\":\"Home\",\"item\":\"https:\/\/skaitytaknyga.lt\/\"},{\"@type\":\"ListItem\",\"position\":2,\"name\":\"Parduotuv\u0117\",\"item\":\"https:\/\/skaitytaknyga.lt\/knygu-parduotuve\/\"},{\"@type\":\"ListItem\",\"position\":3,\"name\":\"Puiki\u0173j\u0173 stirnin\u0173 mirtis. Kaip a\u0161 sutikau \u017euvis\"}]},{\"@type\":\"WebSite\",\"@id\":\"https:\/\/skaitytaknyga.lt\/#website\",\"url\":\"https:\/\/skaitytaknyga.lt\/\",\"name\":\"skaitytaknyga.lt\",\"description\":\"Skaitytaknyga.lt \u2013 tai ma\u017eas \u0161eimos verslas, kuris prasid\u0117jo nuo meil\u0117s knygoms ir siekio i\u0161gelb\u0117ti knygas nuo likimo prie konteinerio. Kas vienam nereikalingas daiktas \u2013 kitam lobis, o mes esame tarpininkai, kurie padeda abiems tapti laimingesniems ???? \u017dinome kaip nelengva i\u0161gyventi ma\u017eiems verslams, tad nuo \u0161iol, \u010dia rasite ir kit\u0173, ma\u017e\u0173 \u0161eim\u0173 versl\u0173, rank\u0173 darbo, dovan\u0173 sau ir artimiesiems.\",\"publisher\":{\"@id\":\"https:\/\/skaitytaknyga.lt\/#organization\"},\"potentialAction\":[{\"@type\":\"SearchAction\",\"target\":{\"@type\":\"EntryPoint\",\"urlTemplate\":\"https:\/\/skaitytaknyga.lt\/?s={search_term_string}\"},\"query-input\":{\"@type\":\"PropertyValueSpecification\",\"valueRequired\":true,\"valueName\":\"search_term_string\"}}],\"inLanguage\":\"en-GB\"},{\"@type\":\"Organization\",\"@id\":\"https:\/\/skaitytaknyga.lt\/#organization\",\"name\":\"skaitytaknyga.lt\",\"url\":\"https:\/\/skaitytaknyga.lt\/\",\"logo\":{\"@type\":\"ImageObject\",\"inLanguage\":\"en-GB\",\"@id\":\"https:\/\/skaitytaknyga.lt\/#\/schema\/logo\/image\/\",\"url\":\"https:\/\/skaitytaknyga.lt\/wp-content\/uploads\/2024\/05\/cropped-cropped-cropped-02_00843_jt3bggkj1j3HLc7SyY6rEUpg.jpeg\",\"contentUrl\":\"https:\/\/skaitytaknyga.lt\/wp-content\/uploads\/2024\/05\/cropped-cropped-cropped-02_00843_jt3bggkj1j3HLc7SyY6rEUpg.jpeg\",\"width\":1600,\"height\":1600,\"caption\":\"skaitytaknyga.lt\"},\"image\":{\"@id\":\"https:\/\/skaitytaknyga.lt\/#\/schema\/logo\/image\/\"},\"sameAs\":[\"https:\/\/www.facebook.com\/skaitytaknyga\/\"]}]}<\/script>\n<!-- \/ Yoast SEO plugin. -->","yoast_head_json":{"title":"Puiki\u0173j\u0173 stirnin\u0173 mirtis. Kaip a\u0161 sutikau \u017euvis","description":"Ota Pavel - lietuvi\u0173 skaitytojui dar nepa\u017e\u012fstamas \u010dek\u0173 ra\u0161ytojas, kurio likim\u0105 ir k\u016bryb\u0105 b\u016bt\u0173 galima lyginti su vieno garsiausi\u0173 jo kra\u0161tie\u010di\u0173 - Jaroslavo","robots":{"index":"index","follow":"follow","max-snippet":"max-snippet:-1","max-image-preview":"max-image-preview:large","max-video-preview":"max-video-preview:-1"},"canonical":"https:\/\/skaitytaknyga.lt\/en\/produktas\/puikiuju-stirninu-mirtis-kaip-as-sutikau-zuvis\/","og_locale":"en_GB","og_type":"article","og_title":"[:lt]Puiki\u0173j\u0173 stirnin\u0173 mirtis. Kaip a\u0161 sutikau \u017euvis[:] - Skaitytaknyga","og_description":"Ota Pavel - lietuvi\u0173 skaitytojui dar nepa\u017e\u012fstamas \u010dek\u0173 ra\u0161ytojas, kurio likim\u0105 ir k\u016bryb\u0105 b\u016bt\u0173 galima lyginti su vieno garsiausi\u0173 jo kra\u0161tie\u010di\u0173 - Jaroslavo","og_url":"https:\/\/skaitytaknyga.lt\/en\/produktas\/puikiuju-stirninu-mirtis-kaip-as-sutikau-zuvis\/","og_site_name":"Skaitytaknyga","article_publisher":"https:\/\/www.facebook.com\/skaitytaknyga\/","article_modified_time":"2026-02-05T10:17:57+00:00","og_image":[{"width":300,"height":460,"url":"https:\/\/skaitytaknyga.lt\/wp-content\/uploads\/2026\/02\/Puikiuju-stirninu-mirtis.-Kaip-as-sutikau-zuvis-1.webp","type":"image\/webp"}],"twitter_card":"summary_large_image","twitter_misc":{"Estimated reading time":"1 minute"},"schema":{"@context":"https:\/\/schema.org","@graph":[{"@type":"WebPage","@id":"https:\/\/skaitytaknyga.lt\/produktas\/puikiuju-stirninu-mirtis-kaip-as-sutikau-zuvis\/","url":"https:\/\/skaitytaknyga.lt\/produktas\/puikiuju-stirninu-mirtis-kaip-as-sutikau-zuvis\/","name":"Puiki\u0173j\u0173 stirnin\u0173 mirtis. Kaip a\u0161 sutikau \u017euvis","isPartOf":{"@id":"https:\/\/skaitytaknyga.lt\/#website"},"primaryImageOfPage":{"@id":"https:\/\/skaitytaknyga.lt\/produktas\/puikiuju-stirninu-mirtis-kaip-as-sutikau-zuvis\/#primaryimage"},"image":{"@id":"https:\/\/skaitytaknyga.lt\/produktas\/puikiuju-stirninu-mirtis-kaip-as-sutikau-zuvis\/#primaryimage"},"thumbnailUrl":"https:\/\/skaitytaknyga.lt\/wp-content\/uploads\/2026\/02\/Puikiuju-stirninu-mirtis.-Kaip-as-sutikau-zuvis-1.webp","datePublished":"2026-02-04T12:58:19+00:00","dateModified":"2026-02-05T10:17:57+00:00","description":"Ota Pavel - lietuvi\u0173 skaitytojui dar nepa\u017e\u012fstamas \u010dek\u0173 ra\u0161ytojas, kurio likim\u0105 ir k\u016bryb\u0105 b\u016bt\u0173 galima lyginti su vieno garsiausi\u0173 jo kra\u0161tie\u010di\u0173 - Jaroslavo","breadcrumb":{"@id":"https:\/\/skaitytaknyga.lt\/produktas\/puikiuju-stirninu-mirtis-kaip-as-sutikau-zuvis\/#breadcrumb"},"inLanguage":"en-GB","potentialAction":[{"@type":"ReadAction","target":["https:\/\/skaitytaknyga.lt\/produktas\/puikiuju-stirninu-mirtis-kaip-as-sutikau-zuvis\/"]}]},{"@type":"ImageObject","inLanguage":"en-GB","@id":"https:\/\/skaitytaknyga.lt\/produktas\/puikiuju-stirninu-mirtis-kaip-as-sutikau-zuvis\/#primaryimage","url":"https:\/\/skaitytaknyga.lt\/wp-content\/uploads\/2026\/02\/Puikiuju-stirninu-mirtis.-Kaip-as-sutikau-zuvis-1.webp","contentUrl":"https:\/\/skaitytaknyga.lt\/wp-content\/uploads\/2026\/02\/Puikiuju-stirninu-mirtis.-Kaip-as-sutikau-zuvis-1.webp","width":300,"height":460,"caption":"Puiki\u0173j\u0173 stirnin\u0173 mirtis. Kaip a\u0161 sutikau \u017euvis"},{"@type":"BreadcrumbList","@id":"https:\/\/skaitytaknyga.lt\/produktas\/puikiuju-stirninu-mirtis-kaip-as-sutikau-zuvis\/#breadcrumb","itemListElement":[{"@type":"ListItem","position":1,"name":"Home","item":"https:\/\/skaitytaknyga.lt\/"},{"@type":"ListItem","position":2,"name":"Parduotuv\u0117","item":"https:\/\/skaitytaknyga.lt\/knygu-parduotuve\/"},{"@type":"ListItem","position":3,"name":"Puiki\u0173j\u0173 stirnin\u0173 mirtis. Kaip a\u0161 sutikau \u017euvis"}]},{"@type":"WebSite","@id":"https:\/\/skaitytaknyga.lt\/#website","url":"https:\/\/skaitytaknyga.lt\/","name":"skaitytaknyga.lt","description":"Skaitytaknyga.lt \u2013 tai ma\u017eas \u0161eimos verslas, kuris prasid\u0117jo nuo meil\u0117s knygoms ir siekio i\u0161gelb\u0117ti knygas nuo likimo prie konteinerio. Kas vienam nereikalingas daiktas \u2013 kitam lobis, o mes esame tarpininkai, kurie padeda abiems tapti laimingesniems ???? \u017dinome kaip nelengva i\u0161gyventi ma\u017eiems verslams, tad nuo \u0161iol, \u010dia rasite ir kit\u0173, ma\u017e\u0173 \u0161eim\u0173 versl\u0173, rank\u0173 darbo, dovan\u0173 sau ir artimiesiems.","publisher":{"@id":"https:\/\/skaitytaknyga.lt\/#organization"},"potentialAction":[{"@type":"SearchAction","target":{"@type":"EntryPoint","urlTemplate":"https:\/\/skaitytaknyga.lt\/?s={search_term_string}"},"query-input":{"@type":"PropertyValueSpecification","valueRequired":true,"valueName":"search_term_string"}}],"inLanguage":"en-GB"},{"@type":"Organization","@id":"https:\/\/skaitytaknyga.lt\/#organization","name":"skaitytaknyga.lt","url":"https:\/\/skaitytaknyga.lt\/","logo":{"@type":"ImageObject","inLanguage":"en-GB","@id":"https:\/\/skaitytaknyga.lt\/#\/schema\/logo\/image\/","url":"https:\/\/skaitytaknyga.lt\/wp-content\/uploads\/2024\/05\/cropped-cropped-cropped-02_00843_jt3bggkj1j3HLc7SyY6rEUpg.jpeg","contentUrl":"https:\/\/skaitytaknyga.lt\/wp-content\/uploads\/2024\/05\/cropped-cropped-cropped-02_00843_jt3bggkj1j3HLc7SyY6rEUpg.jpeg","width":1600,"height":1600,"caption":"skaitytaknyga.lt"},"image":{"@id":"https:\/\/skaitytaknyga.lt\/#\/schema\/logo\/image\/"},"sameAs":["https:\/\/www.facebook.com\/skaitytaknyga\/"]}]}},"_links":{"self":[{"href":"https:\/\/skaitytaknyga.lt\/en\/wp-json\/wp\/v2\/product\/22960","targetHints":{"allow":["GET"]}}],"collection":[{"href":"https:\/\/skaitytaknyga.lt\/en\/wp-json\/wp\/v2\/product"}],"about":[{"href":"https:\/\/skaitytaknyga.lt\/en\/wp-json\/wp\/v2\/types\/product"}],"replies":[{"embeddable":true,"href":"https:\/\/skaitytaknyga.lt\/en\/wp-json\/wp\/v2\/comments?post=22960"}],"wp:featuredmedia":[{"embeddable":true,"href":"https:\/\/skaitytaknyga.lt\/en\/wp-json\/wp\/v2\/media\/22975"}],"wp:attachment":[{"href":"https:\/\/skaitytaknyga.lt\/en\/wp-json\/wp\/v2\/media?parent=22960"}],"wp:term":[{"taxonomy":"product_brand","embeddable":true,"href":"https:\/\/skaitytaknyga.lt\/en\/wp-json\/wp\/v2\/product_brand?post=22960"},{"taxonomy":"product_cat","embeddable":true,"href":"https:\/\/skaitytaknyga.lt\/en\/wp-json\/wp\/v2\/product_cat?post=22960"},{"taxonomy":"product_tag","embeddable":true,"href":"https:\/\/skaitytaknyga.lt\/en\/wp-json\/wp\/v2\/product_tag?post=22960"}],"curies":[{"name":"wp","href":"https:\/\/api.w.org\/{rel}","templated":true}]}}