{"id":2296,"date":"2024-04-17T13:07:14","date_gmt":"2024-04-17T13:07:14","guid":{"rendered":"https:\/\/skaitytaknyga.lt\/?post_type=product&#038;p=2296"},"modified":"2026-03-05T16:00:56","modified_gmt":"2026-03-05T14:00:56","slug":"carlos-maria-dominguez-popierinis-namas","status":"publish","type":"product","link":"https:\/\/skaitytaknyga.lt\/en\/produktas\/carlos-maria-dominguez-popierinis-namas\/","title":{"rendered":"Popierinis namas"},"content":{"rendered":"<p>M\u012fslinga mirtis. Bluma Lenon, Kembrid\u017eo universiteto d\u0117stytoja, tampa knygos auka, kai, \u012fsigilinusi \u012f Emily Dickinson eiles, pakli\u016bva po automobilio ratais. J\u0105 pavaduojantis d\u0117stytojas netrukus gauna keist\u0105 banderol\u0119 \u2013 suniokot\u0105, cemento skiediniu aplipusi\u0105 knyg\u0105, Josepho Conrado roman\u0105 \u201e\u0160e\u0161\u0117lio linija\u201c, atsi\u0173st\u0105 i\u0161 tolimojo Urugvajaus. Ie\u0161kodamas s\u0105saj\u0173 tarp koleg\u0117s mirties ir knygos, jis griebiasi vienintel\u0117s nuorodos. Bluma \u0161i\u0105 knyg\u0105 buvo u\u017era\u0161iusi Karlosui, vienos nakties meilu\u017eiui, su kuriuo ji susipa\u017eino kongrese kitapus Atlanto. Gav\u0119s kongreso dalyvi\u0173 s\u0105ra\u0161\u0105, d\u0117stytojas i\u0161vyksta \u012f Urugvaj\u0173 ie\u0161koti m\u012fslingojo Karloso.<br \/>\nPasirodo, jog Karlosas Braueris \u2013 u\u017ekiet\u0117j\u0119s bibliofilas, surink\u0119s daugyb\u0119 inkunabul\u0173, ne\u012fkainojam\u0173 knyg\u0173, d\u0117l kuri\u0173 var\u017e\u0117si daugelis kolekcionieri\u0173.<br \/>\nGarsaus argentinie\u010di\u0173 ra\u0161ytojo romanas \u2013 tai stulbinantis \u0161uolis \u012f knyg\u0173 pasaul\u012f, kur pasitaiko kur kas daugiau aistr\u0173, netik\u0117tum\u0173 ir tragedij\u0173, negu manoma.<\/p>\n","protected":false},"excerpt":{"rendered":"<p>M\u012fslinga mirtis. Bluma Lenon, Kembrid\u017eo universiteto d\u0117stytoja, tampa knygos auka, kai, \u012fsigilinusi \u012f Emily Dickinson eiles, pakli\u016bva po automobilio ratais. J\u0105 pavaduojantis d\u0117stytojas netrukus gauna keist\u0105 banderol\u0119 \u2013 suniokot\u0105, cemento skiediniu aplipusi\u0105 knyg\u0105, Josepho Conrado roman\u0105 \u201e\u0160e\u0161\u0117lio linija\u201c, atsi\u0173st\u0105 i\u0161 tolimojo Urugvajaus. Ie\u0161kodamas s\u0105saj\u0173 tarp koleg\u0117s mirties ir knygos, jis griebiasi vienintel\u0117s nuorodos. Bluma \u0161i\u0105 knyg\u0105 buvo u\u017era\u0161iusi Karlosui, vienos nakties meilu\u017eiui, su kuriuo ji susipa\u017eino kongrese kitapus Atlanto. Gav\u0119s kongreso dalyvi\u0173 s\u0105ra\u0161\u0105, d\u0117stytojas i\u0161vyksta \u012f Urugvaj\u0173 ie\u0161koti m\u012fslingojo Karloso. Pasirodo, jog Karlosas Braueris \u2013 u\u017ekiet\u0117j\u0119s bibliofilas, surink\u0119s daugyb\u0119 inkunabul\u0173, ne\u012fkainojam\u0173 knyg\u0173, d\u0117l kuri\u0173 var\u017e\u0117si daugelis kolekcionieri\u0173. Garsaus argentinie\u010di\u0173 ra\u0161ytojo romanas \u2013 tai stulbinantis \u0161uolis \u012f knyg\u0173 pasaul\u012f, kur pasitaiko kur kas daugiau aistr\u0173, netik\u0117tum\u0173 ir tragedij\u0173, negu manoma.<\/p>\n","protected":false},"featured_media":2337,"comment_status":"closed","ping_status":"closed","template":"","meta":{"_acf_changed":false,"site-sidebar-layout":"default","site-content-layout":"","ast-site-content-layout":"default","site-content-style":"default","site-sidebar-style":"default","ast-global-header-display":"","ast-banner-title-visibility":"","ast-main-header-display":"","ast-hfb-above-header-display":"","ast-hfb-below-header-display":"","ast-hfb-mobile-header-display":"","site-post-title":"","ast-breadcrumbs-content":"","ast-featured-img":"","footer-sml-layout":"","ast-disable-related-posts":"","theme-transparent-header-meta":"","adv-header-id-meta":"","stick-header-meta":"","header-above-stick-meta":"","header-main-stick-meta":"","header-below-stick-meta":"","astra-migrate-meta-layouts":"default","ast-page-background-enabled":"default","ast-page-background-meta":{"desktop":{"background-color":"","background-image":"","background-repeat":"repeat","background-position":"center center","background-size":"auto","background-attachment":"scroll","background-type":"","background-media":"","overlay-type":"","overlay-color":"","overlay-opacity":"","overlay-gradient":""},"tablet":{"background-color":"","background-image":"","background-repeat":"repeat","background-position":"center center","background-size":"auto","background-attachment":"scroll","background-type":"","background-media":"","overlay-type":"","overlay-color":"","overlay-opacity":"","overlay-gradient":""},"mobile":{"background-color":"","background-image":"","background-repeat":"repeat","background-position":"center center","background-size":"auto","background-attachment":"scroll","background-type":"","background-media":"","overlay-type":"","overlay-color":"","overlay-opacity":"","overlay-gradient":""}},"ast-content-background-meta":{"desktop":{"background-color":"var(--ast-global-color-4)","background-image":"","background-repeat":"repeat","background-position":"center center","background-size":"auto","background-attachment":"scroll","background-type":"","background-media":"","overlay-type":"","overlay-color":"","overlay-opacity":"","overlay-gradient":""},"tablet":{"background-color":"var(--ast-global-color-4)","background-image":"","background-repeat":"repeat","background-position":"center center","background-size":"auto","background-attachment":"scroll","background-type":"","background-media":"","overlay-type":"","overlay-color":"","overlay-opacity":"","overlay-gradient":""},"mobile":{"background-color":"var(--ast-global-color-4)","background-image":"","background-repeat":"repeat","background-position":"center center","background-size":"auto","background-attachment":"scroll","background-type":"","background-media":"","overlay-type":"","overlay-color":"","overlay-opacity":"","overlay-gradient":""}}},"product_brand":[],"product_cat":[9581],"product_tag":[],"class_list":{"0":"post-2296","1":"product","2":"type-product","3":"status-publish","4":"has-post-thumbnail","6":"product_cat-kriminaliniai-romanai","7":"desktop-align-left","8":"tablet-align-left","9":"mobile-align-left","11":"first","12":"instock","13":"shipping-taxable","14":"purchasable","15":"product-type-simple"},"acf":[],"yoast_head":"<!-- This site is optimized with the Yoast SEO plugin v27.0 - https:\/\/yoast.com\/product\/yoast-seo-wordpress\/ -->\n<title>Popierinis namas<\/title>\n<meta name=\"description\" content=\"M\u012fslinga mirtis. Bluma Lenon, Kembrid\u017eo universiteto d\u0117stytoja, tampa knygos auka, kai, \u012fsigilinusi \u012f Emily Dickinson eiles, pakli\u016bva po automobilio\" \/>\n<meta name=\"robots\" content=\"index, follow, max-snippet:-1, max-image-preview:large, max-video-preview:-1\" \/>\n<link rel=\"canonical\" href=\"https:\/\/skaitytaknyga.lt\/en\/produktas\/carlos-maria-dominguez-popierinis-namas\/\" \/>\n<meta property=\"og:locale\" content=\"en_GB\" \/>\n<meta property=\"og:locale:alternate\" content=\"lt_LT\" \/>\n<meta property=\"og:type\" content=\"article\" \/>\n<meta property=\"og:title\" content=\"Popierinis namas\" \/>\n<meta property=\"og:description\" content=\"M\u012fslinga mirtis. Bluma Lenon, Kembrid\u017eo universiteto d\u0117stytoja, tampa knygos auka, kai, \u012fsigilinusi \u012f Emily Dickinson eiles, pakli\u016bva po automobilio\" \/>\n<meta property=\"og:url\" content=\"https:\/\/skaitytaknyga.lt\/en\/produktas\/carlos-maria-dominguez-popierinis-namas\/\" \/>\n<meta property=\"og:site_name\" content=\"Skaitytaknyga\" \/>\n<meta property=\"article:publisher\" content=\"https:\/\/www.facebook.com\/skaitytaknyga\/\" \/>\n<meta property=\"article:modified_time\" content=\"2026-03-05T14:00:56+00:00\" \/>\n<meta property=\"og:image\" content=\"https:\/\/skaitytaknyga.lt\/wp-content\/uploads\/2024\/04\/000000000001101824-59de830719f1e-asset-knyguklubas-cdb_popierinis_namas_p1.jpg\" \/>\n\t<meta property=\"og:image:width\" content=\"285\" \/>\n\t<meta property=\"og:image:height\" content=\"421\" \/>\n\t<meta property=\"og:image:type\" content=\"image\/jpeg\" \/>\n<meta name=\"twitter:card\" content=\"summary_large_image\" \/>\n<meta name=\"twitter:label1\" content=\"Estimated reading time\" \/>\n\t<meta name=\"twitter:data1\" content=\"1 minute\" \/>\n<script type=\"application\/ld+json\" class=\"yoast-schema-graph\">{\"@context\":\"https:\/\/schema.org\",\"@graph\":[{\"@type\":\"WebPage\",\"@id\":\"https:\/\/skaitytaknyga.lt\/produktas\/carlos-maria-dominguez-popierinis-namas\/\",\"url\":\"https:\/\/skaitytaknyga.lt\/produktas\/carlos-maria-dominguez-popierinis-namas\/\",\"name\":\"Popierinis namas\",\"isPartOf\":{\"@id\":\"https:\/\/skaitytaknyga.lt\/#website\"},\"primaryImageOfPage\":{\"@id\":\"https:\/\/skaitytaknyga.lt\/produktas\/carlos-maria-dominguez-popierinis-namas\/#primaryimage\"},\"image\":{\"@id\":\"https:\/\/skaitytaknyga.lt\/produktas\/carlos-maria-dominguez-popierinis-namas\/#primaryimage\"},\"thumbnailUrl\":\"https:\/\/skaitytaknyga.lt\/wp-content\/uploads\/2024\/04\/000000000001101824-59de830719f1e-asset-knyguklubas-cdb_popierinis_namas_p1.jpg\",\"datePublished\":\"2024-04-17T13:07:14+00:00\",\"dateModified\":\"2026-03-05T14:00:56+00:00\",\"description\":\"M\u012fslinga mirtis. Bluma Lenon, Kembrid\u017eo universiteto d\u0117stytoja, tampa knygos auka, kai, \u012fsigilinusi \u012f Emily Dickinson eiles, pakli\u016bva po automobilio\",\"breadcrumb\":{\"@id\":\"https:\/\/skaitytaknyga.lt\/produktas\/carlos-maria-dominguez-popierinis-namas\/#breadcrumb\"},\"inLanguage\":\"en-GB\",\"potentialAction\":[{\"@type\":\"ReadAction\",\"target\":[\"https:\/\/skaitytaknyga.lt\/produktas\/carlos-maria-dominguez-popierinis-namas\/\"]}]},{\"@type\":\"ImageObject\",\"inLanguage\":\"en-GB\",\"@id\":\"https:\/\/skaitytaknyga.lt\/produktas\/carlos-maria-dominguez-popierinis-namas\/#primaryimage\",\"url\":\"https:\/\/skaitytaknyga.lt\/wp-content\/uploads\/2024\/04\/000000000001101824-59de830719f1e-asset-knyguklubas-cdb_popierinis_namas_p1.jpg\",\"contentUrl\":\"https:\/\/skaitytaknyga.lt\/wp-content\/uploads\/2024\/04\/000000000001101824-59de830719f1e-asset-knyguklubas-cdb_popierinis_namas_p1.jpg\",\"width\":285,\"height\":421,\"caption\":\"000000000001101824 59de830719f1e asset knyguklubas cdb popierinis namas p1\"},{\"@type\":\"BreadcrumbList\",\"@id\":\"https:\/\/skaitytaknyga.lt\/produktas\/carlos-maria-dominguez-popierinis-namas\/#breadcrumb\",\"itemListElement\":[{\"@type\":\"ListItem\",\"position\":1,\"name\":\"Home\",\"item\":\"https:\/\/skaitytaknyga.lt\/\"},{\"@type\":\"ListItem\",\"position\":2,\"name\":\"Parduotuv\u0117\",\"item\":\"https:\/\/skaitytaknyga.lt\/knygu-parduotuve\/\"},{\"@type\":\"ListItem\",\"position\":3,\"name\":\"Popierinis namas\"}]},{\"@type\":\"WebSite\",\"@id\":\"https:\/\/skaitytaknyga.lt\/#website\",\"url\":\"https:\/\/skaitytaknyga.lt\/\",\"name\":\"skaitytaknyga.lt\",\"description\":\"Skaitytaknyga.lt \u2013 tai ma\u017eas \u0161eimos verslas, kuris prasid\u0117jo nuo meil\u0117s knygoms ir siekio i\u0161gelb\u0117ti knygas nuo likimo prie konteinerio. Kas vienam nereikalingas daiktas \u2013 kitam lobis, o mes esame tarpininkai, kurie padeda abiems tapti laimingesniems ???? \u017dinome kaip nelengva i\u0161gyventi ma\u017eiems verslams, tad nuo \u0161iol, \u010dia rasite ir kit\u0173, ma\u017e\u0173 \u0161eim\u0173 versl\u0173, rank\u0173 darbo, dovan\u0173 sau ir artimiesiems.\",\"publisher\":{\"@id\":\"https:\/\/skaitytaknyga.lt\/#organization\"},\"potentialAction\":[{\"@type\":\"SearchAction\",\"target\":{\"@type\":\"EntryPoint\",\"urlTemplate\":\"https:\/\/skaitytaknyga.lt\/?s={search_term_string}\"},\"query-input\":{\"@type\":\"PropertyValueSpecification\",\"valueRequired\":true,\"valueName\":\"search_term_string\"}}],\"inLanguage\":\"en-GB\"},{\"@type\":\"Organization\",\"@id\":\"https:\/\/skaitytaknyga.lt\/#organization\",\"name\":\"skaitytaknyga.lt\",\"url\":\"https:\/\/skaitytaknyga.lt\/\",\"logo\":{\"@type\":\"ImageObject\",\"inLanguage\":\"en-GB\",\"@id\":\"https:\/\/skaitytaknyga.lt\/#\/schema\/logo\/image\/\",\"url\":\"https:\/\/skaitytaknyga.lt\/wp-content\/uploads\/2024\/05\/cropped-cropped-cropped-02_00843_jt3bggkj1j3HLc7SyY6rEUpg.jpeg\",\"contentUrl\":\"https:\/\/skaitytaknyga.lt\/wp-content\/uploads\/2024\/05\/cropped-cropped-cropped-02_00843_jt3bggkj1j3HLc7SyY6rEUpg.jpeg\",\"width\":1600,\"height\":1600,\"caption\":\"skaitytaknyga.lt\"},\"image\":{\"@id\":\"https:\/\/skaitytaknyga.lt\/#\/schema\/logo\/image\/\"},\"sameAs\":[\"https:\/\/www.facebook.com\/skaitytaknyga\/\"]}]}<\/script>\n<!-- \/ Yoast SEO plugin. -->","yoast_head_json":{"title":"Popierinis namas","description":"M\u012fslinga mirtis. Bluma Lenon, Kembrid\u017eo universiteto d\u0117stytoja, tampa knygos auka, kai, \u012fsigilinusi \u012f Emily Dickinson eiles, pakli\u016bva po automobilio","robots":{"index":"index","follow":"follow","max-snippet":"max-snippet:-1","max-image-preview":"max-image-preview:large","max-video-preview":"max-video-preview:-1"},"canonical":"https:\/\/skaitytaknyga.lt\/en\/produktas\/carlos-maria-dominguez-popierinis-namas\/","og_locale":"en_GB","og_type":"article","og_title":"[:lt]Popierinis namas[:] - Skaitytaknyga","og_description":"M\u012fslinga mirtis. Bluma Lenon, Kembrid\u017eo universiteto d\u0117stytoja, tampa knygos auka, kai, \u012fsigilinusi \u012f Emily Dickinson eiles, pakli\u016bva po automobilio","og_url":"https:\/\/skaitytaknyga.lt\/en\/produktas\/carlos-maria-dominguez-popierinis-namas\/","og_site_name":"Skaitytaknyga","article_publisher":"https:\/\/www.facebook.com\/skaitytaknyga\/","article_modified_time":"2026-03-05T14:00:56+00:00","og_image":[{"width":285,"height":421,"url":"https:\/\/skaitytaknyga.lt\/wp-content\/uploads\/2024\/04\/000000000001101824-59de830719f1e-asset-knyguklubas-cdb_popierinis_namas_p1.jpg","type":"image\/jpeg"}],"twitter_card":"summary_large_image","twitter_misc":{"Estimated reading time":"1 minute"},"schema":{"@context":"https:\/\/schema.org","@graph":[{"@type":"WebPage","@id":"https:\/\/skaitytaknyga.lt\/produktas\/carlos-maria-dominguez-popierinis-namas\/","url":"https:\/\/skaitytaknyga.lt\/produktas\/carlos-maria-dominguez-popierinis-namas\/","name":"Popierinis namas","isPartOf":{"@id":"https:\/\/skaitytaknyga.lt\/#website"},"primaryImageOfPage":{"@id":"https:\/\/skaitytaknyga.lt\/produktas\/carlos-maria-dominguez-popierinis-namas\/#primaryimage"},"image":{"@id":"https:\/\/skaitytaknyga.lt\/produktas\/carlos-maria-dominguez-popierinis-namas\/#primaryimage"},"thumbnailUrl":"https:\/\/skaitytaknyga.lt\/wp-content\/uploads\/2024\/04\/000000000001101824-59de830719f1e-asset-knyguklubas-cdb_popierinis_namas_p1.jpg","datePublished":"2024-04-17T13:07:14+00:00","dateModified":"2026-03-05T14:00:56+00:00","description":"M\u012fslinga mirtis. Bluma Lenon, Kembrid\u017eo universiteto d\u0117stytoja, tampa knygos auka, kai, \u012fsigilinusi \u012f Emily Dickinson eiles, pakli\u016bva po automobilio","breadcrumb":{"@id":"https:\/\/skaitytaknyga.lt\/produktas\/carlos-maria-dominguez-popierinis-namas\/#breadcrumb"},"inLanguage":"en-GB","potentialAction":[{"@type":"ReadAction","target":["https:\/\/skaitytaknyga.lt\/produktas\/carlos-maria-dominguez-popierinis-namas\/"]}]},{"@type":"ImageObject","inLanguage":"en-GB","@id":"https:\/\/skaitytaknyga.lt\/produktas\/carlos-maria-dominguez-popierinis-namas\/#primaryimage","url":"https:\/\/skaitytaknyga.lt\/wp-content\/uploads\/2024\/04\/000000000001101824-59de830719f1e-asset-knyguklubas-cdb_popierinis_namas_p1.jpg","contentUrl":"https:\/\/skaitytaknyga.lt\/wp-content\/uploads\/2024\/04\/000000000001101824-59de830719f1e-asset-knyguklubas-cdb_popierinis_namas_p1.jpg","width":285,"height":421,"caption":"000000000001101824 59de830719f1e asset knyguklubas cdb popierinis namas p1"},{"@type":"BreadcrumbList","@id":"https:\/\/skaitytaknyga.lt\/produktas\/carlos-maria-dominguez-popierinis-namas\/#breadcrumb","itemListElement":[{"@type":"ListItem","position":1,"name":"Home","item":"https:\/\/skaitytaknyga.lt\/"},{"@type":"ListItem","position":2,"name":"Parduotuv\u0117","item":"https:\/\/skaitytaknyga.lt\/knygu-parduotuve\/"},{"@type":"ListItem","position":3,"name":"Popierinis namas"}]},{"@type":"WebSite","@id":"https:\/\/skaitytaknyga.lt\/#website","url":"https:\/\/skaitytaknyga.lt\/","name":"skaitytaknyga.lt","description":"Skaitytaknyga.lt \u2013 tai ma\u017eas \u0161eimos verslas, kuris prasid\u0117jo nuo meil\u0117s knygoms ir siekio i\u0161gelb\u0117ti knygas nuo likimo prie konteinerio. Kas vienam nereikalingas daiktas \u2013 kitam lobis, o mes esame tarpininkai, kurie padeda abiems tapti laimingesniems ???? \u017dinome kaip nelengva i\u0161gyventi ma\u017eiems verslams, tad nuo \u0161iol, \u010dia rasite ir kit\u0173, ma\u017e\u0173 \u0161eim\u0173 versl\u0173, rank\u0173 darbo, dovan\u0173 sau ir artimiesiems.","publisher":{"@id":"https:\/\/skaitytaknyga.lt\/#organization"},"potentialAction":[{"@type":"SearchAction","target":{"@type":"EntryPoint","urlTemplate":"https:\/\/skaitytaknyga.lt\/?s={search_term_string}"},"query-input":{"@type":"PropertyValueSpecification","valueRequired":true,"valueName":"search_term_string"}}],"inLanguage":"en-GB"},{"@type":"Organization","@id":"https:\/\/skaitytaknyga.lt\/#organization","name":"skaitytaknyga.lt","url":"https:\/\/skaitytaknyga.lt\/","logo":{"@type":"ImageObject","inLanguage":"en-GB","@id":"https:\/\/skaitytaknyga.lt\/#\/schema\/logo\/image\/","url":"https:\/\/skaitytaknyga.lt\/wp-content\/uploads\/2024\/05\/cropped-cropped-cropped-02_00843_jt3bggkj1j3HLc7SyY6rEUpg.jpeg","contentUrl":"https:\/\/skaitytaknyga.lt\/wp-content\/uploads\/2024\/05\/cropped-cropped-cropped-02_00843_jt3bggkj1j3HLc7SyY6rEUpg.jpeg","width":1600,"height":1600,"caption":"skaitytaknyga.lt"},"image":{"@id":"https:\/\/skaitytaknyga.lt\/#\/schema\/logo\/image\/"},"sameAs":["https:\/\/www.facebook.com\/skaitytaknyga\/"]}]}},"_links":{"self":[{"href":"https:\/\/skaitytaknyga.lt\/en\/wp-json\/wp\/v2\/product\/2296","targetHints":{"allow":["GET"]}}],"collection":[{"href":"https:\/\/skaitytaknyga.lt\/en\/wp-json\/wp\/v2\/product"}],"about":[{"href":"https:\/\/skaitytaknyga.lt\/en\/wp-json\/wp\/v2\/types\/product"}],"replies":[{"embeddable":true,"href":"https:\/\/skaitytaknyga.lt\/en\/wp-json\/wp\/v2\/comments?post=2296"}],"wp:featuredmedia":[{"embeddable":true,"href":"https:\/\/skaitytaknyga.lt\/en\/wp-json\/wp\/v2\/media\/2337"}],"wp:attachment":[{"href":"https:\/\/skaitytaknyga.lt\/en\/wp-json\/wp\/v2\/media?parent=2296"}],"wp:term":[{"taxonomy":"product_brand","embeddable":true,"href":"https:\/\/skaitytaknyga.lt\/en\/wp-json\/wp\/v2\/product_brand?post=2296"},{"taxonomy":"product_cat","embeddable":true,"href":"https:\/\/skaitytaknyga.lt\/en\/wp-json\/wp\/v2\/product_cat?post=2296"},{"taxonomy":"product_tag","embeddable":true,"href":"https:\/\/skaitytaknyga.lt\/en\/wp-json\/wp\/v2\/product_tag?post=2296"}],"curies":[{"name":"wp","href":"https:\/\/api.w.org\/{rel}","templated":true}]}}