{"id":22959,"date":"2026-02-04T14:58:18","date_gmt":"2026-02-04T12:58:18","guid":{"rendered":"https:\/\/skaitytaknyga.lt\/?post_type=product&#038;p=22959"},"modified":"2026-02-26T09:56:11","modified_gmt":"2026-02-26T07:56:11","slug":"kunigaikstis-geologas-antanas-karolis-giedraitis","status":"publish","type":"product","link":"https:\/\/skaitytaknyga.lt\/en\/produktas\/kunigaikstis-geologas-antanas-karolis-giedraitis\/","title":{"rendered":"KUNIGAIK\u0160TIS GEOLOGAS ANTANAS KAROLIS GIEDRAITIS"},"content":{"rendered":"<p>Vilniaus rajono Mai\u0161iagalos seni\u016bnijoje, buvusiame Karvio dvare 1848 m.<br \/>\nvasario 20 d. yra gim\u0119s ir Karvio kapin\u0117se palaidotas, taip pat netolimame Antanave gyven\u0119s bei \u016bkininkav\u0119s kunigaik\u0161tis geologas Antanas Karolis Giedraitis<br \/>\n(Antoni Karol Giedroy\u0107). A. K. Giedraitis (1848\u20131909) yra i\u0161 garsios kunigaik\u0161\u010di\u0173 gimin\u0117s, studijavo geologijos mokslus Freibergo kalnakasybos akademijoje<br \/>\n(Vokietijoje) ir Tartu (Dorpato, Estijoje) universitete, bendradarbiavo su Sankt<br \/>\nPeterburgo mineralog\u0173 draugija, Rusijos geograf\u0173 draugija ir Rusijos geologijos<br \/>\nkomitetu, tyrin\u0117jo Vilniaus, Kauno, Gardino, Minsko, Suvalk\u0173 gubernij\u0173 geologin\u0119 sandar\u0105, dirbo Turkm\u0117nijoje ir Ryt\u0173 Sibire (U\u017ebaikal\u0117je). A. K. Giedraitis yra<br \/>\nlaikomas pirmuoju profesionaliu geologin\u0117s kartografijos pradininku Lietuvoje,<br \/>\nsudar\u0119s verting\u0105 didelio regiono geologin\u012f \u017eem\u0117lap\u012f, apra\u0161\u0119s v\u0117liau i\u0161gars\u0117jusius<br \/>\ngr\u0119\u017eini\u0173 ir atodang\u0173 pj\u016bvius, g\u0117lo ir mineralinio vandens \u0161altinius. Jo mokslin\u0117s<br \/>\npublikacijos yra paskelbtos vokie\u010di\u0173, lenk\u0173 ir rus\u0173 kalbomis, o tyrim\u0173 rezultatai<br \/>\niki \u0161iol aptariami ir cituojami leidiniuose vokie\u010di\u0173, pranc\u016bz\u0173, angl\u0173, rus\u0173, lenk\u0173,<br \/>\nlietuvi\u0173 kalbomis. \u0160io rinkinio straipsniai suskirstyti \u012f keturias temines grupes.<br \/>\nTai XIX a. geologinio pa\u017einimo pradmenys Lietuvoje, pirmieji profesionalaus<br \/>\ngeologinio kartografavimo darbai ir jiems pa\u0161v\u0119stas A. K. Giedrai\u010dio gyvenimo<br \/>\nkelias, sulauk\u0119s b\u016bsim\u0173 kart\u0173 teigiamo vertinimo. Tod\u0117l didelis d\u0117mesys skirtas<br \/>\njo \u0161eimos ir t\u0117vi\u0161k\u0117s gimtajame Karvyje aptarimui, \u012fsijungiant \u017eymiojo geologo<br \/>\nprovaikai\u010diui Karoliui Marija Giedrai\u010diui (Karol Maria Giedroy\u0107), \u0161iuo metu gyvenan\u010diam Kanadoje. Atidaus vertinimo susilauk\u0117 A. K. Giedrai\u010dio geologiniai<br \/>\ntyrimai Lietuvoje ir gretimuose kra\u0161tuose. Trys straipsniai skirti jo darbams tolimose \u0161alyse \u2013 Turkm\u0117nijoje ir Ryt\u0173 Sibire (U\u017ebaikal\u0117je)<\/p>\n","protected":false},"excerpt":{"rendered":"<p>Vilniaus rajono Mai\u0161iagalos seni\u016bnijoje, buvusiame Karvio dvare 1848 m. vasario 20 d. yra gim\u0119s ir Karvio kapin\u0117se palaidotas, taip pat netolimame Antanave gyven\u0119s bei \u016bkininkav\u0119s kunigaik\u0161tis geologas Antanas Karolis Giedraitis (Antoni Karol Giedroy\u0107). A. K. Giedraitis (1848\u20131909) yra i\u0161 garsios kunigaik\u0161\u010di\u0173 gimin\u0117s, studijavo geologijos mokslus Freibergo kalnakasybos akademijoje (Vokietijoje) ir Tartu (Dorpato, Estijoje) universitete, bendradarbiavo su Sankt Peterburgo mineralog\u0173 draugija, Rusijos geograf\u0173 draugija ir Rusijos geologijos komitetu, tyrin\u0117jo Vilniaus, Kauno, Gardino, Minsko, Suvalk\u0173 gubernij\u0173 geologin\u0119 sandar\u0105, dirbo Turkm\u0117nijoje ir Ryt\u0173 Sibire (U\u017ebaikal\u0117je). A. K. Giedraitis yra laikomas pirmuoju profesionaliu geologin\u0117s kartografijos pradininku Lietuvoje, sudar\u0119s verting\u0105 didelio regiono geologin\u012f \u017eem\u0117lap\u012f, apra\u0161\u0119s v\u0117liau i\u0161gars\u0117jusius gr\u0119\u017eini\u0173 ir atodang\u0173 pj\u016bvius, g\u0117lo ir mineralinio vandens \u0161altinius. Jo mokslin\u0117s publikacijos yra paskelbtos vokie\u010di\u0173, lenk\u0173 ir rus\u0173 kalbomis, o tyrim\u0173 rezultatai iki \u0161iol aptariami ir cituojami leidiniuose vokie\u010di\u0173, pranc\u016bz\u0173, angl\u0173, rus\u0173, lenk\u0173, lietuvi\u0173 kalbomis. \u0160io rinkinio straipsniai suskirstyti \u012f keturias temines grupes. Tai XIX a. geologinio pa\u017einimo pradmenys Lietuvoje, pirmieji profesionalaus geologinio kartografavimo darbai ir jiems pa\u0161v\u0119stas A. K. Giedrai\u010dio gyvenimo kelias, sulauk\u0119s b\u016bsim\u0173 kart\u0173 teigiamo vertinimo. Tod\u0117l didelis d\u0117mesys skirtas jo \u0161eimos ir t\u0117vi\u0161k\u0117s gimtajame Karvyje aptarimui, \u012fsijungiant \u017eymiojo geologo provaikai\u010diui Karoliui Marija Giedrai\u010diui (Karol Maria Giedroy\u0107), \u0161iuo metu gyvenan\u010diam Kanadoje. Atidaus vertinimo susilauk\u0117 A. K. Giedrai\u010dio geologiniai tyrimai Lietuvoje ir gretimuose kra\u0161tuose. Trys straipsniai skirti jo darbams tolimose \u0161alyse \u2013 Turkm\u0117nijoje ir Ryt\u0173 Sibire (U\u017ebaikal\u0117je)<\/p>\n","protected":false},"featured_media":22974,"comment_status":"open","ping_status":"closed","template":"","meta":{"_acf_changed":false,"site-sidebar-layout":"default","site-content-layout":"","ast-site-content-layout":"default","site-content-style":"default","site-sidebar-style":"default","ast-global-header-display":"","ast-banner-title-visibility":"","ast-main-header-display":"","ast-hfb-above-header-display":"","ast-hfb-below-header-display":"","ast-hfb-mobile-header-display":"","site-post-title":"","ast-breadcrumbs-content":"","ast-featured-img":"","footer-sml-layout":"","ast-disable-related-posts":"","theme-transparent-header-meta":"","adv-header-id-meta":"","stick-header-meta":"","header-above-stick-meta":"","header-main-stick-meta":"","header-below-stick-meta":"","astra-migrate-meta-layouts":"default","ast-page-background-enabled":"default","ast-page-background-meta":{"desktop":{"background-color":"","background-image":"","background-repeat":"repeat","background-position":"center center","background-size":"auto","background-attachment":"scroll","background-type":"","background-media":"","overlay-type":"","overlay-color":"","overlay-opacity":"","overlay-gradient":""},"tablet":{"background-color":"","background-image":"","background-repeat":"repeat","background-position":"center center","background-size":"auto","background-attachment":"scroll","background-type":"","background-media":"","overlay-type":"","overlay-color":"","overlay-opacity":"","overlay-gradient":""},"mobile":{"background-color":"","background-image":"","background-repeat":"repeat","background-position":"center center","background-size":"auto","background-attachment":"scroll","background-type":"","background-media":"","overlay-type":"","overlay-color":"","overlay-opacity":"","overlay-gradient":""}},"ast-content-background-meta":{"desktop":{"background-color":"var(--ast-global-color-4)","background-image":"","background-repeat":"repeat","background-position":"center center","background-size":"auto","background-attachment":"scroll","background-type":"","background-media":"","overlay-type":"","overlay-color":"","overlay-opacity":"","overlay-gradient":""},"tablet":{"background-color":"var(--ast-global-color-4)","background-image":"","background-repeat":"repeat","background-position":"center center","background-size":"auto","background-attachment":"scroll","background-type":"","background-media":"","overlay-type":"","overlay-color":"","overlay-opacity":"","overlay-gradient":""},"mobile":{"background-color":"var(--ast-global-color-4)","background-image":"","background-repeat":"repeat","background-position":"center center","background-size":"auto","background-attachment":"scroll","background-type":"","background-media":"","overlay-type":"","overlay-color":"","overlay-opacity":"","overlay-gradient":""}}},"product_brand":[],"product_cat":[174],"product_tag":[],"class_list":{"0":"post-22959","1":"product","2":"type-product","3":"status-publish","4":"has-post-thumbnail","6":"product_cat-istorija-ir-politologija","7":"desktop-align-left","8":"tablet-align-left","9":"mobile-align-left","11":"first","12":"instock","13":"shipping-taxable","14":"purchasable","15":"product-type-simple"},"acf":[],"yoast_head":"<!-- This site is optimized with the Yoast SEO plugin v27.0 - https:\/\/yoast.com\/product\/yoast-seo-wordpress\/ -->\n<title>KUNIGAIK\u0160TIS GEOLOGAS ANTANAS KAROLIS GIEDRAITIS<\/title>\n<meta name=\"description\" content=\"Vilniaus rajono Mai\u0161iagalos seni\u016bnijoje, buvusiame Karvio dvare 1848 m. vasario 20 d. yra gim\u0119s ir Karvio kapin\u0117se palaidotas, taip pat netolimame\" \/>\n<meta name=\"robots\" content=\"index, follow, max-snippet:-1, max-image-preview:large, max-video-preview:-1\" \/>\n<link rel=\"canonical\" href=\"https:\/\/skaitytaknyga.lt\/en\/produktas\/kunigaikstis-geologas-antanas-karolis-giedraitis\/\" \/>\n<meta property=\"og:locale\" content=\"en_GB\" \/>\n<meta property=\"og:locale:alternate\" content=\"lt_LT\" \/>\n<meta property=\"og:type\" content=\"article\" \/>\n<meta property=\"og:title\" content=\"KUNIGAIK\u0160TIS GEOLOGAS ANTANAS KAROLIS GIEDRAITIS\" \/>\n<meta property=\"og:description\" content=\"Vilniaus rajono Mai\u0161iagalos seni\u016bnijoje, buvusiame Karvio dvare 1848 m. vasario 20 d. yra gim\u0119s ir Karvio kapin\u0117se palaidotas, taip pat netolimame\" \/>\n<meta property=\"og:url\" content=\"https:\/\/skaitytaknyga.lt\/en\/produktas\/kunigaikstis-geologas-antanas-karolis-giedraitis\/\" \/>\n<meta property=\"og:site_name\" content=\"Skaitytaknyga\" \/>\n<meta property=\"article:publisher\" content=\"https:\/\/www.facebook.com\/skaitytaknyga\/\" \/>\n<meta property=\"article:modified_time\" content=\"2026-02-26T07:56:11+00:00\" \/>\n<meta property=\"og:image\" content=\"https:\/\/skaitytaknyga.lt\/wp-content\/uploads\/2026\/02\/images.jpg\" \/>\n\t<meta property=\"og:image:width\" content=\"189\" \/>\n\t<meta property=\"og:image:height\" content=\"267\" \/>\n\t<meta property=\"og:image:type\" content=\"image\/jpeg\" \/>\n<meta name=\"twitter:card\" content=\"summary_large_image\" \/>\n<meta name=\"twitter:label1\" content=\"Estimated reading time\" \/>\n\t<meta name=\"twitter:data1\" content=\"1 minute\" \/>\n<script type=\"application\/ld+json\" class=\"yoast-schema-graph\">{\"@context\":\"https:\/\/schema.org\",\"@graph\":[{\"@type\":\"WebPage\",\"@id\":\"https:\/\/skaitytaknyga.lt\/produktas\/kunigaikstis-geologas-antanas-karolis-giedraitis\/\",\"url\":\"https:\/\/skaitytaknyga.lt\/produktas\/kunigaikstis-geologas-antanas-karolis-giedraitis\/\",\"name\":\"KUNIGAIK\u0160TIS GEOLOGAS ANTANAS KAROLIS GIEDRAITIS\",\"isPartOf\":{\"@id\":\"https:\/\/skaitytaknyga.lt\/#website\"},\"primaryImageOfPage\":{\"@id\":\"https:\/\/skaitytaknyga.lt\/produktas\/kunigaikstis-geologas-antanas-karolis-giedraitis\/#primaryimage\"},\"image\":{\"@id\":\"https:\/\/skaitytaknyga.lt\/produktas\/kunigaikstis-geologas-antanas-karolis-giedraitis\/#primaryimage\"},\"thumbnailUrl\":\"https:\/\/skaitytaknyga.lt\/wp-content\/uploads\/2026\/02\/images.jpg\",\"datePublished\":\"2026-02-04T12:58:18+00:00\",\"dateModified\":\"2026-02-26T07:56:11+00:00\",\"description\":\"Vilniaus rajono Mai\u0161iagalos seni\u016bnijoje, buvusiame Karvio dvare 1848 m. vasario 20 d. yra gim\u0119s ir Karvio kapin\u0117se palaidotas, taip pat netolimame\",\"breadcrumb\":{\"@id\":\"https:\/\/skaitytaknyga.lt\/produktas\/kunigaikstis-geologas-antanas-karolis-giedraitis\/#breadcrumb\"},\"inLanguage\":\"en-GB\",\"potentialAction\":[{\"@type\":\"ReadAction\",\"target\":[\"https:\/\/skaitytaknyga.lt\/produktas\/kunigaikstis-geologas-antanas-karolis-giedraitis\/\"]}]},{\"@type\":\"ImageObject\",\"inLanguage\":\"en-GB\",\"@id\":\"https:\/\/skaitytaknyga.lt\/produktas\/kunigaikstis-geologas-antanas-karolis-giedraitis\/#primaryimage\",\"url\":\"https:\/\/skaitytaknyga.lt\/wp-content\/uploads\/2026\/02\/images.jpg\",\"contentUrl\":\"https:\/\/skaitytaknyga.lt\/wp-content\/uploads\/2026\/02\/images.jpg\",\"width\":189,\"height\":267,\"caption\":\"KUNIGAIK\u0160TIS GEOLOGAS ANTANAS KAROLIS GIEDRAITIS\"},{\"@type\":\"BreadcrumbList\",\"@id\":\"https:\/\/skaitytaknyga.lt\/produktas\/kunigaikstis-geologas-antanas-karolis-giedraitis\/#breadcrumb\",\"itemListElement\":[{\"@type\":\"ListItem\",\"position\":1,\"name\":\"Home\",\"item\":\"https:\/\/skaitytaknyga.lt\/\"},{\"@type\":\"ListItem\",\"position\":2,\"name\":\"Parduotuv\u0117\",\"item\":\"https:\/\/skaitytaknyga.lt\/knygu-parduotuve\/\"},{\"@type\":\"ListItem\",\"position\":3,\"name\":\"KUNIGAIK\u0160TIS GEOLOGAS ANTANAS KAROLIS GIEDRAITIS\"}]},{\"@type\":\"WebSite\",\"@id\":\"https:\/\/skaitytaknyga.lt\/#website\",\"url\":\"https:\/\/skaitytaknyga.lt\/\",\"name\":\"skaitytaknyga.lt\",\"description\":\"Skaitytaknyga.lt \u2013 tai ma\u017eas \u0161eimos verslas, kuris prasid\u0117jo nuo meil\u0117s knygoms ir siekio i\u0161gelb\u0117ti knygas nuo likimo prie konteinerio. Kas vienam nereikalingas daiktas \u2013 kitam lobis, o mes esame tarpininkai, kurie padeda abiems tapti laimingesniems ???? \u017dinome kaip nelengva i\u0161gyventi ma\u017eiems verslams, tad nuo \u0161iol, \u010dia rasite ir kit\u0173, ma\u017e\u0173 \u0161eim\u0173 versl\u0173, rank\u0173 darbo, dovan\u0173 sau ir artimiesiems.\",\"publisher\":{\"@id\":\"https:\/\/skaitytaknyga.lt\/#organization\"},\"potentialAction\":[{\"@type\":\"SearchAction\",\"target\":{\"@type\":\"EntryPoint\",\"urlTemplate\":\"https:\/\/skaitytaknyga.lt\/?s={search_term_string}\"},\"query-input\":{\"@type\":\"PropertyValueSpecification\",\"valueRequired\":true,\"valueName\":\"search_term_string\"}}],\"inLanguage\":\"en-GB\"},{\"@type\":\"Organization\",\"@id\":\"https:\/\/skaitytaknyga.lt\/#organization\",\"name\":\"skaitytaknyga.lt\",\"url\":\"https:\/\/skaitytaknyga.lt\/\",\"logo\":{\"@type\":\"ImageObject\",\"inLanguage\":\"en-GB\",\"@id\":\"https:\/\/skaitytaknyga.lt\/#\/schema\/logo\/image\/\",\"url\":\"https:\/\/skaitytaknyga.lt\/wp-content\/uploads\/2024\/05\/cropped-cropped-cropped-02_00843_jt3bggkj1j3HLc7SyY6rEUpg.jpeg\",\"contentUrl\":\"https:\/\/skaitytaknyga.lt\/wp-content\/uploads\/2024\/05\/cropped-cropped-cropped-02_00843_jt3bggkj1j3HLc7SyY6rEUpg.jpeg\",\"width\":1600,\"height\":1600,\"caption\":\"skaitytaknyga.lt\"},\"image\":{\"@id\":\"https:\/\/skaitytaknyga.lt\/#\/schema\/logo\/image\/\"},\"sameAs\":[\"https:\/\/www.facebook.com\/skaitytaknyga\/\"]}]}<\/script>\n<!-- \/ Yoast SEO plugin. -->","yoast_head_json":{"title":"KUNIGAIK\u0160TIS GEOLOGAS ANTANAS KAROLIS GIEDRAITIS","description":"Vilniaus rajono Mai\u0161iagalos seni\u016bnijoje, buvusiame Karvio dvare 1848 m. vasario 20 d. yra gim\u0119s ir Karvio kapin\u0117se palaidotas, taip pat netolimame","robots":{"index":"index","follow":"follow","max-snippet":"max-snippet:-1","max-image-preview":"max-image-preview:large","max-video-preview":"max-video-preview:-1"},"canonical":"https:\/\/skaitytaknyga.lt\/en\/produktas\/kunigaikstis-geologas-antanas-karolis-giedraitis\/","og_locale":"en_GB","og_type":"article","og_title":"[:lt]KUNIGAIK\u0160TIS GEOLOGAS ANTANAS KAROLIS GIEDRAITIS[:] - Skaitytaknyga","og_description":"Vilniaus rajono Mai\u0161iagalos seni\u016bnijoje, buvusiame Karvio dvare 1848 m. vasario 20 d. yra gim\u0119s ir Karvio kapin\u0117se palaidotas, taip pat netolimame","og_url":"https:\/\/skaitytaknyga.lt\/en\/produktas\/kunigaikstis-geologas-antanas-karolis-giedraitis\/","og_site_name":"Skaitytaknyga","article_publisher":"https:\/\/www.facebook.com\/skaitytaknyga\/","article_modified_time":"2026-02-26T07:56:11+00:00","og_image":[{"width":189,"height":267,"url":"https:\/\/skaitytaknyga.lt\/wp-content\/uploads\/2026\/02\/images.jpg","type":"image\/jpeg"}],"twitter_card":"summary_large_image","twitter_misc":{"Estimated reading time":"1 minute"},"schema":{"@context":"https:\/\/schema.org","@graph":[{"@type":"WebPage","@id":"https:\/\/skaitytaknyga.lt\/produktas\/kunigaikstis-geologas-antanas-karolis-giedraitis\/","url":"https:\/\/skaitytaknyga.lt\/produktas\/kunigaikstis-geologas-antanas-karolis-giedraitis\/","name":"KUNIGAIK\u0160TIS GEOLOGAS ANTANAS KAROLIS GIEDRAITIS","isPartOf":{"@id":"https:\/\/skaitytaknyga.lt\/#website"},"primaryImageOfPage":{"@id":"https:\/\/skaitytaknyga.lt\/produktas\/kunigaikstis-geologas-antanas-karolis-giedraitis\/#primaryimage"},"image":{"@id":"https:\/\/skaitytaknyga.lt\/produktas\/kunigaikstis-geologas-antanas-karolis-giedraitis\/#primaryimage"},"thumbnailUrl":"https:\/\/skaitytaknyga.lt\/wp-content\/uploads\/2026\/02\/images.jpg","datePublished":"2026-02-04T12:58:18+00:00","dateModified":"2026-02-26T07:56:11+00:00","description":"Vilniaus rajono Mai\u0161iagalos seni\u016bnijoje, buvusiame Karvio dvare 1848 m. vasario 20 d. yra gim\u0119s ir Karvio kapin\u0117se palaidotas, taip pat netolimame","breadcrumb":{"@id":"https:\/\/skaitytaknyga.lt\/produktas\/kunigaikstis-geologas-antanas-karolis-giedraitis\/#breadcrumb"},"inLanguage":"en-GB","potentialAction":[{"@type":"ReadAction","target":["https:\/\/skaitytaknyga.lt\/produktas\/kunigaikstis-geologas-antanas-karolis-giedraitis\/"]}]},{"@type":"ImageObject","inLanguage":"en-GB","@id":"https:\/\/skaitytaknyga.lt\/produktas\/kunigaikstis-geologas-antanas-karolis-giedraitis\/#primaryimage","url":"https:\/\/skaitytaknyga.lt\/wp-content\/uploads\/2026\/02\/images.jpg","contentUrl":"https:\/\/skaitytaknyga.lt\/wp-content\/uploads\/2026\/02\/images.jpg","width":189,"height":267,"caption":"KUNIGAIK\u0160TIS GEOLOGAS ANTANAS KAROLIS GIEDRAITIS"},{"@type":"BreadcrumbList","@id":"https:\/\/skaitytaknyga.lt\/produktas\/kunigaikstis-geologas-antanas-karolis-giedraitis\/#breadcrumb","itemListElement":[{"@type":"ListItem","position":1,"name":"Home","item":"https:\/\/skaitytaknyga.lt\/"},{"@type":"ListItem","position":2,"name":"Parduotuv\u0117","item":"https:\/\/skaitytaknyga.lt\/knygu-parduotuve\/"},{"@type":"ListItem","position":3,"name":"KUNIGAIK\u0160TIS GEOLOGAS ANTANAS KAROLIS GIEDRAITIS"}]},{"@type":"WebSite","@id":"https:\/\/skaitytaknyga.lt\/#website","url":"https:\/\/skaitytaknyga.lt\/","name":"skaitytaknyga.lt","description":"Skaitytaknyga.lt \u2013 tai ma\u017eas \u0161eimos verslas, kuris prasid\u0117jo nuo meil\u0117s knygoms ir siekio i\u0161gelb\u0117ti knygas nuo likimo prie konteinerio. Kas vienam nereikalingas daiktas \u2013 kitam lobis, o mes esame tarpininkai, kurie padeda abiems tapti laimingesniems ???? \u017dinome kaip nelengva i\u0161gyventi ma\u017eiems verslams, tad nuo \u0161iol, \u010dia rasite ir kit\u0173, ma\u017e\u0173 \u0161eim\u0173 versl\u0173, rank\u0173 darbo, dovan\u0173 sau ir artimiesiems.","publisher":{"@id":"https:\/\/skaitytaknyga.lt\/#organization"},"potentialAction":[{"@type":"SearchAction","target":{"@type":"EntryPoint","urlTemplate":"https:\/\/skaitytaknyga.lt\/?s={search_term_string}"},"query-input":{"@type":"PropertyValueSpecification","valueRequired":true,"valueName":"search_term_string"}}],"inLanguage":"en-GB"},{"@type":"Organization","@id":"https:\/\/skaitytaknyga.lt\/#organization","name":"skaitytaknyga.lt","url":"https:\/\/skaitytaknyga.lt\/","logo":{"@type":"ImageObject","inLanguage":"en-GB","@id":"https:\/\/skaitytaknyga.lt\/#\/schema\/logo\/image\/","url":"https:\/\/skaitytaknyga.lt\/wp-content\/uploads\/2024\/05\/cropped-cropped-cropped-02_00843_jt3bggkj1j3HLc7SyY6rEUpg.jpeg","contentUrl":"https:\/\/skaitytaknyga.lt\/wp-content\/uploads\/2024\/05\/cropped-cropped-cropped-02_00843_jt3bggkj1j3HLc7SyY6rEUpg.jpeg","width":1600,"height":1600,"caption":"skaitytaknyga.lt"},"image":{"@id":"https:\/\/skaitytaknyga.lt\/#\/schema\/logo\/image\/"},"sameAs":["https:\/\/www.facebook.com\/skaitytaknyga\/"]}]}},"_links":{"self":[{"href":"https:\/\/skaitytaknyga.lt\/en\/wp-json\/wp\/v2\/product\/22959","targetHints":{"allow":["GET"]}}],"collection":[{"href":"https:\/\/skaitytaknyga.lt\/en\/wp-json\/wp\/v2\/product"}],"about":[{"href":"https:\/\/skaitytaknyga.lt\/en\/wp-json\/wp\/v2\/types\/product"}],"replies":[{"embeddable":true,"href":"https:\/\/skaitytaknyga.lt\/en\/wp-json\/wp\/v2\/comments?post=22959"}],"wp:featuredmedia":[{"embeddable":true,"href":"https:\/\/skaitytaknyga.lt\/en\/wp-json\/wp\/v2\/media\/22974"}],"wp:attachment":[{"href":"https:\/\/skaitytaknyga.lt\/en\/wp-json\/wp\/v2\/media?parent=22959"}],"wp:term":[{"taxonomy":"product_brand","embeddable":true,"href":"https:\/\/skaitytaknyga.lt\/en\/wp-json\/wp\/v2\/product_brand?post=22959"},{"taxonomy":"product_cat","embeddable":true,"href":"https:\/\/skaitytaknyga.lt\/en\/wp-json\/wp\/v2\/product_cat?post=22959"},{"taxonomy":"product_tag","embeddable":true,"href":"https:\/\/skaitytaknyga.lt\/en\/wp-json\/wp\/v2\/product_tag?post=22959"}],"curies":[{"name":"wp","href":"https:\/\/api.w.org\/{rel}","templated":true}]}}