{"id":22958,"date":"2026-02-04T14:58:18","date_gmt":"2026-02-04T12:58:18","guid":{"rendered":"https:\/\/skaitytaknyga.lt\/?post_type=product&#038;p=22958"},"modified":"2026-03-18T11:44:41","modified_gmt":"2026-03-18T09:44:41","slug":"scientologija-mastymo-pagrindai","status":"publish","type":"product","link":"https:\/\/skaitytaknyga.lt\/en\/produktas\/scientologija-mastymo-pagrindai\/","title":{"rendered":"Scientologija. M\u0105stymo pagrindai"},"content":{"rendered":"<p>J\u016bs ie\u0161kote praktini\u0173 gyvenimo problem\u0173 sprendim\u0173? J\u016bs juos radote!<\/p>\n<p>Ar gali \u017emogus b\u016bti tikrai laimingas? Ar gali jis \u012fgyti didesn\u012f sav\u0119s ir j\u012f supan\u010dio pasaulio supratim\u0105?<br \/>\nAr \u012fmanoma priart\u0117ti prie toki\u0173 dalyk\u0173 kaip gyvenimas, dvasia ir protas, \u012fgyti tikras, naudingas \u017einias ir paai\u0161kinti, kod\u0117l b\u016btent taip, o ne kitaip yra?<br \/>\nAtsakymas J\u016bs\u0173 rankose.<\/p>\n<p>Perskaitykite \u0161i\u0105 knyg\u0105 &#8220;Scientologija. M\u0105stymo pagrindai&#8221; ir atskleiskite:<\/p>\n<p>\u2022 tikr\u0105j\u012f laim\u0117s \u0161altin\u012f;<br \/>\n\u2022 tris faktorius, kuriais vadovaujantis galima pagerinti tarpusavio santykius;<br \/>\n\u2022 a\u0161tuonias pilnaverti\u0161ko gyvenimo sudedam\u0105sias dalis.<\/p>\n<p>Jeigu J\u016bs nesutinkate su dabartine situacija, jeigu norite surasti gerus sprendimus ir juos panaudoti tam, kad gyvenimas tapt\u0173 geresnis, susipa\u017einkite su Scientologija. M\u0105stykite patys! Su\u017einokite patys!<\/p>\n<p>L. Ronas Habardas &#8211; vienas i\u0161 populiariausi\u0173 autori\u0173. Jo knygos skaitomos visur, be to j\u0173 parduota daugiau nei 120 milijon\u0173 egzempliori\u0173, i\u0161verst\u0173 \u012f 50 pasaulio kalb\u0173. L. R. Habardo atradimai pad\u0117jo milijonams \u017emoni\u0173 pasiekti tikr\u0105j\u0105 laim\u0119 ir laisv\u0119.<\/p>\n","protected":false},"excerpt":{"rendered":"<p>J\u016bs ie\u0161kote praktini\u0173 gyvenimo problem\u0173 sprendim\u0173? J\u016bs juos radote! Ar gali \u017emogus b\u016bti tikrai laimingas? Ar gali jis \u012fgyti didesn\u012f sav\u0119s ir j\u012f supan\u010dio pasaulio supratim\u0105? Ar \u012fmanoma priart\u0117ti prie toki\u0173 dalyk\u0173 kaip gyvenimas, dvasia ir protas, \u012fgyti tikras, naudingas \u017einias ir paai\u0161kinti, kod\u0117l b\u016btent taip, o ne kitaip yra? Atsakymas J\u016bs\u0173 rankose. Perskaitykite \u0161i\u0105 knyg\u0105 &#8220;Scientologija. M\u0105stymo pagrindai&#8221; ir atskleiskite: \u2022 tikr\u0105j\u012f laim\u0117s \u0161altin\u012f; \u2022 tris faktorius, kuriais vadovaujantis galima pagerinti tarpusavio santykius; \u2022 a\u0161tuonias pilnaverti\u0161ko gyvenimo sudedam\u0105sias dalis. Jeigu J\u016bs nesutinkate su dabartine situacija, jeigu norite surasti gerus sprendimus ir juos panaudoti tam, kad gyvenimas tapt\u0173 geresnis, susipa\u017einkite su Scientologija. M\u0105stykite patys! Su\u017einokite patys! L. Ronas Habardas &#8211; vienas i\u0161 populiariausi\u0173 autori\u0173. Jo knygos skaitomos visur, be to j\u0173 parduota daugiau nei 120 milijon\u0173 egzempliori\u0173, i\u0161verst\u0173 \u012f 50 pasaulio kalb\u0173. L. R. Habardo atradimai pad\u0117jo milijonams \u017emoni\u0173 pasiekti tikr\u0105j\u0105 laim\u0119 ir laisv\u0119.<\/p>\n","protected":false},"featured_media":22973,"comment_status":"open","ping_status":"closed","template":"","meta":{"_acf_changed":false,"site-sidebar-layout":"default","site-content-layout":"","ast-site-content-layout":"default","site-content-style":"default","site-sidebar-style":"default","ast-global-header-display":"","ast-banner-title-visibility":"","ast-main-header-display":"","ast-hfb-above-header-display":"","ast-hfb-below-header-display":"","ast-hfb-mobile-header-display":"","site-post-title":"","ast-breadcrumbs-content":"","ast-featured-img":"","footer-sml-layout":"","ast-disable-related-posts":"","theme-transparent-header-meta":"","adv-header-id-meta":"","stick-header-meta":"","header-above-stick-meta":"","header-main-stick-meta":"","header-below-stick-meta":"","astra-migrate-meta-layouts":"default","ast-page-background-enabled":"default","ast-page-background-meta":{"desktop":{"background-color":"","background-image":"","background-repeat":"repeat","background-position":"center center","background-size":"auto","background-attachment":"scroll","background-type":"","background-media":"","overlay-type":"","overlay-color":"","overlay-opacity":"","overlay-gradient":""},"tablet":{"background-color":"","background-image":"","background-repeat":"repeat","background-position":"center center","background-size":"auto","background-attachment":"scroll","background-type":"","background-media":"","overlay-type":"","overlay-color":"","overlay-opacity":"","overlay-gradient":""},"mobile":{"background-color":"","background-image":"","background-repeat":"repeat","background-position":"center center","background-size":"auto","background-attachment":"scroll","background-type":"","background-media":"","overlay-type":"","overlay-color":"","overlay-opacity":"","overlay-gradient":""}},"ast-content-background-meta":{"desktop":{"background-color":"var(--ast-global-color-4)","background-image":"","background-repeat":"repeat","background-position":"center center","background-size":"auto","background-attachment":"scroll","background-type":"","background-media":"","overlay-type":"","overlay-color":"","overlay-opacity":"","overlay-gradient":""},"tablet":{"background-color":"var(--ast-global-color-4)","background-image":"","background-repeat":"repeat","background-position":"center center","background-size":"auto","background-attachment":"scroll","background-type":"","background-media":"","overlay-type":"","overlay-color":"","overlay-opacity":"","overlay-gradient":""},"mobile":{"background-color":"var(--ast-global-color-4)","background-image":"","background-repeat":"repeat","background-position":"center center","background-size":"auto","background-attachment":"scroll","background-type":"","background-media":"","overlay-type":"","overlay-color":"","overlay-opacity":"","overlay-gradient":""}}},"product_brand":[],"product_cat":[9753],"product_tag":[9421],"class_list":{"0":"post-22958","1":"product","2":"type-product","3":"status-publish","4":"has-post-thumbnail","6":"product_cat-religija","7":"product_tag-l-ronas-habbadas","8":"desktop-align-left","9":"tablet-align-left","10":"mobile-align-left","12":"first","13":"instock","14":"shipping-taxable","15":"purchasable","16":"product-type-simple"},"acf":[],"yoast_head":"<!-- This site is optimized with the Yoast SEO plugin v27.4 - https:\/\/yoast.com\/product\/yoast-seo-wordpress\/ -->\n<title>Scientologija. M\u0105stymo pagrindai<\/title>\n<meta name=\"description\" content=\"J\u016bs ie\u0161kote praktini\u0173 gyvenimo problem\u0173 sprendim\u0173? J\u016bs juos radote! Ar gali \u017emogus b\u016bti tikrai laimingas? Ar gali jis \u012fgyti didesn\u012f sav\u0119s ir j\u012f supan\u010dio\" \/>\n<meta name=\"robots\" content=\"index, follow, max-snippet:-1, max-image-preview:large, max-video-preview:-1\" \/>\n<link rel=\"canonical\" href=\"https:\/\/skaitytaknyga.lt\/en\/produktas\/scientologija-mastymo-pagrindai\/\" \/>\n<meta property=\"og:locale\" content=\"en_GB\" \/>\n<meta property=\"og:locale:alternate\" content=\"lt_LT\" \/>\n<meta property=\"og:type\" content=\"article\" \/>\n<meta property=\"og:title\" content=\"Scientologija. M\u0105stymo pagrindai\" \/>\n<meta property=\"og:description\" content=\"J\u016bs ie\u0161kote praktini\u0173 gyvenimo problem\u0173 sprendim\u0173? J\u016bs juos radote! Ar gali \u017emogus b\u016bti tikrai laimingas? Ar gali jis \u012fgyti didesn\u012f sav\u0119s ir j\u012f supan\u010dio\" \/>\n<meta property=\"og:url\" content=\"https:\/\/skaitytaknyga.lt\/en\/produktas\/scientologija-mastymo-pagrindai\/\" \/>\n<meta property=\"og:site_name\" content=\"Skaitytaknyga\" \/>\n<meta property=\"article:publisher\" content=\"https:\/\/www.facebook.com\/skaitytaknyga\/\" \/>\n<meta property=\"article:modified_time\" content=\"2026-03-18T09:44:41+00:00\" \/>\n<meta property=\"og:image\" content=\"https:\/\/skaitytaknyga.lt\/wp-content\/uploads\/2026\/02\/Scientologija.-Mastymo-pagrindai.webp\" \/>\n\t<meta property=\"og:image:width\" content=\"300\" \/>\n\t<meta property=\"og:image:height\" content=\"464\" \/>\n\t<meta property=\"og:image:type\" content=\"image\/webp\" \/>\n<meta name=\"twitter:card\" content=\"summary_large_image\" \/>\n<meta name=\"twitter:label1\" content=\"Estimated reading time\" \/>\n\t<meta name=\"twitter:data1\" content=\"1 minute\" \/>\n<script type=\"application\/ld+json\" class=\"yoast-schema-graph\">{\"@context\":\"https:\\\/\\\/schema.org\",\"@graph\":[{\"@type\":\"WebPage\",\"@id\":\"https:\\\/\\\/skaitytaknyga.lt\\\/produktas\\\/scientologija-mastymo-pagrindai\\\/\",\"url\":\"https:\\\/\\\/skaitytaknyga.lt\\\/produktas\\\/scientologija-mastymo-pagrindai\\\/\",\"name\":\"Scientologija. M\u0105stymo pagrindai\",\"isPartOf\":{\"@id\":\"https:\\\/\\\/skaitytaknyga.lt\\\/#website\"},\"primaryImageOfPage\":{\"@id\":\"https:\\\/\\\/skaitytaknyga.lt\\\/produktas\\\/scientologija-mastymo-pagrindai\\\/#primaryimage\"},\"image\":{\"@id\":\"https:\\\/\\\/skaitytaknyga.lt\\\/produktas\\\/scientologija-mastymo-pagrindai\\\/#primaryimage\"},\"thumbnailUrl\":\"https:\\\/\\\/skaitytaknyga.lt\\\/wp-content\\\/uploads\\\/2026\\\/02\\\/Scientologija.-Mastymo-pagrindai.webp\",\"datePublished\":\"2026-02-04T12:58:18+00:00\",\"dateModified\":\"2026-03-18T09:44:41+00:00\",\"description\":\"J\u016bs ie\u0161kote praktini\u0173 gyvenimo problem\u0173 sprendim\u0173? J\u016bs juos radote! Ar gali \u017emogus b\u016bti tikrai laimingas? Ar gali jis \u012fgyti didesn\u012f sav\u0119s ir j\u012f supan\u010dio\",\"breadcrumb\":{\"@id\":\"https:\\\/\\\/skaitytaknyga.lt\\\/produktas\\\/scientologija-mastymo-pagrindai\\\/#breadcrumb\"},\"inLanguage\":\"en-GB\",\"potentialAction\":[{\"@type\":\"ReadAction\",\"target\":[\"https:\\\/\\\/skaitytaknyga.lt\\\/produktas\\\/scientologija-mastymo-pagrindai\\\/\"]}]},{\"@type\":\"ImageObject\",\"inLanguage\":\"en-GB\",\"@id\":\"https:\\\/\\\/skaitytaknyga.lt\\\/produktas\\\/scientologija-mastymo-pagrindai\\\/#primaryimage\",\"url\":\"https:\\\/\\\/skaitytaknyga.lt\\\/wp-content\\\/uploads\\\/2026\\\/02\\\/Scientologija.-Mastymo-pagrindai.webp\",\"contentUrl\":\"https:\\\/\\\/skaitytaknyga.lt\\\/wp-content\\\/uploads\\\/2026\\\/02\\\/Scientologija.-Mastymo-pagrindai.webp\",\"width\":300,\"height\":464,\"caption\":\"Scientologija. M\u0105stymo pagrindai\"},{\"@type\":\"BreadcrumbList\",\"@id\":\"https:\\\/\\\/skaitytaknyga.lt\\\/produktas\\\/scientologija-mastymo-pagrindai\\\/#breadcrumb\",\"itemListElement\":[{\"@type\":\"ListItem\",\"position\":1,\"name\":\"Home\",\"item\":\"https:\\\/\\\/skaitytaknyga.lt\\\/\"},{\"@type\":\"ListItem\",\"position\":2,\"name\":\"Parduotuv\u0117\",\"item\":\"https:\\\/\\\/skaitytaknyga.lt\\\/knygu-parduotuve\\\/\"},{\"@type\":\"ListItem\",\"position\":3,\"name\":\"Scientologija. M\u0105stymo pagrindai\"}]},{\"@type\":\"WebSite\",\"@id\":\"https:\\\/\\\/skaitytaknyga.lt\\\/#website\",\"url\":\"https:\\\/\\\/skaitytaknyga.lt\\\/\",\"name\":\"skaitytaknyga.lt\",\"description\":\"Skaitytaknyga.lt \u2013 tai ma\u017eas \u0161eimos verslas, kuris prasid\u0117jo nuo meil\u0117s knygoms ir siekio i\u0161gelb\u0117ti knygas nuo likimo prie konteinerio. Kas vienam nereikalingas daiktas \u2013 kitam lobis, o mes esame tarpininkai, kurie padeda abiems tapti laimingesniems ???? \u017dinome kaip nelengva i\u0161gyventi ma\u017eiems verslams, tad nuo \u0161iol, \u010dia rasite ir kit\u0173, ma\u017e\u0173 \u0161eim\u0173 versl\u0173, rank\u0173 darbo, dovan\u0173 sau ir artimiesiems.\",\"publisher\":{\"@id\":\"https:\\\/\\\/skaitytaknyga.lt\\\/#organization\"},\"potentialAction\":[{\"@type\":\"SearchAction\",\"target\":{\"@type\":\"EntryPoint\",\"urlTemplate\":\"https:\\\/\\\/skaitytaknyga.lt\\\/?s={search_term_string}\"},\"query-input\":{\"@type\":\"PropertyValueSpecification\",\"valueRequired\":true,\"valueName\":\"search_term_string\"}}],\"inLanguage\":\"en-GB\"},{\"@type\":\"Organization\",\"@id\":\"https:\\\/\\\/skaitytaknyga.lt\\\/#organization\",\"name\":\"skaitytaknyga.lt\",\"url\":\"https:\\\/\\\/skaitytaknyga.lt\\\/\",\"logo\":{\"@type\":\"ImageObject\",\"inLanguage\":\"en-GB\",\"@id\":\"https:\\\/\\\/skaitytaknyga.lt\\\/#\\\/schema\\\/logo\\\/image\\\/\",\"url\":\"https:\\\/\\\/skaitytaknyga.lt\\\/wp-content\\\/uploads\\\/2024\\\/05\\\/cropped-cropped-cropped-02_00843_jt3bggkj1j3HLc7SyY6rEUpg.jpeg\",\"contentUrl\":\"https:\\\/\\\/skaitytaknyga.lt\\\/wp-content\\\/uploads\\\/2024\\\/05\\\/cropped-cropped-cropped-02_00843_jt3bggkj1j3HLc7SyY6rEUpg.jpeg\",\"width\":1600,\"height\":1600,\"caption\":\"skaitytaknyga.lt\"},\"image\":{\"@id\":\"https:\\\/\\\/skaitytaknyga.lt\\\/#\\\/schema\\\/logo\\\/image\\\/\"},\"sameAs\":[\"https:\\\/\\\/www.facebook.com\\\/skaitytaknyga\\\/\"]}]}<\/script>\n<!-- \/ Yoast SEO plugin. -->","yoast_head_json":{"title":"Scientologija. M\u0105stymo pagrindai","description":"J\u016bs ie\u0161kote praktini\u0173 gyvenimo problem\u0173 sprendim\u0173? J\u016bs juos radote! Ar gali \u017emogus b\u016bti tikrai laimingas? Ar gali jis \u012fgyti didesn\u012f sav\u0119s ir j\u012f supan\u010dio","robots":{"index":"index","follow":"follow","max-snippet":"max-snippet:-1","max-image-preview":"max-image-preview:large","max-video-preview":"max-video-preview:-1"},"canonical":"https:\/\/skaitytaknyga.lt\/en\/produktas\/scientologija-mastymo-pagrindai\/","og_locale":"en_GB","og_type":"article","og_title":"[:lt]Scientologija. M\u0105stymo pagrindai[:] - Skaitytaknyga","og_description":"J\u016bs ie\u0161kote praktini\u0173 gyvenimo problem\u0173 sprendim\u0173? J\u016bs juos radote! Ar gali \u017emogus b\u016bti tikrai laimingas? Ar gali jis \u012fgyti didesn\u012f sav\u0119s ir j\u012f supan\u010dio","og_url":"https:\/\/skaitytaknyga.lt\/en\/produktas\/scientologija-mastymo-pagrindai\/","og_site_name":"Skaitytaknyga","article_publisher":"https:\/\/www.facebook.com\/skaitytaknyga\/","article_modified_time":"2026-03-18T09:44:41+00:00","og_image":[{"width":300,"height":464,"url":"https:\/\/skaitytaknyga.lt\/wp-content\/uploads\/2026\/02\/Scientologija.-Mastymo-pagrindai.webp","type":"image\/webp"}],"twitter_card":"summary_large_image","twitter_misc":{"Estimated reading time":"1 minute"},"schema":{"@context":"https:\/\/schema.org","@graph":[{"@type":"WebPage","@id":"https:\/\/skaitytaknyga.lt\/produktas\/scientologija-mastymo-pagrindai\/","url":"https:\/\/skaitytaknyga.lt\/produktas\/scientologija-mastymo-pagrindai\/","name":"Scientologija. M\u0105stymo pagrindai","isPartOf":{"@id":"https:\/\/skaitytaknyga.lt\/#website"},"primaryImageOfPage":{"@id":"https:\/\/skaitytaknyga.lt\/produktas\/scientologija-mastymo-pagrindai\/#primaryimage"},"image":{"@id":"https:\/\/skaitytaknyga.lt\/produktas\/scientologija-mastymo-pagrindai\/#primaryimage"},"thumbnailUrl":"https:\/\/skaitytaknyga.lt\/wp-content\/uploads\/2026\/02\/Scientologija.-Mastymo-pagrindai.webp","datePublished":"2026-02-04T12:58:18+00:00","dateModified":"2026-03-18T09:44:41+00:00","description":"J\u016bs ie\u0161kote praktini\u0173 gyvenimo problem\u0173 sprendim\u0173? J\u016bs juos radote! Ar gali \u017emogus b\u016bti tikrai laimingas? Ar gali jis \u012fgyti didesn\u012f sav\u0119s ir j\u012f supan\u010dio","breadcrumb":{"@id":"https:\/\/skaitytaknyga.lt\/produktas\/scientologija-mastymo-pagrindai\/#breadcrumb"},"inLanguage":"en-GB","potentialAction":[{"@type":"ReadAction","target":["https:\/\/skaitytaknyga.lt\/produktas\/scientologija-mastymo-pagrindai\/"]}]},{"@type":"ImageObject","inLanguage":"en-GB","@id":"https:\/\/skaitytaknyga.lt\/produktas\/scientologija-mastymo-pagrindai\/#primaryimage","url":"https:\/\/skaitytaknyga.lt\/wp-content\/uploads\/2026\/02\/Scientologija.-Mastymo-pagrindai.webp","contentUrl":"https:\/\/skaitytaknyga.lt\/wp-content\/uploads\/2026\/02\/Scientologija.-Mastymo-pagrindai.webp","width":300,"height":464,"caption":"Scientologija. M\u0105stymo pagrindai"},{"@type":"BreadcrumbList","@id":"https:\/\/skaitytaknyga.lt\/produktas\/scientologija-mastymo-pagrindai\/#breadcrumb","itemListElement":[{"@type":"ListItem","position":1,"name":"Home","item":"https:\/\/skaitytaknyga.lt\/"},{"@type":"ListItem","position":2,"name":"Parduotuv\u0117","item":"https:\/\/skaitytaknyga.lt\/knygu-parduotuve\/"},{"@type":"ListItem","position":3,"name":"Scientologija. M\u0105stymo pagrindai"}]},{"@type":"WebSite","@id":"https:\/\/skaitytaknyga.lt\/#website","url":"https:\/\/skaitytaknyga.lt\/","name":"skaitytaknyga.lt","description":"Skaitytaknyga.lt \u2013 tai ma\u017eas \u0161eimos verslas, kuris prasid\u0117jo nuo meil\u0117s knygoms ir siekio i\u0161gelb\u0117ti knygas nuo likimo prie konteinerio. Kas vienam nereikalingas daiktas \u2013 kitam lobis, o mes esame tarpininkai, kurie padeda abiems tapti laimingesniems ???? \u017dinome kaip nelengva i\u0161gyventi ma\u017eiems verslams, tad nuo \u0161iol, \u010dia rasite ir kit\u0173, ma\u017e\u0173 \u0161eim\u0173 versl\u0173, rank\u0173 darbo, dovan\u0173 sau ir artimiesiems.","publisher":{"@id":"https:\/\/skaitytaknyga.lt\/#organization"},"potentialAction":[{"@type":"SearchAction","target":{"@type":"EntryPoint","urlTemplate":"https:\/\/skaitytaknyga.lt\/?s={search_term_string}"},"query-input":{"@type":"PropertyValueSpecification","valueRequired":true,"valueName":"search_term_string"}}],"inLanguage":"en-GB"},{"@type":"Organization","@id":"https:\/\/skaitytaknyga.lt\/#organization","name":"skaitytaknyga.lt","url":"https:\/\/skaitytaknyga.lt\/","logo":{"@type":"ImageObject","inLanguage":"en-GB","@id":"https:\/\/skaitytaknyga.lt\/#\/schema\/logo\/image\/","url":"https:\/\/skaitytaknyga.lt\/wp-content\/uploads\/2024\/05\/cropped-cropped-cropped-02_00843_jt3bggkj1j3HLc7SyY6rEUpg.jpeg","contentUrl":"https:\/\/skaitytaknyga.lt\/wp-content\/uploads\/2024\/05\/cropped-cropped-cropped-02_00843_jt3bggkj1j3HLc7SyY6rEUpg.jpeg","width":1600,"height":1600,"caption":"skaitytaknyga.lt"},"image":{"@id":"https:\/\/skaitytaknyga.lt\/#\/schema\/logo\/image\/"},"sameAs":["https:\/\/www.facebook.com\/skaitytaknyga\/"]}]}},"_links":{"self":[{"href":"https:\/\/skaitytaknyga.lt\/en\/wp-json\/wp\/v2\/product\/22958","targetHints":{"allow":["GET"]}}],"collection":[{"href":"https:\/\/skaitytaknyga.lt\/en\/wp-json\/wp\/v2\/product"}],"about":[{"href":"https:\/\/skaitytaknyga.lt\/en\/wp-json\/wp\/v2\/types\/product"}],"replies":[{"embeddable":true,"href":"https:\/\/skaitytaknyga.lt\/en\/wp-json\/wp\/v2\/comments?post=22958"}],"wp:featuredmedia":[{"embeddable":true,"href":"https:\/\/skaitytaknyga.lt\/en\/wp-json\/wp\/v2\/media\/22973"}],"wp:attachment":[{"href":"https:\/\/skaitytaknyga.lt\/en\/wp-json\/wp\/v2\/media?parent=22958"}],"wp:term":[{"taxonomy":"product_brand","embeddable":true,"href":"https:\/\/skaitytaknyga.lt\/en\/wp-json\/wp\/v2\/product_brand?post=22958"},{"taxonomy":"product_cat","embeddable":true,"href":"https:\/\/skaitytaknyga.lt\/en\/wp-json\/wp\/v2\/product_cat?post=22958"},{"taxonomy":"product_tag","embeddable":true,"href":"https:\/\/skaitytaknyga.lt\/en\/wp-json\/wp\/v2\/product_tag?post=22958"}],"curies":[{"name":"wp","href":"https:\/\/api.w.org\/{rel}","templated":true}]}}