{"id":22956,"date":"2026-02-04T14:27:26","date_gmt":"2026-02-04T12:27:26","guid":{"rendered":"https:\/\/skaitytaknyga.lt\/?post_type=product&#038;p=22956"},"modified":"2026-03-18T11:44:41","modified_gmt":"2026-03-18T09:44:41","slug":"religijos-baznycios-tikejimai","status":"publish","type":"product","link":"https:\/\/skaitytaknyga.lt\/en\/produktas\/religijos-baznycios-tikejimai\/","title":{"rendered":"Religijos, ba\u017eny\u010dios, tik\u0117jimai"},"content":{"rendered":"<p>\u017dinyno tikslas \u2013 supa\u017eindinti skaitytojus su pagrindin\u0117mis pasaulio religijomis, religin\u0117mis bendruomen\u0117mis, sektomis, j\u0173 \u012fk\u016br\u0117jais, \u0161ventaisiais ra\u0161tais. Pateikiama apie 600 antra\u0161tini\u0173 \u017eod\u017ei\u0173. Populiariai apra\u0161omi ir naujieji, ir senieji tik\u0117jimai. I\u0161samiai atspindimos Indijos, Japonijos, Kinijos religijos.<\/p>\n<p>\u017dinyn\u0105 2001 m. i\u0161leido Lenkijos mokslin\u0117s literat\u016bros leidykla PWN, \u012f lietuvi\u0173 k. vert\u0117 Kazimieras Algimantas Antanavi\u010dius ir Leopoldas Stanevi\u010dius. Lietuvi\u0161kajame leidime informacija, susijusi su Lenkijoje veikian\u010diomis religin\u0117mis bendruomen\u0117mis, pakeista Lietuvai aktualia informacija. Tokios knygos yra tam, kad \u017emon\u0117s, neturintys laiko gilintis \u012f religijos istorij\u0105, gal\u0117t\u0173 susipa\u017einti su ja, nesugai\u0161dami tam pernelyg daug laiko. Koncentruota informacija pateikiama paprastai ir ai\u0161kiai.<\/p>\n","protected":false},"excerpt":{"rendered":"<p>\u017dinyno tikslas \u2013 supa\u017eindinti skaitytojus su pagrindin\u0117mis pasaulio religijomis, religin\u0117mis bendruomen\u0117mis, sektomis, j\u0173 \u012fk\u016br\u0117jais, \u0161ventaisiais ra\u0161tais. Pateikiama apie 600 antra\u0161tini\u0173 \u017eod\u017ei\u0173. Populiariai apra\u0161omi ir naujieji, ir senieji tik\u0117jimai. I\u0161samiai atspindimos Indijos, Japonijos, Kinijos religijos. \u017dinyn\u0105 2001 m. i\u0161leido Lenkijos mokslin\u0117s literat\u016bros leidykla PWN, \u012f lietuvi\u0173 k. vert\u0117 Kazimieras Algimantas Antanavi\u010dius ir Leopoldas Stanevi\u010dius. Lietuvi\u0161kajame leidime informacija, susijusi su Lenkijoje veikian\u010diomis religin\u0117mis bendruomen\u0117mis, pakeista Lietuvai aktualia informacija. Tokios knygos yra tam, kad \u017emon\u0117s, neturintys laiko gilintis \u012f religijos istorij\u0105, gal\u0117t\u0173 susipa\u017einti su ja, nesugai\u0161dami tam pernelyg daug laiko. Koncentruota informacija pateikiama paprastai ir ai\u0161kiai.<\/p>\n","protected":false},"featured_media":22966,"comment_status":"open","ping_status":"closed","template":"","meta":{"_acf_changed":false,"site-sidebar-layout":"default","site-content-layout":"","ast-site-content-layout":"default","site-content-style":"default","site-sidebar-style":"default","ast-global-header-display":"","ast-banner-title-visibility":"","ast-main-header-display":"","ast-hfb-above-header-display":"","ast-hfb-below-header-display":"","ast-hfb-mobile-header-display":"","site-post-title":"","ast-breadcrumbs-content":"","ast-featured-img":"","footer-sml-layout":"","ast-disable-related-posts":"","theme-transparent-header-meta":"","adv-header-id-meta":"","stick-header-meta":"","header-above-stick-meta":"","header-main-stick-meta":"","header-below-stick-meta":"","astra-migrate-meta-layouts":"default","ast-page-background-enabled":"default","ast-page-background-meta":{"desktop":{"background-color":"","background-image":"","background-repeat":"repeat","background-position":"center center","background-size":"auto","background-attachment":"scroll","background-type":"","background-media":"","overlay-type":"","overlay-color":"","overlay-opacity":"","overlay-gradient":""},"tablet":{"background-color":"","background-image":"","background-repeat":"repeat","background-position":"center center","background-size":"auto","background-attachment":"scroll","background-type":"","background-media":"","overlay-type":"","overlay-color":"","overlay-opacity":"","overlay-gradient":""},"mobile":{"background-color":"","background-image":"","background-repeat":"repeat","background-position":"center center","background-size":"auto","background-attachment":"scroll","background-type":"","background-media":"","overlay-type":"","overlay-color":"","overlay-opacity":"","overlay-gradient":""}},"ast-content-background-meta":{"desktop":{"background-color":"var(--ast-global-color-4)","background-image":"","background-repeat":"repeat","background-position":"center center","background-size":"auto","background-attachment":"scroll","background-type":"","background-media":"","overlay-type":"","overlay-color":"","overlay-opacity":"","overlay-gradient":""},"tablet":{"background-color":"var(--ast-global-color-4)","background-image":"","background-repeat":"repeat","background-position":"center center","background-size":"auto","background-attachment":"scroll","background-type":"","background-media":"","overlay-type":"","overlay-color":"","overlay-opacity":"","overlay-gradient":""},"mobile":{"background-color":"var(--ast-global-color-4)","background-image":"","background-repeat":"repeat","background-position":"center center","background-size":"auto","background-attachment":"scroll","background-type":"","background-media":"","overlay-type":"","overlay-color":"","overlay-opacity":"","overlay-gradient":""}}},"product_brand":[],"product_cat":[9753],"product_tag":[],"class_list":{"0":"post-22956","1":"product","2":"type-product","3":"status-publish","4":"has-post-thumbnail","6":"product_cat-religija","7":"desktop-align-left","8":"tablet-align-left","9":"mobile-align-left","11":"first","12":"instock","13":"shipping-taxable","14":"purchasable","15":"product-type-simple"},"acf":[],"yoast_head":"<!-- This site is optimized with the Yoast SEO plugin v27.0 - https:\/\/yoast.com\/product\/yoast-seo-wordpress\/ -->\n<title>Religijos, ba\u017eny\u010dios, tik\u0117jimai<\/title>\n<meta name=\"description\" content=\"\u017dinyno tikslas \u2013 supa\u017eindinti skaitytojus su pagrindin\u0117mis pasaulio religijomis, religin\u0117mis bendruomen\u0117mis, sektomis, j\u0173 \u012fk\u016br\u0117jais, \u0161ventaisiais ra\u0161tais.\" \/>\n<meta name=\"robots\" content=\"index, follow, max-snippet:-1, max-image-preview:large, max-video-preview:-1\" \/>\n<link rel=\"canonical\" href=\"https:\/\/skaitytaknyga.lt\/en\/produktas\/religijos-baznycios-tikejimai\/\" \/>\n<meta property=\"og:locale\" content=\"en_GB\" \/>\n<meta property=\"og:locale:alternate\" content=\"lt_LT\" \/>\n<meta property=\"og:type\" content=\"article\" \/>\n<meta property=\"og:title\" content=\"Religijos, ba\u017eny\u010dios, tik\u0117jimai\" \/>\n<meta property=\"og:description\" content=\"\u017dinyno tikslas \u2013 supa\u017eindinti skaitytojus su pagrindin\u0117mis pasaulio religijomis, religin\u0117mis bendruomen\u0117mis, sektomis, j\u0173 \u012fk\u016br\u0117jais, \u0161ventaisiais ra\u0161tais.\" \/>\n<meta property=\"og:url\" content=\"https:\/\/skaitytaknyga.lt\/en\/produktas\/religijos-baznycios-tikejimai\/\" \/>\n<meta property=\"og:site_name\" content=\"Skaitytaknyga\" \/>\n<meta property=\"article:publisher\" content=\"https:\/\/www.facebook.com\/skaitytaknyga\/\" \/>\n<meta property=\"article:modified_time\" content=\"2026-03-18T09:44:41+00:00\" \/>\n<meta property=\"og:image\" content=\"https:\/\/skaitytaknyga.lt\/wp-content\/uploads\/2026\/02\/Religijos-baznycios-tikejimai-1.webp\" \/>\n\t<meta property=\"og:image:width\" content=\"300\" \/>\n\t<meta property=\"og:image:height\" content=\"475\" \/>\n\t<meta property=\"og:image:type\" content=\"image\/webp\" \/>\n<meta name=\"twitter:card\" content=\"summary_large_image\" \/>\n<meta name=\"twitter:label1\" content=\"Estimated reading time\" \/>\n\t<meta name=\"twitter:data1\" content=\"1 minute\" \/>\n<script type=\"application\/ld+json\" class=\"yoast-schema-graph\">{\"@context\":\"https:\/\/schema.org\",\"@graph\":[{\"@type\":\"WebPage\",\"@id\":\"https:\/\/skaitytaknyga.lt\/produktas\/religijos-baznycios-tikejimai\/\",\"url\":\"https:\/\/skaitytaknyga.lt\/produktas\/religijos-baznycios-tikejimai\/\",\"name\":\"Religijos, ba\u017eny\u010dios, tik\u0117jimai\",\"isPartOf\":{\"@id\":\"https:\/\/skaitytaknyga.lt\/#website\"},\"primaryImageOfPage\":{\"@id\":\"https:\/\/skaitytaknyga.lt\/produktas\/religijos-baznycios-tikejimai\/#primaryimage\"},\"image\":{\"@id\":\"https:\/\/skaitytaknyga.lt\/produktas\/religijos-baznycios-tikejimai\/#primaryimage\"},\"thumbnailUrl\":\"https:\/\/skaitytaknyga.lt\/wp-content\/uploads\/2026\/02\/Religijos-baznycios-tikejimai-1.webp\",\"datePublished\":\"2026-02-04T12:27:26+00:00\",\"dateModified\":\"2026-03-18T09:44:41+00:00\",\"description\":\"\u017dinyno tikslas \u2013 supa\u017eindinti skaitytojus su pagrindin\u0117mis pasaulio religijomis, religin\u0117mis bendruomen\u0117mis, sektomis, j\u0173 \u012fk\u016br\u0117jais, \u0161ventaisiais ra\u0161tais.\",\"breadcrumb\":{\"@id\":\"https:\/\/skaitytaknyga.lt\/produktas\/religijos-baznycios-tikejimai\/#breadcrumb\"},\"inLanguage\":\"en-GB\",\"potentialAction\":[{\"@type\":\"ReadAction\",\"target\":[\"https:\/\/skaitytaknyga.lt\/produktas\/religijos-baznycios-tikejimai\/\"]}]},{\"@type\":\"ImageObject\",\"inLanguage\":\"en-GB\",\"@id\":\"https:\/\/skaitytaknyga.lt\/produktas\/religijos-baznycios-tikejimai\/#primaryimage\",\"url\":\"https:\/\/skaitytaknyga.lt\/wp-content\/uploads\/2026\/02\/Religijos-baznycios-tikejimai-1.webp\",\"contentUrl\":\"https:\/\/skaitytaknyga.lt\/wp-content\/uploads\/2026\/02\/Religijos-baznycios-tikejimai-1.webp\",\"width\":300,\"height\":475,\"caption\":\"Religijos, ba\u017eny\u010dios, tik\u0117jimai (1)\"},{\"@type\":\"BreadcrumbList\",\"@id\":\"https:\/\/skaitytaknyga.lt\/produktas\/religijos-baznycios-tikejimai\/#breadcrumb\",\"itemListElement\":[{\"@type\":\"ListItem\",\"position\":1,\"name\":\"Home\",\"item\":\"https:\/\/skaitytaknyga.lt\/\"},{\"@type\":\"ListItem\",\"position\":2,\"name\":\"Parduotuv\u0117\",\"item\":\"https:\/\/skaitytaknyga.lt\/knygu-parduotuve\/\"},{\"@type\":\"ListItem\",\"position\":3,\"name\":\"Religijos, ba\u017eny\u010dios, tik\u0117jimai\"}]},{\"@type\":\"WebSite\",\"@id\":\"https:\/\/skaitytaknyga.lt\/#website\",\"url\":\"https:\/\/skaitytaknyga.lt\/\",\"name\":\"skaitytaknyga.lt\",\"description\":\"Skaitytaknyga.lt \u2013 tai ma\u017eas \u0161eimos verslas, kuris prasid\u0117jo nuo meil\u0117s knygoms ir siekio i\u0161gelb\u0117ti knygas nuo likimo prie konteinerio. Kas vienam nereikalingas daiktas \u2013 kitam lobis, o mes esame tarpininkai, kurie padeda abiems tapti laimingesniems ???? \u017dinome kaip nelengva i\u0161gyventi ma\u017eiems verslams, tad nuo \u0161iol, \u010dia rasite ir kit\u0173, ma\u017e\u0173 \u0161eim\u0173 versl\u0173, rank\u0173 darbo, dovan\u0173 sau ir artimiesiems.\",\"publisher\":{\"@id\":\"https:\/\/skaitytaknyga.lt\/#organization\"},\"potentialAction\":[{\"@type\":\"SearchAction\",\"target\":{\"@type\":\"EntryPoint\",\"urlTemplate\":\"https:\/\/skaitytaknyga.lt\/?s={search_term_string}\"},\"query-input\":{\"@type\":\"PropertyValueSpecification\",\"valueRequired\":true,\"valueName\":\"search_term_string\"}}],\"inLanguage\":\"en-GB\"},{\"@type\":\"Organization\",\"@id\":\"https:\/\/skaitytaknyga.lt\/#organization\",\"name\":\"skaitytaknyga.lt\",\"url\":\"https:\/\/skaitytaknyga.lt\/\",\"logo\":{\"@type\":\"ImageObject\",\"inLanguage\":\"en-GB\",\"@id\":\"https:\/\/skaitytaknyga.lt\/#\/schema\/logo\/image\/\",\"url\":\"https:\/\/skaitytaknyga.lt\/wp-content\/uploads\/2024\/05\/cropped-cropped-cropped-02_00843_jt3bggkj1j3HLc7SyY6rEUpg.jpeg\",\"contentUrl\":\"https:\/\/skaitytaknyga.lt\/wp-content\/uploads\/2024\/05\/cropped-cropped-cropped-02_00843_jt3bggkj1j3HLc7SyY6rEUpg.jpeg\",\"width\":1600,\"height\":1600,\"caption\":\"skaitytaknyga.lt\"},\"image\":{\"@id\":\"https:\/\/skaitytaknyga.lt\/#\/schema\/logo\/image\/\"},\"sameAs\":[\"https:\/\/www.facebook.com\/skaitytaknyga\/\"]}]}<\/script>\n<!-- \/ Yoast SEO plugin. -->","yoast_head_json":{"title":"Religijos, ba\u017eny\u010dios, tik\u0117jimai","description":"\u017dinyno tikslas \u2013 supa\u017eindinti skaitytojus su pagrindin\u0117mis pasaulio religijomis, religin\u0117mis bendruomen\u0117mis, sektomis, j\u0173 \u012fk\u016br\u0117jais, \u0161ventaisiais ra\u0161tais.","robots":{"index":"index","follow":"follow","max-snippet":"max-snippet:-1","max-image-preview":"max-image-preview:large","max-video-preview":"max-video-preview:-1"},"canonical":"https:\/\/skaitytaknyga.lt\/en\/produktas\/religijos-baznycios-tikejimai\/","og_locale":"en_GB","og_type":"article","og_title":"[:lt]Religijos, ba\u017eny\u010dios, tik\u0117jimai[:] - Skaitytaknyga","og_description":"\u017dinyno tikslas \u2013 supa\u017eindinti skaitytojus su pagrindin\u0117mis pasaulio religijomis, religin\u0117mis bendruomen\u0117mis, sektomis, j\u0173 \u012fk\u016br\u0117jais, \u0161ventaisiais ra\u0161tais.","og_url":"https:\/\/skaitytaknyga.lt\/en\/produktas\/religijos-baznycios-tikejimai\/","og_site_name":"Skaitytaknyga","article_publisher":"https:\/\/www.facebook.com\/skaitytaknyga\/","article_modified_time":"2026-03-18T09:44:41+00:00","og_image":[{"width":300,"height":475,"url":"https:\/\/skaitytaknyga.lt\/wp-content\/uploads\/2026\/02\/Religijos-baznycios-tikejimai-1.webp","type":"image\/webp"}],"twitter_card":"summary_large_image","twitter_misc":{"Estimated reading time":"1 minute"},"schema":{"@context":"https:\/\/schema.org","@graph":[{"@type":"WebPage","@id":"https:\/\/skaitytaknyga.lt\/produktas\/religijos-baznycios-tikejimai\/","url":"https:\/\/skaitytaknyga.lt\/produktas\/religijos-baznycios-tikejimai\/","name":"Religijos, ba\u017eny\u010dios, tik\u0117jimai","isPartOf":{"@id":"https:\/\/skaitytaknyga.lt\/#website"},"primaryImageOfPage":{"@id":"https:\/\/skaitytaknyga.lt\/produktas\/religijos-baznycios-tikejimai\/#primaryimage"},"image":{"@id":"https:\/\/skaitytaknyga.lt\/produktas\/religijos-baznycios-tikejimai\/#primaryimage"},"thumbnailUrl":"https:\/\/skaitytaknyga.lt\/wp-content\/uploads\/2026\/02\/Religijos-baznycios-tikejimai-1.webp","datePublished":"2026-02-04T12:27:26+00:00","dateModified":"2026-03-18T09:44:41+00:00","description":"\u017dinyno tikslas \u2013 supa\u017eindinti skaitytojus su pagrindin\u0117mis pasaulio religijomis, religin\u0117mis bendruomen\u0117mis, sektomis, j\u0173 \u012fk\u016br\u0117jais, \u0161ventaisiais ra\u0161tais.","breadcrumb":{"@id":"https:\/\/skaitytaknyga.lt\/produktas\/religijos-baznycios-tikejimai\/#breadcrumb"},"inLanguage":"en-GB","potentialAction":[{"@type":"ReadAction","target":["https:\/\/skaitytaknyga.lt\/produktas\/religijos-baznycios-tikejimai\/"]}]},{"@type":"ImageObject","inLanguage":"en-GB","@id":"https:\/\/skaitytaknyga.lt\/produktas\/religijos-baznycios-tikejimai\/#primaryimage","url":"https:\/\/skaitytaknyga.lt\/wp-content\/uploads\/2026\/02\/Religijos-baznycios-tikejimai-1.webp","contentUrl":"https:\/\/skaitytaknyga.lt\/wp-content\/uploads\/2026\/02\/Religijos-baznycios-tikejimai-1.webp","width":300,"height":475,"caption":"Religijos, ba\u017eny\u010dios, tik\u0117jimai (1)"},{"@type":"BreadcrumbList","@id":"https:\/\/skaitytaknyga.lt\/produktas\/religijos-baznycios-tikejimai\/#breadcrumb","itemListElement":[{"@type":"ListItem","position":1,"name":"Home","item":"https:\/\/skaitytaknyga.lt\/"},{"@type":"ListItem","position":2,"name":"Parduotuv\u0117","item":"https:\/\/skaitytaknyga.lt\/knygu-parduotuve\/"},{"@type":"ListItem","position":3,"name":"Religijos, ba\u017eny\u010dios, tik\u0117jimai"}]},{"@type":"WebSite","@id":"https:\/\/skaitytaknyga.lt\/#website","url":"https:\/\/skaitytaknyga.lt\/","name":"skaitytaknyga.lt","description":"Skaitytaknyga.lt \u2013 tai ma\u017eas \u0161eimos verslas, kuris prasid\u0117jo nuo meil\u0117s knygoms ir siekio i\u0161gelb\u0117ti knygas nuo likimo prie konteinerio. Kas vienam nereikalingas daiktas \u2013 kitam lobis, o mes esame tarpininkai, kurie padeda abiems tapti laimingesniems ???? \u017dinome kaip nelengva i\u0161gyventi ma\u017eiems verslams, tad nuo \u0161iol, \u010dia rasite ir kit\u0173, ma\u017e\u0173 \u0161eim\u0173 versl\u0173, rank\u0173 darbo, dovan\u0173 sau ir artimiesiems.","publisher":{"@id":"https:\/\/skaitytaknyga.lt\/#organization"},"potentialAction":[{"@type":"SearchAction","target":{"@type":"EntryPoint","urlTemplate":"https:\/\/skaitytaknyga.lt\/?s={search_term_string}"},"query-input":{"@type":"PropertyValueSpecification","valueRequired":true,"valueName":"search_term_string"}}],"inLanguage":"en-GB"},{"@type":"Organization","@id":"https:\/\/skaitytaknyga.lt\/#organization","name":"skaitytaknyga.lt","url":"https:\/\/skaitytaknyga.lt\/","logo":{"@type":"ImageObject","inLanguage":"en-GB","@id":"https:\/\/skaitytaknyga.lt\/#\/schema\/logo\/image\/","url":"https:\/\/skaitytaknyga.lt\/wp-content\/uploads\/2024\/05\/cropped-cropped-cropped-02_00843_jt3bggkj1j3HLc7SyY6rEUpg.jpeg","contentUrl":"https:\/\/skaitytaknyga.lt\/wp-content\/uploads\/2024\/05\/cropped-cropped-cropped-02_00843_jt3bggkj1j3HLc7SyY6rEUpg.jpeg","width":1600,"height":1600,"caption":"skaitytaknyga.lt"},"image":{"@id":"https:\/\/skaitytaknyga.lt\/#\/schema\/logo\/image\/"},"sameAs":["https:\/\/www.facebook.com\/skaitytaknyga\/"]}]}},"_links":{"self":[{"href":"https:\/\/skaitytaknyga.lt\/en\/wp-json\/wp\/v2\/product\/22956","targetHints":{"allow":["GET"]}}],"collection":[{"href":"https:\/\/skaitytaknyga.lt\/en\/wp-json\/wp\/v2\/product"}],"about":[{"href":"https:\/\/skaitytaknyga.lt\/en\/wp-json\/wp\/v2\/types\/product"}],"replies":[{"embeddable":true,"href":"https:\/\/skaitytaknyga.lt\/en\/wp-json\/wp\/v2\/comments?post=22956"}],"wp:featuredmedia":[{"embeddable":true,"href":"https:\/\/skaitytaknyga.lt\/en\/wp-json\/wp\/v2\/media\/22966"}],"wp:attachment":[{"href":"https:\/\/skaitytaknyga.lt\/en\/wp-json\/wp\/v2\/media?parent=22956"}],"wp:term":[{"taxonomy":"product_brand","embeddable":true,"href":"https:\/\/skaitytaknyga.lt\/en\/wp-json\/wp\/v2\/product_brand?post=22956"},{"taxonomy":"product_cat","embeddable":true,"href":"https:\/\/skaitytaknyga.lt\/en\/wp-json\/wp\/v2\/product_cat?post=22956"},{"taxonomy":"product_tag","embeddable":true,"href":"https:\/\/skaitytaknyga.lt\/en\/wp-json\/wp\/v2\/product_tag?post=22956"}],"curies":[{"name":"wp","href":"https:\/\/api.w.org\/{rel}","templated":true}]}}