{"id":22954,"date":"2026-02-04T14:27:26","date_gmt":"2026-02-04T12:27:26","guid":{"rendered":"https:\/\/skaitytaknyga.lt\/?post_type=product&#038;p=22954"},"modified":"2026-02-26T09:56:11","modified_gmt":"2026-02-26T07:56:11","slug":"kazys-pakstas-tautinio-sauklio-odiseja-1893-1960","status":"publish","type":"product","link":"https:\/\/skaitytaknyga.lt\/en\/produktas\/kazys-pakstas-tautinio-sauklio-odiseja-1893-1960\/","title":{"rendered":"Kazys Pak\u0161tas. Tautinio \u0161auklio odis\u0117ja (1893 &#8211; 1960)"},"content":{"rendered":"<p>I\u0161leista 1970 m. Romoje.  Juozas Eretas buvo humanitaras germanistas, Kazys Pak\u0161tas \u2013 geografas, ta\u010diau juodu siejo bendros humanistin\u0117s nuostatos. Abu tro\u0161ko ma\u017eoje provincialioje Lietuvoje sukurti moderni\u0105 europieti\u0161k\u0105 visuomen\u0119, pasibaigus II pasauliniam karui matyti j\u0105 laisv\u0105, tarnauti laisv\u0117s ir teisingumo idealams.<\/p>\n<p>Kalb\u0117damas apie spalving\u0105 K. Pak\u0161to asmenyb\u0119, J. Eretas nuolat pabr\u0117\u017eia kolumbi\u0161k\u0105 jos tip\u0105, nuolatin\u012f ver\u017eim\u0105si \u012f naujas erdves, bylojant\u012f apie tai, kad knygos herojus buvo tikras pasaulio pilietis.<\/p>\n","protected":false},"excerpt":{"rendered":"<p>I\u0161leista 1970 m. Romoje. Juozas Eretas buvo humanitaras germanistas, Kazys Pak\u0161tas \u2013 geografas, ta\u010diau juodu siejo bendros humanistin\u0117s nuostatos. Abu tro\u0161ko ma\u017eoje provincialioje Lietuvoje sukurti moderni\u0105 europieti\u0161k\u0105 visuomen\u0119, pasibaigus II pasauliniam karui matyti j\u0105 laisv\u0105, tarnauti laisv\u0117s ir teisingumo idealams. Kalb\u0117damas apie spalving\u0105 K. Pak\u0161to asmenyb\u0119, J. Eretas nuolat pabr\u0117\u017eia kolumbi\u0161k\u0105 jos tip\u0105, nuolatin\u012f ver\u017eim\u0105si \u012f naujas erdves, bylojant\u012f apie tai, kad knygos herojus buvo tikras pasaulio pilietis.<\/p>\n","protected":false},"featured_media":22964,"comment_status":"open","ping_status":"closed","template":"","meta":{"_acf_changed":false,"site-sidebar-layout":"default","site-content-layout":"","ast-site-content-layout":"default","site-content-style":"default","site-sidebar-style":"default","ast-global-header-display":"","ast-banner-title-visibility":"","ast-main-header-display":"","ast-hfb-above-header-display":"","ast-hfb-below-header-display":"","ast-hfb-mobile-header-display":"","site-post-title":"","ast-breadcrumbs-content":"","ast-featured-img":"","footer-sml-layout":"","ast-disable-related-posts":"","theme-transparent-header-meta":"","adv-header-id-meta":"","stick-header-meta":"","header-above-stick-meta":"","header-main-stick-meta":"","header-below-stick-meta":"","astra-migrate-meta-layouts":"default","ast-page-background-enabled":"default","ast-page-background-meta":{"desktop":{"background-color":"","background-image":"","background-repeat":"repeat","background-position":"center center","background-size":"auto","background-attachment":"scroll","background-type":"","background-media":"","overlay-type":"","overlay-color":"","overlay-opacity":"","overlay-gradient":""},"tablet":{"background-color":"","background-image":"","background-repeat":"repeat","background-position":"center center","background-size":"auto","background-attachment":"scroll","background-type":"","background-media":"","overlay-type":"","overlay-color":"","overlay-opacity":"","overlay-gradient":""},"mobile":{"background-color":"","background-image":"","background-repeat":"repeat","background-position":"center center","background-size":"auto","background-attachment":"scroll","background-type":"","background-media":"","overlay-type":"","overlay-color":"","overlay-opacity":"","overlay-gradient":""}},"ast-content-background-meta":{"desktop":{"background-color":"var(--ast-global-color-4)","background-image":"","background-repeat":"repeat","background-position":"center center","background-size":"auto","background-attachment":"scroll","background-type":"","background-media":"","overlay-type":"","overlay-color":"","overlay-opacity":"","overlay-gradient":""},"tablet":{"background-color":"var(--ast-global-color-4)","background-image":"","background-repeat":"repeat","background-position":"center center","background-size":"auto","background-attachment":"scroll","background-type":"","background-media":"","overlay-type":"","overlay-color":"","overlay-opacity":"","overlay-gradient":""},"mobile":{"background-color":"var(--ast-global-color-4)","background-image":"","background-repeat":"repeat","background-position":"center center","background-size":"auto","background-attachment":"scroll","background-type":"","background-media":"","overlay-type":"","overlay-color":"","overlay-opacity":"","overlay-gradient":""}}},"product_brand":[],"product_cat":[174],"product_tag":[9419],"class_list":{"0":"post-22954","1":"product","2":"type-product","3":"status-publish","4":"has-post-thumbnail","6":"product_cat-istorija-ir-politologija","7":"product_tag-ltjuozas-eretas","8":"desktop-align-left","9":"tablet-align-left","10":"mobile-align-left","12":"first","13":"instock","14":"shipping-taxable","15":"purchasable","16":"product-type-simple"},"acf":[],"yoast_head":"<!-- This site is optimized with the Yoast SEO plugin v27.0 - https:\/\/yoast.com\/product\/yoast-seo-wordpress\/ -->\n<title>Kazys Pak\u0161tas. Tautinio \u0161auklio odis\u0117ja (1893 - 1960)<\/title>\n<meta name=\"description\" content=\"I\u0161leista 1970 m. Romoje. Juozas Eretas buvo humanitaras germanistas, Kazys Pak\u0161tas \u2013 geografas, ta\u010diau juodu siejo bendros humanistin\u0117s nuostatos. Abu\" \/>\n<meta name=\"robots\" content=\"index, follow, max-snippet:-1, max-image-preview:large, max-video-preview:-1\" \/>\n<link rel=\"canonical\" href=\"https:\/\/skaitytaknyga.lt\/en\/produktas\/kazys-pakstas-tautinio-sauklio-odiseja-1893-1960\/\" \/>\n<meta property=\"og:locale\" content=\"en_GB\" \/>\n<meta property=\"og:locale:alternate\" content=\"lt_LT\" \/>\n<meta property=\"og:type\" content=\"article\" \/>\n<meta property=\"og:title\" content=\"Kazys Pak\u0161tas. Tautinio \u0161auklio odis\u0117ja (1893 - 1960)\" \/>\n<meta property=\"og:description\" content=\"I\u0161leista 1970 m. Romoje. Juozas Eretas buvo humanitaras germanistas, Kazys Pak\u0161tas \u2013 geografas, ta\u010diau juodu siejo bendros humanistin\u0117s nuostatos. Abu\" \/>\n<meta property=\"og:url\" content=\"https:\/\/skaitytaknyga.lt\/en\/produktas\/kazys-pakstas-tautinio-sauklio-odiseja-1893-1960\/\" \/>\n<meta property=\"og:site_name\" content=\"Skaitytaknyga\" \/>\n<meta property=\"article:publisher\" content=\"https:\/\/www.facebook.com\/skaitytaknyga\/\" \/>\n<meta property=\"article:modified_time\" content=\"2026-02-26T07:56:11+00:00\" \/>\n<meta property=\"og:image\" content=\"https:\/\/skaitytaknyga.lt\/wp-content\/uploads\/2026\/02\/Kazys-Pakstas.-Tautinio-sauklio-odiseja-1893-1960.webp\" \/>\n\t<meta property=\"og:image:width\" content=\"418\" \/>\n\t<meta property=\"og:image:height\" content=\"575\" \/>\n\t<meta property=\"og:image:type\" content=\"image\/webp\" \/>\n<meta name=\"twitter:card\" content=\"summary_large_image\" \/>\n<script type=\"application\/ld+json\" class=\"yoast-schema-graph\">{\"@context\":\"https:\/\/schema.org\",\"@graph\":[{\"@type\":\"WebPage\",\"@id\":\"https:\/\/skaitytaknyga.lt\/produktas\/kazys-pakstas-tautinio-sauklio-odiseja-1893-1960\/\",\"url\":\"https:\/\/skaitytaknyga.lt\/produktas\/kazys-pakstas-tautinio-sauklio-odiseja-1893-1960\/\",\"name\":\"Kazys Pak\u0161tas. Tautinio \u0161auklio odis\u0117ja (1893 - 1960)\",\"isPartOf\":{\"@id\":\"https:\/\/skaitytaknyga.lt\/#website\"},\"primaryImageOfPage\":{\"@id\":\"https:\/\/skaitytaknyga.lt\/produktas\/kazys-pakstas-tautinio-sauklio-odiseja-1893-1960\/#primaryimage\"},\"image\":{\"@id\":\"https:\/\/skaitytaknyga.lt\/produktas\/kazys-pakstas-tautinio-sauklio-odiseja-1893-1960\/#primaryimage\"},\"thumbnailUrl\":\"https:\/\/skaitytaknyga.lt\/wp-content\/uploads\/2026\/02\/Kazys-Pakstas.-Tautinio-sauklio-odiseja-1893-1960.webp\",\"datePublished\":\"2026-02-04T12:27:26+00:00\",\"dateModified\":\"2026-02-26T07:56:11+00:00\",\"description\":\"I\u0161leista 1970 m. Romoje. Juozas Eretas buvo humanitaras germanistas, Kazys Pak\u0161tas \u2013 geografas, ta\u010diau juodu siejo bendros humanistin\u0117s nuostatos. Abu\",\"breadcrumb\":{\"@id\":\"https:\/\/skaitytaknyga.lt\/produktas\/kazys-pakstas-tautinio-sauklio-odiseja-1893-1960\/#breadcrumb\"},\"inLanguage\":\"en-GB\",\"potentialAction\":[{\"@type\":\"ReadAction\",\"target\":[\"https:\/\/skaitytaknyga.lt\/produktas\/kazys-pakstas-tautinio-sauklio-odiseja-1893-1960\/\"]}]},{\"@type\":\"ImageObject\",\"inLanguage\":\"en-GB\",\"@id\":\"https:\/\/skaitytaknyga.lt\/produktas\/kazys-pakstas-tautinio-sauklio-odiseja-1893-1960\/#primaryimage\",\"url\":\"https:\/\/skaitytaknyga.lt\/wp-content\/uploads\/2026\/02\/Kazys-Pakstas.-Tautinio-sauklio-odiseja-1893-1960.webp\",\"contentUrl\":\"https:\/\/skaitytaknyga.lt\/wp-content\/uploads\/2026\/02\/Kazys-Pakstas.-Tautinio-sauklio-odiseja-1893-1960.webp\",\"width\":418,\"height\":575},{\"@type\":\"BreadcrumbList\",\"@id\":\"https:\/\/skaitytaknyga.lt\/produktas\/kazys-pakstas-tautinio-sauklio-odiseja-1893-1960\/#breadcrumb\",\"itemListElement\":[{\"@type\":\"ListItem\",\"position\":1,\"name\":\"Home\",\"item\":\"https:\/\/skaitytaknyga.lt\/\"},{\"@type\":\"ListItem\",\"position\":2,\"name\":\"Parduotuv\u0117\",\"item\":\"https:\/\/skaitytaknyga.lt\/knygu-parduotuve\/\"},{\"@type\":\"ListItem\",\"position\":3,\"name\":\"Kazys Pak\u0161tas. Tautinio \u0161auklio odis\u0117ja (1893 &#8211; 1960)\"}]},{\"@type\":\"WebSite\",\"@id\":\"https:\/\/skaitytaknyga.lt\/#website\",\"url\":\"https:\/\/skaitytaknyga.lt\/\",\"name\":\"skaitytaknyga.lt\",\"description\":\"Skaitytaknyga.lt \u2013 tai ma\u017eas \u0161eimos verslas, kuris prasid\u0117jo nuo meil\u0117s knygoms ir siekio i\u0161gelb\u0117ti knygas nuo likimo prie konteinerio. Kas vienam nereikalingas daiktas \u2013 kitam lobis, o mes esame tarpininkai, kurie padeda abiems tapti laimingesniems ???? \u017dinome kaip nelengva i\u0161gyventi ma\u017eiems verslams, tad nuo \u0161iol, \u010dia rasite ir kit\u0173, ma\u017e\u0173 \u0161eim\u0173 versl\u0173, rank\u0173 darbo, dovan\u0173 sau ir artimiesiems.\",\"publisher\":{\"@id\":\"https:\/\/skaitytaknyga.lt\/#organization\"},\"potentialAction\":[{\"@type\":\"SearchAction\",\"target\":{\"@type\":\"EntryPoint\",\"urlTemplate\":\"https:\/\/skaitytaknyga.lt\/?s={search_term_string}\"},\"query-input\":{\"@type\":\"PropertyValueSpecification\",\"valueRequired\":true,\"valueName\":\"search_term_string\"}}],\"inLanguage\":\"en-GB\"},{\"@type\":\"Organization\",\"@id\":\"https:\/\/skaitytaknyga.lt\/#organization\",\"name\":\"skaitytaknyga.lt\",\"url\":\"https:\/\/skaitytaknyga.lt\/\",\"logo\":{\"@type\":\"ImageObject\",\"inLanguage\":\"en-GB\",\"@id\":\"https:\/\/skaitytaknyga.lt\/#\/schema\/logo\/image\/\",\"url\":\"https:\/\/skaitytaknyga.lt\/wp-content\/uploads\/2024\/05\/cropped-cropped-cropped-02_00843_jt3bggkj1j3HLc7SyY6rEUpg.jpeg\",\"contentUrl\":\"https:\/\/skaitytaknyga.lt\/wp-content\/uploads\/2024\/05\/cropped-cropped-cropped-02_00843_jt3bggkj1j3HLc7SyY6rEUpg.jpeg\",\"width\":1600,\"height\":1600,\"caption\":\"skaitytaknyga.lt\"},\"image\":{\"@id\":\"https:\/\/skaitytaknyga.lt\/#\/schema\/logo\/image\/\"},\"sameAs\":[\"https:\/\/www.facebook.com\/skaitytaknyga\/\"]}]}<\/script>\n<!-- \/ Yoast SEO plugin. -->","yoast_head_json":{"title":"Kazys Pak\u0161tas. Tautinio \u0161auklio odis\u0117ja (1893 - 1960)","description":"I\u0161leista 1970 m. Romoje. Juozas Eretas buvo humanitaras germanistas, Kazys Pak\u0161tas \u2013 geografas, ta\u010diau juodu siejo bendros humanistin\u0117s nuostatos. Abu","robots":{"index":"index","follow":"follow","max-snippet":"max-snippet:-1","max-image-preview":"max-image-preview:large","max-video-preview":"max-video-preview:-1"},"canonical":"https:\/\/skaitytaknyga.lt\/en\/produktas\/kazys-pakstas-tautinio-sauklio-odiseja-1893-1960\/","og_locale":"en_GB","og_type":"article","og_title":"[:lt]Kazys Pak\u0161tas. Tautinio \u0161auklio odis\u0117ja (1893 - 1960)[:] - Skaitytaknyga","og_description":"I\u0161leista 1970 m. Romoje. Juozas Eretas buvo humanitaras germanistas, Kazys Pak\u0161tas \u2013 geografas, ta\u010diau juodu siejo bendros humanistin\u0117s nuostatos. Abu","og_url":"https:\/\/skaitytaknyga.lt\/en\/produktas\/kazys-pakstas-tautinio-sauklio-odiseja-1893-1960\/","og_site_name":"Skaitytaknyga","article_publisher":"https:\/\/www.facebook.com\/skaitytaknyga\/","article_modified_time":"2026-02-26T07:56:11+00:00","og_image":[{"width":418,"height":575,"url":"https:\/\/skaitytaknyga.lt\/wp-content\/uploads\/2026\/02\/Kazys-Pakstas.-Tautinio-sauklio-odiseja-1893-1960.webp","type":"image\/webp"}],"twitter_card":"summary_large_image","schema":{"@context":"https:\/\/schema.org","@graph":[{"@type":"WebPage","@id":"https:\/\/skaitytaknyga.lt\/produktas\/kazys-pakstas-tautinio-sauklio-odiseja-1893-1960\/","url":"https:\/\/skaitytaknyga.lt\/produktas\/kazys-pakstas-tautinio-sauklio-odiseja-1893-1960\/","name":"Kazys Pak\u0161tas. Tautinio \u0161auklio odis\u0117ja (1893 - 1960)","isPartOf":{"@id":"https:\/\/skaitytaknyga.lt\/#website"},"primaryImageOfPage":{"@id":"https:\/\/skaitytaknyga.lt\/produktas\/kazys-pakstas-tautinio-sauklio-odiseja-1893-1960\/#primaryimage"},"image":{"@id":"https:\/\/skaitytaknyga.lt\/produktas\/kazys-pakstas-tautinio-sauklio-odiseja-1893-1960\/#primaryimage"},"thumbnailUrl":"https:\/\/skaitytaknyga.lt\/wp-content\/uploads\/2026\/02\/Kazys-Pakstas.-Tautinio-sauklio-odiseja-1893-1960.webp","datePublished":"2026-02-04T12:27:26+00:00","dateModified":"2026-02-26T07:56:11+00:00","description":"I\u0161leista 1970 m. Romoje. Juozas Eretas buvo humanitaras germanistas, Kazys Pak\u0161tas \u2013 geografas, ta\u010diau juodu siejo bendros humanistin\u0117s nuostatos. Abu","breadcrumb":{"@id":"https:\/\/skaitytaknyga.lt\/produktas\/kazys-pakstas-tautinio-sauklio-odiseja-1893-1960\/#breadcrumb"},"inLanguage":"en-GB","potentialAction":[{"@type":"ReadAction","target":["https:\/\/skaitytaknyga.lt\/produktas\/kazys-pakstas-tautinio-sauklio-odiseja-1893-1960\/"]}]},{"@type":"ImageObject","inLanguage":"en-GB","@id":"https:\/\/skaitytaknyga.lt\/produktas\/kazys-pakstas-tautinio-sauklio-odiseja-1893-1960\/#primaryimage","url":"https:\/\/skaitytaknyga.lt\/wp-content\/uploads\/2026\/02\/Kazys-Pakstas.-Tautinio-sauklio-odiseja-1893-1960.webp","contentUrl":"https:\/\/skaitytaknyga.lt\/wp-content\/uploads\/2026\/02\/Kazys-Pakstas.-Tautinio-sauklio-odiseja-1893-1960.webp","width":418,"height":575},{"@type":"BreadcrumbList","@id":"https:\/\/skaitytaknyga.lt\/produktas\/kazys-pakstas-tautinio-sauklio-odiseja-1893-1960\/#breadcrumb","itemListElement":[{"@type":"ListItem","position":1,"name":"Home","item":"https:\/\/skaitytaknyga.lt\/"},{"@type":"ListItem","position":2,"name":"Parduotuv\u0117","item":"https:\/\/skaitytaknyga.lt\/knygu-parduotuve\/"},{"@type":"ListItem","position":3,"name":"Kazys Pak\u0161tas. Tautinio \u0161auklio odis\u0117ja (1893 &#8211; 1960)"}]},{"@type":"WebSite","@id":"https:\/\/skaitytaknyga.lt\/#website","url":"https:\/\/skaitytaknyga.lt\/","name":"skaitytaknyga.lt","description":"Skaitytaknyga.lt \u2013 tai ma\u017eas \u0161eimos verslas, kuris prasid\u0117jo nuo meil\u0117s knygoms ir siekio i\u0161gelb\u0117ti knygas nuo likimo prie konteinerio. Kas vienam nereikalingas daiktas \u2013 kitam lobis, o mes esame tarpininkai, kurie padeda abiems tapti laimingesniems ???? \u017dinome kaip nelengva i\u0161gyventi ma\u017eiems verslams, tad nuo \u0161iol, \u010dia rasite ir kit\u0173, ma\u017e\u0173 \u0161eim\u0173 versl\u0173, rank\u0173 darbo, dovan\u0173 sau ir artimiesiems.","publisher":{"@id":"https:\/\/skaitytaknyga.lt\/#organization"},"potentialAction":[{"@type":"SearchAction","target":{"@type":"EntryPoint","urlTemplate":"https:\/\/skaitytaknyga.lt\/?s={search_term_string}"},"query-input":{"@type":"PropertyValueSpecification","valueRequired":true,"valueName":"search_term_string"}}],"inLanguage":"en-GB"},{"@type":"Organization","@id":"https:\/\/skaitytaknyga.lt\/#organization","name":"skaitytaknyga.lt","url":"https:\/\/skaitytaknyga.lt\/","logo":{"@type":"ImageObject","inLanguage":"en-GB","@id":"https:\/\/skaitytaknyga.lt\/#\/schema\/logo\/image\/","url":"https:\/\/skaitytaknyga.lt\/wp-content\/uploads\/2024\/05\/cropped-cropped-cropped-02_00843_jt3bggkj1j3HLc7SyY6rEUpg.jpeg","contentUrl":"https:\/\/skaitytaknyga.lt\/wp-content\/uploads\/2024\/05\/cropped-cropped-cropped-02_00843_jt3bggkj1j3HLc7SyY6rEUpg.jpeg","width":1600,"height":1600,"caption":"skaitytaknyga.lt"},"image":{"@id":"https:\/\/skaitytaknyga.lt\/#\/schema\/logo\/image\/"},"sameAs":["https:\/\/www.facebook.com\/skaitytaknyga\/"]}]}},"_links":{"self":[{"href":"https:\/\/skaitytaknyga.lt\/en\/wp-json\/wp\/v2\/product\/22954","targetHints":{"allow":["GET"]}}],"collection":[{"href":"https:\/\/skaitytaknyga.lt\/en\/wp-json\/wp\/v2\/product"}],"about":[{"href":"https:\/\/skaitytaknyga.lt\/en\/wp-json\/wp\/v2\/types\/product"}],"replies":[{"embeddable":true,"href":"https:\/\/skaitytaknyga.lt\/en\/wp-json\/wp\/v2\/comments?post=22954"}],"wp:featuredmedia":[{"embeddable":true,"href":"https:\/\/skaitytaknyga.lt\/en\/wp-json\/wp\/v2\/media\/22964"}],"wp:attachment":[{"href":"https:\/\/skaitytaknyga.lt\/en\/wp-json\/wp\/v2\/media?parent=22954"}],"wp:term":[{"taxonomy":"product_brand","embeddable":true,"href":"https:\/\/skaitytaknyga.lt\/en\/wp-json\/wp\/v2\/product_brand?post=22954"},{"taxonomy":"product_cat","embeddable":true,"href":"https:\/\/skaitytaknyga.lt\/en\/wp-json\/wp\/v2\/product_cat?post=22954"},{"taxonomy":"product_tag","embeddable":true,"href":"https:\/\/skaitytaknyga.lt\/en\/wp-json\/wp\/v2\/product_tag?post=22954"}],"curies":[{"name":"wp","href":"https:\/\/api.w.org\/{rel}","templated":true}]}}