{"id":22953,"date":"2026-02-04T14:27:26","date_gmt":"2026-02-04T12:27:26","guid":{"rendered":"https:\/\/skaitytaknyga.lt\/?post_type=product&#038;p=22953"},"modified":"2026-02-04T15:25:13","modified_gmt":"2026-02-04T13:25:13","slug":"kunigas-juozas-zdebskis-gyvenimas-mastymuose-1-2-knygos-yra-skaitymo-zymiu","status":"publish","type":"product","link":"https:\/\/skaitytaknyga.lt\/en\/produktas\/kunigas-juozas-zdebskis-gyvenimas-mastymuose-1-2-knygos-yra-skaitymo-zymiu\/","title":{"rendered":"Kunigas Juozas Zdebskis, Gyvenimas mastymuose 1-2 knygos (yra skaitymo \u017eymi\u0173)"},"content":{"rendered":"<p>Zdebskio byla, apie kuri\u0105 Lietuvos katalikai ra\u0161\u0117 Memorandume Jungtin\u0117ms Tautoms, paskelb\u0117 \u201eAmerikos balso\u201c ir kitos Vakar\u0173 \u0161ali\u0173 radijo stotys, buvo bene pirmas toks vie\u0161as i\u0161\u0161\u016bkis d\u0117l Lietuvos Katalik\u0173 Ba\u017eny\u010dios persekiojimo ir pirmas dr\u0105sus tikin\u010di\u0173j\u0173 pasiprie\u0161inimas. O kal\u0117jime ra\u0161ytas, aktualumo iki \u0161iol neprarad\u0119s kun. Zdebskio dienora\u0161tis, 1996 m. i\u0161leistas atskira knyga \u201eGyvenimas m\u0105stymuose: kunigas tarp vagi\u0173\u201c, paliudija, jog kalinio dali\u0105 kun. Juozas priima ne kaip nes\u0117km\u0119 ar nelaim\u0119, bet kaip neatskiriam\u0105 kunigo tarnyst\u0117s dal\u012f ir kry\u017ei\u0173.<\/p>\n","protected":false},"excerpt":{"rendered":"<p>Zdebskio byla, apie kuri\u0105 Lietuvos katalikai ra\u0161\u0117 Memorandume Jungtin\u0117ms Tautoms, paskelb\u0117 \u201eAmerikos balso\u201c ir kitos Vakar\u0173 \u0161ali\u0173 radijo stotys, buvo bene pirmas toks vie\u0161as i\u0161\u0161\u016bkis d\u0117l Lietuvos Katalik\u0173 Ba\u017eny\u010dios persekiojimo ir pirmas dr\u0105sus tikin\u010di\u0173j\u0173 pasiprie\u0161inimas. O kal\u0117jime ra\u0161ytas, aktualumo iki \u0161iol neprarad\u0119s kun. Zdebskio dienora\u0161tis, 1996 m. i\u0161leistas atskira knyga \u201eGyvenimas m\u0105stymuose: kunigas tarp vagi\u0173\u201c, paliudija, jog kalinio dali\u0105 kun. Juozas priima ne kaip nes\u0117km\u0119 ar nelaim\u0119, bet kaip neatskiriam\u0105 kunigo tarnyst\u0117s dal\u012f ir kry\u017ei\u0173.<\/p>\n","protected":false},"featured_media":22963,"comment_status":"open","ping_status":"closed","template":"","meta":{"_acf_changed":false,"site-sidebar-layout":"default","site-content-layout":"","ast-site-content-layout":"default","site-content-style":"default","site-sidebar-style":"default","ast-global-header-display":"","ast-banner-title-visibility":"","ast-main-header-display":"","ast-hfb-above-header-display":"","ast-hfb-below-header-display":"","ast-hfb-mobile-header-display":"","site-post-title":"","ast-breadcrumbs-content":"","ast-featured-img":"","footer-sml-layout":"","ast-disable-related-posts":"","theme-transparent-header-meta":"","adv-header-id-meta":"","stick-header-meta":"","header-above-stick-meta":"","header-main-stick-meta":"","header-below-stick-meta":"","astra-migrate-meta-layouts":"default","ast-page-background-enabled":"default","ast-page-background-meta":{"desktop":{"background-color":"","background-image":"","background-repeat":"repeat","background-position":"center center","background-size":"auto","background-attachment":"scroll","background-type":"","background-media":"","overlay-type":"","overlay-color":"","overlay-opacity":"","overlay-gradient":""},"tablet":{"background-color":"","background-image":"","background-repeat":"repeat","background-position":"center center","background-size":"auto","background-attachment":"scroll","background-type":"","background-media":"","overlay-type":"","overlay-color":"","overlay-opacity":"","overlay-gradient":""},"mobile":{"background-color":"","background-image":"","background-repeat":"repeat","background-position":"center center","background-size":"auto","background-attachment":"scroll","background-type":"","background-media":"","overlay-type":"","overlay-color":"","overlay-opacity":"","overlay-gradient":""}},"ast-content-background-meta":{"desktop":{"background-color":"var(--ast-global-color-4)","background-image":"","background-repeat":"repeat","background-position":"center center","background-size":"auto","background-attachment":"scroll","background-type":"","background-media":"","overlay-type":"","overlay-color":"","overlay-opacity":"","overlay-gradient":""},"tablet":{"background-color":"var(--ast-global-color-4)","background-image":"","background-repeat":"repeat","background-position":"center center","background-size":"auto","background-attachment":"scroll","background-type":"","background-media":"","overlay-type":"","overlay-color":"","overlay-opacity":"","overlay-gradient":""},"mobile":{"background-color":"var(--ast-global-color-4)","background-image":"","background-repeat":"repeat","background-position":"center center","background-size":"auto","background-attachment":"scroll","background-type":"","background-media":"","overlay-type":"","overlay-color":"","overlay-opacity":"","overlay-gradient":""}}},"product_brand":[],"product_cat":[33],"product_tag":[9417],"class_list":{"0":"post-22953","1":"product","2":"type-product","3":"status-publish","4":"has-post-thumbnail","6":"product_cat-biografijos","7":"product_tag-juozas-zdebskis","8":"desktop-align-left","9":"tablet-align-left","10":"mobile-align-left","12":"first","13":"instock","14":"shipping-taxable","15":"purchasable","16":"product-type-simple"},"acf":[],"yoast_head":"<!-- This site is optimized with the Yoast SEO plugin v27.0 - https:\/\/yoast.com\/product\/yoast-seo-wordpress\/ -->\n<title>Kunigas Juozas Zdebskis, Gyvenimas mastymuose 1-2 knygos (yra skaitymo \u017eymi\u0173)<\/title>\n<meta name=\"description\" content=\"Zdebskio byla, apie kuri\u0105 Lietuvos katalikai ra\u0161\u0117 Memorandume Jungtin\u0117ms Tautoms, paskelb\u0117 \u201eAmerikos balso\u201c ir kitos Vakar\u0173 \u0161ali\u0173 radijo stotys, buvo bene\" \/>\n<meta name=\"robots\" content=\"index, follow, max-snippet:-1, max-image-preview:large, max-video-preview:-1\" \/>\n<link rel=\"canonical\" href=\"https:\/\/skaitytaknyga.lt\/en\/produktas\/kunigas-juozas-zdebskis-gyvenimas-mastymuose-1-2-knygos-yra-skaitymo-zymiu\/\" \/>\n<meta property=\"og:locale\" content=\"en_GB\" \/>\n<meta property=\"og:locale:alternate\" content=\"lt_LT\" \/>\n<meta property=\"og:type\" content=\"article\" \/>\n<meta property=\"og:title\" content=\"Kunigas Juozas Zdebskis, Gyvenimas mastymuose 1-2 knygos (yra skaitymo \u017eymi\u0173)\" \/>\n<meta property=\"og:description\" content=\"Zdebskio byla, apie kuri\u0105 Lietuvos katalikai ra\u0161\u0117 Memorandume Jungtin\u0117ms Tautoms, paskelb\u0117 \u201eAmerikos balso\u201c ir kitos Vakar\u0173 \u0161ali\u0173 radijo stotys, buvo bene\" \/>\n<meta property=\"og:url\" content=\"https:\/\/skaitytaknyga.lt\/en\/produktas\/kunigas-juozas-zdebskis-gyvenimas-mastymuose-1-2-knygos-yra-skaitymo-zymiu\/\" \/>\n<meta property=\"og:site_name\" content=\"Skaitytaknyga\" \/>\n<meta property=\"article:publisher\" content=\"https:\/\/www.facebook.com\/skaitytaknyga\/\" \/>\n<meta property=\"article:modified_time\" content=\"2026-02-04T13:25:13+00:00\" \/>\n<meta property=\"og:image\" content=\"https:\/\/skaitytaknyga.lt\/wp-content\/uploads\/2026\/02\/skaitytuvas-20250606-2025-06-06-15-13-02-rotated.jpg-1.webp\" \/>\n\t<meta property=\"og:image:width\" content=\"400\" \/>\n\t<meta property=\"og:image:height\" content=\"291\" \/>\n\t<meta property=\"og:image:type\" content=\"image\/webp\" \/>\n<meta name=\"twitter:card\" content=\"summary_large_image\" \/>\n<script type=\"application\/ld+json\" class=\"yoast-schema-graph\">{\"@context\":\"https:\/\/schema.org\",\"@graph\":[{\"@type\":\"WebPage\",\"@id\":\"https:\/\/skaitytaknyga.lt\/produktas\/kunigas-juozas-zdebskis-gyvenimas-mastymuose-1-2-knygos-yra-skaitymo-zymiu\/\",\"url\":\"https:\/\/skaitytaknyga.lt\/produktas\/kunigas-juozas-zdebskis-gyvenimas-mastymuose-1-2-knygos-yra-skaitymo-zymiu\/\",\"name\":\"Kunigas Juozas Zdebskis, Gyvenimas mastymuose 1-2 knygos (yra skaitymo \u017eymi\u0173)\",\"isPartOf\":{\"@id\":\"https:\/\/skaitytaknyga.lt\/#website\"},\"primaryImageOfPage\":{\"@id\":\"https:\/\/skaitytaknyga.lt\/produktas\/kunigas-juozas-zdebskis-gyvenimas-mastymuose-1-2-knygos-yra-skaitymo-zymiu\/#primaryimage\"},\"image\":{\"@id\":\"https:\/\/skaitytaknyga.lt\/produktas\/kunigas-juozas-zdebskis-gyvenimas-mastymuose-1-2-knygos-yra-skaitymo-zymiu\/#primaryimage\"},\"thumbnailUrl\":\"https:\/\/skaitytaknyga.lt\/wp-content\/uploads\/2026\/02\/skaitytuvas-20250606-2025-06-06-15-13-02-rotated.jpg-1.webp\",\"datePublished\":\"2026-02-04T12:27:26+00:00\",\"dateModified\":\"2026-02-04T13:25:13+00:00\",\"description\":\"Zdebskio byla, apie kuri\u0105 Lietuvos katalikai ra\u0161\u0117 Memorandume Jungtin\u0117ms Tautoms, paskelb\u0117 \u201eAmerikos balso\u201c ir kitos Vakar\u0173 \u0161ali\u0173 radijo stotys, buvo bene\",\"breadcrumb\":{\"@id\":\"https:\/\/skaitytaknyga.lt\/produktas\/kunigas-juozas-zdebskis-gyvenimas-mastymuose-1-2-knygos-yra-skaitymo-zymiu\/#breadcrumb\"},\"inLanguage\":\"en-GB\",\"potentialAction\":[{\"@type\":\"ReadAction\",\"target\":[\"https:\/\/skaitytaknyga.lt\/produktas\/kunigas-juozas-zdebskis-gyvenimas-mastymuose-1-2-knygos-yra-skaitymo-zymiu\/\"]}]},{\"@type\":\"ImageObject\",\"inLanguage\":\"en-GB\",\"@id\":\"https:\/\/skaitytaknyga.lt\/produktas\/kunigas-juozas-zdebskis-gyvenimas-mastymuose-1-2-knygos-yra-skaitymo-zymiu\/#primaryimage\",\"url\":\"https:\/\/skaitytaknyga.lt\/wp-content\/uploads\/2026\/02\/skaitytuvas-20250606-2025-06-06-15-13-02-rotated.jpg-1.webp\",\"contentUrl\":\"https:\/\/skaitytaknyga.lt\/wp-content\/uploads\/2026\/02\/skaitytuvas-20250606-2025-06-06-15-13-02-rotated.jpg-1.webp\",\"width\":400,\"height\":291,\"caption\":\"Kunigas Juozas Zdebskis, Gyvenimas mastymuose\"},{\"@type\":\"BreadcrumbList\",\"@id\":\"https:\/\/skaitytaknyga.lt\/produktas\/kunigas-juozas-zdebskis-gyvenimas-mastymuose-1-2-knygos-yra-skaitymo-zymiu\/#breadcrumb\",\"itemListElement\":[{\"@type\":\"ListItem\",\"position\":1,\"name\":\"Home\",\"item\":\"https:\/\/skaitytaknyga.lt\/\"},{\"@type\":\"ListItem\",\"position\":2,\"name\":\"Parduotuv\u0117\",\"item\":\"https:\/\/skaitytaknyga.lt\/knygu-parduotuve\/\"},{\"@type\":\"ListItem\",\"position\":3,\"name\":\"Kunigas Juozas Zdebskis, Gyvenimas mastymuose 1-2 knygos (yra skaitymo \u017eymi\u0173)\"}]},{\"@type\":\"WebSite\",\"@id\":\"https:\/\/skaitytaknyga.lt\/#website\",\"url\":\"https:\/\/skaitytaknyga.lt\/\",\"name\":\"skaitytaknyga.lt\",\"description\":\"Skaitytaknyga.lt \u2013 tai ma\u017eas \u0161eimos verslas, kuris prasid\u0117jo nuo meil\u0117s knygoms ir siekio i\u0161gelb\u0117ti knygas nuo likimo prie konteinerio. Kas vienam nereikalingas daiktas \u2013 kitam lobis, o mes esame tarpininkai, kurie padeda abiems tapti laimingesniems ???? \u017dinome kaip nelengva i\u0161gyventi ma\u017eiems verslams, tad nuo \u0161iol, \u010dia rasite ir kit\u0173, ma\u017e\u0173 \u0161eim\u0173 versl\u0173, rank\u0173 darbo, dovan\u0173 sau ir artimiesiems.\",\"publisher\":{\"@id\":\"https:\/\/skaitytaknyga.lt\/#organization\"},\"potentialAction\":[{\"@type\":\"SearchAction\",\"target\":{\"@type\":\"EntryPoint\",\"urlTemplate\":\"https:\/\/skaitytaknyga.lt\/?s={search_term_string}\"},\"query-input\":{\"@type\":\"PropertyValueSpecification\",\"valueRequired\":true,\"valueName\":\"search_term_string\"}}],\"inLanguage\":\"en-GB\"},{\"@type\":\"Organization\",\"@id\":\"https:\/\/skaitytaknyga.lt\/#organization\",\"name\":\"skaitytaknyga.lt\",\"url\":\"https:\/\/skaitytaknyga.lt\/\",\"logo\":{\"@type\":\"ImageObject\",\"inLanguage\":\"en-GB\",\"@id\":\"https:\/\/skaitytaknyga.lt\/#\/schema\/logo\/image\/\",\"url\":\"https:\/\/skaitytaknyga.lt\/wp-content\/uploads\/2024\/05\/cropped-cropped-cropped-02_00843_jt3bggkj1j3HLc7SyY6rEUpg.jpeg\",\"contentUrl\":\"https:\/\/skaitytaknyga.lt\/wp-content\/uploads\/2024\/05\/cropped-cropped-cropped-02_00843_jt3bggkj1j3HLc7SyY6rEUpg.jpeg\",\"width\":1600,\"height\":1600,\"caption\":\"skaitytaknyga.lt\"},\"image\":{\"@id\":\"https:\/\/skaitytaknyga.lt\/#\/schema\/logo\/image\/\"},\"sameAs\":[\"https:\/\/www.facebook.com\/skaitytaknyga\/\"]}]}<\/script>\n<!-- \/ Yoast SEO plugin. -->","yoast_head_json":{"title":"Kunigas Juozas Zdebskis, Gyvenimas mastymuose 1-2 knygos (yra skaitymo \u017eymi\u0173)","description":"Zdebskio byla, apie kuri\u0105 Lietuvos katalikai ra\u0161\u0117 Memorandume Jungtin\u0117ms Tautoms, paskelb\u0117 \u201eAmerikos balso\u201c ir kitos Vakar\u0173 \u0161ali\u0173 radijo stotys, buvo bene","robots":{"index":"index","follow":"follow","max-snippet":"max-snippet:-1","max-image-preview":"max-image-preview:large","max-video-preview":"max-video-preview:-1"},"canonical":"https:\/\/skaitytaknyga.lt\/en\/produktas\/kunigas-juozas-zdebskis-gyvenimas-mastymuose-1-2-knygos-yra-skaitymo-zymiu\/","og_locale":"en_GB","og_type":"article","og_title":"[:lt]Kunigas Juozas Zdebskis, Gyvenimas mastymuose 1-2 knygos (yra skaitymo \u017eymi\u0173)[:] - Skaitytaknyga","og_description":"Zdebskio byla, apie kuri\u0105 Lietuvos katalikai ra\u0161\u0117 Memorandume Jungtin\u0117ms Tautoms, paskelb\u0117 \u201eAmerikos balso\u201c ir kitos Vakar\u0173 \u0161ali\u0173 radijo stotys, buvo bene","og_url":"https:\/\/skaitytaknyga.lt\/en\/produktas\/kunigas-juozas-zdebskis-gyvenimas-mastymuose-1-2-knygos-yra-skaitymo-zymiu\/","og_site_name":"Skaitytaknyga","article_publisher":"https:\/\/www.facebook.com\/skaitytaknyga\/","article_modified_time":"2026-02-04T13:25:13+00:00","og_image":[{"width":400,"height":291,"url":"https:\/\/skaitytaknyga.lt\/wp-content\/uploads\/2026\/02\/skaitytuvas-20250606-2025-06-06-15-13-02-rotated.jpg-1.webp","type":"image\/webp"}],"twitter_card":"summary_large_image","schema":{"@context":"https:\/\/schema.org","@graph":[{"@type":"WebPage","@id":"https:\/\/skaitytaknyga.lt\/produktas\/kunigas-juozas-zdebskis-gyvenimas-mastymuose-1-2-knygos-yra-skaitymo-zymiu\/","url":"https:\/\/skaitytaknyga.lt\/produktas\/kunigas-juozas-zdebskis-gyvenimas-mastymuose-1-2-knygos-yra-skaitymo-zymiu\/","name":"Kunigas Juozas Zdebskis, Gyvenimas mastymuose 1-2 knygos (yra skaitymo \u017eymi\u0173)","isPartOf":{"@id":"https:\/\/skaitytaknyga.lt\/#website"},"primaryImageOfPage":{"@id":"https:\/\/skaitytaknyga.lt\/produktas\/kunigas-juozas-zdebskis-gyvenimas-mastymuose-1-2-knygos-yra-skaitymo-zymiu\/#primaryimage"},"image":{"@id":"https:\/\/skaitytaknyga.lt\/produktas\/kunigas-juozas-zdebskis-gyvenimas-mastymuose-1-2-knygos-yra-skaitymo-zymiu\/#primaryimage"},"thumbnailUrl":"https:\/\/skaitytaknyga.lt\/wp-content\/uploads\/2026\/02\/skaitytuvas-20250606-2025-06-06-15-13-02-rotated.jpg-1.webp","datePublished":"2026-02-04T12:27:26+00:00","dateModified":"2026-02-04T13:25:13+00:00","description":"Zdebskio byla, apie kuri\u0105 Lietuvos katalikai ra\u0161\u0117 Memorandume Jungtin\u0117ms Tautoms, paskelb\u0117 \u201eAmerikos balso\u201c ir kitos Vakar\u0173 \u0161ali\u0173 radijo stotys, buvo bene","breadcrumb":{"@id":"https:\/\/skaitytaknyga.lt\/produktas\/kunigas-juozas-zdebskis-gyvenimas-mastymuose-1-2-knygos-yra-skaitymo-zymiu\/#breadcrumb"},"inLanguage":"en-GB","potentialAction":[{"@type":"ReadAction","target":["https:\/\/skaitytaknyga.lt\/produktas\/kunigas-juozas-zdebskis-gyvenimas-mastymuose-1-2-knygos-yra-skaitymo-zymiu\/"]}]},{"@type":"ImageObject","inLanguage":"en-GB","@id":"https:\/\/skaitytaknyga.lt\/produktas\/kunigas-juozas-zdebskis-gyvenimas-mastymuose-1-2-knygos-yra-skaitymo-zymiu\/#primaryimage","url":"https:\/\/skaitytaknyga.lt\/wp-content\/uploads\/2026\/02\/skaitytuvas-20250606-2025-06-06-15-13-02-rotated.jpg-1.webp","contentUrl":"https:\/\/skaitytaknyga.lt\/wp-content\/uploads\/2026\/02\/skaitytuvas-20250606-2025-06-06-15-13-02-rotated.jpg-1.webp","width":400,"height":291,"caption":"Kunigas Juozas Zdebskis, Gyvenimas mastymuose"},{"@type":"BreadcrumbList","@id":"https:\/\/skaitytaknyga.lt\/produktas\/kunigas-juozas-zdebskis-gyvenimas-mastymuose-1-2-knygos-yra-skaitymo-zymiu\/#breadcrumb","itemListElement":[{"@type":"ListItem","position":1,"name":"Home","item":"https:\/\/skaitytaknyga.lt\/"},{"@type":"ListItem","position":2,"name":"Parduotuv\u0117","item":"https:\/\/skaitytaknyga.lt\/knygu-parduotuve\/"},{"@type":"ListItem","position":3,"name":"Kunigas Juozas Zdebskis, Gyvenimas mastymuose 1-2 knygos (yra skaitymo \u017eymi\u0173)"}]},{"@type":"WebSite","@id":"https:\/\/skaitytaknyga.lt\/#website","url":"https:\/\/skaitytaknyga.lt\/","name":"skaitytaknyga.lt","description":"Skaitytaknyga.lt \u2013 tai ma\u017eas \u0161eimos verslas, kuris prasid\u0117jo nuo meil\u0117s knygoms ir siekio i\u0161gelb\u0117ti knygas nuo likimo prie konteinerio. Kas vienam nereikalingas daiktas \u2013 kitam lobis, o mes esame tarpininkai, kurie padeda abiems tapti laimingesniems ???? \u017dinome kaip nelengva i\u0161gyventi ma\u017eiems verslams, tad nuo \u0161iol, \u010dia rasite ir kit\u0173, ma\u017e\u0173 \u0161eim\u0173 versl\u0173, rank\u0173 darbo, dovan\u0173 sau ir artimiesiems.","publisher":{"@id":"https:\/\/skaitytaknyga.lt\/#organization"},"potentialAction":[{"@type":"SearchAction","target":{"@type":"EntryPoint","urlTemplate":"https:\/\/skaitytaknyga.lt\/?s={search_term_string}"},"query-input":{"@type":"PropertyValueSpecification","valueRequired":true,"valueName":"search_term_string"}}],"inLanguage":"en-GB"},{"@type":"Organization","@id":"https:\/\/skaitytaknyga.lt\/#organization","name":"skaitytaknyga.lt","url":"https:\/\/skaitytaknyga.lt\/","logo":{"@type":"ImageObject","inLanguage":"en-GB","@id":"https:\/\/skaitytaknyga.lt\/#\/schema\/logo\/image\/","url":"https:\/\/skaitytaknyga.lt\/wp-content\/uploads\/2024\/05\/cropped-cropped-cropped-02_00843_jt3bggkj1j3HLc7SyY6rEUpg.jpeg","contentUrl":"https:\/\/skaitytaknyga.lt\/wp-content\/uploads\/2024\/05\/cropped-cropped-cropped-02_00843_jt3bggkj1j3HLc7SyY6rEUpg.jpeg","width":1600,"height":1600,"caption":"skaitytaknyga.lt"},"image":{"@id":"https:\/\/skaitytaknyga.lt\/#\/schema\/logo\/image\/"},"sameAs":["https:\/\/www.facebook.com\/skaitytaknyga\/"]}]}},"_links":{"self":[{"href":"https:\/\/skaitytaknyga.lt\/en\/wp-json\/wp\/v2\/product\/22953","targetHints":{"allow":["GET"]}}],"collection":[{"href":"https:\/\/skaitytaknyga.lt\/en\/wp-json\/wp\/v2\/product"}],"about":[{"href":"https:\/\/skaitytaknyga.lt\/en\/wp-json\/wp\/v2\/types\/product"}],"replies":[{"embeddable":true,"href":"https:\/\/skaitytaknyga.lt\/en\/wp-json\/wp\/v2\/comments?post=22953"}],"wp:featuredmedia":[{"embeddable":true,"href":"https:\/\/skaitytaknyga.lt\/en\/wp-json\/wp\/v2\/media\/22963"}],"wp:attachment":[{"href":"https:\/\/skaitytaknyga.lt\/en\/wp-json\/wp\/v2\/media?parent=22953"}],"wp:term":[{"taxonomy":"product_brand","embeddable":true,"href":"https:\/\/skaitytaknyga.lt\/en\/wp-json\/wp\/v2\/product_brand?post=22953"},{"taxonomy":"product_cat","embeddable":true,"href":"https:\/\/skaitytaknyga.lt\/en\/wp-json\/wp\/v2\/product_cat?post=22953"},{"taxonomy":"product_tag","embeddable":true,"href":"https:\/\/skaitytaknyga.lt\/en\/wp-json\/wp\/v2\/product_tag?post=22953"}],"curies":[{"name":"wp","href":"https:\/\/api.w.org\/{rel}","templated":true}]}}