{"id":22946,"date":"2026-02-04T12:42:12","date_gmt":"2026-02-04T10:42:12","guid":{"rendered":"https:\/\/skaitytaknyga.lt\/?post_type=product&#038;p=22946"},"modified":"2026-03-10T19:44:23","modified_gmt":"2026-03-10T17:44:23","slug":"tvarkingu-namu-stebuklas","status":"publish","type":"product","link":"https:\/\/skaitytaknyga.lt\/en\/produktas\/tvarkingu-namu-stebuklas\/","title":{"rendered":"Tvarking\u0173 nam\u0173 stebuklas"},"content":{"rendered":"<p>Naudodamiesi Marie Kondo (KonMari) metodu, apra\u0161omu knygoje, susikurkite jaukius namus kart\u0105 ir visiems laikams!<\/p>\n<p>Feng\u0161ui filosofija moko, kaip gyventi darnoje su savo prigimtimi. Savo tvarkymo metodu siekiu to paties. Mano \u012fsitikinimu, tikrasis tvarkymo tikslas yra gyventi kuo \u012fmanoma nat\u016braliau. Manau, kad tur\u0117ti tik tai, kas mums patinka ir ko tikrai reikia, yra pati nat\u016braliausia \u017emogaus b\u016bkl\u0117.<\/p>\n<p>Svarbiausia i\u0161r\u016b\u0161iuoti ir atrinkti daiktus, kurie jums teikia d\u017eiaugsm\u0105, o kurie tik u\u017eima viet\u0105 namuose. Susitvark\u0119 nam\u0173 erdv\u0119 pagal KonMari patarimus, pajusite, kaip j\u016bs\u0173 gyvenime atsirado daugiau erdv\u0117s asmeniniam tobul\u0117jimui, pom\u0117giams, kad jau\u010diat\u0117s laimingesni ir lengvesni. Nam\u0173 erdv\u0117s tvarka, pasirodo, susijusi ir su santykiais su artimaisiais, praeitimi, o labiausiai, \u017einoma, su pa\u010diu savimi.<\/p>\n<p>Svarstydami, k\u0105 pasilikti, klauskite savo \u0161irdies; svarstydami, k\u0105 kur pad\u0117ti, klauskite savo nam\u0173.<\/p>\n","protected":false},"excerpt":{"rendered":"<p>Naudodamiesi Marie Kondo (KonMari) metodu, apra\u0161omu knygoje, susikurkite jaukius namus kart\u0105 ir visiems laikams! Feng\u0161ui filosofija moko, kaip gyventi darnoje su savo prigimtimi. Savo tvarkymo metodu siekiu to paties. Mano \u012fsitikinimu, tikrasis tvarkymo tikslas yra gyventi kuo \u012fmanoma nat\u016braliau. Manau, kad tur\u0117ti tik tai, kas mums patinka ir ko tikrai reikia, yra pati nat\u016braliausia \u017emogaus b\u016bkl\u0117. Svarbiausia i\u0161r\u016b\u0161iuoti ir atrinkti daiktus, kurie jums teikia d\u017eiaugsm\u0105, o kurie tik u\u017eima viet\u0105 namuose. Susitvark\u0119 nam\u0173 erdv\u0119 pagal KonMari patarimus, pajusite, kaip j\u016bs\u0173 gyvenime atsirado daugiau erdv\u0117s asmeniniam tobul\u0117jimui, pom\u0117giams, kad jau\u010diat\u0117s laimingesni ir lengvesni. Nam\u0173 erdv\u0117s tvarka, pasirodo, susijusi ir su santykiais su artimaisiais, praeitimi, o labiausiai, \u017einoma, su pa\u010diu savimi. Svarstydami, k\u0105 pasilikti, klauskite savo \u0161irdies; svarstydami, k\u0105 kur pad\u0117ti, klauskite savo nam\u0173.<\/p>\n","protected":false},"featured_media":22951,"comment_status":"open","ping_status":"closed","template":"","meta":{"_acf_changed":false,"site-sidebar-layout":"default","site-content-layout":"","ast-site-content-layout":"default","site-content-style":"default","site-sidebar-style":"default","ast-global-header-display":"","ast-banner-title-visibility":"","ast-main-header-display":"","ast-hfb-above-header-display":"","ast-hfb-below-header-display":"","ast-hfb-mobile-header-display":"","site-post-title":"","ast-breadcrumbs-content":"","ast-featured-img":"","footer-sml-layout":"","ast-disable-related-posts":"","theme-transparent-header-meta":"","adv-header-id-meta":"","stick-header-meta":"","header-above-stick-meta":"","header-main-stick-meta":"","header-below-stick-meta":"","astra-migrate-meta-layouts":"default","ast-page-background-enabled":"default","ast-page-background-meta":{"desktop":{"background-color":"","background-image":"","background-repeat":"repeat","background-position":"center center","background-size":"auto","background-attachment":"scroll","background-type":"","background-media":"","overlay-type":"","overlay-color":"","overlay-opacity":"","overlay-gradient":""},"tablet":{"background-color":"","background-image":"","background-repeat":"repeat","background-position":"center center","background-size":"auto","background-attachment":"scroll","background-type":"","background-media":"","overlay-type":"","overlay-color":"","overlay-opacity":"","overlay-gradient":""},"mobile":{"background-color":"","background-image":"","background-repeat":"repeat","background-position":"center center","background-size":"auto","background-attachment":"scroll","background-type":"","background-media":"","overlay-type":"","overlay-color":"","overlay-opacity":"","overlay-gradient":""}},"ast-content-background-meta":{"desktop":{"background-color":"var(--ast-global-color-4)","background-image":"","background-repeat":"repeat","background-position":"center center","background-size":"auto","background-attachment":"scroll","background-type":"","background-media":"","overlay-type":"","overlay-color":"","overlay-opacity":"","overlay-gradient":""},"tablet":{"background-color":"var(--ast-global-color-4)","background-image":"","background-repeat":"repeat","background-position":"center center","background-size":"auto","background-attachment":"scroll","background-type":"","background-media":"","overlay-type":"","overlay-color":"","overlay-opacity":"","overlay-gradient":""},"mobile":{"background-color":"var(--ast-global-color-4)","background-image":"","background-repeat":"repeat","background-position":"center center","background-size":"auto","background-attachment":"scroll","background-type":"","background-media":"","overlay-type":"","overlay-color":"","overlay-opacity":"","overlay-gradient":""}}},"product_brand":[],"product_cat":[56],"product_tag":[9411],"class_list":{"0":"post-22946","1":"product","2":"type-product","3":"status-publish","4":"has-post-thumbnail","6":"product_cat-namu-irengimas-ir-prieziura","7":"product_tag-marie-kondo","8":"desktop-align-left","9":"tablet-align-left","10":"mobile-align-left","12":"first","13":"instock","14":"shipping-taxable","15":"purchasable","16":"product-type-simple"},"acf":[],"yoast_head":"<!-- This site is optimized with the Yoast SEO plugin v27.0 - https:\/\/yoast.com\/product\/yoast-seo-wordpress\/ -->\n<title>Tvarking\u0173 nam\u0173 stebuklas<\/title>\n<meta name=\"description\" content=\"Naudodamiesi Marie Kondo (KonMari) metodu, apra\u0161omu knygoje, susikurkite jaukius namus kart\u0105 ir visiems laikams! Feng\u0161ui filosofija moko, kaip gyventi\" \/>\n<meta name=\"robots\" content=\"index, follow, max-snippet:-1, max-image-preview:large, max-video-preview:-1\" \/>\n<link rel=\"canonical\" href=\"https:\/\/skaitytaknyga.lt\/en\/produktas\/tvarkingu-namu-stebuklas\/\" \/>\n<meta property=\"og:locale\" content=\"en_GB\" \/>\n<meta property=\"og:locale:alternate\" content=\"lt_LT\" \/>\n<meta property=\"og:type\" content=\"article\" \/>\n<meta property=\"og:title\" content=\"Tvarking\u0173 nam\u0173 stebuklas\" \/>\n<meta property=\"og:description\" content=\"Naudodamiesi Marie Kondo (KonMari) metodu, apra\u0161omu knygoje, susikurkite jaukius namus kart\u0105 ir visiems laikams! Feng\u0161ui filosofija moko, kaip gyventi\" \/>\n<meta property=\"og:url\" content=\"https:\/\/skaitytaknyga.lt\/en\/produktas\/tvarkingu-namu-stebuklas\/\" \/>\n<meta property=\"og:site_name\" content=\"Skaitytaknyga\" \/>\n<meta property=\"article:publisher\" content=\"https:\/\/www.facebook.com\/skaitytaknyga\/\" \/>\n<meta property=\"article:modified_time\" content=\"2026-03-10T17:44:23+00:00\" \/>\n<meta property=\"og:image\" content=\"https:\/\/skaitytaknyga.lt\/wp-content\/uploads\/2026\/02\/Tvarkingu-namu-stebuklas-1.webp\" \/>\n\t<meta property=\"og:image:width\" content=\"300\" \/>\n\t<meta property=\"og:image:height\" content=\"386\" \/>\n\t<meta property=\"og:image:type\" content=\"image\/webp\" \/>\n<meta name=\"twitter:card\" content=\"summary_large_image\" \/>\n<meta name=\"twitter:label1\" content=\"Estimated reading time\" \/>\n\t<meta name=\"twitter:data1\" content=\"1 minute\" \/>\n<script type=\"application\/ld+json\" class=\"yoast-schema-graph\">{\"@context\":\"https:\/\/schema.org\",\"@graph\":[{\"@type\":\"WebPage\",\"@id\":\"https:\/\/skaitytaknyga.lt\/produktas\/tvarkingu-namu-stebuklas\/\",\"url\":\"https:\/\/skaitytaknyga.lt\/produktas\/tvarkingu-namu-stebuklas\/\",\"name\":\"Tvarking\u0173 nam\u0173 stebuklas\",\"isPartOf\":{\"@id\":\"https:\/\/skaitytaknyga.lt\/#website\"},\"primaryImageOfPage\":{\"@id\":\"https:\/\/skaitytaknyga.lt\/produktas\/tvarkingu-namu-stebuklas\/#primaryimage\"},\"image\":{\"@id\":\"https:\/\/skaitytaknyga.lt\/produktas\/tvarkingu-namu-stebuklas\/#primaryimage\"},\"thumbnailUrl\":\"https:\/\/skaitytaknyga.lt\/wp-content\/uploads\/2026\/02\/Tvarkingu-namu-stebuklas-1.webp\",\"datePublished\":\"2026-02-04T10:42:12+00:00\",\"dateModified\":\"2026-03-10T17:44:23+00:00\",\"description\":\"Naudodamiesi Marie Kondo (KonMari) metodu, apra\u0161omu knygoje, susikurkite jaukius namus kart\u0105 ir visiems laikams! Feng\u0161ui filosofija moko, kaip gyventi\",\"breadcrumb\":{\"@id\":\"https:\/\/skaitytaknyga.lt\/produktas\/tvarkingu-namu-stebuklas\/#breadcrumb\"},\"inLanguage\":\"en-GB\",\"potentialAction\":[{\"@type\":\"ReadAction\",\"target\":[\"https:\/\/skaitytaknyga.lt\/produktas\/tvarkingu-namu-stebuklas\/\"]}]},{\"@type\":\"ImageObject\",\"inLanguage\":\"en-GB\",\"@id\":\"https:\/\/skaitytaknyga.lt\/produktas\/tvarkingu-namu-stebuklas\/#primaryimage\",\"url\":\"https:\/\/skaitytaknyga.lt\/wp-content\/uploads\/2026\/02\/Tvarkingu-namu-stebuklas-1.webp\",\"contentUrl\":\"https:\/\/skaitytaknyga.lt\/wp-content\/uploads\/2026\/02\/Tvarkingu-namu-stebuklas-1.webp\",\"width\":300,\"height\":386,\"caption\":\"Tvarking\u0173 nam\u0173 stebuklas\"},{\"@type\":\"BreadcrumbList\",\"@id\":\"https:\/\/skaitytaknyga.lt\/produktas\/tvarkingu-namu-stebuklas\/#breadcrumb\",\"itemListElement\":[{\"@type\":\"ListItem\",\"position\":1,\"name\":\"Home\",\"item\":\"https:\/\/skaitytaknyga.lt\/\"},{\"@type\":\"ListItem\",\"position\":2,\"name\":\"Parduotuv\u0117\",\"item\":\"https:\/\/skaitytaknyga.lt\/knygu-parduotuve\/\"},{\"@type\":\"ListItem\",\"position\":3,\"name\":\"Tvarking\u0173 nam\u0173 stebuklas\"}]},{\"@type\":\"WebSite\",\"@id\":\"https:\/\/skaitytaknyga.lt\/#website\",\"url\":\"https:\/\/skaitytaknyga.lt\/\",\"name\":\"skaitytaknyga.lt\",\"description\":\"Skaitytaknyga.lt \u2013 tai ma\u017eas \u0161eimos verslas, kuris prasid\u0117jo nuo meil\u0117s knygoms ir siekio i\u0161gelb\u0117ti knygas nuo likimo prie konteinerio. Kas vienam nereikalingas daiktas \u2013 kitam lobis, o mes esame tarpininkai, kurie padeda abiems tapti laimingesniems ???? \u017dinome kaip nelengva i\u0161gyventi ma\u017eiems verslams, tad nuo \u0161iol, \u010dia rasite ir kit\u0173, ma\u017e\u0173 \u0161eim\u0173 versl\u0173, rank\u0173 darbo, dovan\u0173 sau ir artimiesiems.\",\"publisher\":{\"@id\":\"https:\/\/skaitytaknyga.lt\/#organization\"},\"potentialAction\":[{\"@type\":\"SearchAction\",\"target\":{\"@type\":\"EntryPoint\",\"urlTemplate\":\"https:\/\/skaitytaknyga.lt\/?s={search_term_string}\"},\"query-input\":{\"@type\":\"PropertyValueSpecification\",\"valueRequired\":true,\"valueName\":\"search_term_string\"}}],\"inLanguage\":\"en-GB\"},{\"@type\":\"Organization\",\"@id\":\"https:\/\/skaitytaknyga.lt\/#organization\",\"name\":\"skaitytaknyga.lt\",\"url\":\"https:\/\/skaitytaknyga.lt\/\",\"logo\":{\"@type\":\"ImageObject\",\"inLanguage\":\"en-GB\",\"@id\":\"https:\/\/skaitytaknyga.lt\/#\/schema\/logo\/image\/\",\"url\":\"https:\/\/skaitytaknyga.lt\/wp-content\/uploads\/2024\/05\/cropped-cropped-cropped-02_00843_jt3bggkj1j3HLc7SyY6rEUpg.jpeg\",\"contentUrl\":\"https:\/\/skaitytaknyga.lt\/wp-content\/uploads\/2024\/05\/cropped-cropped-cropped-02_00843_jt3bggkj1j3HLc7SyY6rEUpg.jpeg\",\"width\":1600,\"height\":1600,\"caption\":\"skaitytaknyga.lt\"},\"image\":{\"@id\":\"https:\/\/skaitytaknyga.lt\/#\/schema\/logo\/image\/\"},\"sameAs\":[\"https:\/\/www.facebook.com\/skaitytaknyga\/\"]}]}<\/script>\n<!-- \/ Yoast SEO plugin. -->","yoast_head_json":{"title":"Tvarking\u0173 nam\u0173 stebuklas","description":"Naudodamiesi Marie Kondo (KonMari) metodu, apra\u0161omu knygoje, susikurkite jaukius namus kart\u0105 ir visiems laikams! Feng\u0161ui filosofija moko, kaip gyventi","robots":{"index":"index","follow":"follow","max-snippet":"max-snippet:-1","max-image-preview":"max-image-preview:large","max-video-preview":"max-video-preview:-1"},"canonical":"https:\/\/skaitytaknyga.lt\/en\/produktas\/tvarkingu-namu-stebuklas\/","og_locale":"en_GB","og_type":"article","og_title":"[:lt]Tvarking\u0173 nam\u0173 stebuklas[:] - Skaitytaknyga","og_description":"Naudodamiesi Marie Kondo (KonMari) metodu, apra\u0161omu knygoje, susikurkite jaukius namus kart\u0105 ir visiems laikams! Feng\u0161ui filosofija moko, kaip gyventi","og_url":"https:\/\/skaitytaknyga.lt\/en\/produktas\/tvarkingu-namu-stebuklas\/","og_site_name":"Skaitytaknyga","article_publisher":"https:\/\/www.facebook.com\/skaitytaknyga\/","article_modified_time":"2026-03-10T17:44:23+00:00","og_image":[{"width":300,"height":386,"url":"https:\/\/skaitytaknyga.lt\/wp-content\/uploads\/2026\/02\/Tvarkingu-namu-stebuklas-1.webp","type":"image\/webp"}],"twitter_card":"summary_large_image","twitter_misc":{"Estimated reading time":"1 minute"},"schema":{"@context":"https:\/\/schema.org","@graph":[{"@type":"WebPage","@id":"https:\/\/skaitytaknyga.lt\/produktas\/tvarkingu-namu-stebuklas\/","url":"https:\/\/skaitytaknyga.lt\/produktas\/tvarkingu-namu-stebuklas\/","name":"Tvarking\u0173 nam\u0173 stebuklas","isPartOf":{"@id":"https:\/\/skaitytaknyga.lt\/#website"},"primaryImageOfPage":{"@id":"https:\/\/skaitytaknyga.lt\/produktas\/tvarkingu-namu-stebuklas\/#primaryimage"},"image":{"@id":"https:\/\/skaitytaknyga.lt\/produktas\/tvarkingu-namu-stebuklas\/#primaryimage"},"thumbnailUrl":"https:\/\/skaitytaknyga.lt\/wp-content\/uploads\/2026\/02\/Tvarkingu-namu-stebuklas-1.webp","datePublished":"2026-02-04T10:42:12+00:00","dateModified":"2026-03-10T17:44:23+00:00","description":"Naudodamiesi Marie Kondo (KonMari) metodu, apra\u0161omu knygoje, susikurkite jaukius namus kart\u0105 ir visiems laikams! Feng\u0161ui filosofija moko, kaip gyventi","breadcrumb":{"@id":"https:\/\/skaitytaknyga.lt\/produktas\/tvarkingu-namu-stebuklas\/#breadcrumb"},"inLanguage":"en-GB","potentialAction":[{"@type":"ReadAction","target":["https:\/\/skaitytaknyga.lt\/produktas\/tvarkingu-namu-stebuklas\/"]}]},{"@type":"ImageObject","inLanguage":"en-GB","@id":"https:\/\/skaitytaknyga.lt\/produktas\/tvarkingu-namu-stebuklas\/#primaryimage","url":"https:\/\/skaitytaknyga.lt\/wp-content\/uploads\/2026\/02\/Tvarkingu-namu-stebuklas-1.webp","contentUrl":"https:\/\/skaitytaknyga.lt\/wp-content\/uploads\/2026\/02\/Tvarkingu-namu-stebuklas-1.webp","width":300,"height":386,"caption":"Tvarking\u0173 nam\u0173 stebuklas"},{"@type":"BreadcrumbList","@id":"https:\/\/skaitytaknyga.lt\/produktas\/tvarkingu-namu-stebuklas\/#breadcrumb","itemListElement":[{"@type":"ListItem","position":1,"name":"Home","item":"https:\/\/skaitytaknyga.lt\/"},{"@type":"ListItem","position":2,"name":"Parduotuv\u0117","item":"https:\/\/skaitytaknyga.lt\/knygu-parduotuve\/"},{"@type":"ListItem","position":3,"name":"Tvarking\u0173 nam\u0173 stebuklas"}]},{"@type":"WebSite","@id":"https:\/\/skaitytaknyga.lt\/#website","url":"https:\/\/skaitytaknyga.lt\/","name":"skaitytaknyga.lt","description":"Skaitytaknyga.lt \u2013 tai ma\u017eas \u0161eimos verslas, kuris prasid\u0117jo nuo meil\u0117s knygoms ir siekio i\u0161gelb\u0117ti knygas nuo likimo prie konteinerio. Kas vienam nereikalingas daiktas \u2013 kitam lobis, o mes esame tarpininkai, kurie padeda abiems tapti laimingesniems ???? \u017dinome kaip nelengva i\u0161gyventi ma\u017eiems verslams, tad nuo \u0161iol, \u010dia rasite ir kit\u0173, ma\u017e\u0173 \u0161eim\u0173 versl\u0173, rank\u0173 darbo, dovan\u0173 sau ir artimiesiems.","publisher":{"@id":"https:\/\/skaitytaknyga.lt\/#organization"},"potentialAction":[{"@type":"SearchAction","target":{"@type":"EntryPoint","urlTemplate":"https:\/\/skaitytaknyga.lt\/?s={search_term_string}"},"query-input":{"@type":"PropertyValueSpecification","valueRequired":true,"valueName":"search_term_string"}}],"inLanguage":"en-GB"},{"@type":"Organization","@id":"https:\/\/skaitytaknyga.lt\/#organization","name":"skaitytaknyga.lt","url":"https:\/\/skaitytaknyga.lt\/","logo":{"@type":"ImageObject","inLanguage":"en-GB","@id":"https:\/\/skaitytaknyga.lt\/#\/schema\/logo\/image\/","url":"https:\/\/skaitytaknyga.lt\/wp-content\/uploads\/2024\/05\/cropped-cropped-cropped-02_00843_jt3bggkj1j3HLc7SyY6rEUpg.jpeg","contentUrl":"https:\/\/skaitytaknyga.lt\/wp-content\/uploads\/2024\/05\/cropped-cropped-cropped-02_00843_jt3bggkj1j3HLc7SyY6rEUpg.jpeg","width":1600,"height":1600,"caption":"skaitytaknyga.lt"},"image":{"@id":"https:\/\/skaitytaknyga.lt\/#\/schema\/logo\/image\/"},"sameAs":["https:\/\/www.facebook.com\/skaitytaknyga\/"]}]}},"_links":{"self":[{"href":"https:\/\/skaitytaknyga.lt\/en\/wp-json\/wp\/v2\/product\/22946","targetHints":{"allow":["GET"]}}],"collection":[{"href":"https:\/\/skaitytaknyga.lt\/en\/wp-json\/wp\/v2\/product"}],"about":[{"href":"https:\/\/skaitytaknyga.lt\/en\/wp-json\/wp\/v2\/types\/product"}],"replies":[{"embeddable":true,"href":"https:\/\/skaitytaknyga.lt\/en\/wp-json\/wp\/v2\/comments?post=22946"}],"wp:featuredmedia":[{"embeddable":true,"href":"https:\/\/skaitytaknyga.lt\/en\/wp-json\/wp\/v2\/media\/22951"}],"wp:attachment":[{"href":"https:\/\/skaitytaknyga.lt\/en\/wp-json\/wp\/v2\/media?parent=22946"}],"wp:term":[{"taxonomy":"product_brand","embeddable":true,"href":"https:\/\/skaitytaknyga.lt\/en\/wp-json\/wp\/v2\/product_brand?post=22946"},{"taxonomy":"product_cat","embeddable":true,"href":"https:\/\/skaitytaknyga.lt\/en\/wp-json\/wp\/v2\/product_cat?post=22946"},{"taxonomy":"product_tag","embeddable":true,"href":"https:\/\/skaitytaknyga.lt\/en\/wp-json\/wp\/v2\/product_tag?post=22946"}],"curies":[{"name":"wp","href":"https:\/\/api.w.org\/{rel}","templated":true}]}}