{"id":22944,"date":"2026-02-04T12:42:11","date_gmt":"2026-02-04T10:42:11","guid":{"rendered":"https:\/\/skaitytaknyga.lt\/?post_type=product&#038;p=22944"},"modified":"2026-02-04T12:55:21","modified_gmt":"2026-02-04T10:55:21","slug":"slovakija-ispudingiausi-turistiniai-marsrutai-2","status":"publish","type":"product","link":"https:\/\/skaitytaknyga.lt\/en\/produktas\/slovakija-ispudingiausi-turistiniai-marsrutai-2\/","title":{"rendered":"Slovakija. \u012esp\u016bdingiausi turistiniai mar\u0161rutai"},"content":{"rendered":"<p>Knygoje apra\u0161oma keliolika rinktini\u0173 turistini\u0173 mar\u0161rut\u0173 po Slovakij\u0105. Leidinio (ir daugumos jame esan\u010di\u0173 fotografij\u0173) autoriai daugel\u012f met\u0173 dirbo kelioni\u0173 po Slovakij\u0105 vadovais, tad visus galimus mar\u0161rutus yra gerai i\u0161tyr\u0119. Atrinkti tie i\u0161 j\u0173, kuriais keliaujant geriausiai atsiskleid\u017eia kra\u0161to gamtos gro\u017eis, galima pamatyti daugiausia istorijos ir kult\u016bros paminkl\u0173.<\/p>\n<p>Knygos autoriai Dalia ir Romas Prakapai, daugel\u012f met\u0173 dirbdami kelioni\u0173 vadovais, yra i\u0161va\u017ein\u0117j\u0119 ir i\u0161vaik\u0161\u010dioj\u0119 Slovakij\u0105 skersai ir i\u0161ilgai. Visi knygoje si\u016blomi mar\u0161rutai yra ne kart\u0105 j\u0173 pa\u010di\u0173 patikrinti. I\u0161 daugyb\u0117s galim\u0173 atrinkti tie, kurie veda gra\u017eiausiomis, \u012fdomiausiomis vietomis, atveria keliautojui ne tik kra\u0161to gamtos turtus, bet ir kult\u016bros vertybes, istorijos paminklus.<\/p>\n","protected":false},"excerpt":{"rendered":"<p>Knygoje apra\u0161oma keliolika rinktini\u0173 turistini\u0173 mar\u0161rut\u0173 po Slovakij\u0105. Leidinio (ir daugumos jame esan\u010di\u0173 fotografij\u0173) autoriai daugel\u012f met\u0173 dirbo kelioni\u0173 po Slovakij\u0105 vadovais, tad visus galimus mar\u0161rutus yra gerai i\u0161tyr\u0119. Atrinkti tie i\u0161 j\u0173, kuriais keliaujant geriausiai atsiskleid\u017eia kra\u0161to gamtos gro\u017eis, galima pamatyti daugiausia istorijos ir kult\u016bros paminkl\u0173. Knygos autoriai Dalia ir Romas Prakapai, daugel\u012f met\u0173 dirbdami kelioni\u0173 vadovais, yra i\u0161va\u017ein\u0117j\u0119 ir i\u0161vaik\u0161\u010dioj\u0119 Slovakij\u0105 skersai ir i\u0161ilgai. Visi knygoje si\u016blomi mar\u0161rutai yra ne kart\u0105 j\u0173 pa\u010di\u0173 patikrinti. I\u0161 daugyb\u0117s galim\u0173 atrinkti tie, kurie veda gra\u017eiausiomis, \u012fdomiausiomis vietomis, atveria keliautojui ne tik kra\u0161to gamtos turtus, bet ir kult\u016bros vertybes, istorijos paminklus.<\/p>\n","protected":false},"featured_media":22949,"comment_status":"open","ping_status":"closed","template":"","meta":{"_acf_changed":false,"site-sidebar-layout":"default","site-content-layout":"","ast-site-content-layout":"default","site-content-style":"default","site-sidebar-style":"default","ast-global-header-display":"","ast-banner-title-visibility":"","ast-main-header-display":"","ast-hfb-above-header-display":"","ast-hfb-below-header-display":"","ast-hfb-mobile-header-display":"","site-post-title":"","ast-breadcrumbs-content":"","ast-featured-img":"","footer-sml-layout":"","ast-disable-related-posts":"","theme-transparent-header-meta":"","adv-header-id-meta":"","stick-header-meta":"","header-above-stick-meta":"","header-main-stick-meta":"","header-below-stick-meta":"","astra-migrate-meta-layouts":"default","ast-page-background-enabled":"default","ast-page-background-meta":{"desktop":{"background-color":"","background-image":"","background-repeat":"repeat","background-position":"center center","background-size":"auto","background-attachment":"scroll","background-type":"","background-media":"","overlay-type":"","overlay-color":"","overlay-opacity":"","overlay-gradient":""},"tablet":{"background-color":"","background-image":"","background-repeat":"repeat","background-position":"center center","background-size":"auto","background-attachment":"scroll","background-type":"","background-media":"","overlay-type":"","overlay-color":"","overlay-opacity":"","overlay-gradient":""},"mobile":{"background-color":"","background-image":"","background-repeat":"repeat","background-position":"center center","background-size":"auto","background-attachment":"scroll","background-type":"","background-media":"","overlay-type":"","overlay-color":"","overlay-opacity":"","overlay-gradient":""}},"ast-content-background-meta":{"desktop":{"background-color":"var(--ast-global-color-4)","background-image":"","background-repeat":"repeat","background-position":"center center","background-size":"auto","background-attachment":"scroll","background-type":"","background-media":"","overlay-type":"","overlay-color":"","overlay-opacity":"","overlay-gradient":""},"tablet":{"background-color":"var(--ast-global-color-4)","background-image":"","background-repeat":"repeat","background-position":"center center","background-size":"auto","background-attachment":"scroll","background-type":"","background-media":"","overlay-type":"","overlay-color":"","overlay-opacity":"","overlay-gradient":""},"mobile":{"background-color":"var(--ast-global-color-4)","background-image":"","background-repeat":"repeat","background-position":"center center","background-size":"auto","background-attachment":"scroll","background-type":"","background-media":"","overlay-type":"","overlay-color":"","overlay-opacity":"","overlay-gradient":""}}},"product_brand":[],"product_cat":[15],"product_tag":[9406,9405],"class_list":{"0":"post-22944","1":"product","2":"type-product","3":"status-publish","4":"has-post-thumbnail","6":"product_cat-uncategorized","7":"product_tag-dalia-prakapiene","8":"product_tag-romas-prakapas","9":"desktop-align-left","10":"tablet-align-left","11":"mobile-align-left","13":"first","14":"instock","15":"shipping-taxable","16":"purchasable","17":"product-type-simple"},"acf":[],"yoast_head":"<!-- This site is optimized with the Yoast SEO plugin v27.0 - https:\/\/yoast.com\/product\/yoast-seo-wordpress\/ -->\n<title>Slovakija. \u012esp\u016bdingiausi turistiniai mar\u0161rutai<\/title>\n<meta name=\"description\" content=\"Knygoje apra\u0161oma keliolika rinktini\u0173 turistini\u0173 mar\u0161rut\u0173 po Slovakij\u0105. Leidinio (ir daugumos jame esan\u010di\u0173 fotografij\u0173) autoriai daugel\u012f met\u0173 dirbo\" \/>\n<meta name=\"robots\" content=\"index, follow, max-snippet:-1, max-image-preview:large, max-video-preview:-1\" \/>\n<link rel=\"canonical\" href=\"https:\/\/skaitytaknyga.lt\/en\/produktas\/slovakija-ispudingiausi-turistiniai-marsrutai-2\/\" \/>\n<meta property=\"og:locale\" content=\"en_GB\" \/>\n<meta property=\"og:locale:alternate\" content=\"lt_LT\" \/>\n<meta property=\"og:type\" content=\"article\" \/>\n<meta property=\"og:title\" content=\"Slovakija. \u012esp\u016bdingiausi turistiniai mar\u0161rutai\" \/>\n<meta property=\"og:description\" content=\"Knygoje apra\u0161oma keliolika rinktini\u0173 turistini\u0173 mar\u0161rut\u0173 po Slovakij\u0105. Leidinio (ir daugumos jame esan\u010di\u0173 fotografij\u0173) autoriai daugel\u012f met\u0173 dirbo\" \/>\n<meta property=\"og:url\" content=\"https:\/\/skaitytaknyga.lt\/en\/produktas\/slovakija-ispudingiausi-turistiniai-marsrutai-2\/\" \/>\n<meta property=\"og:site_name\" content=\"Skaitytaknyga\" \/>\n<meta property=\"article:publisher\" content=\"https:\/\/www.facebook.com\/skaitytaknyga\/\" \/>\n<meta property=\"article:modified_time\" content=\"2026-02-04T10:55:21+00:00\" \/>\n<meta property=\"og:image\" content=\"https:\/\/skaitytaknyga.lt\/wp-content\/uploads\/2026\/02\/Slovakija.-Ispudingiausi-turistiniai-marsrutai-1.webp\" \/>\n\t<meta property=\"og:image:width\" content=\"300\" \/>\n\t<meta property=\"og:image:height\" content=\"439\" \/>\n\t<meta property=\"og:image:type\" content=\"image\/webp\" \/>\n<meta name=\"twitter:card\" content=\"summary_large_image\" \/>\n<meta name=\"twitter:label1\" content=\"Estimated reading time\" \/>\n\t<meta name=\"twitter:data1\" content=\"1 minute\" \/>\n<script type=\"application\/ld+json\" class=\"yoast-schema-graph\">{\"@context\":\"https:\/\/schema.org\",\"@graph\":[{\"@type\":\"WebPage\",\"@id\":\"https:\/\/skaitytaknyga.lt\/produktas\/slovakija-ispudingiausi-turistiniai-marsrutai-2\/\",\"url\":\"https:\/\/skaitytaknyga.lt\/produktas\/slovakija-ispudingiausi-turistiniai-marsrutai-2\/\",\"name\":\"Slovakija. \u012esp\u016bdingiausi turistiniai mar\u0161rutai\",\"isPartOf\":{\"@id\":\"https:\/\/skaitytaknyga.lt\/#website\"},\"primaryImageOfPage\":{\"@id\":\"https:\/\/skaitytaknyga.lt\/produktas\/slovakija-ispudingiausi-turistiniai-marsrutai-2\/#primaryimage\"},\"image\":{\"@id\":\"https:\/\/skaitytaknyga.lt\/produktas\/slovakija-ispudingiausi-turistiniai-marsrutai-2\/#primaryimage\"},\"thumbnailUrl\":\"https:\/\/skaitytaknyga.lt\/wp-content\/uploads\/2026\/02\/Slovakija.-Ispudingiausi-turistiniai-marsrutai-1.webp\",\"datePublished\":\"2026-02-04T10:42:11+00:00\",\"dateModified\":\"2026-02-04T10:55:21+00:00\",\"description\":\"Knygoje apra\u0161oma keliolika rinktini\u0173 turistini\u0173 mar\u0161rut\u0173 po Slovakij\u0105. Leidinio (ir daugumos jame esan\u010di\u0173 fotografij\u0173) autoriai daugel\u012f met\u0173 dirbo\",\"breadcrumb\":{\"@id\":\"https:\/\/skaitytaknyga.lt\/produktas\/slovakija-ispudingiausi-turistiniai-marsrutai-2\/#breadcrumb\"},\"inLanguage\":\"en-GB\",\"potentialAction\":[{\"@type\":\"ReadAction\",\"target\":[\"https:\/\/skaitytaknyga.lt\/produktas\/slovakija-ispudingiausi-turistiniai-marsrutai-2\/\"]}]},{\"@type\":\"ImageObject\",\"inLanguage\":\"en-GB\",\"@id\":\"https:\/\/skaitytaknyga.lt\/produktas\/slovakija-ispudingiausi-turistiniai-marsrutai-2\/#primaryimage\",\"url\":\"https:\/\/skaitytaknyga.lt\/wp-content\/uploads\/2026\/02\/Slovakija.-Ispudingiausi-turistiniai-marsrutai-1.webp\",\"contentUrl\":\"https:\/\/skaitytaknyga.lt\/wp-content\/uploads\/2026\/02\/Slovakija.-Ispudingiausi-turistiniai-marsrutai-1.webp\",\"width\":300,\"height\":439},{\"@type\":\"BreadcrumbList\",\"@id\":\"https:\/\/skaitytaknyga.lt\/produktas\/slovakija-ispudingiausi-turistiniai-marsrutai-2\/#breadcrumb\",\"itemListElement\":[{\"@type\":\"ListItem\",\"position\":1,\"name\":\"Home\",\"item\":\"https:\/\/skaitytaknyga.lt\/\"},{\"@type\":\"ListItem\",\"position\":2,\"name\":\"Parduotuv\u0117\",\"item\":\"https:\/\/skaitytaknyga.lt\/knygu-parduotuve\/\"},{\"@type\":\"ListItem\",\"position\":3,\"name\":\"Slovakija. \u012esp\u016bdingiausi turistiniai mar\u0161rutai\"}]},{\"@type\":\"WebSite\",\"@id\":\"https:\/\/skaitytaknyga.lt\/#website\",\"url\":\"https:\/\/skaitytaknyga.lt\/\",\"name\":\"skaitytaknyga.lt\",\"description\":\"Skaitytaknyga.lt \u2013 tai ma\u017eas \u0161eimos verslas, kuris prasid\u0117jo nuo meil\u0117s knygoms ir siekio i\u0161gelb\u0117ti knygas nuo likimo prie konteinerio. Kas vienam nereikalingas daiktas \u2013 kitam lobis, o mes esame tarpininkai, kurie padeda abiems tapti laimingesniems ???? \u017dinome kaip nelengva i\u0161gyventi ma\u017eiems verslams, tad nuo \u0161iol, \u010dia rasite ir kit\u0173, ma\u017e\u0173 \u0161eim\u0173 versl\u0173, rank\u0173 darbo, dovan\u0173 sau ir artimiesiems.\",\"publisher\":{\"@id\":\"https:\/\/skaitytaknyga.lt\/#organization\"},\"potentialAction\":[{\"@type\":\"SearchAction\",\"target\":{\"@type\":\"EntryPoint\",\"urlTemplate\":\"https:\/\/skaitytaknyga.lt\/?s={search_term_string}\"},\"query-input\":{\"@type\":\"PropertyValueSpecification\",\"valueRequired\":true,\"valueName\":\"search_term_string\"}}],\"inLanguage\":\"en-GB\"},{\"@type\":\"Organization\",\"@id\":\"https:\/\/skaitytaknyga.lt\/#organization\",\"name\":\"skaitytaknyga.lt\",\"url\":\"https:\/\/skaitytaknyga.lt\/\",\"logo\":{\"@type\":\"ImageObject\",\"inLanguage\":\"en-GB\",\"@id\":\"https:\/\/skaitytaknyga.lt\/#\/schema\/logo\/image\/\",\"url\":\"https:\/\/skaitytaknyga.lt\/wp-content\/uploads\/2024\/05\/cropped-cropped-cropped-02_00843_jt3bggkj1j3HLc7SyY6rEUpg.jpeg\",\"contentUrl\":\"https:\/\/skaitytaknyga.lt\/wp-content\/uploads\/2024\/05\/cropped-cropped-cropped-02_00843_jt3bggkj1j3HLc7SyY6rEUpg.jpeg\",\"width\":1600,\"height\":1600,\"caption\":\"skaitytaknyga.lt\"},\"image\":{\"@id\":\"https:\/\/skaitytaknyga.lt\/#\/schema\/logo\/image\/\"},\"sameAs\":[\"https:\/\/www.facebook.com\/skaitytaknyga\/\"]}]}<\/script>\n<!-- \/ Yoast SEO plugin. -->","yoast_head_json":{"title":"Slovakija. \u012esp\u016bdingiausi turistiniai mar\u0161rutai","description":"Knygoje apra\u0161oma keliolika rinktini\u0173 turistini\u0173 mar\u0161rut\u0173 po Slovakij\u0105. Leidinio (ir daugumos jame esan\u010di\u0173 fotografij\u0173) autoriai daugel\u012f met\u0173 dirbo","robots":{"index":"index","follow":"follow","max-snippet":"max-snippet:-1","max-image-preview":"max-image-preview:large","max-video-preview":"max-video-preview:-1"},"canonical":"https:\/\/skaitytaknyga.lt\/en\/produktas\/slovakija-ispudingiausi-turistiniai-marsrutai-2\/","og_locale":"en_GB","og_type":"article","og_title":"[:lt]Slovakija. \u012esp\u016bdingiausi turistiniai mar\u0161rutai[:] - Skaitytaknyga","og_description":"Knygoje apra\u0161oma keliolika rinktini\u0173 turistini\u0173 mar\u0161rut\u0173 po Slovakij\u0105. Leidinio (ir daugumos jame esan\u010di\u0173 fotografij\u0173) autoriai daugel\u012f met\u0173 dirbo","og_url":"https:\/\/skaitytaknyga.lt\/en\/produktas\/slovakija-ispudingiausi-turistiniai-marsrutai-2\/","og_site_name":"Skaitytaknyga","article_publisher":"https:\/\/www.facebook.com\/skaitytaknyga\/","article_modified_time":"2026-02-04T10:55:21+00:00","og_image":[{"width":300,"height":439,"url":"https:\/\/skaitytaknyga.lt\/wp-content\/uploads\/2026\/02\/Slovakija.-Ispudingiausi-turistiniai-marsrutai-1.webp","type":"image\/webp"}],"twitter_card":"summary_large_image","twitter_misc":{"Estimated reading time":"1 minute"},"schema":{"@context":"https:\/\/schema.org","@graph":[{"@type":"WebPage","@id":"https:\/\/skaitytaknyga.lt\/produktas\/slovakija-ispudingiausi-turistiniai-marsrutai-2\/","url":"https:\/\/skaitytaknyga.lt\/produktas\/slovakija-ispudingiausi-turistiniai-marsrutai-2\/","name":"Slovakija. \u012esp\u016bdingiausi turistiniai mar\u0161rutai","isPartOf":{"@id":"https:\/\/skaitytaknyga.lt\/#website"},"primaryImageOfPage":{"@id":"https:\/\/skaitytaknyga.lt\/produktas\/slovakija-ispudingiausi-turistiniai-marsrutai-2\/#primaryimage"},"image":{"@id":"https:\/\/skaitytaknyga.lt\/produktas\/slovakija-ispudingiausi-turistiniai-marsrutai-2\/#primaryimage"},"thumbnailUrl":"https:\/\/skaitytaknyga.lt\/wp-content\/uploads\/2026\/02\/Slovakija.-Ispudingiausi-turistiniai-marsrutai-1.webp","datePublished":"2026-02-04T10:42:11+00:00","dateModified":"2026-02-04T10:55:21+00:00","description":"Knygoje apra\u0161oma keliolika rinktini\u0173 turistini\u0173 mar\u0161rut\u0173 po Slovakij\u0105. Leidinio (ir daugumos jame esan\u010di\u0173 fotografij\u0173) autoriai daugel\u012f met\u0173 dirbo","breadcrumb":{"@id":"https:\/\/skaitytaknyga.lt\/produktas\/slovakija-ispudingiausi-turistiniai-marsrutai-2\/#breadcrumb"},"inLanguage":"en-GB","potentialAction":[{"@type":"ReadAction","target":["https:\/\/skaitytaknyga.lt\/produktas\/slovakija-ispudingiausi-turistiniai-marsrutai-2\/"]}]},{"@type":"ImageObject","inLanguage":"en-GB","@id":"https:\/\/skaitytaknyga.lt\/produktas\/slovakija-ispudingiausi-turistiniai-marsrutai-2\/#primaryimage","url":"https:\/\/skaitytaknyga.lt\/wp-content\/uploads\/2026\/02\/Slovakija.-Ispudingiausi-turistiniai-marsrutai-1.webp","contentUrl":"https:\/\/skaitytaknyga.lt\/wp-content\/uploads\/2026\/02\/Slovakija.-Ispudingiausi-turistiniai-marsrutai-1.webp","width":300,"height":439},{"@type":"BreadcrumbList","@id":"https:\/\/skaitytaknyga.lt\/produktas\/slovakija-ispudingiausi-turistiniai-marsrutai-2\/#breadcrumb","itemListElement":[{"@type":"ListItem","position":1,"name":"Home","item":"https:\/\/skaitytaknyga.lt\/"},{"@type":"ListItem","position":2,"name":"Parduotuv\u0117","item":"https:\/\/skaitytaknyga.lt\/knygu-parduotuve\/"},{"@type":"ListItem","position":3,"name":"Slovakija. \u012esp\u016bdingiausi turistiniai mar\u0161rutai"}]},{"@type":"WebSite","@id":"https:\/\/skaitytaknyga.lt\/#website","url":"https:\/\/skaitytaknyga.lt\/","name":"skaitytaknyga.lt","description":"Skaitytaknyga.lt \u2013 tai ma\u017eas \u0161eimos verslas, kuris prasid\u0117jo nuo meil\u0117s knygoms ir siekio i\u0161gelb\u0117ti knygas nuo likimo prie konteinerio. Kas vienam nereikalingas daiktas \u2013 kitam lobis, o mes esame tarpininkai, kurie padeda abiems tapti laimingesniems ???? \u017dinome kaip nelengva i\u0161gyventi ma\u017eiems verslams, tad nuo \u0161iol, \u010dia rasite ir kit\u0173, ma\u017e\u0173 \u0161eim\u0173 versl\u0173, rank\u0173 darbo, dovan\u0173 sau ir artimiesiems.","publisher":{"@id":"https:\/\/skaitytaknyga.lt\/#organization"},"potentialAction":[{"@type":"SearchAction","target":{"@type":"EntryPoint","urlTemplate":"https:\/\/skaitytaknyga.lt\/?s={search_term_string}"},"query-input":{"@type":"PropertyValueSpecification","valueRequired":true,"valueName":"search_term_string"}}],"inLanguage":"en-GB"},{"@type":"Organization","@id":"https:\/\/skaitytaknyga.lt\/#organization","name":"skaitytaknyga.lt","url":"https:\/\/skaitytaknyga.lt\/","logo":{"@type":"ImageObject","inLanguage":"en-GB","@id":"https:\/\/skaitytaknyga.lt\/#\/schema\/logo\/image\/","url":"https:\/\/skaitytaknyga.lt\/wp-content\/uploads\/2024\/05\/cropped-cropped-cropped-02_00843_jt3bggkj1j3HLc7SyY6rEUpg.jpeg","contentUrl":"https:\/\/skaitytaknyga.lt\/wp-content\/uploads\/2024\/05\/cropped-cropped-cropped-02_00843_jt3bggkj1j3HLc7SyY6rEUpg.jpeg","width":1600,"height":1600,"caption":"skaitytaknyga.lt"},"image":{"@id":"https:\/\/skaitytaknyga.lt\/#\/schema\/logo\/image\/"},"sameAs":["https:\/\/www.facebook.com\/skaitytaknyga\/"]}]}},"_links":{"self":[{"href":"https:\/\/skaitytaknyga.lt\/en\/wp-json\/wp\/v2\/product\/22944","targetHints":{"allow":["GET"]}}],"collection":[{"href":"https:\/\/skaitytaknyga.lt\/en\/wp-json\/wp\/v2\/product"}],"about":[{"href":"https:\/\/skaitytaknyga.lt\/en\/wp-json\/wp\/v2\/types\/product"}],"replies":[{"embeddable":true,"href":"https:\/\/skaitytaknyga.lt\/en\/wp-json\/wp\/v2\/comments?post=22944"}],"wp:featuredmedia":[{"embeddable":true,"href":"https:\/\/skaitytaknyga.lt\/en\/wp-json\/wp\/v2\/media\/22949"}],"wp:attachment":[{"href":"https:\/\/skaitytaknyga.lt\/en\/wp-json\/wp\/v2\/media?parent=22944"}],"wp:term":[{"taxonomy":"product_brand","embeddable":true,"href":"https:\/\/skaitytaknyga.lt\/en\/wp-json\/wp\/v2\/product_brand?post=22944"},{"taxonomy":"product_cat","embeddable":true,"href":"https:\/\/skaitytaknyga.lt\/en\/wp-json\/wp\/v2\/product_cat?post=22944"},{"taxonomy":"product_tag","embeddable":true,"href":"https:\/\/skaitytaknyga.lt\/en\/wp-json\/wp\/v2\/product_tag?post=22944"}],"curies":[{"name":"wp","href":"https:\/\/api.w.org\/{rel}","templated":true}]}}