{"id":22943,"date":"2026-02-04T12:42:11","date_gmt":"2026-02-04T10:42:11","guid":{"rendered":"https:\/\/skaitytaknyga.lt\/?post_type=product&#038;p=22943"},"modified":"2026-03-18T14:59:37","modified_gmt":"2026-03-18T12:59:37","slug":"1941-1952-metu-lietuvos-tremtiniai","status":"publish","type":"product","link":"https:\/\/skaitytaknyga.lt\/en\/produktas\/1941-1952-metu-lietuvos-tremtiniai\/","title":{"rendered":"1941-1952 met\u0173 Lietuvos tremtiniai (i\u0161tepta apa\u010dia)"},"content":{"rendered":"<p>Tai atminimo duokl\u0117 ir gyviesiems, gr\u012f\u017eusiems i\u0161 tremties, kur daugelis j\u0173 prarado sveikat\u0105 ir j\u0117gas. Knyga parengta remiantis Lietuvos Respublikos Vidaus reikal\u0173 ministerijos Informatikos tarybos turima archyvine mad\u017eiaga. Sudarytojai steng\u0117si pateikti kuo pilnesn\u012f i\u0161tremt\u0173j\u0173 s\u0105ra\u0161\u0105, patikslinti j\u0173 pavardes ir gyvenamaj\u0105 viet\u0105. Verta priminti, kad deportuot\u0173 \u017emoni\u0173 s\u0105ra\u0161us da\u017enai sudarin\u0117jo nelietuviai ir menko i\u0161silavinimo represini\u0173 organ\u0173 pareig\u016bnai, tod\u0117l dokumentuose daug netaisyklingai, i\u0161kreiptai para\u0161yt\u0173 pavard\u017ei\u0173, vietovard\u017ei\u0173, kit\u0173 duomen\u0173. Sudarytojai taip pat laiko b\u016btina pa\u017eym\u0117ti, kad Respublikos VRM Informatikos tarnyba dar neturi piln\u0173 ir tiksli\u0173 duomen\u0173 apie visus 1940\u20131952 m. i\u0161tremtus Lietuvos gyventojus. Tremtini\u0173 gyvenam\u0105j\u0105 viet\u0105 stengtasi pateikti pagal dabartin\u012f (1992.07.01) Lietuvos Respublikos administracin\u012f teritorin\u012f suskirstym\u0105. I knyga apima Lietuvos rajonus nuo A (Akmen\u0117s) iki L (Lazdij\u0173).<\/p>\n","protected":false},"excerpt":{"rendered":"<p>Tai atminimo duokl\u0117 ir gyviesiems, gr\u012f\u017eusiems i\u0161 tremties, kur daugelis j\u0173 prarado sveikat\u0105 ir j\u0117gas. Knyga parengta remiantis Lietuvos Respublikos Vidaus reikal\u0173 ministerijos Informatikos tarybos turima archyvine mad\u017eiaga. Sudarytojai steng\u0117si pateikti kuo pilnesn\u012f i\u0161tremt\u0173j\u0173 s\u0105ra\u0161\u0105, patikslinti j\u0173 pavardes ir gyvenamaj\u0105 viet\u0105. Verta priminti, kad deportuot\u0173 \u017emoni\u0173 s\u0105ra\u0161us da\u017enai sudarin\u0117jo nelietuviai ir menko i\u0161silavinimo represini\u0173 organ\u0173 pareig\u016bnai, tod\u0117l dokumentuose daug netaisyklingai, i\u0161kreiptai para\u0161yt\u0173 pavard\u017ei\u0173, vietovard\u017ei\u0173, kit\u0173 duomen\u0173. Sudarytojai taip pat laiko b\u016btina pa\u017eym\u0117ti, kad Respublikos VRM Informatikos tarnyba dar neturi piln\u0173 ir tiksli\u0173 duomen\u0173 apie visus 1940\u20131952 m. i\u0161tremtus Lietuvos gyventojus. Tremtini\u0173 gyvenam\u0105j\u0105 viet\u0105 stengtasi pateikti pagal dabartin\u012f (1992.07.01) Lietuvos Respublikos administracin\u012f teritorin\u012f suskirstym\u0105. I knyga apima Lietuvos rajonus nuo A (Akmen\u0117s) iki L (Lazdij\u0173).<\/p>\n","protected":false},"featured_media":22948,"comment_status":"open","ping_status":"closed","template":"","meta":{"_acf_changed":false,"site-sidebar-layout":"default","site-content-layout":"","ast-site-content-layout":"default","site-content-style":"default","site-sidebar-style":"default","ast-global-header-display":"","ast-banner-title-visibility":"","ast-main-header-display":"","ast-hfb-above-header-display":"","ast-hfb-below-header-display":"","ast-hfb-mobile-header-display":"","site-post-title":"","ast-breadcrumbs-content":"","ast-featured-img":"","footer-sml-layout":"","ast-disable-related-posts":"","theme-transparent-header-meta":"","adv-header-id-meta":"","stick-header-meta":"","header-above-stick-meta":"","header-main-stick-meta":"","header-below-stick-meta":"","astra-migrate-meta-layouts":"default","ast-page-background-enabled":"default","ast-page-background-meta":{"desktop":{"background-color":"","background-image":"","background-repeat":"repeat","background-position":"center center","background-size":"auto","background-attachment":"scroll","background-type":"","background-media":"","overlay-type":"","overlay-color":"","overlay-opacity":"","overlay-gradient":""},"tablet":{"background-color":"","background-image":"","background-repeat":"repeat","background-position":"center center","background-size":"auto","background-attachment":"scroll","background-type":"","background-media":"","overlay-type":"","overlay-color":"","overlay-opacity":"","overlay-gradient":""},"mobile":{"background-color":"","background-image":"","background-repeat":"repeat","background-position":"center center","background-size":"auto","background-attachment":"scroll","background-type":"","background-media":"","overlay-type":"","overlay-color":"","overlay-opacity":"","overlay-gradient":""}},"ast-content-background-meta":{"desktop":{"background-color":"var(--ast-global-color-4)","background-image":"","background-repeat":"repeat","background-position":"center center","background-size":"auto","background-attachment":"scroll","background-type":"","background-media":"","overlay-type":"","overlay-color":"","overlay-opacity":"","overlay-gradient":""},"tablet":{"background-color":"var(--ast-global-color-4)","background-image":"","background-repeat":"repeat","background-position":"center center","background-size":"auto","background-attachment":"scroll","background-type":"","background-media":"","overlay-type":"","overlay-color":"","overlay-opacity":"","overlay-gradient":""},"mobile":{"background-color":"var(--ast-global-color-4)","background-image":"","background-repeat":"repeat","background-position":"center center","background-size":"auto","background-attachment":"scroll","background-type":"","background-media":"","overlay-type":"","overlay-color":"","overlay-opacity":"","overlay-gradient":""}}},"product_brand":[],"product_cat":[9862,174],"product_tag":[],"class_list":{"0":"post-22943","1":"product","2":"type-product","3":"status-publish","4":"has-post-thumbnail","6":"product_cat-lietuvos-istorija","7":"product_cat-istorija-ir-politologija","8":"desktop-align-left","9":"tablet-align-left","10":"mobile-align-left","12":"first","13":"instock","14":"shipping-taxable","15":"purchasable","16":"product-type-simple"},"acf":[],"yoast_head":"<!-- This site is optimized with the Yoast SEO plugin v27.0 - https:\/\/yoast.com\/product\/yoast-seo-wordpress\/ -->\n<title>1941-1952 met\u0173 Lietuvos tremtiniai (i\u0161tepta apa\u010dia)<\/title>\n<meta name=\"description\" content=\"Tai atminimo duokl\u0117 ir gyviesiems, gr\u012f\u017eusiems i\u0161 tremties, kur daugelis j\u0173 prarado sveikat\u0105 ir j\u0117gas. Knyga parengta remiantis Lietuvos Respublikos Vidaus\" \/>\n<meta name=\"robots\" content=\"index, follow, max-snippet:-1, max-image-preview:large, max-video-preview:-1\" \/>\n<link rel=\"canonical\" href=\"https:\/\/skaitytaknyga.lt\/en\/produktas\/1941-1952-metu-lietuvos-tremtiniai\/\" \/>\n<meta property=\"og:locale\" content=\"en_GB\" \/>\n<meta property=\"og:locale:alternate\" content=\"lt_LT\" \/>\n<meta property=\"og:type\" content=\"article\" \/>\n<meta property=\"og:title\" content=\"1941-1952 met\u0173 Lietuvos tremtiniai (i\u0161tepta apa\u010dia)\" \/>\n<meta property=\"og:description\" content=\"Tai atminimo duokl\u0117 ir gyviesiems, gr\u012f\u017eusiems i\u0161 tremties, kur daugelis j\u0173 prarado sveikat\u0105 ir j\u0117gas. Knyga parengta remiantis Lietuvos Respublikos Vidaus\" \/>\n<meta property=\"og:url\" content=\"https:\/\/skaitytaknyga.lt\/en\/produktas\/1941-1952-metu-lietuvos-tremtiniai\/\" \/>\n<meta property=\"og:site_name\" content=\"Skaitytaknyga\" \/>\n<meta property=\"article:publisher\" content=\"https:\/\/www.facebook.com\/skaitytaknyga\/\" \/>\n<meta property=\"article:modified_time\" content=\"2026-03-18T12:59:37+00:00\" \/>\n<meta property=\"og:image\" content=\"https:\/\/skaitytaknyga.lt\/wp-content\/uploads\/2026\/02\/1941-1952-metu-Lietuvos-tremtiniai-e1770201774770.webp\" \/>\n\t<meta property=\"og:image:width\" content=\"415\" \/>\n\t<meta property=\"og:image:height\" content=\"520\" \/>\n\t<meta property=\"og:image:type\" content=\"image\/webp\" \/>\n<meta name=\"twitter:card\" content=\"summary_large_image\" \/>\n<meta name=\"twitter:label1\" content=\"Estimated reading time\" \/>\n\t<meta name=\"twitter:data1\" content=\"1 minute\" \/>\n<script type=\"application\/ld+json\" class=\"yoast-schema-graph\">{\"@context\":\"https:\/\/schema.org\",\"@graph\":[{\"@type\":\"WebPage\",\"@id\":\"https:\/\/skaitytaknyga.lt\/produktas\/1941-1952-metu-lietuvos-tremtiniai\/\",\"url\":\"https:\/\/skaitytaknyga.lt\/produktas\/1941-1952-metu-lietuvos-tremtiniai\/\",\"name\":\"1941-1952 met\u0173 Lietuvos tremtiniai (i\u0161tepta apa\u010dia)\",\"isPartOf\":{\"@id\":\"https:\/\/skaitytaknyga.lt\/#website\"},\"primaryImageOfPage\":{\"@id\":\"https:\/\/skaitytaknyga.lt\/produktas\/1941-1952-metu-lietuvos-tremtiniai\/#primaryimage\"},\"image\":{\"@id\":\"https:\/\/skaitytaknyga.lt\/produktas\/1941-1952-metu-lietuvos-tremtiniai\/#primaryimage\"},\"thumbnailUrl\":\"https:\/\/skaitytaknyga.lt\/wp-content\/uploads\/2026\/02\/1941-1952-metu-Lietuvos-tremtiniai-e1770201774770.webp\",\"datePublished\":\"2026-02-04T10:42:11+00:00\",\"dateModified\":\"2026-03-18T12:59:37+00:00\",\"description\":\"Tai atminimo duokl\u0117 ir gyviesiems, gr\u012f\u017eusiems i\u0161 tremties, kur daugelis j\u0173 prarado sveikat\u0105 ir j\u0117gas. Knyga parengta remiantis Lietuvos Respublikos Vidaus\",\"breadcrumb\":{\"@id\":\"https:\/\/skaitytaknyga.lt\/produktas\/1941-1952-metu-lietuvos-tremtiniai\/#breadcrumb\"},\"inLanguage\":\"en-GB\",\"potentialAction\":[{\"@type\":\"ReadAction\",\"target\":[\"https:\/\/skaitytaknyga.lt\/produktas\/1941-1952-metu-lietuvos-tremtiniai\/\"]}]},{\"@type\":\"ImageObject\",\"inLanguage\":\"en-GB\",\"@id\":\"https:\/\/skaitytaknyga.lt\/produktas\/1941-1952-metu-lietuvos-tremtiniai\/#primaryimage\",\"url\":\"https:\/\/skaitytaknyga.lt\/wp-content\/uploads\/2026\/02\/1941-1952-metu-Lietuvos-tremtiniai-e1770201774770.webp\",\"contentUrl\":\"https:\/\/skaitytaknyga.lt\/wp-content\/uploads\/2026\/02\/1941-1952-metu-Lietuvos-tremtiniai-e1770201774770.webp\",\"width\":415,\"height\":520},{\"@type\":\"BreadcrumbList\",\"@id\":\"https:\/\/skaitytaknyga.lt\/produktas\/1941-1952-metu-lietuvos-tremtiniai\/#breadcrumb\",\"itemListElement\":[{\"@type\":\"ListItem\",\"position\":1,\"name\":\"Home\",\"item\":\"https:\/\/skaitytaknyga.lt\/\"},{\"@type\":\"ListItem\",\"position\":2,\"name\":\"Parduotuv\u0117\",\"item\":\"https:\/\/skaitytaknyga.lt\/knygu-parduotuve\/\"},{\"@type\":\"ListItem\",\"position\":3,\"name\":\"1941-1952 met\u0173 Lietuvos tremtiniai (i\u0161tepta apa\u010dia)\"}]},{\"@type\":\"WebSite\",\"@id\":\"https:\/\/skaitytaknyga.lt\/#website\",\"url\":\"https:\/\/skaitytaknyga.lt\/\",\"name\":\"skaitytaknyga.lt\",\"description\":\"Skaitytaknyga.lt \u2013 tai ma\u017eas \u0161eimos verslas, kuris prasid\u0117jo nuo meil\u0117s knygoms ir siekio i\u0161gelb\u0117ti knygas nuo likimo prie konteinerio. Kas vienam nereikalingas daiktas \u2013 kitam lobis, o mes esame tarpininkai, kurie padeda abiems tapti laimingesniems ???? \u017dinome kaip nelengva i\u0161gyventi ma\u017eiems verslams, tad nuo \u0161iol, \u010dia rasite ir kit\u0173, ma\u017e\u0173 \u0161eim\u0173 versl\u0173, rank\u0173 darbo, dovan\u0173 sau ir artimiesiems.\",\"publisher\":{\"@id\":\"https:\/\/skaitytaknyga.lt\/#organization\"},\"potentialAction\":[{\"@type\":\"SearchAction\",\"target\":{\"@type\":\"EntryPoint\",\"urlTemplate\":\"https:\/\/skaitytaknyga.lt\/?s={search_term_string}\"},\"query-input\":{\"@type\":\"PropertyValueSpecification\",\"valueRequired\":true,\"valueName\":\"search_term_string\"}}],\"inLanguage\":\"en-GB\"},{\"@type\":\"Organization\",\"@id\":\"https:\/\/skaitytaknyga.lt\/#organization\",\"name\":\"skaitytaknyga.lt\",\"url\":\"https:\/\/skaitytaknyga.lt\/\",\"logo\":{\"@type\":\"ImageObject\",\"inLanguage\":\"en-GB\",\"@id\":\"https:\/\/skaitytaknyga.lt\/#\/schema\/logo\/image\/\",\"url\":\"https:\/\/skaitytaknyga.lt\/wp-content\/uploads\/2024\/05\/cropped-cropped-cropped-02_00843_jt3bggkj1j3HLc7SyY6rEUpg.jpeg\",\"contentUrl\":\"https:\/\/skaitytaknyga.lt\/wp-content\/uploads\/2024\/05\/cropped-cropped-cropped-02_00843_jt3bggkj1j3HLc7SyY6rEUpg.jpeg\",\"width\":1600,\"height\":1600,\"caption\":\"skaitytaknyga.lt\"},\"image\":{\"@id\":\"https:\/\/skaitytaknyga.lt\/#\/schema\/logo\/image\/\"},\"sameAs\":[\"https:\/\/www.facebook.com\/skaitytaknyga\/\"]}]}<\/script>\n<!-- \/ Yoast SEO plugin. -->","yoast_head_json":{"title":"1941-1952 met\u0173 Lietuvos tremtiniai (i\u0161tepta apa\u010dia)","description":"Tai atminimo duokl\u0117 ir gyviesiems, gr\u012f\u017eusiems i\u0161 tremties, kur daugelis j\u0173 prarado sveikat\u0105 ir j\u0117gas. Knyga parengta remiantis Lietuvos Respublikos Vidaus","robots":{"index":"index","follow":"follow","max-snippet":"max-snippet:-1","max-image-preview":"max-image-preview:large","max-video-preview":"max-video-preview:-1"},"canonical":"https:\/\/skaitytaknyga.lt\/en\/produktas\/1941-1952-metu-lietuvos-tremtiniai\/","og_locale":"en_GB","og_type":"article","og_title":"[:lt]1941-1952 met\u0173 Lietuvos tremtiniai (i\u0161tepta apa\u010dia)[:] - Skaitytaknyga","og_description":"Tai atminimo duokl\u0117 ir gyviesiems, gr\u012f\u017eusiems i\u0161 tremties, kur daugelis j\u0173 prarado sveikat\u0105 ir j\u0117gas. Knyga parengta remiantis Lietuvos Respublikos Vidaus","og_url":"https:\/\/skaitytaknyga.lt\/en\/produktas\/1941-1952-metu-lietuvos-tremtiniai\/","og_site_name":"Skaitytaknyga","article_publisher":"https:\/\/www.facebook.com\/skaitytaknyga\/","article_modified_time":"2026-03-18T12:59:37+00:00","og_image":[{"width":415,"height":520,"url":"https:\/\/skaitytaknyga.lt\/wp-content\/uploads\/2026\/02\/1941-1952-metu-Lietuvos-tremtiniai-e1770201774770.webp","type":"image\/webp"}],"twitter_card":"summary_large_image","twitter_misc":{"Estimated reading time":"1 minute"},"schema":{"@context":"https:\/\/schema.org","@graph":[{"@type":"WebPage","@id":"https:\/\/skaitytaknyga.lt\/produktas\/1941-1952-metu-lietuvos-tremtiniai\/","url":"https:\/\/skaitytaknyga.lt\/produktas\/1941-1952-metu-lietuvos-tremtiniai\/","name":"1941-1952 met\u0173 Lietuvos tremtiniai (i\u0161tepta apa\u010dia)","isPartOf":{"@id":"https:\/\/skaitytaknyga.lt\/#website"},"primaryImageOfPage":{"@id":"https:\/\/skaitytaknyga.lt\/produktas\/1941-1952-metu-lietuvos-tremtiniai\/#primaryimage"},"image":{"@id":"https:\/\/skaitytaknyga.lt\/produktas\/1941-1952-metu-lietuvos-tremtiniai\/#primaryimage"},"thumbnailUrl":"https:\/\/skaitytaknyga.lt\/wp-content\/uploads\/2026\/02\/1941-1952-metu-Lietuvos-tremtiniai-e1770201774770.webp","datePublished":"2026-02-04T10:42:11+00:00","dateModified":"2026-03-18T12:59:37+00:00","description":"Tai atminimo duokl\u0117 ir gyviesiems, gr\u012f\u017eusiems i\u0161 tremties, kur daugelis j\u0173 prarado sveikat\u0105 ir j\u0117gas. Knyga parengta remiantis Lietuvos Respublikos Vidaus","breadcrumb":{"@id":"https:\/\/skaitytaknyga.lt\/produktas\/1941-1952-metu-lietuvos-tremtiniai\/#breadcrumb"},"inLanguage":"en-GB","potentialAction":[{"@type":"ReadAction","target":["https:\/\/skaitytaknyga.lt\/produktas\/1941-1952-metu-lietuvos-tremtiniai\/"]}]},{"@type":"ImageObject","inLanguage":"en-GB","@id":"https:\/\/skaitytaknyga.lt\/produktas\/1941-1952-metu-lietuvos-tremtiniai\/#primaryimage","url":"https:\/\/skaitytaknyga.lt\/wp-content\/uploads\/2026\/02\/1941-1952-metu-Lietuvos-tremtiniai-e1770201774770.webp","contentUrl":"https:\/\/skaitytaknyga.lt\/wp-content\/uploads\/2026\/02\/1941-1952-metu-Lietuvos-tremtiniai-e1770201774770.webp","width":415,"height":520},{"@type":"BreadcrumbList","@id":"https:\/\/skaitytaknyga.lt\/produktas\/1941-1952-metu-lietuvos-tremtiniai\/#breadcrumb","itemListElement":[{"@type":"ListItem","position":1,"name":"Home","item":"https:\/\/skaitytaknyga.lt\/"},{"@type":"ListItem","position":2,"name":"Parduotuv\u0117","item":"https:\/\/skaitytaknyga.lt\/knygu-parduotuve\/"},{"@type":"ListItem","position":3,"name":"1941-1952 met\u0173 Lietuvos tremtiniai (i\u0161tepta apa\u010dia)"}]},{"@type":"WebSite","@id":"https:\/\/skaitytaknyga.lt\/#website","url":"https:\/\/skaitytaknyga.lt\/","name":"skaitytaknyga.lt","description":"Skaitytaknyga.lt \u2013 tai ma\u017eas \u0161eimos verslas, kuris prasid\u0117jo nuo meil\u0117s knygoms ir siekio i\u0161gelb\u0117ti knygas nuo likimo prie konteinerio. Kas vienam nereikalingas daiktas \u2013 kitam lobis, o mes esame tarpininkai, kurie padeda abiems tapti laimingesniems ???? \u017dinome kaip nelengva i\u0161gyventi ma\u017eiems verslams, tad nuo \u0161iol, \u010dia rasite ir kit\u0173, ma\u017e\u0173 \u0161eim\u0173 versl\u0173, rank\u0173 darbo, dovan\u0173 sau ir artimiesiems.","publisher":{"@id":"https:\/\/skaitytaknyga.lt\/#organization"},"potentialAction":[{"@type":"SearchAction","target":{"@type":"EntryPoint","urlTemplate":"https:\/\/skaitytaknyga.lt\/?s={search_term_string}"},"query-input":{"@type":"PropertyValueSpecification","valueRequired":true,"valueName":"search_term_string"}}],"inLanguage":"en-GB"},{"@type":"Organization","@id":"https:\/\/skaitytaknyga.lt\/#organization","name":"skaitytaknyga.lt","url":"https:\/\/skaitytaknyga.lt\/","logo":{"@type":"ImageObject","inLanguage":"en-GB","@id":"https:\/\/skaitytaknyga.lt\/#\/schema\/logo\/image\/","url":"https:\/\/skaitytaknyga.lt\/wp-content\/uploads\/2024\/05\/cropped-cropped-cropped-02_00843_jt3bggkj1j3HLc7SyY6rEUpg.jpeg","contentUrl":"https:\/\/skaitytaknyga.lt\/wp-content\/uploads\/2024\/05\/cropped-cropped-cropped-02_00843_jt3bggkj1j3HLc7SyY6rEUpg.jpeg","width":1600,"height":1600,"caption":"skaitytaknyga.lt"},"image":{"@id":"https:\/\/skaitytaknyga.lt\/#\/schema\/logo\/image\/"},"sameAs":["https:\/\/www.facebook.com\/skaitytaknyga\/"]}]}},"_links":{"self":[{"href":"https:\/\/skaitytaknyga.lt\/en\/wp-json\/wp\/v2\/product\/22943","targetHints":{"allow":["GET"]}}],"collection":[{"href":"https:\/\/skaitytaknyga.lt\/en\/wp-json\/wp\/v2\/product"}],"about":[{"href":"https:\/\/skaitytaknyga.lt\/en\/wp-json\/wp\/v2\/types\/product"}],"replies":[{"embeddable":true,"href":"https:\/\/skaitytaknyga.lt\/en\/wp-json\/wp\/v2\/comments?post=22943"}],"wp:featuredmedia":[{"embeddable":true,"href":"https:\/\/skaitytaknyga.lt\/en\/wp-json\/wp\/v2\/media\/22948"}],"wp:attachment":[{"href":"https:\/\/skaitytaknyga.lt\/en\/wp-json\/wp\/v2\/media?parent=22943"}],"wp:term":[{"taxonomy":"product_brand","embeddable":true,"href":"https:\/\/skaitytaknyga.lt\/en\/wp-json\/wp\/v2\/product_brand?post=22943"},{"taxonomy":"product_cat","embeddable":true,"href":"https:\/\/skaitytaknyga.lt\/en\/wp-json\/wp\/v2\/product_cat?post=22943"},{"taxonomy":"product_tag","embeddable":true,"href":"https:\/\/skaitytaknyga.lt\/en\/wp-json\/wp\/v2\/product_tag?post=22943"}],"curies":[{"name":"wp","href":"https:\/\/api.w.org\/{rel}","templated":true}]}}