{"id":22936,"date":"2026-02-04T12:05:14","date_gmt":"2026-02-04T10:05:14","guid":{"rendered":"https:\/\/skaitytaknyga.lt\/?post_type=product&#038;p=22936"},"modified":"2026-03-18T13:03:13","modified_gmt":"2026-03-18T11:03:13","slug":"trumpi-atsakymai-i-sudetingus-klausimus","status":"publish","type":"product","link":"https:\/\/skaitytaknyga.lt\/en\/produktas\/trumpi-atsakymai-i-sudetingus-klausimus\/","title":{"rendered":"Trumpi atsakymai \u012f sud\u0117tingus klausimus"},"content":{"rendered":"<p>Visame pasaulyje \u017einomas kosmologas ir svarbios knygos \u201eTrumpa laiko istorija&#8221; autorius palieka mums savo paskutines mintis apie svarbiausius klausimus, su kuriais susiduria \u017emonija.<\/p>\n<p>Stephenas Hawkingas (1942\u20132018) \u2013 \u017eymiausias mokslininkas nuo Einsteino laik\u0173, pagars\u0117j\u0119s tiek novatori\u0161kais pasiekimais fizikos ir kosmologijos srityse, tiek juodu humoro jausmu. Milijonams skaitytoj\u0173 jis atv\u0117r\u0117 akis, pasakodamas apie visatos kilm\u0119 ir juod\u0173j\u0173 skyli\u0173 prigimt\u012f. Ir \u2013 \u012fveik\u0119s siaubing\u0105 ankstyv\u0105 \u0161onin\u0117s amiotrofin\u0117s skleroz\u0117s prognoz\u0119, \u012fkv\u0117p\u0117 dar milijonus kit\u0173. 1963-iaisiais jam buvo pasakyta, es\u0105 belik\u0119 gyventi pora met\u0173. V\u0117liau mokslininkas gal\u0117jo bendrauti tik pasitelk\u0119s kelet\u0105 veido raumen\u0173, ta\u010diau jis ir toliau pl\u0117t\u0117 savo tyrim\u0173 lauk\u0105, o jo nuomon\u0117 socialiniais ir humanitariniais klausimais buvo pla\u010diai gerbiama.<\/p>\n<p>Hawkingas ne tik atskleid\u0117 kelias did\u017eiausias visatos paslaptis: jis tik\u0117jo, kad mokslas vaidina svarb\u0173 vaidmen\u012f sprend\u017eiant ir \u017eemi\u0161k\u0105sias problemas. M\u016bs\u0173 planetai susiduriant su naujais neapr\u0117piamais i\u0161\u0161\u016bkiais \u2013 klimato poky\u010diais, branduolinio karo gr\u0117sme, dirbtinio intelekto vystymusi, \u2013 mokslininkas sutelkia d\u0117mes\u012f \u012f pa\u010dius aktualiausius klausimus.<\/p>\n<p>Ar \u017emonija i\u0161liks? Ar tur\u0117tume kolonizuoti kosmos\u0105? Ar Dievas egzistuoja? Tai tik keletas klausim\u0173, kuriuos nagrin\u0117ja Hawkingas \u0161ioje plataus u\u017emojo, aistringai argumentuotoje paskutin\u0117je knygoje, kuri\u0105 mums paliko vienas did\u017eiausi\u0173 prot\u0173 istorijoje.<\/p>\n<p>Pratarm\u0119 knygai para\u0161\u0117 Eddie Redmayne&#8217;as, laim\u0117j\u0119s \u201eOskar\u0105&#8221; u\u017e Stepheno Hawkingo vaidmen\u012f, \u012f\u017eang\u0105 \u2013 Nobelio laureatas Kipas Thorne&#8217;as, o baigiam\u0105j\u012f \u017eod\u012f \u2013 Hawkingo dukra Lucy. \u201eGlausti atsakymai \u012f did\u017eiuosius klausimus&#8221; \u2013 genialus paskutinis mokslininko prane\u0161imas pasauliui.<\/p>\n","protected":false},"excerpt":{"rendered":"<p>Visame pasaulyje \u017einomas kosmologas ir svarbios knygos \u201eTrumpa laiko istorija&#8221; autorius palieka mums savo paskutines mintis apie svarbiausius klausimus, su kuriais susiduria \u017emonija. Stephenas Hawkingas (1942\u20132018) \u2013 \u017eymiausias mokslininkas nuo Einsteino laik\u0173, pagars\u0117j\u0119s tiek novatori\u0161kais pasiekimais fizikos ir kosmologijos srityse, tiek juodu humoro jausmu. Milijonams skaitytoj\u0173 jis atv\u0117r\u0117 akis, pasakodamas apie visatos kilm\u0119 ir juod\u0173j\u0173 skyli\u0173 prigimt\u012f. Ir \u2013 \u012fveik\u0119s siaubing\u0105 ankstyv\u0105 \u0161onin\u0117s amiotrofin\u0117s skleroz\u0117s prognoz\u0119, \u012fkv\u0117p\u0117 dar milijonus kit\u0173. 1963-iaisiais jam buvo pasakyta, es\u0105 belik\u0119 gyventi pora met\u0173. V\u0117liau mokslininkas gal\u0117jo bendrauti tik pasitelk\u0119s kelet\u0105 veido raumen\u0173, ta\u010diau jis ir toliau pl\u0117t\u0117 savo tyrim\u0173 lauk\u0105, o jo nuomon\u0117 socialiniais ir humanitariniais klausimais buvo pla\u010diai gerbiama. Hawkingas ne tik atskleid\u0117 kelias did\u017eiausias visatos paslaptis: jis tik\u0117jo, kad mokslas vaidina svarb\u0173 vaidmen\u012f sprend\u017eiant ir \u017eemi\u0161k\u0105sias problemas. M\u016bs\u0173 planetai susiduriant su naujais neapr\u0117piamais i\u0161\u0161\u016bkiais \u2013 klimato poky\u010diais, branduolinio karo gr\u0117sme, dirbtinio intelekto vystymusi, \u2013 mokslininkas sutelkia d\u0117mes\u012f \u012f pa\u010dius aktualiausius klausimus. Ar \u017emonija i\u0161liks? Ar tur\u0117tume kolonizuoti kosmos\u0105? Ar Dievas egzistuoja? Tai tik keletas klausim\u0173, kuriuos nagrin\u0117ja Hawkingas \u0161ioje plataus u\u017emojo, aistringai argumentuotoje paskutin\u0117je knygoje, kuri\u0105 mums paliko vienas did\u017eiausi\u0173 prot\u0173 istorijoje. Pratarm\u0119 knygai para\u0161\u0117 Eddie Redmayne&#8217;as, laim\u0117j\u0119s \u201eOskar\u0105&#8221; u\u017e Stepheno Hawkingo vaidmen\u012f, \u012f\u017eang\u0105 \u2013 Nobelio laureatas Kipas Thorne&#8217;as, o baigiam\u0105j\u012f \u017eod\u012f \u2013 Hawkingo dukra Lucy. \u201eGlausti atsakymai \u012f did\u017eiuosius klausimus&#8221; \u2013 genialus paskutinis mokslininko prane\u0161imas pasauliui.<\/p>\n","protected":false},"featured_media":22941,"comment_status":"open","ping_status":"closed","template":"","meta":{"_acf_changed":false,"site-sidebar-layout":"default","site-content-layout":"","ast-site-content-layout":"default","site-content-style":"default","site-sidebar-style":"default","ast-global-header-display":"","ast-banner-title-visibility":"","ast-main-header-display":"","ast-hfb-above-header-display":"","ast-hfb-below-header-display":"","ast-hfb-mobile-header-display":"","site-post-title":"","ast-breadcrumbs-content":"","ast-featured-img":"","footer-sml-layout":"","ast-disable-related-posts":"","theme-transparent-header-meta":"","adv-header-id-meta":"","stick-header-meta":"","header-above-stick-meta":"","header-main-stick-meta":"","header-below-stick-meta":"","astra-migrate-meta-layouts":"default","ast-page-background-enabled":"default","ast-page-background-meta":{"desktop":{"background-color":"","background-image":"","background-repeat":"repeat","background-position":"center center","background-size":"auto","background-attachment":"scroll","background-type":"","background-media":"","overlay-type":"","overlay-color":"","overlay-opacity":"","overlay-gradient":""},"tablet":{"background-color":"","background-image":"","background-repeat":"repeat","background-position":"center center","background-size":"auto","background-attachment":"scroll","background-type":"","background-media":"","overlay-type":"","overlay-color":"","overlay-opacity":"","overlay-gradient":""},"mobile":{"background-color":"","background-image":"","background-repeat":"repeat","background-position":"center center","background-size":"auto","background-attachment":"scroll","background-type":"","background-media":"","overlay-type":"","overlay-color":"","overlay-opacity":"","overlay-gradient":""}},"ast-content-background-meta":{"desktop":{"background-color":"var(--ast-global-color-4)","background-image":"","background-repeat":"repeat","background-position":"center center","background-size":"auto","background-attachment":"scroll","background-type":"","background-media":"","overlay-type":"","overlay-color":"","overlay-opacity":"","overlay-gradient":""},"tablet":{"background-color":"var(--ast-global-color-4)","background-image":"","background-repeat":"repeat","background-position":"center center","background-size":"auto","background-attachment":"scroll","background-type":"","background-media":"","overlay-type":"","overlay-color":"","overlay-opacity":"","overlay-gradient":""},"mobile":{"background-color":"var(--ast-global-color-4)","background-image":"","background-repeat":"repeat","background-position":"center center","background-size":"auto","background-attachment":"scroll","background-type":"","background-media":"","overlay-type":"","overlay-color":"","overlay-opacity":"","overlay-gradient":""}}},"product_brand":[],"product_cat":[9851,269],"product_tag":[9332],"class_list":{"0":"post-22936","1":"product","2":"type-product","3":"status-publish","4":"has-post-thumbnail","6":"product_cat-astronomija","7":"product_cat-gamtos-mokslai","8":"product_tag-ltstephen-hawking","9":"desktop-align-left","10":"tablet-align-left","11":"mobile-align-left","13":"first","14":"instock","15":"shipping-taxable","16":"purchasable","17":"product-type-simple"},"acf":[],"yoast_head":"<!-- This site is optimized with the Yoast SEO plugin v27.0 - https:\/\/yoast.com\/product\/yoast-seo-wordpress\/ -->\n<title>Trumpi atsakymai \u012f sud\u0117tingus klausimus<\/title>\n<meta name=\"description\" content=\"Visame pasaulyje \u017einomas kosmologas ir svarbios knygos \u201eTrumpa laiko istorija&quot; autorius palieka mums savo paskutines mintis apie svarbiausius klausimus,\" \/>\n<meta name=\"robots\" content=\"index, follow, max-snippet:-1, max-image-preview:large, max-video-preview:-1\" \/>\n<link rel=\"canonical\" href=\"https:\/\/skaitytaknyga.lt\/en\/produktas\/trumpi-atsakymai-i-sudetingus-klausimus\/\" \/>\n<meta property=\"og:locale\" content=\"en_GB\" \/>\n<meta property=\"og:locale:alternate\" content=\"lt_LT\" \/>\n<meta property=\"og:type\" content=\"article\" \/>\n<meta property=\"og:title\" content=\"Trumpi atsakymai \u012f sud\u0117tingus klausimus\" \/>\n<meta property=\"og:description\" content=\"Visame pasaulyje \u017einomas kosmologas ir svarbios knygos \u201eTrumpa laiko istorija&quot; autorius palieka mums savo paskutines mintis apie svarbiausius klausimus,\" \/>\n<meta property=\"og:url\" content=\"https:\/\/skaitytaknyga.lt\/en\/produktas\/trumpi-atsakymai-i-sudetingus-klausimus\/\" \/>\n<meta property=\"og:site_name\" content=\"Skaitytaknyga\" \/>\n<meta property=\"article:publisher\" content=\"https:\/\/www.facebook.com\/skaitytaknyga\/\" \/>\n<meta property=\"article:modified_time\" content=\"2026-03-18T11:03:13+00:00\" \/>\n<meta property=\"og:image\" content=\"https:\/\/skaitytaknyga.lt\/wp-content\/uploads\/2026\/02\/Trumpi-atsakymai-i-sudetingus-klausimus-1.webp\" \/>\n\t<meta property=\"og:image:width\" content=\"300\" \/>\n\t<meta property=\"og:image:height\" content=\"429\" \/>\n\t<meta property=\"og:image:type\" content=\"image\/webp\" \/>\n<meta name=\"twitter:card\" content=\"summary_large_image\" \/>\n<meta name=\"twitter:label1\" content=\"Estimated reading time\" \/>\n\t<meta name=\"twitter:data1\" content=\"1 minute\" \/>\n<script type=\"application\/ld+json\" class=\"yoast-schema-graph\">{\"@context\":\"https:\/\/schema.org\",\"@graph\":[{\"@type\":\"WebPage\",\"@id\":\"https:\/\/skaitytaknyga.lt\/produktas\/trumpi-atsakymai-i-sudetingus-klausimus\/\",\"url\":\"https:\/\/skaitytaknyga.lt\/produktas\/trumpi-atsakymai-i-sudetingus-klausimus\/\",\"name\":\"Trumpi atsakymai \u012f sud\u0117tingus klausimus\",\"isPartOf\":{\"@id\":\"https:\/\/skaitytaknyga.lt\/#website\"},\"primaryImageOfPage\":{\"@id\":\"https:\/\/skaitytaknyga.lt\/produktas\/trumpi-atsakymai-i-sudetingus-klausimus\/#primaryimage\"},\"image\":{\"@id\":\"https:\/\/skaitytaknyga.lt\/produktas\/trumpi-atsakymai-i-sudetingus-klausimus\/#primaryimage\"},\"thumbnailUrl\":\"https:\/\/skaitytaknyga.lt\/wp-content\/uploads\/2026\/02\/Trumpi-atsakymai-i-sudetingus-klausimus-1.webp\",\"datePublished\":\"2026-02-04T10:05:14+00:00\",\"dateModified\":\"2026-03-18T11:03:13+00:00\",\"description\":\"Visame pasaulyje \u017einomas kosmologas ir svarbios knygos \u201eTrumpa laiko istorija\\\" autorius palieka mums savo paskutines mintis apie svarbiausius klausimus,\",\"breadcrumb\":{\"@id\":\"https:\/\/skaitytaknyga.lt\/produktas\/trumpi-atsakymai-i-sudetingus-klausimus\/#breadcrumb\"},\"inLanguage\":\"en-GB\",\"potentialAction\":[{\"@type\":\"ReadAction\",\"target\":[\"https:\/\/skaitytaknyga.lt\/produktas\/trumpi-atsakymai-i-sudetingus-klausimus\/\"]}]},{\"@type\":\"ImageObject\",\"inLanguage\":\"en-GB\",\"@id\":\"https:\/\/skaitytaknyga.lt\/produktas\/trumpi-atsakymai-i-sudetingus-klausimus\/#primaryimage\",\"url\":\"https:\/\/skaitytaknyga.lt\/wp-content\/uploads\/2026\/02\/Trumpi-atsakymai-i-sudetingus-klausimus-1.webp\",\"contentUrl\":\"https:\/\/skaitytaknyga.lt\/wp-content\/uploads\/2026\/02\/Trumpi-atsakymai-i-sudetingus-klausimus-1.webp\",\"width\":300,\"height\":429,\"caption\":\"Trumpi atsakymai \u012f sud\u0117tingus klausimus\"},{\"@type\":\"BreadcrumbList\",\"@id\":\"https:\/\/skaitytaknyga.lt\/produktas\/trumpi-atsakymai-i-sudetingus-klausimus\/#breadcrumb\",\"itemListElement\":[{\"@type\":\"ListItem\",\"position\":1,\"name\":\"Home\",\"item\":\"https:\/\/skaitytaknyga.lt\/\"},{\"@type\":\"ListItem\",\"position\":2,\"name\":\"Parduotuv\u0117\",\"item\":\"https:\/\/skaitytaknyga.lt\/knygu-parduotuve\/\"},{\"@type\":\"ListItem\",\"position\":3,\"name\":\"Trumpi atsakymai \u012f sud\u0117tingus klausimus\"}]},{\"@type\":\"WebSite\",\"@id\":\"https:\/\/skaitytaknyga.lt\/#website\",\"url\":\"https:\/\/skaitytaknyga.lt\/\",\"name\":\"skaitytaknyga.lt\",\"description\":\"Skaitytaknyga.lt \u2013 tai ma\u017eas \u0161eimos verslas, kuris prasid\u0117jo nuo meil\u0117s knygoms ir siekio i\u0161gelb\u0117ti knygas nuo likimo prie konteinerio. Kas vienam nereikalingas daiktas \u2013 kitam lobis, o mes esame tarpininkai, kurie padeda abiems tapti laimingesniems ???? \u017dinome kaip nelengva i\u0161gyventi ma\u017eiems verslams, tad nuo \u0161iol, \u010dia rasite ir kit\u0173, ma\u017e\u0173 \u0161eim\u0173 versl\u0173, rank\u0173 darbo, dovan\u0173 sau ir artimiesiems.\",\"publisher\":{\"@id\":\"https:\/\/skaitytaknyga.lt\/#organization\"},\"potentialAction\":[{\"@type\":\"SearchAction\",\"target\":{\"@type\":\"EntryPoint\",\"urlTemplate\":\"https:\/\/skaitytaknyga.lt\/?s={search_term_string}\"},\"query-input\":{\"@type\":\"PropertyValueSpecification\",\"valueRequired\":true,\"valueName\":\"search_term_string\"}}],\"inLanguage\":\"en-GB\"},{\"@type\":\"Organization\",\"@id\":\"https:\/\/skaitytaknyga.lt\/#organization\",\"name\":\"skaitytaknyga.lt\",\"url\":\"https:\/\/skaitytaknyga.lt\/\",\"logo\":{\"@type\":\"ImageObject\",\"inLanguage\":\"en-GB\",\"@id\":\"https:\/\/skaitytaknyga.lt\/#\/schema\/logo\/image\/\",\"url\":\"https:\/\/skaitytaknyga.lt\/wp-content\/uploads\/2024\/05\/cropped-cropped-cropped-02_00843_jt3bggkj1j3HLc7SyY6rEUpg.jpeg\",\"contentUrl\":\"https:\/\/skaitytaknyga.lt\/wp-content\/uploads\/2024\/05\/cropped-cropped-cropped-02_00843_jt3bggkj1j3HLc7SyY6rEUpg.jpeg\",\"width\":1600,\"height\":1600,\"caption\":\"skaitytaknyga.lt\"},\"image\":{\"@id\":\"https:\/\/skaitytaknyga.lt\/#\/schema\/logo\/image\/\"},\"sameAs\":[\"https:\/\/www.facebook.com\/skaitytaknyga\/\"]}]}<\/script>\n<!-- \/ Yoast SEO plugin. -->","yoast_head_json":{"title":"Trumpi atsakymai \u012f sud\u0117tingus klausimus","description":"Visame pasaulyje \u017einomas kosmologas ir svarbios knygos \u201eTrumpa laiko istorija\" autorius palieka mums savo paskutines mintis apie svarbiausius klausimus,","robots":{"index":"index","follow":"follow","max-snippet":"max-snippet:-1","max-image-preview":"max-image-preview:large","max-video-preview":"max-video-preview:-1"},"canonical":"https:\/\/skaitytaknyga.lt\/en\/produktas\/trumpi-atsakymai-i-sudetingus-klausimus\/","og_locale":"en_GB","og_type":"article","og_title":"[:lt]Trumpi atsakymai \u012f sud\u0117tingus klausimus[:] - Skaitytaknyga","og_description":"Visame pasaulyje \u017einomas kosmologas ir svarbios knygos \u201eTrumpa laiko istorija\" autorius palieka mums savo paskutines mintis apie svarbiausius klausimus,","og_url":"https:\/\/skaitytaknyga.lt\/en\/produktas\/trumpi-atsakymai-i-sudetingus-klausimus\/","og_site_name":"Skaitytaknyga","article_publisher":"https:\/\/www.facebook.com\/skaitytaknyga\/","article_modified_time":"2026-03-18T11:03:13+00:00","og_image":[{"width":300,"height":429,"url":"https:\/\/skaitytaknyga.lt\/wp-content\/uploads\/2026\/02\/Trumpi-atsakymai-i-sudetingus-klausimus-1.webp","type":"image\/webp"}],"twitter_card":"summary_large_image","twitter_misc":{"Estimated reading time":"1 minute"},"schema":{"@context":"https:\/\/schema.org","@graph":[{"@type":"WebPage","@id":"https:\/\/skaitytaknyga.lt\/produktas\/trumpi-atsakymai-i-sudetingus-klausimus\/","url":"https:\/\/skaitytaknyga.lt\/produktas\/trumpi-atsakymai-i-sudetingus-klausimus\/","name":"Trumpi atsakymai \u012f sud\u0117tingus klausimus","isPartOf":{"@id":"https:\/\/skaitytaknyga.lt\/#website"},"primaryImageOfPage":{"@id":"https:\/\/skaitytaknyga.lt\/produktas\/trumpi-atsakymai-i-sudetingus-klausimus\/#primaryimage"},"image":{"@id":"https:\/\/skaitytaknyga.lt\/produktas\/trumpi-atsakymai-i-sudetingus-klausimus\/#primaryimage"},"thumbnailUrl":"https:\/\/skaitytaknyga.lt\/wp-content\/uploads\/2026\/02\/Trumpi-atsakymai-i-sudetingus-klausimus-1.webp","datePublished":"2026-02-04T10:05:14+00:00","dateModified":"2026-03-18T11:03:13+00:00","description":"Visame pasaulyje \u017einomas kosmologas ir svarbios knygos \u201eTrumpa laiko istorija\" autorius palieka mums savo paskutines mintis apie svarbiausius klausimus,","breadcrumb":{"@id":"https:\/\/skaitytaknyga.lt\/produktas\/trumpi-atsakymai-i-sudetingus-klausimus\/#breadcrumb"},"inLanguage":"en-GB","potentialAction":[{"@type":"ReadAction","target":["https:\/\/skaitytaknyga.lt\/produktas\/trumpi-atsakymai-i-sudetingus-klausimus\/"]}]},{"@type":"ImageObject","inLanguage":"en-GB","@id":"https:\/\/skaitytaknyga.lt\/produktas\/trumpi-atsakymai-i-sudetingus-klausimus\/#primaryimage","url":"https:\/\/skaitytaknyga.lt\/wp-content\/uploads\/2026\/02\/Trumpi-atsakymai-i-sudetingus-klausimus-1.webp","contentUrl":"https:\/\/skaitytaknyga.lt\/wp-content\/uploads\/2026\/02\/Trumpi-atsakymai-i-sudetingus-klausimus-1.webp","width":300,"height":429,"caption":"Trumpi atsakymai \u012f sud\u0117tingus klausimus"},{"@type":"BreadcrumbList","@id":"https:\/\/skaitytaknyga.lt\/produktas\/trumpi-atsakymai-i-sudetingus-klausimus\/#breadcrumb","itemListElement":[{"@type":"ListItem","position":1,"name":"Home","item":"https:\/\/skaitytaknyga.lt\/"},{"@type":"ListItem","position":2,"name":"Parduotuv\u0117","item":"https:\/\/skaitytaknyga.lt\/knygu-parduotuve\/"},{"@type":"ListItem","position":3,"name":"Trumpi atsakymai \u012f sud\u0117tingus klausimus"}]},{"@type":"WebSite","@id":"https:\/\/skaitytaknyga.lt\/#website","url":"https:\/\/skaitytaknyga.lt\/","name":"skaitytaknyga.lt","description":"Skaitytaknyga.lt \u2013 tai ma\u017eas \u0161eimos verslas, kuris prasid\u0117jo nuo meil\u0117s knygoms ir siekio i\u0161gelb\u0117ti knygas nuo likimo prie konteinerio. Kas vienam nereikalingas daiktas \u2013 kitam lobis, o mes esame tarpininkai, kurie padeda abiems tapti laimingesniems ???? \u017dinome kaip nelengva i\u0161gyventi ma\u017eiems verslams, tad nuo \u0161iol, \u010dia rasite ir kit\u0173, ma\u017e\u0173 \u0161eim\u0173 versl\u0173, rank\u0173 darbo, dovan\u0173 sau ir artimiesiems.","publisher":{"@id":"https:\/\/skaitytaknyga.lt\/#organization"},"potentialAction":[{"@type":"SearchAction","target":{"@type":"EntryPoint","urlTemplate":"https:\/\/skaitytaknyga.lt\/?s={search_term_string}"},"query-input":{"@type":"PropertyValueSpecification","valueRequired":true,"valueName":"search_term_string"}}],"inLanguage":"en-GB"},{"@type":"Organization","@id":"https:\/\/skaitytaknyga.lt\/#organization","name":"skaitytaknyga.lt","url":"https:\/\/skaitytaknyga.lt\/","logo":{"@type":"ImageObject","inLanguage":"en-GB","@id":"https:\/\/skaitytaknyga.lt\/#\/schema\/logo\/image\/","url":"https:\/\/skaitytaknyga.lt\/wp-content\/uploads\/2024\/05\/cropped-cropped-cropped-02_00843_jt3bggkj1j3HLc7SyY6rEUpg.jpeg","contentUrl":"https:\/\/skaitytaknyga.lt\/wp-content\/uploads\/2024\/05\/cropped-cropped-cropped-02_00843_jt3bggkj1j3HLc7SyY6rEUpg.jpeg","width":1600,"height":1600,"caption":"skaitytaknyga.lt"},"image":{"@id":"https:\/\/skaitytaknyga.lt\/#\/schema\/logo\/image\/"},"sameAs":["https:\/\/www.facebook.com\/skaitytaknyga\/"]}]}},"_links":{"self":[{"href":"https:\/\/skaitytaknyga.lt\/en\/wp-json\/wp\/v2\/product\/22936","targetHints":{"allow":["GET"]}}],"collection":[{"href":"https:\/\/skaitytaknyga.lt\/en\/wp-json\/wp\/v2\/product"}],"about":[{"href":"https:\/\/skaitytaknyga.lt\/en\/wp-json\/wp\/v2\/types\/product"}],"replies":[{"embeddable":true,"href":"https:\/\/skaitytaknyga.lt\/en\/wp-json\/wp\/v2\/comments?post=22936"}],"wp:featuredmedia":[{"embeddable":true,"href":"https:\/\/skaitytaknyga.lt\/en\/wp-json\/wp\/v2\/media\/22941"}],"wp:attachment":[{"href":"https:\/\/skaitytaknyga.lt\/en\/wp-json\/wp\/v2\/media?parent=22936"}],"wp:term":[{"taxonomy":"product_brand","embeddable":true,"href":"https:\/\/skaitytaknyga.lt\/en\/wp-json\/wp\/v2\/product_brand?post=22936"},{"taxonomy":"product_cat","embeddable":true,"href":"https:\/\/skaitytaknyga.lt\/en\/wp-json\/wp\/v2\/product_cat?post=22936"},{"taxonomy":"product_tag","embeddable":true,"href":"https:\/\/skaitytaknyga.lt\/en\/wp-json\/wp\/v2\/product_tag?post=22936"}],"curies":[{"name":"wp","href":"https:\/\/api.w.org\/{rel}","templated":true}]}}