{"id":22934,"date":"2026-02-04T12:05:13","date_gmt":"2026-02-04T10:05:13","guid":{"rendered":"https:\/\/skaitytaknyga.lt\/?post_type=product&#038;p=22934"},"modified":"2026-02-04T12:43:32","modified_gmt":"2026-02-04T10:43:32","slug":"1973-iuju-kiniskas-biliardas","status":"publish","type":"product","link":"https:\/\/skaitytaknyga.lt\/en\/produktas\/1973-iuju-kiniskas-biliardas\/","title":{"rendered":"1973-i\u0173j\u0173 kini\u0161kas biliardas"},"content":{"rendered":"<p>M\u016bs\u0173 \u0161irdyse gl\u016bdi i\u0161raustas ne vienas \u0161ulinys. O vir\u0161 t\u0173 \u0161ulini\u0173 sklando pauk\u0161\u010diai.<\/p>\n<p>Pagrindinis romano veik\u0117jas Tokijuje \u012fkuria vertim\u0173 biur\u0105 ir apsigyvena su vien\u0105 ryt\u0105 paslaptingai jo bute atsiradusiomis identi\u0161komis dvyn\u0117mis. J\u012f persekioja nei\u0161sipild\u017eiusios meil\u0117s Naoko prisiminimai ir&#8230; trumpalaik\u0117 kini\u0161ko biliardo manija. Tod\u0117l i\u0161siruo\u0161ia \u012f keistas trij\u0173 svir\u010di\u0173 biliardo automato modelio \u201eErdv\u0117laivis&#8221; \u2013 b\u016btent tokio, koks stov\u0117jo jo gimtojo miesto D\u017eei bare, \u2013 paie\u0161kas.<\/p>\n<p>\u201e1973-i\u0173j\u0173 kini\u0161k\u0105 biliard\u0105\u201c Murakami para\u0161\u0117 kaip \u201eI\u0161girsk v\u0117jo dain\u0105\u201c t\u0119sin\u012f, o j\u012f u\u017ebaig\u0119s nusprend\u0117 tapti profesionaliu ra\u0161ytoju. \u201e1973-i\u0173j\u0173 kini\u0161kas biliardas\u201c kartu su pirmuoju Murakami romanu \u201eI\u0161girsk v\u0117jo dain\u0105\u201c angli\u0161kai pirm\u0105kart pasirod\u0117 tik 2015 m. Lietuvi\u0161kame 1973-i\u0173j\u0173 kini\u0161ko biliardo leidime taip pat spausdinama Murakami pratarm\u0117 dviem trumpiems pirmiesiems romanams \u201eMano virtuvin\u0117s literat\u016bros gimimas&#8221;.<\/p>\n<p>Ankstyvieji Murakami romanai \u2013 tai ne bandymas tapti tikruoju Murakami, tai jau visi\u0161kai susiformav\u0119s Murakami.<\/p>\n<p>The Guardian<\/p>\n<p>Vis d\u0117lto tie du trumpi k\u016briniai suvaidino reik\u0161ming\u0105 vaidmen\u012f mano v\u0117lesniems laim\u0117jimams. Jie niekuo nepakei\u010diami, kaip sen\u0173 laik\u0173 draugai. Nepana\u0161u, kad mes v\u0117l kada nors susitiksime, ta\u010diau a\u0161 niekada nepamir\u0161iu j\u0173 draugyst\u0117s.<\/p>\n<p>Haruki Murakami<\/p>\n","protected":false},"excerpt":{"rendered":"<p>M\u016bs\u0173 \u0161irdyse gl\u016bdi i\u0161raustas ne vienas \u0161ulinys. O vir\u0161 t\u0173 \u0161ulini\u0173 sklando pauk\u0161\u010diai. Pagrindinis romano veik\u0117jas Tokijuje \u012fkuria vertim\u0173 biur\u0105 ir apsigyvena su vien\u0105 ryt\u0105 paslaptingai jo bute atsiradusiomis identi\u0161komis dvyn\u0117mis. J\u012f persekioja nei\u0161sipild\u017eiusios meil\u0117s Naoko prisiminimai ir&#8230; trumpalaik\u0117 kini\u0161ko biliardo manija. Tod\u0117l i\u0161siruo\u0161ia \u012f keistas trij\u0173 svir\u010di\u0173 biliardo automato modelio \u201eErdv\u0117laivis&#8221; \u2013 b\u016btent tokio, koks stov\u0117jo jo gimtojo miesto D\u017eei bare, \u2013 paie\u0161kas. \u201e1973-i\u0173j\u0173 kini\u0161k\u0105 biliard\u0105\u201c Murakami para\u0161\u0117 kaip \u201eI\u0161girsk v\u0117jo dain\u0105\u201c t\u0119sin\u012f, o j\u012f u\u017ebaig\u0119s nusprend\u0117 tapti profesionaliu ra\u0161ytoju. \u201e1973-i\u0173j\u0173 kini\u0161kas biliardas\u201c kartu su pirmuoju Murakami romanu \u201eI\u0161girsk v\u0117jo dain\u0105\u201c angli\u0161kai pirm\u0105kart pasirod\u0117 tik 2015 m. Lietuvi\u0161kame 1973-i\u0173j\u0173 kini\u0161ko biliardo leidime taip pat spausdinama Murakami pratarm\u0117 dviem trumpiems pirmiesiems romanams \u201eMano virtuvin\u0117s literat\u016bros gimimas&#8221;. Ankstyvieji Murakami romanai \u2013 tai ne bandymas tapti tikruoju Murakami, tai jau visi\u0161kai susiformav\u0119s Murakami. The Guardian Vis d\u0117lto tie du trumpi k\u016briniai suvaidino reik\u0161ming\u0105 vaidmen\u012f mano v\u0117lesniems laim\u0117jimams. Jie niekuo nepakei\u010diami, kaip sen\u0173 laik\u0173 draugai. Nepana\u0161u, kad mes v\u0117l kada nors susitiksime, ta\u010diau a\u0161 niekada nepamir\u0161iu j\u0173 draugyst\u0117s. Haruki Murakami<\/p>\n","protected":false},"featured_media":22939,"comment_status":"open","ping_status":"closed","template":"","meta":{"_acf_changed":false,"site-sidebar-layout":"default","site-content-layout":"","ast-site-content-layout":"default","site-content-style":"default","site-sidebar-style":"default","ast-global-header-display":"","ast-banner-title-visibility":"","ast-main-header-display":"","ast-hfb-above-header-display":"","ast-hfb-below-header-display":"","ast-hfb-mobile-header-display":"","site-post-title":"","ast-breadcrumbs-content":"","ast-featured-img":"","footer-sml-layout":"","ast-disable-related-posts":"","theme-transparent-header-meta":"","adv-header-id-meta":"","stick-header-meta":"","header-above-stick-meta":"","header-main-stick-meta":"","header-below-stick-meta":"","astra-migrate-meta-layouts":"default","ast-page-background-enabled":"default","ast-page-background-meta":{"desktop":{"background-color":"","background-image":"","background-repeat":"repeat","background-position":"center center","background-size":"auto","background-attachment":"scroll","background-type":"","background-media":"","overlay-type":"","overlay-color":"","overlay-opacity":"","overlay-gradient":""},"tablet":{"background-color":"","background-image":"","background-repeat":"repeat","background-position":"center center","background-size":"auto","background-attachment":"scroll","background-type":"","background-media":"","overlay-type":"","overlay-color":"","overlay-opacity":"","overlay-gradient":""},"mobile":{"background-color":"","background-image":"","background-repeat":"repeat","background-position":"center center","background-size":"auto","background-attachment":"scroll","background-type":"","background-media":"","overlay-type":"","overlay-color":"","overlay-opacity":"","overlay-gradient":""}},"ast-content-background-meta":{"desktop":{"background-color":"var(--ast-global-color-4)","background-image":"","background-repeat":"repeat","background-position":"center center","background-size":"auto","background-attachment":"scroll","background-type":"","background-media":"","overlay-type":"","overlay-color":"","overlay-opacity":"","overlay-gradient":""},"tablet":{"background-color":"var(--ast-global-color-4)","background-image":"","background-repeat":"repeat","background-position":"center center","background-size":"auto","background-attachment":"scroll","background-type":"","background-media":"","overlay-type":"","overlay-color":"","overlay-opacity":"","overlay-gradient":""},"mobile":{"background-color":"var(--ast-global-color-4)","background-image":"","background-repeat":"repeat","background-position":"center center","background-size":"auto","background-attachment":"scroll","background-type":"","background-media":"","overlay-type":"","overlay-color":"","overlay-opacity":"","overlay-gradient":""}}},"product_brand":[],"product_cat":[31],"product_tag":[5897],"class_list":{"0":"post-22934","1":"product","2":"type-product","3":"status-publish","4":"has-post-thumbnail","6":"product_cat-grozine-literatura","7":"product_tag-haruki-murakami","8":"desktop-align-left","9":"tablet-align-left","10":"mobile-align-left","12":"first","13":"instock","14":"shipping-taxable","15":"purchasable","16":"product-type-simple"},"acf":[],"yoast_head":"<!-- This site is optimized with the Yoast SEO plugin v27.0 - https:\/\/yoast.com\/product\/yoast-seo-wordpress\/ -->\n<title>1973-i\u0173j\u0173 kini\u0161kas biliardas<\/title>\n<meta name=\"description\" content=\"M\u016bs\u0173 \u0161irdyse gl\u016bdi i\u0161raustas ne vienas \u0161ulinys. O vir\u0161 t\u0173 \u0161ulini\u0173 sklando pauk\u0161\u010diai. Pagrindinis romano veik\u0117jas Tokijuje \u012fkuria vertim\u0173 biur\u0105 ir\" \/>\n<meta name=\"robots\" content=\"index, follow, max-snippet:-1, max-image-preview:large, max-video-preview:-1\" \/>\n<link rel=\"canonical\" href=\"https:\/\/skaitytaknyga.lt\/en\/produktas\/1973-iuju-kiniskas-biliardas\/\" \/>\n<meta property=\"og:locale\" content=\"en_GB\" \/>\n<meta property=\"og:locale:alternate\" content=\"lt_LT\" \/>\n<meta property=\"og:type\" content=\"article\" \/>\n<meta property=\"og:title\" content=\"1973-i\u0173j\u0173 kini\u0161kas biliardas\" \/>\n<meta property=\"og:description\" content=\"M\u016bs\u0173 \u0161irdyse gl\u016bdi i\u0161raustas ne vienas \u0161ulinys. O vir\u0161 t\u0173 \u0161ulini\u0173 sklando pauk\u0161\u010diai. Pagrindinis romano veik\u0117jas Tokijuje \u012fkuria vertim\u0173 biur\u0105 ir\" \/>\n<meta property=\"og:url\" content=\"https:\/\/skaitytaknyga.lt\/en\/produktas\/1973-iuju-kiniskas-biliardas\/\" \/>\n<meta property=\"og:site_name\" content=\"Skaitytaknyga\" \/>\n<meta property=\"article:publisher\" content=\"https:\/\/www.facebook.com\/skaitytaknyga\/\" \/>\n<meta property=\"article:modified_time\" content=\"2026-02-04T10:43:32+00:00\" \/>\n<meta property=\"og:image\" content=\"https:\/\/skaitytaknyga.lt\/wp-content\/uploads\/2026\/02\/1973-iuju-kiniskas-biliardas-1.webp\" \/>\n\t<meta property=\"og:image:width\" content=\"300\" \/>\n\t<meta property=\"og:image:height\" content=\"448\" \/>\n\t<meta property=\"og:image:type\" content=\"image\/webp\" \/>\n<meta name=\"twitter:card\" content=\"summary_large_image\" \/>\n<meta name=\"twitter:label1\" content=\"Estimated reading time\" \/>\n\t<meta name=\"twitter:data1\" content=\"1 minute\" \/>\n<script type=\"application\/ld+json\" class=\"yoast-schema-graph\">{\"@context\":\"https:\/\/schema.org\",\"@graph\":[{\"@type\":\"WebPage\",\"@id\":\"https:\/\/skaitytaknyga.lt\/produktas\/1973-iuju-kiniskas-biliardas\/\",\"url\":\"https:\/\/skaitytaknyga.lt\/produktas\/1973-iuju-kiniskas-biliardas\/\",\"name\":\"1973-i\u0173j\u0173 kini\u0161kas biliardas\",\"isPartOf\":{\"@id\":\"https:\/\/skaitytaknyga.lt\/#website\"},\"primaryImageOfPage\":{\"@id\":\"https:\/\/skaitytaknyga.lt\/produktas\/1973-iuju-kiniskas-biliardas\/#primaryimage\"},\"image\":{\"@id\":\"https:\/\/skaitytaknyga.lt\/produktas\/1973-iuju-kiniskas-biliardas\/#primaryimage\"},\"thumbnailUrl\":\"https:\/\/skaitytaknyga.lt\/wp-content\/uploads\/2026\/02\/1973-iuju-kiniskas-biliardas-1.webp\",\"datePublished\":\"2026-02-04T10:05:13+00:00\",\"dateModified\":\"2026-02-04T10:43:32+00:00\",\"description\":\"M\u016bs\u0173 \u0161irdyse gl\u016bdi i\u0161raustas ne vienas \u0161ulinys. O vir\u0161 t\u0173 \u0161ulini\u0173 sklando pauk\u0161\u010diai. Pagrindinis romano veik\u0117jas Tokijuje \u012fkuria vertim\u0173 biur\u0105 ir\",\"breadcrumb\":{\"@id\":\"https:\/\/skaitytaknyga.lt\/produktas\/1973-iuju-kiniskas-biliardas\/#breadcrumb\"},\"inLanguage\":\"en-GB\",\"potentialAction\":[{\"@type\":\"ReadAction\",\"target\":[\"https:\/\/skaitytaknyga.lt\/produktas\/1973-iuju-kiniskas-biliardas\/\"]}]},{\"@type\":\"ImageObject\",\"inLanguage\":\"en-GB\",\"@id\":\"https:\/\/skaitytaknyga.lt\/produktas\/1973-iuju-kiniskas-biliardas\/#primaryimage\",\"url\":\"https:\/\/skaitytaknyga.lt\/wp-content\/uploads\/2026\/02\/1973-iuju-kiniskas-biliardas-1.webp\",\"contentUrl\":\"https:\/\/skaitytaknyga.lt\/wp-content\/uploads\/2026\/02\/1973-iuju-kiniskas-biliardas-1.webp\",\"width\":300,\"height\":448,\"caption\":\"1973-i\u0173j\u0173 kini\u0161kas biliardas\"},{\"@type\":\"BreadcrumbList\",\"@id\":\"https:\/\/skaitytaknyga.lt\/produktas\/1973-iuju-kiniskas-biliardas\/#breadcrumb\",\"itemListElement\":[{\"@type\":\"ListItem\",\"position\":1,\"name\":\"Home\",\"item\":\"https:\/\/skaitytaknyga.lt\/\"},{\"@type\":\"ListItem\",\"position\":2,\"name\":\"Parduotuv\u0117\",\"item\":\"https:\/\/skaitytaknyga.lt\/knygu-parduotuve\/\"},{\"@type\":\"ListItem\",\"position\":3,\"name\":\"1973-i\u0173j\u0173 kini\u0161kas biliardas\"}]},{\"@type\":\"WebSite\",\"@id\":\"https:\/\/skaitytaknyga.lt\/#website\",\"url\":\"https:\/\/skaitytaknyga.lt\/\",\"name\":\"skaitytaknyga.lt\",\"description\":\"Skaitytaknyga.lt \u2013 tai ma\u017eas \u0161eimos verslas, kuris prasid\u0117jo nuo meil\u0117s knygoms ir siekio i\u0161gelb\u0117ti knygas nuo likimo prie konteinerio. Kas vienam nereikalingas daiktas \u2013 kitam lobis, o mes esame tarpininkai, kurie padeda abiems tapti laimingesniems ???? \u017dinome kaip nelengva i\u0161gyventi ma\u017eiems verslams, tad nuo \u0161iol, \u010dia rasite ir kit\u0173, ma\u017e\u0173 \u0161eim\u0173 versl\u0173, rank\u0173 darbo, dovan\u0173 sau ir artimiesiems.\",\"publisher\":{\"@id\":\"https:\/\/skaitytaknyga.lt\/#organization\"},\"potentialAction\":[{\"@type\":\"SearchAction\",\"target\":{\"@type\":\"EntryPoint\",\"urlTemplate\":\"https:\/\/skaitytaknyga.lt\/?s={search_term_string}\"},\"query-input\":{\"@type\":\"PropertyValueSpecification\",\"valueRequired\":true,\"valueName\":\"search_term_string\"}}],\"inLanguage\":\"en-GB\"},{\"@type\":\"Organization\",\"@id\":\"https:\/\/skaitytaknyga.lt\/#organization\",\"name\":\"skaitytaknyga.lt\",\"url\":\"https:\/\/skaitytaknyga.lt\/\",\"logo\":{\"@type\":\"ImageObject\",\"inLanguage\":\"en-GB\",\"@id\":\"https:\/\/skaitytaknyga.lt\/#\/schema\/logo\/image\/\",\"url\":\"https:\/\/skaitytaknyga.lt\/wp-content\/uploads\/2024\/05\/cropped-cropped-cropped-02_00843_jt3bggkj1j3HLc7SyY6rEUpg.jpeg\",\"contentUrl\":\"https:\/\/skaitytaknyga.lt\/wp-content\/uploads\/2024\/05\/cropped-cropped-cropped-02_00843_jt3bggkj1j3HLc7SyY6rEUpg.jpeg\",\"width\":1600,\"height\":1600,\"caption\":\"skaitytaknyga.lt\"},\"image\":{\"@id\":\"https:\/\/skaitytaknyga.lt\/#\/schema\/logo\/image\/\"},\"sameAs\":[\"https:\/\/www.facebook.com\/skaitytaknyga\/\"]}]}<\/script>\n<!-- \/ Yoast SEO plugin. -->","yoast_head_json":{"title":"1973-i\u0173j\u0173 kini\u0161kas biliardas","description":"M\u016bs\u0173 \u0161irdyse gl\u016bdi i\u0161raustas ne vienas \u0161ulinys. O vir\u0161 t\u0173 \u0161ulini\u0173 sklando pauk\u0161\u010diai. Pagrindinis romano veik\u0117jas Tokijuje \u012fkuria vertim\u0173 biur\u0105 ir","robots":{"index":"index","follow":"follow","max-snippet":"max-snippet:-1","max-image-preview":"max-image-preview:large","max-video-preview":"max-video-preview:-1"},"canonical":"https:\/\/skaitytaknyga.lt\/en\/produktas\/1973-iuju-kiniskas-biliardas\/","og_locale":"en_GB","og_type":"article","og_title":"[:lt]1973-i\u0173j\u0173 kini\u0161kas biliardas[:] - Skaitytaknyga","og_description":"M\u016bs\u0173 \u0161irdyse gl\u016bdi i\u0161raustas ne vienas \u0161ulinys. O vir\u0161 t\u0173 \u0161ulini\u0173 sklando pauk\u0161\u010diai. Pagrindinis romano veik\u0117jas Tokijuje \u012fkuria vertim\u0173 biur\u0105 ir","og_url":"https:\/\/skaitytaknyga.lt\/en\/produktas\/1973-iuju-kiniskas-biliardas\/","og_site_name":"Skaitytaknyga","article_publisher":"https:\/\/www.facebook.com\/skaitytaknyga\/","article_modified_time":"2026-02-04T10:43:32+00:00","og_image":[{"width":300,"height":448,"url":"https:\/\/skaitytaknyga.lt\/wp-content\/uploads\/2026\/02\/1973-iuju-kiniskas-biliardas-1.webp","type":"image\/webp"}],"twitter_card":"summary_large_image","twitter_misc":{"Estimated reading time":"1 minute"},"schema":{"@context":"https:\/\/schema.org","@graph":[{"@type":"WebPage","@id":"https:\/\/skaitytaknyga.lt\/produktas\/1973-iuju-kiniskas-biliardas\/","url":"https:\/\/skaitytaknyga.lt\/produktas\/1973-iuju-kiniskas-biliardas\/","name":"1973-i\u0173j\u0173 kini\u0161kas biliardas","isPartOf":{"@id":"https:\/\/skaitytaknyga.lt\/#website"},"primaryImageOfPage":{"@id":"https:\/\/skaitytaknyga.lt\/produktas\/1973-iuju-kiniskas-biliardas\/#primaryimage"},"image":{"@id":"https:\/\/skaitytaknyga.lt\/produktas\/1973-iuju-kiniskas-biliardas\/#primaryimage"},"thumbnailUrl":"https:\/\/skaitytaknyga.lt\/wp-content\/uploads\/2026\/02\/1973-iuju-kiniskas-biliardas-1.webp","datePublished":"2026-02-04T10:05:13+00:00","dateModified":"2026-02-04T10:43:32+00:00","description":"M\u016bs\u0173 \u0161irdyse gl\u016bdi i\u0161raustas ne vienas \u0161ulinys. O vir\u0161 t\u0173 \u0161ulini\u0173 sklando pauk\u0161\u010diai. Pagrindinis romano veik\u0117jas Tokijuje \u012fkuria vertim\u0173 biur\u0105 ir","breadcrumb":{"@id":"https:\/\/skaitytaknyga.lt\/produktas\/1973-iuju-kiniskas-biliardas\/#breadcrumb"},"inLanguage":"en-GB","potentialAction":[{"@type":"ReadAction","target":["https:\/\/skaitytaknyga.lt\/produktas\/1973-iuju-kiniskas-biliardas\/"]}]},{"@type":"ImageObject","inLanguage":"en-GB","@id":"https:\/\/skaitytaknyga.lt\/produktas\/1973-iuju-kiniskas-biliardas\/#primaryimage","url":"https:\/\/skaitytaknyga.lt\/wp-content\/uploads\/2026\/02\/1973-iuju-kiniskas-biliardas-1.webp","contentUrl":"https:\/\/skaitytaknyga.lt\/wp-content\/uploads\/2026\/02\/1973-iuju-kiniskas-biliardas-1.webp","width":300,"height":448,"caption":"1973-i\u0173j\u0173 kini\u0161kas biliardas"},{"@type":"BreadcrumbList","@id":"https:\/\/skaitytaknyga.lt\/produktas\/1973-iuju-kiniskas-biliardas\/#breadcrumb","itemListElement":[{"@type":"ListItem","position":1,"name":"Home","item":"https:\/\/skaitytaknyga.lt\/"},{"@type":"ListItem","position":2,"name":"Parduotuv\u0117","item":"https:\/\/skaitytaknyga.lt\/knygu-parduotuve\/"},{"@type":"ListItem","position":3,"name":"1973-i\u0173j\u0173 kini\u0161kas biliardas"}]},{"@type":"WebSite","@id":"https:\/\/skaitytaknyga.lt\/#website","url":"https:\/\/skaitytaknyga.lt\/","name":"skaitytaknyga.lt","description":"Skaitytaknyga.lt \u2013 tai ma\u017eas \u0161eimos verslas, kuris prasid\u0117jo nuo meil\u0117s knygoms ir siekio i\u0161gelb\u0117ti knygas nuo likimo prie konteinerio. Kas vienam nereikalingas daiktas \u2013 kitam lobis, o mes esame tarpininkai, kurie padeda abiems tapti laimingesniems ???? \u017dinome kaip nelengva i\u0161gyventi ma\u017eiems verslams, tad nuo \u0161iol, \u010dia rasite ir kit\u0173, ma\u017e\u0173 \u0161eim\u0173 versl\u0173, rank\u0173 darbo, dovan\u0173 sau ir artimiesiems.","publisher":{"@id":"https:\/\/skaitytaknyga.lt\/#organization"},"potentialAction":[{"@type":"SearchAction","target":{"@type":"EntryPoint","urlTemplate":"https:\/\/skaitytaknyga.lt\/?s={search_term_string}"},"query-input":{"@type":"PropertyValueSpecification","valueRequired":true,"valueName":"search_term_string"}}],"inLanguage":"en-GB"},{"@type":"Organization","@id":"https:\/\/skaitytaknyga.lt\/#organization","name":"skaitytaknyga.lt","url":"https:\/\/skaitytaknyga.lt\/","logo":{"@type":"ImageObject","inLanguage":"en-GB","@id":"https:\/\/skaitytaknyga.lt\/#\/schema\/logo\/image\/","url":"https:\/\/skaitytaknyga.lt\/wp-content\/uploads\/2024\/05\/cropped-cropped-cropped-02_00843_jt3bggkj1j3HLc7SyY6rEUpg.jpeg","contentUrl":"https:\/\/skaitytaknyga.lt\/wp-content\/uploads\/2024\/05\/cropped-cropped-cropped-02_00843_jt3bggkj1j3HLc7SyY6rEUpg.jpeg","width":1600,"height":1600,"caption":"skaitytaknyga.lt"},"image":{"@id":"https:\/\/skaitytaknyga.lt\/#\/schema\/logo\/image\/"},"sameAs":["https:\/\/www.facebook.com\/skaitytaknyga\/"]}]}},"_links":{"self":[{"href":"https:\/\/skaitytaknyga.lt\/en\/wp-json\/wp\/v2\/product\/22934","targetHints":{"allow":["GET"]}}],"collection":[{"href":"https:\/\/skaitytaknyga.lt\/en\/wp-json\/wp\/v2\/product"}],"about":[{"href":"https:\/\/skaitytaknyga.lt\/en\/wp-json\/wp\/v2\/types\/product"}],"replies":[{"embeddable":true,"href":"https:\/\/skaitytaknyga.lt\/en\/wp-json\/wp\/v2\/comments?post=22934"}],"wp:featuredmedia":[{"embeddable":true,"href":"https:\/\/skaitytaknyga.lt\/en\/wp-json\/wp\/v2\/media\/22939"}],"wp:attachment":[{"href":"https:\/\/skaitytaknyga.lt\/en\/wp-json\/wp\/v2\/media?parent=22934"}],"wp:term":[{"taxonomy":"product_brand","embeddable":true,"href":"https:\/\/skaitytaknyga.lt\/en\/wp-json\/wp\/v2\/product_brand?post=22934"},{"taxonomy":"product_cat","embeddable":true,"href":"https:\/\/skaitytaknyga.lt\/en\/wp-json\/wp\/v2\/product_cat?post=22934"},{"taxonomy":"product_tag","embeddable":true,"href":"https:\/\/skaitytaknyga.lt\/en\/wp-json\/wp\/v2\/product_tag?post=22934"}],"curies":[{"name":"wp","href":"https:\/\/api.w.org\/{rel}","templated":true}]}}