{"id":22933,"date":"2026-02-04T12:05:13","date_gmt":"2026-02-04T10:05:13","guid":{"rendered":"https:\/\/skaitytaknyga.lt\/?post_type=product&#038;p=22933"},"modified":"2026-02-04T12:43:32","modified_gmt":"2026-02-04T10:43:32","slug":"pabudimo-alchemija-miegancioje-visuomeneje","status":"publish","type":"product","link":"https:\/\/skaitytaknyga.lt\/en\/produktas\/pabudimo-alchemija-miegancioje-visuomeneje\/","title":{"rendered":"Pabudimo alchemija miegan\u010dioje visuomen\u0117je"},"content":{"rendered":"<p>Vidinio pasaulio atspindys slypi i\u0161or\u0117je.<br \/>\nJei norisi gyventi savo gyvenim\u0105, su smalsumu leiskit\u0117s<br \/>\n\u012f kelion\u0119 kartu su knygos autoriumi.<\/p>\n<p>Remi Khalad \/ Remigijus Savickas \u2013 jau 16 met\u0173 i\u0161lieka tarp geriausi\u0173 verslo treneri\u0173 Lietuvoje. Sertifikuotas \u201eSony&#8221;, \u201eBarclays&#8221; ir \u201eMicrosoft&#8221; kompanij\u0173 verslo treneris, buv\u0119s mokym\u0173 kompanijos \u201eDOOR Training Baltic&#8221; vienas \u012fk\u016br\u0117j\u0173, per 10 met\u0173 kartu su komanda pasiek\u0119s TOP 3 pozicij\u0105 rinkoje. Paskutinius penkerius metus aktyviai ir nuosekliai gilinasi \u012f \u017emogaus autenti\u0161kum\u0105, yra gav\u0119s \u201eHolistic Counseling&#8221; metodikos akreditacij\u0105 S.I.A.F. Italijoje. Rotary klubo \u201eDipolis&#8221; narys, savi\u017eudybi\u0173 prevencijos projekto \u201eatpa\u017eink ir pakalb\u0117k&#8221; iniciatorius; unikalios asmeninio pa\u017einimo programos Autenti\u0161kaLyderyst\u0117.lt mentorius.<\/p>\n<p>\u0160i knyga \u2013 tai asmenin\u0117 kelion\u0117 i\u0161 miegan\u010dios visuomen\u0117s, kurioje gyvename, \u012f gyvasting\u0105 vidin\u012f pasaul\u012f. Tai \u2013 siekis pabusti i\u0161 praeities \u012fvyki\u0173, kurie nes\u0105moningai daro neigiam\u0105 \u012ftak\u0105 \u0161iandienos b\u016bsenai; per\u0117jimas nuo gresian\u010dio perdegimo iki vidin\u0117s ramyb\u0117s ir autenti\u0161ko gyvenimo stiliaus. Knygos autorius dalijasi laiko, kur\u012f praleido a\u0161ramuose ir studijose pas s\u0105moningumo mokytojus, patirtimis, rodo, kaip pritaikyti jas kasdienyb\u0117je ir pakeisti savo gyvenim\u0105 45 laipsni\u0173 kampu.<\/p>\n","protected":false},"excerpt":{"rendered":"<p>Vidinio pasaulio atspindys slypi i\u0161or\u0117je. Jei norisi gyventi savo gyvenim\u0105, su smalsumu leiskit\u0117s \u012f kelion\u0119 kartu su knygos autoriumi. Remi Khalad \/ Remigijus Savickas \u2013 jau 16 met\u0173 i\u0161lieka tarp geriausi\u0173 verslo treneri\u0173 Lietuvoje. Sertifikuotas \u201eSony&#8221;, \u201eBarclays&#8221; ir \u201eMicrosoft&#8221; kompanij\u0173 verslo treneris, buv\u0119s mokym\u0173 kompanijos \u201eDOOR Training Baltic&#8221; vienas \u012fk\u016br\u0117j\u0173, per 10 met\u0173 kartu su komanda pasiek\u0119s TOP 3 pozicij\u0105 rinkoje. Paskutinius penkerius metus aktyviai ir nuosekliai gilinasi \u012f \u017emogaus autenti\u0161kum\u0105, yra gav\u0119s \u201eHolistic Counseling&#8221; metodikos akreditacij\u0105 S.I.A.F. Italijoje. Rotary klubo \u201eDipolis&#8221; narys, savi\u017eudybi\u0173 prevencijos projekto \u201eatpa\u017eink ir pakalb\u0117k&#8221; iniciatorius; unikalios asmeninio pa\u017einimo programos Autenti\u0161kaLyderyst\u0117.lt mentorius. \u0160i knyga \u2013 tai asmenin\u0117 kelion\u0117 i\u0161 miegan\u010dios visuomen\u0117s, kurioje gyvename, \u012f gyvasting\u0105 vidin\u012f pasaul\u012f. Tai \u2013 siekis pabusti i\u0161 praeities \u012fvyki\u0173, kurie nes\u0105moningai daro neigiam\u0105 \u012ftak\u0105 \u0161iandienos b\u016bsenai; per\u0117jimas nuo gresian\u010dio perdegimo iki vidin\u0117s ramyb\u0117s ir autenti\u0161ko gyvenimo stiliaus. Knygos autorius dalijasi laiko, kur\u012f praleido a\u0161ramuose ir studijose pas s\u0105moningumo mokytojus, patirtimis, rodo, kaip pritaikyti jas kasdienyb\u0117je ir pakeisti savo gyvenim\u0105 45 laipsni\u0173 kampu.<\/p>\n","protected":false},"featured_media":22938,"comment_status":"open","ping_status":"closed","template":"","meta":{"_acf_changed":false,"site-sidebar-layout":"default","site-content-layout":"","ast-site-content-layout":"default","site-content-style":"default","site-sidebar-style":"default","ast-global-header-display":"","ast-banner-title-visibility":"","ast-main-header-display":"","ast-hfb-above-header-display":"","ast-hfb-below-header-display":"","ast-hfb-mobile-header-display":"","site-post-title":"","ast-breadcrumbs-content":"","ast-featured-img":"","footer-sml-layout":"","ast-disable-related-posts":"","theme-transparent-header-meta":"","adv-header-id-meta":"","stick-header-meta":"","header-above-stick-meta":"","header-main-stick-meta":"","header-below-stick-meta":"","astra-migrate-meta-layouts":"default","ast-page-background-enabled":"default","ast-page-background-meta":{"desktop":{"background-color":"","background-image":"","background-repeat":"repeat","background-position":"center center","background-size":"auto","background-attachment":"scroll","background-type":"","background-media":"","overlay-type":"","overlay-color":"","overlay-opacity":"","overlay-gradient":""},"tablet":{"background-color":"","background-image":"","background-repeat":"repeat","background-position":"center center","background-size":"auto","background-attachment":"scroll","background-type":"","background-media":"","overlay-type":"","overlay-color":"","overlay-opacity":"","overlay-gradient":""},"mobile":{"background-color":"","background-image":"","background-repeat":"repeat","background-position":"center center","background-size":"auto","background-attachment":"scroll","background-type":"","background-media":"","overlay-type":"","overlay-color":"","overlay-opacity":"","overlay-gradient":""}},"ast-content-background-meta":{"desktop":{"background-color":"var(--ast-global-color-4)","background-image":"","background-repeat":"repeat","background-position":"center center","background-size":"auto","background-attachment":"scroll","background-type":"","background-media":"","overlay-type":"","overlay-color":"","overlay-opacity":"","overlay-gradient":""},"tablet":{"background-color":"var(--ast-global-color-4)","background-image":"","background-repeat":"repeat","background-position":"center center","background-size":"auto","background-attachment":"scroll","background-type":"","background-media":"","overlay-type":"","overlay-color":"","overlay-opacity":"","overlay-gradient":""},"mobile":{"background-color":"var(--ast-global-color-4)","background-image":"","background-repeat":"repeat","background-position":"center center","background-size":"auto","background-attachment":"scroll","background-type":"","background-media":"","overlay-type":"","overlay-color":"","overlay-opacity":"","overlay-gradient":""}}},"product_brand":[],"product_cat":[30],"product_tag":[9400],"class_list":{"0":"post-22933","1":"product","2":"type-product","3":"status-publish","4":"has-post-thumbnail","6":"product_cat-psichologija-ir-saviugda","7":"product_tag-remi-khalad","8":"desktop-align-left","9":"tablet-align-left","10":"mobile-align-left","12":"first","13":"instock","14":"shipping-taxable","15":"purchasable","16":"product-type-simple"},"acf":[],"yoast_head":"<!-- This site is optimized with the Yoast SEO plugin v27.0 - https:\/\/yoast.com\/product\/yoast-seo-wordpress\/ -->\n<title>Pabudimo alchemija miegan\u010dioje visuomen\u0117je<\/title>\n<meta name=\"description\" content=\"Vidinio pasaulio atspindys slypi i\u0161or\u0117je. Jei norisi gyventi savo gyvenim\u0105, su smalsumu leiskit\u0117s \u012f kelion\u0119 kartu su knygos autoriumi. Remi Khalad \/\" \/>\n<meta name=\"robots\" content=\"index, follow, max-snippet:-1, max-image-preview:large, max-video-preview:-1\" \/>\n<link rel=\"canonical\" href=\"https:\/\/skaitytaknyga.lt\/en\/produktas\/pabudimo-alchemija-miegancioje-visuomeneje\/\" \/>\n<meta property=\"og:locale\" content=\"en_GB\" \/>\n<meta property=\"og:locale:alternate\" content=\"lt_LT\" \/>\n<meta property=\"og:type\" content=\"article\" \/>\n<meta property=\"og:title\" content=\"Pabudimo alchemija miegan\u010dioje visuomen\u0117je\" \/>\n<meta property=\"og:description\" content=\"Vidinio pasaulio atspindys slypi i\u0161or\u0117je. Jei norisi gyventi savo gyvenim\u0105, su smalsumu leiskit\u0117s \u012f kelion\u0119 kartu su knygos autoriumi. Remi Khalad \/\" \/>\n<meta property=\"og:url\" content=\"https:\/\/skaitytaknyga.lt\/en\/produktas\/pabudimo-alchemija-miegancioje-visuomeneje\/\" \/>\n<meta property=\"og:site_name\" content=\"Skaitytaknyga\" \/>\n<meta property=\"article:publisher\" content=\"https:\/\/www.facebook.com\/skaitytaknyga\/\" \/>\n<meta property=\"article:modified_time\" content=\"2026-02-04T10:43:32+00:00\" \/>\n<meta property=\"og:image\" content=\"https:\/\/skaitytaknyga.lt\/wp-content\/uploads\/2026\/02\/Pabudimo-alchemija-miegancioje-visuomeneje-1.webp\" \/>\n\t<meta property=\"og:image:width\" content=\"316\" \/>\n\t<meta property=\"og:image:height\" content=\"500\" \/>\n\t<meta property=\"og:image:type\" content=\"image\/webp\" \/>\n<meta name=\"twitter:card\" content=\"summary_large_image\" \/>\n<meta name=\"twitter:label1\" content=\"Estimated reading time\" \/>\n\t<meta name=\"twitter:data1\" content=\"1 minute\" \/>\n<script type=\"application\/ld+json\" class=\"yoast-schema-graph\">{\"@context\":\"https:\/\/schema.org\",\"@graph\":[{\"@type\":\"WebPage\",\"@id\":\"https:\/\/skaitytaknyga.lt\/produktas\/pabudimo-alchemija-miegancioje-visuomeneje\/\",\"url\":\"https:\/\/skaitytaknyga.lt\/produktas\/pabudimo-alchemija-miegancioje-visuomeneje\/\",\"name\":\"Pabudimo alchemija miegan\u010dioje visuomen\u0117je\",\"isPartOf\":{\"@id\":\"https:\/\/skaitytaknyga.lt\/#website\"},\"primaryImageOfPage\":{\"@id\":\"https:\/\/skaitytaknyga.lt\/produktas\/pabudimo-alchemija-miegancioje-visuomeneje\/#primaryimage\"},\"image\":{\"@id\":\"https:\/\/skaitytaknyga.lt\/produktas\/pabudimo-alchemija-miegancioje-visuomeneje\/#primaryimage\"},\"thumbnailUrl\":\"https:\/\/skaitytaknyga.lt\/wp-content\/uploads\/2026\/02\/Pabudimo-alchemija-miegancioje-visuomeneje-1.webp\",\"datePublished\":\"2026-02-04T10:05:13+00:00\",\"dateModified\":\"2026-02-04T10:43:32+00:00\",\"description\":\"Vidinio pasaulio atspindys slypi i\u0161or\u0117je. Jei norisi gyventi savo gyvenim\u0105, su smalsumu leiskit\u0117s \u012f kelion\u0119 kartu su knygos autoriumi. Remi Khalad \/\",\"breadcrumb\":{\"@id\":\"https:\/\/skaitytaknyga.lt\/produktas\/pabudimo-alchemija-miegancioje-visuomeneje\/#breadcrumb\"},\"inLanguage\":\"en-GB\",\"potentialAction\":[{\"@type\":\"ReadAction\",\"target\":[\"https:\/\/skaitytaknyga.lt\/produktas\/pabudimo-alchemija-miegancioje-visuomeneje\/\"]}]},{\"@type\":\"ImageObject\",\"inLanguage\":\"en-GB\",\"@id\":\"https:\/\/skaitytaknyga.lt\/produktas\/pabudimo-alchemija-miegancioje-visuomeneje\/#primaryimage\",\"url\":\"https:\/\/skaitytaknyga.lt\/wp-content\/uploads\/2026\/02\/Pabudimo-alchemija-miegancioje-visuomeneje-1.webp\",\"contentUrl\":\"https:\/\/skaitytaknyga.lt\/wp-content\/uploads\/2026\/02\/Pabudimo-alchemija-miegancioje-visuomeneje-1.webp\",\"width\":316,\"height\":500,\"caption\":\"Pabudimo alchemija miegan\u010dioje visuomen\u0117je\"},{\"@type\":\"BreadcrumbList\",\"@id\":\"https:\/\/skaitytaknyga.lt\/produktas\/pabudimo-alchemija-miegancioje-visuomeneje\/#breadcrumb\",\"itemListElement\":[{\"@type\":\"ListItem\",\"position\":1,\"name\":\"Home\",\"item\":\"https:\/\/skaitytaknyga.lt\/\"},{\"@type\":\"ListItem\",\"position\":2,\"name\":\"Parduotuv\u0117\",\"item\":\"https:\/\/skaitytaknyga.lt\/knygu-parduotuve\/\"},{\"@type\":\"ListItem\",\"position\":3,\"name\":\"Pabudimo alchemija miegan\u010dioje visuomen\u0117je\"}]},{\"@type\":\"WebSite\",\"@id\":\"https:\/\/skaitytaknyga.lt\/#website\",\"url\":\"https:\/\/skaitytaknyga.lt\/\",\"name\":\"skaitytaknyga.lt\",\"description\":\"Skaitytaknyga.lt \u2013 tai ma\u017eas \u0161eimos verslas, kuris prasid\u0117jo nuo meil\u0117s knygoms ir siekio i\u0161gelb\u0117ti knygas nuo likimo prie konteinerio. Kas vienam nereikalingas daiktas \u2013 kitam lobis, o mes esame tarpininkai, kurie padeda abiems tapti laimingesniems ???? \u017dinome kaip nelengva i\u0161gyventi ma\u017eiems verslams, tad nuo \u0161iol, \u010dia rasite ir kit\u0173, ma\u017e\u0173 \u0161eim\u0173 versl\u0173, rank\u0173 darbo, dovan\u0173 sau ir artimiesiems.\",\"publisher\":{\"@id\":\"https:\/\/skaitytaknyga.lt\/#organization\"},\"potentialAction\":[{\"@type\":\"SearchAction\",\"target\":{\"@type\":\"EntryPoint\",\"urlTemplate\":\"https:\/\/skaitytaknyga.lt\/?s={search_term_string}\"},\"query-input\":{\"@type\":\"PropertyValueSpecification\",\"valueRequired\":true,\"valueName\":\"search_term_string\"}}],\"inLanguage\":\"en-GB\"},{\"@type\":\"Organization\",\"@id\":\"https:\/\/skaitytaknyga.lt\/#organization\",\"name\":\"skaitytaknyga.lt\",\"url\":\"https:\/\/skaitytaknyga.lt\/\",\"logo\":{\"@type\":\"ImageObject\",\"inLanguage\":\"en-GB\",\"@id\":\"https:\/\/skaitytaknyga.lt\/#\/schema\/logo\/image\/\",\"url\":\"https:\/\/skaitytaknyga.lt\/wp-content\/uploads\/2024\/05\/cropped-cropped-cropped-02_00843_jt3bggkj1j3HLc7SyY6rEUpg.jpeg\",\"contentUrl\":\"https:\/\/skaitytaknyga.lt\/wp-content\/uploads\/2024\/05\/cropped-cropped-cropped-02_00843_jt3bggkj1j3HLc7SyY6rEUpg.jpeg\",\"width\":1600,\"height\":1600,\"caption\":\"skaitytaknyga.lt\"},\"image\":{\"@id\":\"https:\/\/skaitytaknyga.lt\/#\/schema\/logo\/image\/\"},\"sameAs\":[\"https:\/\/www.facebook.com\/skaitytaknyga\/\"]}]}<\/script>\n<!-- \/ Yoast SEO plugin. -->","yoast_head_json":{"title":"Pabudimo alchemija miegan\u010dioje visuomen\u0117je","description":"Vidinio pasaulio atspindys slypi i\u0161or\u0117je. Jei norisi gyventi savo gyvenim\u0105, su smalsumu leiskit\u0117s \u012f kelion\u0119 kartu su knygos autoriumi. Remi Khalad \/","robots":{"index":"index","follow":"follow","max-snippet":"max-snippet:-1","max-image-preview":"max-image-preview:large","max-video-preview":"max-video-preview:-1"},"canonical":"https:\/\/skaitytaknyga.lt\/en\/produktas\/pabudimo-alchemija-miegancioje-visuomeneje\/","og_locale":"en_GB","og_type":"article","og_title":"[:lt]Pabudimo alchemija miegan\u010dioje visuomen\u0117je[:] - Skaitytaknyga","og_description":"Vidinio pasaulio atspindys slypi i\u0161or\u0117je. Jei norisi gyventi savo gyvenim\u0105, su smalsumu leiskit\u0117s \u012f kelion\u0119 kartu su knygos autoriumi. Remi Khalad \/","og_url":"https:\/\/skaitytaknyga.lt\/en\/produktas\/pabudimo-alchemija-miegancioje-visuomeneje\/","og_site_name":"Skaitytaknyga","article_publisher":"https:\/\/www.facebook.com\/skaitytaknyga\/","article_modified_time":"2026-02-04T10:43:32+00:00","og_image":[{"width":316,"height":500,"url":"https:\/\/skaitytaknyga.lt\/wp-content\/uploads\/2026\/02\/Pabudimo-alchemija-miegancioje-visuomeneje-1.webp","type":"image\/webp"}],"twitter_card":"summary_large_image","twitter_misc":{"Estimated reading time":"1 minute"},"schema":{"@context":"https:\/\/schema.org","@graph":[{"@type":"WebPage","@id":"https:\/\/skaitytaknyga.lt\/produktas\/pabudimo-alchemija-miegancioje-visuomeneje\/","url":"https:\/\/skaitytaknyga.lt\/produktas\/pabudimo-alchemija-miegancioje-visuomeneje\/","name":"Pabudimo alchemija miegan\u010dioje visuomen\u0117je","isPartOf":{"@id":"https:\/\/skaitytaknyga.lt\/#website"},"primaryImageOfPage":{"@id":"https:\/\/skaitytaknyga.lt\/produktas\/pabudimo-alchemija-miegancioje-visuomeneje\/#primaryimage"},"image":{"@id":"https:\/\/skaitytaknyga.lt\/produktas\/pabudimo-alchemija-miegancioje-visuomeneje\/#primaryimage"},"thumbnailUrl":"https:\/\/skaitytaknyga.lt\/wp-content\/uploads\/2026\/02\/Pabudimo-alchemija-miegancioje-visuomeneje-1.webp","datePublished":"2026-02-04T10:05:13+00:00","dateModified":"2026-02-04T10:43:32+00:00","description":"Vidinio pasaulio atspindys slypi i\u0161or\u0117je. Jei norisi gyventi savo gyvenim\u0105, su smalsumu leiskit\u0117s \u012f kelion\u0119 kartu su knygos autoriumi. Remi Khalad \/","breadcrumb":{"@id":"https:\/\/skaitytaknyga.lt\/produktas\/pabudimo-alchemija-miegancioje-visuomeneje\/#breadcrumb"},"inLanguage":"en-GB","potentialAction":[{"@type":"ReadAction","target":["https:\/\/skaitytaknyga.lt\/produktas\/pabudimo-alchemija-miegancioje-visuomeneje\/"]}]},{"@type":"ImageObject","inLanguage":"en-GB","@id":"https:\/\/skaitytaknyga.lt\/produktas\/pabudimo-alchemija-miegancioje-visuomeneje\/#primaryimage","url":"https:\/\/skaitytaknyga.lt\/wp-content\/uploads\/2026\/02\/Pabudimo-alchemija-miegancioje-visuomeneje-1.webp","contentUrl":"https:\/\/skaitytaknyga.lt\/wp-content\/uploads\/2026\/02\/Pabudimo-alchemija-miegancioje-visuomeneje-1.webp","width":316,"height":500,"caption":"Pabudimo alchemija miegan\u010dioje visuomen\u0117je"},{"@type":"BreadcrumbList","@id":"https:\/\/skaitytaknyga.lt\/produktas\/pabudimo-alchemija-miegancioje-visuomeneje\/#breadcrumb","itemListElement":[{"@type":"ListItem","position":1,"name":"Home","item":"https:\/\/skaitytaknyga.lt\/"},{"@type":"ListItem","position":2,"name":"Parduotuv\u0117","item":"https:\/\/skaitytaknyga.lt\/knygu-parduotuve\/"},{"@type":"ListItem","position":3,"name":"Pabudimo alchemija miegan\u010dioje visuomen\u0117je"}]},{"@type":"WebSite","@id":"https:\/\/skaitytaknyga.lt\/#website","url":"https:\/\/skaitytaknyga.lt\/","name":"skaitytaknyga.lt","description":"Skaitytaknyga.lt \u2013 tai ma\u017eas \u0161eimos verslas, kuris prasid\u0117jo nuo meil\u0117s knygoms ir siekio i\u0161gelb\u0117ti knygas nuo likimo prie konteinerio. Kas vienam nereikalingas daiktas \u2013 kitam lobis, o mes esame tarpininkai, kurie padeda abiems tapti laimingesniems ???? \u017dinome kaip nelengva i\u0161gyventi ma\u017eiems verslams, tad nuo \u0161iol, \u010dia rasite ir kit\u0173, ma\u017e\u0173 \u0161eim\u0173 versl\u0173, rank\u0173 darbo, dovan\u0173 sau ir artimiesiems.","publisher":{"@id":"https:\/\/skaitytaknyga.lt\/#organization"},"potentialAction":[{"@type":"SearchAction","target":{"@type":"EntryPoint","urlTemplate":"https:\/\/skaitytaknyga.lt\/?s={search_term_string}"},"query-input":{"@type":"PropertyValueSpecification","valueRequired":true,"valueName":"search_term_string"}}],"inLanguage":"en-GB"},{"@type":"Organization","@id":"https:\/\/skaitytaknyga.lt\/#organization","name":"skaitytaknyga.lt","url":"https:\/\/skaitytaknyga.lt\/","logo":{"@type":"ImageObject","inLanguage":"en-GB","@id":"https:\/\/skaitytaknyga.lt\/#\/schema\/logo\/image\/","url":"https:\/\/skaitytaknyga.lt\/wp-content\/uploads\/2024\/05\/cropped-cropped-cropped-02_00843_jt3bggkj1j3HLc7SyY6rEUpg.jpeg","contentUrl":"https:\/\/skaitytaknyga.lt\/wp-content\/uploads\/2024\/05\/cropped-cropped-cropped-02_00843_jt3bggkj1j3HLc7SyY6rEUpg.jpeg","width":1600,"height":1600,"caption":"skaitytaknyga.lt"},"image":{"@id":"https:\/\/skaitytaknyga.lt\/#\/schema\/logo\/image\/"},"sameAs":["https:\/\/www.facebook.com\/skaitytaknyga\/"]}]}},"_links":{"self":[{"href":"https:\/\/skaitytaknyga.lt\/en\/wp-json\/wp\/v2\/product\/22933","targetHints":{"allow":["GET"]}}],"collection":[{"href":"https:\/\/skaitytaknyga.lt\/en\/wp-json\/wp\/v2\/product"}],"about":[{"href":"https:\/\/skaitytaknyga.lt\/en\/wp-json\/wp\/v2\/types\/product"}],"replies":[{"embeddable":true,"href":"https:\/\/skaitytaknyga.lt\/en\/wp-json\/wp\/v2\/comments?post=22933"}],"wp:featuredmedia":[{"embeddable":true,"href":"https:\/\/skaitytaknyga.lt\/en\/wp-json\/wp\/v2\/media\/22938"}],"wp:attachment":[{"href":"https:\/\/skaitytaknyga.lt\/en\/wp-json\/wp\/v2\/media?parent=22933"}],"wp:term":[{"taxonomy":"product_brand","embeddable":true,"href":"https:\/\/skaitytaknyga.lt\/en\/wp-json\/wp\/v2\/product_brand?post=22933"},{"taxonomy":"product_cat","embeddable":true,"href":"https:\/\/skaitytaknyga.lt\/en\/wp-json\/wp\/v2\/product_cat?post=22933"},{"taxonomy":"product_tag","embeddable":true,"href":"https:\/\/skaitytaknyga.lt\/en\/wp-json\/wp\/v2\/product_tag?post=22933"}],"curies":[{"name":"wp","href":"https:\/\/api.w.org\/{rel}","templated":true}]}}