{"id":22918,"date":"2026-01-30T20:44:07","date_gmt":"2026-01-30T18:44:07","guid":{"rendered":"https:\/\/skaitytaknyga.lt\/?post_type=product&#038;p=22918"},"modified":"2026-03-18T11:43:08","modified_gmt":"2026-03-18T09:43:08","slug":"zmogus-prasmes-akivaizdoje-2","status":"publish","type":"product","link":"https:\/\/skaitytaknyga.lt\/en\/produktas\/zmogus-prasmes-akivaizdoje-2\/","title":{"rendered":"\u017dmogus prasm\u0117s akivaizdoje"},"content":{"rendered":"<p>Rinktin\u0117<\/p>\n<p>Klausimas apie \u017emogi\u0161kosios egzistencijos prasm\u0119 m\u016bs\u0173 visuomen\u0117je tampa vis svarbesnis ir opesnis. Turb\u016bt n\u0117ra kito mokslininko, vis\u0105 gyvenim\u0105 taip nuosekliai gvildenusio \u0161\u012f klausim\u0105, kaip Vienos psichiatras Viktoras E. Franklis. Jo logoterapijos tikslas &#8211; pad\u0117ti \u017emon\u0117ms atrasti savo gyvenimo prasm\u0119. Franklis kuria \u0161\u012f psichoterapijos metod\u0105 oponuodamas tradicin\u0117s psichoterapijos atstovams. Ta\u010diau logoterapija nesiekia b\u016bti psichoterapijos pakaitalu; jos u\u017edavinys &#8211; teikti pagalb\u0105 \u017emon\u0117ms, \u201eken\u010diantiems d\u0117l beprasmio gyvenimo\u201c.<\/p>\n<p>Knygoje pateikiamos Viktoro E. Franklio, logoterapijos ir egzistencin\u0117s analiz\u0117s pradininko, 1946-1976 m. i\u0161sakytos mintys, kvie\u010dian\u010dios visus pamatyti pasaulio pasiligojimo prie\u017eastis ir u\u017ekirsti keli\u0105 katastrofai. J\u0173 spektras labai platus: nuo filosofini\u0173 ir antropologini\u0173 logoterapijos metodo pagrind\u0173, jo vietos ir reik\u0161m\u0117s tarp kit\u0173 psichoterapijos kryp\u010di\u0173, iki praktinio \u0161io metodo taikymo kasdieniame gyvenime. Antrame skyriuje skaitytojas ras V. E. Franklio tekst\u0173 fragmentus i\u0161 kit\u0173 jo knyg\u0173, glaustai paai\u0161kinan\u010dius autoriaus pa\u017ei\u016bras ir vartojamus terminus.<\/p>\n<p>Viktoras E. Franklis, gim\u0119s 1905 m. Vienoje ir 1997 m. ten mir\u0119s, buvo Vienos universiteto neurologijos ir psichiatrijos profesorius. Taip pat profesoriavo Harvardo universitete, Dalase ir Pitsburge (JAV). Pagrind\u0117 logoterapij\u0105, dar vadinam\u0105 \u201etre\u010di\u0105ja Vienos psichoterapijos kryptimi\u201c, buvo Tarptautinio San Diego universiteto (Kalifornija) logoterapijos profesorius.<\/p>\n","protected":false},"excerpt":{"rendered":"<p>Rinktin\u0117 Klausimas apie \u017emogi\u0161kosios egzistencijos prasm\u0119 m\u016bs\u0173 visuomen\u0117je tampa vis svarbesnis ir opesnis. Turb\u016bt n\u0117ra kito mokslininko, vis\u0105 gyvenim\u0105 taip nuosekliai gvildenusio \u0161\u012f klausim\u0105, kaip Vienos psichiatras Viktoras E. Franklis. Jo logoterapijos tikslas &#8211; pad\u0117ti \u017emon\u0117ms atrasti savo gyvenimo prasm\u0119. Franklis kuria \u0161\u012f psichoterapijos metod\u0105 oponuodamas tradicin\u0117s psichoterapijos atstovams. Ta\u010diau logoterapija nesiekia b\u016bti psichoterapijos pakaitalu; jos u\u017edavinys &#8211; teikti pagalb\u0105 \u017emon\u0117ms, \u201eken\u010diantiems d\u0117l beprasmio gyvenimo\u201c. Knygoje pateikiamos Viktoro E. Franklio, logoterapijos ir egzistencin\u0117s analiz\u0117s pradininko, 1946-1976 m. i\u0161sakytos mintys, kvie\u010dian\u010dios visus pamatyti pasaulio pasiligojimo prie\u017eastis ir u\u017ekirsti keli\u0105 katastrofai. J\u0173 spektras labai platus: nuo filosofini\u0173 ir antropologini\u0173 logoterapijos metodo pagrind\u0173, jo vietos ir reik\u0161m\u0117s tarp kit\u0173 psichoterapijos kryp\u010di\u0173, iki praktinio \u0161io metodo taikymo kasdieniame gyvenime. Antrame skyriuje skaitytojas ras V. E. Franklio tekst\u0173 fragmentus i\u0161 kit\u0173 jo knyg\u0173, glaustai paai\u0161kinan\u010dius autoriaus pa\u017ei\u016bras ir vartojamus terminus. Viktoras E. Franklis, gim\u0119s 1905 m. Vienoje ir 1997 m. ten mir\u0119s, buvo Vienos universiteto neurologijos ir psichiatrijos profesorius. Taip pat profesoriavo Harvardo universitete, Dalase ir Pitsburge (JAV). Pagrind\u0117 logoterapij\u0105, dar vadinam\u0105 \u201etre\u010di\u0105ja Vienos psichoterapijos kryptimi\u201c, buvo Tarptautinio San Diego universiteto (Kalifornija) logoterapijos profesorius.<\/p>\n","protected":false},"featured_media":22931,"comment_status":"open","ping_status":"closed","template":"","meta":{"_acf_changed":false,"site-sidebar-layout":"default","site-content-layout":"","ast-site-content-layout":"default","site-content-style":"default","site-sidebar-style":"default","ast-global-header-display":"","ast-banner-title-visibility":"","ast-main-header-display":"","ast-hfb-above-header-display":"","ast-hfb-below-header-display":"","ast-hfb-mobile-header-display":"","site-post-title":"","ast-breadcrumbs-content":"","ast-featured-img":"","footer-sml-layout":"","ast-disable-related-posts":"","theme-transparent-header-meta":"","adv-header-id-meta":"","stick-header-meta":"","header-above-stick-meta":"","header-main-stick-meta":"","header-below-stick-meta":"","astra-migrate-meta-layouts":"default","ast-page-background-enabled":"default","ast-page-background-meta":{"desktop":{"background-color":"","background-image":"","background-repeat":"repeat","background-position":"center center","background-size":"auto","background-attachment":"scroll","background-type":"","background-media":"","overlay-type":"","overlay-color":"","overlay-opacity":"","overlay-gradient":""},"tablet":{"background-color":"","background-image":"","background-repeat":"repeat","background-position":"center center","background-size":"auto","background-attachment":"scroll","background-type":"","background-media":"","overlay-type":"","overlay-color":"","overlay-opacity":"","overlay-gradient":""},"mobile":{"background-color":"","background-image":"","background-repeat":"repeat","background-position":"center center","background-size":"auto","background-attachment":"scroll","background-type":"","background-media":"","overlay-type":"","overlay-color":"","overlay-opacity":"","overlay-gradient":""}},"ast-content-background-meta":{"desktop":{"background-color":"var(--ast-global-color-4)","background-image":"","background-repeat":"repeat","background-position":"center center","background-size":"auto","background-attachment":"scroll","background-type":"","background-media":"","overlay-type":"","overlay-color":"","overlay-opacity":"","overlay-gradient":""},"tablet":{"background-color":"var(--ast-global-color-4)","background-image":"","background-repeat":"repeat","background-position":"center center","background-size":"auto","background-attachment":"scroll","background-type":"","background-media":"","overlay-type":"","overlay-color":"","overlay-opacity":"","overlay-gradient":""},"mobile":{"background-color":"var(--ast-global-color-4)","background-image":"","background-repeat":"repeat","background-position":"center center","background-size":"auto","background-attachment":"scroll","background-type":"","background-media":"","overlay-type":"","overlay-color":"","overlay-opacity":"","overlay-gradient":""}}},"product_brand":[],"product_cat":[9753],"product_tag":[3950],"class_list":{"0":"post-22918","1":"product","2":"type-product","3":"status-publish","4":"has-post-thumbnail","6":"product_cat-religija","7":"product_tag-viktor-e-frankl","8":"desktop-align-left","9":"tablet-align-left","10":"mobile-align-left","12":"first","13":"outofstock","14":"shipping-taxable","15":"purchasable","16":"product-type-simple"},"acf":[],"yoast_head":"<!-- This site is optimized with the Yoast SEO plugin v27.0 - https:\/\/yoast.com\/product\/yoast-seo-wordpress\/ -->\n<title>\u017dmogus prasm\u0117s akivaizdoje<\/title>\n<meta name=\"description\" content=\"Rinktin\u0117 Klausimas apie \u017emogi\u0161kosios egzistencijos prasm\u0119 m\u016bs\u0173 visuomen\u0117je tampa vis svarbesnis ir opesnis. Turb\u016bt n\u0117ra kito mokslininko, vis\u0105 gyvenim\u0105\" \/>\n<meta name=\"robots\" content=\"index, follow, max-snippet:-1, max-image-preview:large, max-video-preview:-1\" \/>\n<link rel=\"canonical\" href=\"https:\/\/skaitytaknyga.lt\/en\/produktas\/zmogus-prasmes-akivaizdoje-2\/\" \/>\n<meta property=\"og:locale\" content=\"en_GB\" \/>\n<meta property=\"og:locale:alternate\" content=\"lt_LT\" \/>\n<meta property=\"og:type\" content=\"article\" \/>\n<meta property=\"og:title\" content=\"\u017dmogus prasm\u0117s akivaizdoje\" \/>\n<meta property=\"og:description\" content=\"Rinktin\u0117 Klausimas apie \u017emogi\u0161kosios egzistencijos prasm\u0119 m\u016bs\u0173 visuomen\u0117je tampa vis svarbesnis ir opesnis. Turb\u016bt n\u0117ra kito mokslininko, vis\u0105 gyvenim\u0105\" \/>\n<meta property=\"og:url\" content=\"https:\/\/skaitytaknyga.lt\/en\/produktas\/zmogus-prasmes-akivaizdoje-2\/\" \/>\n<meta property=\"og:site_name\" content=\"Skaitytaknyga\" \/>\n<meta property=\"article:publisher\" content=\"https:\/\/www.facebook.com\/skaitytaknyga\/\" \/>\n<meta property=\"article:modified_time\" content=\"2026-03-18T09:43:08+00:00\" \/>\n<meta property=\"og:image\" content=\"https:\/\/skaitytaknyga.lt\/wp-content\/uploads\/2026\/02\/Zmogus-prasmes-akivaizdoje-1.webp\" \/>\n\t<meta property=\"og:image:width\" content=\"300\" \/>\n\t<meta property=\"og:image:height\" content=\"466\" \/>\n\t<meta property=\"og:image:type\" content=\"image\/webp\" \/>\n<meta name=\"twitter:card\" content=\"summary_large_image\" \/>\n<meta name=\"twitter:label1\" content=\"Estimated reading time\" \/>\n\t<meta name=\"twitter:data1\" content=\"1 minute\" \/>\n<script type=\"application\/ld+json\" class=\"yoast-schema-graph\">{\"@context\":\"https:\/\/schema.org\",\"@graph\":[{\"@type\":\"WebPage\",\"@id\":\"https:\/\/skaitytaknyga.lt\/produktas\/zmogus-prasmes-akivaizdoje-2\/\",\"url\":\"https:\/\/skaitytaknyga.lt\/produktas\/zmogus-prasmes-akivaizdoje-2\/\",\"name\":\"\u017dmogus prasm\u0117s akivaizdoje\",\"isPartOf\":{\"@id\":\"https:\/\/skaitytaknyga.lt\/#website\"},\"primaryImageOfPage\":{\"@id\":\"https:\/\/skaitytaknyga.lt\/produktas\/zmogus-prasmes-akivaizdoje-2\/#primaryimage\"},\"image\":{\"@id\":\"https:\/\/skaitytaknyga.lt\/produktas\/zmogus-prasmes-akivaizdoje-2\/#primaryimage\"},\"thumbnailUrl\":\"https:\/\/skaitytaknyga.lt\/wp-content\/uploads\/2026\/02\/Zmogus-prasmes-akivaizdoje-1.webp\",\"datePublished\":\"2026-01-30T18:44:07+00:00\",\"dateModified\":\"2026-03-18T09:43:08+00:00\",\"description\":\"Rinktin\u0117 Klausimas apie \u017emogi\u0161kosios egzistencijos prasm\u0119 m\u016bs\u0173 visuomen\u0117je tampa vis svarbesnis ir opesnis. Turb\u016bt n\u0117ra kito mokslininko, vis\u0105 gyvenim\u0105\",\"breadcrumb\":{\"@id\":\"https:\/\/skaitytaknyga.lt\/produktas\/zmogus-prasmes-akivaizdoje-2\/#breadcrumb\"},\"inLanguage\":\"en-GB\",\"potentialAction\":[{\"@type\":\"ReadAction\",\"target\":[\"https:\/\/skaitytaknyga.lt\/produktas\/zmogus-prasmes-akivaizdoje-2\/\"]}]},{\"@type\":\"ImageObject\",\"inLanguage\":\"en-GB\",\"@id\":\"https:\/\/skaitytaknyga.lt\/produktas\/zmogus-prasmes-akivaizdoje-2\/#primaryimage\",\"url\":\"https:\/\/skaitytaknyga.lt\/wp-content\/uploads\/2026\/02\/Zmogus-prasmes-akivaizdoje-1.webp\",\"contentUrl\":\"https:\/\/skaitytaknyga.lt\/wp-content\/uploads\/2026\/02\/Zmogus-prasmes-akivaizdoje-1.webp\",\"width\":300,\"height\":466,\"caption\":\"\u017dmogus prasm\u0117s akivaizdoje (1)\"},{\"@type\":\"BreadcrumbList\",\"@id\":\"https:\/\/skaitytaknyga.lt\/produktas\/zmogus-prasmes-akivaizdoje-2\/#breadcrumb\",\"itemListElement\":[{\"@type\":\"ListItem\",\"position\":1,\"name\":\"Home\",\"item\":\"https:\/\/skaitytaknyga.lt\/\"},{\"@type\":\"ListItem\",\"position\":2,\"name\":\"Parduotuv\u0117\",\"item\":\"https:\/\/skaitytaknyga.lt\/knygu-parduotuve\/\"},{\"@type\":\"ListItem\",\"position\":3,\"name\":\"\u017dmogus prasm\u0117s akivaizdoje\"}]},{\"@type\":\"WebSite\",\"@id\":\"https:\/\/skaitytaknyga.lt\/#website\",\"url\":\"https:\/\/skaitytaknyga.lt\/\",\"name\":\"skaitytaknyga.lt\",\"description\":\"Skaitytaknyga.lt \u2013 tai ma\u017eas \u0161eimos verslas, kuris prasid\u0117jo nuo meil\u0117s knygoms ir siekio i\u0161gelb\u0117ti knygas nuo likimo prie konteinerio. Kas vienam nereikalingas daiktas \u2013 kitam lobis, o mes esame tarpininkai, kurie padeda abiems tapti laimingesniems ???? \u017dinome kaip nelengva i\u0161gyventi ma\u017eiems verslams, tad nuo \u0161iol, \u010dia rasite ir kit\u0173, ma\u017e\u0173 \u0161eim\u0173 versl\u0173, rank\u0173 darbo, dovan\u0173 sau ir artimiesiems.\",\"publisher\":{\"@id\":\"https:\/\/skaitytaknyga.lt\/#organization\"},\"potentialAction\":[{\"@type\":\"SearchAction\",\"target\":{\"@type\":\"EntryPoint\",\"urlTemplate\":\"https:\/\/skaitytaknyga.lt\/?s={search_term_string}\"},\"query-input\":{\"@type\":\"PropertyValueSpecification\",\"valueRequired\":true,\"valueName\":\"search_term_string\"}}],\"inLanguage\":\"en-GB\"},{\"@type\":\"Organization\",\"@id\":\"https:\/\/skaitytaknyga.lt\/#organization\",\"name\":\"skaitytaknyga.lt\",\"url\":\"https:\/\/skaitytaknyga.lt\/\",\"logo\":{\"@type\":\"ImageObject\",\"inLanguage\":\"en-GB\",\"@id\":\"https:\/\/skaitytaknyga.lt\/#\/schema\/logo\/image\/\",\"url\":\"https:\/\/skaitytaknyga.lt\/wp-content\/uploads\/2024\/05\/cropped-cropped-cropped-02_00843_jt3bggkj1j3HLc7SyY6rEUpg.jpeg\",\"contentUrl\":\"https:\/\/skaitytaknyga.lt\/wp-content\/uploads\/2024\/05\/cropped-cropped-cropped-02_00843_jt3bggkj1j3HLc7SyY6rEUpg.jpeg\",\"width\":1600,\"height\":1600,\"caption\":\"skaitytaknyga.lt\"},\"image\":{\"@id\":\"https:\/\/skaitytaknyga.lt\/#\/schema\/logo\/image\/\"},\"sameAs\":[\"https:\/\/www.facebook.com\/skaitytaknyga\/\"]}]}<\/script>\n<!-- \/ Yoast SEO plugin. -->","yoast_head_json":{"title":"\u017dmogus prasm\u0117s akivaizdoje","description":"Rinktin\u0117 Klausimas apie \u017emogi\u0161kosios egzistencijos prasm\u0119 m\u016bs\u0173 visuomen\u0117je tampa vis svarbesnis ir opesnis. Turb\u016bt n\u0117ra kito mokslininko, vis\u0105 gyvenim\u0105","robots":{"index":"index","follow":"follow","max-snippet":"max-snippet:-1","max-image-preview":"max-image-preview:large","max-video-preview":"max-video-preview:-1"},"canonical":"https:\/\/skaitytaknyga.lt\/en\/produktas\/zmogus-prasmes-akivaizdoje-2\/","og_locale":"en_GB","og_type":"article","og_title":"[:lt]\u017dmogus prasm\u0117s akivaizdoje[:] - Skaitytaknyga","og_description":"Rinktin\u0117 Klausimas apie \u017emogi\u0161kosios egzistencijos prasm\u0119 m\u016bs\u0173 visuomen\u0117je tampa vis svarbesnis ir opesnis. Turb\u016bt n\u0117ra kito mokslininko, vis\u0105 gyvenim\u0105","og_url":"https:\/\/skaitytaknyga.lt\/en\/produktas\/zmogus-prasmes-akivaizdoje-2\/","og_site_name":"Skaitytaknyga","article_publisher":"https:\/\/www.facebook.com\/skaitytaknyga\/","article_modified_time":"2026-03-18T09:43:08+00:00","og_image":[{"width":300,"height":466,"url":"https:\/\/skaitytaknyga.lt\/wp-content\/uploads\/2026\/02\/Zmogus-prasmes-akivaizdoje-1.webp","type":"image\/webp"}],"twitter_card":"summary_large_image","twitter_misc":{"Estimated reading time":"1 minute"},"schema":{"@context":"https:\/\/schema.org","@graph":[{"@type":"WebPage","@id":"https:\/\/skaitytaknyga.lt\/produktas\/zmogus-prasmes-akivaizdoje-2\/","url":"https:\/\/skaitytaknyga.lt\/produktas\/zmogus-prasmes-akivaizdoje-2\/","name":"\u017dmogus prasm\u0117s akivaizdoje","isPartOf":{"@id":"https:\/\/skaitytaknyga.lt\/#website"},"primaryImageOfPage":{"@id":"https:\/\/skaitytaknyga.lt\/produktas\/zmogus-prasmes-akivaizdoje-2\/#primaryimage"},"image":{"@id":"https:\/\/skaitytaknyga.lt\/produktas\/zmogus-prasmes-akivaizdoje-2\/#primaryimage"},"thumbnailUrl":"https:\/\/skaitytaknyga.lt\/wp-content\/uploads\/2026\/02\/Zmogus-prasmes-akivaizdoje-1.webp","datePublished":"2026-01-30T18:44:07+00:00","dateModified":"2026-03-18T09:43:08+00:00","description":"Rinktin\u0117 Klausimas apie \u017emogi\u0161kosios egzistencijos prasm\u0119 m\u016bs\u0173 visuomen\u0117je tampa vis svarbesnis ir opesnis. Turb\u016bt n\u0117ra kito mokslininko, vis\u0105 gyvenim\u0105","breadcrumb":{"@id":"https:\/\/skaitytaknyga.lt\/produktas\/zmogus-prasmes-akivaizdoje-2\/#breadcrumb"},"inLanguage":"en-GB","potentialAction":[{"@type":"ReadAction","target":["https:\/\/skaitytaknyga.lt\/produktas\/zmogus-prasmes-akivaizdoje-2\/"]}]},{"@type":"ImageObject","inLanguage":"en-GB","@id":"https:\/\/skaitytaknyga.lt\/produktas\/zmogus-prasmes-akivaizdoje-2\/#primaryimage","url":"https:\/\/skaitytaknyga.lt\/wp-content\/uploads\/2026\/02\/Zmogus-prasmes-akivaizdoje-1.webp","contentUrl":"https:\/\/skaitytaknyga.lt\/wp-content\/uploads\/2026\/02\/Zmogus-prasmes-akivaizdoje-1.webp","width":300,"height":466,"caption":"\u017dmogus prasm\u0117s akivaizdoje (1)"},{"@type":"BreadcrumbList","@id":"https:\/\/skaitytaknyga.lt\/produktas\/zmogus-prasmes-akivaizdoje-2\/#breadcrumb","itemListElement":[{"@type":"ListItem","position":1,"name":"Home","item":"https:\/\/skaitytaknyga.lt\/"},{"@type":"ListItem","position":2,"name":"Parduotuv\u0117","item":"https:\/\/skaitytaknyga.lt\/knygu-parduotuve\/"},{"@type":"ListItem","position":3,"name":"\u017dmogus prasm\u0117s akivaizdoje"}]},{"@type":"WebSite","@id":"https:\/\/skaitytaknyga.lt\/#website","url":"https:\/\/skaitytaknyga.lt\/","name":"skaitytaknyga.lt","description":"Skaitytaknyga.lt \u2013 tai ma\u017eas \u0161eimos verslas, kuris prasid\u0117jo nuo meil\u0117s knygoms ir siekio i\u0161gelb\u0117ti knygas nuo likimo prie konteinerio. Kas vienam nereikalingas daiktas \u2013 kitam lobis, o mes esame tarpininkai, kurie padeda abiems tapti laimingesniems ???? \u017dinome kaip nelengva i\u0161gyventi ma\u017eiems verslams, tad nuo \u0161iol, \u010dia rasite ir kit\u0173, ma\u017e\u0173 \u0161eim\u0173 versl\u0173, rank\u0173 darbo, dovan\u0173 sau ir artimiesiems.","publisher":{"@id":"https:\/\/skaitytaknyga.lt\/#organization"},"potentialAction":[{"@type":"SearchAction","target":{"@type":"EntryPoint","urlTemplate":"https:\/\/skaitytaknyga.lt\/?s={search_term_string}"},"query-input":{"@type":"PropertyValueSpecification","valueRequired":true,"valueName":"search_term_string"}}],"inLanguage":"en-GB"},{"@type":"Organization","@id":"https:\/\/skaitytaknyga.lt\/#organization","name":"skaitytaknyga.lt","url":"https:\/\/skaitytaknyga.lt\/","logo":{"@type":"ImageObject","inLanguage":"en-GB","@id":"https:\/\/skaitytaknyga.lt\/#\/schema\/logo\/image\/","url":"https:\/\/skaitytaknyga.lt\/wp-content\/uploads\/2024\/05\/cropped-cropped-cropped-02_00843_jt3bggkj1j3HLc7SyY6rEUpg.jpeg","contentUrl":"https:\/\/skaitytaknyga.lt\/wp-content\/uploads\/2024\/05\/cropped-cropped-cropped-02_00843_jt3bggkj1j3HLc7SyY6rEUpg.jpeg","width":1600,"height":1600,"caption":"skaitytaknyga.lt"},"image":{"@id":"https:\/\/skaitytaknyga.lt\/#\/schema\/logo\/image\/"},"sameAs":["https:\/\/www.facebook.com\/skaitytaknyga\/"]}]}},"_links":{"self":[{"href":"https:\/\/skaitytaknyga.lt\/en\/wp-json\/wp\/v2\/product\/22918","targetHints":{"allow":["GET"]}}],"collection":[{"href":"https:\/\/skaitytaknyga.lt\/en\/wp-json\/wp\/v2\/product"}],"about":[{"href":"https:\/\/skaitytaknyga.lt\/en\/wp-json\/wp\/v2\/types\/product"}],"replies":[{"embeddable":true,"href":"https:\/\/skaitytaknyga.lt\/en\/wp-json\/wp\/v2\/comments?post=22918"}],"wp:featuredmedia":[{"embeddable":true,"href":"https:\/\/skaitytaknyga.lt\/en\/wp-json\/wp\/v2\/media\/22931"}],"wp:attachment":[{"href":"https:\/\/skaitytaknyga.lt\/en\/wp-json\/wp\/v2\/media?parent=22918"}],"wp:term":[{"taxonomy":"product_brand","embeddable":true,"href":"https:\/\/skaitytaknyga.lt\/en\/wp-json\/wp\/v2\/product_brand?post=22918"},{"taxonomy":"product_cat","embeddable":true,"href":"https:\/\/skaitytaknyga.lt\/en\/wp-json\/wp\/v2\/product_cat?post=22918"},{"taxonomy":"product_tag","embeddable":true,"href":"https:\/\/skaitytaknyga.lt\/en\/wp-json\/wp\/v2\/product_tag?post=22918"}],"curies":[{"name":"wp","href":"https:\/\/api.w.org\/{rel}","templated":true}]}}