{"id":22917,"date":"2026-01-30T20:44:07","date_gmt":"2026-01-30T18:44:07","guid":{"rendered":"https:\/\/skaitytaknyga.lt\/?post_type=product&#038;p=22917"},"modified":"2026-02-04T11:42:52","modified_gmt":"2026-02-04T09:42:52","slug":"skaitymas-tamsoje","status":"publish","type":"product","link":"https:\/\/skaitytaknyga.lt\/en\/produktas\/skaitymas-tamsoje\/","title":{"rendered":"Skaitymas tamsoje"},"content":{"rendered":"<p>\u0160eimusas Dynas (Seamus Deane, g. 1940) \u2013 garsus airi\u0173 poetas ir kritikas, i\u0161samios tritom\u0117s airi\u0173 literat\u016bros antologijos autorius. \u201eSkaitymas tamsoje\u201c primena ilgesing\u0105 ir piln\u0105 paslap\u010di\u0173 airi\u0173 balad\u0119. Paslaptis \u2013 \u0161ios knygos varomoji j\u0117ga, \u0161ydas, dengiantis skaud\u017ei\u0105 vienos \u0161eimos praeit\u012f.<\/p>\n<p>Pagrindinis romano herojus, dar vaiko akimis \u017evelgi\u0105s \u012f pasaul\u012f, auga siekdamas tiesos, kuri\u0105 ir nori, ir nenori su\u017einoti. Mirtina i\u0161davyst\u0117, nei\u0161sakyta ir nenusakoma, rodos, t\u016bno it \u0161m\u0117kla j\u012f supan\u010dioj tyloj.<\/p>\n<p>Galiausiai tiesa lyg d\u0117m\u0117 ima sklisti, u\u017etvindydama j\u012f, jo t\u0117vus, senelius, prot\u0117vius. Jis klausosi, stebi, m\u0117gina perprasti \u2013 ir Grianano forto akmuo, Fianos kari\u0173 buvein\u0117, Dingusi\u0173j\u0173 laukas, vir\u0161 kurio neskraido pauk\u0161\u010diai, atveria sukaustan\u010di\u0105 i\u0161 nuostabos tikrov\u0119.<\/p>\n","protected":false},"excerpt":{"rendered":"<p>\u0160eimusas Dynas (Seamus Deane, g. 1940) \u2013 garsus airi\u0173 poetas ir kritikas, i\u0161samios tritom\u0117s airi\u0173 literat\u016bros antologijos autorius. \u201eSkaitymas tamsoje\u201c primena ilgesing\u0105 ir piln\u0105 paslap\u010di\u0173 airi\u0173 balad\u0119. Paslaptis \u2013 \u0161ios knygos varomoji j\u0117ga, \u0161ydas, dengiantis skaud\u017ei\u0105 vienos \u0161eimos praeit\u012f. Pagrindinis romano herojus, dar vaiko akimis \u017evelgi\u0105s \u012f pasaul\u012f, auga siekdamas tiesos, kuri\u0105 ir nori, ir nenori su\u017einoti. Mirtina i\u0161davyst\u0117, nei\u0161sakyta ir nenusakoma, rodos, t\u016bno it \u0161m\u0117kla j\u012f supan\u010dioj tyloj. Galiausiai tiesa lyg d\u0117m\u0117 ima sklisti, u\u017etvindydama j\u012f, jo t\u0117vus, senelius, prot\u0117vius. Jis klausosi, stebi, m\u0117gina perprasti \u2013 ir Grianano forto akmuo, Fianos kari\u0173 buvein\u0117, Dingusi\u0173j\u0173 laukas, vir\u0161 kurio neskraido pauk\u0161\u010diai, atveria sukaustan\u010di\u0105 i\u0161 nuostabos tikrov\u0119.<\/p>\n","protected":false},"featured_media":22928,"comment_status":"open","ping_status":"closed","template":"","meta":{"_acf_changed":false,"site-sidebar-layout":"default","site-content-layout":"","ast-site-content-layout":"default","site-content-style":"default","site-sidebar-style":"default","ast-global-header-display":"","ast-banner-title-visibility":"","ast-main-header-display":"","ast-hfb-above-header-display":"","ast-hfb-below-header-display":"","ast-hfb-mobile-header-display":"","site-post-title":"","ast-breadcrumbs-content":"","ast-featured-img":"","footer-sml-layout":"","ast-disable-related-posts":"","theme-transparent-header-meta":"","adv-header-id-meta":"","stick-header-meta":"","header-above-stick-meta":"","header-main-stick-meta":"","header-below-stick-meta":"","astra-migrate-meta-layouts":"default","ast-page-background-enabled":"default","ast-page-background-meta":{"desktop":{"background-color":"","background-image":"","background-repeat":"repeat","background-position":"center center","background-size":"auto","background-attachment":"scroll","background-type":"","background-media":"","overlay-type":"","overlay-color":"","overlay-opacity":"","overlay-gradient":""},"tablet":{"background-color":"","background-image":"","background-repeat":"repeat","background-position":"center center","background-size":"auto","background-attachment":"scroll","background-type":"","background-media":"","overlay-type":"","overlay-color":"","overlay-opacity":"","overlay-gradient":""},"mobile":{"background-color":"","background-image":"","background-repeat":"repeat","background-position":"center center","background-size":"auto","background-attachment":"scroll","background-type":"","background-media":"","overlay-type":"","overlay-color":"","overlay-opacity":"","overlay-gradient":""}},"ast-content-background-meta":{"desktop":{"background-color":"var(--ast-global-color-4)","background-image":"","background-repeat":"repeat","background-position":"center center","background-size":"auto","background-attachment":"scroll","background-type":"","background-media":"","overlay-type":"","overlay-color":"","overlay-opacity":"","overlay-gradient":""},"tablet":{"background-color":"var(--ast-global-color-4)","background-image":"","background-repeat":"repeat","background-position":"center center","background-size":"auto","background-attachment":"scroll","background-type":"","background-media":"","overlay-type":"","overlay-color":"","overlay-opacity":"","overlay-gradient":""},"mobile":{"background-color":"var(--ast-global-color-4)","background-image":"","background-repeat":"repeat","background-position":"center center","background-size":"auto","background-attachment":"scroll","background-type":"","background-media":"","overlay-type":"","overlay-color":"","overlay-opacity":"","overlay-gradient":""}}},"product_brand":[],"product_cat":[15],"product_tag":[9392],"class_list":{"0":"post-22917","1":"product","2":"type-product","3":"status-publish","4":"has-post-thumbnail","6":"product_cat-uncategorized","7":"product_tag-seamus-deane","8":"desktop-align-left","9":"tablet-align-left","10":"mobile-align-left","12":"first","13":"instock","14":"shipping-taxable","15":"purchasable","16":"product-type-simple"},"acf":[],"yoast_head":"<!-- This site is optimized with the Yoast SEO plugin v27.0 - https:\/\/yoast.com\/product\/yoast-seo-wordpress\/ -->\n<title>Skaitymas tamsoje<\/title>\n<meta name=\"description\" content=\"\u0160eimusas Dynas (Seamus Deane, g. 1940) \u2013 garsus airi\u0173 poetas ir kritikas, i\u0161samios tritom\u0117s airi\u0173 literat\u016bros antologijos autorius. \u201eSkaitymas tamsoje\u201c\" \/>\n<meta name=\"robots\" content=\"index, follow, max-snippet:-1, max-image-preview:large, max-video-preview:-1\" \/>\n<link rel=\"canonical\" href=\"https:\/\/skaitytaknyga.lt\/en\/produktas\/skaitymas-tamsoje\/\" \/>\n<meta property=\"og:locale\" content=\"en_GB\" \/>\n<meta property=\"og:locale:alternate\" content=\"lt_LT\" \/>\n<meta property=\"og:type\" content=\"article\" \/>\n<meta property=\"og:title\" content=\"Skaitymas tamsoje\" \/>\n<meta property=\"og:description\" content=\"\u0160eimusas Dynas (Seamus Deane, g. 1940) \u2013 garsus airi\u0173 poetas ir kritikas, i\u0161samios tritom\u0117s airi\u0173 literat\u016bros antologijos autorius. \u201eSkaitymas tamsoje\u201c\" \/>\n<meta property=\"og:url\" content=\"https:\/\/skaitytaknyga.lt\/en\/produktas\/skaitymas-tamsoje\/\" \/>\n<meta property=\"og:site_name\" content=\"Skaitytaknyga\" \/>\n<meta property=\"article:publisher\" content=\"https:\/\/www.facebook.com\/skaitytaknyga\/\" \/>\n<meta property=\"article:modified_time\" content=\"2026-02-04T09:42:52+00:00\" \/>\n<meta property=\"og:image\" content=\"https:\/\/skaitytaknyga.lt\/wp-content\/uploads\/2026\/02\/Skaitymas-tamsoje-1.webp\" \/>\n\t<meta property=\"og:image:width\" content=\"300\" \/>\n\t<meta property=\"og:image:height\" content=\"457\" \/>\n\t<meta property=\"og:image:type\" content=\"image\/webp\" \/>\n<meta name=\"twitter:card\" content=\"summary_large_image\" \/>\n<meta name=\"twitter:label1\" content=\"Estimated reading time\" \/>\n\t<meta name=\"twitter:data1\" content=\"1 minute\" \/>\n<script type=\"application\/ld+json\" class=\"yoast-schema-graph\">{\"@context\":\"https:\/\/schema.org\",\"@graph\":[{\"@type\":\"WebPage\",\"@id\":\"https:\/\/skaitytaknyga.lt\/produktas\/skaitymas-tamsoje\/\",\"url\":\"https:\/\/skaitytaknyga.lt\/produktas\/skaitymas-tamsoje\/\",\"name\":\"Skaitymas tamsoje\",\"isPartOf\":{\"@id\":\"https:\/\/skaitytaknyga.lt\/#website\"},\"primaryImageOfPage\":{\"@id\":\"https:\/\/skaitytaknyga.lt\/produktas\/skaitymas-tamsoje\/#primaryimage\"},\"image\":{\"@id\":\"https:\/\/skaitytaknyga.lt\/produktas\/skaitymas-tamsoje\/#primaryimage\"},\"thumbnailUrl\":\"https:\/\/skaitytaknyga.lt\/wp-content\/uploads\/2026\/02\/Skaitymas-tamsoje-1.webp\",\"datePublished\":\"2026-01-30T18:44:07+00:00\",\"dateModified\":\"2026-02-04T09:42:52+00:00\",\"description\":\"\u0160eimusas Dynas (Seamus Deane, g. 1940) \u2013 garsus airi\u0173 poetas ir kritikas, i\u0161samios tritom\u0117s airi\u0173 literat\u016bros antologijos autorius. \u201eSkaitymas tamsoje\u201c\",\"breadcrumb\":{\"@id\":\"https:\/\/skaitytaknyga.lt\/produktas\/skaitymas-tamsoje\/#breadcrumb\"},\"inLanguage\":\"en-GB\",\"potentialAction\":[{\"@type\":\"ReadAction\",\"target\":[\"https:\/\/skaitytaknyga.lt\/produktas\/skaitymas-tamsoje\/\"]}]},{\"@type\":\"ImageObject\",\"inLanguage\":\"en-GB\",\"@id\":\"https:\/\/skaitytaknyga.lt\/produktas\/skaitymas-tamsoje\/#primaryimage\",\"url\":\"https:\/\/skaitytaknyga.lt\/wp-content\/uploads\/2026\/02\/Skaitymas-tamsoje-1.webp\",\"contentUrl\":\"https:\/\/skaitytaknyga.lt\/wp-content\/uploads\/2026\/02\/Skaitymas-tamsoje-1.webp\",\"width\":300,\"height\":457,\"caption\":\"Skaitymas tamsoje\"},{\"@type\":\"BreadcrumbList\",\"@id\":\"https:\/\/skaitytaknyga.lt\/produktas\/skaitymas-tamsoje\/#breadcrumb\",\"itemListElement\":[{\"@type\":\"ListItem\",\"position\":1,\"name\":\"Home\",\"item\":\"https:\/\/skaitytaknyga.lt\/\"},{\"@type\":\"ListItem\",\"position\":2,\"name\":\"Parduotuv\u0117\",\"item\":\"https:\/\/skaitytaknyga.lt\/knygu-parduotuve\/\"},{\"@type\":\"ListItem\",\"position\":3,\"name\":\"Skaitymas tamsoje\"}]},{\"@type\":\"WebSite\",\"@id\":\"https:\/\/skaitytaknyga.lt\/#website\",\"url\":\"https:\/\/skaitytaknyga.lt\/\",\"name\":\"skaitytaknyga.lt\",\"description\":\"Skaitytaknyga.lt \u2013 tai ma\u017eas \u0161eimos verslas, kuris prasid\u0117jo nuo meil\u0117s knygoms ir siekio i\u0161gelb\u0117ti knygas nuo likimo prie konteinerio. Kas vienam nereikalingas daiktas \u2013 kitam lobis, o mes esame tarpininkai, kurie padeda abiems tapti laimingesniems ???? \u017dinome kaip nelengva i\u0161gyventi ma\u017eiems verslams, tad nuo \u0161iol, \u010dia rasite ir kit\u0173, ma\u017e\u0173 \u0161eim\u0173 versl\u0173, rank\u0173 darbo, dovan\u0173 sau ir artimiesiems.\",\"publisher\":{\"@id\":\"https:\/\/skaitytaknyga.lt\/#organization\"},\"potentialAction\":[{\"@type\":\"SearchAction\",\"target\":{\"@type\":\"EntryPoint\",\"urlTemplate\":\"https:\/\/skaitytaknyga.lt\/?s={search_term_string}\"},\"query-input\":{\"@type\":\"PropertyValueSpecification\",\"valueRequired\":true,\"valueName\":\"search_term_string\"}}],\"inLanguage\":\"en-GB\"},{\"@type\":\"Organization\",\"@id\":\"https:\/\/skaitytaknyga.lt\/#organization\",\"name\":\"skaitytaknyga.lt\",\"url\":\"https:\/\/skaitytaknyga.lt\/\",\"logo\":{\"@type\":\"ImageObject\",\"inLanguage\":\"en-GB\",\"@id\":\"https:\/\/skaitytaknyga.lt\/#\/schema\/logo\/image\/\",\"url\":\"https:\/\/skaitytaknyga.lt\/wp-content\/uploads\/2024\/05\/cropped-cropped-cropped-02_00843_jt3bggkj1j3HLc7SyY6rEUpg.jpeg\",\"contentUrl\":\"https:\/\/skaitytaknyga.lt\/wp-content\/uploads\/2024\/05\/cropped-cropped-cropped-02_00843_jt3bggkj1j3HLc7SyY6rEUpg.jpeg\",\"width\":1600,\"height\":1600,\"caption\":\"skaitytaknyga.lt\"},\"image\":{\"@id\":\"https:\/\/skaitytaknyga.lt\/#\/schema\/logo\/image\/\"},\"sameAs\":[\"https:\/\/www.facebook.com\/skaitytaknyga\/\"]}]}<\/script>\n<!-- \/ Yoast SEO plugin. -->","yoast_head_json":{"title":"Skaitymas tamsoje","description":"\u0160eimusas Dynas (Seamus Deane, g. 1940) \u2013 garsus airi\u0173 poetas ir kritikas, i\u0161samios tritom\u0117s airi\u0173 literat\u016bros antologijos autorius. \u201eSkaitymas tamsoje\u201c","robots":{"index":"index","follow":"follow","max-snippet":"max-snippet:-1","max-image-preview":"max-image-preview:large","max-video-preview":"max-video-preview:-1"},"canonical":"https:\/\/skaitytaknyga.lt\/en\/produktas\/skaitymas-tamsoje\/","og_locale":"en_GB","og_type":"article","og_title":"[:lt]Skaitymas tamsoje[:] - Skaitytaknyga","og_description":"\u0160eimusas Dynas (Seamus Deane, g. 1940) \u2013 garsus airi\u0173 poetas ir kritikas, i\u0161samios tritom\u0117s airi\u0173 literat\u016bros antologijos autorius. \u201eSkaitymas tamsoje\u201c","og_url":"https:\/\/skaitytaknyga.lt\/en\/produktas\/skaitymas-tamsoje\/","og_site_name":"Skaitytaknyga","article_publisher":"https:\/\/www.facebook.com\/skaitytaknyga\/","article_modified_time":"2026-02-04T09:42:52+00:00","og_image":[{"width":300,"height":457,"url":"https:\/\/skaitytaknyga.lt\/wp-content\/uploads\/2026\/02\/Skaitymas-tamsoje-1.webp","type":"image\/webp"}],"twitter_card":"summary_large_image","twitter_misc":{"Estimated reading time":"1 minute"},"schema":{"@context":"https:\/\/schema.org","@graph":[{"@type":"WebPage","@id":"https:\/\/skaitytaknyga.lt\/produktas\/skaitymas-tamsoje\/","url":"https:\/\/skaitytaknyga.lt\/produktas\/skaitymas-tamsoje\/","name":"Skaitymas tamsoje","isPartOf":{"@id":"https:\/\/skaitytaknyga.lt\/#website"},"primaryImageOfPage":{"@id":"https:\/\/skaitytaknyga.lt\/produktas\/skaitymas-tamsoje\/#primaryimage"},"image":{"@id":"https:\/\/skaitytaknyga.lt\/produktas\/skaitymas-tamsoje\/#primaryimage"},"thumbnailUrl":"https:\/\/skaitytaknyga.lt\/wp-content\/uploads\/2026\/02\/Skaitymas-tamsoje-1.webp","datePublished":"2026-01-30T18:44:07+00:00","dateModified":"2026-02-04T09:42:52+00:00","description":"\u0160eimusas Dynas (Seamus Deane, g. 1940) \u2013 garsus airi\u0173 poetas ir kritikas, i\u0161samios tritom\u0117s airi\u0173 literat\u016bros antologijos autorius. \u201eSkaitymas tamsoje\u201c","breadcrumb":{"@id":"https:\/\/skaitytaknyga.lt\/produktas\/skaitymas-tamsoje\/#breadcrumb"},"inLanguage":"en-GB","potentialAction":[{"@type":"ReadAction","target":["https:\/\/skaitytaknyga.lt\/produktas\/skaitymas-tamsoje\/"]}]},{"@type":"ImageObject","inLanguage":"en-GB","@id":"https:\/\/skaitytaknyga.lt\/produktas\/skaitymas-tamsoje\/#primaryimage","url":"https:\/\/skaitytaknyga.lt\/wp-content\/uploads\/2026\/02\/Skaitymas-tamsoje-1.webp","contentUrl":"https:\/\/skaitytaknyga.lt\/wp-content\/uploads\/2026\/02\/Skaitymas-tamsoje-1.webp","width":300,"height":457,"caption":"Skaitymas tamsoje"},{"@type":"BreadcrumbList","@id":"https:\/\/skaitytaknyga.lt\/produktas\/skaitymas-tamsoje\/#breadcrumb","itemListElement":[{"@type":"ListItem","position":1,"name":"Home","item":"https:\/\/skaitytaknyga.lt\/"},{"@type":"ListItem","position":2,"name":"Parduotuv\u0117","item":"https:\/\/skaitytaknyga.lt\/knygu-parduotuve\/"},{"@type":"ListItem","position":3,"name":"Skaitymas tamsoje"}]},{"@type":"WebSite","@id":"https:\/\/skaitytaknyga.lt\/#website","url":"https:\/\/skaitytaknyga.lt\/","name":"skaitytaknyga.lt","description":"Skaitytaknyga.lt \u2013 tai ma\u017eas \u0161eimos verslas, kuris prasid\u0117jo nuo meil\u0117s knygoms ir siekio i\u0161gelb\u0117ti knygas nuo likimo prie konteinerio. Kas vienam nereikalingas daiktas \u2013 kitam lobis, o mes esame tarpininkai, kurie padeda abiems tapti laimingesniems ???? \u017dinome kaip nelengva i\u0161gyventi ma\u017eiems verslams, tad nuo \u0161iol, \u010dia rasite ir kit\u0173, ma\u017e\u0173 \u0161eim\u0173 versl\u0173, rank\u0173 darbo, dovan\u0173 sau ir artimiesiems.","publisher":{"@id":"https:\/\/skaitytaknyga.lt\/#organization"},"potentialAction":[{"@type":"SearchAction","target":{"@type":"EntryPoint","urlTemplate":"https:\/\/skaitytaknyga.lt\/?s={search_term_string}"},"query-input":{"@type":"PropertyValueSpecification","valueRequired":true,"valueName":"search_term_string"}}],"inLanguage":"en-GB"},{"@type":"Organization","@id":"https:\/\/skaitytaknyga.lt\/#organization","name":"skaitytaknyga.lt","url":"https:\/\/skaitytaknyga.lt\/","logo":{"@type":"ImageObject","inLanguage":"en-GB","@id":"https:\/\/skaitytaknyga.lt\/#\/schema\/logo\/image\/","url":"https:\/\/skaitytaknyga.lt\/wp-content\/uploads\/2024\/05\/cropped-cropped-cropped-02_00843_jt3bggkj1j3HLc7SyY6rEUpg.jpeg","contentUrl":"https:\/\/skaitytaknyga.lt\/wp-content\/uploads\/2024\/05\/cropped-cropped-cropped-02_00843_jt3bggkj1j3HLc7SyY6rEUpg.jpeg","width":1600,"height":1600,"caption":"skaitytaknyga.lt"},"image":{"@id":"https:\/\/skaitytaknyga.lt\/#\/schema\/logo\/image\/"},"sameAs":["https:\/\/www.facebook.com\/skaitytaknyga\/"]}]}},"_links":{"self":[{"href":"https:\/\/skaitytaknyga.lt\/en\/wp-json\/wp\/v2\/product\/22917","targetHints":{"allow":["GET"]}}],"collection":[{"href":"https:\/\/skaitytaknyga.lt\/en\/wp-json\/wp\/v2\/product"}],"about":[{"href":"https:\/\/skaitytaknyga.lt\/en\/wp-json\/wp\/v2\/types\/product"}],"replies":[{"embeddable":true,"href":"https:\/\/skaitytaknyga.lt\/en\/wp-json\/wp\/v2\/comments?post=22917"}],"wp:featuredmedia":[{"embeddable":true,"href":"https:\/\/skaitytaknyga.lt\/en\/wp-json\/wp\/v2\/media\/22928"}],"wp:attachment":[{"href":"https:\/\/skaitytaknyga.lt\/en\/wp-json\/wp\/v2\/media?parent=22917"}],"wp:term":[{"taxonomy":"product_brand","embeddable":true,"href":"https:\/\/skaitytaknyga.lt\/en\/wp-json\/wp\/v2\/product_brand?post=22917"},{"taxonomy":"product_cat","embeddable":true,"href":"https:\/\/skaitytaknyga.lt\/en\/wp-json\/wp\/v2\/product_cat?post=22917"},{"taxonomy":"product_tag","embeddable":true,"href":"https:\/\/skaitytaknyga.lt\/en\/wp-json\/wp\/v2\/product_tag?post=22917"}],"curies":[{"name":"wp","href":"https:\/\/api.w.org\/{rel}","templated":true}]}}