{"id":22916,"date":"2026-01-30T20:44:06","date_gmt":"2026-01-30T18:44:06","guid":{"rendered":"https:\/\/skaitytaknyga.lt\/?post_type=product&#038;p=22916"},"modified":"2026-03-18T15:02:37","modified_gmt":"2026-03-18T13:02:37","slug":"trumpa-europos-istorija","status":"publish","type":"product","link":"https:\/\/skaitytaknyga.lt\/en\/produktas\/trumpa-europos-istorija\/","title":{"rendered":"Trumpa Europos istorija"},"content":{"rendered":"<p>\u0160i istorija apima vis\u0105 Europ\u0105. Ji mena ir At\u0117n\u0173 \u0161ventyklas, ir Skandinavijos fiordus, ir Bizantijos sienas, ir Venecijos pirklius. Ji kvie\u010dia mus i\u0161silaisvinti i\u0161 m\u016bs\u0173 pa\u010di\u0173 istorijos ir \u012f praeit\u012f pa\u017evelgti kaip \u012f tolim\u0105 \u0161al\u012f, po kuri\u0105 privalome keliauti atviromis \u0161irdimis ir akimis, be i\u0161ankstini\u0173 nuomoni\u0173, stengiantis suprasti praeities \u012fvyki\u0173 s\u0105sajas.<\/p>\n<p>S. Jenkins<\/p>\n<p>Brit\u0173 autoriaus Simono Jenkinso knygoje \u201eTrumpa Europos istorija&#8221; glaustai, bet vaizdingai pasakojama daugiasluoksn\u0117 \u017eemyno, kurio imperin\u0117s ambicijos, vidiniai susir\u0117mimai ir egzistencin\u0117s gr\u0117sm\u0117s \u0161iandien yra tokie pat aktual\u016bs kaip ir Aleksandro Makedonie\u010dio u\u017ekariavim\u0173 laikais, istorija.<\/p>\n<p>Spar\u010diu \u017eingsniu leid\u017eiamasi \u012f kelion\u0119 Europos istorijos vingiais, pirm\u0105 kart\u0105 arba i\u0161 naujo susipa\u017e\u012fstant su svarbiais politin\u0117s arenos veik\u0117jais, tokiais kaip Julijus Cezaris, Karolis Didysis, \u017dana d&#8217;Ark, Napoleonas, Hitleris, \u010cer\u010dilis, Stalinas, Angela Merkel; su ry\u0161kiomis kult\u016bros lauko asmenyb\u0117mis, tokiomis kaip Aristotelis, Mikeland\u017eelas, \u0160ekspyras, Bethovenas, H\u0117gelis, Pikaso, Dostojevskis; ir su lemtingai Europos istorijos raid\u0105 keitusi\u0173 \u012fvyki\u0173, toki\u0173 kaip Romos imperijos pakilimai ir nuosmukiai, Pranc\u016bzijos revoliucija, pasauliniai karai, Holokaustas, Soviet\u0173 S\u0105jungos \u017elugimas, chronologija.<\/p>\n<p>Simonas Jenkinsas \u2013 \u017eurnalistas, istorikas, ne vienos knygos autorius. Jis yra buv\u0119s vien\u0173 svarbiausi\u0173 Did\u017eiosios Britanijos laikra\u0161\u010di\u0173 \u201eEvening Standart&#8221; ir \u201eThe Times&#8221; redaktoriumi, \u0161iuo metu dirba \u201eThe Guardian&#8221; ap\u017evalgininku.<\/p>\n","protected":false},"excerpt":{"rendered":"<p>\u0160i istorija apima vis\u0105 Europ\u0105. Ji mena ir At\u0117n\u0173 \u0161ventyklas, ir Skandinavijos fiordus, ir Bizantijos sienas, ir Venecijos pirklius. Ji kvie\u010dia mus i\u0161silaisvinti i\u0161 m\u016bs\u0173 pa\u010di\u0173 istorijos ir \u012f praeit\u012f pa\u017evelgti kaip \u012f tolim\u0105 \u0161al\u012f, po kuri\u0105 privalome keliauti atviromis \u0161irdimis ir akimis, be i\u0161ankstini\u0173 nuomoni\u0173, stengiantis suprasti praeities \u012fvyki\u0173 s\u0105sajas. S. Jenkins Brit\u0173 autoriaus Simono Jenkinso knygoje \u201eTrumpa Europos istorija&#8221; glaustai, bet vaizdingai pasakojama daugiasluoksn\u0117 \u017eemyno, kurio imperin\u0117s ambicijos, vidiniai susir\u0117mimai ir egzistencin\u0117s gr\u0117sm\u0117s \u0161iandien yra tokie pat aktual\u016bs kaip ir Aleksandro Makedonie\u010dio u\u017ekariavim\u0173 laikais, istorija. Spar\u010diu \u017eingsniu leid\u017eiamasi \u012f kelion\u0119 Europos istorijos vingiais, pirm\u0105 kart\u0105 arba i\u0161 naujo susipa\u017e\u012fstant su svarbiais politin\u0117s arenos veik\u0117jais, tokiais kaip Julijus Cezaris, Karolis Didysis, \u017dana d&#8217;Ark, Napoleonas, Hitleris, \u010cer\u010dilis, Stalinas, Angela Merkel; su ry\u0161kiomis kult\u016bros lauko asmenyb\u0117mis, tokiomis kaip Aristotelis, Mikeland\u017eelas, \u0160ekspyras, Bethovenas, H\u0117gelis, Pikaso, Dostojevskis; ir su lemtingai Europos istorijos raid\u0105 keitusi\u0173 \u012fvyki\u0173, toki\u0173 kaip Romos imperijos pakilimai ir nuosmukiai, Pranc\u016bzijos revoliucija, pasauliniai karai, Holokaustas, Soviet\u0173 S\u0105jungos \u017elugimas, chronologija. Simonas Jenkinsas \u2013 \u017eurnalistas, istorikas, ne vienos knygos autorius. Jis yra buv\u0119s vien\u0173 svarbiausi\u0173 Did\u017eiosios Britanijos laikra\u0161\u010di\u0173 \u201eEvening Standart&#8221; ir \u201eThe Times&#8221; redaktoriumi, \u0161iuo metu dirba \u201eThe Guardian&#8221; ap\u017evalgininku.<\/p>\n","protected":false},"featured_media":22929,"comment_status":"open","ping_status":"closed","template":"","meta":{"_acf_changed":false,"site-sidebar-layout":"default","site-content-layout":"","ast-site-content-layout":"default","site-content-style":"default","site-sidebar-style":"default","ast-global-header-display":"","ast-banner-title-visibility":"","ast-main-header-display":"","ast-hfb-above-header-display":"","ast-hfb-below-header-display":"","ast-hfb-mobile-header-display":"","site-post-title":"","ast-breadcrumbs-content":"","ast-featured-img":"","footer-sml-layout":"","ast-disable-related-posts":"","theme-transparent-header-meta":"","adv-header-id-meta":"","stick-header-meta":"","header-above-stick-meta":"","header-main-stick-meta":"","header-below-stick-meta":"","astra-migrate-meta-layouts":"default","ast-page-background-enabled":"default","ast-page-background-meta":{"desktop":{"background-color":"","background-image":"","background-repeat":"repeat","background-position":"center center","background-size":"auto","background-attachment":"scroll","background-type":"","background-media":"","overlay-type":"","overlay-color":"","overlay-opacity":"","overlay-gradient":""},"tablet":{"background-color":"","background-image":"","background-repeat":"repeat","background-position":"center center","background-size":"auto","background-attachment":"scroll","background-type":"","background-media":"","overlay-type":"","overlay-color":"","overlay-opacity":"","overlay-gradient":""},"mobile":{"background-color":"","background-image":"","background-repeat":"repeat","background-position":"center center","background-size":"auto","background-attachment":"scroll","background-type":"","background-media":"","overlay-type":"","overlay-color":"","overlay-opacity":"","overlay-gradient":""}},"ast-content-background-meta":{"desktop":{"background-color":"var(--ast-global-color-4)","background-image":"","background-repeat":"repeat","background-position":"center center","background-size":"auto","background-attachment":"scroll","background-type":"","background-media":"","overlay-type":"","overlay-color":"","overlay-opacity":"","overlay-gradient":""},"tablet":{"background-color":"var(--ast-global-color-4)","background-image":"","background-repeat":"repeat","background-position":"center center","background-size":"auto","background-attachment":"scroll","background-type":"","background-media":"","overlay-type":"","overlay-color":"","overlay-opacity":"","overlay-gradient":""},"mobile":{"background-color":"var(--ast-global-color-4)","background-image":"","background-repeat":"repeat","background-position":"center center","background-size":"auto","background-attachment":"scroll","background-type":"","background-media":"","overlay-type":"","overlay-color":"","overlay-opacity":"","overlay-gradient":""}}},"product_brand":[],"product_cat":[9863,174],"product_tag":[9390],"class_list":{"0":"post-22916","1":"product","2":"type-product","3":"status-publish","4":"has-post-thumbnail","6":"product_cat-europos-istorija","7":"product_cat-istorija-ir-politologija","8":"product_tag-simon-jenkins","9":"desktop-align-left","10":"tablet-align-left","11":"mobile-align-left","13":"first","14":"instock","15":"shipping-taxable","16":"purchasable","17":"product-type-simple"},"acf":[],"yoast_head":"<!-- This site is optimized with the Yoast SEO plugin v27.0 - https:\/\/yoast.com\/product\/yoast-seo-wordpress\/ -->\n<title>Trumpa Europos istorija<\/title>\n<meta name=\"description\" content=\"\u0160i istorija apima vis\u0105 Europ\u0105. Ji mena ir At\u0117n\u0173 \u0161ventyklas, ir Skandinavijos fiordus, ir Bizantijos sienas, ir Venecijos pirklius. Ji kvie\u010dia mus\" \/>\n<meta name=\"robots\" content=\"index, follow, max-snippet:-1, max-image-preview:large, max-video-preview:-1\" \/>\n<link rel=\"canonical\" href=\"https:\/\/skaitytaknyga.lt\/en\/produktas\/trumpa-europos-istorija\/\" \/>\n<meta property=\"og:locale\" content=\"en_GB\" \/>\n<meta property=\"og:locale:alternate\" content=\"lt_LT\" \/>\n<meta property=\"og:type\" content=\"article\" \/>\n<meta property=\"og:title\" content=\"Trumpa Europos istorija\" \/>\n<meta property=\"og:description\" content=\"\u0160i istorija apima vis\u0105 Europ\u0105. Ji mena ir At\u0117n\u0173 \u0161ventyklas, ir Skandinavijos fiordus, ir Bizantijos sienas, ir Venecijos pirklius. Ji kvie\u010dia mus\" \/>\n<meta property=\"og:url\" content=\"https:\/\/skaitytaknyga.lt\/en\/produktas\/trumpa-europos-istorija\/\" \/>\n<meta property=\"og:site_name\" content=\"Skaitytaknyga\" \/>\n<meta property=\"article:publisher\" content=\"https:\/\/www.facebook.com\/skaitytaknyga\/\" \/>\n<meta property=\"article:modified_time\" content=\"2026-03-18T13:02:37+00:00\" \/>\n<meta property=\"og:image\" content=\"https:\/\/skaitytaknyga.lt\/wp-content\/uploads\/2026\/02\/Trumpa-Europos-istorija-1.webp\" \/>\n\t<meta property=\"og:image:width\" content=\"300\" \/>\n\t<meta property=\"og:image:height\" content=\"442\" \/>\n\t<meta property=\"og:image:type\" content=\"image\/webp\" \/>\n<meta name=\"twitter:card\" content=\"summary_large_image\" \/>\n<meta name=\"twitter:label1\" content=\"Estimated reading time\" \/>\n\t<meta name=\"twitter:data1\" content=\"1 minute\" \/>\n<script type=\"application\/ld+json\" class=\"yoast-schema-graph\">{\"@context\":\"https:\/\/schema.org\",\"@graph\":[{\"@type\":\"WebPage\",\"@id\":\"https:\/\/skaitytaknyga.lt\/produktas\/trumpa-europos-istorija\/\",\"url\":\"https:\/\/skaitytaknyga.lt\/produktas\/trumpa-europos-istorija\/\",\"name\":\"Trumpa Europos istorija\",\"isPartOf\":{\"@id\":\"https:\/\/skaitytaknyga.lt\/#website\"},\"primaryImageOfPage\":{\"@id\":\"https:\/\/skaitytaknyga.lt\/produktas\/trumpa-europos-istorija\/#primaryimage\"},\"image\":{\"@id\":\"https:\/\/skaitytaknyga.lt\/produktas\/trumpa-europos-istorija\/#primaryimage\"},\"thumbnailUrl\":\"https:\/\/skaitytaknyga.lt\/wp-content\/uploads\/2026\/02\/Trumpa-Europos-istorija-1.webp\",\"datePublished\":\"2026-01-30T18:44:06+00:00\",\"dateModified\":\"2026-03-18T13:02:37+00:00\",\"description\":\"\u0160i istorija apima vis\u0105 Europ\u0105. Ji mena ir At\u0117n\u0173 \u0161ventyklas, ir Skandinavijos fiordus, ir Bizantijos sienas, ir Venecijos pirklius. Ji kvie\u010dia mus\",\"breadcrumb\":{\"@id\":\"https:\/\/skaitytaknyga.lt\/produktas\/trumpa-europos-istorija\/#breadcrumb\"},\"inLanguage\":\"en-GB\",\"potentialAction\":[{\"@type\":\"ReadAction\",\"target\":[\"https:\/\/skaitytaknyga.lt\/produktas\/trumpa-europos-istorija\/\"]}]},{\"@type\":\"ImageObject\",\"inLanguage\":\"en-GB\",\"@id\":\"https:\/\/skaitytaknyga.lt\/produktas\/trumpa-europos-istorija\/#primaryimage\",\"url\":\"https:\/\/skaitytaknyga.lt\/wp-content\/uploads\/2026\/02\/Trumpa-Europos-istorija-1.webp\",\"contentUrl\":\"https:\/\/skaitytaknyga.lt\/wp-content\/uploads\/2026\/02\/Trumpa-Europos-istorija-1.webp\",\"width\":300,\"height\":442,\"caption\":\"Trumpa Europos istorija (1)\"},{\"@type\":\"BreadcrumbList\",\"@id\":\"https:\/\/skaitytaknyga.lt\/produktas\/trumpa-europos-istorija\/#breadcrumb\",\"itemListElement\":[{\"@type\":\"ListItem\",\"position\":1,\"name\":\"Home\",\"item\":\"https:\/\/skaitytaknyga.lt\/\"},{\"@type\":\"ListItem\",\"position\":2,\"name\":\"Parduotuv\u0117\",\"item\":\"https:\/\/skaitytaknyga.lt\/knygu-parduotuve\/\"},{\"@type\":\"ListItem\",\"position\":3,\"name\":\"Trumpa Europos istorija\"}]},{\"@type\":\"WebSite\",\"@id\":\"https:\/\/skaitytaknyga.lt\/#website\",\"url\":\"https:\/\/skaitytaknyga.lt\/\",\"name\":\"skaitytaknyga.lt\",\"description\":\"Skaitytaknyga.lt \u2013 tai ma\u017eas \u0161eimos verslas, kuris prasid\u0117jo nuo meil\u0117s knygoms ir siekio i\u0161gelb\u0117ti knygas nuo likimo prie konteinerio. Kas vienam nereikalingas daiktas \u2013 kitam lobis, o mes esame tarpininkai, kurie padeda abiems tapti laimingesniems ???? \u017dinome kaip nelengva i\u0161gyventi ma\u017eiems verslams, tad nuo \u0161iol, \u010dia rasite ir kit\u0173, ma\u017e\u0173 \u0161eim\u0173 versl\u0173, rank\u0173 darbo, dovan\u0173 sau ir artimiesiems.\",\"publisher\":{\"@id\":\"https:\/\/skaitytaknyga.lt\/#organization\"},\"potentialAction\":[{\"@type\":\"SearchAction\",\"target\":{\"@type\":\"EntryPoint\",\"urlTemplate\":\"https:\/\/skaitytaknyga.lt\/?s={search_term_string}\"},\"query-input\":{\"@type\":\"PropertyValueSpecification\",\"valueRequired\":true,\"valueName\":\"search_term_string\"}}],\"inLanguage\":\"en-GB\"},{\"@type\":\"Organization\",\"@id\":\"https:\/\/skaitytaknyga.lt\/#organization\",\"name\":\"skaitytaknyga.lt\",\"url\":\"https:\/\/skaitytaknyga.lt\/\",\"logo\":{\"@type\":\"ImageObject\",\"inLanguage\":\"en-GB\",\"@id\":\"https:\/\/skaitytaknyga.lt\/#\/schema\/logo\/image\/\",\"url\":\"https:\/\/skaitytaknyga.lt\/wp-content\/uploads\/2024\/05\/cropped-cropped-cropped-02_00843_jt3bggkj1j3HLc7SyY6rEUpg.jpeg\",\"contentUrl\":\"https:\/\/skaitytaknyga.lt\/wp-content\/uploads\/2024\/05\/cropped-cropped-cropped-02_00843_jt3bggkj1j3HLc7SyY6rEUpg.jpeg\",\"width\":1600,\"height\":1600,\"caption\":\"skaitytaknyga.lt\"},\"image\":{\"@id\":\"https:\/\/skaitytaknyga.lt\/#\/schema\/logo\/image\/\"},\"sameAs\":[\"https:\/\/www.facebook.com\/skaitytaknyga\/\"]}]}<\/script>\n<!-- \/ Yoast SEO plugin. -->","yoast_head_json":{"title":"Trumpa Europos istorija","description":"\u0160i istorija apima vis\u0105 Europ\u0105. Ji mena ir At\u0117n\u0173 \u0161ventyklas, ir Skandinavijos fiordus, ir Bizantijos sienas, ir Venecijos pirklius. Ji kvie\u010dia mus","robots":{"index":"index","follow":"follow","max-snippet":"max-snippet:-1","max-image-preview":"max-image-preview:large","max-video-preview":"max-video-preview:-1"},"canonical":"https:\/\/skaitytaknyga.lt\/en\/produktas\/trumpa-europos-istorija\/","og_locale":"en_GB","og_type":"article","og_title":"[:lt]Trumpa Europos istorija[:] - Skaitytaknyga","og_description":"\u0160i istorija apima vis\u0105 Europ\u0105. Ji mena ir At\u0117n\u0173 \u0161ventyklas, ir Skandinavijos fiordus, ir Bizantijos sienas, ir Venecijos pirklius. Ji kvie\u010dia mus","og_url":"https:\/\/skaitytaknyga.lt\/en\/produktas\/trumpa-europos-istorija\/","og_site_name":"Skaitytaknyga","article_publisher":"https:\/\/www.facebook.com\/skaitytaknyga\/","article_modified_time":"2026-03-18T13:02:37+00:00","og_image":[{"width":300,"height":442,"url":"https:\/\/skaitytaknyga.lt\/wp-content\/uploads\/2026\/02\/Trumpa-Europos-istorija-1.webp","type":"image\/webp"}],"twitter_card":"summary_large_image","twitter_misc":{"Estimated reading time":"1 minute"},"schema":{"@context":"https:\/\/schema.org","@graph":[{"@type":"WebPage","@id":"https:\/\/skaitytaknyga.lt\/produktas\/trumpa-europos-istorija\/","url":"https:\/\/skaitytaknyga.lt\/produktas\/trumpa-europos-istorija\/","name":"Trumpa Europos istorija","isPartOf":{"@id":"https:\/\/skaitytaknyga.lt\/#website"},"primaryImageOfPage":{"@id":"https:\/\/skaitytaknyga.lt\/produktas\/trumpa-europos-istorija\/#primaryimage"},"image":{"@id":"https:\/\/skaitytaknyga.lt\/produktas\/trumpa-europos-istorija\/#primaryimage"},"thumbnailUrl":"https:\/\/skaitytaknyga.lt\/wp-content\/uploads\/2026\/02\/Trumpa-Europos-istorija-1.webp","datePublished":"2026-01-30T18:44:06+00:00","dateModified":"2026-03-18T13:02:37+00:00","description":"\u0160i istorija apima vis\u0105 Europ\u0105. Ji mena ir At\u0117n\u0173 \u0161ventyklas, ir Skandinavijos fiordus, ir Bizantijos sienas, ir Venecijos pirklius. Ji kvie\u010dia mus","breadcrumb":{"@id":"https:\/\/skaitytaknyga.lt\/produktas\/trumpa-europos-istorija\/#breadcrumb"},"inLanguage":"en-GB","potentialAction":[{"@type":"ReadAction","target":["https:\/\/skaitytaknyga.lt\/produktas\/trumpa-europos-istorija\/"]}]},{"@type":"ImageObject","inLanguage":"en-GB","@id":"https:\/\/skaitytaknyga.lt\/produktas\/trumpa-europos-istorija\/#primaryimage","url":"https:\/\/skaitytaknyga.lt\/wp-content\/uploads\/2026\/02\/Trumpa-Europos-istorija-1.webp","contentUrl":"https:\/\/skaitytaknyga.lt\/wp-content\/uploads\/2026\/02\/Trumpa-Europos-istorija-1.webp","width":300,"height":442,"caption":"Trumpa Europos istorija (1)"},{"@type":"BreadcrumbList","@id":"https:\/\/skaitytaknyga.lt\/produktas\/trumpa-europos-istorija\/#breadcrumb","itemListElement":[{"@type":"ListItem","position":1,"name":"Home","item":"https:\/\/skaitytaknyga.lt\/"},{"@type":"ListItem","position":2,"name":"Parduotuv\u0117","item":"https:\/\/skaitytaknyga.lt\/knygu-parduotuve\/"},{"@type":"ListItem","position":3,"name":"Trumpa Europos istorija"}]},{"@type":"WebSite","@id":"https:\/\/skaitytaknyga.lt\/#website","url":"https:\/\/skaitytaknyga.lt\/","name":"skaitytaknyga.lt","description":"Skaitytaknyga.lt \u2013 tai ma\u017eas \u0161eimos verslas, kuris prasid\u0117jo nuo meil\u0117s knygoms ir siekio i\u0161gelb\u0117ti knygas nuo likimo prie konteinerio. Kas vienam nereikalingas daiktas \u2013 kitam lobis, o mes esame tarpininkai, kurie padeda abiems tapti laimingesniems ???? \u017dinome kaip nelengva i\u0161gyventi ma\u017eiems verslams, tad nuo \u0161iol, \u010dia rasite ir kit\u0173, ma\u017e\u0173 \u0161eim\u0173 versl\u0173, rank\u0173 darbo, dovan\u0173 sau ir artimiesiems.","publisher":{"@id":"https:\/\/skaitytaknyga.lt\/#organization"},"potentialAction":[{"@type":"SearchAction","target":{"@type":"EntryPoint","urlTemplate":"https:\/\/skaitytaknyga.lt\/?s={search_term_string}"},"query-input":{"@type":"PropertyValueSpecification","valueRequired":true,"valueName":"search_term_string"}}],"inLanguage":"en-GB"},{"@type":"Organization","@id":"https:\/\/skaitytaknyga.lt\/#organization","name":"skaitytaknyga.lt","url":"https:\/\/skaitytaknyga.lt\/","logo":{"@type":"ImageObject","inLanguage":"en-GB","@id":"https:\/\/skaitytaknyga.lt\/#\/schema\/logo\/image\/","url":"https:\/\/skaitytaknyga.lt\/wp-content\/uploads\/2024\/05\/cropped-cropped-cropped-02_00843_jt3bggkj1j3HLc7SyY6rEUpg.jpeg","contentUrl":"https:\/\/skaitytaknyga.lt\/wp-content\/uploads\/2024\/05\/cropped-cropped-cropped-02_00843_jt3bggkj1j3HLc7SyY6rEUpg.jpeg","width":1600,"height":1600,"caption":"skaitytaknyga.lt"},"image":{"@id":"https:\/\/skaitytaknyga.lt\/#\/schema\/logo\/image\/"},"sameAs":["https:\/\/www.facebook.com\/skaitytaknyga\/"]}]}},"_links":{"self":[{"href":"https:\/\/skaitytaknyga.lt\/en\/wp-json\/wp\/v2\/product\/22916","targetHints":{"allow":["GET"]}}],"collection":[{"href":"https:\/\/skaitytaknyga.lt\/en\/wp-json\/wp\/v2\/product"}],"about":[{"href":"https:\/\/skaitytaknyga.lt\/en\/wp-json\/wp\/v2\/types\/product"}],"replies":[{"embeddable":true,"href":"https:\/\/skaitytaknyga.lt\/en\/wp-json\/wp\/v2\/comments?post=22916"}],"wp:featuredmedia":[{"embeddable":true,"href":"https:\/\/skaitytaknyga.lt\/en\/wp-json\/wp\/v2\/media\/22929"}],"wp:attachment":[{"href":"https:\/\/skaitytaknyga.lt\/en\/wp-json\/wp\/v2\/media?parent=22916"}],"wp:term":[{"taxonomy":"product_brand","embeddable":true,"href":"https:\/\/skaitytaknyga.lt\/en\/wp-json\/wp\/v2\/product_brand?post=22916"},{"taxonomy":"product_cat","embeddable":true,"href":"https:\/\/skaitytaknyga.lt\/en\/wp-json\/wp\/v2\/product_cat?post=22916"},{"taxonomy":"product_tag","embeddable":true,"href":"https:\/\/skaitytaknyga.lt\/en\/wp-json\/wp\/v2\/product_tag?post=22916"}],"curies":[{"name":"wp","href":"https:\/\/api.w.org\/{rel}","templated":true}]}}