{"id":22908,"date":"2026-01-30T17:33:06","date_gmt":"2026-01-30T15:33:06","guid":{"rendered":"https:\/\/skaitytaknyga.lt\/?post_type=product&#038;p=22908"},"modified":"2026-03-18T14:59:38","modified_gmt":"2026-03-18T12:59:38","slug":"mazoji-lietuva-lietuvininku-kovos","status":"publish","type":"product","link":"https:\/\/skaitytaknyga.lt\/en\/produktas\/mazoji-lietuva-lietuvininku-kovos\/","title":{"rendered":"Ma\u017eoji Lietuva : lietuvinink\u0173 kovos"},"content":{"rendered":"<p>Lietuvos istorijoje teb\u0117ra nema\u017eai toki\u0173 istorini\u0173 \u012fvyki\u0173, kuri\u0173 reik\u0161m\u0117 laikui b\u0117gant ne ma\u017e\u0117ja, bet did\u0117ja. Viena i\u0161 j\u0173 \u2013 1918 met\u0173 lapkri\u010dio 30 d. TIL\u017d\u0116S AKTAS (Deklaracija), kuriuo paskelbta Ma\u017eosios ir Did\u017eiosios Lietuvos vienyb\u0117 ir siekis susijungti \u012f vien\u0105 valstyb\u0119. Po 1923 m. sausio 10\u201415 dienomis \u012fvykusio s\u0117kmingo Klaip\u0117dos kra\u0161to sukilimo i\u0161 dalies buvo \u012fgyvendinti abiej\u0173 Lietuv\u0173 suvienijimo siekiai.<br \/>\nSukilimo varomoji j\u0117ga buvo Ma\u017eosios Lietuvos tautin\u0117s tarybos nariai. Knygoje pateikiami ma\u017eiau \u017einomi dokumentai, gausu nuotrauk\u0173, susijusi\u0173 su lietuvinink\u0173 ir Ma\u017eosios Lietuvos bi\u010diuli\u0173 tautine veikla.<br \/>\nTai dvylikos autori\u0173, \u017eymi\u0173 Lietuvos istorik\u0173, Ma\u017eosios Lietuvos veik\u0117j\u0173, politik\u0173 \u2013 Algirdo Matulevi\u010diaus, Erdmono Simonai\u010dio, Vytauto \u0160ilo, Vytauto Grubliausko, Algirdo Antano Glio\u017eai\u010dio, Petro \u0160mito, Algio A. Regio, Alberto Ju\u0161kos, Dainiaus \u017dalimo, Aleksandro Vitkaus, Vaclovo Bagdonavi\u010diaus, Aro Luk\u0161o \u2013 kolektyvinis darbas. Sudarytojas \u2013 Vytautas \u0160ilas.<br \/>\nKnygoje \u201eMa\u017eoji Lietuva. Lietuvinink\u0173 kovos\u201c aptariama lietuvinink\u0173 (ma\u017elietuvi\u0173) kult\u016brin\u0117, socialin\u0117 ekonomin\u0117, apskritai tautin\u0117 pad\u0117tis vokie\u010di\u0173 valdomoje Pr\u016bsijos valstyb\u0117je, siekis i\u0161laikyti lietuvyb\u0119, Til\u017e\u0117s Akto signatarai, i\u0161keliami Klaip\u0117dos kra\u0161to sukilimo dalyvi\u0173 \u017eygdarbiai.<br \/>\nKnyga \u201eMa\u017eoji Lietuva. Lietuvinink\u0173 kovos\u201c u\u017epildys Ma\u017eosios Lietuvos pa\u017einimo sprag\u0105. Tikim\u0117s, kad leidinys i\u0161sklaidys skaitytoj\u0173 abejones, ar Ma\u017eoji ir Did\u017eioji Lietuva i\u0161ties sudaro vien\u0105 bendr\u0105 lietuvi\u0173 T\u0117vyn\u0119.<br \/>\nPirmas knygos variantas tokiu pa\u010diu pavadinimu ir ma\u017eu tira\u017eu i\u0161leistas 2010 m. Dabar knyga \u201eMa\u017eoji Lietuva. Lietuvinink\u0173 kovos\u201c gerokai papildyta straipsniais ir dokumentais.<\/p>\n","protected":false},"excerpt":{"rendered":"<p>Lietuvos istorijoje teb\u0117ra nema\u017eai toki\u0173 istorini\u0173 \u012fvyki\u0173, kuri\u0173 reik\u0161m\u0117 laikui b\u0117gant ne ma\u017e\u0117ja, bet did\u0117ja. Viena i\u0161 j\u0173 \u2013 1918 met\u0173 lapkri\u010dio 30 d. TIL\u017d\u0116S AKTAS (Deklaracija), kuriuo paskelbta Ma\u017eosios ir Did\u017eiosios Lietuvos vienyb\u0117 ir siekis susijungti \u012f vien\u0105 valstyb\u0119. Po 1923 m. sausio 10\u201415 dienomis \u012fvykusio s\u0117kmingo Klaip\u0117dos kra\u0161to sukilimo i\u0161 dalies buvo \u012fgyvendinti abiej\u0173 Lietuv\u0173 suvienijimo siekiai. Sukilimo varomoji j\u0117ga buvo Ma\u017eosios Lietuvos tautin\u0117s tarybos nariai. Knygoje pateikiami ma\u017eiau \u017einomi dokumentai, gausu nuotrauk\u0173, susijusi\u0173 su lietuvinink\u0173 ir Ma\u017eosios Lietuvos bi\u010diuli\u0173 tautine veikla. Tai dvylikos autori\u0173, \u017eymi\u0173 Lietuvos istorik\u0173, Ma\u017eosios Lietuvos veik\u0117j\u0173, politik\u0173 \u2013 Algirdo Matulevi\u010diaus, Erdmono Simonai\u010dio, Vytauto \u0160ilo, Vytauto Grubliausko, Algirdo Antano Glio\u017eai\u010dio, Petro \u0160mito, Algio A. Regio, Alberto Ju\u0161kos, Dainiaus \u017dalimo, Aleksandro Vitkaus, Vaclovo Bagdonavi\u010diaus, Aro Luk\u0161o \u2013 kolektyvinis darbas. Sudarytojas \u2013 Vytautas \u0160ilas. Knygoje \u201eMa\u017eoji Lietuva. Lietuvinink\u0173 kovos\u201c aptariama lietuvinink\u0173 (ma\u017elietuvi\u0173) kult\u016brin\u0117, socialin\u0117 ekonomin\u0117, apskritai tautin\u0117 pad\u0117tis vokie\u010di\u0173 valdomoje Pr\u016bsijos valstyb\u0117je, siekis i\u0161laikyti lietuvyb\u0119, Til\u017e\u0117s Akto signatarai, i\u0161keliami Klaip\u0117dos kra\u0161to sukilimo dalyvi\u0173 \u017eygdarbiai. Knyga \u201eMa\u017eoji Lietuva. Lietuvinink\u0173 kovos\u201c u\u017epildys Ma\u017eosios Lietuvos pa\u017einimo sprag\u0105. Tikim\u0117s, kad leidinys i\u0161sklaidys skaitytoj\u0173 abejones, ar Ma\u017eoji ir Did\u017eioji Lietuva i\u0161ties sudaro vien\u0105 bendr\u0105 lietuvi\u0173 T\u0117vyn\u0119. Pirmas knygos variantas tokiu pa\u010diu pavadinimu ir ma\u017eu tira\u017eu i\u0161leistas 2010 m. Dabar knyga \u201eMa\u017eoji Lietuva. Lietuvinink\u0173 kovos\u201c gerokai papildyta straipsniais ir dokumentais.<\/p>\n","protected":false},"featured_media":22913,"comment_status":"open","ping_status":"closed","template":"","meta":{"_acf_changed":false,"site-sidebar-layout":"default","site-content-layout":"","ast-site-content-layout":"default","site-content-style":"default","site-sidebar-style":"default","ast-global-header-display":"","ast-banner-title-visibility":"","ast-main-header-display":"","ast-hfb-above-header-display":"","ast-hfb-below-header-display":"","ast-hfb-mobile-header-display":"","site-post-title":"","ast-breadcrumbs-content":"","ast-featured-img":"","footer-sml-layout":"","ast-disable-related-posts":"","theme-transparent-header-meta":"","adv-header-id-meta":"","stick-header-meta":"","header-above-stick-meta":"","header-main-stick-meta":"","header-below-stick-meta":"","astra-migrate-meta-layouts":"default","ast-page-background-enabled":"default","ast-page-background-meta":{"desktop":{"background-color":"","background-image":"","background-repeat":"repeat","background-position":"center center","background-size":"auto","background-attachment":"scroll","background-type":"","background-media":"","overlay-type":"","overlay-color":"","overlay-opacity":"","overlay-gradient":""},"tablet":{"background-color":"","background-image":"","background-repeat":"repeat","background-position":"center center","background-size":"auto","background-attachment":"scroll","background-type":"","background-media":"","overlay-type":"","overlay-color":"","overlay-opacity":"","overlay-gradient":""},"mobile":{"background-color":"","background-image":"","background-repeat":"repeat","background-position":"center center","background-size":"auto","background-attachment":"scroll","background-type":"","background-media":"","overlay-type":"","overlay-color":"","overlay-opacity":"","overlay-gradient":""}},"ast-content-background-meta":{"desktop":{"background-color":"var(--ast-global-color-4)","background-image":"","background-repeat":"repeat","background-position":"center center","background-size":"auto","background-attachment":"scroll","background-type":"","background-media":"","overlay-type":"","overlay-color":"","overlay-opacity":"","overlay-gradient":""},"tablet":{"background-color":"var(--ast-global-color-4)","background-image":"","background-repeat":"repeat","background-position":"center center","background-size":"auto","background-attachment":"scroll","background-type":"","background-media":"","overlay-type":"","overlay-color":"","overlay-opacity":"","overlay-gradient":""},"mobile":{"background-color":"var(--ast-global-color-4)","background-image":"","background-repeat":"repeat","background-position":"center center","background-size":"auto","background-attachment":"scroll","background-type":"","background-media":"","overlay-type":"","overlay-color":"","overlay-opacity":"","overlay-gradient":""}}},"product_brand":[],"product_cat":[9862,174],"product_tag":[9365],"class_list":{"0":"post-22908","1":"product","2":"type-product","3":"status-publish","4":"has-post-thumbnail","6":"product_cat-lietuvos-istorija","7":"product_cat-istorija-ir-politologija","8":"product_tag-vytautas-silas","9":"desktop-align-left","10":"tablet-align-left","11":"mobile-align-left","13":"first","14":"instock","15":"shipping-taxable","16":"purchasable","17":"product-type-simple"},"acf":[],"yoast_head":"<!-- This site is optimized with the Yoast SEO plugin v27.0 - https:\/\/yoast.com\/product\/yoast-seo-wordpress\/ -->\n<title>Ma\u017eoji Lietuva : lietuvinink\u0173 kovos<\/title>\n<meta name=\"description\" content=\"Lietuvos istorijoje teb\u0117ra nema\u017eai toki\u0173 istorini\u0173 \u012fvyki\u0173, kuri\u0173 reik\u0161m\u0117 laikui b\u0117gant ne ma\u017e\u0117ja, bet did\u0117ja. Viena i\u0161 j\u0173 \u2013 1918 met\u0173 lapkri\u010dio 30 d.\" \/>\n<meta name=\"robots\" content=\"index, follow, max-snippet:-1, max-image-preview:large, max-video-preview:-1\" \/>\n<link rel=\"canonical\" href=\"https:\/\/skaitytaknyga.lt\/en\/produktas\/mazoji-lietuva-lietuvininku-kovos\/\" \/>\n<meta property=\"og:locale\" content=\"en_GB\" \/>\n<meta property=\"og:locale:alternate\" content=\"lt_LT\" \/>\n<meta property=\"og:type\" content=\"article\" \/>\n<meta property=\"og:title\" content=\"Ma\u017eoji Lietuva : lietuvinink\u0173 kovos\" \/>\n<meta property=\"og:description\" content=\"Lietuvos istorijoje teb\u0117ra nema\u017eai toki\u0173 istorini\u0173 \u012fvyki\u0173, kuri\u0173 reik\u0161m\u0117 laikui b\u0117gant ne ma\u017e\u0117ja, bet did\u0117ja. Viena i\u0161 j\u0173 \u2013 1918 met\u0173 lapkri\u010dio 30 d.\" \/>\n<meta property=\"og:url\" content=\"https:\/\/skaitytaknyga.lt\/en\/produktas\/mazoji-lietuva-lietuvininku-kovos\/\" \/>\n<meta property=\"og:site_name\" content=\"Skaitytaknyga\" \/>\n<meta property=\"article:publisher\" content=\"https:\/\/www.facebook.com\/skaitytaknyga\/\" \/>\n<meta property=\"article:modified_time\" content=\"2026-03-18T12:59:38+00:00\" \/>\n<meta property=\"og:image\" content=\"https:\/\/skaitytaknyga.lt\/wp-content\/uploads\/2026\/01\/Mazoji-Lietuva-lietuvininku-kovos-1-e1769790443443.webp\" \/>\n\t<meta property=\"og:image:width\" content=\"270\" \/>\n\t<meta property=\"og:image:height\" content=\"393\" \/>\n\t<meta property=\"og:image:type\" content=\"image\/webp\" \/>\n<meta name=\"twitter:card\" content=\"summary_large_image\" \/>\n<meta name=\"twitter:label1\" content=\"Estimated reading time\" \/>\n\t<meta name=\"twitter:data1\" content=\"1 minute\" \/>\n<script type=\"application\/ld+json\" class=\"yoast-schema-graph\">{\"@context\":\"https:\/\/schema.org\",\"@graph\":[{\"@type\":\"WebPage\",\"@id\":\"https:\/\/skaitytaknyga.lt\/produktas\/mazoji-lietuva-lietuvininku-kovos\/\",\"url\":\"https:\/\/skaitytaknyga.lt\/produktas\/mazoji-lietuva-lietuvininku-kovos\/\",\"name\":\"Ma\u017eoji Lietuva : lietuvinink\u0173 kovos\",\"isPartOf\":{\"@id\":\"https:\/\/skaitytaknyga.lt\/#website\"},\"primaryImageOfPage\":{\"@id\":\"https:\/\/skaitytaknyga.lt\/produktas\/mazoji-lietuva-lietuvininku-kovos\/#primaryimage\"},\"image\":{\"@id\":\"https:\/\/skaitytaknyga.lt\/produktas\/mazoji-lietuva-lietuvininku-kovos\/#primaryimage\"},\"thumbnailUrl\":\"https:\/\/skaitytaknyga.lt\/wp-content\/uploads\/2026\/01\/Mazoji-Lietuva-lietuvininku-kovos-1-e1769790443443.webp\",\"datePublished\":\"2026-01-30T15:33:06+00:00\",\"dateModified\":\"2026-03-18T12:59:38+00:00\",\"description\":\"Lietuvos istorijoje teb\u0117ra nema\u017eai toki\u0173 istorini\u0173 \u012fvyki\u0173, kuri\u0173 reik\u0161m\u0117 laikui b\u0117gant ne ma\u017e\u0117ja, bet did\u0117ja. Viena i\u0161 j\u0173 \u2013 1918 met\u0173 lapkri\u010dio 30 d.\",\"breadcrumb\":{\"@id\":\"https:\/\/skaitytaknyga.lt\/produktas\/mazoji-lietuva-lietuvininku-kovos\/#breadcrumb\"},\"inLanguage\":\"en-GB\",\"potentialAction\":[{\"@type\":\"ReadAction\",\"target\":[\"https:\/\/skaitytaknyga.lt\/produktas\/mazoji-lietuva-lietuvininku-kovos\/\"]}]},{\"@type\":\"ImageObject\",\"inLanguage\":\"en-GB\",\"@id\":\"https:\/\/skaitytaknyga.lt\/produktas\/mazoji-lietuva-lietuvininku-kovos\/#primaryimage\",\"url\":\"https:\/\/skaitytaknyga.lt\/wp-content\/uploads\/2026\/01\/Mazoji-Lietuva-lietuvininku-kovos-1-e1769790443443.webp\",\"contentUrl\":\"https:\/\/skaitytaknyga.lt\/wp-content\/uploads\/2026\/01\/Mazoji-Lietuva-lietuvininku-kovos-1-e1769790443443.webp\",\"width\":270,\"height\":393,\"caption\":\"Ma\u017eoji Lietuva : lietuvinink\u0173 kovos\"},{\"@type\":\"BreadcrumbList\",\"@id\":\"https:\/\/skaitytaknyga.lt\/produktas\/mazoji-lietuva-lietuvininku-kovos\/#breadcrumb\",\"itemListElement\":[{\"@type\":\"ListItem\",\"position\":1,\"name\":\"Home\",\"item\":\"https:\/\/skaitytaknyga.lt\/\"},{\"@type\":\"ListItem\",\"position\":2,\"name\":\"Parduotuv\u0117\",\"item\":\"https:\/\/skaitytaknyga.lt\/knygu-parduotuve\/\"},{\"@type\":\"ListItem\",\"position\":3,\"name\":\"Ma\u017eoji Lietuva : lietuvinink\u0173 kovos\"}]},{\"@type\":\"WebSite\",\"@id\":\"https:\/\/skaitytaknyga.lt\/#website\",\"url\":\"https:\/\/skaitytaknyga.lt\/\",\"name\":\"skaitytaknyga.lt\",\"description\":\"Skaitytaknyga.lt \u2013 tai ma\u017eas \u0161eimos verslas, kuris prasid\u0117jo nuo meil\u0117s knygoms ir siekio i\u0161gelb\u0117ti knygas nuo likimo prie konteinerio. Kas vienam nereikalingas daiktas \u2013 kitam lobis, o mes esame tarpininkai, kurie padeda abiems tapti laimingesniems ???? \u017dinome kaip nelengva i\u0161gyventi ma\u017eiems verslams, tad nuo \u0161iol, \u010dia rasite ir kit\u0173, ma\u017e\u0173 \u0161eim\u0173 versl\u0173, rank\u0173 darbo, dovan\u0173 sau ir artimiesiems.\",\"publisher\":{\"@id\":\"https:\/\/skaitytaknyga.lt\/#organization\"},\"potentialAction\":[{\"@type\":\"SearchAction\",\"target\":{\"@type\":\"EntryPoint\",\"urlTemplate\":\"https:\/\/skaitytaknyga.lt\/?s={search_term_string}\"},\"query-input\":{\"@type\":\"PropertyValueSpecification\",\"valueRequired\":true,\"valueName\":\"search_term_string\"}}],\"inLanguage\":\"en-GB\"},{\"@type\":\"Organization\",\"@id\":\"https:\/\/skaitytaknyga.lt\/#organization\",\"name\":\"skaitytaknyga.lt\",\"url\":\"https:\/\/skaitytaknyga.lt\/\",\"logo\":{\"@type\":\"ImageObject\",\"inLanguage\":\"en-GB\",\"@id\":\"https:\/\/skaitytaknyga.lt\/#\/schema\/logo\/image\/\",\"url\":\"https:\/\/skaitytaknyga.lt\/wp-content\/uploads\/2024\/05\/cropped-cropped-cropped-02_00843_jt3bggkj1j3HLc7SyY6rEUpg.jpeg\",\"contentUrl\":\"https:\/\/skaitytaknyga.lt\/wp-content\/uploads\/2024\/05\/cropped-cropped-cropped-02_00843_jt3bggkj1j3HLc7SyY6rEUpg.jpeg\",\"width\":1600,\"height\":1600,\"caption\":\"skaitytaknyga.lt\"},\"image\":{\"@id\":\"https:\/\/skaitytaknyga.lt\/#\/schema\/logo\/image\/\"},\"sameAs\":[\"https:\/\/www.facebook.com\/skaitytaknyga\/\"]}]}<\/script>\n<!-- \/ Yoast SEO plugin. -->","yoast_head_json":{"title":"Ma\u017eoji Lietuva : lietuvinink\u0173 kovos","description":"Lietuvos istorijoje teb\u0117ra nema\u017eai toki\u0173 istorini\u0173 \u012fvyki\u0173, kuri\u0173 reik\u0161m\u0117 laikui b\u0117gant ne ma\u017e\u0117ja, bet did\u0117ja. Viena i\u0161 j\u0173 \u2013 1918 met\u0173 lapkri\u010dio 30 d.","robots":{"index":"index","follow":"follow","max-snippet":"max-snippet:-1","max-image-preview":"max-image-preview:large","max-video-preview":"max-video-preview:-1"},"canonical":"https:\/\/skaitytaknyga.lt\/en\/produktas\/mazoji-lietuva-lietuvininku-kovos\/","og_locale":"en_GB","og_type":"article","og_title":"[:lt]Ma\u017eoji Lietuva : lietuvinink\u0173 kovos[:] - Skaitytaknyga","og_description":"Lietuvos istorijoje teb\u0117ra nema\u017eai toki\u0173 istorini\u0173 \u012fvyki\u0173, kuri\u0173 reik\u0161m\u0117 laikui b\u0117gant ne ma\u017e\u0117ja, bet did\u0117ja. Viena i\u0161 j\u0173 \u2013 1918 met\u0173 lapkri\u010dio 30 d.","og_url":"https:\/\/skaitytaknyga.lt\/en\/produktas\/mazoji-lietuva-lietuvininku-kovos\/","og_site_name":"Skaitytaknyga","article_publisher":"https:\/\/www.facebook.com\/skaitytaknyga\/","article_modified_time":"2026-03-18T12:59:38+00:00","og_image":[{"width":270,"height":393,"url":"https:\/\/skaitytaknyga.lt\/wp-content\/uploads\/2026\/01\/Mazoji-Lietuva-lietuvininku-kovos-1-e1769790443443.webp","type":"image\/webp"}],"twitter_card":"summary_large_image","twitter_misc":{"Estimated reading time":"1 minute"},"schema":{"@context":"https:\/\/schema.org","@graph":[{"@type":"WebPage","@id":"https:\/\/skaitytaknyga.lt\/produktas\/mazoji-lietuva-lietuvininku-kovos\/","url":"https:\/\/skaitytaknyga.lt\/produktas\/mazoji-lietuva-lietuvininku-kovos\/","name":"Ma\u017eoji Lietuva : lietuvinink\u0173 kovos","isPartOf":{"@id":"https:\/\/skaitytaknyga.lt\/#website"},"primaryImageOfPage":{"@id":"https:\/\/skaitytaknyga.lt\/produktas\/mazoji-lietuva-lietuvininku-kovos\/#primaryimage"},"image":{"@id":"https:\/\/skaitytaknyga.lt\/produktas\/mazoji-lietuva-lietuvininku-kovos\/#primaryimage"},"thumbnailUrl":"https:\/\/skaitytaknyga.lt\/wp-content\/uploads\/2026\/01\/Mazoji-Lietuva-lietuvininku-kovos-1-e1769790443443.webp","datePublished":"2026-01-30T15:33:06+00:00","dateModified":"2026-03-18T12:59:38+00:00","description":"Lietuvos istorijoje teb\u0117ra nema\u017eai toki\u0173 istorini\u0173 \u012fvyki\u0173, kuri\u0173 reik\u0161m\u0117 laikui b\u0117gant ne ma\u017e\u0117ja, bet did\u0117ja. Viena i\u0161 j\u0173 \u2013 1918 met\u0173 lapkri\u010dio 30 d.","breadcrumb":{"@id":"https:\/\/skaitytaknyga.lt\/produktas\/mazoji-lietuva-lietuvininku-kovos\/#breadcrumb"},"inLanguage":"en-GB","potentialAction":[{"@type":"ReadAction","target":["https:\/\/skaitytaknyga.lt\/produktas\/mazoji-lietuva-lietuvininku-kovos\/"]}]},{"@type":"ImageObject","inLanguage":"en-GB","@id":"https:\/\/skaitytaknyga.lt\/produktas\/mazoji-lietuva-lietuvininku-kovos\/#primaryimage","url":"https:\/\/skaitytaknyga.lt\/wp-content\/uploads\/2026\/01\/Mazoji-Lietuva-lietuvininku-kovos-1-e1769790443443.webp","contentUrl":"https:\/\/skaitytaknyga.lt\/wp-content\/uploads\/2026\/01\/Mazoji-Lietuva-lietuvininku-kovos-1-e1769790443443.webp","width":270,"height":393,"caption":"Ma\u017eoji Lietuva : lietuvinink\u0173 kovos"},{"@type":"BreadcrumbList","@id":"https:\/\/skaitytaknyga.lt\/produktas\/mazoji-lietuva-lietuvininku-kovos\/#breadcrumb","itemListElement":[{"@type":"ListItem","position":1,"name":"Home","item":"https:\/\/skaitytaknyga.lt\/"},{"@type":"ListItem","position":2,"name":"Parduotuv\u0117","item":"https:\/\/skaitytaknyga.lt\/knygu-parduotuve\/"},{"@type":"ListItem","position":3,"name":"Ma\u017eoji Lietuva : lietuvinink\u0173 kovos"}]},{"@type":"WebSite","@id":"https:\/\/skaitytaknyga.lt\/#website","url":"https:\/\/skaitytaknyga.lt\/","name":"skaitytaknyga.lt","description":"Skaitytaknyga.lt \u2013 tai ma\u017eas \u0161eimos verslas, kuris prasid\u0117jo nuo meil\u0117s knygoms ir siekio i\u0161gelb\u0117ti knygas nuo likimo prie konteinerio. Kas vienam nereikalingas daiktas \u2013 kitam lobis, o mes esame tarpininkai, kurie padeda abiems tapti laimingesniems ???? \u017dinome kaip nelengva i\u0161gyventi ma\u017eiems verslams, tad nuo \u0161iol, \u010dia rasite ir kit\u0173, ma\u017e\u0173 \u0161eim\u0173 versl\u0173, rank\u0173 darbo, dovan\u0173 sau ir artimiesiems.","publisher":{"@id":"https:\/\/skaitytaknyga.lt\/#organization"},"potentialAction":[{"@type":"SearchAction","target":{"@type":"EntryPoint","urlTemplate":"https:\/\/skaitytaknyga.lt\/?s={search_term_string}"},"query-input":{"@type":"PropertyValueSpecification","valueRequired":true,"valueName":"search_term_string"}}],"inLanguage":"en-GB"},{"@type":"Organization","@id":"https:\/\/skaitytaknyga.lt\/#organization","name":"skaitytaknyga.lt","url":"https:\/\/skaitytaknyga.lt\/","logo":{"@type":"ImageObject","inLanguage":"en-GB","@id":"https:\/\/skaitytaknyga.lt\/#\/schema\/logo\/image\/","url":"https:\/\/skaitytaknyga.lt\/wp-content\/uploads\/2024\/05\/cropped-cropped-cropped-02_00843_jt3bggkj1j3HLc7SyY6rEUpg.jpeg","contentUrl":"https:\/\/skaitytaknyga.lt\/wp-content\/uploads\/2024\/05\/cropped-cropped-cropped-02_00843_jt3bggkj1j3HLc7SyY6rEUpg.jpeg","width":1600,"height":1600,"caption":"skaitytaknyga.lt"},"image":{"@id":"https:\/\/skaitytaknyga.lt\/#\/schema\/logo\/image\/"},"sameAs":["https:\/\/www.facebook.com\/skaitytaknyga\/"]}]}},"_links":{"self":[{"href":"https:\/\/skaitytaknyga.lt\/en\/wp-json\/wp\/v2\/product\/22908","targetHints":{"allow":["GET"]}}],"collection":[{"href":"https:\/\/skaitytaknyga.lt\/en\/wp-json\/wp\/v2\/product"}],"about":[{"href":"https:\/\/skaitytaknyga.lt\/en\/wp-json\/wp\/v2\/types\/product"}],"replies":[{"embeddable":true,"href":"https:\/\/skaitytaknyga.lt\/en\/wp-json\/wp\/v2\/comments?post=22908"}],"wp:featuredmedia":[{"embeddable":true,"href":"https:\/\/skaitytaknyga.lt\/en\/wp-json\/wp\/v2\/media\/22913"}],"wp:attachment":[{"href":"https:\/\/skaitytaknyga.lt\/en\/wp-json\/wp\/v2\/media?parent=22908"}],"wp:term":[{"taxonomy":"product_brand","embeddable":true,"href":"https:\/\/skaitytaknyga.lt\/en\/wp-json\/wp\/v2\/product_brand?post=22908"},{"taxonomy":"product_cat","embeddable":true,"href":"https:\/\/skaitytaknyga.lt\/en\/wp-json\/wp\/v2\/product_cat?post=22908"},{"taxonomy":"product_tag","embeddable":true,"href":"https:\/\/skaitytaknyga.lt\/en\/wp-json\/wp\/v2\/product_tag?post=22908"}],"curies":[{"name":"wp","href":"https:\/\/api.w.org\/{rel}","templated":true}]}}