{"id":22906,"date":"2026-01-30T17:33:06","date_gmt":"2026-01-30T15:33:06","guid":{"rendered":"https:\/\/skaitytaknyga.lt\/?post_type=product&#038;p=22906"},"modified":"2026-03-16T09:17:49","modified_gmt":"2026-03-16T07:17:49","slug":"kai-ateis-niekada","status":"publish","type":"product","link":"https:\/\/skaitytaknyga.lt\/en\/produktas\/kai-ateis-niekada\/","title":{"rendered":"Kai ateis niekada"},"content":{"rendered":"<p>Prisiminusi t\u0105 nakt\u012f, kai i\u0161vyko i\u0161 Klir Harboro, Krist\u0117-Lina staiga suvok\u0117, kad vieninteliai daiktai, kuriuos b\u016btinai nor\u0117jo pasiimti, buvo sena nuotrauka ir nusitryn\u0119s v\u0117rinys, priminsiantys skausm\u0105 ir netekt\u012f, \u2013 juos nusprend\u0117 pasilikti, nes laiming\u0173 prisiminim\u0173, kuriuos gal\u0117t\u0173 branginti, netur\u0117jo. Ties\u0105 sakant, nesivargino toki\u0173 sukurti. Ji labai kruop\u0161\u010diai r\u016bpinosi, kad jos gyvenime neb\u016bt\u0173 nei \u012f k\u0105 gr\u0119\u017eiotis, nei juo labiau \u2013 ko laukti.<\/p>\n<p>Krist\u0117-Lina augo su priklausomybi\u0173 kamuojama motina ir i\u0161 patirties \u017eino, kad joks adresas n\u0117ra am\u017einas ir joks pa\u017eadas \u2013 \u0161ventas. Kur\u012f laik\u0105 ji buvo radusi saug\u0173 prieglobst\u012f santuokoje su populiari\u0173 detektyv\u0173 autoriumi Stivenu Ladlou, bet vien\u0105 nakt\u012f jo automobilis nulekia \u012f Aid\u0173 \u012flank\u0105, o i\u0161 ledinio vandens gelb\u0117tojai i\u0161traukia ne tik vyro k\u016bn\u0105. \u012e vie\u0161um\u0105 i\u0161kilus informacijai apie kartu nuskendusi\u0105 m\u0117lynak\u0119 blondin\u0119, \u017einiasklaida apgula Krist\u0117s-Linos namus ir ji sprunka.<\/p>\n<p>Kur\u012f laik\u0105 atrodo, kad apsigyventi ma\u017eame miestelyje \u2013 protinga i\u0161eitis. \u010cia, kur jos niekas nepa\u017e\u012fsta, Krist\u0117-Lina ie\u0161ko atsakymo, kas siejo jos vyr\u0105 su ta jauna moterimi keleivio s\u0117dyn\u0117je. Atsakymas ne tik dar labiau sujaukia Krist\u0117s-Linos gyvenim\u0105, bet ir ima kelti visai kitoki\u0173 klausim\u0173. Ar jos santuoka buvo tikra? Kod\u0117l ji niekuomet nenor\u0117jo tur\u0117ti vaik\u0173 ir niekada neleido sau i\u0161 tikr\u0173j\u0173 pamilti?<\/p>\n<p>Romanas \u201eKai ateis niekada&#8221; jau pirmomis pardavimo savait\u0117mis pateko \u012f skaitomiausi\u0173 ir perkamiausi\u0173 \u201eAmazon&#8221; knyg\u0173 s\u0105ra\u0161us.<\/p>\n","protected":false},"excerpt":{"rendered":"<p>Prisiminusi t\u0105 nakt\u012f, kai i\u0161vyko i\u0161 Klir Harboro, Krist\u0117-Lina staiga suvok\u0117, kad vieninteliai daiktai, kuriuos b\u016btinai nor\u0117jo pasiimti, buvo sena nuotrauka ir nusitryn\u0119s v\u0117rinys, priminsiantys skausm\u0105 ir netekt\u012f, \u2013 juos nusprend\u0117 pasilikti, nes laiming\u0173 prisiminim\u0173, kuriuos gal\u0117t\u0173 branginti, netur\u0117jo. Ties\u0105 sakant, nesivargino toki\u0173 sukurti. Ji labai kruop\u0161\u010diai r\u016bpinosi, kad jos gyvenime neb\u016bt\u0173 nei \u012f k\u0105 gr\u0119\u017eiotis, nei juo labiau \u2013 ko laukti. Krist\u0117-Lina augo su priklausomybi\u0173 kamuojama motina ir i\u0161 patirties \u017eino, kad joks adresas n\u0117ra am\u017einas ir joks pa\u017eadas \u2013 \u0161ventas. Kur\u012f laik\u0105 ji buvo radusi saug\u0173 prieglobst\u012f santuokoje su populiari\u0173 detektyv\u0173 autoriumi Stivenu Ladlou, bet vien\u0105 nakt\u012f jo automobilis nulekia \u012f Aid\u0173 \u012flank\u0105, o i\u0161 ledinio vandens gelb\u0117tojai i\u0161traukia ne tik vyro k\u016bn\u0105. \u012e vie\u0161um\u0105 i\u0161kilus informacijai apie kartu nuskendusi\u0105 m\u0117lynak\u0119 blondin\u0119, \u017einiasklaida apgula Krist\u0117s-Linos namus ir ji sprunka. Kur\u012f laik\u0105 atrodo, kad apsigyventi ma\u017eame miestelyje \u2013 protinga i\u0161eitis. \u010cia, kur jos niekas nepa\u017e\u012fsta, Krist\u0117-Lina ie\u0161ko atsakymo, kas siejo jos vyr\u0105 su ta jauna moterimi keleivio s\u0117dyn\u0117je. Atsakymas ne tik dar labiau sujaukia Krist\u0117s-Linos gyvenim\u0105, bet ir ima kelti visai kitoki\u0173 klausim\u0173. Ar jos santuoka buvo tikra? Kod\u0117l ji niekuomet nenor\u0117jo tur\u0117ti vaik\u0173 ir niekada neleido sau i\u0161 tikr\u0173j\u0173 pamilti? Romanas \u201eKai ateis niekada&#8221; jau pirmomis pardavimo savait\u0117mis pateko \u012f skaitomiausi\u0173 ir perkamiausi\u0173 \u201eAmazon&#8221; knyg\u0173 s\u0105ra\u0161us.<\/p>\n","protected":false},"featured_media":22911,"comment_status":"open","ping_status":"closed","template":"","meta":{"_acf_changed":false,"site-sidebar-layout":"default","site-content-layout":"","ast-site-content-layout":"default","site-content-style":"default","site-sidebar-style":"default","ast-global-header-display":"","ast-banner-title-visibility":"","ast-main-header-display":"","ast-hfb-above-header-display":"","ast-hfb-below-header-display":"","ast-hfb-mobile-header-display":"","site-post-title":"","ast-breadcrumbs-content":"","ast-featured-img":"","footer-sml-layout":"","ast-disable-related-posts":"","theme-transparent-header-meta":"","adv-header-id-meta":"","stick-header-meta":"","header-above-stick-meta":"","header-main-stick-meta":"","header-below-stick-meta":"","astra-migrate-meta-layouts":"default","ast-page-background-enabled":"default","ast-page-background-meta":{"desktop":{"background-color":"","background-image":"","background-repeat":"repeat","background-position":"center center","background-size":"auto","background-attachment":"scroll","background-type":"","background-media":"","overlay-type":"","overlay-color":"","overlay-opacity":"","overlay-gradient":""},"tablet":{"background-color":"","background-image":"","background-repeat":"repeat","background-position":"center center","background-size":"auto","background-attachment":"scroll","background-type":"","background-media":"","overlay-type":"","overlay-color":"","overlay-opacity":"","overlay-gradient":""},"mobile":{"background-color":"","background-image":"","background-repeat":"repeat","background-position":"center center","background-size":"auto","background-attachment":"scroll","background-type":"","background-media":"","overlay-type":"","overlay-color":"","overlay-opacity":"","overlay-gradient":""}},"ast-content-background-meta":{"desktop":{"background-color":"var(--ast-global-color-4)","background-image":"","background-repeat":"repeat","background-position":"center center","background-size":"auto","background-attachment":"scroll","background-type":"","background-media":"","overlay-type":"","overlay-color":"","overlay-opacity":"","overlay-gradient":""},"tablet":{"background-color":"var(--ast-global-color-4)","background-image":"","background-repeat":"repeat","background-position":"center center","background-size":"auto","background-attachment":"scroll","background-type":"","background-media":"","overlay-type":"","overlay-color":"","overlay-opacity":"","overlay-gradient":""},"mobile":{"background-color":"var(--ast-global-color-4)","background-image":"","background-repeat":"repeat","background-position":"center center","background-size":"auto","background-attachment":"scroll","background-type":"","background-media":"","overlay-type":"","overlay-color":"","overlay-opacity":"","overlay-gradient":""}}},"product_brand":[],"product_cat":[9734],"product_tag":[9363],"class_list":{"0":"post-22906","1":"product","2":"type-product","3":"status-publish","4":"has-post-thumbnail","6":"product_cat-romanai","7":"product_tag-barbara-davis","8":"desktop-align-left","9":"tablet-align-left","10":"mobile-align-left","12":"first","13":"instock","14":"shipping-taxable","15":"purchasable","16":"product-type-simple"},"acf":[],"yoast_head":"<!-- This site is optimized with the Yoast SEO plugin v27.0 - https:\/\/yoast.com\/product\/yoast-seo-wordpress\/ -->\n<title>Kai ateis niekada<\/title>\n<meta name=\"description\" content=\"Prisiminusi t\u0105 nakt\u012f, kai i\u0161vyko i\u0161 Klir Harboro, Krist\u0117-Lina staiga suvok\u0117, kad vieninteliai daiktai, kuriuos b\u016btinai nor\u0117jo pasiimti, buvo sena\" \/>\n<meta name=\"robots\" content=\"index, follow, max-snippet:-1, max-image-preview:large, max-video-preview:-1\" \/>\n<link rel=\"canonical\" href=\"https:\/\/skaitytaknyga.lt\/en\/produktas\/kai-ateis-niekada\/\" \/>\n<meta property=\"og:locale\" content=\"en_GB\" \/>\n<meta property=\"og:locale:alternate\" content=\"lt_LT\" \/>\n<meta property=\"og:type\" content=\"article\" \/>\n<meta property=\"og:title\" content=\"Kai ateis niekada\" \/>\n<meta property=\"og:description\" content=\"Prisiminusi t\u0105 nakt\u012f, kai i\u0161vyko i\u0161 Klir Harboro, Krist\u0117-Lina staiga suvok\u0117, kad vieninteliai daiktai, kuriuos b\u016btinai nor\u0117jo pasiimti, buvo sena\" \/>\n<meta property=\"og:url\" content=\"https:\/\/skaitytaknyga.lt\/en\/produktas\/kai-ateis-niekada\/\" \/>\n<meta property=\"og:site_name\" content=\"Skaitytaknyga\" \/>\n<meta property=\"article:publisher\" content=\"https:\/\/www.facebook.com\/skaitytaknyga\/\" \/>\n<meta property=\"article:modified_time\" content=\"2026-03-16T07:17:49+00:00\" \/>\n<meta property=\"og:image\" content=\"https:\/\/skaitytaknyga.lt\/wp-content\/uploads\/2026\/01\/Kai-ateis-niekada-1.webp\" \/>\n\t<meta property=\"og:image:width\" content=\"300\" \/>\n\t<meta property=\"og:image:height\" content=\"447\" \/>\n\t<meta property=\"og:image:type\" content=\"image\/webp\" \/>\n<meta name=\"twitter:card\" content=\"summary_large_image\" \/>\n<meta name=\"twitter:label1\" content=\"Estimated reading time\" \/>\n\t<meta name=\"twitter:data1\" content=\"1 minute\" \/>\n<script type=\"application\/ld+json\" class=\"yoast-schema-graph\">{\"@context\":\"https:\/\/schema.org\",\"@graph\":[{\"@type\":\"WebPage\",\"@id\":\"https:\/\/skaitytaknyga.lt\/produktas\/kai-ateis-niekada\/\",\"url\":\"https:\/\/skaitytaknyga.lt\/produktas\/kai-ateis-niekada\/\",\"name\":\"Kai ateis niekada\",\"isPartOf\":{\"@id\":\"https:\/\/skaitytaknyga.lt\/#website\"},\"primaryImageOfPage\":{\"@id\":\"https:\/\/skaitytaknyga.lt\/produktas\/kai-ateis-niekada\/#primaryimage\"},\"image\":{\"@id\":\"https:\/\/skaitytaknyga.lt\/produktas\/kai-ateis-niekada\/#primaryimage\"},\"thumbnailUrl\":\"https:\/\/skaitytaknyga.lt\/wp-content\/uploads\/2026\/01\/Kai-ateis-niekada-1.webp\",\"datePublished\":\"2026-01-30T15:33:06+00:00\",\"dateModified\":\"2026-03-16T07:17:49+00:00\",\"description\":\"Prisiminusi t\u0105 nakt\u012f, kai i\u0161vyko i\u0161 Klir Harboro, Krist\u0117-Lina staiga suvok\u0117, kad vieninteliai daiktai, kuriuos b\u016btinai nor\u0117jo pasiimti, buvo sena\",\"breadcrumb\":{\"@id\":\"https:\/\/skaitytaknyga.lt\/produktas\/kai-ateis-niekada\/#breadcrumb\"},\"inLanguage\":\"en-GB\",\"potentialAction\":[{\"@type\":\"ReadAction\",\"target\":[\"https:\/\/skaitytaknyga.lt\/produktas\/kai-ateis-niekada\/\"]}]},{\"@type\":\"ImageObject\",\"inLanguage\":\"en-GB\",\"@id\":\"https:\/\/skaitytaknyga.lt\/produktas\/kai-ateis-niekada\/#primaryimage\",\"url\":\"https:\/\/skaitytaknyga.lt\/wp-content\/uploads\/2026\/01\/Kai-ateis-niekada-1.webp\",\"contentUrl\":\"https:\/\/skaitytaknyga.lt\/wp-content\/uploads\/2026\/01\/Kai-ateis-niekada-1.webp\",\"width\":300,\"height\":447},{\"@type\":\"BreadcrumbList\",\"@id\":\"https:\/\/skaitytaknyga.lt\/produktas\/kai-ateis-niekada\/#breadcrumb\",\"itemListElement\":[{\"@type\":\"ListItem\",\"position\":1,\"name\":\"Home\",\"item\":\"https:\/\/skaitytaknyga.lt\/\"},{\"@type\":\"ListItem\",\"position\":2,\"name\":\"Parduotuv\u0117\",\"item\":\"https:\/\/skaitytaknyga.lt\/knygu-parduotuve\/\"},{\"@type\":\"ListItem\",\"position\":3,\"name\":\"Kai ateis niekada\"}]},{\"@type\":\"WebSite\",\"@id\":\"https:\/\/skaitytaknyga.lt\/#website\",\"url\":\"https:\/\/skaitytaknyga.lt\/\",\"name\":\"skaitytaknyga.lt\",\"description\":\"Skaitytaknyga.lt \u2013 tai ma\u017eas \u0161eimos verslas, kuris prasid\u0117jo nuo meil\u0117s knygoms ir siekio i\u0161gelb\u0117ti knygas nuo likimo prie konteinerio. Kas vienam nereikalingas daiktas \u2013 kitam lobis, o mes esame tarpininkai, kurie padeda abiems tapti laimingesniems ???? \u017dinome kaip nelengva i\u0161gyventi ma\u017eiems verslams, tad nuo \u0161iol, \u010dia rasite ir kit\u0173, ma\u017e\u0173 \u0161eim\u0173 versl\u0173, rank\u0173 darbo, dovan\u0173 sau ir artimiesiems.\",\"publisher\":{\"@id\":\"https:\/\/skaitytaknyga.lt\/#organization\"},\"potentialAction\":[{\"@type\":\"SearchAction\",\"target\":{\"@type\":\"EntryPoint\",\"urlTemplate\":\"https:\/\/skaitytaknyga.lt\/?s={search_term_string}\"},\"query-input\":{\"@type\":\"PropertyValueSpecification\",\"valueRequired\":true,\"valueName\":\"search_term_string\"}}],\"inLanguage\":\"en-GB\"},{\"@type\":\"Organization\",\"@id\":\"https:\/\/skaitytaknyga.lt\/#organization\",\"name\":\"skaitytaknyga.lt\",\"url\":\"https:\/\/skaitytaknyga.lt\/\",\"logo\":{\"@type\":\"ImageObject\",\"inLanguage\":\"en-GB\",\"@id\":\"https:\/\/skaitytaknyga.lt\/#\/schema\/logo\/image\/\",\"url\":\"https:\/\/skaitytaknyga.lt\/wp-content\/uploads\/2024\/05\/cropped-cropped-cropped-02_00843_jt3bggkj1j3HLc7SyY6rEUpg.jpeg\",\"contentUrl\":\"https:\/\/skaitytaknyga.lt\/wp-content\/uploads\/2024\/05\/cropped-cropped-cropped-02_00843_jt3bggkj1j3HLc7SyY6rEUpg.jpeg\",\"width\":1600,\"height\":1600,\"caption\":\"skaitytaknyga.lt\"},\"image\":{\"@id\":\"https:\/\/skaitytaknyga.lt\/#\/schema\/logo\/image\/\"},\"sameAs\":[\"https:\/\/www.facebook.com\/skaitytaknyga\/\"]}]}<\/script>\n<!-- \/ Yoast SEO plugin. -->","yoast_head_json":{"title":"Kai ateis niekada","description":"Prisiminusi t\u0105 nakt\u012f, kai i\u0161vyko i\u0161 Klir Harboro, Krist\u0117-Lina staiga suvok\u0117, kad vieninteliai daiktai, kuriuos b\u016btinai nor\u0117jo pasiimti, buvo sena","robots":{"index":"index","follow":"follow","max-snippet":"max-snippet:-1","max-image-preview":"max-image-preview:large","max-video-preview":"max-video-preview:-1"},"canonical":"https:\/\/skaitytaknyga.lt\/en\/produktas\/kai-ateis-niekada\/","og_locale":"en_GB","og_type":"article","og_title":"[:lt]Kai ateis niekada[:] - Skaitytaknyga","og_description":"Prisiminusi t\u0105 nakt\u012f, kai i\u0161vyko i\u0161 Klir Harboro, Krist\u0117-Lina staiga suvok\u0117, kad vieninteliai daiktai, kuriuos b\u016btinai nor\u0117jo pasiimti, buvo sena","og_url":"https:\/\/skaitytaknyga.lt\/en\/produktas\/kai-ateis-niekada\/","og_site_name":"Skaitytaknyga","article_publisher":"https:\/\/www.facebook.com\/skaitytaknyga\/","article_modified_time":"2026-03-16T07:17:49+00:00","og_image":[{"width":300,"height":447,"url":"https:\/\/skaitytaknyga.lt\/wp-content\/uploads\/2026\/01\/Kai-ateis-niekada-1.webp","type":"image\/webp"}],"twitter_card":"summary_large_image","twitter_misc":{"Estimated reading time":"1 minute"},"schema":{"@context":"https:\/\/schema.org","@graph":[{"@type":"WebPage","@id":"https:\/\/skaitytaknyga.lt\/produktas\/kai-ateis-niekada\/","url":"https:\/\/skaitytaknyga.lt\/produktas\/kai-ateis-niekada\/","name":"Kai ateis niekada","isPartOf":{"@id":"https:\/\/skaitytaknyga.lt\/#website"},"primaryImageOfPage":{"@id":"https:\/\/skaitytaknyga.lt\/produktas\/kai-ateis-niekada\/#primaryimage"},"image":{"@id":"https:\/\/skaitytaknyga.lt\/produktas\/kai-ateis-niekada\/#primaryimage"},"thumbnailUrl":"https:\/\/skaitytaknyga.lt\/wp-content\/uploads\/2026\/01\/Kai-ateis-niekada-1.webp","datePublished":"2026-01-30T15:33:06+00:00","dateModified":"2026-03-16T07:17:49+00:00","description":"Prisiminusi t\u0105 nakt\u012f, kai i\u0161vyko i\u0161 Klir Harboro, Krist\u0117-Lina staiga suvok\u0117, kad vieninteliai daiktai, kuriuos b\u016btinai nor\u0117jo pasiimti, buvo sena","breadcrumb":{"@id":"https:\/\/skaitytaknyga.lt\/produktas\/kai-ateis-niekada\/#breadcrumb"},"inLanguage":"en-GB","potentialAction":[{"@type":"ReadAction","target":["https:\/\/skaitytaknyga.lt\/produktas\/kai-ateis-niekada\/"]}]},{"@type":"ImageObject","inLanguage":"en-GB","@id":"https:\/\/skaitytaknyga.lt\/produktas\/kai-ateis-niekada\/#primaryimage","url":"https:\/\/skaitytaknyga.lt\/wp-content\/uploads\/2026\/01\/Kai-ateis-niekada-1.webp","contentUrl":"https:\/\/skaitytaknyga.lt\/wp-content\/uploads\/2026\/01\/Kai-ateis-niekada-1.webp","width":300,"height":447},{"@type":"BreadcrumbList","@id":"https:\/\/skaitytaknyga.lt\/produktas\/kai-ateis-niekada\/#breadcrumb","itemListElement":[{"@type":"ListItem","position":1,"name":"Home","item":"https:\/\/skaitytaknyga.lt\/"},{"@type":"ListItem","position":2,"name":"Parduotuv\u0117","item":"https:\/\/skaitytaknyga.lt\/knygu-parduotuve\/"},{"@type":"ListItem","position":3,"name":"Kai ateis niekada"}]},{"@type":"WebSite","@id":"https:\/\/skaitytaknyga.lt\/#website","url":"https:\/\/skaitytaknyga.lt\/","name":"skaitytaknyga.lt","description":"Skaitytaknyga.lt \u2013 tai ma\u017eas \u0161eimos verslas, kuris prasid\u0117jo nuo meil\u0117s knygoms ir siekio i\u0161gelb\u0117ti knygas nuo likimo prie konteinerio. Kas vienam nereikalingas daiktas \u2013 kitam lobis, o mes esame tarpininkai, kurie padeda abiems tapti laimingesniems ???? \u017dinome kaip nelengva i\u0161gyventi ma\u017eiems verslams, tad nuo \u0161iol, \u010dia rasite ir kit\u0173, ma\u017e\u0173 \u0161eim\u0173 versl\u0173, rank\u0173 darbo, dovan\u0173 sau ir artimiesiems.","publisher":{"@id":"https:\/\/skaitytaknyga.lt\/#organization"},"potentialAction":[{"@type":"SearchAction","target":{"@type":"EntryPoint","urlTemplate":"https:\/\/skaitytaknyga.lt\/?s={search_term_string}"},"query-input":{"@type":"PropertyValueSpecification","valueRequired":true,"valueName":"search_term_string"}}],"inLanguage":"en-GB"},{"@type":"Organization","@id":"https:\/\/skaitytaknyga.lt\/#organization","name":"skaitytaknyga.lt","url":"https:\/\/skaitytaknyga.lt\/","logo":{"@type":"ImageObject","inLanguage":"en-GB","@id":"https:\/\/skaitytaknyga.lt\/#\/schema\/logo\/image\/","url":"https:\/\/skaitytaknyga.lt\/wp-content\/uploads\/2024\/05\/cropped-cropped-cropped-02_00843_jt3bggkj1j3HLc7SyY6rEUpg.jpeg","contentUrl":"https:\/\/skaitytaknyga.lt\/wp-content\/uploads\/2024\/05\/cropped-cropped-cropped-02_00843_jt3bggkj1j3HLc7SyY6rEUpg.jpeg","width":1600,"height":1600,"caption":"skaitytaknyga.lt"},"image":{"@id":"https:\/\/skaitytaknyga.lt\/#\/schema\/logo\/image\/"},"sameAs":["https:\/\/www.facebook.com\/skaitytaknyga\/"]}]}},"_links":{"self":[{"href":"https:\/\/skaitytaknyga.lt\/en\/wp-json\/wp\/v2\/product\/22906","targetHints":{"allow":["GET"]}}],"collection":[{"href":"https:\/\/skaitytaknyga.lt\/en\/wp-json\/wp\/v2\/product"}],"about":[{"href":"https:\/\/skaitytaknyga.lt\/en\/wp-json\/wp\/v2\/types\/product"}],"replies":[{"embeddable":true,"href":"https:\/\/skaitytaknyga.lt\/en\/wp-json\/wp\/v2\/comments?post=22906"}],"wp:featuredmedia":[{"embeddable":true,"href":"https:\/\/skaitytaknyga.lt\/en\/wp-json\/wp\/v2\/media\/22911"}],"wp:attachment":[{"href":"https:\/\/skaitytaknyga.lt\/en\/wp-json\/wp\/v2\/media?parent=22906"}],"wp:term":[{"taxonomy":"product_brand","embeddable":true,"href":"https:\/\/skaitytaknyga.lt\/en\/wp-json\/wp\/v2\/product_brand?post=22906"},{"taxonomy":"product_cat","embeddable":true,"href":"https:\/\/skaitytaknyga.lt\/en\/wp-json\/wp\/v2\/product_cat?post=22906"},{"taxonomy":"product_tag","embeddable":true,"href":"https:\/\/skaitytaknyga.lt\/en\/wp-json\/wp\/v2\/product_tag?post=22906"}],"curies":[{"name":"wp","href":"https:\/\/api.w.org\/{rel}","templated":true}]}}