{"id":22905,"date":"2026-01-30T17:33:06","date_gmt":"2026-01-30T15:33:06","guid":{"rendered":"https:\/\/skaitytaknyga.lt\/?post_type=product&#038;p=22905"},"modified":"2026-03-16T14:18:55","modified_gmt":"2026-03-16T12:18:55","slug":"geros-mergaites-nusikaltimu-vadovas","status":"publish","type":"product","link":"https:\/\/skaitytaknyga.lt\/en\/produktas\/geros-mergaites-nusikaltimu-vadovas\/","title":{"rendered":"Geros mergait\u0117s nusikaltim\u0173 vadovas"},"content":{"rendered":"<p>Populiarios vyresni\u0173j\u0173 klasi\u0173 moksleiv\u0117s End\u0117s Bel \u017emog\u017eudyst\u0117s byla jau seniai baigta. Prie\u0161 penkerius metus End\u0119 nu\u017eud\u0117 jos vaikinas Salas Singas, o tuomet at\u0117m\u0117 gyvyb\u0119 ir sau. Tai \u017eino policija. Tai \u017eino visi Litl Kiltono miestelio gyventojai.<\/p>\n<p>Ta\u010diau Pipa Fic-Amobi, dabar jau pati vyresni\u0173j\u0173 klasi\u0173 moksleiv\u0117, n\u0117ra tuo u\u017etikrinta. Sal\u0105 ji pa\u017einojo i\u0161 vaikyst\u0117s \u2013 vaikinas visada buvo toks geras&#8230; Pipa nusprend\u017eia pati i\u0161tirti End\u0117s Bel byl\u0105. Ji randa tamsi\u0173 paslap\u010di\u0173 p\u0117dsakus, galin\u010dius \u012frodyti, jog Salas buvo nekaltas. Bet ka\u017ekas miestelyje nenori, kad Pipa kapstyt\u0173si po praeit\u012f.<\/p>\n<p>Ar Pipa gali jaustis saugi, jei tikrasis \u017eudikas arba \u017eudik\u0117 vis dar slapstosi Litl Kiltone?<\/p>\n<p>Holly Jackson (Hol\u0117 D\u017eekson) \u2013 brit\u0173 ra\u0161ytoja, New York Times bestseleri\u0173 serijos autor\u0117. Jos romanas \u201eGeros mergait\u0117s nusikaltim\u0173 vadovas\u201c tapo TikTok sensacija. Kurti H. Jackson prad\u0117jo dar paauglyst\u0117je, o pirm\u0105 roman\u0105 para\u0161\u0117 b\u016bdama penkiolikos. Notingamo universitete ji studijavo literat\u016brin\u0119 lingvistik\u0105 ir k\u016brybin\u012f ra\u0161ym\u0105, taip pat \u012fgijo angl\u0173 literat\u016bros magistro laipsn\u012f. M\u0117gsta \u017eaisti kompiuterinius \u017eaidimus ir, \u017ei\u016br\u0117dama kriminalin\u0119 dokumentik\u0105, apsimesti detektyve. Populiarias autor\u0117s paskyras galite rasti socialiniuose tinkluose X ir Instagram (paskyros @HoJay92).<\/p>\n<p>\u201e\u012edomus, \u012ftraukiantis romanas, kupinas meistri\u0161kai sukurtos \u012ftampos. Man labai patiko Pipa \u2013 jos mielos keistenyb\u0117s, i\u0161radingas tyrimo metodas ir ry\u017etas per\u017eengti savo saugaus pasaulio ribas, kad surast\u0173 ties\u0105.\u201c \u2013 Emily Arsenault, romano \u201eAll the Pretty Things\u201c autor\u0117<\/p>\n","protected":false},"excerpt":{"rendered":"<p>Populiarios vyresni\u0173j\u0173 klasi\u0173 moksleiv\u0117s End\u0117s Bel \u017emog\u017eudyst\u0117s byla jau seniai baigta. Prie\u0161 penkerius metus End\u0119 nu\u017eud\u0117 jos vaikinas Salas Singas, o tuomet at\u0117m\u0117 gyvyb\u0119 ir sau. Tai \u017eino policija. Tai \u017eino visi Litl Kiltono miestelio gyventojai. Ta\u010diau Pipa Fic-Amobi, dabar jau pati vyresni\u0173j\u0173 klasi\u0173 moksleiv\u0117, n\u0117ra tuo u\u017etikrinta. Sal\u0105 ji pa\u017einojo i\u0161 vaikyst\u0117s \u2013 vaikinas visada buvo toks geras&#8230; Pipa nusprend\u017eia pati i\u0161tirti End\u0117s Bel byl\u0105. Ji randa tamsi\u0173 paslap\u010di\u0173 p\u0117dsakus, galin\u010dius \u012frodyti, jog Salas buvo nekaltas. Bet ka\u017ekas miestelyje nenori, kad Pipa kapstyt\u0173si po praeit\u012f. Ar Pipa gali jaustis saugi, jei tikrasis \u017eudikas arba \u017eudik\u0117 vis dar slapstosi Litl Kiltone? Holly Jackson (Hol\u0117 D\u017eekson) \u2013 brit\u0173 ra\u0161ytoja, New York Times bestseleri\u0173 serijos autor\u0117. Jos romanas \u201eGeros mergait\u0117s nusikaltim\u0173 vadovas\u201c tapo TikTok sensacija. Kurti H. Jackson prad\u0117jo dar paauglyst\u0117je, o pirm\u0105 roman\u0105 para\u0161\u0117 b\u016bdama penkiolikos. Notingamo universitete ji studijavo literat\u016brin\u0119 lingvistik\u0105 ir k\u016brybin\u012f ra\u0161ym\u0105, taip pat \u012fgijo angl\u0173 literat\u016bros magistro laipsn\u012f. M\u0117gsta \u017eaisti kompiuterinius \u017eaidimus ir, \u017ei\u016br\u0117dama kriminalin\u0119 dokumentik\u0105, apsimesti detektyve. Populiarias autor\u0117s paskyras galite rasti socialiniuose tinkluose X ir Instagram (paskyros @HoJay92). \u201e\u012edomus, \u012ftraukiantis romanas, kupinas meistri\u0161kai sukurtos \u012ftampos. Man labai patiko Pipa \u2013 jos mielos keistenyb\u0117s, i\u0161radingas tyrimo metodas ir ry\u017etas per\u017eengti savo saugaus pasaulio ribas, kad surast\u0173 ties\u0105.\u201c \u2013 Emily Arsenault, romano \u201eAll the Pretty Things\u201c autor\u0117<\/p>\n","protected":false},"featured_media":22910,"comment_status":"open","ping_status":"closed","template":"","meta":{"_acf_changed":false,"site-sidebar-layout":"default","site-content-layout":"","ast-site-content-layout":"default","site-content-style":"default","site-sidebar-style":"default","ast-global-header-display":"","ast-banner-title-visibility":"","ast-main-header-display":"","ast-hfb-above-header-display":"","ast-hfb-below-header-display":"","ast-hfb-mobile-header-display":"","site-post-title":"","ast-breadcrumbs-content":"","ast-featured-img":"","footer-sml-layout":"","ast-disable-related-posts":"","theme-transparent-header-meta":"","adv-header-id-meta":"","stick-header-meta":"","header-above-stick-meta":"","header-main-stick-meta":"","header-below-stick-meta":"","astra-migrate-meta-layouts":"default","ast-page-background-enabled":"default","ast-page-background-meta":{"desktop":{"background-color":"","background-image":"","background-repeat":"repeat","background-position":"center center","background-size":"auto","background-attachment":"scroll","background-type":"","background-media":"","overlay-type":"","overlay-color":"","overlay-opacity":"","overlay-gradient":""},"tablet":{"background-color":"","background-image":"","background-repeat":"repeat","background-position":"center center","background-size":"auto","background-attachment":"scroll","background-type":"","background-media":"","overlay-type":"","overlay-color":"","overlay-opacity":"","overlay-gradient":""},"mobile":{"background-color":"","background-image":"","background-repeat":"repeat","background-position":"center center","background-size":"auto","background-attachment":"scroll","background-type":"","background-media":"","overlay-type":"","overlay-color":"","overlay-opacity":"","overlay-gradient":""}},"ast-content-background-meta":{"desktop":{"background-color":"var(--ast-global-color-4)","background-image":"","background-repeat":"repeat","background-position":"center center","background-size":"auto","background-attachment":"scroll","background-type":"","background-media":"","overlay-type":"","overlay-color":"","overlay-opacity":"","overlay-gradient":""},"tablet":{"background-color":"var(--ast-global-color-4)","background-image":"","background-repeat":"repeat","background-position":"center center","background-size":"auto","background-attachment":"scroll","background-type":"","background-media":"","overlay-type":"","overlay-color":"","overlay-opacity":"","overlay-gradient":""},"mobile":{"background-color":"var(--ast-global-color-4)","background-image":"","background-repeat":"repeat","background-position":"center center","background-size":"auto","background-attachment":"scroll","background-type":"","background-media":"","overlay-type":"","overlay-color":"","overlay-opacity":"","overlay-gradient":""}}},"product_brand":[],"product_cat":[31],"product_tag":[9361],"class_list":{"0":"post-22905","1":"product","2":"type-product","3":"status-publish","4":"has-post-thumbnail","6":"product_cat-grozine-literatura","7":"product_tag-holly-jackson","8":"desktop-align-left","9":"tablet-align-left","10":"mobile-align-left","12":"first","13":"outofstock","14":"shipping-taxable","15":"purchasable","16":"product-type-simple"},"acf":[],"yoast_head":"<!-- This site is optimized with the Yoast SEO plugin v27.0 - https:\/\/yoast.com\/product\/yoast-seo-wordpress\/ -->\n<title>Geros mergait\u0117s nusikaltim\u0173 vadovas<\/title>\n<meta name=\"description\" content=\"Populiarios vyresni\u0173j\u0173 klasi\u0173 moksleiv\u0117s End\u0117s Bel \u017emog\u017eudyst\u0117s byla jau seniai baigta. Prie\u0161 penkerius metus End\u0119 nu\u017eud\u0117 jos vaikinas Salas Singas, o\" \/>\n<meta name=\"robots\" content=\"index, follow, max-snippet:-1, max-image-preview:large, max-video-preview:-1\" \/>\n<link rel=\"canonical\" href=\"https:\/\/skaitytaknyga.lt\/en\/produktas\/geros-mergaites-nusikaltimu-vadovas\/\" \/>\n<meta property=\"og:locale\" content=\"en_GB\" \/>\n<meta property=\"og:locale:alternate\" content=\"lt_LT\" \/>\n<meta property=\"og:type\" content=\"article\" \/>\n<meta property=\"og:title\" content=\"Geros mergait\u0117s nusikaltim\u0173 vadovas\" \/>\n<meta property=\"og:description\" content=\"Populiarios vyresni\u0173j\u0173 klasi\u0173 moksleiv\u0117s End\u0117s Bel \u017emog\u017eudyst\u0117s byla jau seniai baigta. Prie\u0161 penkerius metus End\u0119 nu\u017eud\u0117 jos vaikinas Salas Singas, o\" \/>\n<meta property=\"og:url\" content=\"https:\/\/skaitytaknyga.lt\/en\/produktas\/geros-mergaites-nusikaltimu-vadovas\/\" \/>\n<meta property=\"og:site_name\" content=\"Skaitytaknyga\" \/>\n<meta property=\"article:publisher\" content=\"https:\/\/www.facebook.com\/skaitytaknyga\/\" \/>\n<meta property=\"article:modified_time\" content=\"2026-03-16T12:18:55+00:00\" \/>\n<meta property=\"og:image\" content=\"https:\/\/skaitytaknyga.lt\/wp-content\/uploads\/2026\/01\/Geros-mergaites-nusikaltimu-vadovas-1.webp\" \/>\n\t<meta property=\"og:image:width\" content=\"300\" \/>\n\t<meta property=\"og:image:height\" content=\"450\" \/>\n\t<meta property=\"og:image:type\" content=\"image\/webp\" \/>\n<meta name=\"twitter:card\" content=\"summary_large_image\" \/>\n<meta name=\"twitter:label1\" content=\"Estimated reading time\" \/>\n\t<meta name=\"twitter:data1\" content=\"1 minute\" \/>\n<script type=\"application\/ld+json\" class=\"yoast-schema-graph\">{\"@context\":\"https:\/\/schema.org\",\"@graph\":[{\"@type\":\"WebPage\",\"@id\":\"https:\/\/skaitytaknyga.lt\/produktas\/geros-mergaites-nusikaltimu-vadovas\/\",\"url\":\"https:\/\/skaitytaknyga.lt\/produktas\/geros-mergaites-nusikaltimu-vadovas\/\",\"name\":\"Geros mergait\u0117s nusikaltim\u0173 vadovas\",\"isPartOf\":{\"@id\":\"https:\/\/skaitytaknyga.lt\/#website\"},\"primaryImageOfPage\":{\"@id\":\"https:\/\/skaitytaknyga.lt\/produktas\/geros-mergaites-nusikaltimu-vadovas\/#primaryimage\"},\"image\":{\"@id\":\"https:\/\/skaitytaknyga.lt\/produktas\/geros-mergaites-nusikaltimu-vadovas\/#primaryimage\"},\"thumbnailUrl\":\"https:\/\/skaitytaknyga.lt\/wp-content\/uploads\/2026\/01\/Geros-mergaites-nusikaltimu-vadovas-1.webp\",\"datePublished\":\"2026-01-30T15:33:06+00:00\",\"dateModified\":\"2026-03-16T12:18:55+00:00\",\"description\":\"Populiarios vyresni\u0173j\u0173 klasi\u0173 moksleiv\u0117s End\u0117s Bel \u017emog\u017eudyst\u0117s byla jau seniai baigta. Prie\u0161 penkerius metus End\u0119 nu\u017eud\u0117 jos vaikinas Salas Singas, o\",\"breadcrumb\":{\"@id\":\"https:\/\/skaitytaknyga.lt\/produktas\/geros-mergaites-nusikaltimu-vadovas\/#breadcrumb\"},\"inLanguage\":\"en-GB\",\"potentialAction\":[{\"@type\":\"ReadAction\",\"target\":[\"https:\/\/skaitytaknyga.lt\/produktas\/geros-mergaites-nusikaltimu-vadovas\/\"]}]},{\"@type\":\"ImageObject\",\"inLanguage\":\"en-GB\",\"@id\":\"https:\/\/skaitytaknyga.lt\/produktas\/geros-mergaites-nusikaltimu-vadovas\/#primaryimage\",\"url\":\"https:\/\/skaitytaknyga.lt\/wp-content\/uploads\/2026\/01\/Geros-mergaites-nusikaltimu-vadovas-1.webp\",\"contentUrl\":\"https:\/\/skaitytaknyga.lt\/wp-content\/uploads\/2026\/01\/Geros-mergaites-nusikaltimu-vadovas-1.webp\",\"width\":300,\"height\":450},{\"@type\":\"BreadcrumbList\",\"@id\":\"https:\/\/skaitytaknyga.lt\/produktas\/geros-mergaites-nusikaltimu-vadovas\/#breadcrumb\",\"itemListElement\":[{\"@type\":\"ListItem\",\"position\":1,\"name\":\"Home\",\"item\":\"https:\/\/skaitytaknyga.lt\/\"},{\"@type\":\"ListItem\",\"position\":2,\"name\":\"Parduotuv\u0117\",\"item\":\"https:\/\/skaitytaknyga.lt\/knygu-parduotuve\/\"},{\"@type\":\"ListItem\",\"position\":3,\"name\":\"Geros mergait\u0117s nusikaltim\u0173 vadovas\"}]},{\"@type\":\"WebSite\",\"@id\":\"https:\/\/skaitytaknyga.lt\/#website\",\"url\":\"https:\/\/skaitytaknyga.lt\/\",\"name\":\"skaitytaknyga.lt\",\"description\":\"Skaitytaknyga.lt \u2013 tai ma\u017eas \u0161eimos verslas, kuris prasid\u0117jo nuo meil\u0117s knygoms ir siekio i\u0161gelb\u0117ti knygas nuo likimo prie konteinerio. Kas vienam nereikalingas daiktas \u2013 kitam lobis, o mes esame tarpininkai, kurie padeda abiems tapti laimingesniems ???? \u017dinome kaip nelengva i\u0161gyventi ma\u017eiems verslams, tad nuo \u0161iol, \u010dia rasite ir kit\u0173, ma\u017e\u0173 \u0161eim\u0173 versl\u0173, rank\u0173 darbo, dovan\u0173 sau ir artimiesiems.\",\"publisher\":{\"@id\":\"https:\/\/skaitytaknyga.lt\/#organization\"},\"potentialAction\":[{\"@type\":\"SearchAction\",\"target\":{\"@type\":\"EntryPoint\",\"urlTemplate\":\"https:\/\/skaitytaknyga.lt\/?s={search_term_string}\"},\"query-input\":{\"@type\":\"PropertyValueSpecification\",\"valueRequired\":true,\"valueName\":\"search_term_string\"}}],\"inLanguage\":\"en-GB\"},{\"@type\":\"Organization\",\"@id\":\"https:\/\/skaitytaknyga.lt\/#organization\",\"name\":\"skaitytaknyga.lt\",\"url\":\"https:\/\/skaitytaknyga.lt\/\",\"logo\":{\"@type\":\"ImageObject\",\"inLanguage\":\"en-GB\",\"@id\":\"https:\/\/skaitytaknyga.lt\/#\/schema\/logo\/image\/\",\"url\":\"https:\/\/skaitytaknyga.lt\/wp-content\/uploads\/2024\/05\/cropped-cropped-cropped-02_00843_jt3bggkj1j3HLc7SyY6rEUpg.jpeg\",\"contentUrl\":\"https:\/\/skaitytaknyga.lt\/wp-content\/uploads\/2024\/05\/cropped-cropped-cropped-02_00843_jt3bggkj1j3HLc7SyY6rEUpg.jpeg\",\"width\":1600,\"height\":1600,\"caption\":\"skaitytaknyga.lt\"},\"image\":{\"@id\":\"https:\/\/skaitytaknyga.lt\/#\/schema\/logo\/image\/\"},\"sameAs\":[\"https:\/\/www.facebook.com\/skaitytaknyga\/\"]}]}<\/script>\n<!-- \/ Yoast SEO plugin. -->","yoast_head_json":{"title":"Geros mergait\u0117s nusikaltim\u0173 vadovas","description":"Populiarios vyresni\u0173j\u0173 klasi\u0173 moksleiv\u0117s End\u0117s Bel \u017emog\u017eudyst\u0117s byla jau seniai baigta. Prie\u0161 penkerius metus End\u0119 nu\u017eud\u0117 jos vaikinas Salas Singas, o","robots":{"index":"index","follow":"follow","max-snippet":"max-snippet:-1","max-image-preview":"max-image-preview:large","max-video-preview":"max-video-preview:-1"},"canonical":"https:\/\/skaitytaknyga.lt\/en\/produktas\/geros-mergaites-nusikaltimu-vadovas\/","og_locale":"en_GB","og_type":"article","og_title":"[:lt]Geros mergait\u0117s nusikaltim\u0173 vadovas[:] - Skaitytaknyga","og_description":"Populiarios vyresni\u0173j\u0173 klasi\u0173 moksleiv\u0117s End\u0117s Bel \u017emog\u017eudyst\u0117s byla jau seniai baigta. Prie\u0161 penkerius metus End\u0119 nu\u017eud\u0117 jos vaikinas Salas Singas, o","og_url":"https:\/\/skaitytaknyga.lt\/en\/produktas\/geros-mergaites-nusikaltimu-vadovas\/","og_site_name":"Skaitytaknyga","article_publisher":"https:\/\/www.facebook.com\/skaitytaknyga\/","article_modified_time":"2026-03-16T12:18:55+00:00","og_image":[{"width":300,"height":450,"url":"https:\/\/skaitytaknyga.lt\/wp-content\/uploads\/2026\/01\/Geros-mergaites-nusikaltimu-vadovas-1.webp","type":"image\/webp"}],"twitter_card":"summary_large_image","twitter_misc":{"Estimated reading time":"1 minute"},"schema":{"@context":"https:\/\/schema.org","@graph":[{"@type":"WebPage","@id":"https:\/\/skaitytaknyga.lt\/produktas\/geros-mergaites-nusikaltimu-vadovas\/","url":"https:\/\/skaitytaknyga.lt\/produktas\/geros-mergaites-nusikaltimu-vadovas\/","name":"Geros mergait\u0117s nusikaltim\u0173 vadovas","isPartOf":{"@id":"https:\/\/skaitytaknyga.lt\/#website"},"primaryImageOfPage":{"@id":"https:\/\/skaitytaknyga.lt\/produktas\/geros-mergaites-nusikaltimu-vadovas\/#primaryimage"},"image":{"@id":"https:\/\/skaitytaknyga.lt\/produktas\/geros-mergaites-nusikaltimu-vadovas\/#primaryimage"},"thumbnailUrl":"https:\/\/skaitytaknyga.lt\/wp-content\/uploads\/2026\/01\/Geros-mergaites-nusikaltimu-vadovas-1.webp","datePublished":"2026-01-30T15:33:06+00:00","dateModified":"2026-03-16T12:18:55+00:00","description":"Populiarios vyresni\u0173j\u0173 klasi\u0173 moksleiv\u0117s End\u0117s Bel \u017emog\u017eudyst\u0117s byla jau seniai baigta. Prie\u0161 penkerius metus End\u0119 nu\u017eud\u0117 jos vaikinas Salas Singas, o","breadcrumb":{"@id":"https:\/\/skaitytaknyga.lt\/produktas\/geros-mergaites-nusikaltimu-vadovas\/#breadcrumb"},"inLanguage":"en-GB","potentialAction":[{"@type":"ReadAction","target":["https:\/\/skaitytaknyga.lt\/produktas\/geros-mergaites-nusikaltimu-vadovas\/"]}]},{"@type":"ImageObject","inLanguage":"en-GB","@id":"https:\/\/skaitytaknyga.lt\/produktas\/geros-mergaites-nusikaltimu-vadovas\/#primaryimage","url":"https:\/\/skaitytaknyga.lt\/wp-content\/uploads\/2026\/01\/Geros-mergaites-nusikaltimu-vadovas-1.webp","contentUrl":"https:\/\/skaitytaknyga.lt\/wp-content\/uploads\/2026\/01\/Geros-mergaites-nusikaltimu-vadovas-1.webp","width":300,"height":450},{"@type":"BreadcrumbList","@id":"https:\/\/skaitytaknyga.lt\/produktas\/geros-mergaites-nusikaltimu-vadovas\/#breadcrumb","itemListElement":[{"@type":"ListItem","position":1,"name":"Home","item":"https:\/\/skaitytaknyga.lt\/"},{"@type":"ListItem","position":2,"name":"Parduotuv\u0117","item":"https:\/\/skaitytaknyga.lt\/knygu-parduotuve\/"},{"@type":"ListItem","position":3,"name":"Geros mergait\u0117s nusikaltim\u0173 vadovas"}]},{"@type":"WebSite","@id":"https:\/\/skaitytaknyga.lt\/#website","url":"https:\/\/skaitytaknyga.lt\/","name":"skaitytaknyga.lt","description":"Skaitytaknyga.lt \u2013 tai ma\u017eas \u0161eimos verslas, kuris prasid\u0117jo nuo meil\u0117s knygoms ir siekio i\u0161gelb\u0117ti knygas nuo likimo prie konteinerio. Kas vienam nereikalingas daiktas \u2013 kitam lobis, o mes esame tarpininkai, kurie padeda abiems tapti laimingesniems ???? \u017dinome kaip nelengva i\u0161gyventi ma\u017eiems verslams, tad nuo \u0161iol, \u010dia rasite ir kit\u0173, ma\u017e\u0173 \u0161eim\u0173 versl\u0173, rank\u0173 darbo, dovan\u0173 sau ir artimiesiems.","publisher":{"@id":"https:\/\/skaitytaknyga.lt\/#organization"},"potentialAction":[{"@type":"SearchAction","target":{"@type":"EntryPoint","urlTemplate":"https:\/\/skaitytaknyga.lt\/?s={search_term_string}"},"query-input":{"@type":"PropertyValueSpecification","valueRequired":true,"valueName":"search_term_string"}}],"inLanguage":"en-GB"},{"@type":"Organization","@id":"https:\/\/skaitytaknyga.lt\/#organization","name":"skaitytaknyga.lt","url":"https:\/\/skaitytaknyga.lt\/","logo":{"@type":"ImageObject","inLanguage":"en-GB","@id":"https:\/\/skaitytaknyga.lt\/#\/schema\/logo\/image\/","url":"https:\/\/skaitytaknyga.lt\/wp-content\/uploads\/2024\/05\/cropped-cropped-cropped-02_00843_jt3bggkj1j3HLc7SyY6rEUpg.jpeg","contentUrl":"https:\/\/skaitytaknyga.lt\/wp-content\/uploads\/2024\/05\/cropped-cropped-cropped-02_00843_jt3bggkj1j3HLc7SyY6rEUpg.jpeg","width":1600,"height":1600,"caption":"skaitytaknyga.lt"},"image":{"@id":"https:\/\/skaitytaknyga.lt\/#\/schema\/logo\/image\/"},"sameAs":["https:\/\/www.facebook.com\/skaitytaknyga\/"]}]}},"_links":{"self":[{"href":"https:\/\/skaitytaknyga.lt\/en\/wp-json\/wp\/v2\/product\/22905","targetHints":{"allow":["GET"]}}],"collection":[{"href":"https:\/\/skaitytaknyga.lt\/en\/wp-json\/wp\/v2\/product"}],"about":[{"href":"https:\/\/skaitytaknyga.lt\/en\/wp-json\/wp\/v2\/types\/product"}],"replies":[{"embeddable":true,"href":"https:\/\/skaitytaknyga.lt\/en\/wp-json\/wp\/v2\/comments?post=22905"}],"wp:featuredmedia":[{"embeddable":true,"href":"https:\/\/skaitytaknyga.lt\/en\/wp-json\/wp\/v2\/media\/22910"}],"wp:attachment":[{"href":"https:\/\/skaitytaknyga.lt\/en\/wp-json\/wp\/v2\/media?parent=22905"}],"wp:term":[{"taxonomy":"product_brand","embeddable":true,"href":"https:\/\/skaitytaknyga.lt\/en\/wp-json\/wp\/v2\/product_brand?post=22905"},{"taxonomy":"product_cat","embeddable":true,"href":"https:\/\/skaitytaknyga.lt\/en\/wp-json\/wp\/v2\/product_cat?post=22905"},{"taxonomy":"product_tag","embeddable":true,"href":"https:\/\/skaitytaknyga.lt\/en\/wp-json\/wp\/v2\/product_tag?post=22905"}],"curies":[{"name":"wp","href":"https:\/\/api.w.org\/{rel}","templated":true}]}}