{"id":2290,"date":"2024-04-17T13:07:14","date_gmt":"2024-04-17T13:07:14","guid":{"rendered":"https:\/\/skaitytaknyga.lt\/?post_type=product&#038;p=2290"},"modified":"2024-05-03T07:14:23","modified_gmt":"2024-05-03T07:14:23","slug":"s-savage-firminas","status":"publish","type":"product","link":"https:\/\/skaitytaknyga.lt\/en\/produktas\/s-savage-firminas\/","title":{"rendered":"S. Savage \u201eFirminas\u201c"},"content":{"rendered":"<p>Tai viso literat\u016brinio pasaulio simpatijas u\u017ekariav\u0119s \u0161maik\u0161tus ir naiviai ironi\u0161kas pasakojimas apie erudito \u017eiurkino Firmino gyvenim\u0105 viename Bostono knygyne.<\/p>\n<p>\u201eFirminas \u2013 dikensi\u0161kas herojus, i\u0161 vonegutianos \u201epasiskolin\u0119s\u201c sardoni\u0161k\u0105 \u0161ypsen\u0105 ir savoti\u0161k\u0105 \u0161velnum\u0105. S. Savage pavyko perteikti esmin\u012f pasaulio, kuriame meninis impulsas suklumpa prie\u0161ais buldozer\u012f, tragizm\u0105. Jaudinantis ir pasiutusiai i\u0161radingas romanas.\u201c \u2013\u00a0Los Angeles Times Book Review.<\/p>\n<p>\u201eGalb\u016bt \u017eiurk\u0117s gyvenimas \u017eiaurus ir trumpas, bet neb\u016btinai nestilingas.\u201c \u2013\u00a0Kirkus Review.<\/p>\n<p>\u201eFirminas\u201c \u2013 ne tik i\u0161sami susvetim\u0117jimo ir skausmingos ne\u017einios, su kuria susiduria pa\u0161alietis, analiz\u0117, bet taip pat \u2013 a\u0161trus \u017evilgsnis \u012f \u017emoni\u0173 savijaut\u0105 besikei\u010dian\u010dioje visuomen\u0117je. S. Savage seka i\u0161rading\u0105 pasak\u0105, linksm\u0105 ir jaudinan\u010di\u0105, labai keist\u0105 ir kartu visi\u0161kai \u012ftikinam\u0105, kuri privers skaitytoj\u0105 \u0161ypsotis i\u0161 malonumo.\u201c \u2013\u00a0Barnes &#038; Noble.<\/p>\n<p>\u201eJuokinga ir keistai jaudinanti istorija apie melancholi\u0161k\u0105 ir intelektual\u0173 \u017eiurkin\u0105. Atskleisdamas \u017eiurk\u0117je slypint\u012f meninink\u0105, autorius priver\u010dia susim\u0105styti ir apie kiekviename i\u0161 meninink\u0173 slypin\u010di\u0105 \u017eiurk\u0119.\u201c \u2013\u00a0Minneapolis Star Tribune.<\/p>\n<p>\u201eFirminas\u201c \u2013 pirmasis amerikie\u010di\u0173 autoriaus Semo Sevid\u017eo (Sam Savage) romanas. Pats ra\u0161ytojas turi nema\u017eai bendra su savo herojumi: keturis de\u0161imtme\u010dius nes\u0117kmingai ra\u0161\u0119s ir brauk\u0119s, i\u0161band\u0119s j\u0117gas skirtinguose amplua, dirb\u0119s Yale universiteto d\u0117stytoju, \u017eurnalistu, \u017eveju, staliumi ir dvira\u010di\u0173 mechaniku, gal\u0173 gale suk\u016br\u0117 gyvenimo \u0161edevr\u0105&#8230; ir nusivyl\u0119s vos nei\u0161met\u0117 jo \u012f \u0161iuk\u0161liad\u0117\u017e\u0119.<\/p>\n","protected":false},"excerpt":{"rendered":"<p>Tai viso literat\u016brinio pasaulio simpatijas u\u017ekariav\u0119s \u0161maik\u0161tus ir naiviai ironi\u0161kas pasakojimas apie erudito \u017eiurkino Firmino gyvenim\u0105 viename Bostono knygyne. \u201eFirminas \u2013 dikensi\u0161kas herojus, i\u0161 vonegutianos \u201epasiskolin\u0119s\u201c sardoni\u0161k\u0105 \u0161ypsen\u0105 ir savoti\u0161k\u0105 \u0161velnum\u0105. S. Savage pavyko perteikti esmin\u012f pasaulio, kuriame meninis impulsas suklumpa prie\u0161ais buldozer\u012f, tragizm\u0105. Jaudinantis ir pasiutusiai i\u0161radingas romanas.\u201c \u2013\u00a0Los Angeles Times Book Review. \u201eGalb\u016bt \u017eiurk\u0117s gyvenimas \u017eiaurus ir trumpas, bet neb\u016btinai nestilingas.\u201c \u2013\u00a0Kirkus Review. \u201eFirminas\u201c \u2013 ne tik i\u0161sami susvetim\u0117jimo ir skausmingos ne\u017einios, su kuria susiduria pa\u0161alietis, analiz\u0117, bet taip pat \u2013 a\u0161trus \u017evilgsnis \u012f \u017emoni\u0173 savijaut\u0105 besikei\u010dian\u010dioje visuomen\u0117je. S. Savage seka i\u0161rading\u0105 pasak\u0105, linksm\u0105 ir jaudinan\u010di\u0105, labai keist\u0105 ir kartu visi\u0161kai \u012ftikinam\u0105, kuri privers skaitytoj\u0105 \u0161ypsotis i\u0161 malonumo.\u201c \u2013\u00a0Barnes &#038; Noble. \u201eJuokinga ir keistai jaudinanti istorija apie melancholi\u0161k\u0105 ir intelektual\u0173 \u017eiurkin\u0105. Atskleisdamas \u017eiurk\u0117je slypint\u012f meninink\u0105, autorius priver\u010dia susim\u0105styti ir apie kiekviename i\u0161 meninink\u0173 slypin\u010di\u0105 \u017eiurk\u0119.\u201c \u2013\u00a0Minneapolis Star Tribune. \u201eFirminas\u201c \u2013 pirmasis amerikie\u010di\u0173 autoriaus Semo Sevid\u017eo (Sam Savage) romanas. Pats ra\u0161ytojas turi nema\u017eai bendra su savo herojumi: keturis de\u0161imtme\u010dius nes\u0117kmingai ra\u0161\u0119s ir brauk\u0119s, i\u0161band\u0119s j\u0117gas skirtinguose amplua, dirb\u0119s Yale universiteto d\u0117stytoju, \u017eurnalistu, \u017eveju, staliumi ir dvira\u010di\u0173 mechaniku, gal\u0173 gale suk\u016br\u0117 gyvenimo \u0161edevr\u0105&#8230; ir nusivyl\u0119s vos nei\u0161met\u0117 jo \u012f \u0161iuk\u0161liad\u0117\u017e\u0119.<\/p>\n","protected":false},"featured_media":2331,"comment_status":"closed","ping_status":"closed","template":"","meta":{"_acf_changed":false,"site-sidebar-layout":"default","site-content-layout":"","ast-site-content-layout":"default","site-content-style":"default","site-sidebar-style":"default","ast-global-header-display":"","ast-banner-title-visibility":"","ast-main-header-display":"","ast-hfb-above-header-display":"","ast-hfb-below-header-display":"","ast-hfb-mobile-header-display":"","site-post-title":"","ast-breadcrumbs-content":"","ast-featured-img":"","footer-sml-layout":"","ast-disable-related-posts":"","theme-transparent-header-meta":"","adv-header-id-meta":"","stick-header-meta":"","header-above-stick-meta":"","header-main-stick-meta":"","header-below-stick-meta":"","astra-migrate-meta-layouts":"default","ast-page-background-enabled":"default","ast-page-background-meta":{"desktop":{"background-color":"","background-image":"","background-repeat":"repeat","background-position":"center center","background-size":"auto","background-attachment":"scroll","background-type":"","background-media":"","overlay-type":"","overlay-color":"","overlay-opacity":"","overlay-gradient":""},"tablet":{"background-color":"","background-image":"","background-repeat":"repeat","background-position":"center center","background-size":"auto","background-attachment":"scroll","background-type":"","background-media":"","overlay-type":"","overlay-color":"","overlay-opacity":"","overlay-gradient":""},"mobile":{"background-color":"","background-image":"","background-repeat":"repeat","background-position":"center center","background-size":"auto","background-attachment":"scroll","background-type":"","background-media":"","overlay-type":"","overlay-color":"","overlay-opacity":"","overlay-gradient":""}},"ast-content-background-meta":{"desktop":{"background-color":"var(--ast-global-color-4)","background-image":"","background-repeat":"repeat","background-position":"center center","background-size":"auto","background-attachment":"scroll","background-type":"","background-media":"","overlay-type":"","overlay-color":"","overlay-opacity":"","overlay-gradient":""},"tablet":{"background-color":"var(--ast-global-color-4)","background-image":"","background-repeat":"repeat","background-position":"center center","background-size":"auto","background-attachment":"scroll","background-type":"","background-media":"","overlay-type":"","overlay-color":"","overlay-opacity":"","overlay-gradient":""},"mobile":{"background-color":"var(--ast-global-color-4)","background-image":"","background-repeat":"repeat","background-position":"center center","background-size":"auto","background-attachment":"scroll","background-type":"","background-media":"","overlay-type":"","overlay-color":"","overlay-opacity":"","overlay-gradient":""}}},"product_brand":[],"product_cat":[31],"product_tag":[],"class_list":{"0":"post-2290","1":"product","2":"type-product","3":"status-publish","4":"has-post-thumbnail","6":"product_cat-grozine-literatura","7":"desktop-align-left","8":"tablet-align-left","9":"mobile-align-left","11":"first","12":"instock","13":"shipping-taxable","14":"purchasable","15":"product-type-simple"},"acf":[],"yoast_head":"<!-- This site is optimized with the Yoast SEO plugin v27.0 - https:\/\/yoast.com\/product\/yoast-seo-wordpress\/ -->\n<title>S. Savage \u201eFirminas\u201c - Skaitytaknyga<\/title>\n<meta name=\"description\" content=\"Tai viso literat\u016brinio pasaulio simpatijas u\u017ekariav\u0119s \u0161maik\u0161tus ir naiviai ironi\u0161kas pasakojimas apie erudito \u017eiurkino Firmino gyvenim\u0105 viename Bostono\" \/>\n<meta name=\"robots\" content=\"index, follow, max-snippet:-1, max-image-preview:large, max-video-preview:-1\" \/>\n<link rel=\"canonical\" href=\"https:\/\/skaitytaknyga.lt\/en\/produktas\/s-savage-firminas\/\" \/>\n<meta property=\"og:locale\" content=\"en_GB\" \/>\n<meta property=\"og:locale:alternate\" content=\"lt_LT\" \/>\n<meta property=\"og:type\" content=\"article\" \/>\n<meta property=\"og:title\" content=\"S. Savage \u201eFirminas\u201c - Skaitytaknyga\" \/>\n<meta property=\"og:description\" content=\"Tai viso literat\u016brinio pasaulio simpatijas u\u017ekariav\u0119s \u0161maik\u0161tus ir naiviai ironi\u0161kas pasakojimas apie erudito \u017eiurkino Firmino gyvenim\u0105 viename Bostono\" \/>\n<meta property=\"og:url\" content=\"https:\/\/skaitytaknyga.lt\/en\/produktas\/s-savage-firminas\/\" \/>\n<meta property=\"og:site_name\" content=\"Skaitytaknyga\" \/>\n<meta property=\"article:publisher\" content=\"https:\/\/www.facebook.com\/skaitytaknyga\/\" \/>\n<meta property=\"article:modified_time\" content=\"2024-05-03T07:14:23+00:00\" \/>\n<meta property=\"og:image\" content=\"https:\/\/skaitytaknyga.lt\/wp-content\/uploads\/2024\/04\/1462873251_firminas.jpg\" \/>\n\t<meta property=\"og:image:width\" content=\"366\" \/>\n\t<meta property=\"og:image:height\" content=\"550\" \/>\n\t<meta property=\"og:image:type\" content=\"image\/jpeg\" \/>\n<meta name=\"twitter:card\" content=\"summary_large_image\" \/>\n<meta name=\"twitter:label1\" content=\"Estimated reading time\" \/>\n\t<meta name=\"twitter:data1\" content=\"1 minute\" \/>\n<script type=\"application\/ld+json\" class=\"yoast-schema-graph\">{\"@context\":\"https:\/\/schema.org\",\"@graph\":[{\"@type\":\"WebPage\",\"@id\":\"https:\/\/skaitytaknyga.lt\/produktas\/s-savage-firminas\/\",\"url\":\"https:\/\/skaitytaknyga.lt\/produktas\/s-savage-firminas\/\",\"name\":\"S. Savage \u201eFirminas\u201c - Skaitytaknyga\",\"isPartOf\":{\"@id\":\"https:\/\/skaitytaknyga.lt\/#website\"},\"primaryImageOfPage\":{\"@id\":\"https:\/\/skaitytaknyga.lt\/produktas\/s-savage-firminas\/#primaryimage\"},\"image\":{\"@id\":\"https:\/\/skaitytaknyga.lt\/produktas\/s-savage-firminas\/#primaryimage\"},\"thumbnailUrl\":\"https:\/\/skaitytaknyga.lt\/wp-content\/uploads\/2024\/04\/1462873251_firminas.jpg\",\"datePublished\":\"2024-04-17T13:07:14+00:00\",\"dateModified\":\"2024-05-03T07:14:23+00:00\",\"description\":\"Tai viso literat\u016brinio pasaulio simpatijas u\u017ekariav\u0119s \u0161maik\u0161tus ir naiviai ironi\u0161kas pasakojimas apie erudito \u017eiurkino Firmino gyvenim\u0105 viename Bostono\",\"breadcrumb\":{\"@id\":\"https:\/\/skaitytaknyga.lt\/produktas\/s-savage-firminas\/#breadcrumb\"},\"inLanguage\":\"en-GB\",\"potentialAction\":[{\"@type\":\"ReadAction\",\"target\":[\"https:\/\/skaitytaknyga.lt\/produktas\/s-savage-firminas\/\"]}]},{\"@type\":\"ImageObject\",\"inLanguage\":\"en-GB\",\"@id\":\"https:\/\/skaitytaknyga.lt\/produktas\/s-savage-firminas\/#primaryimage\",\"url\":\"https:\/\/skaitytaknyga.lt\/wp-content\/uploads\/2024\/04\/1462873251_firminas.jpg\",\"contentUrl\":\"https:\/\/skaitytaknyga.lt\/wp-content\/uploads\/2024\/04\/1462873251_firminas.jpg\",\"width\":366,\"height\":550,\"caption\":\"1462873251 firminas\"},{\"@type\":\"BreadcrumbList\",\"@id\":\"https:\/\/skaitytaknyga.lt\/produktas\/s-savage-firminas\/#breadcrumb\",\"itemListElement\":[{\"@type\":\"ListItem\",\"position\":1,\"name\":\"Home\",\"item\":\"https:\/\/skaitytaknyga.lt\/\"},{\"@type\":\"ListItem\",\"position\":2,\"name\":\"Parduotuv\u0117\",\"item\":\"https:\/\/skaitytaknyga.lt\/knygu-parduotuve\/\"},{\"@type\":\"ListItem\",\"position\":3,\"name\":\"S. Savage \u201eFirminas\u201c\"}]},{\"@type\":\"WebSite\",\"@id\":\"https:\/\/skaitytaknyga.lt\/#website\",\"url\":\"https:\/\/skaitytaknyga.lt\/\",\"name\":\"skaitytaknyga.lt\",\"description\":\"Skaitytaknyga.lt \u2013 tai ma\u017eas \u0161eimos verslas, kuris prasid\u0117jo nuo meil\u0117s knygoms ir siekio i\u0161gelb\u0117ti knygas nuo likimo prie konteinerio. Kas vienam nereikalingas daiktas \u2013 kitam lobis, o mes esame tarpininkai, kurie padeda abiems tapti laimingesniems ???? \u017dinome kaip nelengva i\u0161gyventi ma\u017eiems verslams, tad nuo \u0161iol, \u010dia rasite ir kit\u0173, ma\u017e\u0173 \u0161eim\u0173 versl\u0173, rank\u0173 darbo, dovan\u0173 sau ir artimiesiems.\",\"publisher\":{\"@id\":\"https:\/\/skaitytaknyga.lt\/#organization\"},\"potentialAction\":[{\"@type\":\"SearchAction\",\"target\":{\"@type\":\"EntryPoint\",\"urlTemplate\":\"https:\/\/skaitytaknyga.lt\/?s={search_term_string}\"},\"query-input\":{\"@type\":\"PropertyValueSpecification\",\"valueRequired\":true,\"valueName\":\"search_term_string\"}}],\"inLanguage\":\"en-GB\"},{\"@type\":\"Organization\",\"@id\":\"https:\/\/skaitytaknyga.lt\/#organization\",\"name\":\"skaitytaknyga.lt\",\"url\":\"https:\/\/skaitytaknyga.lt\/\",\"logo\":{\"@type\":\"ImageObject\",\"inLanguage\":\"en-GB\",\"@id\":\"https:\/\/skaitytaknyga.lt\/#\/schema\/logo\/image\/\",\"url\":\"https:\/\/skaitytaknyga.lt\/wp-content\/uploads\/2024\/05\/cropped-cropped-cropped-02_00843_jt3bggkj1j3HLc7SyY6rEUpg.jpeg\",\"contentUrl\":\"https:\/\/skaitytaknyga.lt\/wp-content\/uploads\/2024\/05\/cropped-cropped-cropped-02_00843_jt3bggkj1j3HLc7SyY6rEUpg.jpeg\",\"width\":1600,\"height\":1600,\"caption\":\"skaitytaknyga.lt\"},\"image\":{\"@id\":\"https:\/\/skaitytaknyga.lt\/#\/schema\/logo\/image\/\"},\"sameAs\":[\"https:\/\/www.facebook.com\/skaitytaknyga\/\"]}]}<\/script>\n<!-- \/ Yoast SEO plugin. -->","yoast_head_json":{"title":"S. Savage \u201eFirminas\u201c - Skaitytaknyga","description":"Tai viso literat\u016brinio pasaulio simpatijas u\u017ekariav\u0119s \u0161maik\u0161tus ir naiviai ironi\u0161kas pasakojimas apie erudito \u017eiurkino Firmino gyvenim\u0105 viename Bostono","robots":{"index":"index","follow":"follow","max-snippet":"max-snippet:-1","max-image-preview":"max-image-preview:large","max-video-preview":"max-video-preview:-1"},"canonical":"https:\/\/skaitytaknyga.lt\/en\/produktas\/s-savage-firminas\/","og_locale":"en_GB","og_type":"article","og_title":"S. Savage \u201eFirminas\u201c - Skaitytaknyga","og_description":"Tai viso literat\u016brinio pasaulio simpatijas u\u017ekariav\u0119s \u0161maik\u0161tus ir naiviai ironi\u0161kas pasakojimas apie erudito \u017eiurkino Firmino gyvenim\u0105 viename Bostono","og_url":"https:\/\/skaitytaknyga.lt\/en\/produktas\/s-savage-firminas\/","og_site_name":"Skaitytaknyga","article_publisher":"https:\/\/www.facebook.com\/skaitytaknyga\/","article_modified_time":"2024-05-03T07:14:23+00:00","og_image":[{"width":366,"height":550,"url":"https:\/\/skaitytaknyga.lt\/wp-content\/uploads\/2024\/04\/1462873251_firminas.jpg","type":"image\/jpeg"}],"twitter_card":"summary_large_image","twitter_misc":{"Estimated reading time":"1 minute"},"schema":{"@context":"https:\/\/schema.org","@graph":[{"@type":"WebPage","@id":"https:\/\/skaitytaknyga.lt\/produktas\/s-savage-firminas\/","url":"https:\/\/skaitytaknyga.lt\/produktas\/s-savage-firminas\/","name":"S. Savage \u201eFirminas\u201c - Skaitytaknyga","isPartOf":{"@id":"https:\/\/skaitytaknyga.lt\/#website"},"primaryImageOfPage":{"@id":"https:\/\/skaitytaknyga.lt\/produktas\/s-savage-firminas\/#primaryimage"},"image":{"@id":"https:\/\/skaitytaknyga.lt\/produktas\/s-savage-firminas\/#primaryimage"},"thumbnailUrl":"https:\/\/skaitytaknyga.lt\/wp-content\/uploads\/2024\/04\/1462873251_firminas.jpg","datePublished":"2024-04-17T13:07:14+00:00","dateModified":"2024-05-03T07:14:23+00:00","description":"Tai viso literat\u016brinio pasaulio simpatijas u\u017ekariav\u0119s \u0161maik\u0161tus ir naiviai ironi\u0161kas pasakojimas apie erudito \u017eiurkino Firmino gyvenim\u0105 viename Bostono","breadcrumb":{"@id":"https:\/\/skaitytaknyga.lt\/produktas\/s-savage-firminas\/#breadcrumb"},"inLanguage":"en-GB","potentialAction":[{"@type":"ReadAction","target":["https:\/\/skaitytaknyga.lt\/produktas\/s-savage-firminas\/"]}]},{"@type":"ImageObject","inLanguage":"en-GB","@id":"https:\/\/skaitytaknyga.lt\/produktas\/s-savage-firminas\/#primaryimage","url":"https:\/\/skaitytaknyga.lt\/wp-content\/uploads\/2024\/04\/1462873251_firminas.jpg","contentUrl":"https:\/\/skaitytaknyga.lt\/wp-content\/uploads\/2024\/04\/1462873251_firminas.jpg","width":366,"height":550,"caption":"1462873251 firminas"},{"@type":"BreadcrumbList","@id":"https:\/\/skaitytaknyga.lt\/produktas\/s-savage-firminas\/#breadcrumb","itemListElement":[{"@type":"ListItem","position":1,"name":"Home","item":"https:\/\/skaitytaknyga.lt\/"},{"@type":"ListItem","position":2,"name":"Parduotuv\u0117","item":"https:\/\/skaitytaknyga.lt\/knygu-parduotuve\/"},{"@type":"ListItem","position":3,"name":"S. Savage \u201eFirminas\u201c"}]},{"@type":"WebSite","@id":"https:\/\/skaitytaknyga.lt\/#website","url":"https:\/\/skaitytaknyga.lt\/","name":"skaitytaknyga.lt","description":"Skaitytaknyga.lt \u2013 tai ma\u017eas \u0161eimos verslas, kuris prasid\u0117jo nuo meil\u0117s knygoms ir siekio i\u0161gelb\u0117ti knygas nuo likimo prie konteinerio. Kas vienam nereikalingas daiktas \u2013 kitam lobis, o mes esame tarpininkai, kurie padeda abiems tapti laimingesniems ???? \u017dinome kaip nelengva i\u0161gyventi ma\u017eiems verslams, tad nuo \u0161iol, \u010dia rasite ir kit\u0173, ma\u017e\u0173 \u0161eim\u0173 versl\u0173, rank\u0173 darbo, dovan\u0173 sau ir artimiesiems.","publisher":{"@id":"https:\/\/skaitytaknyga.lt\/#organization"},"potentialAction":[{"@type":"SearchAction","target":{"@type":"EntryPoint","urlTemplate":"https:\/\/skaitytaknyga.lt\/?s={search_term_string}"},"query-input":{"@type":"PropertyValueSpecification","valueRequired":true,"valueName":"search_term_string"}}],"inLanguage":"en-GB"},{"@type":"Organization","@id":"https:\/\/skaitytaknyga.lt\/#organization","name":"skaitytaknyga.lt","url":"https:\/\/skaitytaknyga.lt\/","logo":{"@type":"ImageObject","inLanguage":"en-GB","@id":"https:\/\/skaitytaknyga.lt\/#\/schema\/logo\/image\/","url":"https:\/\/skaitytaknyga.lt\/wp-content\/uploads\/2024\/05\/cropped-cropped-cropped-02_00843_jt3bggkj1j3HLc7SyY6rEUpg.jpeg","contentUrl":"https:\/\/skaitytaknyga.lt\/wp-content\/uploads\/2024\/05\/cropped-cropped-cropped-02_00843_jt3bggkj1j3HLc7SyY6rEUpg.jpeg","width":1600,"height":1600,"caption":"skaitytaknyga.lt"},"image":{"@id":"https:\/\/skaitytaknyga.lt\/#\/schema\/logo\/image\/"},"sameAs":["https:\/\/www.facebook.com\/skaitytaknyga\/"]}]}},"_links":{"self":[{"href":"https:\/\/skaitytaknyga.lt\/en\/wp-json\/wp\/v2\/product\/2290","targetHints":{"allow":["GET"]}}],"collection":[{"href":"https:\/\/skaitytaknyga.lt\/en\/wp-json\/wp\/v2\/product"}],"about":[{"href":"https:\/\/skaitytaknyga.lt\/en\/wp-json\/wp\/v2\/types\/product"}],"replies":[{"embeddable":true,"href":"https:\/\/skaitytaknyga.lt\/en\/wp-json\/wp\/v2\/comments?post=2290"}],"wp:featuredmedia":[{"embeddable":true,"href":"https:\/\/skaitytaknyga.lt\/en\/wp-json\/wp\/v2\/media\/2331"}],"wp:attachment":[{"href":"https:\/\/skaitytaknyga.lt\/en\/wp-json\/wp\/v2\/media?parent=2290"}],"wp:term":[{"taxonomy":"product_brand","embeddable":true,"href":"https:\/\/skaitytaknyga.lt\/en\/wp-json\/wp\/v2\/product_brand?post=2290"},{"taxonomy":"product_cat","embeddable":true,"href":"https:\/\/skaitytaknyga.lt\/en\/wp-json\/wp\/v2\/product_cat?post=2290"},{"taxonomy":"product_tag","embeddable":true,"href":"https:\/\/skaitytaknyga.lt\/en\/wp-json\/wp\/v2\/product_tag?post=2290"}],"curies":[{"name":"wp","href":"https:\/\/api.w.org\/{rel}","templated":true}]}}