{"id":22898,"date":"2026-01-30T17:11:30","date_gmt":"2026-01-30T15:11:30","guid":{"rendered":"https:\/\/skaitytaknyga.lt\/?post_type=product&#038;p=22898"},"modified":"2026-03-05T16:47:50","modified_gmt":"2026-03-05T14:47:50","slug":"kaip-kurmis-kombinezona-isitaise","status":"publish","type":"product","link":"https:\/\/skaitytaknyga.lt\/en\/produktas\/kaip-kurmis-kombinezona-isitaise\/","title":{"rendered":"Kaip Kurmis kombinezon\u0105 \u012fsitais\u0117 (paklijuotas vienas lapas)"},"content":{"rendered":"<p>Pievos vidury k\u016bpsojo \u017eemi\u0173 kauburiukas. Tasai kauburiukas krut\u0117jo ir kilojosi, tarsi b\u016bt\u0173 su kojel\u0117mis.<br \/>\nO jis turi ne vien kojeles, bet ir snukut\u012f. Ak, tik pa\u017evelkite \u2013 juk tai Kurmis!<br \/>\n\u2013 \u0160tai ir a\u0161, \u2013 tar\u0117 jis. \u2013 Ir su lobiu, kur\u012f radau, kai rausiau mol\u012f. Sviedinukas yra geriau nei vinut\u0117, veidrod\u0117lis \u2013 geriau nei sviedinukas, bet geriausias dalykas b\u016bt\u0173 kombinezonas su ki\u0161en\u0117mis! Jose tilpt\u0173 visi mano daiktai! Tiktai kur tok\u012f kombinezon\u0105 gauti?<\/p>\n<p>Pasirodo, reikia tik papra\u0161yti v\u0117\u017eio, nendrinuk\u0117s, gandro, voro, e\u017eiuko, elniaragio ir skruzd\u0117ly\u010di\u0173, prisirinkti sauj\u0105 m\u0117lyni\u0173, dar gl\u0117b\u012f lin\u0173\u2026 O did\u017eiulis b\u016brys draug\u0173 tikrai patars, i\u0161 kur gauti puik\u0173 m\u0117lyn\u0105 kombinezon\u0105 su ki\u0161en\u0117mis.<\/p>\n<p>Kelioms kartoms pa\u017e\u012fstam\u0105 Kurmio persona\u017e\u0105 suk\u016br\u0117 \u010dek\u0173 animatorius Zdenekas Mileris (Zden\u011bk Miler). Animacinis filmukas \u201eKaip Kurmis kombinezon\u0105 \u012fsitais\u0117\u201c (1956) Venecijos film\u0173 festivalyje peln\u0117 Sidabrin\u012f li\u016bt\u0105.<\/p>\n","protected":false},"excerpt":{"rendered":"<p>Pievos vidury k\u016bpsojo \u017eemi\u0173 kauburiukas. Tasai kauburiukas krut\u0117jo ir kilojosi, tarsi b\u016bt\u0173 su kojel\u0117mis. O jis turi ne vien kojeles, bet ir snukut\u012f. Ak, tik pa\u017evelkite \u2013 juk tai Kurmis! \u2013 \u0160tai ir a\u0161, \u2013 tar\u0117 jis. \u2013 Ir su lobiu, kur\u012f radau, kai rausiau mol\u012f. Sviedinukas yra geriau nei vinut\u0117, veidrod\u0117lis \u2013 geriau nei sviedinukas, bet geriausias dalykas b\u016bt\u0173 kombinezonas su ki\u0161en\u0117mis! Jose tilpt\u0173 visi mano daiktai! Tiktai kur tok\u012f kombinezon\u0105 gauti? Pasirodo, reikia tik papra\u0161yti v\u0117\u017eio, nendrinuk\u0117s, gandro, voro, e\u017eiuko, elniaragio ir skruzd\u0117ly\u010di\u0173, prisirinkti sauj\u0105 m\u0117lyni\u0173, dar gl\u0117b\u012f lin\u0173\u2026 O did\u017eiulis b\u016brys draug\u0173 tikrai patars, i\u0161 kur gauti puik\u0173 m\u0117lyn\u0105 kombinezon\u0105 su ki\u0161en\u0117mis. Kelioms kartoms pa\u017e\u012fstam\u0105 Kurmio persona\u017e\u0105 suk\u016br\u0117 \u010dek\u0173 animatorius Zdenekas Mileris (Zden\u011bk Miler). Animacinis filmukas \u201eKaip Kurmis kombinezon\u0105 \u012fsitais\u0117\u201c (1956) Venecijos film\u0173 festivalyje peln\u0117 Sidabrin\u012f li\u016bt\u0105.<\/p>\n","protected":false},"featured_media":22904,"comment_status":"open","ping_status":"closed","template":"","meta":{"_acf_changed":false,"site-sidebar-layout":"default","site-content-layout":"","ast-site-content-layout":"default","site-content-style":"default","site-sidebar-style":"default","ast-global-header-display":"","ast-banner-title-visibility":"","ast-main-header-display":"","ast-hfb-above-header-display":"","ast-hfb-below-header-display":"","ast-hfb-mobile-header-display":"","site-post-title":"","ast-breadcrumbs-content":"","ast-featured-img":"","footer-sml-layout":"","ast-disable-related-posts":"","theme-transparent-header-meta":"","adv-header-id-meta":"","stick-header-meta":"","header-above-stick-meta":"","header-main-stick-meta":"","header-below-stick-meta":"","astra-migrate-meta-layouts":"default","ast-page-background-enabled":"default","ast-page-background-meta":{"desktop":{"background-color":"","background-image":"","background-repeat":"repeat","background-position":"center center","background-size":"auto","background-attachment":"scroll","background-type":"","background-media":"","overlay-type":"","overlay-color":"","overlay-opacity":"","overlay-gradient":""},"tablet":{"background-color":"","background-image":"","background-repeat":"repeat","background-position":"center center","background-size":"auto","background-attachment":"scroll","background-type":"","background-media":"","overlay-type":"","overlay-color":"","overlay-opacity":"","overlay-gradient":""},"mobile":{"background-color":"","background-image":"","background-repeat":"repeat","background-position":"center center","background-size":"auto","background-attachment":"scroll","background-type":"","background-media":"","overlay-type":"","overlay-color":"","overlay-opacity":"","overlay-gradient":""}},"ast-content-background-meta":{"desktop":{"background-color":"var(--ast-global-color-4)","background-image":"","background-repeat":"repeat","background-position":"center center","background-size":"auto","background-attachment":"scroll","background-type":"","background-media":"","overlay-type":"","overlay-color":"","overlay-opacity":"","overlay-gradient":""},"tablet":{"background-color":"var(--ast-global-color-4)","background-image":"","background-repeat":"repeat","background-position":"center center","background-size":"auto","background-attachment":"scroll","background-type":"","background-media":"","overlay-type":"","overlay-color":"","overlay-opacity":"","overlay-gradient":""},"mobile":{"background-color":"var(--ast-global-color-4)","background-image":"","background-repeat":"repeat","background-position":"center center","background-size":"auto","background-attachment":"scroll","background-type":"","background-media":"","overlay-type":"","overlay-color":"","overlay-opacity":"","overlay-gradient":""}}},"product_brand":[],"product_cat":[9677],"product_tag":[9359,5478],"class_list":{"0":"post-22898","1":"product","2":"type-product","3":"status-publish","4":"has-post-thumbnail","6":"product_cat-ikimokyklinukams","7":"product_tag-hana-doskocilova","8":"product_tag-zdenek-miler","9":"desktop-align-left","10":"tablet-align-left","11":"mobile-align-left","13":"first","14":"instock","15":"shipping-taxable","16":"purchasable","17":"product-type-simple"},"acf":[],"yoast_head":"<!-- This site is optimized with the Yoast SEO plugin v27.0 - https:\/\/yoast.com\/product\/yoast-seo-wordpress\/ -->\n<title>Kaip Kurmis kombinezon\u0105 \u012fsitais\u0117 (paklijuotas vienas lapas)<\/title>\n<meta name=\"description\" content=\"Pievos vidury k\u016bpsojo \u017eemi\u0173 kauburiukas. Tasai kauburiukas krut\u0117jo ir kilojosi, tarsi b\u016bt\u0173 su kojel\u0117mis. O jis turi ne vien kojeles, bet ir snukut\u012f. Ak,\" \/>\n<meta name=\"robots\" content=\"index, follow, max-snippet:-1, max-image-preview:large, max-video-preview:-1\" \/>\n<link rel=\"canonical\" href=\"https:\/\/skaitytaknyga.lt\/en\/produktas\/kaip-kurmis-kombinezona-isitaise\/\" \/>\n<meta property=\"og:locale\" content=\"en_GB\" \/>\n<meta property=\"og:locale:alternate\" content=\"lt_LT\" \/>\n<meta property=\"og:type\" content=\"article\" \/>\n<meta property=\"og:title\" content=\"Kaip Kurmis kombinezon\u0105 \u012fsitais\u0117 (paklijuotas vienas lapas)\" \/>\n<meta property=\"og:description\" content=\"Pievos vidury k\u016bpsojo \u017eemi\u0173 kauburiukas. Tasai kauburiukas krut\u0117jo ir kilojosi, tarsi b\u016bt\u0173 su kojel\u0117mis. O jis turi ne vien kojeles, bet ir snukut\u012f. Ak,\" \/>\n<meta property=\"og:url\" content=\"https:\/\/skaitytaknyga.lt\/en\/produktas\/kaip-kurmis-kombinezona-isitaise\/\" \/>\n<meta property=\"og:site_name\" content=\"Skaitytaknyga\" \/>\n<meta property=\"article:publisher\" content=\"https:\/\/www.facebook.com\/skaitytaknyga\/\" \/>\n<meta property=\"article:modified_time\" content=\"2026-03-05T14:47:50+00:00\" \/>\n<meta property=\"og:image\" content=\"https:\/\/skaitytaknyga.lt\/wp-content\/uploads\/2026\/01\/Kaip-Kurmis-kombinezona-isitaise-1.webp\" \/>\n\t<meta property=\"og:image:width\" content=\"302\" \/>\n\t<meta property=\"og:image:height\" content=\"400\" \/>\n\t<meta property=\"og:image:type\" content=\"image\/webp\" \/>\n<meta name=\"twitter:card\" content=\"summary_large_image\" \/>\n<meta name=\"twitter:label1\" content=\"Estimated reading time\" \/>\n\t<meta name=\"twitter:data1\" content=\"1 minute\" \/>\n<script type=\"application\/ld+json\" class=\"yoast-schema-graph\">{\"@context\":\"https:\/\/schema.org\",\"@graph\":[{\"@type\":\"WebPage\",\"@id\":\"https:\/\/skaitytaknyga.lt\/produktas\/kaip-kurmis-kombinezona-isitaise\/\",\"url\":\"https:\/\/skaitytaknyga.lt\/produktas\/kaip-kurmis-kombinezona-isitaise\/\",\"name\":\"Kaip Kurmis kombinezon\u0105 \u012fsitais\u0117 (paklijuotas vienas lapas)\",\"isPartOf\":{\"@id\":\"https:\/\/skaitytaknyga.lt\/#website\"},\"primaryImageOfPage\":{\"@id\":\"https:\/\/skaitytaknyga.lt\/produktas\/kaip-kurmis-kombinezona-isitaise\/#primaryimage\"},\"image\":{\"@id\":\"https:\/\/skaitytaknyga.lt\/produktas\/kaip-kurmis-kombinezona-isitaise\/#primaryimage\"},\"thumbnailUrl\":\"https:\/\/skaitytaknyga.lt\/wp-content\/uploads\/2026\/01\/Kaip-Kurmis-kombinezona-isitaise-1.webp\",\"datePublished\":\"2026-01-30T15:11:30+00:00\",\"dateModified\":\"2026-03-05T14:47:50+00:00\",\"description\":\"Pievos vidury k\u016bpsojo \u017eemi\u0173 kauburiukas. Tasai kauburiukas krut\u0117jo ir kilojosi, tarsi b\u016bt\u0173 su kojel\u0117mis. O jis turi ne vien kojeles, bet ir snukut\u012f. Ak,\",\"breadcrumb\":{\"@id\":\"https:\/\/skaitytaknyga.lt\/produktas\/kaip-kurmis-kombinezona-isitaise\/#breadcrumb\"},\"inLanguage\":\"en-GB\",\"potentialAction\":[{\"@type\":\"ReadAction\",\"target\":[\"https:\/\/skaitytaknyga.lt\/produktas\/kaip-kurmis-kombinezona-isitaise\/\"]}]},{\"@type\":\"ImageObject\",\"inLanguage\":\"en-GB\",\"@id\":\"https:\/\/skaitytaknyga.lt\/produktas\/kaip-kurmis-kombinezona-isitaise\/#primaryimage\",\"url\":\"https:\/\/skaitytaknyga.lt\/wp-content\/uploads\/2026\/01\/Kaip-Kurmis-kombinezona-isitaise-1.webp\",\"contentUrl\":\"https:\/\/skaitytaknyga.lt\/wp-content\/uploads\/2026\/01\/Kaip-Kurmis-kombinezona-isitaise-1.webp\",\"width\":302,\"height\":400},{\"@type\":\"BreadcrumbList\",\"@id\":\"https:\/\/skaitytaknyga.lt\/produktas\/kaip-kurmis-kombinezona-isitaise\/#breadcrumb\",\"itemListElement\":[{\"@type\":\"ListItem\",\"position\":1,\"name\":\"Home\",\"item\":\"https:\/\/skaitytaknyga.lt\/\"},{\"@type\":\"ListItem\",\"position\":2,\"name\":\"Parduotuv\u0117\",\"item\":\"https:\/\/skaitytaknyga.lt\/knygu-parduotuve\/\"},{\"@type\":\"ListItem\",\"position\":3,\"name\":\"Kaip Kurmis kombinezon\u0105 \u012fsitais\u0117 (paklijuotas vienas lapas)\"}]},{\"@type\":\"WebSite\",\"@id\":\"https:\/\/skaitytaknyga.lt\/#website\",\"url\":\"https:\/\/skaitytaknyga.lt\/\",\"name\":\"skaitytaknyga.lt\",\"description\":\"Skaitytaknyga.lt \u2013 tai ma\u017eas \u0161eimos verslas, kuris prasid\u0117jo nuo meil\u0117s knygoms ir siekio i\u0161gelb\u0117ti knygas nuo likimo prie konteinerio. Kas vienam nereikalingas daiktas \u2013 kitam lobis, o mes esame tarpininkai, kurie padeda abiems tapti laimingesniems ???? \u017dinome kaip nelengva i\u0161gyventi ma\u017eiems verslams, tad nuo \u0161iol, \u010dia rasite ir kit\u0173, ma\u017e\u0173 \u0161eim\u0173 versl\u0173, rank\u0173 darbo, dovan\u0173 sau ir artimiesiems.\",\"publisher\":{\"@id\":\"https:\/\/skaitytaknyga.lt\/#organization\"},\"potentialAction\":[{\"@type\":\"SearchAction\",\"target\":{\"@type\":\"EntryPoint\",\"urlTemplate\":\"https:\/\/skaitytaknyga.lt\/?s={search_term_string}\"},\"query-input\":{\"@type\":\"PropertyValueSpecification\",\"valueRequired\":true,\"valueName\":\"search_term_string\"}}],\"inLanguage\":\"en-GB\"},{\"@type\":\"Organization\",\"@id\":\"https:\/\/skaitytaknyga.lt\/#organization\",\"name\":\"skaitytaknyga.lt\",\"url\":\"https:\/\/skaitytaknyga.lt\/\",\"logo\":{\"@type\":\"ImageObject\",\"inLanguage\":\"en-GB\",\"@id\":\"https:\/\/skaitytaknyga.lt\/#\/schema\/logo\/image\/\",\"url\":\"https:\/\/skaitytaknyga.lt\/wp-content\/uploads\/2024\/05\/cropped-cropped-cropped-02_00843_jt3bggkj1j3HLc7SyY6rEUpg.jpeg\",\"contentUrl\":\"https:\/\/skaitytaknyga.lt\/wp-content\/uploads\/2024\/05\/cropped-cropped-cropped-02_00843_jt3bggkj1j3HLc7SyY6rEUpg.jpeg\",\"width\":1600,\"height\":1600,\"caption\":\"skaitytaknyga.lt\"},\"image\":{\"@id\":\"https:\/\/skaitytaknyga.lt\/#\/schema\/logo\/image\/\"},\"sameAs\":[\"https:\/\/www.facebook.com\/skaitytaknyga\/\"]}]}<\/script>\n<!-- \/ Yoast SEO plugin. -->","yoast_head_json":{"title":"Kaip Kurmis kombinezon\u0105 \u012fsitais\u0117 (paklijuotas vienas lapas)","description":"Pievos vidury k\u016bpsojo \u017eemi\u0173 kauburiukas. Tasai kauburiukas krut\u0117jo ir kilojosi, tarsi b\u016bt\u0173 su kojel\u0117mis. O jis turi ne vien kojeles, bet ir snukut\u012f. Ak,","robots":{"index":"index","follow":"follow","max-snippet":"max-snippet:-1","max-image-preview":"max-image-preview:large","max-video-preview":"max-video-preview:-1"},"canonical":"https:\/\/skaitytaknyga.lt\/en\/produktas\/kaip-kurmis-kombinezona-isitaise\/","og_locale":"en_GB","og_type":"article","og_title":"[:lt]Kaip Kurmis kombinezon\u0105 \u012fsitais\u0117 (paklijuotas vienas lapas)[:] - Skaitytaknyga","og_description":"Pievos vidury k\u016bpsojo \u017eemi\u0173 kauburiukas. Tasai kauburiukas krut\u0117jo ir kilojosi, tarsi b\u016bt\u0173 su kojel\u0117mis. O jis turi ne vien kojeles, bet ir snukut\u012f. Ak,","og_url":"https:\/\/skaitytaknyga.lt\/en\/produktas\/kaip-kurmis-kombinezona-isitaise\/","og_site_name":"Skaitytaknyga","article_publisher":"https:\/\/www.facebook.com\/skaitytaknyga\/","article_modified_time":"2026-03-05T14:47:50+00:00","og_image":[{"width":302,"height":400,"url":"https:\/\/skaitytaknyga.lt\/wp-content\/uploads\/2026\/01\/Kaip-Kurmis-kombinezona-isitaise-1.webp","type":"image\/webp"}],"twitter_card":"summary_large_image","twitter_misc":{"Estimated reading time":"1 minute"},"schema":{"@context":"https:\/\/schema.org","@graph":[{"@type":"WebPage","@id":"https:\/\/skaitytaknyga.lt\/produktas\/kaip-kurmis-kombinezona-isitaise\/","url":"https:\/\/skaitytaknyga.lt\/produktas\/kaip-kurmis-kombinezona-isitaise\/","name":"Kaip Kurmis kombinezon\u0105 \u012fsitais\u0117 (paklijuotas vienas lapas)","isPartOf":{"@id":"https:\/\/skaitytaknyga.lt\/#website"},"primaryImageOfPage":{"@id":"https:\/\/skaitytaknyga.lt\/produktas\/kaip-kurmis-kombinezona-isitaise\/#primaryimage"},"image":{"@id":"https:\/\/skaitytaknyga.lt\/produktas\/kaip-kurmis-kombinezona-isitaise\/#primaryimage"},"thumbnailUrl":"https:\/\/skaitytaknyga.lt\/wp-content\/uploads\/2026\/01\/Kaip-Kurmis-kombinezona-isitaise-1.webp","datePublished":"2026-01-30T15:11:30+00:00","dateModified":"2026-03-05T14:47:50+00:00","description":"Pievos vidury k\u016bpsojo \u017eemi\u0173 kauburiukas. Tasai kauburiukas krut\u0117jo ir kilojosi, tarsi b\u016bt\u0173 su kojel\u0117mis. O jis turi ne vien kojeles, bet ir snukut\u012f. Ak,","breadcrumb":{"@id":"https:\/\/skaitytaknyga.lt\/produktas\/kaip-kurmis-kombinezona-isitaise\/#breadcrumb"},"inLanguage":"en-GB","potentialAction":[{"@type":"ReadAction","target":["https:\/\/skaitytaknyga.lt\/produktas\/kaip-kurmis-kombinezona-isitaise\/"]}]},{"@type":"ImageObject","inLanguage":"en-GB","@id":"https:\/\/skaitytaknyga.lt\/produktas\/kaip-kurmis-kombinezona-isitaise\/#primaryimage","url":"https:\/\/skaitytaknyga.lt\/wp-content\/uploads\/2026\/01\/Kaip-Kurmis-kombinezona-isitaise-1.webp","contentUrl":"https:\/\/skaitytaknyga.lt\/wp-content\/uploads\/2026\/01\/Kaip-Kurmis-kombinezona-isitaise-1.webp","width":302,"height":400},{"@type":"BreadcrumbList","@id":"https:\/\/skaitytaknyga.lt\/produktas\/kaip-kurmis-kombinezona-isitaise\/#breadcrumb","itemListElement":[{"@type":"ListItem","position":1,"name":"Home","item":"https:\/\/skaitytaknyga.lt\/"},{"@type":"ListItem","position":2,"name":"Parduotuv\u0117","item":"https:\/\/skaitytaknyga.lt\/knygu-parduotuve\/"},{"@type":"ListItem","position":3,"name":"Kaip Kurmis kombinezon\u0105 \u012fsitais\u0117 (paklijuotas vienas lapas)"}]},{"@type":"WebSite","@id":"https:\/\/skaitytaknyga.lt\/#website","url":"https:\/\/skaitytaknyga.lt\/","name":"skaitytaknyga.lt","description":"Skaitytaknyga.lt \u2013 tai ma\u017eas \u0161eimos verslas, kuris prasid\u0117jo nuo meil\u0117s knygoms ir siekio i\u0161gelb\u0117ti knygas nuo likimo prie konteinerio. Kas vienam nereikalingas daiktas \u2013 kitam lobis, o mes esame tarpininkai, kurie padeda abiems tapti laimingesniems ???? \u017dinome kaip nelengva i\u0161gyventi ma\u017eiems verslams, tad nuo \u0161iol, \u010dia rasite ir kit\u0173, ma\u017e\u0173 \u0161eim\u0173 versl\u0173, rank\u0173 darbo, dovan\u0173 sau ir artimiesiems.","publisher":{"@id":"https:\/\/skaitytaknyga.lt\/#organization"},"potentialAction":[{"@type":"SearchAction","target":{"@type":"EntryPoint","urlTemplate":"https:\/\/skaitytaknyga.lt\/?s={search_term_string}"},"query-input":{"@type":"PropertyValueSpecification","valueRequired":true,"valueName":"search_term_string"}}],"inLanguage":"en-GB"},{"@type":"Organization","@id":"https:\/\/skaitytaknyga.lt\/#organization","name":"skaitytaknyga.lt","url":"https:\/\/skaitytaknyga.lt\/","logo":{"@type":"ImageObject","inLanguage":"en-GB","@id":"https:\/\/skaitytaknyga.lt\/#\/schema\/logo\/image\/","url":"https:\/\/skaitytaknyga.lt\/wp-content\/uploads\/2024\/05\/cropped-cropped-cropped-02_00843_jt3bggkj1j3HLc7SyY6rEUpg.jpeg","contentUrl":"https:\/\/skaitytaknyga.lt\/wp-content\/uploads\/2024\/05\/cropped-cropped-cropped-02_00843_jt3bggkj1j3HLc7SyY6rEUpg.jpeg","width":1600,"height":1600,"caption":"skaitytaknyga.lt"},"image":{"@id":"https:\/\/skaitytaknyga.lt\/#\/schema\/logo\/image\/"},"sameAs":["https:\/\/www.facebook.com\/skaitytaknyga\/"]}]}},"_links":{"self":[{"href":"https:\/\/skaitytaknyga.lt\/en\/wp-json\/wp\/v2\/product\/22898","targetHints":{"allow":["GET"]}}],"collection":[{"href":"https:\/\/skaitytaknyga.lt\/en\/wp-json\/wp\/v2\/product"}],"about":[{"href":"https:\/\/skaitytaknyga.lt\/en\/wp-json\/wp\/v2\/types\/product"}],"replies":[{"embeddable":true,"href":"https:\/\/skaitytaknyga.lt\/en\/wp-json\/wp\/v2\/comments?post=22898"}],"wp:featuredmedia":[{"embeddable":true,"href":"https:\/\/skaitytaknyga.lt\/en\/wp-json\/wp\/v2\/media\/22904"}],"wp:attachment":[{"href":"https:\/\/skaitytaknyga.lt\/en\/wp-json\/wp\/v2\/media?parent=22898"}],"wp:term":[{"taxonomy":"product_brand","embeddable":true,"href":"https:\/\/skaitytaknyga.lt\/en\/wp-json\/wp\/v2\/product_brand?post=22898"},{"taxonomy":"product_cat","embeddable":true,"href":"https:\/\/skaitytaknyga.lt\/en\/wp-json\/wp\/v2\/product_cat?post=22898"},{"taxonomy":"product_tag","embeddable":true,"href":"https:\/\/skaitytaknyga.lt\/en\/wp-json\/wp\/v2\/product_tag?post=22898"}],"curies":[{"name":"wp","href":"https:\/\/api.w.org\/{rel}","templated":true}]}}