{"id":22896,"date":"2026-01-30T17:11:29","date_gmt":"2026-01-30T15:11:29","guid":{"rendered":"https:\/\/skaitytaknyga.lt\/?post_type=product&#038;p=22896"},"modified":"2026-01-30T17:32:00","modified_gmt":"2026-01-30T15:32:00","slug":"pakilk-ir-prabilk","status":"publish","type":"product","link":"https:\/\/skaitytaknyga.lt\/en\/produktas\/pakilk-ir-prabilk\/","title":{"rendered":"Pakilk ir prabilk!"},"content":{"rendered":"<p>Tapkite puikiu oratoriumi, kokiu visada nor\u0117jote b\u016bti!<\/p>\n<p>Visi i\u0161 karto atpa\u017e\u012fstame puik\u0173 oratori\u0173, kai tik tok\u012f i\u0161girstame. Atrodo, kad toks \u017emogus turi toki\u0173 savybi\u0173 \u2013 pasitik\u0117jimo savimi, charizmati\u0161kumo, i\u0161kalbingumo, erudicijos \u2013 kuri\u0173 stokoja likusieji. Ta\u010diau geb\u0117jimas gerai kalb\u0117ti atsistojus prie\u0161ais kitus yra tik \u012fg\u016bdis, o ne Dievo dovana. Tai rei\u0161kia, kad kiekvienas gali to i\u0161mokti, jei tik gaus ger\u0173 pamokym\u0173.<\/p>\n<p>\u201ePakilk ir prabilk!\u201c duoda jums visk\u0105, k\u0105 b\u016btina \u017einoti, norint tapti susitvardan\u010diu, nepriekai\u0161tingu, meistri\u0161ku oratoriumi. Ji atskleid\u017eia metodus, kuriuos s\u0117kmingai naudojo daugyb\u0117 puiki\u0173 oratori\u0173 per vis\u0105 \u017emonijos istorij\u0105. \u0160ioje knygoje su\u017einosite, kaip tinkamai pasiruo\u0161ti sakyti kalb\u0105, i\u0161siugdyti savo unikal\u0173, nepakartojam\u0105 stili\u0173, \u012fveikti scenos baim\u0119 ir per minut\u0119 \u012fgyti klausytoj\u0173 palankum\u0105, u\u017ekariauti j\u0173 \u0161irdis.<\/p>\n<p>Ji pilna nauding\u0173 patarim\u0173, realaus gyvenimo pavyzd\u017ei\u0173, \u012fskaitant ir kai kuriuos pasaulio \u017eymiausius oratorius. Tai geriausias vie\u0161o kalb\u0117jimo vadovas. Pagrindiniai metodai, kuri\u0173 i\u0161moksite i\u0161 \u0161ios knygos, tikrai pravers jums ateityje.<\/p>\n<p>Apie autori\u0173<\/p>\n<p>Dale Carnegie (1888\u20131955) buvo asmeninio tobul\u0117jimo \u017eanro pradininkas. Jo knyga \u201eKaip \u012fsigyti draug\u0173 ir daryti \u012ftak\u0105 \u017emon\u0117ms\u201c yra u\u017ekariavusi milijon\u0173 skaitytoj\u0173 \u0161irdis ir tapusi \u0161io \u017eanro klasika. \u0160iandies Dale Carnegie Training organizacijos programos prieinamos daugiau kaip 30 kalb\u0173 daugiau nei 85 \u0161alyse.<\/p>\n","protected":false},"excerpt":{"rendered":"<p>Tapkite puikiu oratoriumi, kokiu visada nor\u0117jote b\u016bti! Visi i\u0161 karto atpa\u017e\u012fstame puik\u0173 oratori\u0173, kai tik tok\u012f i\u0161girstame. Atrodo, kad toks \u017emogus turi toki\u0173 savybi\u0173 \u2013 pasitik\u0117jimo savimi, charizmati\u0161kumo, i\u0161kalbingumo, erudicijos \u2013 kuri\u0173 stokoja likusieji. Ta\u010diau geb\u0117jimas gerai kalb\u0117ti atsistojus prie\u0161ais kitus yra tik \u012fg\u016bdis, o ne Dievo dovana. Tai rei\u0161kia, kad kiekvienas gali to i\u0161mokti, jei tik gaus ger\u0173 pamokym\u0173. \u201ePakilk ir prabilk!\u201c duoda jums visk\u0105, k\u0105 b\u016btina \u017einoti, norint tapti susitvardan\u010diu, nepriekai\u0161tingu, meistri\u0161ku oratoriumi. Ji atskleid\u017eia metodus, kuriuos s\u0117kmingai naudojo daugyb\u0117 puiki\u0173 oratori\u0173 per vis\u0105 \u017emonijos istorij\u0105. \u0160ioje knygoje su\u017einosite, kaip tinkamai pasiruo\u0161ti sakyti kalb\u0105, i\u0161siugdyti savo unikal\u0173, nepakartojam\u0105 stili\u0173, \u012fveikti scenos baim\u0119 ir per minut\u0119 \u012fgyti klausytoj\u0173 palankum\u0105, u\u017ekariauti j\u0173 \u0161irdis. Ji pilna nauding\u0173 patarim\u0173, realaus gyvenimo pavyzd\u017ei\u0173, \u012fskaitant ir kai kuriuos pasaulio \u017eymiausius oratorius. Tai geriausias vie\u0161o kalb\u0117jimo vadovas. Pagrindiniai metodai, kuri\u0173 i\u0161moksite i\u0161 \u0161ios knygos, tikrai pravers jums ateityje. Apie autori\u0173 Dale Carnegie (1888\u20131955) buvo asmeninio tobul\u0117jimo \u017eanro pradininkas. Jo knyga \u201eKaip \u012fsigyti draug\u0173 ir daryti \u012ftak\u0105 \u017emon\u0117ms\u201c yra u\u017ekariavusi milijon\u0173 skaitytoj\u0173 \u0161irdis ir tapusi \u0161io \u017eanro klasika. \u0160iandies Dale Carnegie Training organizacijos programos prieinamos daugiau kaip 30 kalb\u0173 daugiau nei 85 \u0161alyse.<\/p>\n","protected":false},"featured_media":22902,"comment_status":"open","ping_status":"closed","template":"","meta":{"_acf_changed":false,"site-sidebar-layout":"default","site-content-layout":"","ast-site-content-layout":"default","site-content-style":"default","site-sidebar-style":"default","ast-global-header-display":"","ast-banner-title-visibility":"","ast-main-header-display":"","ast-hfb-above-header-display":"","ast-hfb-below-header-display":"","ast-hfb-mobile-header-display":"","site-post-title":"","ast-breadcrumbs-content":"","ast-featured-img":"","footer-sml-layout":"","ast-disable-related-posts":"","theme-transparent-header-meta":"","adv-header-id-meta":"","stick-header-meta":"","header-above-stick-meta":"","header-main-stick-meta":"","header-below-stick-meta":"","astra-migrate-meta-layouts":"default","ast-page-background-enabled":"default","ast-page-background-meta":{"desktop":{"background-color":"","background-image":"","background-repeat":"repeat","background-position":"center center","background-size":"auto","background-attachment":"scroll","background-type":"","background-media":"","overlay-type":"","overlay-color":"","overlay-opacity":"","overlay-gradient":""},"tablet":{"background-color":"","background-image":"","background-repeat":"repeat","background-position":"center center","background-size":"auto","background-attachment":"scroll","background-type":"","background-media":"","overlay-type":"","overlay-color":"","overlay-opacity":"","overlay-gradient":""},"mobile":{"background-color":"","background-image":"","background-repeat":"repeat","background-position":"center center","background-size":"auto","background-attachment":"scroll","background-type":"","background-media":"","overlay-type":"","overlay-color":"","overlay-opacity":"","overlay-gradient":""}},"ast-content-background-meta":{"desktop":{"background-color":"var(--ast-global-color-4)","background-image":"","background-repeat":"repeat","background-position":"center center","background-size":"auto","background-attachment":"scroll","background-type":"","background-media":"","overlay-type":"","overlay-color":"","overlay-opacity":"","overlay-gradient":""},"tablet":{"background-color":"var(--ast-global-color-4)","background-image":"","background-repeat":"repeat","background-position":"center center","background-size":"auto","background-attachment":"scroll","background-type":"","background-media":"","overlay-type":"","overlay-color":"","overlay-opacity":"","overlay-gradient":""},"mobile":{"background-color":"var(--ast-global-color-4)","background-image":"","background-repeat":"repeat","background-position":"center center","background-size":"auto","background-attachment":"scroll","background-type":"","background-media":"","overlay-type":"","overlay-color":"","overlay-opacity":"","overlay-gradient":""}}},"product_brand":[],"product_cat":[30],"product_tag":[],"class_list":{"0":"post-22896","1":"product","2":"type-product","3":"status-publish","4":"has-post-thumbnail","6":"product_cat-psichologija-ir-saviugda","7":"desktop-align-left","8":"tablet-align-left","9":"mobile-align-left","11":"first","12":"instock","13":"shipping-taxable","14":"purchasable","15":"product-type-simple"},"acf":[],"yoast_head":"<!-- This site is optimized with the Yoast SEO plugin v27.0 - https:\/\/yoast.com\/product\/yoast-seo-wordpress\/ -->\n<title>Pakilk ir prabilk!<\/title>\n<meta name=\"description\" content=\"Tapkite puikiu oratoriumi, kokiu visada nor\u0117jote b\u016bti! Visi i\u0161 karto atpa\u017e\u012fstame puik\u0173 oratori\u0173, kai tik tok\u012f i\u0161girstame. Atrodo, kad toks \u017emogus turi\" \/>\n<meta name=\"robots\" content=\"index, follow, max-snippet:-1, max-image-preview:large, max-video-preview:-1\" \/>\n<link rel=\"canonical\" href=\"https:\/\/skaitytaknyga.lt\/en\/produktas\/pakilk-ir-prabilk\/\" \/>\n<meta property=\"og:locale\" content=\"en_GB\" \/>\n<meta property=\"og:locale:alternate\" content=\"lt_LT\" \/>\n<meta property=\"og:type\" content=\"article\" \/>\n<meta property=\"og:title\" content=\"Pakilk ir prabilk!\" \/>\n<meta property=\"og:description\" content=\"Tapkite puikiu oratoriumi, kokiu visada nor\u0117jote b\u016bti! Visi i\u0161 karto atpa\u017e\u012fstame puik\u0173 oratori\u0173, kai tik tok\u012f i\u0161girstame. Atrodo, kad toks \u017emogus turi\" \/>\n<meta property=\"og:url\" content=\"https:\/\/skaitytaknyga.lt\/en\/produktas\/pakilk-ir-prabilk\/\" \/>\n<meta property=\"og:site_name\" content=\"Skaitytaknyga\" \/>\n<meta property=\"article:publisher\" content=\"https:\/\/www.facebook.com\/skaitytaknyga\/\" \/>\n<meta property=\"article:modified_time\" content=\"2026-01-30T15:32:00+00:00\" \/>\n<meta property=\"og:image\" content=\"https:\/\/skaitytaknyga.lt\/wp-content\/uploads\/2026\/01\/Pakilk-ir-prabilk-1.webp\" \/>\n\t<meta property=\"og:image:width\" content=\"300\" \/>\n\t<meta property=\"og:image:height\" content=\"462\" \/>\n\t<meta property=\"og:image:type\" content=\"image\/webp\" \/>\n<meta name=\"twitter:card\" content=\"summary_large_image\" \/>\n<meta name=\"twitter:label1\" content=\"Estimated reading time\" \/>\n\t<meta name=\"twitter:data1\" content=\"1 minute\" \/>\n<script type=\"application\/ld+json\" class=\"yoast-schema-graph\">{\"@context\":\"https:\/\/schema.org\",\"@graph\":[{\"@type\":\"WebPage\",\"@id\":\"https:\/\/skaitytaknyga.lt\/produktas\/pakilk-ir-prabilk\/\",\"url\":\"https:\/\/skaitytaknyga.lt\/produktas\/pakilk-ir-prabilk\/\",\"name\":\"Pakilk ir prabilk!\",\"isPartOf\":{\"@id\":\"https:\/\/skaitytaknyga.lt\/#website\"},\"primaryImageOfPage\":{\"@id\":\"https:\/\/skaitytaknyga.lt\/produktas\/pakilk-ir-prabilk\/#primaryimage\"},\"image\":{\"@id\":\"https:\/\/skaitytaknyga.lt\/produktas\/pakilk-ir-prabilk\/#primaryimage\"},\"thumbnailUrl\":\"https:\/\/skaitytaknyga.lt\/wp-content\/uploads\/2026\/01\/Pakilk-ir-prabilk-1.webp\",\"datePublished\":\"2026-01-30T15:11:29+00:00\",\"dateModified\":\"2026-01-30T15:32:00+00:00\",\"description\":\"Tapkite puikiu oratoriumi, kokiu visada nor\u0117jote b\u016bti! Visi i\u0161 karto atpa\u017e\u012fstame puik\u0173 oratori\u0173, kai tik tok\u012f i\u0161girstame. Atrodo, kad toks \u017emogus turi\",\"breadcrumb\":{\"@id\":\"https:\/\/skaitytaknyga.lt\/produktas\/pakilk-ir-prabilk\/#breadcrumb\"},\"inLanguage\":\"en-GB\",\"potentialAction\":[{\"@type\":\"ReadAction\",\"target\":[\"https:\/\/skaitytaknyga.lt\/produktas\/pakilk-ir-prabilk\/\"]}]},{\"@type\":\"ImageObject\",\"inLanguage\":\"en-GB\",\"@id\":\"https:\/\/skaitytaknyga.lt\/produktas\/pakilk-ir-prabilk\/#primaryimage\",\"url\":\"https:\/\/skaitytaknyga.lt\/wp-content\/uploads\/2026\/01\/Pakilk-ir-prabilk-1.webp\",\"contentUrl\":\"https:\/\/skaitytaknyga.lt\/wp-content\/uploads\/2026\/01\/Pakilk-ir-prabilk-1.webp\",\"width\":300,\"height\":462,\"caption\":\"Pakilk ir prabilk!\"},{\"@type\":\"BreadcrumbList\",\"@id\":\"https:\/\/skaitytaknyga.lt\/produktas\/pakilk-ir-prabilk\/#breadcrumb\",\"itemListElement\":[{\"@type\":\"ListItem\",\"position\":1,\"name\":\"Home\",\"item\":\"https:\/\/skaitytaknyga.lt\/\"},{\"@type\":\"ListItem\",\"position\":2,\"name\":\"Parduotuv\u0117\",\"item\":\"https:\/\/skaitytaknyga.lt\/knygu-parduotuve\/\"},{\"@type\":\"ListItem\",\"position\":3,\"name\":\"Pakilk ir prabilk!\"}]},{\"@type\":\"WebSite\",\"@id\":\"https:\/\/skaitytaknyga.lt\/#website\",\"url\":\"https:\/\/skaitytaknyga.lt\/\",\"name\":\"skaitytaknyga.lt\",\"description\":\"Skaitytaknyga.lt \u2013 tai ma\u017eas \u0161eimos verslas, kuris prasid\u0117jo nuo meil\u0117s knygoms ir siekio i\u0161gelb\u0117ti knygas nuo likimo prie konteinerio. Kas vienam nereikalingas daiktas \u2013 kitam lobis, o mes esame tarpininkai, kurie padeda abiems tapti laimingesniems ???? \u017dinome kaip nelengva i\u0161gyventi ma\u017eiems verslams, tad nuo \u0161iol, \u010dia rasite ir kit\u0173, ma\u017e\u0173 \u0161eim\u0173 versl\u0173, rank\u0173 darbo, dovan\u0173 sau ir artimiesiems.\",\"publisher\":{\"@id\":\"https:\/\/skaitytaknyga.lt\/#organization\"},\"potentialAction\":[{\"@type\":\"SearchAction\",\"target\":{\"@type\":\"EntryPoint\",\"urlTemplate\":\"https:\/\/skaitytaknyga.lt\/?s={search_term_string}\"},\"query-input\":{\"@type\":\"PropertyValueSpecification\",\"valueRequired\":true,\"valueName\":\"search_term_string\"}}],\"inLanguage\":\"en-GB\"},{\"@type\":\"Organization\",\"@id\":\"https:\/\/skaitytaknyga.lt\/#organization\",\"name\":\"skaitytaknyga.lt\",\"url\":\"https:\/\/skaitytaknyga.lt\/\",\"logo\":{\"@type\":\"ImageObject\",\"inLanguage\":\"en-GB\",\"@id\":\"https:\/\/skaitytaknyga.lt\/#\/schema\/logo\/image\/\",\"url\":\"https:\/\/skaitytaknyga.lt\/wp-content\/uploads\/2024\/05\/cropped-cropped-cropped-02_00843_jt3bggkj1j3HLc7SyY6rEUpg.jpeg\",\"contentUrl\":\"https:\/\/skaitytaknyga.lt\/wp-content\/uploads\/2024\/05\/cropped-cropped-cropped-02_00843_jt3bggkj1j3HLc7SyY6rEUpg.jpeg\",\"width\":1600,\"height\":1600,\"caption\":\"skaitytaknyga.lt\"},\"image\":{\"@id\":\"https:\/\/skaitytaknyga.lt\/#\/schema\/logo\/image\/\"},\"sameAs\":[\"https:\/\/www.facebook.com\/skaitytaknyga\/\"]}]}<\/script>\n<!-- \/ Yoast SEO plugin. -->","yoast_head_json":{"title":"Pakilk ir prabilk!","description":"Tapkite puikiu oratoriumi, kokiu visada nor\u0117jote b\u016bti! Visi i\u0161 karto atpa\u017e\u012fstame puik\u0173 oratori\u0173, kai tik tok\u012f i\u0161girstame. Atrodo, kad toks \u017emogus turi","robots":{"index":"index","follow":"follow","max-snippet":"max-snippet:-1","max-image-preview":"max-image-preview:large","max-video-preview":"max-video-preview:-1"},"canonical":"https:\/\/skaitytaknyga.lt\/en\/produktas\/pakilk-ir-prabilk\/","og_locale":"en_GB","og_type":"article","og_title":"[:lt]Pakilk ir prabilk![:] - Skaitytaknyga","og_description":"Tapkite puikiu oratoriumi, kokiu visada nor\u0117jote b\u016bti! Visi i\u0161 karto atpa\u017e\u012fstame puik\u0173 oratori\u0173, kai tik tok\u012f i\u0161girstame. Atrodo, kad toks \u017emogus turi","og_url":"https:\/\/skaitytaknyga.lt\/en\/produktas\/pakilk-ir-prabilk\/","og_site_name":"Skaitytaknyga","article_publisher":"https:\/\/www.facebook.com\/skaitytaknyga\/","article_modified_time":"2026-01-30T15:32:00+00:00","og_image":[{"width":300,"height":462,"url":"https:\/\/skaitytaknyga.lt\/wp-content\/uploads\/2026\/01\/Pakilk-ir-prabilk-1.webp","type":"image\/webp"}],"twitter_card":"summary_large_image","twitter_misc":{"Estimated reading time":"1 minute"},"schema":{"@context":"https:\/\/schema.org","@graph":[{"@type":"WebPage","@id":"https:\/\/skaitytaknyga.lt\/produktas\/pakilk-ir-prabilk\/","url":"https:\/\/skaitytaknyga.lt\/produktas\/pakilk-ir-prabilk\/","name":"Pakilk ir prabilk!","isPartOf":{"@id":"https:\/\/skaitytaknyga.lt\/#website"},"primaryImageOfPage":{"@id":"https:\/\/skaitytaknyga.lt\/produktas\/pakilk-ir-prabilk\/#primaryimage"},"image":{"@id":"https:\/\/skaitytaknyga.lt\/produktas\/pakilk-ir-prabilk\/#primaryimage"},"thumbnailUrl":"https:\/\/skaitytaknyga.lt\/wp-content\/uploads\/2026\/01\/Pakilk-ir-prabilk-1.webp","datePublished":"2026-01-30T15:11:29+00:00","dateModified":"2026-01-30T15:32:00+00:00","description":"Tapkite puikiu oratoriumi, kokiu visada nor\u0117jote b\u016bti! Visi i\u0161 karto atpa\u017e\u012fstame puik\u0173 oratori\u0173, kai tik tok\u012f i\u0161girstame. Atrodo, kad toks \u017emogus turi","breadcrumb":{"@id":"https:\/\/skaitytaknyga.lt\/produktas\/pakilk-ir-prabilk\/#breadcrumb"},"inLanguage":"en-GB","potentialAction":[{"@type":"ReadAction","target":["https:\/\/skaitytaknyga.lt\/produktas\/pakilk-ir-prabilk\/"]}]},{"@type":"ImageObject","inLanguage":"en-GB","@id":"https:\/\/skaitytaknyga.lt\/produktas\/pakilk-ir-prabilk\/#primaryimage","url":"https:\/\/skaitytaknyga.lt\/wp-content\/uploads\/2026\/01\/Pakilk-ir-prabilk-1.webp","contentUrl":"https:\/\/skaitytaknyga.lt\/wp-content\/uploads\/2026\/01\/Pakilk-ir-prabilk-1.webp","width":300,"height":462,"caption":"Pakilk ir prabilk!"},{"@type":"BreadcrumbList","@id":"https:\/\/skaitytaknyga.lt\/produktas\/pakilk-ir-prabilk\/#breadcrumb","itemListElement":[{"@type":"ListItem","position":1,"name":"Home","item":"https:\/\/skaitytaknyga.lt\/"},{"@type":"ListItem","position":2,"name":"Parduotuv\u0117","item":"https:\/\/skaitytaknyga.lt\/knygu-parduotuve\/"},{"@type":"ListItem","position":3,"name":"Pakilk ir prabilk!"}]},{"@type":"WebSite","@id":"https:\/\/skaitytaknyga.lt\/#website","url":"https:\/\/skaitytaknyga.lt\/","name":"skaitytaknyga.lt","description":"Skaitytaknyga.lt \u2013 tai ma\u017eas \u0161eimos verslas, kuris prasid\u0117jo nuo meil\u0117s knygoms ir siekio i\u0161gelb\u0117ti knygas nuo likimo prie konteinerio. Kas vienam nereikalingas daiktas \u2013 kitam lobis, o mes esame tarpininkai, kurie padeda abiems tapti laimingesniems ???? \u017dinome kaip nelengva i\u0161gyventi ma\u017eiems verslams, tad nuo \u0161iol, \u010dia rasite ir kit\u0173, ma\u017e\u0173 \u0161eim\u0173 versl\u0173, rank\u0173 darbo, dovan\u0173 sau ir artimiesiems.","publisher":{"@id":"https:\/\/skaitytaknyga.lt\/#organization"},"potentialAction":[{"@type":"SearchAction","target":{"@type":"EntryPoint","urlTemplate":"https:\/\/skaitytaknyga.lt\/?s={search_term_string}"},"query-input":{"@type":"PropertyValueSpecification","valueRequired":true,"valueName":"search_term_string"}}],"inLanguage":"en-GB"},{"@type":"Organization","@id":"https:\/\/skaitytaknyga.lt\/#organization","name":"skaitytaknyga.lt","url":"https:\/\/skaitytaknyga.lt\/","logo":{"@type":"ImageObject","inLanguage":"en-GB","@id":"https:\/\/skaitytaknyga.lt\/#\/schema\/logo\/image\/","url":"https:\/\/skaitytaknyga.lt\/wp-content\/uploads\/2024\/05\/cropped-cropped-cropped-02_00843_jt3bggkj1j3HLc7SyY6rEUpg.jpeg","contentUrl":"https:\/\/skaitytaknyga.lt\/wp-content\/uploads\/2024\/05\/cropped-cropped-cropped-02_00843_jt3bggkj1j3HLc7SyY6rEUpg.jpeg","width":1600,"height":1600,"caption":"skaitytaknyga.lt"},"image":{"@id":"https:\/\/skaitytaknyga.lt\/#\/schema\/logo\/image\/"},"sameAs":["https:\/\/www.facebook.com\/skaitytaknyga\/"]}]}},"_links":{"self":[{"href":"https:\/\/skaitytaknyga.lt\/en\/wp-json\/wp\/v2\/product\/22896","targetHints":{"allow":["GET"]}}],"collection":[{"href":"https:\/\/skaitytaknyga.lt\/en\/wp-json\/wp\/v2\/product"}],"about":[{"href":"https:\/\/skaitytaknyga.lt\/en\/wp-json\/wp\/v2\/types\/product"}],"replies":[{"embeddable":true,"href":"https:\/\/skaitytaknyga.lt\/en\/wp-json\/wp\/v2\/comments?post=22896"}],"wp:featuredmedia":[{"embeddable":true,"href":"https:\/\/skaitytaknyga.lt\/en\/wp-json\/wp\/v2\/media\/22902"}],"wp:attachment":[{"href":"https:\/\/skaitytaknyga.lt\/en\/wp-json\/wp\/v2\/media?parent=22896"}],"wp:term":[{"taxonomy":"product_brand","embeddable":true,"href":"https:\/\/skaitytaknyga.lt\/en\/wp-json\/wp\/v2\/product_brand?post=22896"},{"taxonomy":"product_cat","embeddable":true,"href":"https:\/\/skaitytaknyga.lt\/en\/wp-json\/wp\/v2\/product_cat?post=22896"},{"taxonomy":"product_tag","embeddable":true,"href":"https:\/\/skaitytaknyga.lt\/en\/wp-json\/wp\/v2\/product_tag?post=22896"}],"curies":[{"name":"wp","href":"https:\/\/api.w.org\/{rel}","templated":true}]}}